{"id":16574,"date":"2020-03-19T18:30:02","date_gmt":"2020-03-19T17:30:02","guid":{"rendered":"https:\/\/www.antderground.com\/somos-tu-tienda-de-hormigueros\/"},"modified":"2021-11-19T13:05:27","modified_gmt":"2021-11-19T12:05:27","slug":"som-la-teva-botiga-de-formiguers","status":"publish","type":"page","link":"https:\/\/antderground.com\/ca\/som-la-teva-botiga-de-formiguers\/","title":{"rendered":"Som la teva botiga de formiguers"},"content":{"rendered":"\n<p> Som la teva botiga de formiguers Antderground, nascuda de la il\u00b7lusi\u00f3 d&#8217;un nen de 5 anys: el meu fill petit Marc. <\/p>\n\n\n\n<p>Tots dos som entusiastes de la natura i els animals, i com no tamb\u00e9 de les <a href=\"https:\/\/antderground.com\/ca\/categoria-producte\/formigues\/\">formigues<\/a> ,aix\u00ed que decidim fer uns formiguers per donar a la seva escola, i aix\u00ed \u00e9s com va comen\u00e7ar tot. <\/p>\n\n\n\n<p>Aviat ens convertim en una empresa jove.<\/p>\n\n\n\n<p>Nascuda a Berga el maig del 2019 i amb noves i recents incorporacions a l&#8217;equip de treball.<\/p>\n\n\n\n<p>Tots els nostres productes s\u00f3n de&nbsp;fabricaci\u00f3&nbsp;pr\u00f2pia, per poder aix\u00ed intentar oferir els millors productes per a la cura de les formigues i fer dissenys personalitzats i adaptats a cada client.<\/p>\n\n\n\n<p><p> Disposem d&#8217;un grup de <a href=\"https:\/\/www.facebook.com\/groups\/antderground\">facebook<\/a> on tenim un contacte directe amb els clients i seguidors.<\/p> &gt;<\/p>\n\n\n\n<p>Et convidem a formar part del grup, on podr\u00e0s aportar les teves idees, publicar fotos de les teves col\u00f2nies, preguntar, resoldre dubtes i estar al cas de totes les novetats que anirem presentant.<\/p>\n\n\n\n<p>T&#8217;animem a entrar a formar part d&#8217;aquest curi\u00f3s i apassionant m\u00f3n que \u00e9s el m\u00f3n de les formigues.<\/p>\n\n\n\n<p>Des de&nbsp;Antderground&nbsp;esperem que tinguis una agradable experi\u00e8ncia i no dubtis a<a href=\"https:\/\/antderground.com\/ca\/contacte\/\"> contactar<\/a> amb nosaltres per a qualsevol dubte. <\/p>\n\n\n\n<p>Moltes gr\u00e0cies:<\/p>\n\n\n\n<p> La teva botiga de formiguers&nbsp;<a href=\"https:\/\/www.youtube.com\/channel\/UCio72z7TlbufkAthAJIJfPw\">Antderground<\/a><\/p>\n","protected":false},"excerpt":{"rendered":"<p>Som la teva botiga de formiguers Antderground, nascuda de la il\u00b7lusi\u00f3 d&#8217;un nen de 5 anys: el meu fill petit<\/p>\n","protected":false},"author":1,"featured_media":16576,"parent":0,"menu_order":0,"comment_status":"closed","ping_status":"closed","template":"","meta":{"footnotes":""},"class_list":["post-16574","page","type-page","status-publish","has-post-thumbnail","hentry"],"yoast_head":"<!-- This site is optimized with the Yoast SEO plugin v27.4 - https:\/\/yoast.com\/product\/yoast-seo-wordpress\/ -->\n<title>La teva botiga de formiguers i formigues -ANTDERGROUND<\/title>\n<meta name=\"description\" content=\"Som una jove empresa de formiguers. Botiga de formiguers on-line. Formiguers de fabricaci\u00f3 pr\u00f2pia per als nostres clients.\" \/>\n<meta name=\"robots\" content=\"index, follow, max-snippet:-1, max-image-preview:large, max-video-preview:-1\" \/>\n<link rel=\"canonical\" href=\"https:\/\/antderground.com\/ca\/som-la-teva-botiga-de-formiguers\/\" \/>\n<meta property=\"og:locale\" content=\"ca_ES\" \/>\n<meta property=\"og:type\" content=\"article\" \/>\n<meta property=\"og:title\" content=\"La teva botiga de formiguers i formigues -ANTDERGROUND\" \/>\n<meta property=\"og:description\" content=\"Som una jove empresa de formiguers. Botiga de formiguers on-line. Formiguers de fabricaci\u00f3 pr\u00f2pia per als nostres clients.\" \/>\n<meta property=\"og:url\" content=\"https:\/\/antderground.com\/ca\/som-la-teva-botiga-de-formiguers\/\" \/>\n<meta property=\"og:site_name\" content=\"ANTDERGROUND\" \/>\n<meta property=\"article:modified_time\" content=\"2021-11-19T12:05:27+00:00\" \/>\n<meta property=\"og:image\" content=\"https:\/\/antderground.com\/wp-content\/uploads\/2019\/05\/WhatsApp-Image-2019-05-07-at-7.25.58-PM.jpeg\" \/>\n\t<meta property=\"og:image:width\" content=\"1266\" \/>\n\t<meta property=\"og:image:height\" content=\"674\" \/>\n\t<meta property=\"og:image:type\" content=\"image\/jpeg\" \/>\n<meta name=\"twitter:card\" content=\"summary_large_image\" \/>\n<meta name=\"twitter:label1\" content=\"Temps estimat de lectura\" \/>\n\t<meta name=\"twitter:data1\" content=\"1 minut\" \/>\n<script type=\"application\/ld+json\" class=\"yoast-schema-graph\">{\"@context\":\"https:\\\/\\\/schema.org\",\"@graph\":[{\"@type\":\"WebPage\",\"@id\":\"https:\\\/\\\/antderground.com\\\/ca\\\/som-la-teva-botiga-de-formiguers\\\/\",\"url\":\"https:\\\/\\\/antderground.com\\\/ca\\\/som-la-teva-botiga-de-formiguers\\\/\",\"name\":\"La teva botiga de formiguers i formigues -ANTDERGROUND\",\"isPartOf\":{\"@id\":\"https:\\\/\\\/antderground.com\\\/ca\\\/#website\"},\"primaryImageOfPage\":{\"@id\":\"https:\\\/\\\/antderground.com\\\/ca\\\/som-la-teva-botiga-de-formiguers\\\/#primaryimage\"},\"image\":{\"@id\":\"https:\\\/\\\/antderground.com\\\/ca\\\/som-la-teva-botiga-de-formiguers\\\/#primaryimage\"},\"thumbnailUrl\":\"https:\\\/\\\/antderground.com\\\/wp-content\\\/uploads\\\/2019\\\/05\\\/WhatsApp-Image-2019-05-07-at-7.25.58-PM.jpeg\",\"datePublished\":\"2020-03-19T17:30:02+00:00\",\"dateModified\":\"2021-11-19T12:05:27+00:00\",\"description\":\"Som una jove empresa de formiguers. Botiga de formiguers on-line. Formiguers de fabricaci\u00f3 pr\u00f2pia per als nostres clients.\",\"breadcrumb\":{\"@id\":\"https:\\\/\\\/antderground.com\\\/ca\\\/som-la-teva-botiga-de-formiguers\\\/#breadcrumb\"},\"inLanguage\":\"ca\",\"potentialAction\":[{\"@type\":\"ReadAction\",\"target\":[\"https:\\\/\\\/antderground.com\\\/ca\\\/som-la-teva-botiga-de-formiguers\\\/\"]}]},{\"@type\":\"ImageObject\",\"inLanguage\":\"ca\",\"@id\":\"https:\\\/\\\/antderground.com\\\/ca\\\/som-la-teva-botiga-de-formiguers\\\/#primaryimage\",\"url\":\"https:\\\/\\\/antderground.com\\\/wp-content\\\/uploads\\\/2019\\\/05\\\/WhatsApp-Image-2019-05-07-at-7.25.58-PM.jpeg\",\"contentUrl\":\"https:\\\/\\\/antderground.com\\\/wp-content\\\/uploads\\\/2019\\\/05\\\/WhatsApp-Image-2019-05-07-at-7.25.58-PM.jpeg\",\"width\":1266,\"height\":674,\"caption\":\"somos tu tienda de hormigueros\"},{\"@type\":\"BreadcrumbList\",\"@id\":\"https:\\\/\\\/antderground.com\\\/ca\\\/som-la-teva-botiga-de-formiguers\\\/#breadcrumb\",\"itemListElement\":[{\"@type\":\"ListItem\",\"position\":1,\"name\":\"Portada\",\"item\":\"https:\\\/\\\/antderground.com\\\/ca\\\/\"},{\"@type\":\"ListItem\",\"position\":2,\"name\":\"Som la teva botiga de formiguers\"}]},{\"@type\":\"WebSite\",\"@id\":\"https:\\\/\\\/antderground.com\\\/ca\\\/#website\",\"url\":\"https:\\\/\\\/antderground.com\\\/ca\\\/\",\"name\":\"ANTDERGROUND\",\"description\":\"Tu tienda de hormigas, gran variedad de hormigueros acr\u00edlicos,madera,arena,3D y mas.. Pide tus hormigas gratis con tu pedido, somos expertos en hormigueros antifugas.\",\"publisher\":{\"@id\":\"https:\\\/\\\/antderground.com\\\/ca\\\/#\\\/schema\\\/person\\\/0e322c505e84fe72c65e2f6d08f96b81\"},\"alternateName\":\"Antderground\",\"potentialAction\":[{\"@type\":\"SearchAction\",\"target\":{\"@type\":\"EntryPoint\",\"urlTemplate\":\"https:\\\/\\\/antderground.com\\\/ca\\\/?s={search_term_string}\"},\"query-input\":{\"@type\":\"PropertyValueSpecification\",\"valueRequired\":true,\"valueName\":\"search_term_string\"}}],\"inLanguage\":\"ca\"},{\"@type\":[\"Person\",\"Organization\"],\"@id\":\"https:\\\/\\\/antderground.com\\\/ca\\\/#\\\/schema\\\/person\\\/0e322c505e84fe72c65e2f6d08f96b81\",\"name\":\"Eric de Antderground\",\"image\":{\"@type\":\"ImageObject\",\"inLanguage\":\"ca\",\"@id\":\"https:\\\/\\\/secure.gravatar.com\\\/avatar\\\/c49a1b9f79216d1498cb73c1e85cd47f4465dda35f2a94c03790d491bd4423c3?s=96&d=mm&r=g\",\"url\":\"https:\\\/\\\/secure.gravatar.com\\\/avatar\\\/c49a1b9f79216d1498cb73c1e85cd47f4465dda35f2a94c03790d491bd4423c3?s=96&d=mm&r=g\",\"contentUrl\":\"https:\\\/\\\/secure.gravatar.com\\\/avatar\\\/c49a1b9f79216d1498cb73c1e85cd47f4465dda35f2a94c03790d491bd4423c3?s=96&d=mm&r=g\",\"caption\":\"Eric de Antderground\"},\"logo\":{\"@id\":\"https:\\\/\\\/secure.gravatar.com\\\/avatar\\\/c49a1b9f79216d1498cb73c1e85cd47f4465dda35f2a94c03790d491bd4423c3?s=96&d=mm&r=g\"},\"description\":\"Eric es el especialista y fundador de Antderground, con una amplia trayectoria en artr\u00f3podos y enfocado en la mirmecolog\u00eda y el dise\u00f1o de hormigueros artificiales. Su enfoque combina la innovaci\u00f3n t\u00e9cnica con el respeto por la biolog\u00eda de las hormigas, is\u00f3podos y otros, desarrollando sistemas de nidos modulares 3D y acr\u00edlicos que son referentes para aficionados y profesionales en toda Europa. Su objetivo es facilitar la cr\u00eda de hormigas y otros artr\u00f3podos mediante soluciones seguras y divulgaci\u00f3n de calidad.\",\"sameAs\":[\"https:\\\/\\\/antderground.com\\\/\",\"https:\\\/\\\/www.youtube.com\\\/channel\\\/UCio72z7TlbufkAthAJIJfPw\"]}]}<\/script>\n<!-- \/ Yoast SEO plugin. -->","yoast_head_json":{"title":"La teva botiga de formiguers i formigues -ANTDERGROUND","description":"Som una jove empresa de formiguers. Botiga de formiguers on-line. Formiguers de fabricaci\u00f3 pr\u00f2pia per als nostres clients.","robots":{"index":"index","follow":"follow","max-snippet":"max-snippet:-1","max-image-preview":"max-image-preview:large","max-video-preview":"max-video-preview:-1"},"canonical":"https:\/\/antderground.com\/ca\/som-la-teva-botiga-de-formiguers\/","og_locale":"ca_ES","og_type":"article","og_title":"La teva botiga de formiguers i formigues -ANTDERGROUND","og_description":"Som una jove empresa de formiguers. Botiga de formiguers on-line. Formiguers de fabricaci\u00f3 pr\u00f2pia per als nostres clients.","og_url":"https:\/\/antderground.com\/ca\/som-la-teva-botiga-de-formiguers\/","og_site_name":"ANTDERGROUND","article_modified_time":"2021-11-19T12:05:27+00:00","og_image":[{"width":1266,"height":674,"url":"https:\/\/antderground.com\/wp-content\/uploads\/2019\/05\/WhatsApp-Image-2019-05-07-at-7.25.58-PM.jpeg","type":"image\/jpeg"}],"twitter_card":"summary_large_image","twitter_misc":{"Temps estimat de lectura":"1 minut"},"schema":{"@context":"https:\/\/schema.org","@graph":[{"@type":"WebPage","@id":"https:\/\/antderground.com\/ca\/som-la-teva-botiga-de-formiguers\/","url":"https:\/\/antderground.com\/ca\/som-la-teva-botiga-de-formiguers\/","name":"La teva botiga de formiguers i formigues -ANTDERGROUND","isPartOf":{"@id":"https:\/\/antderground.com\/ca\/#website"},"primaryImageOfPage":{"@id":"https:\/\/antderground.com\/ca\/som-la-teva-botiga-de-formiguers\/#primaryimage"},"image":{"@id":"https:\/\/antderground.com\/ca\/som-la-teva-botiga-de-formiguers\/#primaryimage"},"thumbnailUrl":"https:\/\/antderground.com\/wp-content\/uploads\/2019\/05\/WhatsApp-Image-2019-05-07-at-7.25.58-PM.jpeg","datePublished":"2020-03-19T17:30:02+00:00","dateModified":"2021-11-19T12:05:27+00:00","description":"Som una jove empresa de formiguers. Botiga de formiguers on-line. Formiguers de fabricaci\u00f3 pr\u00f2pia per als nostres clients.","breadcrumb":{"@id":"https:\/\/antderground.com\/ca\/som-la-teva-botiga-de-formiguers\/#breadcrumb"},"inLanguage":"ca","potentialAction":[{"@type":"ReadAction","target":["https:\/\/antderground.com\/ca\/som-la-teva-botiga-de-formiguers\/"]}]},{"@type":"ImageObject","inLanguage":"ca","@id":"https:\/\/antderground.com\/ca\/som-la-teva-botiga-de-formiguers\/#primaryimage","url":"https:\/\/antderground.com\/wp-content\/uploads\/2019\/05\/WhatsApp-Image-2019-05-07-at-7.25.58-PM.jpeg","contentUrl":"https:\/\/antderground.com\/wp-content\/uploads\/2019\/05\/WhatsApp-Image-2019-05-07-at-7.25.58-PM.jpeg","width":1266,"height":674,"caption":"somos tu tienda de hormigueros"},{"@type":"BreadcrumbList","@id":"https:\/\/antderground.com\/ca\/som-la-teva-botiga-de-formiguers\/#breadcrumb","itemListElement":[{"@type":"ListItem","position":1,"name":"Portada","item":"https:\/\/antderground.com\/ca\/"},{"@type":"ListItem","position":2,"name":"Som la teva botiga de formiguers"}]},{"@type":"WebSite","@id":"https:\/\/antderground.com\/ca\/#website","url":"https:\/\/antderground.com\/ca\/","name":"ANTDERGROUND","description":"Tu tienda de hormigas, gran variedad de hormigueros acr\u00edlicos,madera,arena,3D y mas.. Pide tus hormigas gratis con tu pedido, somos expertos en hormigueros antifugas.","publisher":{"@id":"https:\/\/antderground.com\/ca\/#\/schema\/person\/0e322c505e84fe72c65e2f6d08f96b81"},"alternateName":"Antderground","potentialAction":[{"@type":"SearchAction","target":{"@type":"EntryPoint","urlTemplate":"https:\/\/antderground.com\/ca\/?s={search_term_string}"},"query-input":{"@type":"PropertyValueSpecification","valueRequired":true,"valueName":"search_term_string"}}],"inLanguage":"ca"},{"@type":["Person","Organization"],"@id":"https:\/\/antderground.com\/ca\/#\/schema\/person\/0e322c505e84fe72c65e2f6d08f96b81","name":"Eric de Antderground","image":{"@type":"ImageObject","inLanguage":"ca","@id":"https:\/\/secure.gravatar.com\/avatar\/c49a1b9f79216d1498cb73c1e85cd47f4465dda35f2a94c03790d491bd4423c3?s=96&d=mm&r=g","url":"https:\/\/secure.gravatar.com\/avatar\/c49a1b9f79216d1498cb73c1e85cd47f4465dda35f2a94c03790d491bd4423c3?s=96&d=mm&r=g","contentUrl":"https:\/\/secure.gravatar.com\/avatar\/c49a1b9f79216d1498cb73c1e85cd47f4465dda35f2a94c03790d491bd4423c3?s=96&d=mm&r=g","caption":"Eric de Antderground"},"logo":{"@id":"https:\/\/secure.gravatar.com\/avatar\/c49a1b9f79216d1498cb73c1e85cd47f4465dda35f2a94c03790d491bd4423c3?s=96&d=mm&r=g"},"description":"Eric es el especialista y fundador de Antderground, con una amplia trayectoria en artr\u00f3podos y enfocado en la mirmecolog\u00eda y el dise\u00f1o de hormigueros artificiales. Su enfoque combina la innovaci\u00f3n t\u00e9cnica con el respeto por la biolog\u00eda de las hormigas, is\u00f3podos y otros, desarrollando sistemas de nidos modulares 3D y acr\u00edlicos que son referentes para aficionados y profesionales en toda Europa. Su objetivo es facilitar la cr\u00eda de hormigas y otros artr\u00f3podos mediante soluciones seguras y divulgaci\u00f3n de calidad.","sameAs":["https:\/\/antderground.com\/","https:\/\/www.youtube.com\/channel\/UCio72z7TlbufkAthAJIJfPw"]}]}},"_links":{"self":[{"href":"https:\/\/antderground.com\/ca\/wp-json\/wp\/v2\/pages\/16574","targetHints":{"allow":["GET"]}}],"collection":[{"href":"https:\/\/antderground.com\/ca\/wp-json\/wp\/v2\/pages"}],"about":[{"href":"https:\/\/antderground.com\/ca\/wp-json\/wp\/v2\/types\/page"}],"author":[{"embeddable":true,"href":"https:\/\/antderground.com\/ca\/wp-json\/wp\/v2\/users\/1"}],"replies":[{"embeddable":true,"href":"https:\/\/antderground.com\/ca\/wp-json\/wp\/v2\/comments?post=16574"}],"version-history":[{"count":0,"href":"https:\/\/antderground.com\/ca\/wp-json\/wp\/v2\/pages\/16574\/revisions"}],"wp:featuredmedia":[{"embeddable":true,"href":"https:\/\/antderground.com\/ca\/wp-json\/wp\/v2\/media\/16576"}],"wp:attachment":[{"href":"https:\/\/antderground.com\/ca\/wp-json\/wp\/v2\/media?parent=16574"}],"curies":[{"name":"wp","href":"https:\/\/api.w.org\/{rel}","templated":true}]}}