{"id":8421,"date":"2019-06-16T08:35:11","date_gmt":"2019-06-16T06:35:11","guid":{"rendered":"https:\/\/www.antderground.com\/politica-de-privacidad\/"},"modified":"2021-05-19T17:26:20","modified_gmt":"2021-05-19T15:26:20","slug":"politiques-de-privacitat","status":"publish","type":"page","link":"https:\/\/antderground.com\/ca\/politiques-de-privacitat\/","title":{"rendered":"Politiques de privacitat"},"content":{"rendered":"<p><strong>INTRODUCCI\u00d3<\/strong><\/p>\n<p>En ANTDERGROUND, sensibilitzats amb les necessitats dels usuaris d&#8217;Internet i conscients de la import\u00e0ncia de la rigorosa privacitat de la informaci\u00f3 personal que ens confien, vam incloure aquesta declaraci\u00f3 de privacitat amb l&#8217;objecte que siguis conscient de la pol\u00edtica en el tractament de les dades personals que obt\u00e9 dels seus visitants i usuaris.<\/p>\n<p>Com a usuari, acceptes aquestes condicions pel sol fet de llegir, visualitzar o navegar en el lloc. Si no acceptar-les, has d&#8217;abandonar el lloc, sense fer cap \u00fas d&#8217;ell i el seu contingut, i sense accedir a les p\u00e0gines enlla\u00e7ades.<\/p>\n<p><strong>RESPONSABLE DEL TRACTAMENT DE DADES<\/strong><\/p>\n<p>El titular d&#8217;el lloc i responsable del tractament de dades \u00e9s ERIC LOPEZ FERNANDEZ, amb DNI 77745286-L, per contactar pots utilitzar l&#8217;adre\u00e7a de correu electr\u00f2nic antderground@gmail.com o correu postal a Carretera de Berga 15, codi postal 08611 de Cal Rosal, Espanya &#8211; Barcelona.<\/p>\n<p><strong>FINALITAT DEL TRACTAMENT DE DADES<\/strong><\/p>\n<p>En els nostres llocs web, hi ha uns apartats espec\u00edfics on pots anotar les teves dades per rebre informaci\u00f3 sobre actualitzacions del nostre web i d&#8217;alguns dels programes que es distribueixen. Nosaltres et assegurem que la informaci\u00f3 que ens facilitis ser\u00e0 gestionada de forma totalment confidencial.<\/p>\n<p>Formulari de contacte: Mantenir el contacte amb tu o altres accions obligat\u00f2ries.<\/p>\n<p>Les dades s&#8217;emmagatzemaran mentre existeixi previsi\u00f3 del seu \u00fas per a la fi per al qual van ser recollides.<\/p>\n<p>No es fan preses de decisions automatitzades amb les teves dades.<\/p>\n<p>El web pot utilitzar cookies, consulta la nostra pol\u00edtica de cookies.<\/p>\n<p><strong>LEGITIMACI\u00d3 DEL TRACTAMENT DE DADES<\/strong><\/p>\n<p>L&#8217;\u00fas de les teves dades es realitza perqu\u00e8 ens dones el teu consentiment per utilitzar els que ens proporciones en els formularis per a un \u00fas espec\u00edfic que s&#8217;indica en cada un d&#8217;ells. Les teves dades nom\u00e9s s\u00f3n necessaris per als usos concrets pels que se&#8217;t demanen, si no ens els facilites, aquests serveis no s\u00f3n possibles.<\/p>\n<p><strong>TRANSFER\u00c8NCIES I CESSIONS DE DADES<\/strong><\/p>\n<p>Hi ha un comprom\u00eds ferm per la nostra part de que les dades que proporcioni a ANTDERGROUND, no seran venudes ni cedides a terceres persones sense el previ consentiment de l&#8217;interessat en cap concepte o circumst\u00e0ncia, excepte consentiment expr\u00e9s o obligaci\u00f3 legal.<\/p>\n<p>El nostre lloc web cont\u00e9 enlla\u00e7os cap a llocs web de tercers. ANTDERGROUND no es fa responsable per les pol\u00edtiques i pr\u00e0ctiques de privacitat d&#8217;aquests altres llocs.<\/p>\n<p><strong>DRETS DELS INTERESSATS<\/strong><\/p>\n<p>Tens el dret d&#8217;accedir a la informaci\u00f3 que sobre la teva persona est\u00e0 emmagatzemada a les nostres bases de dades, rectificar-la si exist\u00eds alguna errada, suprimir-la, limitar-la, oposar-te al seu tractament i retirar el teu consentiment si aquest \u00e9s el teu desig. Per a aix\u00f2 simplement has d&#8217;escriure un correu electr\u00f2nic a l&#8217;adre\u00e7a de correu electr\u00f2nic antderground@gmail.com on t&#8217;atendrem per qualsevol consulta, comentari o aclariment requerida al respecte.<\/p>\n<p>Per a m\u00e9s informaci\u00f3 sobre temes relacionats, el lloc de refer\u00e8ncia a la Xarxa espanyola \u00e9s l&#8217;Ag\u00e8ncia de Protecci\u00f3 de Dades, on tens dret a reclamar.<\/p>\n","protected":false},"excerpt":{"rendered":"<p>INTRODUCCI\u00d3 En ANTDERGROUND, sensibilitzats amb les necessitats dels usuaris d&#8217;Internet i conscients de la import\u00e0ncia de la rigorosa privacitat de<\/p>\n","protected":false},"author":1,"featured_media":0,"parent":0,"menu_order":0,"comment_status":"closed","ping_status":"closed","template":"","meta":{"footnotes":""},"class_list":["post-8421","page","type-page","status-publish","hentry"],"yoast_head":"<!-- This site is optimized with the Yoast SEO plugin v27.4 - https:\/\/yoast.com\/product\/yoast-seo-wordpress\/ -->\n<title>Politiques de privacitat - ANTDERGROUND<\/title>\n<meta name=\"robots\" content=\"index, follow, max-snippet:-1, max-image-preview:large, max-video-preview:-1\" \/>\n<link rel=\"canonical\" href=\"https:\/\/antderground.com\/ca\/politiques-de-privacitat\/\" \/>\n<meta property=\"og:locale\" content=\"ca_ES\" \/>\n<meta property=\"og:type\" content=\"article\" \/>\n<meta property=\"og:title\" content=\"Politiques de privacitat - ANTDERGROUND\" \/>\n<meta property=\"og:description\" content=\"INTRODUCCI\u00d3 En ANTDERGROUND, sensibilitzats amb les necessitats dels usuaris d&#8217;Internet i conscients de la import\u00e0ncia de la rigorosa privacitat de\" \/>\n<meta property=\"og:url\" content=\"https:\/\/antderground.com\/ca\/politiques-de-privacitat\/\" \/>\n<meta property=\"og:site_name\" content=\"ANTDERGROUND\" \/>\n<meta property=\"article:modified_time\" content=\"2021-05-19T15:26:20+00:00\" \/>\n<meta name=\"twitter:card\" content=\"summary_large_image\" \/>\n<meta name=\"twitter:label1\" content=\"Temps estimat de lectura\" \/>\n\t<meta name=\"twitter:data1\" content=\"3 minuts\" \/>\n<script type=\"application\/ld+json\" class=\"yoast-schema-graph\">{\"@context\":\"https:\\\/\\\/schema.org\",\"@graph\":[{\"@type\":\"WebPage\",\"@id\":\"https:\\\/\\\/antderground.com\\\/ca\\\/politiques-de-privacitat\\\/\",\"url\":\"https:\\\/\\\/antderground.com\\\/ca\\\/politiques-de-privacitat\\\/\",\"name\":\"Politiques de privacitat - ANTDERGROUND\",\"isPartOf\":{\"@id\":\"https:\\\/\\\/antderground.com\\\/ca\\\/#website\"},\"datePublished\":\"2019-06-16T06:35:11+00:00\",\"dateModified\":\"2021-05-19T15:26:20+00:00\",\"breadcrumb\":{\"@id\":\"https:\\\/\\\/antderground.com\\\/ca\\\/politiques-de-privacitat\\\/#breadcrumb\"},\"inLanguage\":\"ca\",\"potentialAction\":[{\"@type\":\"ReadAction\",\"target\":[\"https:\\\/\\\/antderground.com\\\/ca\\\/politiques-de-privacitat\\\/\"]}]},{\"@type\":\"BreadcrumbList\",\"@id\":\"https:\\\/\\\/antderground.com\\\/ca\\\/politiques-de-privacitat\\\/#breadcrumb\",\"itemListElement\":[{\"@type\":\"ListItem\",\"position\":1,\"name\":\"Portada\",\"item\":\"https:\\\/\\\/antderground.com\\\/ca\\\/\"},{\"@type\":\"ListItem\",\"position\":2,\"name\":\"Politiques de privacitat\"}]},{\"@type\":\"WebSite\",\"@id\":\"https:\\\/\\\/antderground.com\\\/ca\\\/#website\",\"url\":\"https:\\\/\\\/antderground.com\\\/ca\\\/\",\"name\":\"ANTDERGROUND\",\"description\":\"Tu tienda de hormigas, gran variedad de hormigueros acr\u00edlicos,madera,arena,3D y mas.. Pide tus hormigas gratis con tu pedido, somos expertos en hormigueros antifugas.\",\"publisher\":{\"@id\":\"https:\\\/\\\/antderground.com\\\/ca\\\/#\\\/schema\\\/person\\\/0e322c505e84fe72c65e2f6d08f96b81\"},\"alternateName\":\"Antderground\",\"potentialAction\":[{\"@type\":\"SearchAction\",\"target\":{\"@type\":\"EntryPoint\",\"urlTemplate\":\"https:\\\/\\\/antderground.com\\\/ca\\\/?s={search_term_string}\"},\"query-input\":{\"@type\":\"PropertyValueSpecification\",\"valueRequired\":true,\"valueName\":\"search_term_string\"}}],\"inLanguage\":\"ca\"},{\"@type\":[\"Person\",\"Organization\"],\"@id\":\"https:\\\/\\\/antderground.com\\\/ca\\\/#\\\/schema\\\/person\\\/0e322c505e84fe72c65e2f6d08f96b81\",\"name\":\"Eric de Antderground\",\"image\":{\"@type\":\"ImageObject\",\"inLanguage\":\"ca\",\"@id\":\"https:\\\/\\\/secure.gravatar.com\\\/avatar\\\/c49a1b9f79216d1498cb73c1e85cd47f4465dda35f2a94c03790d491bd4423c3?s=96&d=mm&r=g\",\"url\":\"https:\\\/\\\/secure.gravatar.com\\\/avatar\\\/c49a1b9f79216d1498cb73c1e85cd47f4465dda35f2a94c03790d491bd4423c3?s=96&d=mm&r=g\",\"contentUrl\":\"https:\\\/\\\/secure.gravatar.com\\\/avatar\\\/c49a1b9f79216d1498cb73c1e85cd47f4465dda35f2a94c03790d491bd4423c3?s=96&d=mm&r=g\",\"caption\":\"Eric de Antderground\"},\"logo\":{\"@id\":\"https:\\\/\\\/secure.gravatar.com\\\/avatar\\\/c49a1b9f79216d1498cb73c1e85cd47f4465dda35f2a94c03790d491bd4423c3?s=96&d=mm&r=g\"},\"description\":\"Eric es el especialista y fundador de Antderground, con una amplia trayectoria en artr\u00f3podos y enfocado en la mirmecolog\u00eda y el dise\u00f1o de hormigueros artificiales. Su enfoque combina la innovaci\u00f3n t\u00e9cnica con el respeto por la biolog\u00eda de las hormigas, is\u00f3podos y otros, desarrollando sistemas de nidos modulares 3D y acr\u00edlicos que son referentes para aficionados y profesionales en toda Europa. Su objetivo es facilitar la cr\u00eda de hormigas y otros artr\u00f3podos mediante soluciones seguras y divulgaci\u00f3n de calidad.\",\"sameAs\":[\"https:\\\/\\\/antderground.com\\\/\",\"https:\\\/\\\/www.youtube.com\\\/channel\\\/UCio72z7TlbufkAthAJIJfPw\"]}]}<\/script>\n<!-- \/ Yoast SEO plugin. -->","yoast_head_json":{"title":"Politiques de privacitat - ANTDERGROUND","robots":{"index":"index","follow":"follow","max-snippet":"max-snippet:-1","max-image-preview":"max-image-preview:large","max-video-preview":"max-video-preview:-1"},"canonical":"https:\/\/antderground.com\/ca\/politiques-de-privacitat\/","og_locale":"ca_ES","og_type":"article","og_title":"Politiques de privacitat - ANTDERGROUND","og_description":"INTRODUCCI\u00d3 En ANTDERGROUND, sensibilitzats amb les necessitats dels usuaris d&#8217;Internet i conscients de la import\u00e0ncia de la rigorosa privacitat de","og_url":"https:\/\/antderground.com\/ca\/politiques-de-privacitat\/","og_site_name":"ANTDERGROUND","article_modified_time":"2021-05-19T15:26:20+00:00","twitter_card":"summary_large_image","twitter_misc":{"Temps estimat de lectura":"3 minuts"},"schema":{"@context":"https:\/\/schema.org","@graph":[{"@type":"WebPage","@id":"https:\/\/antderground.com\/ca\/politiques-de-privacitat\/","url":"https:\/\/antderground.com\/ca\/politiques-de-privacitat\/","name":"Politiques de privacitat - ANTDERGROUND","isPartOf":{"@id":"https:\/\/antderground.com\/ca\/#website"},"datePublished":"2019-06-16T06:35:11+00:00","dateModified":"2021-05-19T15:26:20+00:00","breadcrumb":{"@id":"https:\/\/antderground.com\/ca\/politiques-de-privacitat\/#breadcrumb"},"inLanguage":"ca","potentialAction":[{"@type":"ReadAction","target":["https:\/\/antderground.com\/ca\/politiques-de-privacitat\/"]}]},{"@type":"BreadcrumbList","@id":"https:\/\/antderground.com\/ca\/politiques-de-privacitat\/#breadcrumb","itemListElement":[{"@type":"ListItem","position":1,"name":"Portada","item":"https:\/\/antderground.com\/ca\/"},{"@type":"ListItem","position":2,"name":"Politiques de privacitat"}]},{"@type":"WebSite","@id":"https:\/\/antderground.com\/ca\/#website","url":"https:\/\/antderground.com\/ca\/","name":"ANTDERGROUND","description":"Tu tienda de hormigas, gran variedad de hormigueros acr\u00edlicos,madera,arena,3D y mas.. Pide tus hormigas gratis con tu pedido, somos expertos en hormigueros antifugas.","publisher":{"@id":"https:\/\/antderground.com\/ca\/#\/schema\/person\/0e322c505e84fe72c65e2f6d08f96b81"},"alternateName":"Antderground","potentialAction":[{"@type":"SearchAction","target":{"@type":"EntryPoint","urlTemplate":"https:\/\/antderground.com\/ca\/?s={search_term_string}"},"query-input":{"@type":"PropertyValueSpecification","valueRequired":true,"valueName":"search_term_string"}}],"inLanguage":"ca"},{"@type":["Person","Organization"],"@id":"https:\/\/antderground.com\/ca\/#\/schema\/person\/0e322c505e84fe72c65e2f6d08f96b81","name":"Eric de Antderground","image":{"@type":"ImageObject","inLanguage":"ca","@id":"https:\/\/secure.gravatar.com\/avatar\/c49a1b9f79216d1498cb73c1e85cd47f4465dda35f2a94c03790d491bd4423c3?s=96&d=mm&r=g","url":"https:\/\/secure.gravatar.com\/avatar\/c49a1b9f79216d1498cb73c1e85cd47f4465dda35f2a94c03790d491bd4423c3?s=96&d=mm&r=g","contentUrl":"https:\/\/secure.gravatar.com\/avatar\/c49a1b9f79216d1498cb73c1e85cd47f4465dda35f2a94c03790d491bd4423c3?s=96&d=mm&r=g","caption":"Eric de Antderground"},"logo":{"@id":"https:\/\/secure.gravatar.com\/avatar\/c49a1b9f79216d1498cb73c1e85cd47f4465dda35f2a94c03790d491bd4423c3?s=96&d=mm&r=g"},"description":"Eric es el especialista y fundador de Antderground, con una amplia trayectoria en artr\u00f3podos y enfocado en la mirmecolog\u00eda y el dise\u00f1o de hormigueros artificiales. Su enfoque combina la innovaci\u00f3n t\u00e9cnica con el respeto por la biolog\u00eda de las hormigas, is\u00f3podos y otros, desarrollando sistemas de nidos modulares 3D y acr\u00edlicos que son referentes para aficionados y profesionales en toda Europa. Su objetivo es facilitar la cr\u00eda de hormigas y otros artr\u00f3podos mediante soluciones seguras y divulgaci\u00f3n de calidad.","sameAs":["https:\/\/antderground.com\/","https:\/\/www.youtube.com\/channel\/UCio72z7TlbufkAthAJIJfPw"]}]}},"_links":{"self":[{"href":"https:\/\/antderground.com\/ca\/wp-json\/wp\/v2\/pages\/8421","targetHints":{"allow":["GET"]}}],"collection":[{"href":"https:\/\/antderground.com\/ca\/wp-json\/wp\/v2\/pages"}],"about":[{"href":"https:\/\/antderground.com\/ca\/wp-json\/wp\/v2\/types\/page"}],"author":[{"embeddable":true,"href":"https:\/\/antderground.com\/ca\/wp-json\/wp\/v2\/users\/1"}],"replies":[{"embeddable":true,"href":"https:\/\/antderground.com\/ca\/wp-json\/wp\/v2\/comments?post=8421"}],"version-history":[{"count":0,"href":"https:\/\/antderground.com\/ca\/wp-json\/wp\/v2\/pages\/8421\/revisions"}],"wp:attachment":[{"href":"https:\/\/antderground.com\/ca\/wp-json\/wp\/v2\/media?parent=8421"}],"curies":[{"name":"wp","href":"https:\/\/api.w.org\/{rel}","templated":true}]}}