{"id":8425,"date":"2019-06-16T08:35:11","date_gmt":"2019-06-16T06:35:11","guid":{"rendered":"https:\/\/www.antderground.com\/aviso-legal\/"},"modified":"2021-05-19T17:09:54","modified_gmt":"2021-05-19T15:09:54","slug":"avis-legal","status":"publish","type":"page","link":"https:\/\/antderground.com\/ca\/avis-legal\/","title":{"rendered":"Avis legal"},"content":{"rendered":"\n\n<p><strong>DADES IDENTIFICATIVES DEL TITULAR DEL LLOC WEB<\/strong><\/p>\n<p>En compliment del deure d&#8217;informaci\u00f3 estipulat en l&#8217;article 10 de la Llei 34\/2002 de 11 de juliol de Serveis de la Societat de la Informaci\u00f3 i de Comer\u00e7 Electr\u00f2nic, <strong><em>ERIC LOPEZ FERNANDEZ<\/em><\/strong>, amb DNI 77745286-L, d&#8217;ara endavant ANTDERGROUND, en qualitat de titular de la p\u00e0gina web www.antderground.com, amb domicili en Carretera de Berga 15, codi postal 08611 a Cal Rosal, Espanya &#8211; Barcelona, adre\u00e7a de correu electr\u00f2nic antderground@gmail.com, procedeix a comunicar-los la present informaci\u00f3 que conforma i regula les condicions d&#8217;\u00fas en aquesta p\u00e0gina, les limitacions de responsabilitat i les obligacions que, els usuaris de la p\u00e0gina web que es publica sota el nom de domini www.antderground.com, assumeixen i es comprometen a respectar.<\/p>\n<p><strong>CONDICIONS D&#8217;\u00daS<\/strong><\/p>\n<p>La utilitzaci\u00f3 de www.antderground.com atorga la condici\u00f3 d&#8217;Usuari del www.antderground.com, b\u00e9 sigui persona f\u00edsica o jur\u00eddica i obligat\u00f2riament implica l&#8217;acceptaci\u00f3 completa, plena i sense reserves de totes i cadascuna de les cl\u00e0usules i condicions generals incloses en l&#8217;Av\u00eds Legal. Si l&#8217;Usuari no estigu\u00e9s d&#8217;acord amb les cl\u00e0usules i condicions d&#8217;\u00fas d&#8217;aquest Av\u00eds Legal, s&#8217;abstindr\u00e0 d&#8217;utilitzar www.antderground.com. Aquest Av\u00eds Legal est\u00e0 subjecte a canvis i actualitzacions de manera que la versi\u00f3 publicada per ANTDERGROUND pot ser diferent en cada moment en qu\u00e8 l&#8217;Usuari accedeixi en el Portal. Per tant, l&#8217;Usuari ha de llegir l&#8217;Av\u00eds Legal en totes i cadascuna de les ocasions en que accedeixi a www.antderground.com.<\/p>\n<p>A trav\u00e9s de &#8216;www.antderground.com, ANTDERGROUND facilita l&#8217;Usuari l&#8217;acc\u00e9s i la utilitzaci\u00f3 de diversos Continguts publicats per mitj\u00e0 d&#8217;Internet per ANTDERGROUND o per tercers autoritzats.<\/p>\n<p>L&#8217;usuari est\u00e0 obligat i es compromet a utilitzar www.antderground.com i els Continguts de conformitat amb la legislaci\u00f3 vigent, l&#8217;av\u00eds Legal, i qualsevol altre av\u00eds o instruccions posats en el seu coneixement, b\u00e9 sigui per mitj\u00e0 d&#8217;aquest av\u00eds legal o en qualsevol un altre lloc dins dels continguts que conformen www.antderground.com, com s\u00f3n les normes de conviv\u00e8ncia, la moral i bons costums generalment acceptades. A aquest efecte, l&#8217;Usuari s&#8217;obliga i compromet a NO utilitzar qualsevol dels Continguts amb fins o efectes il\u00b7l\u00edcits, prohibits en l&#8217;av\u00eds Legal o per la legislaci\u00f3 vigent, lesius dels drets i interessos de tercers, o que de qualsevol forma puguin danyar , inutilitzar, sobrecarregar, deteriorar o impedir la normal utilitzaci\u00f3 dels continguts, els equips inform\u00e0tics o els documents, arxius i tota classe de continguts emmagatzemats en qualsevol equip inform\u00e0tic propis o contractats per ANTDERGROUND, d&#8217;un altre usuari o de qualsevol usuari d&#8217;Internet (maquinari i programari).<\/p>\n<p>L&#8217;Usuari s&#8217;obliga i es compromet a no transmetre, difondre o posar a disposici\u00f3 de tercers qualsevol classe de material contingut en www.antderground.com, com ara informacions, textos, dades, continguts, missatges, gr\u00e0fics, dibuixos, arxius de so i \/ o imatge, fotografies, enregistraments, programari, logotips, marques, icones, tecnologia, fotografies, programari, enlla\u00e7os, disseny gr\u00e0fic i codis font, o qualsevol altre material a qu\u00e8 tingu\u00e9s acc\u00e9s en la seva condici\u00f3 d&#8217;usuari de www.antderground.com, sense que aquesta enumeraci\u00f3 tingui car\u00e0cter limitatiu. Aix\u00ed mateix, de conformitat amb tot aix\u00f2, l&#8217;usuari no podr\u00e0:<\/p>\n<ul>\n<li>Reproduir, copiar, distribuir, posar a disposici\u00f3 o de qualsevol altra forma comunicar p\u00fablicament, transformar o modificar els Continguts, llevat que es compti amb l&#8217;autoritzaci\u00f3 escrita i expl\u00edcita de ANTDERGROUND, que \u00e9s titular dels corresponents drets, o b\u00e9 que aix\u00f2 resulti legalment perm\u00e8s.<\/li>\n<li>Suprimir, manipular o de qualsevol forma alterar el &#8220;copyright&#8221; i altres dades identificatives de la reserva de drets de ANTDERGROUND o dels seus titulars, de les empremtes i \/ o identificadors digitals, marques d&#8217;aigua, o de qualssevol altres mitjans t\u00e8cnics establerts per al seu reconeixement.<\/li>\n<\/ul>\n<p>L&#8217;Usuari haur\u00e0 d&#8217;abstenir-se d&#8217;obtenir i incl\u00fas d&#8217;intentar obtenir els continguts utilitzant mitjans o procediments diferents dels que, segons els casos, s&#8217;hagin posat a la seva disposici\u00f3 a aquest efecte o s&#8217;hagin indicat a aquest efecte en les p\u00e0gines web on es trobin els continguts o, en general, dels que s&#8217;utilitzin habitualment a Internet a aquest efecte sempre que no comportin un risc de dany o inutilitzaci\u00f3 de www.antderground.com, i \/ o dels Continguts.<\/p>\n<p><strong>PROPIETAT INTEL\u00b7LECTUAL<\/strong><br \/>Totes les marques, noms comercials o signes distintius de qualsevol classe que apareixen en www.antderground.com s\u00f3n propietat de ANTDERGROUND o, si s&#8217;escau, dels seus respectius propietaris, sense que pugui entendre que l&#8217;\u00fas o acc\u00e9s en el Portal i \/ o als continguts atribueixi a l&#8217;usuari dret algun sobre les citades marques, noms comercials i \/ o signes distintius i sense que puguin entendre cedits a l&#8217;usuari, cap dels drets d&#8217;explotaci\u00f3 que existeixen o puguin existir sobre aquests continguts. De la mateixa manera els continguts s\u00f3n propietat intel\u00b7lectual de ANTDERGROUND, o de tercers si \u00e9s el cas, per tant, els drets de propietat intel\u00b7lectual s\u00f3n titularitat de ANTDERGROUND o de tercers que han autoritzat el seu \u00fas, a qui correspon l&#8217;exercici exclusiu dels drets d&#8217;explotaci\u00f3 dels mateixos en qualsevol forma i, en especial, els drets de reproducci\u00f3, distribuci\u00f3, comunicaci\u00f3 p\u00fablica i transformaci\u00f3. La utilitzaci\u00f3 no autoritzada de la informaci\u00f3 continguda en aquesta web, aix\u00ed com la lesi\u00f3 dels drets de Propietat Intel\u00b7lectual o Industrial de ANTDERGROUND o de tercers inclosos en www.antderground.com que hagin cedit continguts donar\u00e0 lloc a les responsabilitats legalment establertes.<\/p>\n<p><strong>DISPONIBILITAT DE WWW.ANTDERGROUND.COM<\/strong><\/p>\n<p>ANTDERGROUND no garanteix la inexist\u00e8ncia d&#8217;interrupcions o errors en l&#8217;acc\u00e9s a www.antderground.com, als seus continguts, ni que aquest es trobin actualitzats, encara que desenvolupar\u00e0 els seus millors esfor\u00e7os per a, si escau, evitar-los, resoldre&#8217;ls o actualitzar-los. Per tant, ANTDERGROUND no es responsabilitza dels danys o perjudicis de qualsevol tipus produ\u00efts en l&#8217;usuari que portin causa d&#8217;errors o desconnexions a les xarxes de telecomunicacions que produeixin la suspensi\u00f3, cancel\u00b7laci\u00f3 o interrupci\u00f3 de l&#8217;servei de portal durant la prestaci\u00f3 d&#8217;aquest o amb car\u00e0cter previ.<\/p>\n<p>ANTDERGROUND exclou, amb les excepcions previstes en la legislaci\u00f3 vigent, qualsevol responsabilitat pels danys i perjudicis de tota naturalesa que puguin deure a la falta de disponibilitat, continu\u00eftat o qualitat del funcionament de www.antderground.com i dels continguts, a el no compliment de l&#8217;expectativa d&#8217;utilitat que l&#8217;usuari hagu\u00e9s pogut atribuir a www.antderground.com i als continguts.<\/p>\n<p>La funci\u00f3 dels Hiperenlla\u00e7os que apareixen en aquesta web \u00e9s exclusivament la d&#8217;informar a l&#8217;usuari sobre l&#8217;exist\u00e8ncia d&#8217;altres web que contenen informaci\u00f3 sobre la mat\u00e8ria. Aquests Hiperenlla\u00e7os no constitueixen suggeriment ni recomanaci\u00f3.<\/p>\n<p>ANTDERGROUND no es fa responsable dels continguts d&#8217;aquestes p\u00e0gines enlla\u00e7ades, del funcionament o utilitat dels Hiperenlla\u00e7os ni del resultat d&#8217;aquests enlla\u00e7os, ni garanteix l&#8217;abs\u00e8ncia de virus o altres elements en els mateixos que puguin produir alteracions en el sistema inform\u00e0tic (maquinari i programari), els documents o els fitxers de l&#8217;usuari, excloent qualsevol responsabilitat pels danys de qualsevol classe causats a l&#8217; usuari per aquest motiu.<\/p>\n<p>L&#8217;acc\u00e9s a www.antderground.com no implica l&#8217;obligaci\u00f3 per part de ANTDERGROUND de controlar l&#8217;abs\u00e8ncia de virus, cucs o qualsevol altre element inform\u00e0tic dany\u00f3s. Correspon a l&#8217;usuari, en tot cas, la disponibilitat d&#8217;eines adequades per a la detecci\u00f3 i desinfecci\u00f3 de programes inform\u00e0tics nocius, per tant, ANTDERGROUND no es fa responsable dels possibles errors de seguretat que es puguin produir durant la prestaci\u00f3 de servei de www. antderground.com, ni dels possibles danys que puguin causar-se a el sistema inform\u00e0tic de l&#8217;usuari o de tercers (hardware i software), els fitxers o documents emmagatzemats en el mateix, com a conseq\u00fc\u00e8ncia de la pres\u00e8ncia de virus a l&#8217;ordinador de l&#8217;usuari utilitzat per a la connexi\u00f3 als serveis i continguts del web, d&#8217;un mal funcionament de el navegador o de l&#8217;\u00fas de versions no actualitzades d&#8217;aquest.<\/p>\n<p>La prestaci\u00f3 de servei de www.antderground.com i dels Continguts t\u00e9, en principi, durada indefinida. ANTDERGROUND, per\u00f2, queda autoritzat per donar per acabada o suspendre la prestaci\u00f3 de servei de www.antderground.com i \/ o de qualsevol dels continguts en qualsevol moment. Quan aix\u00f2 sigui raonablement possible, ANTDERGROUND advertir\u00e0 pr\u00e8viament l&#8217;acabament o suspensi\u00f3 de www.antderground.com.<\/p>\n<p><strong>QUALITAT DE WWW.ANTDERGROUND.COM<\/strong><\/p>\n<p>At\u00e8s l&#8217;entorn din\u00e0mic i canviant de la informaci\u00f3 i serveis que es subministren per mitj\u00e0 de www.antderground.com, ANTDERGROUND realitza la seva millora i esfor\u00e7, per\u00f2 no garanteix la completa veracitat, exactitud, fiabilitat, utilitat i \/ o actualitat dels continguts. La informaci\u00f3 continguda en les p\u00e0gines que componen aquest portal nom\u00e9s t\u00e9 car\u00e0cter informatiu, consultiu, divulgatiu i publicitari. En cap cas ofereixen ni tenen car\u00e0cter de comprom\u00eds vinculant o contractual.<\/p>\n<p><strong>LIMITACI\u00d3 DE RESPONSABILITAT<\/strong><\/p>\n<p>ANTDERGROUND exclou tota responsabilitat per les decisions que l&#8217;usuari pugui prendre basat en aquesta informaci\u00f3, aix\u00ed com pels possibles errors tipogr\u00e0fics que puguin contenir els documents i gr\u00e0fics de www.antderground.com. La informaci\u00f3 est\u00e0 sotmesa a possibles canvis diaris sense previ av\u00eds del seu contingut per ampliaci\u00f3, millora, correcci\u00f3 o actualitzaci\u00f3 dels continguts.<\/p>\n<p><strong>NOTIFICACIONS<\/strong><\/p>\n<p>Totes les notificacions i comunicacions per part de ANTDERGROUND a l&#8217;usuari realitzats per qualsevol mitj\u00e0 es consideraran efica\u00e7os amb car\u00e0cter general.<\/p>\n<p><strong>JURISDICCI\u00d3<\/strong><br \/>Per a les q\u00fcestions se suscitin sobre la interpretaci\u00f3, aplicaci\u00f3 i compliment d&#8217;aquest Av\u00eds Legal, aix\u00ed com de les reclamacions que puguin derivar-se del seu \u00fas, tots les parts intervinents se sotmeten als Jutges i Tribunals de la prov\u00edncia de Espanya &#8211; Barcelona, renunciant de forma expressa a qualsevol altre problema que pogu\u00e9s correspondre&#8217;ls.<\/p>\n<p><strong>LEGISLACI\u00d3 APLICABLE<\/strong><br \/>El present Av\u00eds Legal es regeix per la normativa espanyola vigent.<\/p>","protected":false},"excerpt":{"rendered":"<p>DADES IDENTIFICATIVES DEL TITULAR DEL LLOC WEB En compliment del deure d&#8217;informaci\u00f3 estipulat en l&#8217;article 10 de la Llei 34\/2002<\/p>\n","protected":false},"author":1,"featured_media":0,"parent":0,"menu_order":0,"comment_status":"closed","ping_status":"closed","template":"","meta":{"footnotes":""},"class_list":["post-8425","page","type-page","status-publish","hentry"],"yoast_head":"<!-- This site is optimized with the Yoast SEO plugin v27.4 - https:\/\/yoast.com\/product\/yoast-seo-wordpress\/ -->\n<title>Avis legal - ANTDERGROUND<\/title>\n<meta name=\"robots\" content=\"index, follow, max-snippet:-1, max-image-preview:large, max-video-preview:-1\" \/>\n<link rel=\"canonical\" href=\"https:\/\/antderground.com\/ca\/avis-legal\/\" \/>\n<meta property=\"og:locale\" content=\"ca_ES\" \/>\n<meta property=\"og:type\" content=\"article\" \/>\n<meta property=\"og:title\" content=\"Avis legal - ANTDERGROUND\" \/>\n<meta property=\"og:description\" content=\"DADES IDENTIFICATIVES DEL TITULAR DEL LLOC WEB En compliment del deure d&#8217;informaci\u00f3 estipulat en l&#8217;article 10 de la Llei 34\/2002\" \/>\n<meta property=\"og:url\" content=\"https:\/\/antderground.com\/ca\/avis-legal\/\" \/>\n<meta property=\"og:site_name\" content=\"ANTDERGROUND\" \/>\n<meta property=\"article:modified_time\" content=\"2021-05-19T15:09:54+00:00\" \/>\n<meta name=\"twitter:card\" content=\"summary_large_image\" \/>\n<meta name=\"twitter:label1\" content=\"Temps estimat de lectura\" \/>\n\t<meta name=\"twitter:data1\" content=\"7 minuts\" \/>\n<script type=\"application\/ld+json\" class=\"yoast-schema-graph\">{\"@context\":\"https:\\\/\\\/schema.org\",\"@graph\":[{\"@type\":\"WebPage\",\"@id\":\"https:\\\/\\\/antderground.com\\\/ca\\\/avis-legal\\\/\",\"url\":\"https:\\\/\\\/antderground.com\\\/ca\\\/avis-legal\\\/\",\"name\":\"Avis legal - ANTDERGROUND\",\"isPartOf\":{\"@id\":\"https:\\\/\\\/antderground.com\\\/ca\\\/#website\"},\"datePublished\":\"2019-06-16T06:35:11+00:00\",\"dateModified\":\"2021-05-19T15:09:54+00:00\",\"breadcrumb\":{\"@id\":\"https:\\\/\\\/antderground.com\\\/ca\\\/avis-legal\\\/#breadcrumb\"},\"inLanguage\":\"ca\",\"potentialAction\":[{\"@type\":\"ReadAction\",\"target\":[\"https:\\\/\\\/antderground.com\\\/ca\\\/avis-legal\\\/\"]}]},{\"@type\":\"BreadcrumbList\",\"@id\":\"https:\\\/\\\/antderground.com\\\/ca\\\/avis-legal\\\/#breadcrumb\",\"itemListElement\":[{\"@type\":\"ListItem\",\"position\":1,\"name\":\"Portada\",\"item\":\"https:\\\/\\\/antderground.com\\\/ca\\\/\"},{\"@type\":\"ListItem\",\"position\":2,\"name\":\"Avis legal\"}]},{\"@type\":\"WebSite\",\"@id\":\"https:\\\/\\\/antderground.com\\\/ca\\\/#website\",\"url\":\"https:\\\/\\\/antderground.com\\\/ca\\\/\",\"name\":\"ANTDERGROUND\",\"description\":\"Tu tienda de hormigas, gran variedad de hormigueros acr\u00edlicos,madera,arena,3D y mas.. Pide tus hormigas gratis con tu pedido, somos expertos en hormigueros antifugas.\",\"publisher\":{\"@id\":\"https:\\\/\\\/antderground.com\\\/ca\\\/#\\\/schema\\\/person\\\/0e322c505e84fe72c65e2f6d08f96b81\"},\"alternateName\":\"Antderground\",\"potentialAction\":[{\"@type\":\"SearchAction\",\"target\":{\"@type\":\"EntryPoint\",\"urlTemplate\":\"https:\\\/\\\/antderground.com\\\/ca\\\/?s={search_term_string}\"},\"query-input\":{\"@type\":\"PropertyValueSpecification\",\"valueRequired\":true,\"valueName\":\"search_term_string\"}}],\"inLanguage\":\"ca\"},{\"@type\":[\"Person\",\"Organization\"],\"@id\":\"https:\\\/\\\/antderground.com\\\/ca\\\/#\\\/schema\\\/person\\\/0e322c505e84fe72c65e2f6d08f96b81\",\"name\":\"Eric de Antderground\",\"image\":{\"@type\":\"ImageObject\",\"inLanguage\":\"ca\",\"@id\":\"https:\\\/\\\/secure.gravatar.com\\\/avatar\\\/c49a1b9f79216d1498cb73c1e85cd47f4465dda35f2a94c03790d491bd4423c3?s=96&d=mm&r=g\",\"url\":\"https:\\\/\\\/secure.gravatar.com\\\/avatar\\\/c49a1b9f79216d1498cb73c1e85cd47f4465dda35f2a94c03790d491bd4423c3?s=96&d=mm&r=g\",\"contentUrl\":\"https:\\\/\\\/secure.gravatar.com\\\/avatar\\\/c49a1b9f79216d1498cb73c1e85cd47f4465dda35f2a94c03790d491bd4423c3?s=96&d=mm&r=g\",\"caption\":\"Eric de Antderground\"},\"logo\":{\"@id\":\"https:\\\/\\\/secure.gravatar.com\\\/avatar\\\/c49a1b9f79216d1498cb73c1e85cd47f4465dda35f2a94c03790d491bd4423c3?s=96&d=mm&r=g\"},\"description\":\"Eric es el especialista y fundador de Antderground, con una amplia trayectoria en artr\u00f3podos y enfocado en la mirmecolog\u00eda y el dise\u00f1o de hormigueros artificiales. Su enfoque combina la innovaci\u00f3n t\u00e9cnica con el respeto por la biolog\u00eda de las hormigas, is\u00f3podos y otros, desarrollando sistemas de nidos modulares 3D y acr\u00edlicos que son referentes para aficionados y profesionales en toda Europa. Su objetivo es facilitar la cr\u00eda de hormigas y otros artr\u00f3podos mediante soluciones seguras y divulgaci\u00f3n de calidad.\",\"sameAs\":[\"https:\\\/\\\/antderground.com\\\/\",\"https:\\\/\\\/www.youtube.com\\\/channel\\\/UCio72z7TlbufkAthAJIJfPw\"]}]}<\/script>\n<!-- \/ Yoast SEO plugin. -->","yoast_head_json":{"title":"Avis legal - ANTDERGROUND","robots":{"index":"index","follow":"follow","max-snippet":"max-snippet:-1","max-image-preview":"max-image-preview:large","max-video-preview":"max-video-preview:-1"},"canonical":"https:\/\/antderground.com\/ca\/avis-legal\/","og_locale":"ca_ES","og_type":"article","og_title":"Avis legal - ANTDERGROUND","og_description":"DADES IDENTIFICATIVES DEL TITULAR DEL LLOC WEB En compliment del deure d&#8217;informaci\u00f3 estipulat en l&#8217;article 10 de la Llei 34\/2002","og_url":"https:\/\/antderground.com\/ca\/avis-legal\/","og_site_name":"ANTDERGROUND","article_modified_time":"2021-05-19T15:09:54+00:00","twitter_card":"summary_large_image","twitter_misc":{"Temps estimat de lectura":"7 minuts"},"schema":{"@context":"https:\/\/schema.org","@graph":[{"@type":"WebPage","@id":"https:\/\/antderground.com\/ca\/avis-legal\/","url":"https:\/\/antderground.com\/ca\/avis-legal\/","name":"Avis legal - ANTDERGROUND","isPartOf":{"@id":"https:\/\/antderground.com\/ca\/#website"},"datePublished":"2019-06-16T06:35:11+00:00","dateModified":"2021-05-19T15:09:54+00:00","breadcrumb":{"@id":"https:\/\/antderground.com\/ca\/avis-legal\/#breadcrumb"},"inLanguage":"ca","potentialAction":[{"@type":"ReadAction","target":["https:\/\/antderground.com\/ca\/avis-legal\/"]}]},{"@type":"BreadcrumbList","@id":"https:\/\/antderground.com\/ca\/avis-legal\/#breadcrumb","itemListElement":[{"@type":"ListItem","position":1,"name":"Portada","item":"https:\/\/antderground.com\/ca\/"},{"@type":"ListItem","position":2,"name":"Avis legal"}]},{"@type":"WebSite","@id":"https:\/\/antderground.com\/ca\/#website","url":"https:\/\/antderground.com\/ca\/","name":"ANTDERGROUND","description":"Tu tienda de hormigas, gran variedad de hormigueros acr\u00edlicos,madera,arena,3D y mas.. Pide tus hormigas gratis con tu pedido, somos expertos en hormigueros antifugas.","publisher":{"@id":"https:\/\/antderground.com\/ca\/#\/schema\/person\/0e322c505e84fe72c65e2f6d08f96b81"},"alternateName":"Antderground","potentialAction":[{"@type":"SearchAction","target":{"@type":"EntryPoint","urlTemplate":"https:\/\/antderground.com\/ca\/?s={search_term_string}"},"query-input":{"@type":"PropertyValueSpecification","valueRequired":true,"valueName":"search_term_string"}}],"inLanguage":"ca"},{"@type":["Person","Organization"],"@id":"https:\/\/antderground.com\/ca\/#\/schema\/person\/0e322c505e84fe72c65e2f6d08f96b81","name":"Eric de Antderground","image":{"@type":"ImageObject","inLanguage":"ca","@id":"https:\/\/secure.gravatar.com\/avatar\/c49a1b9f79216d1498cb73c1e85cd47f4465dda35f2a94c03790d491bd4423c3?s=96&d=mm&r=g","url":"https:\/\/secure.gravatar.com\/avatar\/c49a1b9f79216d1498cb73c1e85cd47f4465dda35f2a94c03790d491bd4423c3?s=96&d=mm&r=g","contentUrl":"https:\/\/secure.gravatar.com\/avatar\/c49a1b9f79216d1498cb73c1e85cd47f4465dda35f2a94c03790d491bd4423c3?s=96&d=mm&r=g","caption":"Eric de Antderground"},"logo":{"@id":"https:\/\/secure.gravatar.com\/avatar\/c49a1b9f79216d1498cb73c1e85cd47f4465dda35f2a94c03790d491bd4423c3?s=96&d=mm&r=g"},"description":"Eric es el especialista y fundador de Antderground, con una amplia trayectoria en artr\u00f3podos y enfocado en la mirmecolog\u00eda y el dise\u00f1o de hormigueros artificiales. Su enfoque combina la innovaci\u00f3n t\u00e9cnica con el respeto por la biolog\u00eda de las hormigas, is\u00f3podos y otros, desarrollando sistemas de nidos modulares 3D y acr\u00edlicos que son referentes para aficionados y profesionales en toda Europa. Su objetivo es facilitar la cr\u00eda de hormigas y otros artr\u00f3podos mediante soluciones seguras y divulgaci\u00f3n de calidad.","sameAs":["https:\/\/antderground.com\/","https:\/\/www.youtube.com\/channel\/UCio72z7TlbufkAthAJIJfPw"]}]}},"_links":{"self":[{"href":"https:\/\/antderground.com\/ca\/wp-json\/wp\/v2\/pages\/8425","targetHints":{"allow":["GET"]}}],"collection":[{"href":"https:\/\/antderground.com\/ca\/wp-json\/wp\/v2\/pages"}],"about":[{"href":"https:\/\/antderground.com\/ca\/wp-json\/wp\/v2\/types\/page"}],"author":[{"embeddable":true,"href":"https:\/\/antderground.com\/ca\/wp-json\/wp\/v2\/users\/1"}],"replies":[{"embeddable":true,"href":"https:\/\/antderground.com\/ca\/wp-json\/wp\/v2\/comments?post=8425"}],"version-history":[{"count":0,"href":"https:\/\/antderground.com\/ca\/wp-json\/wp\/v2\/pages\/8425\/revisions"}],"wp:attachment":[{"href":"https:\/\/antderground.com\/ca\/wp-json\/wp\/v2\/media?parent=8425"}],"curies":[{"name":"wp","href":"https:\/\/api.w.org\/{rel}","templated":true}]}}