{"id":16467,"date":"2021-09-20T09:00:54","date_gmt":"2021-09-20T07:00:54","guid":{"rendered":"https:\/\/www.antderground.com\/producto\/formiguer-modular-10-x-10-bolet\/"},"modified":"2021-09-20T09:00:54","modified_gmt":"2021-09-20T07:00:54","slug":"formiguer-modular-10-x-10-bolet","status":"publish","type":"product","link":"https:\/\/antderground.com\/ca\/producte\/formiguer-modular-10-x-10-bolet\/","title":{"rendered":"Formiguer modular 10 x 10 amb bolet"},"content":{"rendered":"<p>Presentem la versi\u00f3 3.0 del Formiguer modular 10 x 10 bolet.<\/p>\n<p>En aquesta edici\u00f3 li afegim una c\u00e0mera rotadora, que permet a\u00efllar les formigues per fer canvi de bolet.<\/p>\n<p>Un cop tancada aquesta c\u00e0mera nom\u00e9s cal descargolar el bolet per baix i enroscar la pe\u00e7a ja amb el bolet nou.<\/p>\n<p>compatible amb tots els formiguers Antderground, i v\u00e0lid per a esp\u00e8cies que requereixin humitat, consta de micro perforacions a la base per ajudar a pujar la humitat als voltants del bolet perqu\u00e8 hi hagi uns nivells diferents \u00f2ptims d&#8217;humitat en segons quins punts del niu.<\/p>\n<p>Pots ampliar el Formiguer modular 10 x 10 bolets infinitament amb qualsevol dels formiguers modulars de Antderground<\/p>\n<p>*Tots els formiguers de la botiga inclouen la tapa vermella en el preu del producte.<\/p>\n","protected":false},"excerpt":{"rendered":"<p>Presentem la versi\u00f3 3.0 del Formiguer modular 10 x 10 bolet. En aquesta edici\u00f3 li afegim una c\u00e0mera rotadora, que<\/p>\n","protected":false},"featured_media":14839,"template":"","meta":[],"product_brand":[],"product_cat":[309,310],"product_tag":[],"class_list":{"0":"post-16467","1":"product","2":"type-product","3":"status-publish","4":"has-post-thumbnail","6":"product_cat-formiguers-modulars","7":"product_cat-novetats","9":"first","10":"instock","11":"shipping-taxable","12":"purchasable","13":"product-type-simple"},"yoast_head":"<!-- This site is optimized with the Yoast SEO plugin v27.3 - https:\/\/yoast.com\/product\/yoast-seo-wordpress\/ -->\n<title>Formiguer modular 10 x 10 amb bolet - ANTDERGROUND<\/title>\n<meta name=\"description\" content=\"Un formiguer modular 10 x 10 amb bolet que no pot faltar a casa de cap aficionat a les formigues. Venem formiguers de qualitat\" \/>\n<meta name=\"robots\" content=\"index, follow, max-snippet:-1, max-image-preview:large, max-video-preview:-1\" \/>\n<link rel=\"canonical\" href=\"https:\/\/antderground.com\/ca\/producte\/formiguer-modular-10-x-10-bolet\/\" \/>\n<meta property=\"og:locale\" content=\"ca_ES\" \/>\n<meta property=\"og:type\" content=\"article\" \/>\n<meta property=\"og:title\" content=\"Formiguer modular 10 x 10 amb bolet - ANTDERGROUND\" \/>\n<meta property=\"og:description\" content=\"Un formiguer modular 10 x 10 amb bolet que no pot faltar a casa de cap aficionat a les formigues. Venem formiguers de qualitat\" \/>\n<meta property=\"og:url\" content=\"https:\/\/antderground.com\/ca\/producte\/formiguer-modular-10-x-10-bolet\/\" \/>\n<meta property=\"og:site_name\" content=\"ANTDERGROUND\" \/>\n<meta property=\"og:image\" content=\"https:\/\/antderground.com\/wp-content\/uploads\/2021\/09\/hormiguero-modular-seta.jpg\" \/>\n\t<meta property=\"og:image:width\" content=\"591\" \/>\n\t<meta property=\"og:image:height\" content=\"601\" \/>\n\t<meta property=\"og:image:type\" content=\"image\/jpeg\" \/>\n<meta name=\"twitter:card\" content=\"summary_large_image\" \/>\n<meta name=\"twitter:label1\" content=\"Temps estimat de lectura\" \/>\n\t<meta name=\"twitter:data1\" content=\"1 minut\" \/>\n<script type=\"application\/ld+json\" class=\"yoast-schema-graph\">{\"@context\":\"https:\\\/\\\/schema.org\",\"@graph\":[{\"@type\":\"WebPage\",\"@id\":\"https:\\\/\\\/antderground.com\\\/ca\\\/producte\\\/formiguer-modular-10-x-10-bolet\\\/\",\"url\":\"https:\\\/\\\/antderground.com\\\/ca\\\/producte\\\/formiguer-modular-10-x-10-bolet\\\/\",\"name\":\"Formiguer modular 10 x 10 amb bolet - ANTDERGROUND\",\"isPartOf\":{\"@id\":\"https:\\\/\\\/antderground.com\\\/ca\\\/#website\"},\"primaryImageOfPage\":{\"@id\":\"https:\\\/\\\/antderground.com\\\/ca\\\/producte\\\/formiguer-modular-10-x-10-bolet\\\/#primaryimage\"},\"image\":{\"@id\":\"https:\\\/\\\/antderground.com\\\/ca\\\/producte\\\/formiguer-modular-10-x-10-bolet\\\/#primaryimage\"},\"thumbnailUrl\":\"https:\\\/\\\/antderground.com\\\/wp-content\\\/uploads\\\/2021\\\/09\\\/hormiguero-modular-seta.jpg\",\"datePublished\":\"2021-09-20T07:00:54+00:00\",\"description\":\"Un formiguer modular 10 x 10 amb bolet que no pot faltar a casa de cap aficionat a les formigues. Venem formiguers de qualitat\",\"breadcrumb\":{\"@id\":\"https:\\\/\\\/antderground.com\\\/ca\\\/producte\\\/formiguer-modular-10-x-10-bolet\\\/#breadcrumb\"},\"inLanguage\":\"ca\",\"potentialAction\":[{\"@type\":\"ReadAction\",\"target\":[\"https:\\\/\\\/antderground.com\\\/ca\\\/producte\\\/formiguer-modular-10-x-10-bolet\\\/\"]}]},{\"@type\":\"ImageObject\",\"inLanguage\":\"ca\",\"@id\":\"https:\\\/\\\/antderground.com\\\/ca\\\/producte\\\/formiguer-modular-10-x-10-bolet\\\/#primaryimage\",\"url\":\"https:\\\/\\\/antderground.com\\\/wp-content\\\/uploads\\\/2021\\\/09\\\/hormiguero-modular-seta.jpg\",\"contentUrl\":\"https:\\\/\\\/antderground.com\\\/wp-content\\\/uploads\\\/2021\\\/09\\\/hormiguero-modular-seta.jpg\",\"width\":591,\"height\":601,\"caption\":\"ningun\"},{\"@type\":\"BreadcrumbList\",\"@id\":\"https:\\\/\\\/antderground.com\\\/ca\\\/producte\\\/formiguer-modular-10-x-10-bolet\\\/#breadcrumb\",\"itemListElement\":[{\"@type\":\"ListItem\",\"position\":1,\"name\":\"Portada\",\"item\":\"https:\\\/\\\/antderground.com\\\/ca\\\/\"},{\"@type\":\"ListItem\",\"position\":2,\"name\":\"Productes\",\"item\":\"https:\\\/\\\/antderground.com\\\/ca\\\/productes\\\/\"},{\"@type\":\"ListItem\",\"position\":3,\"name\":\"Formiguer modular 10 x 10 amb bolet\"}]},{\"@type\":\"WebSite\",\"@id\":\"https:\\\/\\\/antderground.com\\\/ca\\\/#website\",\"url\":\"https:\\\/\\\/antderground.com\\\/ca\\\/\",\"name\":\"ANTDERGROUND\",\"description\":\"Tu tienda de hormigas, gran variedad de hormigueros acr\u00edlicos,madera,arena,3D y mas.. Pide tus hormigas gratis con tu pedido, somos expertos en hormigueros antifugas.\",\"publisher\":{\"@id\":\"https:\\\/\\\/antderground.com\\\/ca\\\/#\\\/schema\\\/person\\\/0e322c505e84fe72c65e2f6d08f96b81\"},\"alternateName\":\"Antderground\",\"potentialAction\":[{\"@type\":\"SearchAction\",\"target\":{\"@type\":\"EntryPoint\",\"urlTemplate\":\"https:\\\/\\\/antderground.com\\\/ca\\\/?s={search_term_string}\"},\"query-input\":{\"@type\":\"PropertyValueSpecification\",\"valueRequired\":true,\"valueName\":\"search_term_string\"}}],\"inLanguage\":\"ca\"},{\"@type\":[\"Person\",\"Organization\"],\"@id\":\"https:\\\/\\\/antderground.com\\\/ca\\\/#\\\/schema\\\/person\\\/0e322c505e84fe72c65e2f6d08f96b81\",\"name\":\"Eric de Antderground\",\"image\":{\"@type\":\"ImageObject\",\"inLanguage\":\"ca\",\"@id\":\"https:\\\/\\\/secure.gravatar.com\\\/avatar\\\/c49a1b9f79216d1498cb73c1e85cd47f4465dda35f2a94c03790d491bd4423c3?s=96&d=mm&r=g\",\"url\":\"https:\\\/\\\/secure.gravatar.com\\\/avatar\\\/c49a1b9f79216d1498cb73c1e85cd47f4465dda35f2a94c03790d491bd4423c3?s=96&d=mm&r=g\",\"contentUrl\":\"https:\\\/\\\/secure.gravatar.com\\\/avatar\\\/c49a1b9f79216d1498cb73c1e85cd47f4465dda35f2a94c03790d491bd4423c3?s=96&d=mm&r=g\",\"caption\":\"Eric de Antderground\"},\"logo\":{\"@id\":\"https:\\\/\\\/secure.gravatar.com\\\/avatar\\\/c49a1b9f79216d1498cb73c1e85cd47f4465dda35f2a94c03790d491bd4423c3?s=96&d=mm&r=g\"},\"description\":\"Eric es el especialista y fundador de Antderground, con una amplia trayectoria en artr\u00f3podos y enfocado en la mirmecolog\u00eda y el dise\u00f1o de hormigueros artificiales. Su enfoque combina la innovaci\u00f3n t\u00e9cnica con el respeto por la biolog\u00eda de las hormigas, is\u00f3podos y otros, desarrollando sistemas de nidos modulares 3D y acr\u00edlicos que son referentes para aficionados y profesionales en toda Europa. Su objetivo es facilitar la cr\u00eda de hormigas y otros artr\u00f3podos mediante soluciones seguras y divulgaci\u00f3n de calidad.\",\"sameAs\":[\"https:\\\/\\\/antderground.com\\\/\",\"https:\\\/\\\/www.youtube.com\\\/channel\\\/UCio72z7TlbufkAthAJIJfPw\"]}]}<\/script>\n<!-- \/ Yoast SEO plugin. -->","yoast_head_json":{"title":"Formiguer modular 10 x 10 amb bolet - ANTDERGROUND","description":"Un formiguer modular 10 x 10 amb bolet que no pot faltar a casa de cap aficionat a les formigues. Venem formiguers de qualitat","robots":{"index":"index","follow":"follow","max-snippet":"max-snippet:-1","max-image-preview":"max-image-preview:large","max-video-preview":"max-video-preview:-1"},"canonical":"https:\/\/antderground.com\/ca\/producte\/formiguer-modular-10-x-10-bolet\/","og_locale":"ca_ES","og_type":"article","og_title":"Formiguer modular 10 x 10 amb bolet - ANTDERGROUND","og_description":"Un formiguer modular 10 x 10 amb bolet que no pot faltar a casa de cap aficionat a les formigues. Venem formiguers de qualitat","og_url":"https:\/\/antderground.com\/ca\/producte\/formiguer-modular-10-x-10-bolet\/","og_site_name":"ANTDERGROUND","og_image":[{"width":591,"height":601,"url":"https:\/\/antderground.com\/wp-content\/uploads\/2021\/09\/hormiguero-modular-seta.jpg","type":"image\/jpeg"}],"twitter_card":"summary_large_image","twitter_misc":{"Temps estimat de lectura":"1 minut"},"schema":{"@context":"https:\/\/schema.org","@graph":[{"@type":"WebPage","@id":"https:\/\/antderground.com\/ca\/producte\/formiguer-modular-10-x-10-bolet\/","url":"https:\/\/antderground.com\/ca\/producte\/formiguer-modular-10-x-10-bolet\/","name":"Formiguer modular 10 x 10 amb bolet - ANTDERGROUND","isPartOf":{"@id":"https:\/\/antderground.com\/ca\/#website"},"primaryImageOfPage":{"@id":"https:\/\/antderground.com\/ca\/producte\/formiguer-modular-10-x-10-bolet\/#primaryimage"},"image":{"@id":"https:\/\/antderground.com\/ca\/producte\/formiguer-modular-10-x-10-bolet\/#primaryimage"},"thumbnailUrl":"https:\/\/antderground.com\/wp-content\/uploads\/2021\/09\/hormiguero-modular-seta.jpg","datePublished":"2021-09-20T07:00:54+00:00","description":"Un formiguer modular 10 x 10 amb bolet que no pot faltar a casa de cap aficionat a les formigues. Venem formiguers de qualitat","breadcrumb":{"@id":"https:\/\/antderground.com\/ca\/producte\/formiguer-modular-10-x-10-bolet\/#breadcrumb"},"inLanguage":"ca","potentialAction":[{"@type":"ReadAction","target":["https:\/\/antderground.com\/ca\/producte\/formiguer-modular-10-x-10-bolet\/"]}]},{"@type":"ImageObject","inLanguage":"ca","@id":"https:\/\/antderground.com\/ca\/producte\/formiguer-modular-10-x-10-bolet\/#primaryimage","url":"https:\/\/antderground.com\/wp-content\/uploads\/2021\/09\/hormiguero-modular-seta.jpg","contentUrl":"https:\/\/antderground.com\/wp-content\/uploads\/2021\/09\/hormiguero-modular-seta.jpg","width":591,"height":601,"caption":"ningun"},{"@type":"BreadcrumbList","@id":"https:\/\/antderground.com\/ca\/producte\/formiguer-modular-10-x-10-bolet\/#breadcrumb","itemListElement":[{"@type":"ListItem","position":1,"name":"Portada","item":"https:\/\/antderground.com\/ca\/"},{"@type":"ListItem","position":2,"name":"Productes","item":"https:\/\/antderground.com\/ca\/productes\/"},{"@type":"ListItem","position":3,"name":"Formiguer modular 10 x 10 amb bolet"}]},{"@type":"WebSite","@id":"https:\/\/antderground.com\/ca\/#website","url":"https:\/\/antderground.com\/ca\/","name":"ANTDERGROUND","description":"Tu tienda de hormigas, gran variedad de hormigueros acr\u00edlicos,madera,arena,3D y mas.. Pide tus hormigas gratis con tu pedido, somos expertos en hormigueros antifugas.","publisher":{"@id":"https:\/\/antderground.com\/ca\/#\/schema\/person\/0e322c505e84fe72c65e2f6d08f96b81"},"alternateName":"Antderground","potentialAction":[{"@type":"SearchAction","target":{"@type":"EntryPoint","urlTemplate":"https:\/\/antderground.com\/ca\/?s={search_term_string}"},"query-input":{"@type":"PropertyValueSpecification","valueRequired":true,"valueName":"search_term_string"}}],"inLanguage":"ca"},{"@type":["Person","Organization"],"@id":"https:\/\/antderground.com\/ca\/#\/schema\/person\/0e322c505e84fe72c65e2f6d08f96b81","name":"Eric de Antderground","image":{"@type":"ImageObject","inLanguage":"ca","@id":"https:\/\/secure.gravatar.com\/avatar\/c49a1b9f79216d1498cb73c1e85cd47f4465dda35f2a94c03790d491bd4423c3?s=96&d=mm&r=g","url":"https:\/\/secure.gravatar.com\/avatar\/c49a1b9f79216d1498cb73c1e85cd47f4465dda35f2a94c03790d491bd4423c3?s=96&d=mm&r=g","contentUrl":"https:\/\/secure.gravatar.com\/avatar\/c49a1b9f79216d1498cb73c1e85cd47f4465dda35f2a94c03790d491bd4423c3?s=96&d=mm&r=g","caption":"Eric de Antderground"},"logo":{"@id":"https:\/\/secure.gravatar.com\/avatar\/c49a1b9f79216d1498cb73c1e85cd47f4465dda35f2a94c03790d491bd4423c3?s=96&d=mm&r=g"},"description":"Eric es el especialista y fundador de Antderground, con una amplia trayectoria en artr\u00f3podos y enfocado en la mirmecolog\u00eda y el dise\u00f1o de hormigueros artificiales. Su enfoque combina la innovaci\u00f3n t\u00e9cnica con el respeto por la biolog\u00eda de las hormigas, is\u00f3podos y otros, desarrollando sistemas de nidos modulares 3D y acr\u00edlicos que son referentes para aficionados y profesionales en toda Europa. Su objetivo es facilitar la cr\u00eda de hormigas y otros artr\u00f3podos mediante soluciones seguras y divulgaci\u00f3n de calidad.","sameAs":["https:\/\/antderground.com\/","https:\/\/www.youtube.com\/channel\/UCio72z7TlbufkAthAJIJfPw"]}]}},"_links":{"self":[{"href":"https:\/\/antderground.com\/ca\/wp-json\/wp\/v2\/product\/16467","targetHints":{"allow":["GET"]}}],"collection":[{"href":"https:\/\/antderground.com\/ca\/wp-json\/wp\/v2\/product"}],"about":[{"href":"https:\/\/antderground.com\/ca\/wp-json\/wp\/v2\/types\/product"}],"version-history":[{"count":0,"href":"https:\/\/antderground.com\/ca\/wp-json\/wp\/v2\/product\/16467\/revisions"}],"wp:featuredmedia":[{"embeddable":true,"href":"https:\/\/antderground.com\/ca\/wp-json\/wp\/v2\/media\/14839"}],"wp:attachment":[{"href":"https:\/\/antderground.com\/ca\/wp-json\/wp\/v2\/media?parent=16467"}],"wp:term":[{"taxonomy":"product_brand","embeddable":true,"href":"https:\/\/antderground.com\/ca\/wp-json\/wp\/v2\/product_brand?post=16467"},{"taxonomy":"product_cat","embeddable":true,"href":"https:\/\/antderground.com\/ca\/wp-json\/wp\/v2\/product_cat?post=16467"},{"taxonomy":"product_tag","embeddable":true,"href":"https:\/\/antderground.com\/ca\/wp-json\/wp\/v2\/product_tag?post=16467"}],"curies":[{"name":"wp","href":"https:\/\/api.w.org\/{rel}","templated":true}]}}