{"id":19664,"date":"2022-03-17T20:31:21","date_gmt":"2022-03-17T19:31:21","guid":{"rendered":"https:\/\/www.antderground.com\/producto\/armadillidium-klugii-5-unitats\/"},"modified":"2024-03-25T10:40:14","modified_gmt":"2024-03-25T09:40:14","slug":"armadillidium-klugii-5-unitats","status":"publish","type":"product","link":"https:\/\/antderground.com\/ca\/producte\/armadillidium-klugii-5-unitats\/","title":{"rendered":"Armadillidium klugii"},"content":{"rendered":"<p><strong>Nom cient\u00edfic:<\/strong> Armadillidium klugii<br \/>\nNom com\u00fa: Is\u00f2pode com\u00fa europeu<br \/>\nClasse: Malacostraca Ordre: Isopoda<br \/>\nFam\u00edlia: Armadillidiidae<br \/>\nG\u00e8nere: Armadillidium<br \/>\nEsp\u00e8cie: A. klugii<\/p>\n<p><strong>Descripci\u00f3:<\/strong><\/p>\n<ul>\n<li>Armadillidium klugii \u00e9s una esp\u00e8cie d&#8217;is\u00f2pode terrestre, tamb\u00e9 conegut com a cuc de la humitat o puput.<\/li>\n<li>El seu cos est\u00e0 format per segments i es redueix a una bola quan se sent amena\u00e7at, protegint aix\u00ed el seu abdomen.<\/li>\n<li>Tenen un exosquelet que els proporciona protecci\u00f3 contra la deshidrataci\u00f3.<\/li>\n<\/ul>\n<p><strong>Distribuci\u00f3:<\/strong><\/p>\n<ul>\n<li>Aquesta esp\u00e8cie es troba com\u00fament a Europa, especialment en \u00e0rees humides i ombr\u00edvoles com ara boscos, jardins i sota roques o troncs en descomposici\u00f3.<\/li>\n<\/ul>\n<p><strong>H\u00e0bitat i comportament:<\/strong><\/p>\n<ul>\n<li>Armadillidium klugii \u00e9s una esp\u00e8cie nocturna i s&#8217;alimenta de mat\u00e8ria org\u00e0nica en descomposici\u00f3, contribuint aix\u00ed al proc\u00e9s de descomposici\u00f3 i reciclatge de nutrients al s\u00f2l.<\/li>\n<li>Prefereixen \u00e0rees humides i eviten la llum directa del sol.<\/li>\n<li>S\u00f3n coneguts per la seva capacitat per a enrotllar-se en una bola quan se senten amena\u00e7ats, el que els ajuda a protegir-se dels depredadors.<\/li>\n<\/ul>\n<p><strong>Ecologia:<\/strong><\/p>\n<ul>\n<li>A. klugii t\u00e9 un paper important en els ecosistemes en contribuir a la descomposici\u00f3 de mat\u00e8ria org\u00e0nica i al cicle de nutrients del s\u00f2l.<\/li>\n<li>S\u00f3n una font d&#8217;aliment per a una varietat d&#8217;animals, com ara ocells, amfibis i alguns insectes.<\/li>\n<li>Tamb\u00e9 poden ser utilitzats en estudis cient\u00edfics sobre comportament animal, ecologia i fisiologia.<\/li>\n<\/ul>\n","protected":false},"excerpt":{"rendered":"<p>Diferents opcions<\/p>\n","protected":false},"featured_media":19594,"template":"","meta":[],"product_brand":[],"product_cat":[420,422,710],"product_tag":[],"class_list":{"0":"post-19664","1":"product","2":"type-product","3":"status-publish","4":"has-post-thumbnail","6":"product_cat-artropodes","7":"product_cat-isopodes-ca","8":"product_cat-armadillidium","10":"first","11":"outofstock","12":"shipping-taxable","13":"purchasable","14":"product-type-variable"},"yoast_head":"<!-- This site is optimized with the Yoast SEO plugin v27.4 - https:\/\/yoast.com\/product\/yoast-seo-wordpress\/ -->\n<title>Armadillidium klugii - ANTDERGROUND<\/title>\n<meta name=\"description\" content=\"Descobreix aquesta varietat de Armadillidium klugii una mena d&#039;is\u00f2podes sorprenent, es venen en pack de 5.\" \/>\n<meta name=\"robots\" content=\"index, follow, max-snippet:-1, max-image-preview:large, max-video-preview:-1\" \/>\n<link rel=\"canonical\" href=\"https:\/\/antderground.com\/ca\/producte\/armadillidium-klugii-5-unitats\/\" \/>\n<meta property=\"og:locale\" content=\"ca_ES\" \/>\n<meta property=\"og:type\" content=\"article\" \/>\n<meta property=\"og:title\" content=\"Armadillidium klugii - ANTDERGROUND\" \/>\n<meta property=\"og:description\" content=\"Descobreix aquesta varietat de Armadillidium klugii una mena d&#039;is\u00f2podes sorprenent, es venen en pack de 5.\" \/>\n<meta property=\"og:url\" content=\"https:\/\/antderground.com\/ca\/producte\/armadillidium-klugii-5-unitats\/\" \/>\n<meta property=\"og:site_name\" content=\"ANTDERGROUND\" \/>\n<meta property=\"article:modified_time\" content=\"2024-03-25T09:40:14+00:00\" \/>\n<meta property=\"og:image\" content=\"https:\/\/antderground.com\/wp-content\/uploads\/2022\/03\/Armadillum-kluguii.jpeg\" \/>\n\t<meta property=\"og:image:width\" content=\"709\" \/>\n\t<meta property=\"og:image:height\" content=\"740\" \/>\n\t<meta property=\"og:image:type\" content=\"image\/jpeg\" \/>\n<meta name=\"twitter:card\" content=\"summary_large_image\" \/>\n<meta name=\"twitter:label1\" content=\"Temps estimat de lectura\" \/>\n\t<meta name=\"twitter:data1\" content=\"1 minut\" \/>\n<script type=\"application\/ld+json\" class=\"yoast-schema-graph\">{\"@context\":\"https:\\\/\\\/schema.org\",\"@graph\":[{\"@type\":\"WebPage\",\"@id\":\"https:\\\/\\\/antderground.com\\\/ca\\\/producte\\\/armadillidium-klugii-5-unitats\\\/\",\"url\":\"https:\\\/\\\/antderground.com\\\/ca\\\/producte\\\/armadillidium-klugii-5-unitats\\\/\",\"name\":\"Armadillidium klugii - ANTDERGROUND\",\"isPartOf\":{\"@id\":\"https:\\\/\\\/antderground.com\\\/ca\\\/#website\"},\"primaryImageOfPage\":{\"@id\":\"https:\\\/\\\/antderground.com\\\/ca\\\/producte\\\/armadillidium-klugii-5-unitats\\\/#primaryimage\"},\"image\":{\"@id\":\"https:\\\/\\\/antderground.com\\\/ca\\\/producte\\\/armadillidium-klugii-5-unitats\\\/#primaryimage\"},\"thumbnailUrl\":\"https:\\\/\\\/antderground.com\\\/wp-content\\\/uploads\\\/2022\\\/03\\\/Armadillum-kluguii.jpeg\",\"datePublished\":\"2022-03-17T19:31:21+00:00\",\"dateModified\":\"2024-03-25T09:40:14+00:00\",\"description\":\"Descobreix aquesta varietat de Armadillidium klugii una mena d'is\u00f2podes sorprenent, es venen en pack de 5.\",\"breadcrumb\":{\"@id\":\"https:\\\/\\\/antderground.com\\\/ca\\\/producte\\\/armadillidium-klugii-5-unitats\\\/#breadcrumb\"},\"inLanguage\":\"ca\",\"potentialAction\":[{\"@type\":\"ReadAction\",\"target\":[\"https:\\\/\\\/antderground.com\\\/ca\\\/producte\\\/armadillidium-klugii-5-unitats\\\/\"]}]},{\"@type\":\"ImageObject\",\"inLanguage\":\"ca\",\"@id\":\"https:\\\/\\\/antderground.com\\\/ca\\\/producte\\\/armadillidium-klugii-5-unitats\\\/#primaryimage\",\"url\":\"https:\\\/\\\/antderground.com\\\/wp-content\\\/uploads\\\/2022\\\/03\\\/Armadillum-kluguii.jpeg\",\"contentUrl\":\"https:\\\/\\\/antderground.com\\\/wp-content\\\/uploads\\\/2022\\\/03\\\/Armadillum-kluguii.jpeg\",\"width\":709,\"height\":740},{\"@type\":\"BreadcrumbList\",\"@id\":\"https:\\\/\\\/antderground.com\\\/ca\\\/producte\\\/armadillidium-klugii-5-unitats\\\/#breadcrumb\",\"itemListElement\":[{\"@type\":\"ListItem\",\"position\":1,\"name\":\"Portada\",\"item\":\"https:\\\/\\\/antderground.com\\\/ca\\\/\"},{\"@type\":\"ListItem\",\"position\":2,\"name\":\"Productes\",\"item\":\"https:\\\/\\\/antderground.com\\\/ca\\\/productes\\\/\"},{\"@type\":\"ListItem\",\"position\":3,\"name\":\"Armadillidium klugii\"}]},{\"@type\":\"WebSite\",\"@id\":\"https:\\\/\\\/antderground.com\\\/ca\\\/#website\",\"url\":\"https:\\\/\\\/antderground.com\\\/ca\\\/\",\"name\":\"ANTDERGROUND\",\"description\":\"Tu tienda de hormigas, gran variedad de hormigueros acr\u00edlicos,madera,arena,3D y mas.. Pide tus hormigas gratis con tu pedido, somos expertos en hormigueros antifugas.\",\"publisher\":{\"@id\":\"https:\\\/\\\/antderground.com\\\/ca\\\/#\\\/schema\\\/person\\\/0e322c505e84fe72c65e2f6d08f96b81\"},\"alternateName\":\"Antderground\",\"potentialAction\":[{\"@type\":\"SearchAction\",\"target\":{\"@type\":\"EntryPoint\",\"urlTemplate\":\"https:\\\/\\\/antderground.com\\\/ca\\\/?s={search_term_string}\"},\"query-input\":{\"@type\":\"PropertyValueSpecification\",\"valueRequired\":true,\"valueName\":\"search_term_string\"}}],\"inLanguage\":\"ca\"},{\"@type\":[\"Person\",\"Organization\"],\"@id\":\"https:\\\/\\\/antderground.com\\\/ca\\\/#\\\/schema\\\/person\\\/0e322c505e84fe72c65e2f6d08f96b81\",\"name\":\"Eric de Antderground\",\"image\":{\"@type\":\"ImageObject\",\"inLanguage\":\"ca\",\"@id\":\"https:\\\/\\\/secure.gravatar.com\\\/avatar\\\/c49a1b9f79216d1498cb73c1e85cd47f4465dda35f2a94c03790d491bd4423c3?s=96&d=mm&r=g\",\"url\":\"https:\\\/\\\/secure.gravatar.com\\\/avatar\\\/c49a1b9f79216d1498cb73c1e85cd47f4465dda35f2a94c03790d491bd4423c3?s=96&d=mm&r=g\",\"contentUrl\":\"https:\\\/\\\/secure.gravatar.com\\\/avatar\\\/c49a1b9f79216d1498cb73c1e85cd47f4465dda35f2a94c03790d491bd4423c3?s=96&d=mm&r=g\",\"caption\":\"Eric de Antderground\"},\"logo\":{\"@id\":\"https:\\\/\\\/secure.gravatar.com\\\/avatar\\\/c49a1b9f79216d1498cb73c1e85cd47f4465dda35f2a94c03790d491bd4423c3?s=96&d=mm&r=g\"},\"description\":\"Eric es el especialista y fundador de Antderground, con una amplia trayectoria en artr\u00f3podos y enfocado en la mirmecolog\u00eda y el dise\u00f1o de hormigueros artificiales. Su enfoque combina la innovaci\u00f3n t\u00e9cnica con el respeto por la biolog\u00eda de las hormigas, is\u00f3podos y otros, desarrollando sistemas de nidos modulares 3D y acr\u00edlicos que son referentes para aficionados y profesionales en toda Europa. Su objetivo es facilitar la cr\u00eda de hormigas y otros artr\u00f3podos mediante soluciones seguras y divulgaci\u00f3n de calidad.\",\"sameAs\":[\"https:\\\/\\\/antderground.com\\\/\",\"https:\\\/\\\/www.youtube.com\\\/channel\\\/UCio72z7TlbufkAthAJIJfPw\"]}]}<\/script>\n<!-- \/ Yoast SEO plugin. -->","yoast_head_json":{"title":"Armadillidium klugii - ANTDERGROUND","description":"Descobreix aquesta varietat de Armadillidium klugii una mena d'is\u00f2podes sorprenent, es venen en pack de 5.","robots":{"index":"index","follow":"follow","max-snippet":"max-snippet:-1","max-image-preview":"max-image-preview:large","max-video-preview":"max-video-preview:-1"},"canonical":"https:\/\/antderground.com\/ca\/producte\/armadillidium-klugii-5-unitats\/","og_locale":"ca_ES","og_type":"article","og_title":"Armadillidium klugii - ANTDERGROUND","og_description":"Descobreix aquesta varietat de Armadillidium klugii una mena d'is\u00f2podes sorprenent, es venen en pack de 5.","og_url":"https:\/\/antderground.com\/ca\/producte\/armadillidium-klugii-5-unitats\/","og_site_name":"ANTDERGROUND","article_modified_time":"2024-03-25T09:40:14+00:00","og_image":[{"width":709,"height":740,"url":"https:\/\/antderground.com\/wp-content\/uploads\/2022\/03\/Armadillum-kluguii.jpeg","type":"image\/jpeg"}],"twitter_card":"summary_large_image","twitter_misc":{"Temps estimat de lectura":"1 minut"},"schema":{"@context":"https:\/\/schema.org","@graph":[{"@type":"WebPage","@id":"https:\/\/antderground.com\/ca\/producte\/armadillidium-klugii-5-unitats\/","url":"https:\/\/antderground.com\/ca\/producte\/armadillidium-klugii-5-unitats\/","name":"Armadillidium klugii - ANTDERGROUND","isPartOf":{"@id":"https:\/\/antderground.com\/ca\/#website"},"primaryImageOfPage":{"@id":"https:\/\/antderground.com\/ca\/producte\/armadillidium-klugii-5-unitats\/#primaryimage"},"image":{"@id":"https:\/\/antderground.com\/ca\/producte\/armadillidium-klugii-5-unitats\/#primaryimage"},"thumbnailUrl":"https:\/\/antderground.com\/wp-content\/uploads\/2022\/03\/Armadillum-kluguii.jpeg","datePublished":"2022-03-17T19:31:21+00:00","dateModified":"2024-03-25T09:40:14+00:00","description":"Descobreix aquesta varietat de Armadillidium klugii una mena d'is\u00f2podes sorprenent, es venen en pack de 5.","breadcrumb":{"@id":"https:\/\/antderground.com\/ca\/producte\/armadillidium-klugii-5-unitats\/#breadcrumb"},"inLanguage":"ca","potentialAction":[{"@type":"ReadAction","target":["https:\/\/antderground.com\/ca\/producte\/armadillidium-klugii-5-unitats\/"]}]},{"@type":"ImageObject","inLanguage":"ca","@id":"https:\/\/antderground.com\/ca\/producte\/armadillidium-klugii-5-unitats\/#primaryimage","url":"https:\/\/antderground.com\/wp-content\/uploads\/2022\/03\/Armadillum-kluguii.jpeg","contentUrl":"https:\/\/antderground.com\/wp-content\/uploads\/2022\/03\/Armadillum-kluguii.jpeg","width":709,"height":740},{"@type":"BreadcrumbList","@id":"https:\/\/antderground.com\/ca\/producte\/armadillidium-klugii-5-unitats\/#breadcrumb","itemListElement":[{"@type":"ListItem","position":1,"name":"Portada","item":"https:\/\/antderground.com\/ca\/"},{"@type":"ListItem","position":2,"name":"Productes","item":"https:\/\/antderground.com\/ca\/productes\/"},{"@type":"ListItem","position":3,"name":"Armadillidium klugii"}]},{"@type":"WebSite","@id":"https:\/\/antderground.com\/ca\/#website","url":"https:\/\/antderground.com\/ca\/","name":"ANTDERGROUND","description":"Tu tienda de hormigas, gran variedad de hormigueros acr\u00edlicos,madera,arena,3D y mas.. Pide tus hormigas gratis con tu pedido, somos expertos en hormigueros antifugas.","publisher":{"@id":"https:\/\/antderground.com\/ca\/#\/schema\/person\/0e322c505e84fe72c65e2f6d08f96b81"},"alternateName":"Antderground","potentialAction":[{"@type":"SearchAction","target":{"@type":"EntryPoint","urlTemplate":"https:\/\/antderground.com\/ca\/?s={search_term_string}"},"query-input":{"@type":"PropertyValueSpecification","valueRequired":true,"valueName":"search_term_string"}}],"inLanguage":"ca"},{"@type":["Person","Organization"],"@id":"https:\/\/antderground.com\/ca\/#\/schema\/person\/0e322c505e84fe72c65e2f6d08f96b81","name":"Eric de Antderground","image":{"@type":"ImageObject","inLanguage":"ca","@id":"https:\/\/secure.gravatar.com\/avatar\/c49a1b9f79216d1498cb73c1e85cd47f4465dda35f2a94c03790d491bd4423c3?s=96&d=mm&r=g","url":"https:\/\/secure.gravatar.com\/avatar\/c49a1b9f79216d1498cb73c1e85cd47f4465dda35f2a94c03790d491bd4423c3?s=96&d=mm&r=g","contentUrl":"https:\/\/secure.gravatar.com\/avatar\/c49a1b9f79216d1498cb73c1e85cd47f4465dda35f2a94c03790d491bd4423c3?s=96&d=mm&r=g","caption":"Eric de Antderground"},"logo":{"@id":"https:\/\/secure.gravatar.com\/avatar\/c49a1b9f79216d1498cb73c1e85cd47f4465dda35f2a94c03790d491bd4423c3?s=96&d=mm&r=g"},"description":"Eric es el especialista y fundador de Antderground, con una amplia trayectoria en artr\u00f3podos y enfocado en la mirmecolog\u00eda y el dise\u00f1o de hormigueros artificiales. Su enfoque combina la innovaci\u00f3n t\u00e9cnica con el respeto por la biolog\u00eda de las hormigas, is\u00f3podos y otros, desarrollando sistemas de nidos modulares 3D y acr\u00edlicos que son referentes para aficionados y profesionales en toda Europa. Su objetivo es facilitar la cr\u00eda de hormigas y otros artr\u00f3podos mediante soluciones seguras y divulgaci\u00f3n de calidad.","sameAs":["https:\/\/antderground.com\/","https:\/\/www.youtube.com\/channel\/UCio72z7TlbufkAthAJIJfPw"]}]}},"_links":{"self":[{"href":"https:\/\/antderground.com\/ca\/wp-json\/wp\/v2\/product\/19664","targetHints":{"allow":["GET"]}}],"collection":[{"href":"https:\/\/antderground.com\/ca\/wp-json\/wp\/v2\/product"}],"about":[{"href":"https:\/\/antderground.com\/ca\/wp-json\/wp\/v2\/types\/product"}],"version-history":[{"count":0,"href":"https:\/\/antderground.com\/ca\/wp-json\/wp\/v2\/product\/19664\/revisions"}],"wp:featuredmedia":[{"embeddable":true,"href":"https:\/\/antderground.com\/ca\/wp-json\/wp\/v2\/media\/19594"}],"wp:attachment":[{"href":"https:\/\/antderground.com\/ca\/wp-json\/wp\/v2\/media?parent=19664"}],"wp:term":[{"taxonomy":"product_brand","embeddable":true,"href":"https:\/\/antderground.com\/ca\/wp-json\/wp\/v2\/product_brand?post=19664"},{"taxonomy":"product_cat","embeddable":true,"href":"https:\/\/antderground.com\/ca\/wp-json\/wp\/v2\/product_cat?post=19664"},{"taxonomy":"product_tag","embeddable":true,"href":"https:\/\/antderground.com\/ca\/wp-json\/wp\/v2\/product_tag?post=19664"}],"curies":[{"name":"wp","href":"https:\/\/api.w.org\/{rel}","templated":true}]}}