{"id":20270,"date":"2022-06-14T20:39:44","date_gmt":"2022-06-14T18:39:44","guid":{"rendered":"https:\/\/www.antderground.com\/producto\/formiguer-ideal-per-reines-amb-diposit-superior\/"},"modified":"2024-08-19T13:03:09","modified_gmt":"2024-08-19T11:03:09","slug":"formiguer-ideal-per-reines-amb-diposit-superior","status":"publish","type":"product","link":"https:\/\/antderground.com\/ca\/producte\/formiguer-ideal-per-reines-amb-diposit-superior\/","title":{"rendered":"Niu 3D v2 de 7\u00d74,5 cm (Reiner Actualitzat)"},"content":{"rendered":"<p>Et presentem la versi\u00f3 2 del niu Reinero en 3D, dissenyat especialment per a aquells que busquen iniciar col\u00f2nies de formigues amb comoditat i seguretat. Aquesta versi\u00f3 millorada incorpora noves caracter\u00edstiques que n&#8217;optimitzen la funcionalitat i la durabilitat.<\/p>\n<p>Ideal per comen\u00e7ar amb una reina o formiga reina amb poques formigues obreres.<br \/>\nEl formiguer o niu de formigues realitza la mateixa funci\u00f3 que un tub d&#8217;assaig per\u00f2 amb el gran avantatge de portar un dip\u00f2sit de gran capacitat per alimentar les nostres formigues.<\/p>\n<p>La zona de les formigues es pot obrir amb facilitat per netejar si fos necessari.<\/p>\n<p>Millores del niu:<\/p>\n<ul>\n<li>Connexions: Optimitzaci\u00f3 de les connexions per a una instal\u00b7laci\u00f3 m\u00e9s senzilla i segura.<\/li>\n<li>Divis\u00f2ria interior: Part divis\u00f2ria que no es tanca completament, permetent una expansi\u00f3 controlada de la col\u00f2nia.<\/li>\n<li>Abeurador: Nou sistema amb connexi\u00f3 f\u00e0cil, facilitant el subministrament d&#8217;aigua.<br \/>\nMaterial i acabats:<\/li>\n<li>Material: Fabricat en PLA, un material que proporciona excel\u00b7lents acabats i mant\u00e9 una alta resist\u00e8ncia.<\/li>\n<\/ul>\n<p>Si est\u00e0s buscant alguna <a href=\"https:\/\/antderground.com\/ca\/categoria-producte\/formigues-exotiques\/\">formiga ex\u00f2tica<\/a> o buscant formigues reines pot visitar la nostra zona de formigues.<\/p>\n","protected":false},"excerpt":{"rendered":"<p>Descobreix la versi\u00f3 2 del niu (Reiner) en 3D, ideal per iniciar col\u00f2nies de formigues. Aquesta nova versi\u00f3 millora les connexions i compta amb una part divis\u00f2ria interior que no es tanca facilitant l&#8217;expansi\u00f3. Inclou un abeurador amb connexi\u00f3 f\u00e0cil i el formiguer est\u00e0 fabricat en material PLA, que ofereix millors acabats i la mateixa resist\u00e8ncia.<\/p>\n<p>Caracter\u00edstiques del formiguer:<\/p>\n<p>Mida: 7 cm x 4,5 cm<br \/>\nDip\u00f2sit: 20 ml (nou sistema)<br \/>\nColor: Blanc<br \/>\nTapa: Inclosa, color vermell<br \/>\nPorta: Girat\u00f2ria amb sistema de seguretat<\/p>\n","protected":false},"featured_media":35850,"template":"","meta":[],"product_brand":[],"product_cat":[165,435,195,310],"product_tag":[],"class_list":{"0":"post-20270","1":"product","2":"type-product","3":"status-publish","4":"has-post-thumbnail","6":"product_cat-formiguers","7":"product_cat-formiguers-3d-ca","8":"product_cat-nius-claustrals-guarderies","9":"product_cat-novetats","11":"first","12":"instock","13":"shipping-taxable","14":"purchasable","15":"product-type-simple"},"yoast_head":"<!-- This site is optimized with the Yoast SEO plugin v27.3 - https:\/\/yoast.com\/product\/yoast-seo-wordpress\/ -->\n<title>Niu de formigues 3D ideal per a les nostres reines! ANTDERGROUND<\/title>\n<meta name=\"description\" content=\"Descobreix aquest niu de formigues ideal per comen\u00e7ar una col\u00f2nia de formigues, un formiguer ideal per a les nostres formigues reina!!\" \/>\n<meta name=\"robots\" content=\"index, follow, max-snippet:-1, max-image-preview:large, max-video-preview:-1\" \/>\n<link rel=\"canonical\" href=\"https:\/\/antderground.com\/ca\/producte\/formiguer-ideal-per-reines-amb-diposit-superior\/\" \/>\n<meta property=\"og:locale\" content=\"ca_ES\" \/>\n<meta property=\"og:type\" content=\"article\" \/>\n<meta property=\"og:title\" content=\"Niu de formigues 3D ideal per a les nostres reines! ANTDERGROUND\" \/>\n<meta property=\"og:description\" content=\"Descobreix aquest niu de formigues ideal per comen\u00e7ar una col\u00f2nia de formigues, un formiguer ideal per a les nostres formigues reina!!\" \/>\n<meta property=\"og:url\" content=\"https:\/\/antderground.com\/ca\/producte\/formiguer-ideal-per-reines-amb-diposit-superior\/\" \/>\n<meta property=\"og:site_name\" content=\"ANTDERGROUND\" \/>\n<meta property=\"article:modified_time\" content=\"2024-08-19T11:03:09+00:00\" \/>\n<meta property=\"og:image\" content=\"https:\/\/antderground.com\/wp-content\/uploads\/2022\/06\/reinerovv2.jpg\" \/>\n\t<meta property=\"og:image:width\" content=\"1600\" \/>\n\t<meta property=\"og:image:height\" content=\"1600\" \/>\n\t<meta property=\"og:image:type\" content=\"image\/jpeg\" \/>\n<meta name=\"twitter:card\" content=\"summary_large_image\" \/>\n<meta name=\"twitter:label1\" content=\"Temps estimat de lectura\" \/>\n\t<meta name=\"twitter:data1\" content=\"1 minut\" \/>\n<script type=\"application\/ld+json\" class=\"yoast-schema-graph\">{\"@context\":\"https:\\\/\\\/schema.org\",\"@graph\":[{\"@type\":\"WebPage\",\"@id\":\"https:\\\/\\\/antderground.com\\\/ca\\\/producte\\\/formiguer-ideal-per-reines-amb-diposit-superior\\\/\",\"url\":\"https:\\\/\\\/antderground.com\\\/ca\\\/producte\\\/formiguer-ideal-per-reines-amb-diposit-superior\\\/\",\"name\":\"Niu de formigues 3D ideal per a les nostres reines! ANTDERGROUND\",\"isPartOf\":{\"@id\":\"https:\\\/\\\/antderground.com\\\/ca\\\/#website\"},\"primaryImageOfPage\":{\"@id\":\"https:\\\/\\\/antderground.com\\\/ca\\\/producte\\\/formiguer-ideal-per-reines-amb-diposit-superior\\\/#primaryimage\"},\"image\":{\"@id\":\"https:\\\/\\\/antderground.com\\\/ca\\\/producte\\\/formiguer-ideal-per-reines-amb-diposit-superior\\\/#primaryimage\"},\"thumbnailUrl\":\"https:\\\/\\\/antderground.com\\\/wp-content\\\/uploads\\\/2022\\\/06\\\/reinerovv2.jpg\",\"datePublished\":\"2022-06-14T18:39:44+00:00\",\"dateModified\":\"2024-08-19T11:03:09+00:00\",\"description\":\"Descobreix aquest niu de formigues ideal per comen\u00e7ar una col\u00f2nia de formigues, un formiguer ideal per a les nostres formigues reina!!\",\"breadcrumb\":{\"@id\":\"https:\\\/\\\/antderground.com\\\/ca\\\/producte\\\/formiguer-ideal-per-reines-amb-diposit-superior\\\/#breadcrumb\"},\"inLanguage\":\"ca\",\"potentialAction\":[{\"@type\":\"ReadAction\",\"target\":[\"https:\\\/\\\/antderground.com\\\/ca\\\/producte\\\/formiguer-ideal-per-reines-amb-diposit-superior\\\/\"]}]},{\"@type\":\"ImageObject\",\"inLanguage\":\"ca\",\"@id\":\"https:\\\/\\\/antderground.com\\\/ca\\\/producte\\\/formiguer-ideal-per-reines-amb-diposit-superior\\\/#primaryimage\",\"url\":\"https:\\\/\\\/antderground.com\\\/wp-content\\\/uploads\\\/2022\\\/06\\\/reinerovv2.jpg\",\"contentUrl\":\"https:\\\/\\\/antderground.com\\\/wp-content\\\/uploads\\\/2022\\\/06\\\/reinerovv2.jpg\",\"width\":1600,\"height\":1600,\"caption\":\"Niu 3D v2 de 7\u00d74,5 cm (Reiner Actualitzat)\"},{\"@type\":\"BreadcrumbList\",\"@id\":\"https:\\\/\\\/antderground.com\\\/ca\\\/producte\\\/formiguer-ideal-per-reines-amb-diposit-superior\\\/#breadcrumb\",\"itemListElement\":[{\"@type\":\"ListItem\",\"position\":1,\"name\":\"Portada\",\"item\":\"https:\\\/\\\/antderground.com\\\/ca\\\/\"},{\"@type\":\"ListItem\",\"position\":2,\"name\":\"Productes\",\"item\":\"https:\\\/\\\/antderground.com\\\/ca\\\/productes\\\/\"},{\"@type\":\"ListItem\",\"position\":3,\"name\":\"Niu 3D v2 de 7\u00d74,5 cm (Reiner Actualitzat)\"}]},{\"@type\":\"WebSite\",\"@id\":\"https:\\\/\\\/antderground.com\\\/ca\\\/#website\",\"url\":\"https:\\\/\\\/antderground.com\\\/ca\\\/\",\"name\":\"ANTDERGROUND\",\"description\":\"Tu tienda de hormigas, gran variedad de hormigueros acr\u00edlicos,madera,arena,3D y mas.. Pide tus hormigas gratis con tu pedido, somos expertos en hormigueros antifugas.\",\"publisher\":{\"@id\":\"https:\\\/\\\/antderground.com\\\/ca\\\/#\\\/schema\\\/person\\\/0e322c505e84fe72c65e2f6d08f96b81\"},\"alternateName\":\"Antderground\",\"potentialAction\":[{\"@type\":\"SearchAction\",\"target\":{\"@type\":\"EntryPoint\",\"urlTemplate\":\"https:\\\/\\\/antderground.com\\\/ca\\\/?s={search_term_string}\"},\"query-input\":{\"@type\":\"PropertyValueSpecification\",\"valueRequired\":true,\"valueName\":\"search_term_string\"}}],\"inLanguage\":\"ca\"},{\"@type\":[\"Person\",\"Organization\"],\"@id\":\"https:\\\/\\\/antderground.com\\\/ca\\\/#\\\/schema\\\/person\\\/0e322c505e84fe72c65e2f6d08f96b81\",\"name\":\"Eric de Antderground\",\"image\":{\"@type\":\"ImageObject\",\"inLanguage\":\"ca\",\"@id\":\"https:\\\/\\\/secure.gravatar.com\\\/avatar\\\/c49a1b9f79216d1498cb73c1e85cd47f4465dda35f2a94c03790d491bd4423c3?s=96&d=mm&r=g\",\"url\":\"https:\\\/\\\/secure.gravatar.com\\\/avatar\\\/c49a1b9f79216d1498cb73c1e85cd47f4465dda35f2a94c03790d491bd4423c3?s=96&d=mm&r=g\",\"contentUrl\":\"https:\\\/\\\/secure.gravatar.com\\\/avatar\\\/c49a1b9f79216d1498cb73c1e85cd47f4465dda35f2a94c03790d491bd4423c3?s=96&d=mm&r=g\",\"caption\":\"Eric de Antderground\"},\"logo\":{\"@id\":\"https:\\\/\\\/secure.gravatar.com\\\/avatar\\\/c49a1b9f79216d1498cb73c1e85cd47f4465dda35f2a94c03790d491bd4423c3?s=96&d=mm&r=g\"},\"description\":\"Eric es el especialista y fundador de Antderground, con una amplia trayectoria en artr\u00f3podos y enfocado en la mirmecolog\u00eda y el dise\u00f1o de hormigueros artificiales. Su enfoque combina la innovaci\u00f3n t\u00e9cnica con el respeto por la biolog\u00eda de las hormigas, is\u00f3podos y otros, desarrollando sistemas de nidos modulares 3D y acr\u00edlicos que son referentes para aficionados y profesionales en toda Europa. Su objetivo es facilitar la cr\u00eda de hormigas y otros artr\u00f3podos mediante soluciones seguras y divulgaci\u00f3n de calidad.\",\"sameAs\":[\"https:\\\/\\\/antderground.com\\\/\",\"https:\\\/\\\/www.youtube.com\\\/channel\\\/UCio72z7TlbufkAthAJIJfPw\"]}]}<\/script>\n<!-- \/ Yoast SEO plugin. -->","yoast_head_json":{"title":"Niu de formigues 3D ideal per a les nostres reines! ANTDERGROUND","description":"Descobreix aquest niu de formigues ideal per comen\u00e7ar una col\u00f2nia de formigues, un formiguer ideal per a les nostres formigues reina!!","robots":{"index":"index","follow":"follow","max-snippet":"max-snippet:-1","max-image-preview":"max-image-preview:large","max-video-preview":"max-video-preview:-1"},"canonical":"https:\/\/antderground.com\/ca\/producte\/formiguer-ideal-per-reines-amb-diposit-superior\/","og_locale":"ca_ES","og_type":"article","og_title":"Niu de formigues 3D ideal per a les nostres reines! ANTDERGROUND","og_description":"Descobreix aquest niu de formigues ideal per comen\u00e7ar una col\u00f2nia de formigues, un formiguer ideal per a les nostres formigues reina!!","og_url":"https:\/\/antderground.com\/ca\/producte\/formiguer-ideal-per-reines-amb-diposit-superior\/","og_site_name":"ANTDERGROUND","article_modified_time":"2024-08-19T11:03:09+00:00","og_image":[{"width":1600,"height":1600,"url":"https:\/\/antderground.com\/wp-content\/uploads\/2022\/06\/reinerovv2.jpg","type":"image\/jpeg"}],"twitter_card":"summary_large_image","twitter_misc":{"Temps estimat de lectura":"1 minut"},"schema":{"@context":"https:\/\/schema.org","@graph":[{"@type":"WebPage","@id":"https:\/\/antderground.com\/ca\/producte\/formiguer-ideal-per-reines-amb-diposit-superior\/","url":"https:\/\/antderground.com\/ca\/producte\/formiguer-ideal-per-reines-amb-diposit-superior\/","name":"Niu de formigues 3D ideal per a les nostres reines! ANTDERGROUND","isPartOf":{"@id":"https:\/\/antderground.com\/ca\/#website"},"primaryImageOfPage":{"@id":"https:\/\/antderground.com\/ca\/producte\/formiguer-ideal-per-reines-amb-diposit-superior\/#primaryimage"},"image":{"@id":"https:\/\/antderground.com\/ca\/producte\/formiguer-ideal-per-reines-amb-diposit-superior\/#primaryimage"},"thumbnailUrl":"https:\/\/antderground.com\/wp-content\/uploads\/2022\/06\/reinerovv2.jpg","datePublished":"2022-06-14T18:39:44+00:00","dateModified":"2024-08-19T11:03:09+00:00","description":"Descobreix aquest niu de formigues ideal per comen\u00e7ar una col\u00f2nia de formigues, un formiguer ideal per a les nostres formigues reina!!","breadcrumb":{"@id":"https:\/\/antderground.com\/ca\/producte\/formiguer-ideal-per-reines-amb-diposit-superior\/#breadcrumb"},"inLanguage":"ca","potentialAction":[{"@type":"ReadAction","target":["https:\/\/antderground.com\/ca\/producte\/formiguer-ideal-per-reines-amb-diposit-superior\/"]}]},{"@type":"ImageObject","inLanguage":"ca","@id":"https:\/\/antderground.com\/ca\/producte\/formiguer-ideal-per-reines-amb-diposit-superior\/#primaryimage","url":"https:\/\/antderground.com\/wp-content\/uploads\/2022\/06\/reinerovv2.jpg","contentUrl":"https:\/\/antderground.com\/wp-content\/uploads\/2022\/06\/reinerovv2.jpg","width":1600,"height":1600,"caption":"Niu 3D v2 de 7\u00d74,5 cm (Reiner Actualitzat)"},{"@type":"BreadcrumbList","@id":"https:\/\/antderground.com\/ca\/producte\/formiguer-ideal-per-reines-amb-diposit-superior\/#breadcrumb","itemListElement":[{"@type":"ListItem","position":1,"name":"Portada","item":"https:\/\/antderground.com\/ca\/"},{"@type":"ListItem","position":2,"name":"Productes","item":"https:\/\/antderground.com\/ca\/productes\/"},{"@type":"ListItem","position":3,"name":"Niu 3D v2 de 7\u00d74,5 cm (Reiner Actualitzat)"}]},{"@type":"WebSite","@id":"https:\/\/antderground.com\/ca\/#website","url":"https:\/\/antderground.com\/ca\/","name":"ANTDERGROUND","description":"Tu tienda de hormigas, gran variedad de hormigueros acr\u00edlicos,madera,arena,3D y mas.. Pide tus hormigas gratis con tu pedido, somos expertos en hormigueros antifugas.","publisher":{"@id":"https:\/\/antderground.com\/ca\/#\/schema\/person\/0e322c505e84fe72c65e2f6d08f96b81"},"alternateName":"Antderground","potentialAction":[{"@type":"SearchAction","target":{"@type":"EntryPoint","urlTemplate":"https:\/\/antderground.com\/ca\/?s={search_term_string}"},"query-input":{"@type":"PropertyValueSpecification","valueRequired":true,"valueName":"search_term_string"}}],"inLanguage":"ca"},{"@type":["Person","Organization"],"@id":"https:\/\/antderground.com\/ca\/#\/schema\/person\/0e322c505e84fe72c65e2f6d08f96b81","name":"Eric de Antderground","image":{"@type":"ImageObject","inLanguage":"ca","@id":"https:\/\/secure.gravatar.com\/avatar\/c49a1b9f79216d1498cb73c1e85cd47f4465dda35f2a94c03790d491bd4423c3?s=96&d=mm&r=g","url":"https:\/\/secure.gravatar.com\/avatar\/c49a1b9f79216d1498cb73c1e85cd47f4465dda35f2a94c03790d491bd4423c3?s=96&d=mm&r=g","contentUrl":"https:\/\/secure.gravatar.com\/avatar\/c49a1b9f79216d1498cb73c1e85cd47f4465dda35f2a94c03790d491bd4423c3?s=96&d=mm&r=g","caption":"Eric de Antderground"},"logo":{"@id":"https:\/\/secure.gravatar.com\/avatar\/c49a1b9f79216d1498cb73c1e85cd47f4465dda35f2a94c03790d491bd4423c3?s=96&d=mm&r=g"},"description":"Eric es el especialista y fundador de Antderground, con una amplia trayectoria en artr\u00f3podos y enfocado en la mirmecolog\u00eda y el dise\u00f1o de hormigueros artificiales. Su enfoque combina la innovaci\u00f3n t\u00e9cnica con el respeto por la biolog\u00eda de las hormigas, is\u00f3podos y otros, desarrollando sistemas de nidos modulares 3D y acr\u00edlicos que son referentes para aficionados y profesionales en toda Europa. Su objetivo es facilitar la cr\u00eda de hormigas y otros artr\u00f3podos mediante soluciones seguras y divulgaci\u00f3n de calidad.","sameAs":["https:\/\/antderground.com\/","https:\/\/www.youtube.com\/channel\/UCio72z7TlbufkAthAJIJfPw"]}]}},"_links":{"self":[{"href":"https:\/\/antderground.com\/ca\/wp-json\/wp\/v2\/product\/20270","targetHints":{"allow":["GET"]}}],"collection":[{"href":"https:\/\/antderground.com\/ca\/wp-json\/wp\/v2\/product"}],"about":[{"href":"https:\/\/antderground.com\/ca\/wp-json\/wp\/v2\/types\/product"}],"version-history":[{"count":0,"href":"https:\/\/antderground.com\/ca\/wp-json\/wp\/v2\/product\/20270\/revisions"}],"wp:featuredmedia":[{"embeddable":true,"href":"https:\/\/antderground.com\/ca\/wp-json\/wp\/v2\/media\/35850"}],"wp:attachment":[{"href":"https:\/\/antderground.com\/ca\/wp-json\/wp\/v2\/media?parent=20270"}],"wp:term":[{"taxonomy":"product_brand","embeddable":true,"href":"https:\/\/antderground.com\/ca\/wp-json\/wp\/v2\/product_brand?post=20270"},{"taxonomy":"product_cat","embeddable":true,"href":"https:\/\/antderground.com\/ca\/wp-json\/wp\/v2\/product_cat?post=20270"},{"taxonomy":"product_tag","embeddable":true,"href":"https:\/\/antderground.com\/ca\/wp-json\/wp\/v2\/product_tag?post=20270"}],"curies":[{"name":"wp","href":"https:\/\/api.w.org\/{rel}","templated":true}]}}