{"id":20964,"date":"2022-10-05T22:47:30","date_gmt":"2022-10-05T20:47:30","guid":{"rendered":"https:\/\/www.antderground.com\/producto\/antdertube-formiguer-tub-10x25\/"},"modified":"2024-12-02T10:34:19","modified_gmt":"2024-12-02T09:34:19","slug":"antdertube-formiguer-tub-10x25","status":"publish","type":"product","link":"https:\/\/antderground.com\/ca\/producte\/antdertube-formiguer-tub-10x25\/","title":{"rendered":"AntderTube (Formiguer tub) 10&#215;2,5"},"content":{"rendered":"<p>Descobreix el nostre nou formiguer tub amb dip\u00f2sit vertical (AntderTube), un disseny pensat per a la comoditat de les formigues i la facilitat de tots els usuaris.<\/p>\n<p>Com es visualitza a la part superior el formiguer 3d versi\u00f3 tub consta d&#8217;una mida de 10 cm de llargada per 2,5 cm d&#8217;amplada amb un interior amb diferents nivells per oferir m\u00e9s realisme. Inclou tapa vermella evitant que la llum interfereixi en el desenvolupament de la col\u00f2nia de formigues. (Exemple: provocant estr\u00e8s)<\/p>\n<p>A la part davantera t\u00e9 un tap ideal per facilitar l\u00b4alimentaci\u00f3 de la nostra formiga reina o formigues en general durant la seva estada.<\/p>\n<h2>Fusionar un tub i un formiguer?<\/h2>\n<p>F\u00e0cil! Fusionant aquests dos conceptes podem oferir m\u00e9s seguretat i comoditat per a les diferents esp\u00e8cies de formigues, tamb\u00e9 per comoditat de l&#8217;usuari ja que aquesta fusi\u00f3 evita haver de moure les formigues d&#8217;un lloc a l&#8217;altre i \u00e9s m\u00e9s f\u00e0cil per alimentar les formigues.<\/p>\n<h3>Amb diposit vertical!!<\/h3>\n<p>Amb el nostre sistema de dip\u00f2sit vertical garanteixes que les nostres formigues puguin aprofitar fins a la darrera gota.<\/p>\n<p>Hi ha versions horitzontals per\u00f2 el principal desavantatge dels dip\u00f2sits horitzontals \u00e9s que arriba un punt que el l\u00edquid ja no s&#8217;aprofita.<\/p>\n<h4>Perqu\u00e8 un tap a la part davantera?<\/h4>\n<p>El material del tap permet administrar Antnectar sense haver-lo de retirar( usant xeringa amb agulla).<\/p>\n","protected":false},"excerpt":{"rendered":"<p>Bye Bye tubs amb cot\u00f3!! L&#8217;AntderTube d&#8217;Antderground \u00e9s la fusi\u00f3 perfecta entre un formiguer 3d i un tub, ideal per tenir les nostres formigues ben cuidades.<\/p>\n<p><strong>Caracter\u00edstiques del formiguer tub:<\/strong><br \/>\nGrand\u00e0ria: 10 cm x 2,5 cm<br \/>\nDip\u00f2sit: 10 ml (nou sistema de f\u00e0cil connexi\u00f3).<br \/>\nCambres\/galeria: Diferents al\u00e7ades.<br \/>\nColor: Blanc<br \/>\nTapa: inclosa color vermell.<br \/>\nTap: Si<\/p>\n<p>Descobreix m\u00e9s caracter\u00edstiques m\u00e9s avall.<\/p>\n","protected":false},"featured_media":37486,"template":"","meta":[],"product_brand":[],"product_cat":[175,165,435],"product_tag":[],"class_list":{"0":"post-20964","1":"product","2":"type-product","3":"status-publish","4":"has-post-thumbnail","6":"product_cat-tubs","7":"product_cat-formiguers","8":"product_cat-formiguers-3d-ca","10":"first","11":"instock","12":"shipping-taxable","13":"purchasable","14":"product-type-simple"},"yoast_head":"<!-- This site is optimized with the Yoast SEO plugin v27.4 - https:\/\/yoast.com\/product\/yoast-seo-wordpress\/ -->\n<title>AntderTube (Formiguer tub) 10x2,5 - ANTDERGROUND<\/title>\n<meta name=\"description\" content=\"L&#039;AntderTube d&#039;Antderground \u00e9s la fusi\u00f3 perfecta entre un formiguer 3d i un tub, ideal per tenir les nostres formigues ben cuidades.\" \/>\n<meta name=\"robots\" content=\"index, follow, max-snippet:-1, max-image-preview:large, max-video-preview:-1\" \/>\n<link rel=\"canonical\" href=\"https:\/\/antderground.com\/ca\/producte\/antdertube-formiguer-tub-10x25\/\" \/>\n<meta property=\"og:locale\" content=\"ca_ES\" \/>\n<meta property=\"og:type\" content=\"article\" \/>\n<meta property=\"og:title\" content=\"AntderTube (Formiguer tub) 10x2,5 - ANTDERGROUND\" \/>\n<meta property=\"og:description\" content=\"L&#039;AntderTube d&#039;Antderground \u00e9s la fusi\u00f3 perfecta entre un formiguer 3d i un tub, ideal per tenir les nostres formigues ben cuidades.\" \/>\n<meta property=\"og:url\" content=\"https:\/\/antderground.com\/ca\/producte\/antdertube-formiguer-tub-10x25\/\" \/>\n<meta property=\"og:site_name\" content=\"ANTDERGROUND\" \/>\n<meta property=\"article:modified_time\" content=\"2024-12-02T09:34:19+00:00\" \/>\n<meta property=\"og:image\" content=\"https:\/\/antderground.com\/wp-content\/uploads\/2022\/10\/WhatsApp-Image-2022-10-05-at-14.45.46-min.jpeg\" \/>\n\t<meta property=\"og:image:width\" content=\"1600\" \/>\n\t<meta property=\"og:image:height\" content=\"1600\" \/>\n\t<meta property=\"og:image:type\" content=\"image\/jpeg\" \/>\n<meta name=\"twitter:card\" content=\"summary_large_image\" \/>\n<meta name=\"twitter:label1\" content=\"Temps estimat de lectura\" \/>\n\t<meta name=\"twitter:data1\" content=\"1 minut\" \/>\n<script type=\"application\/ld+json\" class=\"yoast-schema-graph\">{\"@context\":\"https:\\\/\\\/schema.org\",\"@graph\":[{\"@type\":\"WebPage\",\"@id\":\"https:\\\/\\\/antderground.com\\\/ca\\\/producte\\\/antdertube-formiguer-tub-10x25\\\/\",\"url\":\"https:\\\/\\\/antderground.com\\\/ca\\\/producte\\\/antdertube-formiguer-tub-10x25\\\/\",\"name\":\"AntderTube (Formiguer tub) 10x2,5 - ANTDERGROUND\",\"isPartOf\":{\"@id\":\"https:\\\/\\\/antderground.com\\\/ca\\\/#website\"},\"primaryImageOfPage\":{\"@id\":\"https:\\\/\\\/antderground.com\\\/ca\\\/producte\\\/antdertube-formiguer-tub-10x25\\\/#primaryimage\"},\"image\":{\"@id\":\"https:\\\/\\\/antderground.com\\\/ca\\\/producte\\\/antdertube-formiguer-tub-10x25\\\/#primaryimage\"},\"thumbnailUrl\":\"https:\\\/\\\/antderground.com\\\/wp-content\\\/uploads\\\/2022\\\/10\\\/AntderTube-principal-bo.png\",\"datePublished\":\"2022-10-05T20:47:30+00:00\",\"dateModified\":\"2024-12-02T09:34:19+00:00\",\"description\":\"L'AntderTube d'Antderground \u00e9s la fusi\u00f3 perfecta entre un formiguer 3d i un tub, ideal per tenir les nostres formigues ben cuidades.\",\"breadcrumb\":{\"@id\":\"https:\\\/\\\/antderground.com\\\/ca\\\/producte\\\/antdertube-formiguer-tub-10x25\\\/#breadcrumb\"},\"inLanguage\":\"ca\",\"potentialAction\":[{\"@type\":\"ReadAction\",\"target\":[\"https:\\\/\\\/antderground.com\\\/ca\\\/producte\\\/antdertube-formiguer-tub-10x25\\\/\"]}]},{\"@type\":\"ImageObject\",\"inLanguage\":\"ca\",\"@id\":\"https:\\\/\\\/antderground.com\\\/ca\\\/producte\\\/antdertube-formiguer-tub-10x25\\\/#primaryimage\",\"url\":\"https:\\\/\\\/antderground.com\\\/wp-content\\\/uploads\\\/2022\\\/10\\\/AntderTube-principal-bo.png\",\"contentUrl\":\"https:\\\/\\\/antderground.com\\\/wp-content\\\/uploads\\\/2022\\\/10\\\/AntderTube-principal-bo.png\",\"width\":1280,\"height\":1280,\"caption\":\"antdertube hormiguero\"},{\"@type\":\"BreadcrumbList\",\"@id\":\"https:\\\/\\\/antderground.com\\\/ca\\\/producte\\\/antdertube-formiguer-tub-10x25\\\/#breadcrumb\",\"itemListElement\":[{\"@type\":\"ListItem\",\"position\":1,\"name\":\"Portada\",\"item\":\"https:\\\/\\\/antderground.com\\\/ca\\\/\"},{\"@type\":\"ListItem\",\"position\":2,\"name\":\"Productes\",\"item\":\"https:\\\/\\\/antderground.com\\\/ca\\\/productes\\\/\"},{\"@type\":\"ListItem\",\"position\":3,\"name\":\"AntderTube (Formiguer tub) 10&#215;2,5\"}]},{\"@type\":\"WebSite\",\"@id\":\"https:\\\/\\\/antderground.com\\\/ca\\\/#website\",\"url\":\"https:\\\/\\\/antderground.com\\\/ca\\\/\",\"name\":\"ANTDERGROUND\",\"description\":\"Tu tienda de hormigas, gran variedad de hormigueros acr\u00edlicos,madera,arena,3D y mas.. Pide tus hormigas gratis con tu pedido, somos expertos en hormigueros antifugas.\",\"publisher\":{\"@id\":\"https:\\\/\\\/antderground.com\\\/ca\\\/#\\\/schema\\\/person\\\/0e322c505e84fe72c65e2f6d08f96b81\"},\"alternateName\":\"Antderground\",\"potentialAction\":[{\"@type\":\"SearchAction\",\"target\":{\"@type\":\"EntryPoint\",\"urlTemplate\":\"https:\\\/\\\/antderground.com\\\/ca\\\/?s={search_term_string}\"},\"query-input\":{\"@type\":\"PropertyValueSpecification\",\"valueRequired\":true,\"valueName\":\"search_term_string\"}}],\"inLanguage\":\"ca\"},{\"@type\":[\"Person\",\"Organization\"],\"@id\":\"https:\\\/\\\/antderground.com\\\/ca\\\/#\\\/schema\\\/person\\\/0e322c505e84fe72c65e2f6d08f96b81\",\"name\":\"Eric de Antderground\",\"image\":{\"@type\":\"ImageObject\",\"inLanguage\":\"ca\",\"@id\":\"https:\\\/\\\/secure.gravatar.com\\\/avatar\\\/c49a1b9f79216d1498cb73c1e85cd47f4465dda35f2a94c03790d491bd4423c3?s=96&d=mm&r=g\",\"url\":\"https:\\\/\\\/secure.gravatar.com\\\/avatar\\\/c49a1b9f79216d1498cb73c1e85cd47f4465dda35f2a94c03790d491bd4423c3?s=96&d=mm&r=g\",\"contentUrl\":\"https:\\\/\\\/secure.gravatar.com\\\/avatar\\\/c49a1b9f79216d1498cb73c1e85cd47f4465dda35f2a94c03790d491bd4423c3?s=96&d=mm&r=g\",\"caption\":\"Eric de Antderground\"},\"logo\":{\"@id\":\"https:\\\/\\\/secure.gravatar.com\\\/avatar\\\/c49a1b9f79216d1498cb73c1e85cd47f4465dda35f2a94c03790d491bd4423c3?s=96&d=mm&r=g\"},\"description\":\"Eric es el especialista y fundador de Antderground, con una amplia trayectoria en artr\u00f3podos y enfocado en la mirmecolog\u00eda y el dise\u00f1o de hormigueros artificiales. Su enfoque combina la innovaci\u00f3n t\u00e9cnica con el respeto por la biolog\u00eda de las hormigas, is\u00f3podos y otros, desarrollando sistemas de nidos modulares 3D y acr\u00edlicos que son referentes para aficionados y profesionales en toda Europa. Su objetivo es facilitar la cr\u00eda de hormigas y otros artr\u00f3podos mediante soluciones seguras y divulgaci\u00f3n de calidad.\",\"sameAs\":[\"https:\\\/\\\/antderground.com\\\/\",\"https:\\\/\\\/www.youtube.com\\\/channel\\\/UCio72z7TlbufkAthAJIJfPw\"]}]}<\/script>\n<!-- \/ Yoast SEO plugin. -->","yoast_head_json":{"title":"AntderTube (Formiguer tub) 10x2,5 - ANTDERGROUND","description":"L'AntderTube d'Antderground \u00e9s la fusi\u00f3 perfecta entre un formiguer 3d i un tub, ideal per tenir les nostres formigues ben cuidades.","robots":{"index":"index","follow":"follow","max-snippet":"max-snippet:-1","max-image-preview":"max-image-preview:large","max-video-preview":"max-video-preview:-1"},"canonical":"https:\/\/antderground.com\/ca\/producte\/antdertube-formiguer-tub-10x25\/","og_locale":"ca_ES","og_type":"article","og_title":"AntderTube (Formiguer tub) 10x2,5 - ANTDERGROUND","og_description":"L'AntderTube d'Antderground \u00e9s la fusi\u00f3 perfecta entre un formiguer 3d i un tub, ideal per tenir les nostres formigues ben cuidades.","og_url":"https:\/\/antderground.com\/ca\/producte\/antdertube-formiguer-tub-10x25\/","og_site_name":"ANTDERGROUND","article_modified_time":"2024-12-02T09:34:19+00:00","og_image":[{"width":1600,"height":1600,"url":"https:\/\/antderground.com\/wp-content\/uploads\/2022\/10\/WhatsApp-Image-2022-10-05-at-14.45.46-min.jpeg","type":"image\/jpeg"}],"twitter_card":"summary_large_image","twitter_misc":{"Temps estimat de lectura":"1 minut"},"schema":{"@context":"https:\/\/schema.org","@graph":[{"@type":"WebPage","@id":"https:\/\/antderground.com\/ca\/producte\/antdertube-formiguer-tub-10x25\/","url":"https:\/\/antderground.com\/ca\/producte\/antdertube-formiguer-tub-10x25\/","name":"AntderTube (Formiguer tub) 10x2,5 - ANTDERGROUND","isPartOf":{"@id":"https:\/\/antderground.com\/ca\/#website"},"primaryImageOfPage":{"@id":"https:\/\/antderground.com\/ca\/producte\/antdertube-formiguer-tub-10x25\/#primaryimage"},"image":{"@id":"https:\/\/antderground.com\/ca\/producte\/antdertube-formiguer-tub-10x25\/#primaryimage"},"thumbnailUrl":"https:\/\/antderground.com\/wp-content\/uploads\/2022\/10\/AntderTube-principal-bo.png","datePublished":"2022-10-05T20:47:30+00:00","dateModified":"2024-12-02T09:34:19+00:00","description":"L'AntderTube d'Antderground \u00e9s la fusi\u00f3 perfecta entre un formiguer 3d i un tub, ideal per tenir les nostres formigues ben cuidades.","breadcrumb":{"@id":"https:\/\/antderground.com\/ca\/producte\/antdertube-formiguer-tub-10x25\/#breadcrumb"},"inLanguage":"ca","potentialAction":[{"@type":"ReadAction","target":["https:\/\/antderground.com\/ca\/producte\/antdertube-formiguer-tub-10x25\/"]}]},{"@type":"ImageObject","inLanguage":"ca","@id":"https:\/\/antderground.com\/ca\/producte\/antdertube-formiguer-tub-10x25\/#primaryimage","url":"https:\/\/antderground.com\/wp-content\/uploads\/2022\/10\/AntderTube-principal-bo.png","contentUrl":"https:\/\/antderground.com\/wp-content\/uploads\/2022\/10\/AntderTube-principal-bo.png","width":1280,"height":1280,"caption":"antdertube hormiguero"},{"@type":"BreadcrumbList","@id":"https:\/\/antderground.com\/ca\/producte\/antdertube-formiguer-tub-10x25\/#breadcrumb","itemListElement":[{"@type":"ListItem","position":1,"name":"Portada","item":"https:\/\/antderground.com\/ca\/"},{"@type":"ListItem","position":2,"name":"Productes","item":"https:\/\/antderground.com\/ca\/productes\/"},{"@type":"ListItem","position":3,"name":"AntderTube (Formiguer tub) 10&#215;2,5"}]},{"@type":"WebSite","@id":"https:\/\/antderground.com\/ca\/#website","url":"https:\/\/antderground.com\/ca\/","name":"ANTDERGROUND","description":"Tu tienda de hormigas, gran variedad de hormigueros acr\u00edlicos,madera,arena,3D y mas.. Pide tus hormigas gratis con tu pedido, somos expertos en hormigueros antifugas.","publisher":{"@id":"https:\/\/antderground.com\/ca\/#\/schema\/person\/0e322c505e84fe72c65e2f6d08f96b81"},"alternateName":"Antderground","potentialAction":[{"@type":"SearchAction","target":{"@type":"EntryPoint","urlTemplate":"https:\/\/antderground.com\/ca\/?s={search_term_string}"},"query-input":{"@type":"PropertyValueSpecification","valueRequired":true,"valueName":"search_term_string"}}],"inLanguage":"ca"},{"@type":["Person","Organization"],"@id":"https:\/\/antderground.com\/ca\/#\/schema\/person\/0e322c505e84fe72c65e2f6d08f96b81","name":"Eric de Antderground","image":{"@type":"ImageObject","inLanguage":"ca","@id":"https:\/\/secure.gravatar.com\/avatar\/c49a1b9f79216d1498cb73c1e85cd47f4465dda35f2a94c03790d491bd4423c3?s=96&d=mm&r=g","url":"https:\/\/secure.gravatar.com\/avatar\/c49a1b9f79216d1498cb73c1e85cd47f4465dda35f2a94c03790d491bd4423c3?s=96&d=mm&r=g","contentUrl":"https:\/\/secure.gravatar.com\/avatar\/c49a1b9f79216d1498cb73c1e85cd47f4465dda35f2a94c03790d491bd4423c3?s=96&d=mm&r=g","caption":"Eric de Antderground"},"logo":{"@id":"https:\/\/secure.gravatar.com\/avatar\/c49a1b9f79216d1498cb73c1e85cd47f4465dda35f2a94c03790d491bd4423c3?s=96&d=mm&r=g"},"description":"Eric es el especialista y fundador de Antderground, con una amplia trayectoria en artr\u00f3podos y enfocado en la mirmecolog\u00eda y el dise\u00f1o de hormigueros artificiales. Su enfoque combina la innovaci\u00f3n t\u00e9cnica con el respeto por la biolog\u00eda de las hormigas, is\u00f3podos y otros, desarrollando sistemas de nidos modulares 3D y acr\u00edlicos que son referentes para aficionados y profesionales en toda Europa. Su objetivo es facilitar la cr\u00eda de hormigas y otros artr\u00f3podos mediante soluciones seguras y divulgaci\u00f3n de calidad.","sameAs":["https:\/\/antderground.com\/","https:\/\/www.youtube.com\/channel\/UCio72z7TlbufkAthAJIJfPw"]}]}},"_links":{"self":[{"href":"https:\/\/antderground.com\/ca\/wp-json\/wp\/v2\/product\/20964","targetHints":{"allow":["GET"]}}],"collection":[{"href":"https:\/\/antderground.com\/ca\/wp-json\/wp\/v2\/product"}],"about":[{"href":"https:\/\/antderground.com\/ca\/wp-json\/wp\/v2\/types\/product"}],"version-history":[{"count":0,"href":"https:\/\/antderground.com\/ca\/wp-json\/wp\/v2\/product\/20964\/revisions"}],"wp:featuredmedia":[{"embeddable":true,"href":"https:\/\/antderground.com\/ca\/wp-json\/wp\/v2\/media\/37486"}],"wp:attachment":[{"href":"https:\/\/antderground.com\/ca\/wp-json\/wp\/v2\/media?parent=20964"}],"wp:term":[{"taxonomy":"product_brand","embeddable":true,"href":"https:\/\/antderground.com\/ca\/wp-json\/wp\/v2\/product_brand?post=20964"},{"taxonomy":"product_cat","embeddable":true,"href":"https:\/\/antderground.com\/ca\/wp-json\/wp\/v2\/product_cat?post=20964"},{"taxonomy":"product_tag","embeddable":true,"href":"https:\/\/antderground.com\/ca\/wp-json\/wp\/v2\/product_tag?post=20964"}],"curies":[{"name":"wp","href":"https:\/\/api.w.org\/{rel}","templated":true}]}}