{"id":22047,"date":"2022-05-09T13:51:05","date_gmt":"2022-05-09T11:51:05","guid":{"rendered":"https:\/\/www.antderground.com\/producto\/camponotus-pilicornis\/"},"modified":"2023-12-21T23:00:05","modified_gmt":"2023-12-21T22:00:05","slug":"camponotus-pilicornis","status":"publish","type":"product","link":"https:\/\/antderground.com\/ca\/producte\/camponotus-pilicornis\/","title":{"rendered":"Camponotus pilicornis"},"content":{"rendered":"<p>Camponotus pilicornis<\/p>\n<p>Descripci\u00f3: Les \u201cPilis\u201d es caracteritzen per tenir una mida considerable i per ser una mena de formigues amb tonalitats ambre. Aquestes tonalitats de color, juntament amb el fet que no \u00e9s f\u00e0cil de trobar, la fan una de les esp\u00e8cies aut\u00f2ctones m\u00e9s cotitzades. Requereix de poca humitat al niu, i d&#8217;h\u00e0bits nocturns. Molt sensible a vibracions, especialment als inicis de la col\u00f2nia. Un cop la col\u00f2nia ja presenta m\u00e9s de 15 individus, i se li donen les cures m\u00ednimes, es pot arribar a tenir una col\u00f2nia de grans dimensions.<\/p>\n<p>Origen: Espanya, Portugal i Fran\u00e7a.<\/p>\n<p>Formiguers recomanats: Acr\u00edlics, Ytong, verticals amb substrat.<\/p>\n<p>Temperatura: 21 \u2013 24 \u00baC<\/p>\n<p>Humitat: 50 &#8211; 60%<\/p>\n<p>Hibernaci\u00f3: Si. De finals d\u00b4octubre fins a finals de mar\u00e7, entre unes temperatures de 8 a 11 \u00baC.<\/p>\n<p>Alimentaci\u00f3: Antn\u00e8ctar, petits insectes.<\/p>\n","protected":false},"excerpt":{"rendered":"<p>Camponotus pilicornis Descripci\u00f3: Les \u201cPilis\u201d es caracteritzen per tenir una mida considerable i per ser una mena de formigues amb<\/p>\n","protected":false},"featured_media":19979,"template":"","meta":[],"product_brand":[],"product_cat":[164,312],"product_tag":[],"class_list":{"0":"post-22047","1":"product","2":"type-product","3":"status-publish","4":"has-post-thumbnail","6":"product_cat-formigues","7":"product_cat-formigues-autoctones","9":"first","10":"outofstock","11":"shipping-taxable","12":"purchasable","13":"product-type-variable"},"yoast_head":"<!-- This site is optimized with the Yoast SEO plugin v27.3 - https:\/\/yoast.com\/product\/yoast-seo-wordpress\/ -->\n<title>Camponotus pilicornis - ANTDERGROUND<\/title>\n<meta name=\"description\" content=\"Descobreix aquesta impressionant formiga color ambre Camponotus pilicornis. Una formiga amb una mida considerable. Troba les teves formigues i formiguers.\" \/>\n<meta name=\"robots\" content=\"index, follow, max-snippet:-1, max-image-preview:large, max-video-preview:-1\" \/>\n<link rel=\"canonical\" href=\"https:\/\/antderground.com\/ca\/producte\/camponotus-pilicornis\/\" \/>\n<meta property=\"og:locale\" content=\"ca_ES\" \/>\n<meta property=\"og:type\" content=\"article\" \/>\n<meta property=\"og:title\" content=\"Camponotus pilicornis - ANTDERGROUND\" \/>\n<meta property=\"og:description\" content=\"Descobreix aquesta impressionant formiga color ambre Camponotus pilicornis. Una formiga amb una mida considerable. Troba les teves formigues i formiguers.\" \/>\n<meta property=\"og:url\" content=\"https:\/\/antderground.com\/ca\/producte\/camponotus-pilicornis\/\" \/>\n<meta property=\"og:site_name\" content=\"ANTDERGROUND\" \/>\n<meta property=\"article:modified_time\" content=\"2023-12-21T22:00:05+00:00\" \/>\n<meta property=\"og:image\" content=\"https:\/\/antderground.com\/wp-content\/uploads\/2022\/05\/IMG_20220509_132343.jpg\" \/>\n\t<meta property=\"og:image:width\" content=\"1566\" \/>\n\t<meta property=\"og:image:height\" content=\"1566\" \/>\n\t<meta property=\"og:image:type\" content=\"image\/jpeg\" \/>\n<meta name=\"twitter:card\" content=\"summary_large_image\" \/>\n<meta name=\"twitter:label1\" content=\"Temps estimat de lectura\" \/>\n\t<meta name=\"twitter:data1\" content=\"1 minut\" \/>\n<script type=\"application\/ld+json\" class=\"yoast-schema-graph\">{\"@context\":\"https:\\\/\\\/schema.org\",\"@graph\":[{\"@type\":\"WebPage\",\"@id\":\"https:\\\/\\\/antderground.com\\\/ca\\\/producte\\\/camponotus-pilicornis\\\/\",\"url\":\"https:\\\/\\\/antderground.com\\\/ca\\\/producte\\\/camponotus-pilicornis\\\/\",\"name\":\"Camponotus pilicornis - ANTDERGROUND\",\"isPartOf\":{\"@id\":\"https:\\\/\\\/antderground.com\\\/ca\\\/#website\"},\"primaryImageOfPage\":{\"@id\":\"https:\\\/\\\/antderground.com\\\/ca\\\/producte\\\/camponotus-pilicornis\\\/#primaryimage\"},\"image\":{\"@id\":\"https:\\\/\\\/antderground.com\\\/ca\\\/producte\\\/camponotus-pilicornis\\\/#primaryimage\"},\"thumbnailUrl\":\"https:\\\/\\\/antderground.com\\\/wp-content\\\/uploads\\\/2022\\\/05\\\/IMG_20220509_132343.jpg\",\"datePublished\":\"2022-05-09T11:51:05+00:00\",\"dateModified\":\"2023-12-21T22:00:05+00:00\",\"description\":\"Descobreix aquesta impressionant formiga color ambre Camponotus pilicornis. Una formiga amb una mida considerable. Troba les teves formigues i formiguers.\",\"breadcrumb\":{\"@id\":\"https:\\\/\\\/antderground.com\\\/ca\\\/producte\\\/camponotus-pilicornis\\\/#breadcrumb\"},\"inLanguage\":\"ca\",\"potentialAction\":[{\"@type\":\"ReadAction\",\"target\":[\"https:\\\/\\\/antderground.com\\\/ca\\\/producte\\\/camponotus-pilicornis\\\/\"]}]},{\"@type\":\"ImageObject\",\"inLanguage\":\"ca\",\"@id\":\"https:\\\/\\\/antderground.com\\\/ca\\\/producte\\\/camponotus-pilicornis\\\/#primaryimage\",\"url\":\"https:\\\/\\\/antderground.com\\\/wp-content\\\/uploads\\\/2022\\\/05\\\/IMG_20220509_132343.jpg\",\"contentUrl\":\"https:\\\/\\\/antderground.com\\\/wp-content\\\/uploads\\\/2022\\\/05\\\/IMG_20220509_132343.jpg\",\"width\":1566,\"height\":1566},{\"@type\":\"BreadcrumbList\",\"@id\":\"https:\\\/\\\/antderground.com\\\/ca\\\/producte\\\/camponotus-pilicornis\\\/#breadcrumb\",\"itemListElement\":[{\"@type\":\"ListItem\",\"position\":1,\"name\":\"Portada\",\"item\":\"https:\\\/\\\/antderground.com\\\/ca\\\/\"},{\"@type\":\"ListItem\",\"position\":2,\"name\":\"Productes\",\"item\":\"https:\\\/\\\/antderground.com\\\/ca\\\/productes\\\/\"},{\"@type\":\"ListItem\",\"position\":3,\"name\":\"Camponotus pilicornis\"}]},{\"@type\":\"WebSite\",\"@id\":\"https:\\\/\\\/antderground.com\\\/ca\\\/#website\",\"url\":\"https:\\\/\\\/antderground.com\\\/ca\\\/\",\"name\":\"ANTDERGROUND\",\"description\":\"Tu tienda de hormigas, gran variedad de hormigueros acr\u00edlicos,madera,arena,3D y mas.. Pide tus hormigas gratis con tu pedido, somos expertos en hormigueros antifugas.\",\"publisher\":{\"@id\":\"https:\\\/\\\/antderground.com\\\/ca\\\/#\\\/schema\\\/person\\\/0e322c505e84fe72c65e2f6d08f96b81\"},\"alternateName\":\"Antderground\",\"potentialAction\":[{\"@type\":\"SearchAction\",\"target\":{\"@type\":\"EntryPoint\",\"urlTemplate\":\"https:\\\/\\\/antderground.com\\\/ca\\\/?s={search_term_string}\"},\"query-input\":{\"@type\":\"PropertyValueSpecification\",\"valueRequired\":true,\"valueName\":\"search_term_string\"}}],\"inLanguage\":\"ca\"},{\"@type\":[\"Person\",\"Organization\"],\"@id\":\"https:\\\/\\\/antderground.com\\\/ca\\\/#\\\/schema\\\/person\\\/0e322c505e84fe72c65e2f6d08f96b81\",\"name\":\"Eric de Antderground\",\"image\":{\"@type\":\"ImageObject\",\"inLanguage\":\"ca\",\"@id\":\"https:\\\/\\\/secure.gravatar.com\\\/avatar\\\/c49a1b9f79216d1498cb73c1e85cd47f4465dda35f2a94c03790d491bd4423c3?s=96&d=mm&r=g\",\"url\":\"https:\\\/\\\/secure.gravatar.com\\\/avatar\\\/c49a1b9f79216d1498cb73c1e85cd47f4465dda35f2a94c03790d491bd4423c3?s=96&d=mm&r=g\",\"contentUrl\":\"https:\\\/\\\/secure.gravatar.com\\\/avatar\\\/c49a1b9f79216d1498cb73c1e85cd47f4465dda35f2a94c03790d491bd4423c3?s=96&d=mm&r=g\",\"caption\":\"Eric de Antderground\"},\"logo\":{\"@id\":\"https:\\\/\\\/secure.gravatar.com\\\/avatar\\\/c49a1b9f79216d1498cb73c1e85cd47f4465dda35f2a94c03790d491bd4423c3?s=96&d=mm&r=g\"},\"description\":\"Eric es el especialista y fundador de Antderground, con una amplia trayectoria en artr\u00f3podos y enfocado en la mirmecolog\u00eda y el dise\u00f1o de hormigueros artificiales. Su enfoque combina la innovaci\u00f3n t\u00e9cnica con el respeto por la biolog\u00eda de las hormigas, is\u00f3podos y otros, desarrollando sistemas de nidos modulares 3D y acr\u00edlicos que son referentes para aficionados y profesionales en toda Europa. Su objetivo es facilitar la cr\u00eda de hormigas y otros artr\u00f3podos mediante soluciones seguras y divulgaci\u00f3n de calidad.\",\"sameAs\":[\"https:\\\/\\\/antderground.com\\\/\",\"https:\\\/\\\/www.youtube.com\\\/channel\\\/UCio72z7TlbufkAthAJIJfPw\"]}]}<\/script>\n<!-- \/ Yoast SEO plugin. -->","yoast_head_json":{"title":"Camponotus pilicornis - ANTDERGROUND","description":"Descobreix aquesta impressionant formiga color ambre Camponotus pilicornis. Una formiga amb una mida considerable. Troba les teves formigues i formiguers.","robots":{"index":"index","follow":"follow","max-snippet":"max-snippet:-1","max-image-preview":"max-image-preview:large","max-video-preview":"max-video-preview:-1"},"canonical":"https:\/\/antderground.com\/ca\/producte\/camponotus-pilicornis\/","og_locale":"ca_ES","og_type":"article","og_title":"Camponotus pilicornis - ANTDERGROUND","og_description":"Descobreix aquesta impressionant formiga color ambre Camponotus pilicornis. Una formiga amb una mida considerable. Troba les teves formigues i formiguers.","og_url":"https:\/\/antderground.com\/ca\/producte\/camponotus-pilicornis\/","og_site_name":"ANTDERGROUND","article_modified_time":"2023-12-21T22:00:05+00:00","og_image":[{"width":1566,"height":1566,"url":"https:\/\/antderground.com\/wp-content\/uploads\/2022\/05\/IMG_20220509_132343.jpg","type":"image\/jpeg"}],"twitter_card":"summary_large_image","twitter_misc":{"Temps estimat de lectura":"1 minut"},"schema":{"@context":"https:\/\/schema.org","@graph":[{"@type":"WebPage","@id":"https:\/\/antderground.com\/ca\/producte\/camponotus-pilicornis\/","url":"https:\/\/antderground.com\/ca\/producte\/camponotus-pilicornis\/","name":"Camponotus pilicornis - ANTDERGROUND","isPartOf":{"@id":"https:\/\/antderground.com\/ca\/#website"},"primaryImageOfPage":{"@id":"https:\/\/antderground.com\/ca\/producte\/camponotus-pilicornis\/#primaryimage"},"image":{"@id":"https:\/\/antderground.com\/ca\/producte\/camponotus-pilicornis\/#primaryimage"},"thumbnailUrl":"https:\/\/antderground.com\/wp-content\/uploads\/2022\/05\/IMG_20220509_132343.jpg","datePublished":"2022-05-09T11:51:05+00:00","dateModified":"2023-12-21T22:00:05+00:00","description":"Descobreix aquesta impressionant formiga color ambre Camponotus pilicornis. Una formiga amb una mida considerable. Troba les teves formigues i formiguers.","breadcrumb":{"@id":"https:\/\/antderground.com\/ca\/producte\/camponotus-pilicornis\/#breadcrumb"},"inLanguage":"ca","potentialAction":[{"@type":"ReadAction","target":["https:\/\/antderground.com\/ca\/producte\/camponotus-pilicornis\/"]}]},{"@type":"ImageObject","inLanguage":"ca","@id":"https:\/\/antderground.com\/ca\/producte\/camponotus-pilicornis\/#primaryimage","url":"https:\/\/antderground.com\/wp-content\/uploads\/2022\/05\/IMG_20220509_132343.jpg","contentUrl":"https:\/\/antderground.com\/wp-content\/uploads\/2022\/05\/IMG_20220509_132343.jpg","width":1566,"height":1566},{"@type":"BreadcrumbList","@id":"https:\/\/antderground.com\/ca\/producte\/camponotus-pilicornis\/#breadcrumb","itemListElement":[{"@type":"ListItem","position":1,"name":"Portada","item":"https:\/\/antderground.com\/ca\/"},{"@type":"ListItem","position":2,"name":"Productes","item":"https:\/\/antderground.com\/ca\/productes\/"},{"@type":"ListItem","position":3,"name":"Camponotus pilicornis"}]},{"@type":"WebSite","@id":"https:\/\/antderground.com\/ca\/#website","url":"https:\/\/antderground.com\/ca\/","name":"ANTDERGROUND","description":"Tu tienda de hormigas, gran variedad de hormigueros acr\u00edlicos,madera,arena,3D y mas.. Pide tus hormigas gratis con tu pedido, somos expertos en hormigueros antifugas.","publisher":{"@id":"https:\/\/antderground.com\/ca\/#\/schema\/person\/0e322c505e84fe72c65e2f6d08f96b81"},"alternateName":"Antderground","potentialAction":[{"@type":"SearchAction","target":{"@type":"EntryPoint","urlTemplate":"https:\/\/antderground.com\/ca\/?s={search_term_string}"},"query-input":{"@type":"PropertyValueSpecification","valueRequired":true,"valueName":"search_term_string"}}],"inLanguage":"ca"},{"@type":["Person","Organization"],"@id":"https:\/\/antderground.com\/ca\/#\/schema\/person\/0e322c505e84fe72c65e2f6d08f96b81","name":"Eric de Antderground","image":{"@type":"ImageObject","inLanguage":"ca","@id":"https:\/\/secure.gravatar.com\/avatar\/c49a1b9f79216d1498cb73c1e85cd47f4465dda35f2a94c03790d491bd4423c3?s=96&d=mm&r=g","url":"https:\/\/secure.gravatar.com\/avatar\/c49a1b9f79216d1498cb73c1e85cd47f4465dda35f2a94c03790d491bd4423c3?s=96&d=mm&r=g","contentUrl":"https:\/\/secure.gravatar.com\/avatar\/c49a1b9f79216d1498cb73c1e85cd47f4465dda35f2a94c03790d491bd4423c3?s=96&d=mm&r=g","caption":"Eric de Antderground"},"logo":{"@id":"https:\/\/secure.gravatar.com\/avatar\/c49a1b9f79216d1498cb73c1e85cd47f4465dda35f2a94c03790d491bd4423c3?s=96&d=mm&r=g"},"description":"Eric es el especialista y fundador de Antderground, con una amplia trayectoria en artr\u00f3podos y enfocado en la mirmecolog\u00eda y el dise\u00f1o de hormigueros artificiales. Su enfoque combina la innovaci\u00f3n t\u00e9cnica con el respeto por la biolog\u00eda de las hormigas, is\u00f3podos y otros, desarrollando sistemas de nidos modulares 3D y acr\u00edlicos que son referentes para aficionados y profesionales en toda Europa. Su objetivo es facilitar la cr\u00eda de hormigas y otros artr\u00f3podos mediante soluciones seguras y divulgaci\u00f3n de calidad.","sameAs":["https:\/\/antderground.com\/","https:\/\/www.youtube.com\/channel\/UCio72z7TlbufkAthAJIJfPw"]}]}},"_links":{"self":[{"href":"https:\/\/antderground.com\/ca\/wp-json\/wp\/v2\/product\/22047","targetHints":{"allow":["GET"]}}],"collection":[{"href":"https:\/\/antderground.com\/ca\/wp-json\/wp\/v2\/product"}],"about":[{"href":"https:\/\/antderground.com\/ca\/wp-json\/wp\/v2\/types\/product"}],"version-history":[{"count":0,"href":"https:\/\/antderground.com\/ca\/wp-json\/wp\/v2\/product\/22047\/revisions"}],"wp:featuredmedia":[{"embeddable":true,"href":"https:\/\/antderground.com\/ca\/wp-json\/wp\/v2\/media\/19979"}],"wp:attachment":[{"href":"https:\/\/antderground.com\/ca\/wp-json\/wp\/v2\/media?parent=22047"}],"wp:term":[{"taxonomy":"product_brand","embeddable":true,"href":"https:\/\/antderground.com\/ca\/wp-json\/wp\/v2\/product_brand?post=22047"},{"taxonomy":"product_cat","embeddable":true,"href":"https:\/\/antderground.com\/ca\/wp-json\/wp\/v2\/product_cat?post=22047"},{"taxonomy":"product_tag","embeddable":true,"href":"https:\/\/antderground.com\/ca\/wp-json\/wp\/v2\/product_tag?post=22047"}],"curies":[{"name":"wp","href":"https:\/\/api.w.org\/{rel}","templated":true}]}}