{"id":27747,"date":"2023-04-10T23:21:19","date_gmt":"2023-04-10T21:21:19","guid":{"rendered":"https:\/\/www.antderground.com\/producto\/camponotus-ligniperdus-reina\/"},"modified":"2023-12-21T23:00:07","modified_gmt":"2023-12-21T22:00:07","slug":"camponotus-ligniperdus","status":"publish","type":"product","link":"https:\/\/antderground.com\/ca\/producte\/camponotus-ligniperdus\/","title":{"rendered":"Camponotus ligniperdus (Reina)"},"content":{"rendered":"<div class=\"flex-1 overflow-hidden\">\n<div class=\"react-scroll-to-bottom--css-kwhcx-79elbk h-full dark:bg-gray-800\">\n<div class=\"react-scroll-to-bottom--css-kwhcx-1n7m0yu\">\n<div class=\"flex flex-col items-center text-sm dark:bg-gray-800\">\n<div class=\"group w-full text-gray-800 dark:text-gray-100 border-b border-black\/10 dark:border-gray-900\/50 bg-gray-50 dark:bg-[#444654]\">\n<div class=\"text-base gap-4 md:gap-6 md:max-w-2xl lg:max-w-xl xl:max-w-3xl p-4 md:py-6 flex lg:px-0 m-auto\">\n<div class=\"relative flex w-[calc(100%-50px)] flex-col gap-1 md:gap-3 lg:w-[calc(100%-115px)]\">\n<div class=\"flex flex-grow flex-col gap-3\">\n<div class=\"min-h-[20px] flex flex-col items-start gap-4 whitespace-pre-wrap\">\n<div class=\"markdown prose w-full break-words dark:prose-invert light\">\n<p><strong>Nom cient\u00edfic:<\/strong> Camponotus ligniperdus<\/p>\n<p><strong>Classificaci\u00f3 taxon\u00f2mica:<\/strong><\/p>\n<ul>\n<li>Regne: Animalia<\/li>\n<li>Fil: Arthropoda<\/li>\n<li>Classe: Insecta<\/li>\n<li>Ordre: Hymenoptera<\/li>\n<li>Fam\u00edlia: Formicidae<\/li>\n<li>G\u00e8nere: Camponotus<\/li>\n<li>Esp\u00e8cie: C. ligniperdus<\/li>\n<\/ul>\n<p><strong>Distribuci\u00f3 geogr\u00e0fica:<\/strong> La formiga Camponotus ligniperdus es troba a Europa, \u00c0sia i Am\u00e8rica del Nord.<\/p>\n<p><strong>Caracter\u00edstiques f\u00edsiques:<\/strong><\/p>\n<ul>\n<li>Mida: les obreres mesuren entre 6 i 13 mm de longitud, mentre que les reines poden arribar a 14-16 mm.<\/li>\n<li>Color: generalment s\u00f3n negres amb potes i antenes m\u00e9s clares. A vegades presenten tonalitats marrons al cos.<\/li>\n<li>Mand\u00edbules grans i poderoses, utilitzades per mossegar i tallar material vegetal.<\/li>\n<\/ul>\n<p><strong>Comportament:<\/strong><\/p>\n<ul>\n<li>S\u00f3n principalment herb\u00edvores, per\u00f2 tamb\u00e9 es nodreixen de petits insectes i altres artr\u00f2podes.<\/li>\n<li>Les obreres s\u00f3n polim\u00f2rfiques, el que significa que poden variar en mida i funcions dins de la col\u00f2nia.<\/li>\n<li>Formen col\u00f2nies relativament grans, que poden contenir fins a diverses milers d&#8217;oper\u00e0ries.<\/li>\n<\/ul>\n<p><strong>Estat de conservaci\u00f3:<\/strong> La formiga Camponotus ligniperdus no est\u00e0 present en cap llista d&#8217;esp\u00e8cies amena\u00e7ades.<\/p>\n<p><strong>Notes adicionals:<\/strong> La formiga Camponotus ligniperdus \u00e9s una esp\u00e8cie comuna en boscos i \u00e0rees boscoses a Europa, \u00c0sia i Am\u00e8rica del Nord. Aquestes formigues poden tenir un paper important en l&#8217;ecologia dels ecosistemes, contribuint a la dispersi\u00f3 de llavors, la creaci\u00f3 de micro-h\u00e0bitats i la regulaci\u00f3 de la poblaci\u00f3 d&#8217;herb\u00edvors i altres artr\u00f2podes. A m\u00e9s, se sap que algunes esp\u00e8cies de formigues del g\u00e8nere Camponotus estableixen relacions simbi\u00f2tiques amb algunes plantes, proporcionant protecci\u00f3 contra herb\u00edvors i pat\u00f2gens i rebent a canvi una font d&#8217;aliment.<\/p>\n<\/div>\n<\/div>\n<\/div>\n<\/div>\n<\/div>\n<\/div>\n<\/div>\n<\/div>\n<\/div>\n<\/div>\n","protected":false},"excerpt":{"rendered":"<p>Nom cient\u00edfic: Camponotus ligniperdus Classificaci\u00f3 taxon\u00f2mica: Regne: Animalia Fil: Arthropoda Classe: Insecta Ordre: Hymenoptera Fam\u00edlia: Formicidae G\u00e8nere: Camponotus Esp\u00e8cie: C.<\/p>\n","protected":false},"featured_media":27722,"template":"","meta":[],"product_brand":[],"product_cat":[164,312],"product_tag":[],"class_list":{"0":"post-27747","1":"product","2":"type-product","3":"status-publish","4":"has-post-thumbnail","6":"product_cat-formigues","7":"product_cat-formigues-autoctones","9":"first","10":"instock","11":"shipping-taxable","12":"purchasable","13":"product-type-variable"},"yoast_head":"<!-- This site is optimized with the Yoast SEO plugin v27.3 - https:\/\/yoast.com\/product\/yoast-seo-wordpress\/ -->\n<title>Camponotus ligniperdus (Reina) - ANTDERGROUND<\/title>\n<meta name=\"description\" content=\"Descobreix la formiga gegant Camponotus ligniperdus una mena de formiga autoctona sorprenent coneguda com la formiga fustera o la m\u00e9s gran!\" \/>\n<meta name=\"robots\" content=\"index, follow, max-snippet:-1, max-image-preview:large, max-video-preview:-1\" \/>\n<link rel=\"canonical\" href=\"https:\/\/antderground.com\/ca\/producte\/camponotus-ligniperdus\/\" \/>\n<meta property=\"og:locale\" content=\"ca_ES\" \/>\n<meta property=\"og:type\" content=\"article\" \/>\n<meta property=\"og:title\" content=\"Camponotus ligniperdus (Reina) - ANTDERGROUND\" \/>\n<meta property=\"og:description\" content=\"Descobreix la formiga gegant Camponotus ligniperdus una mena de formiga autoctona sorprenent coneguda com la formiga fustera o la m\u00e9s gran!\" \/>\n<meta property=\"og:url\" content=\"https:\/\/antderground.com\/ca\/producte\/camponotus-ligniperdus\/\" \/>\n<meta property=\"og:site_name\" content=\"ANTDERGROUND\" \/>\n<meta property=\"article:modified_time\" content=\"2023-12-21T22:00:07+00:00\" \/>\n<meta property=\"og:image\" content=\"https:\/\/antderground.com\/wp-content\/uploads\/2023\/04\/Imagen-de-WhatsApp-2023-04-09-a-las-15.50.38.jpg\" \/>\n\t<meta property=\"og:image:width\" content=\"1417\" \/>\n\t<meta property=\"og:image:height\" content=\"1417\" \/>\n\t<meta property=\"og:image:type\" content=\"image\/jpeg\" \/>\n<meta name=\"twitter:card\" content=\"summary_large_image\" \/>\n<meta name=\"twitter:label1\" content=\"Temps estimat de lectura\" \/>\n\t<meta name=\"twitter:data1\" content=\"1 minut\" \/>\n<script type=\"application\/ld+json\" class=\"yoast-schema-graph\">{\"@context\":\"https:\\\/\\\/schema.org\",\"@graph\":[{\"@type\":\"WebPage\",\"@id\":\"https:\\\/\\\/antderground.com\\\/ca\\\/producte\\\/camponotus-ligniperdus\\\/\",\"url\":\"https:\\\/\\\/antderground.com\\\/ca\\\/producte\\\/camponotus-ligniperdus\\\/\",\"name\":\"Camponotus ligniperdus (Reina) - ANTDERGROUND\",\"isPartOf\":{\"@id\":\"https:\\\/\\\/antderground.com\\\/ca\\\/#website\"},\"primaryImageOfPage\":{\"@id\":\"https:\\\/\\\/antderground.com\\\/ca\\\/producte\\\/camponotus-ligniperdus\\\/#primaryimage\"},\"image\":{\"@id\":\"https:\\\/\\\/antderground.com\\\/ca\\\/producte\\\/camponotus-ligniperdus\\\/#primaryimage\"},\"thumbnailUrl\":\"https:\\\/\\\/antderground.com\\\/wp-content\\\/uploads\\\/2023\\\/04\\\/Imagen-de-WhatsApp-2023-04-09-a-las-15.50.38.jpg\",\"datePublished\":\"2023-04-10T21:21:19+00:00\",\"dateModified\":\"2023-12-21T22:00:07+00:00\",\"description\":\"Descobreix la formiga gegant Camponotus ligniperdus una mena de formiga autoctona sorprenent coneguda com la formiga fustera o la m\u00e9s gran!\",\"breadcrumb\":{\"@id\":\"https:\\\/\\\/antderground.com\\\/ca\\\/producte\\\/camponotus-ligniperdus\\\/#breadcrumb\"},\"inLanguage\":\"ca\",\"potentialAction\":[{\"@type\":\"ReadAction\",\"target\":[\"https:\\\/\\\/antderground.com\\\/ca\\\/producte\\\/camponotus-ligniperdus\\\/\"]}]},{\"@type\":\"ImageObject\",\"inLanguage\":\"ca\",\"@id\":\"https:\\\/\\\/antderground.com\\\/ca\\\/producte\\\/camponotus-ligniperdus\\\/#primaryimage\",\"url\":\"https:\\\/\\\/antderground.com\\\/wp-content\\\/uploads\\\/2023\\\/04\\\/Imagen-de-WhatsApp-2023-04-09-a-las-15.50.38.jpg\",\"contentUrl\":\"https:\\\/\\\/antderground.com\\\/wp-content\\\/uploads\\\/2023\\\/04\\\/Imagen-de-WhatsApp-2023-04-09-a-las-15.50.38.jpg\",\"width\":1417,\"height\":1417},{\"@type\":\"BreadcrumbList\",\"@id\":\"https:\\\/\\\/antderground.com\\\/ca\\\/producte\\\/camponotus-ligniperdus\\\/#breadcrumb\",\"itemListElement\":[{\"@type\":\"ListItem\",\"position\":1,\"name\":\"Portada\",\"item\":\"https:\\\/\\\/antderground.com\\\/ca\\\/\"},{\"@type\":\"ListItem\",\"position\":2,\"name\":\"Productes\",\"item\":\"https:\\\/\\\/antderground.com\\\/ca\\\/productes\\\/\"},{\"@type\":\"ListItem\",\"position\":3,\"name\":\"Camponotus ligniperdus (Reina)\"}]},{\"@type\":\"WebSite\",\"@id\":\"https:\\\/\\\/antderground.com\\\/ca\\\/#website\",\"url\":\"https:\\\/\\\/antderground.com\\\/ca\\\/\",\"name\":\"ANTDERGROUND\",\"description\":\"Tu tienda de hormigas, gran variedad de hormigueros acr\u00edlicos,madera,arena,3D y mas.. Pide tus hormigas gratis con tu pedido, somos expertos en hormigueros antifugas.\",\"publisher\":{\"@id\":\"https:\\\/\\\/antderground.com\\\/ca\\\/#\\\/schema\\\/person\\\/0e322c505e84fe72c65e2f6d08f96b81\"},\"alternateName\":\"Antderground\",\"potentialAction\":[{\"@type\":\"SearchAction\",\"target\":{\"@type\":\"EntryPoint\",\"urlTemplate\":\"https:\\\/\\\/antderground.com\\\/ca\\\/?s={search_term_string}\"},\"query-input\":{\"@type\":\"PropertyValueSpecification\",\"valueRequired\":true,\"valueName\":\"search_term_string\"}}],\"inLanguage\":\"ca\"},{\"@type\":[\"Person\",\"Organization\"],\"@id\":\"https:\\\/\\\/antderground.com\\\/ca\\\/#\\\/schema\\\/person\\\/0e322c505e84fe72c65e2f6d08f96b81\",\"name\":\"Eric de Antderground\",\"image\":{\"@type\":\"ImageObject\",\"inLanguage\":\"ca\",\"@id\":\"https:\\\/\\\/secure.gravatar.com\\\/avatar\\\/c49a1b9f79216d1498cb73c1e85cd47f4465dda35f2a94c03790d491bd4423c3?s=96&d=mm&r=g\",\"url\":\"https:\\\/\\\/secure.gravatar.com\\\/avatar\\\/c49a1b9f79216d1498cb73c1e85cd47f4465dda35f2a94c03790d491bd4423c3?s=96&d=mm&r=g\",\"contentUrl\":\"https:\\\/\\\/secure.gravatar.com\\\/avatar\\\/c49a1b9f79216d1498cb73c1e85cd47f4465dda35f2a94c03790d491bd4423c3?s=96&d=mm&r=g\",\"caption\":\"Eric de Antderground\"},\"logo\":{\"@id\":\"https:\\\/\\\/secure.gravatar.com\\\/avatar\\\/c49a1b9f79216d1498cb73c1e85cd47f4465dda35f2a94c03790d491bd4423c3?s=96&d=mm&r=g\"},\"description\":\"Eric es el especialista y fundador de Antderground, con una amplia trayectoria en artr\u00f3podos y enfocado en la mirmecolog\u00eda y el dise\u00f1o de hormigueros artificiales. Su enfoque combina la innovaci\u00f3n t\u00e9cnica con el respeto por la biolog\u00eda de las hormigas, is\u00f3podos y otros, desarrollando sistemas de nidos modulares 3D y acr\u00edlicos que son referentes para aficionados y profesionales en toda Europa. Su objetivo es facilitar la cr\u00eda de hormigas y otros artr\u00f3podos mediante soluciones seguras y divulgaci\u00f3n de calidad.\",\"sameAs\":[\"https:\\\/\\\/antderground.com\\\/\",\"https:\\\/\\\/www.youtube.com\\\/channel\\\/UCio72z7TlbufkAthAJIJfPw\"]}]}<\/script>\n<!-- \/ Yoast SEO plugin. -->","yoast_head_json":{"title":"Camponotus ligniperdus (Reina) - ANTDERGROUND","description":"Descobreix la formiga gegant Camponotus ligniperdus una mena de formiga autoctona sorprenent coneguda com la formiga fustera o la m\u00e9s gran!","robots":{"index":"index","follow":"follow","max-snippet":"max-snippet:-1","max-image-preview":"max-image-preview:large","max-video-preview":"max-video-preview:-1"},"canonical":"https:\/\/antderground.com\/ca\/producte\/camponotus-ligniperdus\/","og_locale":"ca_ES","og_type":"article","og_title":"Camponotus ligniperdus (Reina) - ANTDERGROUND","og_description":"Descobreix la formiga gegant Camponotus ligniperdus una mena de formiga autoctona sorprenent coneguda com la formiga fustera o la m\u00e9s gran!","og_url":"https:\/\/antderground.com\/ca\/producte\/camponotus-ligniperdus\/","og_site_name":"ANTDERGROUND","article_modified_time":"2023-12-21T22:00:07+00:00","og_image":[{"width":1417,"height":1417,"url":"https:\/\/antderground.com\/wp-content\/uploads\/2023\/04\/Imagen-de-WhatsApp-2023-04-09-a-las-15.50.38.jpg","type":"image\/jpeg"}],"twitter_card":"summary_large_image","twitter_misc":{"Temps estimat de lectura":"1 minut"},"schema":{"@context":"https:\/\/schema.org","@graph":[{"@type":"WebPage","@id":"https:\/\/antderground.com\/ca\/producte\/camponotus-ligniperdus\/","url":"https:\/\/antderground.com\/ca\/producte\/camponotus-ligniperdus\/","name":"Camponotus ligniperdus (Reina) - ANTDERGROUND","isPartOf":{"@id":"https:\/\/antderground.com\/ca\/#website"},"primaryImageOfPage":{"@id":"https:\/\/antderground.com\/ca\/producte\/camponotus-ligniperdus\/#primaryimage"},"image":{"@id":"https:\/\/antderground.com\/ca\/producte\/camponotus-ligniperdus\/#primaryimage"},"thumbnailUrl":"https:\/\/antderground.com\/wp-content\/uploads\/2023\/04\/Imagen-de-WhatsApp-2023-04-09-a-las-15.50.38.jpg","datePublished":"2023-04-10T21:21:19+00:00","dateModified":"2023-12-21T22:00:07+00:00","description":"Descobreix la formiga gegant Camponotus ligniperdus una mena de formiga autoctona sorprenent coneguda com la formiga fustera o la m\u00e9s gran!","breadcrumb":{"@id":"https:\/\/antderground.com\/ca\/producte\/camponotus-ligniperdus\/#breadcrumb"},"inLanguage":"ca","potentialAction":[{"@type":"ReadAction","target":["https:\/\/antderground.com\/ca\/producte\/camponotus-ligniperdus\/"]}]},{"@type":"ImageObject","inLanguage":"ca","@id":"https:\/\/antderground.com\/ca\/producte\/camponotus-ligniperdus\/#primaryimage","url":"https:\/\/antderground.com\/wp-content\/uploads\/2023\/04\/Imagen-de-WhatsApp-2023-04-09-a-las-15.50.38.jpg","contentUrl":"https:\/\/antderground.com\/wp-content\/uploads\/2023\/04\/Imagen-de-WhatsApp-2023-04-09-a-las-15.50.38.jpg","width":1417,"height":1417},{"@type":"BreadcrumbList","@id":"https:\/\/antderground.com\/ca\/producte\/camponotus-ligniperdus\/#breadcrumb","itemListElement":[{"@type":"ListItem","position":1,"name":"Portada","item":"https:\/\/antderground.com\/ca\/"},{"@type":"ListItem","position":2,"name":"Productes","item":"https:\/\/antderground.com\/ca\/productes\/"},{"@type":"ListItem","position":3,"name":"Camponotus ligniperdus (Reina)"}]},{"@type":"WebSite","@id":"https:\/\/antderground.com\/ca\/#website","url":"https:\/\/antderground.com\/ca\/","name":"ANTDERGROUND","description":"Tu tienda de hormigas, gran variedad de hormigueros acr\u00edlicos,madera,arena,3D y mas.. Pide tus hormigas gratis con tu pedido, somos expertos en hormigueros antifugas.","publisher":{"@id":"https:\/\/antderground.com\/ca\/#\/schema\/person\/0e322c505e84fe72c65e2f6d08f96b81"},"alternateName":"Antderground","potentialAction":[{"@type":"SearchAction","target":{"@type":"EntryPoint","urlTemplate":"https:\/\/antderground.com\/ca\/?s={search_term_string}"},"query-input":{"@type":"PropertyValueSpecification","valueRequired":true,"valueName":"search_term_string"}}],"inLanguage":"ca"},{"@type":["Person","Organization"],"@id":"https:\/\/antderground.com\/ca\/#\/schema\/person\/0e322c505e84fe72c65e2f6d08f96b81","name":"Eric de Antderground","image":{"@type":"ImageObject","inLanguage":"ca","@id":"https:\/\/secure.gravatar.com\/avatar\/c49a1b9f79216d1498cb73c1e85cd47f4465dda35f2a94c03790d491bd4423c3?s=96&d=mm&r=g","url":"https:\/\/secure.gravatar.com\/avatar\/c49a1b9f79216d1498cb73c1e85cd47f4465dda35f2a94c03790d491bd4423c3?s=96&d=mm&r=g","contentUrl":"https:\/\/secure.gravatar.com\/avatar\/c49a1b9f79216d1498cb73c1e85cd47f4465dda35f2a94c03790d491bd4423c3?s=96&d=mm&r=g","caption":"Eric de Antderground"},"logo":{"@id":"https:\/\/secure.gravatar.com\/avatar\/c49a1b9f79216d1498cb73c1e85cd47f4465dda35f2a94c03790d491bd4423c3?s=96&d=mm&r=g"},"description":"Eric es el especialista y fundador de Antderground, con una amplia trayectoria en artr\u00f3podos y enfocado en la mirmecolog\u00eda y el dise\u00f1o de hormigueros artificiales. Su enfoque combina la innovaci\u00f3n t\u00e9cnica con el respeto por la biolog\u00eda de las hormigas, is\u00f3podos y otros, desarrollando sistemas de nidos modulares 3D y acr\u00edlicos que son referentes para aficionados y profesionales en toda Europa. Su objetivo es facilitar la cr\u00eda de hormigas y otros artr\u00f3podos mediante soluciones seguras y divulgaci\u00f3n de calidad.","sameAs":["https:\/\/antderground.com\/","https:\/\/www.youtube.com\/channel\/UCio72z7TlbufkAthAJIJfPw"]}]}},"_links":{"self":[{"href":"https:\/\/antderground.com\/ca\/wp-json\/wp\/v2\/product\/27747","targetHints":{"allow":["GET"]}}],"collection":[{"href":"https:\/\/antderground.com\/ca\/wp-json\/wp\/v2\/product"}],"about":[{"href":"https:\/\/antderground.com\/ca\/wp-json\/wp\/v2\/types\/product"}],"version-history":[{"count":0,"href":"https:\/\/antderground.com\/ca\/wp-json\/wp\/v2\/product\/27747\/revisions"}],"wp:featuredmedia":[{"embeddable":true,"href":"https:\/\/antderground.com\/ca\/wp-json\/wp\/v2\/media\/27722"}],"wp:attachment":[{"href":"https:\/\/antderground.com\/ca\/wp-json\/wp\/v2\/media?parent=27747"}],"wp:term":[{"taxonomy":"product_brand","embeddable":true,"href":"https:\/\/antderground.com\/ca\/wp-json\/wp\/v2\/product_brand?post=27747"},{"taxonomy":"product_cat","embeddable":true,"href":"https:\/\/antderground.com\/ca\/wp-json\/wp\/v2\/product_cat?post=27747"},{"taxonomy":"product_tag","embeddable":true,"href":"https:\/\/antderground.com\/ca\/wp-json\/wp\/v2\/product_tag?post=27747"}],"curies":[{"name":"wp","href":"https:\/\/api.w.org\/{rel}","templated":true}]}}