{"id":27796,"date":"2023-04-12T16:05:42","date_gmt":"2023-04-12T14:05:42","guid":{"rendered":"https:\/\/www.antderground.com\/producto\/cataulacus-granulatus\/"},"modified":"2023-04-12T16:05:42","modified_gmt":"2023-04-12T14:05:42","slug":"cataulacus-granulatus","status":"publish","type":"product","link":"https:\/\/antderground.com\/ca\/producte\/cataulacus-granulatus\/","title":{"rendered":"Cataulacus granulatus"},"content":{"rendered":"<p><strong>Nom cient\u00edfic:<\/strong> Cataulacus granulatus<\/p>\n<p><strong>Nom com\u00fa:<\/strong> Formiga tortuga asi\u00e0tica<\/p>\n<p><strong>Classificaci\u00f3 taxon\u00f2mica:<\/strong><\/p>\n<p>Regne: Animalia<br \/>\nF\u00edlum: Arthropoda<br \/>\nClasse: Insecta<br \/>\nOrdre: Hymenoptera<br \/>\nFam\u00edlia: Formicidae<br \/>\nG\u00e8nere: Cataulacus<br \/>\nEspecie: C. granulatus<\/p>\n<p><strong>Distribuci\u00f3 geogr\u00e0fica:<\/strong> La formiga Cataulacus granulatus es pot trobar a les regions tropicals i subtropicals d&#8217;\u00c0frica i parts d&#8217;\u00c0sia, incloent-hi pa\u00efsos com Ghana, Nig\u00e8ria, Camerun, \u00cdndia i Xina.<\/p>\n<p><strong>Caracter\u00edstiques f\u00edsiques:<\/strong><\/p>\n<p>Mida: les treballadores mesuren al voltant de 3-5 mm de longitud. Color: s\u00f3n de color marr\u00f3-roj\u00eds i tenen un aspecte brillant i suau. Tenen un cos esvelt i allargat, amb antenes i cames llargues i primes.<\/p>\n<p><strong>Comportament:<\/strong><\/p>\n<p>S\u00f3n formigues arbor\u00edcoles i es poden trobar construint els seus niu sobre arbres i arbustos. Principalment es nodreixen de secrecions d&#8217;insectes i melat, i de vegades tamb\u00e9 d&#8217;insectes i artr\u00f2podes petits. Les col\u00f2nies s\u00f3n relativament petites, amb un nombre limitat de treballadores.<\/p>\n<p><strong>Estat de conservaci\u00f3:<\/strong> No hi ha informaci\u00f3 disponible sobre l&#8217;estat de conservaci\u00f3 de la formiga Cataulacus granulatus.<\/p>\n<p><strong>Notes addicionals:<\/strong> La formiga Cataulacus granulatus \u00e9s una esp\u00e8cie interessant per la seva conducta arbor\u00edcola i la seva alimentaci\u00f3 de secrecions d&#8217;insectes.<\/p>\n","protected":false},"excerpt":{"rendered":"<p>Nom cient\u00edfic: Cataulacus granulatus Nom com\u00fa: Formiga tortuga asi\u00e0tica Classificaci\u00f3 taxon\u00f2mica: Regne: Animalia F\u00edlum: Arthropoda Classe: Insecta Ordre: Hymenoptera Fam\u00edlia:<\/p>\n","protected":false},"featured_media":27782,"template":"","meta":[],"product_brand":[],"product_cat":[164,308],"product_tag":[],"class_list":{"0":"post-27796","1":"product","2":"type-product","3":"status-publish","4":"has-post-thumbnail","6":"product_cat-formigues","7":"product_cat-formigues-exotiques","9":"first","10":"outofstock","11":"shipping-taxable","12":"purchasable","13":"product-type-variable"},"yoast_head":"<!-- This site is optimized with the Yoast SEO plugin v27.4 - https:\/\/yoast.com\/product\/yoast-seo-wordpress\/ -->\n<title>Cataulacus granulatus - ANTDERGROUND<\/title>\n<meta name=\"description\" content=\"Descobreix la formiga tortuga asi\u00e0tica (Cataulacus granulatus), una formiga ex\u00f2tica i arbor\u00edcola impressionant! La teva botiga de mirmecologia!\" \/>\n<meta name=\"robots\" content=\"index, follow, max-snippet:-1, max-image-preview:large, max-video-preview:-1\" \/>\n<link rel=\"canonical\" href=\"https:\/\/antderground.com\/ca\/producte\/cataulacus-granulatus\/\" \/>\n<meta property=\"og:locale\" content=\"ca_ES\" \/>\n<meta property=\"og:type\" content=\"article\" \/>\n<meta property=\"og:title\" content=\"Cataulacus granulatus - ANTDERGROUND\" \/>\n<meta property=\"og:description\" content=\"Descobreix la formiga tortuga asi\u00e0tica (Cataulacus granulatus), una formiga ex\u00f2tica i arbor\u00edcola impressionant! La teva botiga de mirmecologia!\" \/>\n<meta property=\"og:url\" content=\"https:\/\/antderground.com\/ca\/producte\/cataulacus-granulatus\/\" \/>\n<meta property=\"og:site_name\" content=\"ANTDERGROUND\" \/>\n<meta property=\"og:image\" content=\"https:\/\/antderground.com\/wp-content\/uploads\/2023\/04\/Cataulacus-granulatus.jpg\" \/>\n\t<meta property=\"og:image:width\" content=\"1200\" \/>\n\t<meta property=\"og:image:height\" content=\"1600\" \/>\n\t<meta property=\"og:image:type\" content=\"image\/jpeg\" \/>\n<meta name=\"twitter:card\" content=\"summary_large_image\" \/>\n<meta name=\"twitter:label1\" content=\"Temps estimat de lectura\" \/>\n\t<meta name=\"twitter:data1\" content=\"1 minut\" \/>\n<script type=\"application\/ld+json\" class=\"yoast-schema-graph\">{\"@context\":\"https:\\\/\\\/schema.org\",\"@graph\":[{\"@type\":\"WebPage\",\"@id\":\"https:\\\/\\\/antderground.com\\\/ca\\\/producte\\\/cataulacus-granulatus\\\/\",\"url\":\"https:\\\/\\\/antderground.com\\\/ca\\\/producte\\\/cataulacus-granulatus\\\/\",\"name\":\"Cataulacus granulatus - ANTDERGROUND\",\"isPartOf\":{\"@id\":\"https:\\\/\\\/antderground.com\\\/ca\\\/#website\"},\"primaryImageOfPage\":{\"@id\":\"https:\\\/\\\/antderground.com\\\/ca\\\/producte\\\/cataulacus-granulatus\\\/#primaryimage\"},\"image\":{\"@id\":\"https:\\\/\\\/antderground.com\\\/ca\\\/producte\\\/cataulacus-granulatus\\\/#primaryimage\"},\"thumbnailUrl\":\"https:\\\/\\\/antderground.com\\\/wp-content\\\/uploads\\\/2023\\\/04\\\/Cataulacus-granulatus.jpg\",\"datePublished\":\"2023-04-12T14:05:42+00:00\",\"description\":\"Descobreix la formiga tortuga asi\u00e0tica (Cataulacus granulatus), una formiga ex\u00f2tica i arbor\u00edcola impressionant! La teva botiga de mirmecologia!\",\"breadcrumb\":{\"@id\":\"https:\\\/\\\/antderground.com\\\/ca\\\/producte\\\/cataulacus-granulatus\\\/#breadcrumb\"},\"inLanguage\":\"ca\",\"potentialAction\":[{\"@type\":\"ReadAction\",\"target\":[\"https:\\\/\\\/antderground.com\\\/ca\\\/producte\\\/cataulacus-granulatus\\\/\"]}]},{\"@type\":\"ImageObject\",\"inLanguage\":\"ca\",\"@id\":\"https:\\\/\\\/antderground.com\\\/ca\\\/producte\\\/cataulacus-granulatus\\\/#primaryimage\",\"url\":\"https:\\\/\\\/antderground.com\\\/wp-content\\\/uploads\\\/2023\\\/04\\\/Cataulacus-granulatus.jpg\",\"contentUrl\":\"https:\\\/\\\/antderground.com\\\/wp-content\\\/uploads\\\/2023\\\/04\\\/Cataulacus-granulatus.jpg\",\"width\":1200,\"height\":1600},{\"@type\":\"BreadcrumbList\",\"@id\":\"https:\\\/\\\/antderground.com\\\/ca\\\/producte\\\/cataulacus-granulatus\\\/#breadcrumb\",\"itemListElement\":[{\"@type\":\"ListItem\",\"position\":1,\"name\":\"Portada\",\"item\":\"https:\\\/\\\/antderground.com\\\/ca\\\/\"},{\"@type\":\"ListItem\",\"position\":2,\"name\":\"Productes\",\"item\":\"https:\\\/\\\/antderground.com\\\/ca\\\/productes\\\/\"},{\"@type\":\"ListItem\",\"position\":3,\"name\":\"Cataulacus granulatus\"}]},{\"@type\":\"WebSite\",\"@id\":\"https:\\\/\\\/antderground.com\\\/ca\\\/#website\",\"url\":\"https:\\\/\\\/antderground.com\\\/ca\\\/\",\"name\":\"ANTDERGROUND\",\"description\":\"Tu tienda de hormigas, gran variedad de hormigueros acr\u00edlicos,madera,arena,3D y mas.. Pide tus hormigas gratis con tu pedido, somos expertos en hormigueros antifugas.\",\"publisher\":{\"@id\":\"https:\\\/\\\/antderground.com\\\/ca\\\/#\\\/schema\\\/person\\\/0e322c505e84fe72c65e2f6d08f96b81\"},\"alternateName\":\"Antderground\",\"potentialAction\":[{\"@type\":\"SearchAction\",\"target\":{\"@type\":\"EntryPoint\",\"urlTemplate\":\"https:\\\/\\\/antderground.com\\\/ca\\\/?s={search_term_string}\"},\"query-input\":{\"@type\":\"PropertyValueSpecification\",\"valueRequired\":true,\"valueName\":\"search_term_string\"}}],\"inLanguage\":\"ca\"},{\"@type\":[\"Person\",\"Organization\"],\"@id\":\"https:\\\/\\\/antderground.com\\\/ca\\\/#\\\/schema\\\/person\\\/0e322c505e84fe72c65e2f6d08f96b81\",\"name\":\"Eric de Antderground\",\"image\":{\"@type\":\"ImageObject\",\"inLanguage\":\"ca\",\"@id\":\"https:\\\/\\\/secure.gravatar.com\\\/avatar\\\/c49a1b9f79216d1498cb73c1e85cd47f4465dda35f2a94c03790d491bd4423c3?s=96&d=mm&r=g\",\"url\":\"https:\\\/\\\/secure.gravatar.com\\\/avatar\\\/c49a1b9f79216d1498cb73c1e85cd47f4465dda35f2a94c03790d491bd4423c3?s=96&d=mm&r=g\",\"contentUrl\":\"https:\\\/\\\/secure.gravatar.com\\\/avatar\\\/c49a1b9f79216d1498cb73c1e85cd47f4465dda35f2a94c03790d491bd4423c3?s=96&d=mm&r=g\",\"caption\":\"Eric de Antderground\"},\"logo\":{\"@id\":\"https:\\\/\\\/secure.gravatar.com\\\/avatar\\\/c49a1b9f79216d1498cb73c1e85cd47f4465dda35f2a94c03790d491bd4423c3?s=96&d=mm&r=g\"},\"description\":\"Eric es el especialista y fundador de Antderground, con una amplia trayectoria en artr\u00f3podos y enfocado en la mirmecolog\u00eda y el dise\u00f1o de hormigueros artificiales. Su enfoque combina la innovaci\u00f3n t\u00e9cnica con el respeto por la biolog\u00eda de las hormigas, is\u00f3podos y otros, desarrollando sistemas de nidos modulares 3D y acr\u00edlicos que son referentes para aficionados y profesionales en toda Europa. Su objetivo es facilitar la cr\u00eda de hormigas y otros artr\u00f3podos mediante soluciones seguras y divulgaci\u00f3n de calidad.\",\"sameAs\":[\"https:\\\/\\\/antderground.com\\\/\",\"https:\\\/\\\/www.youtube.com\\\/channel\\\/UCio72z7TlbufkAthAJIJfPw\"]}]}<\/script>\n<!-- \/ Yoast SEO plugin. -->","yoast_head_json":{"title":"Cataulacus granulatus - ANTDERGROUND","description":"Descobreix la formiga tortuga asi\u00e0tica (Cataulacus granulatus), una formiga ex\u00f2tica i arbor\u00edcola impressionant! La teva botiga de mirmecologia!","robots":{"index":"index","follow":"follow","max-snippet":"max-snippet:-1","max-image-preview":"max-image-preview:large","max-video-preview":"max-video-preview:-1"},"canonical":"https:\/\/antderground.com\/ca\/producte\/cataulacus-granulatus\/","og_locale":"ca_ES","og_type":"article","og_title":"Cataulacus granulatus - ANTDERGROUND","og_description":"Descobreix la formiga tortuga asi\u00e0tica (Cataulacus granulatus), una formiga ex\u00f2tica i arbor\u00edcola impressionant! La teva botiga de mirmecologia!","og_url":"https:\/\/antderground.com\/ca\/producte\/cataulacus-granulatus\/","og_site_name":"ANTDERGROUND","og_image":[{"width":1200,"height":1600,"url":"https:\/\/antderground.com\/wp-content\/uploads\/2023\/04\/Cataulacus-granulatus.jpg","type":"image\/jpeg"}],"twitter_card":"summary_large_image","twitter_misc":{"Temps estimat de lectura":"1 minut"},"schema":{"@context":"https:\/\/schema.org","@graph":[{"@type":"WebPage","@id":"https:\/\/antderground.com\/ca\/producte\/cataulacus-granulatus\/","url":"https:\/\/antderground.com\/ca\/producte\/cataulacus-granulatus\/","name":"Cataulacus granulatus - ANTDERGROUND","isPartOf":{"@id":"https:\/\/antderground.com\/ca\/#website"},"primaryImageOfPage":{"@id":"https:\/\/antderground.com\/ca\/producte\/cataulacus-granulatus\/#primaryimage"},"image":{"@id":"https:\/\/antderground.com\/ca\/producte\/cataulacus-granulatus\/#primaryimage"},"thumbnailUrl":"https:\/\/antderground.com\/wp-content\/uploads\/2023\/04\/Cataulacus-granulatus.jpg","datePublished":"2023-04-12T14:05:42+00:00","description":"Descobreix la formiga tortuga asi\u00e0tica (Cataulacus granulatus), una formiga ex\u00f2tica i arbor\u00edcola impressionant! La teva botiga de mirmecologia!","breadcrumb":{"@id":"https:\/\/antderground.com\/ca\/producte\/cataulacus-granulatus\/#breadcrumb"},"inLanguage":"ca","potentialAction":[{"@type":"ReadAction","target":["https:\/\/antderground.com\/ca\/producte\/cataulacus-granulatus\/"]}]},{"@type":"ImageObject","inLanguage":"ca","@id":"https:\/\/antderground.com\/ca\/producte\/cataulacus-granulatus\/#primaryimage","url":"https:\/\/antderground.com\/wp-content\/uploads\/2023\/04\/Cataulacus-granulatus.jpg","contentUrl":"https:\/\/antderground.com\/wp-content\/uploads\/2023\/04\/Cataulacus-granulatus.jpg","width":1200,"height":1600},{"@type":"BreadcrumbList","@id":"https:\/\/antderground.com\/ca\/producte\/cataulacus-granulatus\/#breadcrumb","itemListElement":[{"@type":"ListItem","position":1,"name":"Portada","item":"https:\/\/antderground.com\/ca\/"},{"@type":"ListItem","position":2,"name":"Productes","item":"https:\/\/antderground.com\/ca\/productes\/"},{"@type":"ListItem","position":3,"name":"Cataulacus granulatus"}]},{"@type":"WebSite","@id":"https:\/\/antderground.com\/ca\/#website","url":"https:\/\/antderground.com\/ca\/","name":"ANTDERGROUND","description":"Tu tienda de hormigas, gran variedad de hormigueros acr\u00edlicos,madera,arena,3D y mas.. Pide tus hormigas gratis con tu pedido, somos expertos en hormigueros antifugas.","publisher":{"@id":"https:\/\/antderground.com\/ca\/#\/schema\/person\/0e322c505e84fe72c65e2f6d08f96b81"},"alternateName":"Antderground","potentialAction":[{"@type":"SearchAction","target":{"@type":"EntryPoint","urlTemplate":"https:\/\/antderground.com\/ca\/?s={search_term_string}"},"query-input":{"@type":"PropertyValueSpecification","valueRequired":true,"valueName":"search_term_string"}}],"inLanguage":"ca"},{"@type":["Person","Organization"],"@id":"https:\/\/antderground.com\/ca\/#\/schema\/person\/0e322c505e84fe72c65e2f6d08f96b81","name":"Eric de Antderground","image":{"@type":"ImageObject","inLanguage":"ca","@id":"https:\/\/secure.gravatar.com\/avatar\/c49a1b9f79216d1498cb73c1e85cd47f4465dda35f2a94c03790d491bd4423c3?s=96&d=mm&r=g","url":"https:\/\/secure.gravatar.com\/avatar\/c49a1b9f79216d1498cb73c1e85cd47f4465dda35f2a94c03790d491bd4423c3?s=96&d=mm&r=g","contentUrl":"https:\/\/secure.gravatar.com\/avatar\/c49a1b9f79216d1498cb73c1e85cd47f4465dda35f2a94c03790d491bd4423c3?s=96&d=mm&r=g","caption":"Eric de Antderground"},"logo":{"@id":"https:\/\/secure.gravatar.com\/avatar\/c49a1b9f79216d1498cb73c1e85cd47f4465dda35f2a94c03790d491bd4423c3?s=96&d=mm&r=g"},"description":"Eric es el especialista y fundador de Antderground, con una amplia trayectoria en artr\u00f3podos y enfocado en la mirmecolog\u00eda y el dise\u00f1o de hormigueros artificiales. Su enfoque combina la innovaci\u00f3n t\u00e9cnica con el respeto por la biolog\u00eda de las hormigas, is\u00f3podos y otros, desarrollando sistemas de nidos modulares 3D y acr\u00edlicos que son referentes para aficionados y profesionales en toda Europa. Su objetivo es facilitar la cr\u00eda de hormigas y otros artr\u00f3podos mediante soluciones seguras y divulgaci\u00f3n de calidad.","sameAs":["https:\/\/antderground.com\/","https:\/\/www.youtube.com\/channel\/UCio72z7TlbufkAthAJIJfPw"]}]}},"_links":{"self":[{"href":"https:\/\/antderground.com\/ca\/wp-json\/wp\/v2\/product\/27796","targetHints":{"allow":["GET"]}}],"collection":[{"href":"https:\/\/antderground.com\/ca\/wp-json\/wp\/v2\/product"}],"about":[{"href":"https:\/\/antderground.com\/ca\/wp-json\/wp\/v2\/types\/product"}],"version-history":[{"count":0,"href":"https:\/\/antderground.com\/ca\/wp-json\/wp\/v2\/product\/27796\/revisions"}],"wp:featuredmedia":[{"embeddable":true,"href":"https:\/\/antderground.com\/ca\/wp-json\/wp\/v2\/media\/27782"}],"wp:attachment":[{"href":"https:\/\/antderground.com\/ca\/wp-json\/wp\/v2\/media?parent=27796"}],"wp:term":[{"taxonomy":"product_brand","embeddable":true,"href":"https:\/\/antderground.com\/ca\/wp-json\/wp\/v2\/product_brand?post=27796"},{"taxonomy":"product_cat","embeddable":true,"href":"https:\/\/antderground.com\/ca\/wp-json\/wp\/v2\/product_cat?post=27796"},{"taxonomy":"product_tag","embeddable":true,"href":"https:\/\/antderground.com\/ca\/wp-json\/wp\/v2\/product_tag?post=27796"}],"curies":[{"name":"wp","href":"https:\/\/api.w.org\/{rel}","templated":true}]}}