{"id":27863,"date":"2023-04-13T22:02:42","date_gmt":"2023-04-13T20:02:42","guid":{"rendered":"https:\/\/www.antderground.com\/producto\/diacamma-violaceum\/"},"modified":"2023-12-01T20:25:37","modified_gmt":"2023-12-01T19:25:37","slug":"diacamma-violaceum","status":"publish","type":"product","link":"https:\/\/antderground.com\/ca\/producte\/diacamma-violaceum\/","title":{"rendered":"Diacamma violaceum"},"content":{"rendered":"<p><strong>Nom cient\u00edfic:<\/strong> Diacamma violaceum<\/p>\n<p><strong>Classificaci\u00f3 taxon\u00f2mica:<\/strong><\/p>\n<ul>\n<li>Regne: Animalia<\/li>\n<li>Filum: Arthropoda<\/li>\n<li>Classe: Insecta<\/li>\n<li>Orde: Hymenoptera<\/li>\n<li>Fam\u00edlia: Formicidae<\/li>\n<li>G\u00e8nere: Diacamma<\/li>\n<li>Esp\u00e8cie: D. violaceum<\/li>\n<\/ul>\n<p><strong>Distribuci\u00f3 geogr\u00e0fica:<\/strong> La Diacamma violaceum es troba a \u00c0sia i Austr\u00e0lia, incloent pa\u00efsos com \u00cdndia, Sri Lanka, Tail\u00e0ndia, Vietnam, Indon\u00e8sia i Austr\u00e0lia.<\/p>\n<p><strong>Caracter\u00edstiques f\u00edsiques:<\/strong><\/p>\n<ul>\n<li>Mida: les obreres mesuren entre 8 i 10 mm de longitud, mentre que les reines poden arribar als 16 mm.<\/li>\n<li>Color: el cos de la formiga \u00e9s marr\u00f3 fosc amb tons de lila.<\/li>\n<li>Les antenes tenen 12 segments.<\/li>\n<\/ul>\n<p><strong>Comportament:<\/strong><\/p>\n<ul>\n<li>Les formigues Diacamma violaceum s\u00f3n principalment nocturnes i es nodreixen de petits insectes, aranyes i altres invertebrats.<\/li>\n<li>Construeixen els seus niu en el s\u00f2l, a la serradura i sota pedres.<\/li>\n<li>Aquestes formigues s\u00f3n conegudes per la seva capacitat de ca\u00e7ar termites i altres insectes dif\u00edcils de capturar.<\/li>\n<li>A m\u00e9s a m\u00e9s, les obreres de Diacamma violaceum tenen la capacitat de vibrar el seu cos per comunicar-se entre elles i moure&#8217;s a l&#8217;obscuritat.<\/li>\n<li>No s&#8217;ha observat que aquesta esp\u00e8cie sigui perillosa o verinosa per als \u00e9ssers humans.<\/li>\n<\/ul>\n<p><strong>Estat de conservaci\u00f3:<\/strong> No hi ha informaci\u00f3 sobre l&#8217;estat de conservaci\u00f3 de Diacamma violaceum.<\/p>\n<p><strong>Notes addicionals:<\/strong> Les formigues Diacamma violaceum s\u00f3n conegudes per la seva capacitat de ca\u00e7ar termites i altres insectes dif\u00edcils de capturar.<\/p>\n","protected":false},"excerpt":{"rendered":"<p>Nom cient\u00edfic: Diacamma violaceum Classificaci\u00f3 taxon\u00f2mica: Regne: Animalia Filum: Arthropoda Classe: Insecta Orde: Hymenoptera Fam\u00edlia: Formicidae G\u00e8nere: Diacamma Esp\u00e8cie: D.<\/p>\n","protected":false},"featured_media":27868,"template":"","meta":[],"product_brand":[],"product_cat":[164,308],"product_tag":[],"class_list":{"0":"post-27863","1":"product","2":"type-product","3":"status-publish","4":"has-post-thumbnail","6":"product_cat-formigues","7":"product_cat-formigues-exotiques","9":"first","10":"outofstock","11":"shipping-taxable","12":"purchasable","13":"product-type-variable"},"yoast_head":"<!-- This site is optimized with the Yoast SEO plugin v27.4 - https:\/\/yoast.com\/product\/yoast-seo-wordpress\/ -->\n<title>Diacamma violaceum \/ Formicidae - ANTDERGROUND<\/title>\n<meta name=\"description\" content=\"Descobreix aquesta formiga exotica (Diacamma violaceum) una formiga forta i defensiva amb grans habilitats de ca\u00e7a. La teva botiga de formigues de tot el m\u00f3n.\" \/>\n<meta name=\"robots\" content=\"index, follow, max-snippet:-1, max-image-preview:large, max-video-preview:-1\" \/>\n<link rel=\"canonical\" href=\"https:\/\/antderground.com\/ca\/producte\/diacamma-violaceum\/\" \/>\n<meta property=\"og:locale\" content=\"ca_ES\" \/>\n<meta property=\"og:type\" content=\"article\" \/>\n<meta property=\"og:title\" content=\"Diacamma violaceum \/ Formicidae - ANTDERGROUND\" \/>\n<meta property=\"og:description\" content=\"Descobreix aquesta formiga exotica (Diacamma violaceum) una formiga forta i defensiva amb grans habilitats de ca\u00e7a. La teva botiga de formigues de tot el m\u00f3n.\" \/>\n<meta property=\"og:url\" content=\"https:\/\/antderground.com\/ca\/producte\/diacamma-violaceum\/\" \/>\n<meta property=\"og:site_name\" content=\"ANTDERGROUND\" \/>\n<meta property=\"article:modified_time\" content=\"2023-12-01T19:25:37+00:00\" \/>\n<meta property=\"og:image\" content=\"https:\/\/antderground.com\/wp-content\/uploads\/2023\/04\/Diacamma-violaceum.jpg\" \/>\n\t<meta property=\"og:image:width\" content=\"1417\" \/>\n\t<meta property=\"og:image:height\" content=\"1417\" \/>\n\t<meta property=\"og:image:type\" content=\"image\/jpeg\" \/>\n<meta name=\"twitter:card\" content=\"summary_large_image\" \/>\n<meta name=\"twitter:label1\" content=\"Temps estimat de lectura\" \/>\n\t<meta name=\"twitter:data1\" content=\"1 minut\" \/>\n<script type=\"application\/ld+json\" class=\"yoast-schema-graph\">{\"@context\":\"https:\\\/\\\/schema.org\",\"@graph\":[{\"@type\":\"WebPage\",\"@id\":\"https:\\\/\\\/antderground.com\\\/ca\\\/producte\\\/diacamma-violaceum\\\/\",\"url\":\"https:\\\/\\\/antderground.com\\\/ca\\\/producte\\\/diacamma-violaceum\\\/\",\"name\":\"Diacamma violaceum \\\/ Formicidae - ANTDERGROUND\",\"isPartOf\":{\"@id\":\"https:\\\/\\\/antderground.com\\\/ca\\\/#website\"},\"primaryImageOfPage\":{\"@id\":\"https:\\\/\\\/antderground.com\\\/ca\\\/producte\\\/diacamma-violaceum\\\/#primaryimage\"},\"image\":{\"@id\":\"https:\\\/\\\/antderground.com\\\/ca\\\/producte\\\/diacamma-violaceum\\\/#primaryimage\"},\"thumbnailUrl\":\"https:\\\/\\\/antderground.com\\\/wp-content\\\/uploads\\\/2023\\\/04\\\/Diacamma-violaceum.jpg\",\"datePublished\":\"2023-04-13T20:02:42+00:00\",\"dateModified\":\"2023-12-01T19:25:37+00:00\",\"description\":\"Descobreix aquesta formiga exotica (Diacamma violaceum) una formiga forta i defensiva amb grans habilitats de ca\u00e7a. La teva botiga de formigues de tot el m\u00f3n.\",\"breadcrumb\":{\"@id\":\"https:\\\/\\\/antderground.com\\\/ca\\\/producte\\\/diacamma-violaceum\\\/#breadcrumb\"},\"inLanguage\":\"ca\",\"potentialAction\":[{\"@type\":\"ReadAction\",\"target\":[\"https:\\\/\\\/antderground.com\\\/ca\\\/producte\\\/diacamma-violaceum\\\/\"]}]},{\"@type\":\"ImageObject\",\"inLanguage\":\"ca\",\"@id\":\"https:\\\/\\\/antderground.com\\\/ca\\\/producte\\\/diacamma-violaceum\\\/#primaryimage\",\"url\":\"https:\\\/\\\/antderground.com\\\/wp-content\\\/uploads\\\/2023\\\/04\\\/Diacamma-violaceum.jpg\",\"contentUrl\":\"https:\\\/\\\/antderground.com\\\/wp-content\\\/uploads\\\/2023\\\/04\\\/Diacamma-violaceum.jpg\",\"width\":1417,\"height\":1417},{\"@type\":\"BreadcrumbList\",\"@id\":\"https:\\\/\\\/antderground.com\\\/ca\\\/producte\\\/diacamma-violaceum\\\/#breadcrumb\",\"itemListElement\":[{\"@type\":\"ListItem\",\"position\":1,\"name\":\"Portada\",\"item\":\"https:\\\/\\\/antderground.com\\\/ca\\\/\"},{\"@type\":\"ListItem\",\"position\":2,\"name\":\"Productes\",\"item\":\"https:\\\/\\\/antderground.com\\\/ca\\\/productes\\\/\"},{\"@type\":\"ListItem\",\"position\":3,\"name\":\"Diacamma violaceum\"}]},{\"@type\":\"WebSite\",\"@id\":\"https:\\\/\\\/antderground.com\\\/ca\\\/#website\",\"url\":\"https:\\\/\\\/antderground.com\\\/ca\\\/\",\"name\":\"ANTDERGROUND\",\"description\":\"Tu tienda de hormigas, gran variedad de hormigueros acr\u00edlicos,madera,arena,3D y mas.. Pide tus hormigas gratis con tu pedido, somos expertos en hormigueros antifugas.\",\"publisher\":{\"@id\":\"https:\\\/\\\/antderground.com\\\/ca\\\/#\\\/schema\\\/person\\\/0e322c505e84fe72c65e2f6d08f96b81\"},\"alternateName\":\"Antderground\",\"potentialAction\":[{\"@type\":\"SearchAction\",\"target\":{\"@type\":\"EntryPoint\",\"urlTemplate\":\"https:\\\/\\\/antderground.com\\\/ca\\\/?s={search_term_string}\"},\"query-input\":{\"@type\":\"PropertyValueSpecification\",\"valueRequired\":true,\"valueName\":\"search_term_string\"}}],\"inLanguage\":\"ca\"},{\"@type\":[\"Person\",\"Organization\"],\"@id\":\"https:\\\/\\\/antderground.com\\\/ca\\\/#\\\/schema\\\/person\\\/0e322c505e84fe72c65e2f6d08f96b81\",\"name\":\"Eric de Antderground\",\"image\":{\"@type\":\"ImageObject\",\"inLanguage\":\"ca\",\"@id\":\"https:\\\/\\\/secure.gravatar.com\\\/avatar\\\/c49a1b9f79216d1498cb73c1e85cd47f4465dda35f2a94c03790d491bd4423c3?s=96&d=mm&r=g\",\"url\":\"https:\\\/\\\/secure.gravatar.com\\\/avatar\\\/c49a1b9f79216d1498cb73c1e85cd47f4465dda35f2a94c03790d491bd4423c3?s=96&d=mm&r=g\",\"contentUrl\":\"https:\\\/\\\/secure.gravatar.com\\\/avatar\\\/c49a1b9f79216d1498cb73c1e85cd47f4465dda35f2a94c03790d491bd4423c3?s=96&d=mm&r=g\",\"caption\":\"Eric de Antderground\"},\"logo\":{\"@id\":\"https:\\\/\\\/secure.gravatar.com\\\/avatar\\\/c49a1b9f79216d1498cb73c1e85cd47f4465dda35f2a94c03790d491bd4423c3?s=96&d=mm&r=g\"},\"description\":\"Eric es el especialista y fundador de Antderground, con una amplia trayectoria en artr\u00f3podos y enfocado en la mirmecolog\u00eda y el dise\u00f1o de hormigueros artificiales. Su enfoque combina la innovaci\u00f3n t\u00e9cnica con el respeto por la biolog\u00eda de las hormigas, is\u00f3podos y otros, desarrollando sistemas de nidos modulares 3D y acr\u00edlicos que son referentes para aficionados y profesionales en toda Europa. Su objetivo es facilitar la cr\u00eda de hormigas y otros artr\u00f3podos mediante soluciones seguras y divulgaci\u00f3n de calidad.\",\"sameAs\":[\"https:\\\/\\\/antderground.com\\\/\",\"https:\\\/\\\/www.youtube.com\\\/channel\\\/UCio72z7TlbufkAthAJIJfPw\"]}]}<\/script>\n<!-- \/ Yoast SEO plugin. -->","yoast_head_json":{"title":"Diacamma violaceum \/ Formicidae - ANTDERGROUND","description":"Descobreix aquesta formiga exotica (Diacamma violaceum) una formiga forta i defensiva amb grans habilitats de ca\u00e7a. La teva botiga de formigues de tot el m\u00f3n.","robots":{"index":"index","follow":"follow","max-snippet":"max-snippet:-1","max-image-preview":"max-image-preview:large","max-video-preview":"max-video-preview:-1"},"canonical":"https:\/\/antderground.com\/ca\/producte\/diacamma-violaceum\/","og_locale":"ca_ES","og_type":"article","og_title":"Diacamma violaceum \/ Formicidae - ANTDERGROUND","og_description":"Descobreix aquesta formiga exotica (Diacamma violaceum) una formiga forta i defensiva amb grans habilitats de ca\u00e7a. La teva botiga de formigues de tot el m\u00f3n.","og_url":"https:\/\/antderground.com\/ca\/producte\/diacamma-violaceum\/","og_site_name":"ANTDERGROUND","article_modified_time":"2023-12-01T19:25:37+00:00","og_image":[{"width":1417,"height":1417,"url":"https:\/\/antderground.com\/wp-content\/uploads\/2023\/04\/Diacamma-violaceum.jpg","type":"image\/jpeg"}],"twitter_card":"summary_large_image","twitter_misc":{"Temps estimat de lectura":"1 minut"},"schema":{"@context":"https:\/\/schema.org","@graph":[{"@type":"WebPage","@id":"https:\/\/antderground.com\/ca\/producte\/diacamma-violaceum\/","url":"https:\/\/antderground.com\/ca\/producte\/diacamma-violaceum\/","name":"Diacamma violaceum \/ Formicidae - ANTDERGROUND","isPartOf":{"@id":"https:\/\/antderground.com\/ca\/#website"},"primaryImageOfPage":{"@id":"https:\/\/antderground.com\/ca\/producte\/diacamma-violaceum\/#primaryimage"},"image":{"@id":"https:\/\/antderground.com\/ca\/producte\/diacamma-violaceum\/#primaryimage"},"thumbnailUrl":"https:\/\/antderground.com\/wp-content\/uploads\/2023\/04\/Diacamma-violaceum.jpg","datePublished":"2023-04-13T20:02:42+00:00","dateModified":"2023-12-01T19:25:37+00:00","description":"Descobreix aquesta formiga exotica (Diacamma violaceum) una formiga forta i defensiva amb grans habilitats de ca\u00e7a. La teva botiga de formigues de tot el m\u00f3n.","breadcrumb":{"@id":"https:\/\/antderground.com\/ca\/producte\/diacamma-violaceum\/#breadcrumb"},"inLanguage":"ca","potentialAction":[{"@type":"ReadAction","target":["https:\/\/antderground.com\/ca\/producte\/diacamma-violaceum\/"]}]},{"@type":"ImageObject","inLanguage":"ca","@id":"https:\/\/antderground.com\/ca\/producte\/diacamma-violaceum\/#primaryimage","url":"https:\/\/antderground.com\/wp-content\/uploads\/2023\/04\/Diacamma-violaceum.jpg","contentUrl":"https:\/\/antderground.com\/wp-content\/uploads\/2023\/04\/Diacamma-violaceum.jpg","width":1417,"height":1417},{"@type":"BreadcrumbList","@id":"https:\/\/antderground.com\/ca\/producte\/diacamma-violaceum\/#breadcrumb","itemListElement":[{"@type":"ListItem","position":1,"name":"Portada","item":"https:\/\/antderground.com\/ca\/"},{"@type":"ListItem","position":2,"name":"Productes","item":"https:\/\/antderground.com\/ca\/productes\/"},{"@type":"ListItem","position":3,"name":"Diacamma violaceum"}]},{"@type":"WebSite","@id":"https:\/\/antderground.com\/ca\/#website","url":"https:\/\/antderground.com\/ca\/","name":"ANTDERGROUND","description":"Tu tienda de hormigas, gran variedad de hormigueros acr\u00edlicos,madera,arena,3D y mas.. Pide tus hormigas gratis con tu pedido, somos expertos en hormigueros antifugas.","publisher":{"@id":"https:\/\/antderground.com\/ca\/#\/schema\/person\/0e322c505e84fe72c65e2f6d08f96b81"},"alternateName":"Antderground","potentialAction":[{"@type":"SearchAction","target":{"@type":"EntryPoint","urlTemplate":"https:\/\/antderground.com\/ca\/?s={search_term_string}"},"query-input":{"@type":"PropertyValueSpecification","valueRequired":true,"valueName":"search_term_string"}}],"inLanguage":"ca"},{"@type":["Person","Organization"],"@id":"https:\/\/antderground.com\/ca\/#\/schema\/person\/0e322c505e84fe72c65e2f6d08f96b81","name":"Eric de Antderground","image":{"@type":"ImageObject","inLanguage":"ca","@id":"https:\/\/secure.gravatar.com\/avatar\/c49a1b9f79216d1498cb73c1e85cd47f4465dda35f2a94c03790d491bd4423c3?s=96&d=mm&r=g","url":"https:\/\/secure.gravatar.com\/avatar\/c49a1b9f79216d1498cb73c1e85cd47f4465dda35f2a94c03790d491bd4423c3?s=96&d=mm&r=g","contentUrl":"https:\/\/secure.gravatar.com\/avatar\/c49a1b9f79216d1498cb73c1e85cd47f4465dda35f2a94c03790d491bd4423c3?s=96&d=mm&r=g","caption":"Eric de Antderground"},"logo":{"@id":"https:\/\/secure.gravatar.com\/avatar\/c49a1b9f79216d1498cb73c1e85cd47f4465dda35f2a94c03790d491bd4423c3?s=96&d=mm&r=g"},"description":"Eric es el especialista y fundador de Antderground, con una amplia trayectoria en artr\u00f3podos y enfocado en la mirmecolog\u00eda y el dise\u00f1o de hormigueros artificiales. Su enfoque combina la innovaci\u00f3n t\u00e9cnica con el respeto por la biolog\u00eda de las hormigas, is\u00f3podos y otros, desarrollando sistemas de nidos modulares 3D y acr\u00edlicos que son referentes para aficionados y profesionales en toda Europa. Su objetivo es facilitar la cr\u00eda de hormigas y otros artr\u00f3podos mediante soluciones seguras y divulgaci\u00f3n de calidad.","sameAs":["https:\/\/antderground.com\/","https:\/\/www.youtube.com\/channel\/UCio72z7TlbufkAthAJIJfPw"]}]}},"_links":{"self":[{"href":"https:\/\/antderground.com\/ca\/wp-json\/wp\/v2\/product\/27863","targetHints":{"allow":["GET"]}}],"collection":[{"href":"https:\/\/antderground.com\/ca\/wp-json\/wp\/v2\/product"}],"about":[{"href":"https:\/\/antderground.com\/ca\/wp-json\/wp\/v2\/types\/product"}],"version-history":[{"count":0,"href":"https:\/\/antderground.com\/ca\/wp-json\/wp\/v2\/product\/27863\/revisions"}],"wp:featuredmedia":[{"embeddable":true,"href":"https:\/\/antderground.com\/ca\/wp-json\/wp\/v2\/media\/27868"}],"wp:attachment":[{"href":"https:\/\/antderground.com\/ca\/wp-json\/wp\/v2\/media?parent=27863"}],"wp:term":[{"taxonomy":"product_brand","embeddable":true,"href":"https:\/\/antderground.com\/ca\/wp-json\/wp\/v2\/product_brand?post=27863"},{"taxonomy":"product_cat","embeddable":true,"href":"https:\/\/antderground.com\/ca\/wp-json\/wp\/v2\/product_cat?post=27863"},{"taxonomy":"product_tag","embeddable":true,"href":"https:\/\/antderground.com\/ca\/wp-json\/wp\/v2\/product_tag?post=27863"}],"curies":[{"name":"wp","href":"https:\/\/api.w.org\/{rel}","templated":true}]}}