{"id":28257,"date":"2023-04-27T19:09:56","date_gmt":"2023-04-27T17:09:56","guid":{"rendered":"https:\/\/www.antderground.com\/producto\/kit-inici-colonia\/"},"modified":"2023-04-27T19:09:56","modified_gmt":"2023-04-27T17:09:56","slug":"kit-inici-colonia","status":"publish","type":"product","link":"https:\/\/antderground.com\/ca\/producte\/kit-inici-colonia\/","title":{"rendered":"Kit inici de col\u00f2nia"},"content":{"rendered":"<h2>Est\u00e0s pensant en iniciar una col\u00f2nia de formigues?<\/h2>\n<p>Si la resposta \u00e9s si? perfecte aquest kit inici de col\u00f2nia \u00e9s f\u00e0cil per a tots els nivells.<\/p>\n<p>Consta d&#8217;un formiguer realitzat en 3D de mida 7 cm x 4,5 cm amb un dip\u00f2sit superior de 20 ml, ideal per tenir les formigues ben hidratades.<\/p>\n<p>Com sempre, els formiguers d&#8217;antderground s\u00f3n testejats per garantir una resist\u00e8ncia i durabilitat.<\/p>\n<p>Tamb\u00e9 consta d&#8217;una caixa de farratge 3D de mida 5 cm per 5cm ideal perqu\u00e8 les nostres formigues estiguin c\u00f2modes en iniciar la col\u00f2nia.<\/p>\n<p>Inclou el connector horitzontal per connectar el formiguer amb el farratge, un sistema de connexi\u00f3 facil ideal per a tots els formiguers i caixes de farratge d&#8217;antderground.<\/p>\n<h3>Perqu\u00e8 una caixa petita?<\/h3>\n<p>Als inicis de les col\u00f2nies no \u00e9s recomanable utilitzar caixes grans o formiguers molt grans per diversos motius. Els motius principals s\u00f3n per comoditat de les formigues i evitar l&#8217;estr\u00e8s. Al principi la col\u00f2nia ha d&#8217;estar m\u00e9s unida.<\/p>\n","protected":false},"excerpt":{"rendered":"<p>Kit ideal per comen\u00e7ar una col\u00f2nia.<br \/>\nInclou (Formiguer + Caixa de farratge + Connector).<\/p>\n<p><strong>Formiguer 3D:<\/strong><br \/>\nGrand\u00e0ria: 7 cm x 4,5 cm.<br \/>\nDip\u00f2sit: 20 ml.<br \/>\nColor: Blanc.<br \/>\nTapa vermella: si.<\/p>\n<p><strong>Caixa de farratge 3D:<\/strong><br \/>\nGrand\u00e0ria: 5 cm x 5 cm.<br \/>\nColor: Blanc<br \/>\nVentilaci\u00f3: Si , tapa superior.<br \/>\nConnexions: 2<\/p>\n<p><strong>Connector:<\/strong><br \/>\nColor: Blanc<br \/>\nConnexi\u00f3: horitzontal.<\/p>\n","protected":false},"featured_media":31052,"template":"","meta":[],"product_brand":[],"product_cat":[435,311,450],"product_tag":[],"class_list":{"0":"post-28257","1":"product","2":"type-product","3":"status-publish","4":"has-post-thumbnail","6":"product_cat-formiguers-3d-ca","7":"product_cat-kits-formiguers","8":"product_cat-nadal","10":"first","11":"instock","12":"sale","13":"shipping-taxable","14":"purchasable","15":"product-type-simple"},"yoast_head":"<!-- This site is optimized with the Yoast SEO plugin v27.3 - https:\/\/yoast.com\/product\/yoast-seo-wordpress\/ -->\n<title>Kit inici de col\u00f2nia - ANTDERGROUND<\/title>\n<meta name=\"description\" content=\"El kit inici de col\u00f2nia \u00e9s perfecte per iniciar amb les nostres formigues o formiga reina, un formiguer en 3d i un caixa de farratge 3d ideal per comen\u00e7ar ;-)\" \/>\n<meta name=\"robots\" content=\"index, follow, max-snippet:-1, max-image-preview:large, max-video-preview:-1\" \/>\n<link rel=\"canonical\" href=\"https:\/\/antderground.com\/ca\/producte\/kit-inici-colonia\/\" \/>\n<meta property=\"og:locale\" content=\"ca_ES\" \/>\n<meta property=\"og:type\" content=\"article\" \/>\n<meta property=\"og:title\" content=\"Kit inici de col\u00f2nia - ANTDERGROUND\" \/>\n<meta property=\"og:description\" content=\"El kit inici de col\u00f2nia \u00e9s perfecte per iniciar amb les nostres formigues o formiga reina, un formiguer en 3d i un caixa de farratge 3d ideal per comen\u00e7ar ;-)\" \/>\n<meta property=\"og:url\" content=\"https:\/\/antderground.com\/ca\/producte\/kit-inici-colonia\/\" \/>\n<meta property=\"og:site_name\" content=\"ANTDERGROUND\" \/>\n<meta property=\"og:image\" content=\"https:\/\/antderground.com\/wp-content\/uploads\/2023\/04\/Kit-inici-colonia-3d-1.jpg\" \/>\n\t<meta property=\"og:image:width\" content=\"1417\" \/>\n\t<meta property=\"og:image:height\" content=\"1417\" \/>\n\t<meta property=\"og:image:type\" content=\"image\/jpeg\" \/>\n<meta name=\"twitter:card\" content=\"summary_large_image\" \/>\n<meta name=\"twitter:label1\" content=\"Temps estimat de lectura\" \/>\n\t<meta name=\"twitter:data1\" content=\"1 minut\" \/>\n<script type=\"application\/ld+json\" class=\"yoast-schema-graph\">{\"@context\":\"https:\\\/\\\/schema.org\",\"@graph\":[{\"@type\":\"WebPage\",\"@id\":\"https:\\\/\\\/antderground.com\\\/ca\\\/producte\\\/kit-inici-colonia\\\/\",\"url\":\"https:\\\/\\\/antderground.com\\\/ca\\\/producte\\\/kit-inici-colonia\\\/\",\"name\":\"Kit inici de col\u00f2nia - ANTDERGROUND\",\"isPartOf\":{\"@id\":\"https:\\\/\\\/antderground.com\\\/ca\\\/#website\"},\"primaryImageOfPage\":{\"@id\":\"https:\\\/\\\/antderground.com\\\/ca\\\/producte\\\/kit-inici-colonia\\\/#primaryimage\"},\"image\":{\"@id\":\"https:\\\/\\\/antderground.com\\\/ca\\\/producte\\\/kit-inici-colonia\\\/#primaryimage\"},\"thumbnailUrl\":\"https:\\\/\\\/antderground.com\\\/wp-content\\\/uploads\\\/2023\\\/04\\\/kit-inicio-hormiguero-reinero-con-forrajeo.jpg\",\"datePublished\":\"2023-04-27T17:09:56+00:00\",\"description\":\"El kit inici de col\u00f2nia \u00e9s perfecte per iniciar amb les nostres formigues o formiga reina, un formiguer en 3d i un caixa de farratge 3d ideal per comen\u00e7ar ;-)\",\"breadcrumb\":{\"@id\":\"https:\\\/\\\/antderground.com\\\/ca\\\/producte\\\/kit-inici-colonia\\\/#breadcrumb\"},\"inLanguage\":\"ca\",\"potentialAction\":[{\"@type\":\"ReadAction\",\"target\":[\"https:\\\/\\\/antderground.com\\\/ca\\\/producte\\\/kit-inici-colonia\\\/\"]}]},{\"@type\":\"ImageObject\",\"inLanguage\":\"ca\",\"@id\":\"https:\\\/\\\/antderground.com\\\/ca\\\/producte\\\/kit-inici-colonia\\\/#primaryimage\",\"url\":\"https:\\\/\\\/antderground.com\\\/wp-content\\\/uploads\\\/2023\\\/04\\\/kit-inicio-hormiguero-reinero-con-forrajeo.jpg\",\"contentUrl\":\"https:\\\/\\\/antderground.com\\\/wp-content\\\/uploads\\\/2023\\\/04\\\/kit-inicio-hormiguero-reinero-con-forrajeo.jpg\",\"width\":1280,\"height\":1280},{\"@type\":\"BreadcrumbList\",\"@id\":\"https:\\\/\\\/antderground.com\\\/ca\\\/producte\\\/kit-inici-colonia\\\/#breadcrumb\",\"itemListElement\":[{\"@type\":\"ListItem\",\"position\":1,\"name\":\"Portada\",\"item\":\"https:\\\/\\\/antderground.com\\\/ca\\\/\"},{\"@type\":\"ListItem\",\"position\":2,\"name\":\"Productes\",\"item\":\"https:\\\/\\\/antderground.com\\\/ca\\\/productes\\\/\"},{\"@type\":\"ListItem\",\"position\":3,\"name\":\"Kit inici de col\u00f2nia\"}]},{\"@type\":\"WebSite\",\"@id\":\"https:\\\/\\\/antderground.com\\\/ca\\\/#website\",\"url\":\"https:\\\/\\\/antderground.com\\\/ca\\\/\",\"name\":\"ANTDERGROUND\",\"description\":\"Tu tienda de hormigas, gran variedad de hormigueros acr\u00edlicos,madera,arena,3D y mas.. Pide tus hormigas gratis con tu pedido, somos expertos en hormigueros antifugas.\",\"publisher\":{\"@id\":\"https:\\\/\\\/antderground.com\\\/ca\\\/#\\\/schema\\\/person\\\/0e322c505e84fe72c65e2f6d08f96b81\"},\"alternateName\":\"Antderground\",\"potentialAction\":[{\"@type\":\"SearchAction\",\"target\":{\"@type\":\"EntryPoint\",\"urlTemplate\":\"https:\\\/\\\/antderground.com\\\/ca\\\/?s={search_term_string}\"},\"query-input\":{\"@type\":\"PropertyValueSpecification\",\"valueRequired\":true,\"valueName\":\"search_term_string\"}}],\"inLanguage\":\"ca\"},{\"@type\":[\"Person\",\"Organization\"],\"@id\":\"https:\\\/\\\/antderground.com\\\/ca\\\/#\\\/schema\\\/person\\\/0e322c505e84fe72c65e2f6d08f96b81\",\"name\":\"Eric de Antderground\",\"image\":{\"@type\":\"ImageObject\",\"inLanguage\":\"ca\",\"@id\":\"https:\\\/\\\/secure.gravatar.com\\\/avatar\\\/c49a1b9f79216d1498cb73c1e85cd47f4465dda35f2a94c03790d491bd4423c3?s=96&d=mm&r=g\",\"url\":\"https:\\\/\\\/secure.gravatar.com\\\/avatar\\\/c49a1b9f79216d1498cb73c1e85cd47f4465dda35f2a94c03790d491bd4423c3?s=96&d=mm&r=g\",\"contentUrl\":\"https:\\\/\\\/secure.gravatar.com\\\/avatar\\\/c49a1b9f79216d1498cb73c1e85cd47f4465dda35f2a94c03790d491bd4423c3?s=96&d=mm&r=g\",\"caption\":\"Eric de Antderground\"},\"logo\":{\"@id\":\"https:\\\/\\\/secure.gravatar.com\\\/avatar\\\/c49a1b9f79216d1498cb73c1e85cd47f4465dda35f2a94c03790d491bd4423c3?s=96&d=mm&r=g\"},\"description\":\"Eric es el especialista y fundador de Antderground, con una amplia trayectoria en artr\u00f3podos y enfocado en la mirmecolog\u00eda y el dise\u00f1o de hormigueros artificiales. Su enfoque combina la innovaci\u00f3n t\u00e9cnica con el respeto por la biolog\u00eda de las hormigas, is\u00f3podos y otros, desarrollando sistemas de nidos modulares 3D y acr\u00edlicos que son referentes para aficionados y profesionales en toda Europa. Su objetivo es facilitar la cr\u00eda de hormigas y otros artr\u00f3podos mediante soluciones seguras y divulgaci\u00f3n de calidad.\",\"sameAs\":[\"https:\\\/\\\/antderground.com\\\/\",\"https:\\\/\\\/www.youtube.com\\\/channel\\\/UCio72z7TlbufkAthAJIJfPw\"]}]}<\/script>\n<!-- \/ Yoast SEO plugin. -->","yoast_head_json":{"title":"Kit inici de col\u00f2nia - ANTDERGROUND","description":"El kit inici de col\u00f2nia \u00e9s perfecte per iniciar amb les nostres formigues o formiga reina, un formiguer en 3d i un caixa de farratge 3d ideal per comen\u00e7ar ;-)","robots":{"index":"index","follow":"follow","max-snippet":"max-snippet:-1","max-image-preview":"max-image-preview:large","max-video-preview":"max-video-preview:-1"},"canonical":"https:\/\/antderground.com\/ca\/producte\/kit-inici-colonia\/","og_locale":"ca_ES","og_type":"article","og_title":"Kit inici de col\u00f2nia - ANTDERGROUND","og_description":"El kit inici de col\u00f2nia \u00e9s perfecte per iniciar amb les nostres formigues o formiga reina, un formiguer en 3d i un caixa de farratge 3d ideal per comen\u00e7ar ;-)","og_url":"https:\/\/antderground.com\/ca\/producte\/kit-inici-colonia\/","og_site_name":"ANTDERGROUND","og_image":[{"width":1417,"height":1417,"url":"https:\/\/antderground.com\/wp-content\/uploads\/2023\/04\/Kit-inici-colonia-3d-1.jpg","type":"image\/jpeg"}],"twitter_card":"summary_large_image","twitter_misc":{"Temps estimat de lectura":"1 minut"},"schema":{"@context":"https:\/\/schema.org","@graph":[{"@type":"WebPage","@id":"https:\/\/antderground.com\/ca\/producte\/kit-inici-colonia\/","url":"https:\/\/antderground.com\/ca\/producte\/kit-inici-colonia\/","name":"Kit inici de col\u00f2nia - ANTDERGROUND","isPartOf":{"@id":"https:\/\/antderground.com\/ca\/#website"},"primaryImageOfPage":{"@id":"https:\/\/antderground.com\/ca\/producte\/kit-inici-colonia\/#primaryimage"},"image":{"@id":"https:\/\/antderground.com\/ca\/producte\/kit-inici-colonia\/#primaryimage"},"thumbnailUrl":"https:\/\/antderground.com\/wp-content\/uploads\/2023\/04\/kit-inicio-hormiguero-reinero-con-forrajeo.jpg","datePublished":"2023-04-27T17:09:56+00:00","description":"El kit inici de col\u00f2nia \u00e9s perfecte per iniciar amb les nostres formigues o formiga reina, un formiguer en 3d i un caixa de farratge 3d ideal per comen\u00e7ar ;-)","breadcrumb":{"@id":"https:\/\/antderground.com\/ca\/producte\/kit-inici-colonia\/#breadcrumb"},"inLanguage":"ca","potentialAction":[{"@type":"ReadAction","target":["https:\/\/antderground.com\/ca\/producte\/kit-inici-colonia\/"]}]},{"@type":"ImageObject","inLanguage":"ca","@id":"https:\/\/antderground.com\/ca\/producte\/kit-inici-colonia\/#primaryimage","url":"https:\/\/antderground.com\/wp-content\/uploads\/2023\/04\/kit-inicio-hormiguero-reinero-con-forrajeo.jpg","contentUrl":"https:\/\/antderground.com\/wp-content\/uploads\/2023\/04\/kit-inicio-hormiguero-reinero-con-forrajeo.jpg","width":1280,"height":1280},{"@type":"BreadcrumbList","@id":"https:\/\/antderground.com\/ca\/producte\/kit-inici-colonia\/#breadcrumb","itemListElement":[{"@type":"ListItem","position":1,"name":"Portada","item":"https:\/\/antderground.com\/ca\/"},{"@type":"ListItem","position":2,"name":"Productes","item":"https:\/\/antderground.com\/ca\/productes\/"},{"@type":"ListItem","position":3,"name":"Kit inici de col\u00f2nia"}]},{"@type":"WebSite","@id":"https:\/\/antderground.com\/ca\/#website","url":"https:\/\/antderground.com\/ca\/","name":"ANTDERGROUND","description":"Tu tienda de hormigas, gran variedad de hormigueros acr\u00edlicos,madera,arena,3D y mas.. Pide tus hormigas gratis con tu pedido, somos expertos en hormigueros antifugas.","publisher":{"@id":"https:\/\/antderground.com\/ca\/#\/schema\/person\/0e322c505e84fe72c65e2f6d08f96b81"},"alternateName":"Antderground","potentialAction":[{"@type":"SearchAction","target":{"@type":"EntryPoint","urlTemplate":"https:\/\/antderground.com\/ca\/?s={search_term_string}"},"query-input":{"@type":"PropertyValueSpecification","valueRequired":true,"valueName":"search_term_string"}}],"inLanguage":"ca"},{"@type":["Person","Organization"],"@id":"https:\/\/antderground.com\/ca\/#\/schema\/person\/0e322c505e84fe72c65e2f6d08f96b81","name":"Eric de Antderground","image":{"@type":"ImageObject","inLanguage":"ca","@id":"https:\/\/secure.gravatar.com\/avatar\/c49a1b9f79216d1498cb73c1e85cd47f4465dda35f2a94c03790d491bd4423c3?s=96&d=mm&r=g","url":"https:\/\/secure.gravatar.com\/avatar\/c49a1b9f79216d1498cb73c1e85cd47f4465dda35f2a94c03790d491bd4423c3?s=96&d=mm&r=g","contentUrl":"https:\/\/secure.gravatar.com\/avatar\/c49a1b9f79216d1498cb73c1e85cd47f4465dda35f2a94c03790d491bd4423c3?s=96&d=mm&r=g","caption":"Eric de Antderground"},"logo":{"@id":"https:\/\/secure.gravatar.com\/avatar\/c49a1b9f79216d1498cb73c1e85cd47f4465dda35f2a94c03790d491bd4423c3?s=96&d=mm&r=g"},"description":"Eric es el especialista y fundador de Antderground, con una amplia trayectoria en artr\u00f3podos y enfocado en la mirmecolog\u00eda y el dise\u00f1o de hormigueros artificiales. Su enfoque combina la innovaci\u00f3n t\u00e9cnica con el respeto por la biolog\u00eda de las hormigas, is\u00f3podos y otros, desarrollando sistemas de nidos modulares 3D y acr\u00edlicos que son referentes para aficionados y profesionales en toda Europa. Su objetivo es facilitar la cr\u00eda de hormigas y otros artr\u00f3podos mediante soluciones seguras y divulgaci\u00f3n de calidad.","sameAs":["https:\/\/antderground.com\/","https:\/\/www.youtube.com\/channel\/UCio72z7TlbufkAthAJIJfPw"]}]}},"_links":{"self":[{"href":"https:\/\/antderground.com\/ca\/wp-json\/wp\/v2\/product\/28257","targetHints":{"allow":["GET"]}}],"collection":[{"href":"https:\/\/antderground.com\/ca\/wp-json\/wp\/v2\/product"}],"about":[{"href":"https:\/\/antderground.com\/ca\/wp-json\/wp\/v2\/types\/product"}],"version-history":[{"count":0,"href":"https:\/\/antderground.com\/ca\/wp-json\/wp\/v2\/product\/28257\/revisions"}],"wp:featuredmedia":[{"embeddable":true,"href":"https:\/\/antderground.com\/ca\/wp-json\/wp\/v2\/media\/31052"}],"wp:attachment":[{"href":"https:\/\/antderground.com\/ca\/wp-json\/wp\/v2\/media?parent=28257"}],"wp:term":[{"taxonomy":"product_brand","embeddable":true,"href":"https:\/\/antderground.com\/ca\/wp-json\/wp\/v2\/product_brand?post=28257"},{"taxonomy":"product_cat","embeddable":true,"href":"https:\/\/antderground.com\/ca\/wp-json\/wp\/v2\/product_cat?post=28257"},{"taxonomy":"product_tag","embeddable":true,"href":"https:\/\/antderground.com\/ca\/wp-json\/wp\/v2\/product_tag?post=28257"}],"curies":[{"name":"wp","href":"https:\/\/api.w.org\/{rel}","templated":true}]}}