{"id":29372,"date":"2023-07-12T01:09:42","date_gmt":"2023-07-11T23:09:42","guid":{"rendered":"https:\/\/www.antderground.com\/producto\/kit-inici-colonia-formiga\/"},"modified":"2023-07-12T10:55:14","modified_gmt":"2023-07-12T08:55:14","slug":"kit-inici-colonia-formiga","status":"publish","type":"product","link":"https:\/\/antderground.com\/ca\/producte\/kit-inici-colonia-formiga\/","title":{"rendered":"Kit inici col\u00f2nia + Reina Camponotus japonicus amb obreres"},"content":{"rendered":"","protected":false},"excerpt":{"rendered":"<p>Aquest kit inici col\u00f2nia amb formiga reina i amb formigues obreres \u00e9s una de les millors opcions per comen\u00e7ar.<\/p>\n<p><strong>Inclou:<\/strong><br \/>\n&#8211; Formiguer + Caixa de farratge + Connector.<br \/>\n&#8211; Formiga reina<strong> Camponotus japonicus amb 1-5 formigues obreres.<\/strong><\/p>\n<p><strong>Caracter\u00edstiques del kit:<\/strong><\/p>\n<p><strong>Formiguer 3D:<\/strong><br \/>\nGrand\u00e0ria: 7 cm x 4,5 cm.<br \/>\nDip\u00f2sit: 20 ml.<br \/>\nColor: Blanc.<br \/>\nTapa vermella: si.<\/p>\n<p><strong>Caixa de farratge 3D:<\/strong><br \/>\nGrand\u00e0ria: 5 cm x 5 cm.<br \/>\nColor: Blanc<br \/>\nVentilaci\u00f3: Si , tapa superior.<br \/>\nConnexions: 2<\/p>\n<p><strong>Connector:<\/strong><br \/>\nColor: Blanc<br \/>\nConnexi\u00f3: horitzontal.<\/p>\n","protected":false},"featured_media":29351,"template":"","meta":[],"product_brand":[],"product_cat":[165,435,311,450],"product_tag":[],"class_list":{"0":"post-29372","1":"product","2":"type-product","3":"status-publish","4":"has-post-thumbnail","6":"product_cat-formiguers","7":"product_cat-formiguers-3d-ca","8":"product_cat-kits-formiguers","9":"product_cat-nadal","11":"first","12":"outofstock","13":"sale","14":"shipping-taxable","15":"purchasable","16":"product-type-simple"},"yoast_head":"<!-- This site is optimized with the Yoast SEO plugin v27.3 - https:\/\/yoast.com\/product\/yoast-seo-wordpress\/ -->\n<title>Kit inici col\u00f2nia + Reina Camponotus japonicus amb obreres<\/title>\n<meta name=\"description\" content=\"Kit inici col\u00f2nia amb Reina campnotus japonicus i amb 1 a 5 formigues obreres. Un pack ideal per comen\u00e7ar amb la teva col\u00f2nia de formigues. Formicarium\" \/>\n<meta name=\"robots\" content=\"index, follow, max-snippet:-1, max-image-preview:large, max-video-preview:-1\" \/>\n<link rel=\"canonical\" href=\"https:\/\/antderground.com\/ca\/producte\/kit-inici-colonia-formiga\/\" \/>\n<meta property=\"og:locale\" content=\"ca_ES\" \/>\n<meta property=\"og:type\" content=\"article\" \/>\n<meta property=\"og:title\" content=\"Kit inici col\u00f2nia + Reina Camponotus japonicus amb obreres\" \/>\n<meta property=\"og:description\" content=\"Kit inici col\u00f2nia amb Reina campnotus japonicus i amb 1 a 5 formigues obreres. Un pack ideal per comen\u00e7ar amb la teva col\u00f2nia de formigues. Formicarium\" \/>\n<meta property=\"og:url\" content=\"https:\/\/antderground.com\/ca\/producte\/kit-inici-colonia-formiga\/\" \/>\n<meta property=\"og:site_name\" content=\"ANTDERGROUND\" \/>\n<meta property=\"article:modified_time\" content=\"2023-07-12T08:55:14+00:00\" \/>\n<meta property=\"og:image\" content=\"https:\/\/antderground.com\/wp-content\/uploads\/2023\/07\/Kit-inici-colonia-3d-amb-reina-japonicus.png\" \/>\n\t<meta property=\"og:image:width\" content=\"1280\" \/>\n\t<meta property=\"og:image:height\" content=\"1280\" \/>\n\t<meta property=\"og:image:type\" content=\"image\/png\" \/>\n<meta name=\"twitter:card\" content=\"summary_large_image\" \/>\n<script type=\"application\/ld+json\" class=\"yoast-schema-graph\">{\"@context\":\"https:\\\/\\\/schema.org\",\"@graph\":[{\"@type\":\"WebPage\",\"@id\":\"https:\\\/\\\/antderground.com\\\/ca\\\/producte\\\/kit-inici-colonia-formiga\\\/\",\"url\":\"https:\\\/\\\/antderground.com\\\/ca\\\/producte\\\/kit-inici-colonia-formiga\\\/\",\"name\":\"Kit inici col\u00f2nia + Reina Camponotus japonicus amb obreres\",\"isPartOf\":{\"@id\":\"https:\\\/\\\/antderground.com\\\/ca\\\/#website\"},\"primaryImageOfPage\":{\"@id\":\"https:\\\/\\\/antderground.com\\\/ca\\\/producte\\\/kit-inici-colonia-formiga\\\/#primaryimage\"},\"image\":{\"@id\":\"https:\\\/\\\/antderground.com\\\/ca\\\/producte\\\/kit-inici-colonia-formiga\\\/#primaryimage\"},\"thumbnailUrl\":\"https:\\\/\\\/antderground.com\\\/wp-content\\\/uploads\\\/2023\\\/07\\\/Kit-inici-colonia-3d-amb-reina-japonicus.png\",\"datePublished\":\"2023-07-11T23:09:42+00:00\",\"dateModified\":\"2023-07-12T08:55:14+00:00\",\"description\":\"Kit inici col\u00f2nia amb Reina campnotus japonicus i amb 1 a 5 formigues obreres. Un pack ideal per comen\u00e7ar amb la teva col\u00f2nia de formigues. Formicarium\",\"breadcrumb\":{\"@id\":\"https:\\\/\\\/antderground.com\\\/ca\\\/producte\\\/kit-inici-colonia-formiga\\\/#breadcrumb\"},\"inLanguage\":\"ca\",\"potentialAction\":[{\"@type\":\"ReadAction\",\"target\":[\"https:\\\/\\\/antderground.com\\\/ca\\\/producte\\\/kit-inici-colonia-formiga\\\/\"]}]},{\"@type\":\"ImageObject\",\"inLanguage\":\"ca\",\"@id\":\"https:\\\/\\\/antderground.com\\\/ca\\\/producte\\\/kit-inici-colonia-formiga\\\/#primaryimage\",\"url\":\"https:\\\/\\\/antderground.com\\\/wp-content\\\/uploads\\\/2023\\\/07\\\/Kit-inici-colonia-3d-amb-reina-japonicus.png\",\"contentUrl\":\"https:\\\/\\\/antderground.com\\\/wp-content\\\/uploads\\\/2023\\\/07\\\/Kit-inici-colonia-3d-amb-reina-japonicus.png\",\"width\":1280,\"height\":1280,\"caption\":\"formiguer 3d\"},{\"@type\":\"BreadcrumbList\",\"@id\":\"https:\\\/\\\/antderground.com\\\/ca\\\/producte\\\/kit-inici-colonia-formiga\\\/#breadcrumb\",\"itemListElement\":[{\"@type\":\"ListItem\",\"position\":1,\"name\":\"Portada\",\"item\":\"https:\\\/\\\/antderground.com\\\/ca\\\/\"},{\"@type\":\"ListItem\",\"position\":2,\"name\":\"Productes\",\"item\":\"https:\\\/\\\/antderground.com\\\/ca\\\/productes\\\/\"},{\"@type\":\"ListItem\",\"position\":3,\"name\":\"Kit inici col\u00f2nia + Reina Camponotus japonicus amb obreres\"}]},{\"@type\":\"WebSite\",\"@id\":\"https:\\\/\\\/antderground.com\\\/ca\\\/#website\",\"url\":\"https:\\\/\\\/antderground.com\\\/ca\\\/\",\"name\":\"ANTDERGROUND\",\"description\":\"Tu tienda de hormigas, gran variedad de hormigueros acr\u00edlicos,madera,arena,3D y mas.. Pide tus hormigas gratis con tu pedido, somos expertos en hormigueros antifugas.\",\"publisher\":{\"@id\":\"https:\\\/\\\/antderground.com\\\/ca\\\/#\\\/schema\\\/person\\\/0e322c505e84fe72c65e2f6d08f96b81\"},\"alternateName\":\"Antderground\",\"potentialAction\":[{\"@type\":\"SearchAction\",\"target\":{\"@type\":\"EntryPoint\",\"urlTemplate\":\"https:\\\/\\\/antderground.com\\\/ca\\\/?s={search_term_string}\"},\"query-input\":{\"@type\":\"PropertyValueSpecification\",\"valueRequired\":true,\"valueName\":\"search_term_string\"}}],\"inLanguage\":\"ca\"},{\"@type\":[\"Person\",\"Organization\"],\"@id\":\"https:\\\/\\\/antderground.com\\\/ca\\\/#\\\/schema\\\/person\\\/0e322c505e84fe72c65e2f6d08f96b81\",\"name\":\"Eric de Antderground\",\"image\":{\"@type\":\"ImageObject\",\"inLanguage\":\"ca\",\"@id\":\"https:\\\/\\\/secure.gravatar.com\\\/avatar\\\/c49a1b9f79216d1498cb73c1e85cd47f4465dda35f2a94c03790d491bd4423c3?s=96&d=mm&r=g\",\"url\":\"https:\\\/\\\/secure.gravatar.com\\\/avatar\\\/c49a1b9f79216d1498cb73c1e85cd47f4465dda35f2a94c03790d491bd4423c3?s=96&d=mm&r=g\",\"contentUrl\":\"https:\\\/\\\/secure.gravatar.com\\\/avatar\\\/c49a1b9f79216d1498cb73c1e85cd47f4465dda35f2a94c03790d491bd4423c3?s=96&d=mm&r=g\",\"caption\":\"Eric de Antderground\"},\"logo\":{\"@id\":\"https:\\\/\\\/secure.gravatar.com\\\/avatar\\\/c49a1b9f79216d1498cb73c1e85cd47f4465dda35f2a94c03790d491bd4423c3?s=96&d=mm&r=g\"},\"description\":\"Eric es el especialista y fundador de Antderground, con una amplia trayectoria en artr\u00f3podos y enfocado en la mirmecolog\u00eda y el dise\u00f1o de hormigueros artificiales. Su enfoque combina la innovaci\u00f3n t\u00e9cnica con el respeto por la biolog\u00eda de las hormigas, is\u00f3podos y otros, desarrollando sistemas de nidos modulares 3D y acr\u00edlicos que son referentes para aficionados y profesionales en toda Europa. Su objetivo es facilitar la cr\u00eda de hormigas y otros artr\u00f3podos mediante soluciones seguras y divulgaci\u00f3n de calidad.\",\"sameAs\":[\"https:\\\/\\\/antderground.com\\\/\",\"https:\\\/\\\/www.youtube.com\\\/channel\\\/UCio72z7TlbufkAthAJIJfPw\"]}]}<\/script>\n<!-- \/ Yoast SEO plugin. -->","yoast_head_json":{"title":"Kit inici col\u00f2nia + Reina Camponotus japonicus amb obreres","description":"Kit inici col\u00f2nia amb Reina campnotus japonicus i amb 1 a 5 formigues obreres. Un pack ideal per comen\u00e7ar amb la teva col\u00f2nia de formigues. Formicarium","robots":{"index":"index","follow":"follow","max-snippet":"max-snippet:-1","max-image-preview":"max-image-preview:large","max-video-preview":"max-video-preview:-1"},"canonical":"https:\/\/antderground.com\/ca\/producte\/kit-inici-colonia-formiga\/","og_locale":"ca_ES","og_type":"article","og_title":"Kit inici col\u00f2nia + Reina Camponotus japonicus amb obreres","og_description":"Kit inici col\u00f2nia amb Reina campnotus japonicus i amb 1 a 5 formigues obreres. Un pack ideal per comen\u00e7ar amb la teva col\u00f2nia de formigues. Formicarium","og_url":"https:\/\/antderground.com\/ca\/producte\/kit-inici-colonia-formiga\/","og_site_name":"ANTDERGROUND","article_modified_time":"2023-07-12T08:55:14+00:00","og_image":[{"width":1280,"height":1280,"url":"https:\/\/antderground.com\/wp-content\/uploads\/2023\/07\/Kit-inici-colonia-3d-amb-reina-japonicus.png","type":"image\/png"}],"twitter_card":"summary_large_image","schema":{"@context":"https:\/\/schema.org","@graph":[{"@type":"WebPage","@id":"https:\/\/antderground.com\/ca\/producte\/kit-inici-colonia-formiga\/","url":"https:\/\/antderground.com\/ca\/producte\/kit-inici-colonia-formiga\/","name":"Kit inici col\u00f2nia + Reina Camponotus japonicus amb obreres","isPartOf":{"@id":"https:\/\/antderground.com\/ca\/#website"},"primaryImageOfPage":{"@id":"https:\/\/antderground.com\/ca\/producte\/kit-inici-colonia-formiga\/#primaryimage"},"image":{"@id":"https:\/\/antderground.com\/ca\/producte\/kit-inici-colonia-formiga\/#primaryimage"},"thumbnailUrl":"https:\/\/antderground.com\/wp-content\/uploads\/2023\/07\/Kit-inici-colonia-3d-amb-reina-japonicus.png","datePublished":"2023-07-11T23:09:42+00:00","dateModified":"2023-07-12T08:55:14+00:00","description":"Kit inici col\u00f2nia amb Reina campnotus japonicus i amb 1 a 5 formigues obreres. Un pack ideal per comen\u00e7ar amb la teva col\u00f2nia de formigues. Formicarium","breadcrumb":{"@id":"https:\/\/antderground.com\/ca\/producte\/kit-inici-colonia-formiga\/#breadcrumb"},"inLanguage":"ca","potentialAction":[{"@type":"ReadAction","target":["https:\/\/antderground.com\/ca\/producte\/kit-inici-colonia-formiga\/"]}]},{"@type":"ImageObject","inLanguage":"ca","@id":"https:\/\/antderground.com\/ca\/producte\/kit-inici-colonia-formiga\/#primaryimage","url":"https:\/\/antderground.com\/wp-content\/uploads\/2023\/07\/Kit-inici-colonia-3d-amb-reina-japonicus.png","contentUrl":"https:\/\/antderground.com\/wp-content\/uploads\/2023\/07\/Kit-inici-colonia-3d-amb-reina-japonicus.png","width":1280,"height":1280,"caption":"formiguer 3d"},{"@type":"BreadcrumbList","@id":"https:\/\/antderground.com\/ca\/producte\/kit-inici-colonia-formiga\/#breadcrumb","itemListElement":[{"@type":"ListItem","position":1,"name":"Portada","item":"https:\/\/antderground.com\/ca\/"},{"@type":"ListItem","position":2,"name":"Productes","item":"https:\/\/antderground.com\/ca\/productes\/"},{"@type":"ListItem","position":3,"name":"Kit inici col\u00f2nia + Reina Camponotus japonicus amb obreres"}]},{"@type":"WebSite","@id":"https:\/\/antderground.com\/ca\/#website","url":"https:\/\/antderground.com\/ca\/","name":"ANTDERGROUND","description":"Tu tienda de hormigas, gran variedad de hormigueros acr\u00edlicos,madera,arena,3D y mas.. Pide tus hormigas gratis con tu pedido, somos expertos en hormigueros antifugas.","publisher":{"@id":"https:\/\/antderground.com\/ca\/#\/schema\/person\/0e322c505e84fe72c65e2f6d08f96b81"},"alternateName":"Antderground","potentialAction":[{"@type":"SearchAction","target":{"@type":"EntryPoint","urlTemplate":"https:\/\/antderground.com\/ca\/?s={search_term_string}"},"query-input":{"@type":"PropertyValueSpecification","valueRequired":true,"valueName":"search_term_string"}}],"inLanguage":"ca"},{"@type":["Person","Organization"],"@id":"https:\/\/antderground.com\/ca\/#\/schema\/person\/0e322c505e84fe72c65e2f6d08f96b81","name":"Eric de Antderground","image":{"@type":"ImageObject","inLanguage":"ca","@id":"https:\/\/secure.gravatar.com\/avatar\/c49a1b9f79216d1498cb73c1e85cd47f4465dda35f2a94c03790d491bd4423c3?s=96&d=mm&r=g","url":"https:\/\/secure.gravatar.com\/avatar\/c49a1b9f79216d1498cb73c1e85cd47f4465dda35f2a94c03790d491bd4423c3?s=96&d=mm&r=g","contentUrl":"https:\/\/secure.gravatar.com\/avatar\/c49a1b9f79216d1498cb73c1e85cd47f4465dda35f2a94c03790d491bd4423c3?s=96&d=mm&r=g","caption":"Eric de Antderground"},"logo":{"@id":"https:\/\/secure.gravatar.com\/avatar\/c49a1b9f79216d1498cb73c1e85cd47f4465dda35f2a94c03790d491bd4423c3?s=96&d=mm&r=g"},"description":"Eric es el especialista y fundador de Antderground, con una amplia trayectoria en artr\u00f3podos y enfocado en la mirmecolog\u00eda y el dise\u00f1o de hormigueros artificiales. Su enfoque combina la innovaci\u00f3n t\u00e9cnica con el respeto por la biolog\u00eda de las hormigas, is\u00f3podos y otros, desarrollando sistemas de nidos modulares 3D y acr\u00edlicos que son referentes para aficionados y profesionales en toda Europa. Su objetivo es facilitar la cr\u00eda de hormigas y otros artr\u00f3podos mediante soluciones seguras y divulgaci\u00f3n de calidad.","sameAs":["https:\/\/antderground.com\/","https:\/\/www.youtube.com\/channel\/UCio72z7TlbufkAthAJIJfPw"]}]}},"_links":{"self":[{"href":"https:\/\/antderground.com\/ca\/wp-json\/wp\/v2\/product\/29372","targetHints":{"allow":["GET"]}}],"collection":[{"href":"https:\/\/antderground.com\/ca\/wp-json\/wp\/v2\/product"}],"about":[{"href":"https:\/\/antderground.com\/ca\/wp-json\/wp\/v2\/types\/product"}],"version-history":[{"count":0,"href":"https:\/\/antderground.com\/ca\/wp-json\/wp\/v2\/product\/29372\/revisions"}],"wp:featuredmedia":[{"embeddable":true,"href":"https:\/\/antderground.com\/ca\/wp-json\/wp\/v2\/media\/29351"}],"wp:attachment":[{"href":"https:\/\/antderground.com\/ca\/wp-json\/wp\/v2\/media?parent=29372"}],"wp:term":[{"taxonomy":"product_brand","embeddable":true,"href":"https:\/\/antderground.com\/ca\/wp-json\/wp\/v2\/product_brand?post=29372"},{"taxonomy":"product_cat","embeddable":true,"href":"https:\/\/antderground.com\/ca\/wp-json\/wp\/v2\/product_cat?post=29372"},{"taxonomy":"product_tag","embeddable":true,"href":"https:\/\/antderground.com\/ca\/wp-json\/wp\/v2\/product_tag?post=29372"}],"curies":[{"name":"wp","href":"https:\/\/api.w.org\/{rel}","templated":true}]}}