{"id":30456,"date":"2023-10-10T12:08:30","date_gmt":"2023-10-10T10:08:30","guid":{"rendered":"https:\/\/www.antderground.com\/producto\/crea-el-teu-formiguer-ytong\/"},"modified":"2023-11-30T23:00:06","modified_gmt":"2023-11-30T22:00:06","slug":"crea-el-teu-formiguer-ytong","status":"publish","type":"product","link":"https:\/\/antderground.com\/ca\/producte\/crea-el-teu-formiguer-ytong\/","title":{"rendered":"Crea el teu formiguer (ytong)"},"content":{"rendered":"<h2>Est\u00e0s pensant en crear el teu formiguer?<\/h2>\n<p>S\u00ed? Genial! Aquest formiguer est\u00e0 pensat perqu\u00e8 puguis fer les teves pr\u00f2pies galeries.<\/p>\n<h3>Avantatges de Crea el teu formiguer (ytong) amb el teu estil!<\/h3>\n<p>&#8211; Disseny personalitzat<br \/>\n&#8211; Hi ha recanvis per si hi ha errors<br \/>\n&#8211; F\u00e0cil de rascar (material itong)<br \/>\n&#8211; Dues connexions (pots tenir connectors o invents personalitzats. per realitzar la connexi\u00f3).<\/p>\n<h4>Recanvis de totes les peces del formiguer?<\/h4>\n<p>S\u00ed! Hi ha recanvis d&#8217;estructura i del itong!<\/p>\n<h5>Es pot connectar amb altres formiguers o farratges?<\/h5>\n<p>S\u00ed! Es pot connectar amb tots els nostres productes de Antderground amb els connectors, si vols amb altres versions no oficials haur\u00e0s de fer altres invents. Per cert Antderground comen\u00e7a a tenir connectors per a tubs que els podr\u00e0s trobar a l&#8217;apartat de connectors de la nostra botiga per permetre tenir m\u00e9s opcions de connexi\u00f3.<\/p>\n<p>-Es lliura amb esponja per si vols utilitzar-lo com a sistema d&#8217;humitat.<\/p>\n<p><strong>Important: No \u00e9s una joguina<\/strong>! En tot moment, \u00e9s important la <strong>supervisi\u00f3 d&#8217;un adult<\/strong>. Cont\u00e9 peces petites com cargols entre altres materials!<\/p>\n","protected":false},"excerpt":{"rendered":"<p>El teu formiguer! El teu disseny! Realitza tu mateix les galeries amb aquest fant\u00e0stic formiguer ytong, f\u00e0cil per gratar i crear les teves galeries. Tamb\u00e9 hi ha recanvis de ytong per al moment que el disseny ja no t&#8217;agradi o facis algun error.<\/p>\n<p>Caracter\u00edstiques:<br \/>\nInterior: 8&#215;8 (cm)(niu)<br \/>\nExterior:10&#215;8 (cm)<br \/>\nConnexions: 2<br \/>\nMaterial: PLA (3D) \/ Ytong<br \/>\nColor: Verd \/ Yotng (Gris).<br \/>\nTapa Vermella: Si (color vermell)<\/p>\n","protected":false},"featured_media":30450,"template":"","meta":[],"product_brand":[],"product_cat":[165,553],"product_tag":[],"class_list":{"0":"post-30456","1":"product","2":"type-product","3":"status-publish","4":"has-post-thumbnail","6":"product_cat-formiguers","7":"product_cat-formiguers-de-ytong","9":"first","10":"instock","11":"shipping-taxable","12":"purchasable","13":"product-type-simple"},"yoast_head":"<!-- This site is optimized with the Yoast SEO plugin v27.3 - https:\/\/yoast.com\/product\/yoast-seo-wordpress\/ -->\n<title>Crea el teu formiguer (ytong) - ANTDERGROUND<\/title>\n<meta name=\"description\" content=\"El teu formiguer! El teu disseny! Personalitza les galeries del teu formiguer ytong! Formiguers personalitzats i professionals! El teu formiguer casol\u00e0 d&#039;Antderground.\" \/>\n<meta name=\"robots\" content=\"index, follow, max-snippet:-1, max-image-preview:large, max-video-preview:-1\" \/>\n<link rel=\"canonical\" href=\"https:\/\/antderground.com\/ca\/producte\/crea-el-teu-formiguer-ytong\/\" \/>\n<meta property=\"og:locale\" content=\"ca_ES\" \/>\n<meta property=\"og:type\" content=\"article\" \/>\n<meta property=\"og:title\" content=\"Crea el teu formiguer (ytong) - ANTDERGROUND\" \/>\n<meta property=\"og:description\" content=\"El teu formiguer! El teu disseny! Personalitza les galeries del teu formiguer ytong! Formiguers personalitzats i professionals! El teu formiguer casol\u00e0 d&#039;Antderground.\" \/>\n<meta property=\"og:url\" content=\"https:\/\/antderground.com\/ca\/producte\/crea-el-teu-formiguer-ytong\/\" \/>\n<meta property=\"og:site_name\" content=\"ANTDERGROUND\" \/>\n<meta property=\"article:modified_time\" content=\"2023-11-30T22:00:06+00:00\" \/>\n<meta property=\"og:image\" content=\"https:\/\/antderground.com\/wp-content\/uploads\/2023\/10\/crea-tu-hormiguero-ytong.png\" \/>\n\t<meta property=\"og:image:width\" content=\"540\" \/>\n\t<meta property=\"og:image:height\" content=\"540\" \/>\n\t<meta property=\"og:image:type\" content=\"image\/png\" \/>\n<meta name=\"twitter:card\" content=\"summary_large_image\" \/>\n<meta name=\"twitter:label1\" content=\"Temps estimat de lectura\" \/>\n\t<meta name=\"twitter:data1\" content=\"1 minut\" \/>\n<script type=\"application\/ld+json\" class=\"yoast-schema-graph\">{\"@context\":\"https:\\\/\\\/schema.org\",\"@graph\":[{\"@type\":\"WebPage\",\"@id\":\"https:\\\/\\\/antderground.com\\\/ca\\\/producte\\\/crea-el-teu-formiguer-ytong\\\/\",\"url\":\"https:\\\/\\\/antderground.com\\\/ca\\\/producte\\\/crea-el-teu-formiguer-ytong\\\/\",\"name\":\"Crea el teu formiguer (ytong) - ANTDERGROUND\",\"isPartOf\":{\"@id\":\"https:\\\/\\\/antderground.com\\\/ca\\\/#website\"},\"primaryImageOfPage\":{\"@id\":\"https:\\\/\\\/antderground.com\\\/ca\\\/producte\\\/crea-el-teu-formiguer-ytong\\\/#primaryimage\"},\"image\":{\"@id\":\"https:\\\/\\\/antderground.com\\\/ca\\\/producte\\\/crea-el-teu-formiguer-ytong\\\/#primaryimage\"},\"thumbnailUrl\":\"https:\\\/\\\/antderground.com\\\/wp-content\\\/uploads\\\/2023\\\/10\\\/crea-tu-hormiguero-ytong.png\",\"datePublished\":\"2023-10-10T10:08:30+00:00\",\"dateModified\":\"2023-11-30T22:00:06+00:00\",\"description\":\"El teu formiguer! El teu disseny! Personalitza les galeries del teu formiguer ytong! Formiguers personalitzats i professionals! El teu formiguer casol\u00e0 d'Antderground.\",\"breadcrumb\":{\"@id\":\"https:\\\/\\\/antderground.com\\\/ca\\\/producte\\\/crea-el-teu-formiguer-ytong\\\/#breadcrumb\"},\"inLanguage\":\"ca\",\"potentialAction\":[{\"@type\":\"ReadAction\",\"target\":[\"https:\\\/\\\/antderground.com\\\/ca\\\/producte\\\/crea-el-teu-formiguer-ytong\\\/\"]}]},{\"@type\":\"ImageObject\",\"inLanguage\":\"ca\",\"@id\":\"https:\\\/\\\/antderground.com\\\/ca\\\/producte\\\/crea-el-teu-formiguer-ytong\\\/#primaryimage\",\"url\":\"https:\\\/\\\/antderground.com\\\/wp-content\\\/uploads\\\/2023\\\/10\\\/crea-tu-hormiguero-ytong.png\",\"contentUrl\":\"https:\\\/\\\/antderground.com\\\/wp-content\\\/uploads\\\/2023\\\/10\\\/crea-tu-hormiguero-ytong.png\",\"width\":540,\"height\":540},{\"@type\":\"BreadcrumbList\",\"@id\":\"https:\\\/\\\/antderground.com\\\/ca\\\/producte\\\/crea-el-teu-formiguer-ytong\\\/#breadcrumb\",\"itemListElement\":[{\"@type\":\"ListItem\",\"position\":1,\"name\":\"Portada\",\"item\":\"https:\\\/\\\/antderground.com\\\/ca\\\/\"},{\"@type\":\"ListItem\",\"position\":2,\"name\":\"Productes\",\"item\":\"https:\\\/\\\/antderground.com\\\/ca\\\/productes\\\/\"},{\"@type\":\"ListItem\",\"position\":3,\"name\":\"Crea el teu formiguer (ytong)\"}]},{\"@type\":\"WebSite\",\"@id\":\"https:\\\/\\\/antderground.com\\\/ca\\\/#website\",\"url\":\"https:\\\/\\\/antderground.com\\\/ca\\\/\",\"name\":\"ANTDERGROUND\",\"description\":\"Tu tienda de hormigas, gran variedad de hormigueros acr\u00edlicos,madera,arena,3D y mas.. Pide tus hormigas gratis con tu pedido, somos expertos en hormigueros antifugas.\",\"publisher\":{\"@id\":\"https:\\\/\\\/antderground.com\\\/ca\\\/#\\\/schema\\\/person\\\/0e322c505e84fe72c65e2f6d08f96b81\"},\"alternateName\":\"Antderground\",\"potentialAction\":[{\"@type\":\"SearchAction\",\"target\":{\"@type\":\"EntryPoint\",\"urlTemplate\":\"https:\\\/\\\/antderground.com\\\/ca\\\/?s={search_term_string}\"},\"query-input\":{\"@type\":\"PropertyValueSpecification\",\"valueRequired\":true,\"valueName\":\"search_term_string\"}}],\"inLanguage\":\"ca\"},{\"@type\":[\"Person\",\"Organization\"],\"@id\":\"https:\\\/\\\/antderground.com\\\/ca\\\/#\\\/schema\\\/person\\\/0e322c505e84fe72c65e2f6d08f96b81\",\"name\":\"Eric de Antderground\",\"image\":{\"@type\":\"ImageObject\",\"inLanguage\":\"ca\",\"@id\":\"https:\\\/\\\/secure.gravatar.com\\\/avatar\\\/c49a1b9f79216d1498cb73c1e85cd47f4465dda35f2a94c03790d491bd4423c3?s=96&d=mm&r=g\",\"url\":\"https:\\\/\\\/secure.gravatar.com\\\/avatar\\\/c49a1b9f79216d1498cb73c1e85cd47f4465dda35f2a94c03790d491bd4423c3?s=96&d=mm&r=g\",\"contentUrl\":\"https:\\\/\\\/secure.gravatar.com\\\/avatar\\\/c49a1b9f79216d1498cb73c1e85cd47f4465dda35f2a94c03790d491bd4423c3?s=96&d=mm&r=g\",\"caption\":\"Eric de Antderground\"},\"logo\":{\"@id\":\"https:\\\/\\\/secure.gravatar.com\\\/avatar\\\/c49a1b9f79216d1498cb73c1e85cd47f4465dda35f2a94c03790d491bd4423c3?s=96&d=mm&r=g\"},\"description\":\"Eric es el especialista y fundador de Antderground, con una amplia trayectoria en artr\u00f3podos y enfocado en la mirmecolog\u00eda y el dise\u00f1o de hormigueros artificiales. Su enfoque combina la innovaci\u00f3n t\u00e9cnica con el respeto por la biolog\u00eda de las hormigas, is\u00f3podos y otros, desarrollando sistemas de nidos modulares 3D y acr\u00edlicos que son referentes para aficionados y profesionales en toda Europa. Su objetivo es facilitar la cr\u00eda de hormigas y otros artr\u00f3podos mediante soluciones seguras y divulgaci\u00f3n de calidad.\",\"sameAs\":[\"https:\\\/\\\/antderground.com\\\/\",\"https:\\\/\\\/www.youtube.com\\\/channel\\\/UCio72z7TlbufkAthAJIJfPw\"]}]}<\/script>\n<!-- \/ Yoast SEO plugin. -->","yoast_head_json":{"title":"Crea el teu formiguer (ytong) - ANTDERGROUND","description":"El teu formiguer! El teu disseny! Personalitza les galeries del teu formiguer ytong! Formiguers personalitzats i professionals! El teu formiguer casol\u00e0 d'Antderground.","robots":{"index":"index","follow":"follow","max-snippet":"max-snippet:-1","max-image-preview":"max-image-preview:large","max-video-preview":"max-video-preview:-1"},"canonical":"https:\/\/antderground.com\/ca\/producte\/crea-el-teu-formiguer-ytong\/","og_locale":"ca_ES","og_type":"article","og_title":"Crea el teu formiguer (ytong) - ANTDERGROUND","og_description":"El teu formiguer! El teu disseny! Personalitza les galeries del teu formiguer ytong! Formiguers personalitzats i professionals! El teu formiguer casol\u00e0 d'Antderground.","og_url":"https:\/\/antderground.com\/ca\/producte\/crea-el-teu-formiguer-ytong\/","og_site_name":"ANTDERGROUND","article_modified_time":"2023-11-30T22:00:06+00:00","og_image":[{"width":540,"height":540,"url":"https:\/\/antderground.com\/wp-content\/uploads\/2023\/10\/crea-tu-hormiguero-ytong.png","type":"image\/png"}],"twitter_card":"summary_large_image","twitter_misc":{"Temps estimat de lectura":"1 minut"},"schema":{"@context":"https:\/\/schema.org","@graph":[{"@type":"WebPage","@id":"https:\/\/antderground.com\/ca\/producte\/crea-el-teu-formiguer-ytong\/","url":"https:\/\/antderground.com\/ca\/producte\/crea-el-teu-formiguer-ytong\/","name":"Crea el teu formiguer (ytong) - ANTDERGROUND","isPartOf":{"@id":"https:\/\/antderground.com\/ca\/#website"},"primaryImageOfPage":{"@id":"https:\/\/antderground.com\/ca\/producte\/crea-el-teu-formiguer-ytong\/#primaryimage"},"image":{"@id":"https:\/\/antderground.com\/ca\/producte\/crea-el-teu-formiguer-ytong\/#primaryimage"},"thumbnailUrl":"https:\/\/antderground.com\/wp-content\/uploads\/2023\/10\/crea-tu-hormiguero-ytong.png","datePublished":"2023-10-10T10:08:30+00:00","dateModified":"2023-11-30T22:00:06+00:00","description":"El teu formiguer! El teu disseny! Personalitza les galeries del teu formiguer ytong! Formiguers personalitzats i professionals! El teu formiguer casol\u00e0 d'Antderground.","breadcrumb":{"@id":"https:\/\/antderground.com\/ca\/producte\/crea-el-teu-formiguer-ytong\/#breadcrumb"},"inLanguage":"ca","potentialAction":[{"@type":"ReadAction","target":["https:\/\/antderground.com\/ca\/producte\/crea-el-teu-formiguer-ytong\/"]}]},{"@type":"ImageObject","inLanguage":"ca","@id":"https:\/\/antderground.com\/ca\/producte\/crea-el-teu-formiguer-ytong\/#primaryimage","url":"https:\/\/antderground.com\/wp-content\/uploads\/2023\/10\/crea-tu-hormiguero-ytong.png","contentUrl":"https:\/\/antderground.com\/wp-content\/uploads\/2023\/10\/crea-tu-hormiguero-ytong.png","width":540,"height":540},{"@type":"BreadcrumbList","@id":"https:\/\/antderground.com\/ca\/producte\/crea-el-teu-formiguer-ytong\/#breadcrumb","itemListElement":[{"@type":"ListItem","position":1,"name":"Portada","item":"https:\/\/antderground.com\/ca\/"},{"@type":"ListItem","position":2,"name":"Productes","item":"https:\/\/antderground.com\/ca\/productes\/"},{"@type":"ListItem","position":3,"name":"Crea el teu formiguer (ytong)"}]},{"@type":"WebSite","@id":"https:\/\/antderground.com\/ca\/#website","url":"https:\/\/antderground.com\/ca\/","name":"ANTDERGROUND","description":"Tu tienda de hormigas, gran variedad de hormigueros acr\u00edlicos,madera,arena,3D y mas.. Pide tus hormigas gratis con tu pedido, somos expertos en hormigueros antifugas.","publisher":{"@id":"https:\/\/antderground.com\/ca\/#\/schema\/person\/0e322c505e84fe72c65e2f6d08f96b81"},"alternateName":"Antderground","potentialAction":[{"@type":"SearchAction","target":{"@type":"EntryPoint","urlTemplate":"https:\/\/antderground.com\/ca\/?s={search_term_string}"},"query-input":{"@type":"PropertyValueSpecification","valueRequired":true,"valueName":"search_term_string"}}],"inLanguage":"ca"},{"@type":["Person","Organization"],"@id":"https:\/\/antderground.com\/ca\/#\/schema\/person\/0e322c505e84fe72c65e2f6d08f96b81","name":"Eric de Antderground","image":{"@type":"ImageObject","inLanguage":"ca","@id":"https:\/\/secure.gravatar.com\/avatar\/c49a1b9f79216d1498cb73c1e85cd47f4465dda35f2a94c03790d491bd4423c3?s=96&d=mm&r=g","url":"https:\/\/secure.gravatar.com\/avatar\/c49a1b9f79216d1498cb73c1e85cd47f4465dda35f2a94c03790d491bd4423c3?s=96&d=mm&r=g","contentUrl":"https:\/\/secure.gravatar.com\/avatar\/c49a1b9f79216d1498cb73c1e85cd47f4465dda35f2a94c03790d491bd4423c3?s=96&d=mm&r=g","caption":"Eric de Antderground"},"logo":{"@id":"https:\/\/secure.gravatar.com\/avatar\/c49a1b9f79216d1498cb73c1e85cd47f4465dda35f2a94c03790d491bd4423c3?s=96&d=mm&r=g"},"description":"Eric es el especialista y fundador de Antderground, con una amplia trayectoria en artr\u00f3podos y enfocado en la mirmecolog\u00eda y el dise\u00f1o de hormigueros artificiales. Su enfoque combina la innovaci\u00f3n t\u00e9cnica con el respeto por la biolog\u00eda de las hormigas, is\u00f3podos y otros, desarrollando sistemas de nidos modulares 3D y acr\u00edlicos que son referentes para aficionados y profesionales en toda Europa. Su objetivo es facilitar la cr\u00eda de hormigas y otros artr\u00f3podos mediante soluciones seguras y divulgaci\u00f3n de calidad.","sameAs":["https:\/\/antderground.com\/","https:\/\/www.youtube.com\/channel\/UCio72z7TlbufkAthAJIJfPw"]}]}},"_links":{"self":[{"href":"https:\/\/antderground.com\/ca\/wp-json\/wp\/v2\/product\/30456","targetHints":{"allow":["GET"]}}],"collection":[{"href":"https:\/\/antderground.com\/ca\/wp-json\/wp\/v2\/product"}],"about":[{"href":"https:\/\/antderground.com\/ca\/wp-json\/wp\/v2\/types\/product"}],"version-history":[{"count":0,"href":"https:\/\/antderground.com\/ca\/wp-json\/wp\/v2\/product\/30456\/revisions"}],"wp:featuredmedia":[{"embeddable":true,"href":"https:\/\/antderground.com\/ca\/wp-json\/wp\/v2\/media\/30450"}],"wp:attachment":[{"href":"https:\/\/antderground.com\/ca\/wp-json\/wp\/v2\/media?parent=30456"}],"wp:term":[{"taxonomy":"product_brand","embeddable":true,"href":"https:\/\/antderground.com\/ca\/wp-json\/wp\/v2\/product_brand?post=30456"},{"taxonomy":"product_cat","embeddable":true,"href":"https:\/\/antderground.com\/ca\/wp-json\/wp\/v2\/product_cat?post=30456"},{"taxonomy":"product_tag","embeddable":true,"href":"https:\/\/antderground.com\/ca\/wp-json\/wp\/v2\/product_tag?post=30456"}],"curies":[{"name":"wp","href":"https:\/\/api.w.org\/{rel}","templated":true}]}}