{"id":31106,"date":"2023-11-23T23:33:59","date_gmt":"2023-11-23T22:33:59","guid":{"rendered":"https:\/\/www.antderground.com\/producto\/kit-formiguers-modulars-3d-xl\/"},"modified":"2023-11-23T23:33:59","modified_gmt":"2023-11-23T22:33:59","slug":"kit-formiguers-modulars-3d-xl","status":"publish","type":"product","link":"https:\/\/antderground.com\/ca\/producte\/kit-formiguers-modulars-3d-xl\/","title":{"rendered":"Kit Formiguers modulars 3D (XL)"},"content":{"rendered":"<p>Si est\u00e0s pensant en tenir una col\u00f2nia gran de formigues, aquest kit formiguers modulars 3D \u00e9s perfecte per tenir un aut\u00e8ntic espai com un expert en la mirmecologia.<\/p>\n<h2>Informaci\u00f3 detallada del kit formiguers modulars 3D<\/h2>\n<p>Com es comenta a la part superior aquest kit consta de:<\/p>\n<h4>(2) Formiguers modulars 3D (10&#215;20):<\/h4>\n<p>Dip\u00f2sits: (2) de 20 ml (cadasc\u00fa).<br \/>\nGrand\u00e0ria: 10cm x 20cm.<br \/>\nColor: Blanc \/ Groc<br \/>\nTapa: Inclosa color vermell.<br \/>\nModular: Si<br \/>\nPortes internes: 1.<br \/>\nPortes externes: 6.<\/p>\n<h4>(1) Formiguer modular 3D (10&#215;10):<\/h4>\n<p>Grand\u00e0ria: 10cm x 10cm.<br \/>\nDip\u00f2sit: 20 ml (nou sistema de f\u00e0cil connexi\u00f3).<br \/>\nCambres\/galeria: Diferents al\u00e7ades.<br \/>\nColor: Blanc<br \/>\nTapa: inclosa color vermell.<br \/>\nModular: Si<\/p>\n<h4>(1) Caixa de farratge 3D (20&#215;20):<\/h4>\n<p>Grand\u00e0ria: 20x20x15 (cm)<br \/>\nMaterial: Metacrilat \/ PLA (3D)<br \/>\nConnexions \/ Entrades: 8<br \/>\nModular: Si<br \/>\nTapa superior: Si<br \/>\nVentilaci\u00f3: Si part superior.<\/p>\n<h4>(5) Tapes vermelles per a formiguers<\/h4>\n<h4>(6) Connectors modulars<\/h4>\n","protected":false},"excerpt":{"rendered":"<p>Un kit de formiguers ideal per tenir col\u00f2nies grans de formigues, gaudeix visualitzant i cuidant les teves formigues en espais amplis. Una experi\u00e8ncia en gran!! Un regne perfecte per a les teves formigues!!<\/p>\n<p><strong>El pack cont\u00e9:<\/strong><br \/>\n1 Caixa de farratge 20&#215;20 (cm)<br \/>\n2 Formiguers modular 3D 10&#215;20 (cm)<br \/>\n1 Formiguer modular 3D 10&#215;10 (cm)<br \/>\n5 tapes vermelles per a formiguers.<br \/>\n6 connectors modulars.<\/p>\n","protected":false},"featured_media":31090,"template":"","meta":[],"product_brand":[],"product_cat":[165,311],"product_tag":[],"class_list":{"0":"post-31106","1":"product","2":"type-product","3":"status-publish","4":"has-post-thumbnail","6":"product_cat-formiguers","7":"product_cat-kits-formiguers","9":"first","10":"instock","11":"sale","12":"shipping-taxable","13":"purchasable","14":"product-type-simple"},"yoast_head":"<!-- This site is optimized with the Yoast SEO plugin v27.4 - https:\/\/yoast.com\/product\/yoast-seo-wordpress\/ -->\n<title>Kit Formiguers modulars 3D (XL) - ANTDERGROUND<\/title>\n<meta name=\"description\" content=\"Un kit complet de formiguers modulars 3d connectats amb una gran caixa de farratge! Kit fant\u00e0stic per tenir col\u00f2nies de formigues! Un regne per a formigues\" \/>\n<meta name=\"robots\" content=\"index, follow, max-snippet:-1, max-image-preview:large, max-video-preview:-1\" \/>\n<link rel=\"canonical\" href=\"https:\/\/antderground.com\/ca\/producte\/kit-formiguers-modulars-3d-xl\/\" \/>\n<meta property=\"og:locale\" content=\"ca_ES\" \/>\n<meta property=\"og:type\" content=\"article\" \/>\n<meta property=\"og:title\" content=\"Kit Formiguers modulars 3D (XL) - ANTDERGROUND\" \/>\n<meta property=\"og:description\" content=\"Un kit complet de formiguers modulars 3d connectats amb una gran caixa de farratge! Kit fant\u00e0stic per tenir col\u00f2nies de formigues! Un regne per a formigues\" \/>\n<meta property=\"og:url\" content=\"https:\/\/antderground.com\/ca\/producte\/kit-formiguers-modulars-3d-xl\/\" \/>\n<meta property=\"og:site_name\" content=\"ANTDERGROUND\" \/>\n<meta property=\"og:image\" content=\"https:\/\/antderground.com\/wp-content\/uploads\/2023\/11\/Kit-Hormigueros-modulares-3D-XL.jpg\" \/>\n\t<meta property=\"og:image:width\" content=\"1335\" \/>\n\t<meta property=\"og:image:height\" content=\"1335\" \/>\n\t<meta property=\"og:image:type\" content=\"image\/jpeg\" \/>\n<meta name=\"twitter:card\" content=\"summary_large_image\" \/>\n<meta name=\"twitter:label1\" content=\"Temps estimat de lectura\" \/>\n\t<meta name=\"twitter:data1\" content=\"1 minut\" \/>\n<script type=\"application\/ld+json\" class=\"yoast-schema-graph\">{\"@context\":\"https:\\\/\\\/schema.org\",\"@graph\":[{\"@type\":\"WebPage\",\"@id\":\"https:\\\/\\\/antderground.com\\\/ca\\\/producte\\\/kit-formiguers-modulars-3d-xl\\\/\",\"url\":\"https:\\\/\\\/antderground.com\\\/ca\\\/producte\\\/kit-formiguers-modulars-3d-xl\\\/\",\"name\":\"Kit Formiguers modulars 3D (XL) - ANTDERGROUND\",\"isPartOf\":{\"@id\":\"https:\\\/\\\/antderground.com\\\/ca\\\/#website\"},\"primaryImageOfPage\":{\"@id\":\"https:\\\/\\\/antderground.com\\\/ca\\\/producte\\\/kit-formiguers-modulars-3d-xl\\\/#primaryimage\"},\"image\":{\"@id\":\"https:\\\/\\\/antderground.com\\\/ca\\\/producte\\\/kit-formiguers-modulars-3d-xl\\\/#primaryimage\"},\"thumbnailUrl\":\"https:\\\/\\\/antderground.com\\\/wp-content\\\/uploads\\\/2023\\\/11\\\/Kit-Hormigueros-modulares-3D-XL.jpg\",\"datePublished\":\"2023-11-23T22:33:59+00:00\",\"description\":\"Un kit complet de formiguers modulars 3d connectats amb una gran caixa de farratge! Kit fant\u00e0stic per tenir col\u00f2nies de formigues! Un regne per a formigues\",\"breadcrumb\":{\"@id\":\"https:\\\/\\\/antderground.com\\\/ca\\\/producte\\\/kit-formiguers-modulars-3d-xl\\\/#breadcrumb\"},\"inLanguage\":\"ca\",\"potentialAction\":[{\"@type\":\"ReadAction\",\"target\":[\"https:\\\/\\\/antderground.com\\\/ca\\\/producte\\\/kit-formiguers-modulars-3d-xl\\\/\"]}]},{\"@type\":\"ImageObject\",\"inLanguage\":\"ca\",\"@id\":\"https:\\\/\\\/antderground.com\\\/ca\\\/producte\\\/kit-formiguers-modulars-3d-xl\\\/#primaryimage\",\"url\":\"https:\\\/\\\/antderground.com\\\/wp-content\\\/uploads\\\/2023\\\/11\\\/Kit-Hormigueros-modulares-3D-XL.jpg\",\"contentUrl\":\"https:\\\/\\\/antderground.com\\\/wp-content\\\/uploads\\\/2023\\\/11\\\/Kit-Hormigueros-modulares-3D-XL.jpg\",\"width\":1335,\"height\":1335,\"caption\":\"Kit Formiguers modulars 3D (XL)\"},{\"@type\":\"BreadcrumbList\",\"@id\":\"https:\\\/\\\/antderground.com\\\/ca\\\/producte\\\/kit-formiguers-modulars-3d-xl\\\/#breadcrumb\",\"itemListElement\":[{\"@type\":\"ListItem\",\"position\":1,\"name\":\"Portada\",\"item\":\"https:\\\/\\\/antderground.com\\\/ca\\\/\"},{\"@type\":\"ListItem\",\"position\":2,\"name\":\"Productes\",\"item\":\"https:\\\/\\\/antderground.com\\\/ca\\\/productes\\\/\"},{\"@type\":\"ListItem\",\"position\":3,\"name\":\"Kit Formiguers modulars 3D (XL)\"}]},{\"@type\":\"WebSite\",\"@id\":\"https:\\\/\\\/antderground.com\\\/ca\\\/#website\",\"url\":\"https:\\\/\\\/antderground.com\\\/ca\\\/\",\"name\":\"ANTDERGROUND\",\"description\":\"Tu tienda de hormigas, gran variedad de hormigueros acr\u00edlicos,madera,arena,3D y mas.. Pide tus hormigas gratis con tu pedido, somos expertos en hormigueros antifugas.\",\"publisher\":{\"@id\":\"https:\\\/\\\/antderground.com\\\/ca\\\/#\\\/schema\\\/person\\\/0e322c505e84fe72c65e2f6d08f96b81\"},\"alternateName\":\"Antderground\",\"potentialAction\":[{\"@type\":\"SearchAction\",\"target\":{\"@type\":\"EntryPoint\",\"urlTemplate\":\"https:\\\/\\\/antderground.com\\\/ca\\\/?s={search_term_string}\"},\"query-input\":{\"@type\":\"PropertyValueSpecification\",\"valueRequired\":true,\"valueName\":\"search_term_string\"}}],\"inLanguage\":\"ca\"},{\"@type\":[\"Person\",\"Organization\"],\"@id\":\"https:\\\/\\\/antderground.com\\\/ca\\\/#\\\/schema\\\/person\\\/0e322c505e84fe72c65e2f6d08f96b81\",\"name\":\"Eric de Antderground\",\"image\":{\"@type\":\"ImageObject\",\"inLanguage\":\"ca\",\"@id\":\"https:\\\/\\\/secure.gravatar.com\\\/avatar\\\/c49a1b9f79216d1498cb73c1e85cd47f4465dda35f2a94c03790d491bd4423c3?s=96&d=mm&r=g\",\"url\":\"https:\\\/\\\/secure.gravatar.com\\\/avatar\\\/c49a1b9f79216d1498cb73c1e85cd47f4465dda35f2a94c03790d491bd4423c3?s=96&d=mm&r=g\",\"contentUrl\":\"https:\\\/\\\/secure.gravatar.com\\\/avatar\\\/c49a1b9f79216d1498cb73c1e85cd47f4465dda35f2a94c03790d491bd4423c3?s=96&d=mm&r=g\",\"caption\":\"Eric de Antderground\"},\"logo\":{\"@id\":\"https:\\\/\\\/secure.gravatar.com\\\/avatar\\\/c49a1b9f79216d1498cb73c1e85cd47f4465dda35f2a94c03790d491bd4423c3?s=96&d=mm&r=g\"},\"description\":\"Eric es el especialista y fundador de Antderground, con una amplia trayectoria en artr\u00f3podos y enfocado en la mirmecolog\u00eda y el dise\u00f1o de hormigueros artificiales. Su enfoque combina la innovaci\u00f3n t\u00e9cnica con el respeto por la biolog\u00eda de las hormigas, is\u00f3podos y otros, desarrollando sistemas de nidos modulares 3D y acr\u00edlicos que son referentes para aficionados y profesionales en toda Europa. Su objetivo es facilitar la cr\u00eda de hormigas y otros artr\u00f3podos mediante soluciones seguras y divulgaci\u00f3n de calidad.\",\"sameAs\":[\"https:\\\/\\\/antderground.com\\\/\",\"https:\\\/\\\/www.youtube.com\\\/channel\\\/UCio72z7TlbufkAthAJIJfPw\"]}]}<\/script>\n<!-- \/ Yoast SEO plugin. -->","yoast_head_json":{"title":"Kit Formiguers modulars 3D (XL) - ANTDERGROUND","description":"Un kit complet de formiguers modulars 3d connectats amb una gran caixa de farratge! Kit fant\u00e0stic per tenir col\u00f2nies de formigues! Un regne per a formigues","robots":{"index":"index","follow":"follow","max-snippet":"max-snippet:-1","max-image-preview":"max-image-preview:large","max-video-preview":"max-video-preview:-1"},"canonical":"https:\/\/antderground.com\/ca\/producte\/kit-formiguers-modulars-3d-xl\/","og_locale":"ca_ES","og_type":"article","og_title":"Kit Formiguers modulars 3D (XL) - ANTDERGROUND","og_description":"Un kit complet de formiguers modulars 3d connectats amb una gran caixa de farratge! Kit fant\u00e0stic per tenir col\u00f2nies de formigues! Un regne per a formigues","og_url":"https:\/\/antderground.com\/ca\/producte\/kit-formiguers-modulars-3d-xl\/","og_site_name":"ANTDERGROUND","og_image":[{"width":1335,"height":1335,"url":"https:\/\/antderground.com\/wp-content\/uploads\/2023\/11\/Kit-Hormigueros-modulares-3D-XL.jpg","type":"image\/jpeg"}],"twitter_card":"summary_large_image","twitter_misc":{"Temps estimat de lectura":"1 minut"},"schema":{"@context":"https:\/\/schema.org","@graph":[{"@type":"WebPage","@id":"https:\/\/antderground.com\/ca\/producte\/kit-formiguers-modulars-3d-xl\/","url":"https:\/\/antderground.com\/ca\/producte\/kit-formiguers-modulars-3d-xl\/","name":"Kit Formiguers modulars 3D (XL) - ANTDERGROUND","isPartOf":{"@id":"https:\/\/antderground.com\/ca\/#website"},"primaryImageOfPage":{"@id":"https:\/\/antderground.com\/ca\/producte\/kit-formiguers-modulars-3d-xl\/#primaryimage"},"image":{"@id":"https:\/\/antderground.com\/ca\/producte\/kit-formiguers-modulars-3d-xl\/#primaryimage"},"thumbnailUrl":"https:\/\/antderground.com\/wp-content\/uploads\/2023\/11\/Kit-Hormigueros-modulares-3D-XL.jpg","datePublished":"2023-11-23T22:33:59+00:00","description":"Un kit complet de formiguers modulars 3d connectats amb una gran caixa de farratge! Kit fant\u00e0stic per tenir col\u00f2nies de formigues! Un regne per a formigues","breadcrumb":{"@id":"https:\/\/antderground.com\/ca\/producte\/kit-formiguers-modulars-3d-xl\/#breadcrumb"},"inLanguage":"ca","potentialAction":[{"@type":"ReadAction","target":["https:\/\/antderground.com\/ca\/producte\/kit-formiguers-modulars-3d-xl\/"]}]},{"@type":"ImageObject","inLanguage":"ca","@id":"https:\/\/antderground.com\/ca\/producte\/kit-formiguers-modulars-3d-xl\/#primaryimage","url":"https:\/\/antderground.com\/wp-content\/uploads\/2023\/11\/Kit-Hormigueros-modulares-3D-XL.jpg","contentUrl":"https:\/\/antderground.com\/wp-content\/uploads\/2023\/11\/Kit-Hormigueros-modulares-3D-XL.jpg","width":1335,"height":1335,"caption":"Kit Formiguers modulars 3D (XL)"},{"@type":"BreadcrumbList","@id":"https:\/\/antderground.com\/ca\/producte\/kit-formiguers-modulars-3d-xl\/#breadcrumb","itemListElement":[{"@type":"ListItem","position":1,"name":"Portada","item":"https:\/\/antderground.com\/ca\/"},{"@type":"ListItem","position":2,"name":"Productes","item":"https:\/\/antderground.com\/ca\/productes\/"},{"@type":"ListItem","position":3,"name":"Kit Formiguers modulars 3D (XL)"}]},{"@type":"WebSite","@id":"https:\/\/antderground.com\/ca\/#website","url":"https:\/\/antderground.com\/ca\/","name":"ANTDERGROUND","description":"Tu tienda de hormigas, gran variedad de hormigueros acr\u00edlicos,madera,arena,3D y mas.. Pide tus hormigas gratis con tu pedido, somos expertos en hormigueros antifugas.","publisher":{"@id":"https:\/\/antderground.com\/ca\/#\/schema\/person\/0e322c505e84fe72c65e2f6d08f96b81"},"alternateName":"Antderground","potentialAction":[{"@type":"SearchAction","target":{"@type":"EntryPoint","urlTemplate":"https:\/\/antderground.com\/ca\/?s={search_term_string}"},"query-input":{"@type":"PropertyValueSpecification","valueRequired":true,"valueName":"search_term_string"}}],"inLanguage":"ca"},{"@type":["Person","Organization"],"@id":"https:\/\/antderground.com\/ca\/#\/schema\/person\/0e322c505e84fe72c65e2f6d08f96b81","name":"Eric de Antderground","image":{"@type":"ImageObject","inLanguage":"ca","@id":"https:\/\/secure.gravatar.com\/avatar\/c49a1b9f79216d1498cb73c1e85cd47f4465dda35f2a94c03790d491bd4423c3?s=96&d=mm&r=g","url":"https:\/\/secure.gravatar.com\/avatar\/c49a1b9f79216d1498cb73c1e85cd47f4465dda35f2a94c03790d491bd4423c3?s=96&d=mm&r=g","contentUrl":"https:\/\/secure.gravatar.com\/avatar\/c49a1b9f79216d1498cb73c1e85cd47f4465dda35f2a94c03790d491bd4423c3?s=96&d=mm&r=g","caption":"Eric de Antderground"},"logo":{"@id":"https:\/\/secure.gravatar.com\/avatar\/c49a1b9f79216d1498cb73c1e85cd47f4465dda35f2a94c03790d491bd4423c3?s=96&d=mm&r=g"},"description":"Eric es el especialista y fundador de Antderground, con una amplia trayectoria en artr\u00f3podos y enfocado en la mirmecolog\u00eda y el dise\u00f1o de hormigueros artificiales. Su enfoque combina la innovaci\u00f3n t\u00e9cnica con el respeto por la biolog\u00eda de las hormigas, is\u00f3podos y otros, desarrollando sistemas de nidos modulares 3D y acr\u00edlicos que son referentes para aficionados y profesionales en toda Europa. Su objetivo es facilitar la cr\u00eda de hormigas y otros artr\u00f3podos mediante soluciones seguras y divulgaci\u00f3n de calidad.","sameAs":["https:\/\/antderground.com\/","https:\/\/www.youtube.com\/channel\/UCio72z7TlbufkAthAJIJfPw"]}]}},"_links":{"self":[{"href":"https:\/\/antderground.com\/ca\/wp-json\/wp\/v2\/product\/31106","targetHints":{"allow":["GET"]}}],"collection":[{"href":"https:\/\/antderground.com\/ca\/wp-json\/wp\/v2\/product"}],"about":[{"href":"https:\/\/antderground.com\/ca\/wp-json\/wp\/v2\/types\/product"}],"version-history":[{"count":0,"href":"https:\/\/antderground.com\/ca\/wp-json\/wp\/v2\/product\/31106\/revisions"}],"wp:featuredmedia":[{"embeddable":true,"href":"https:\/\/antderground.com\/ca\/wp-json\/wp\/v2\/media\/31090"}],"wp:attachment":[{"href":"https:\/\/antderground.com\/ca\/wp-json\/wp\/v2\/media?parent=31106"}],"wp:term":[{"taxonomy":"product_brand","embeddable":true,"href":"https:\/\/antderground.com\/ca\/wp-json\/wp\/v2\/product_brand?post=31106"},{"taxonomy":"product_cat","embeddable":true,"href":"https:\/\/antderground.com\/ca\/wp-json\/wp\/v2\/product_cat?post=31106"},{"taxonomy":"product_tag","embeddable":true,"href":"https:\/\/antderground.com\/ca\/wp-json\/wp\/v2\/product_tag?post=31106"}],"curies":[{"name":"wp","href":"https:\/\/api.w.org\/{rel}","templated":true}]}}