{"id":31403,"date":"2023-12-11T11:54:07","date_gmt":"2023-12-11T10:54:07","guid":{"rendered":"https:\/\/www.antderground.com\/producto\/kit-modular-3d-m\/"},"modified":"2023-12-11T11:54:07","modified_gmt":"2023-12-11T10:54:07","slug":"kit-modular-3d-m","status":"publish","type":"product","link":"https:\/\/antderground.com\/ca\/producte\/kit-modular-3d-m\/","title":{"rendered":"Kit modular 3D (M)"},"content":{"rendered":"<h2>Kit Modular 3D (M): Explora el Fascinant M\u00f3n de les Formigues<\/h2>\n<h3>Introducci\u00f3<\/h3>\n<p>Submergeix-te en la mirmecologia amb el nostre Kit Modular 3D (M), perfecte per iniciar col\u00f2nies mitjanes de formigues. Aquest kit, completament modular, et ofereix la llibertat de personalitzar i ampliar el teu h\u00e0bitat segons les teves prefer\u00e8ncies.<\/p>\n<h3>Contingut del Kit<\/h3>\n<p><strong>1. Caixa de Forniment 10&#215;20 (cm)<\/strong><\/p>\n<p>Inicia la teva aventura amb una espaiosa caixa de forniment de 10&#215;20 cm, proporcionant un espai segur per a les activitats di\u00e0ries de les teves formigues.<\/p>\n<p><strong>2. Formiguer Modular 3D 10&#215;20 (cm)<\/strong><\/p>\n<p>El cor del teu h\u00e0bitat \u00e9s el formiguer modular 3D, dissenyat per recrear les condicions naturals ideals i afavorir el desenvolupament de la teva col\u00f2nia.<\/p>\n<p><strong>3. Connectors Modulars<\/strong><\/p>\n<p>La versatilitat del kit rau en els connectors modulars, que et permeten unir la caixa de forniment i ampliar el teu h\u00e0bitat amb facilitat.<\/p>\n<p><strong>4. Tapa Vermella del Formiguer<\/strong><\/p>\n<p>Garanteix la seguretat de les teves formigues amb la tapa vermella dissenyada espec\u00edficament per al formiguer.<\/p>\n<h2>Conclusi\u00f3<\/h2>\n<p>Explora, apr\u00e8n i gaudeix del fascinant m\u00f3n de les formigues amb el nostre Kit Modular 3D (M). Crea un entorn \u00fanic per a les teves col\u00f2nies i observa com prosperen en el seu nou habitatge. Benvingut a la incre\u00efble comunitat de la mirmecologia!<\/p>\n","protected":false},"excerpt":{"rendered":"<p>Un kit modular 3D mida (Mitj\u00e0) perfecte per comen\u00e7ar a tenir col\u00f2nies de formigues. Amb el gran avantatge de ser modular i poder ampliar al teu gust!!<\/p>\n<p>El pack cont\u00e9:<br \/>\n1 Caixa de farratge 10&#215;20 (cm).<br \/>\n1 Formiguer modular 3D 10&#215;20 (cm).<br \/>\n2 Connectors modulars.<br \/>\n1 Tapa vermella formiguer.<\/p>\n","protected":false},"featured_media":31380,"template":"","meta":[],"product_brand":[],"product_cat":[165,311],"product_tag":[],"class_list":{"0":"post-31403","1":"product","2":"type-product","3":"status-publish","4":"has-post-thumbnail","6":"product_cat-formiguers","7":"product_cat-kits-formiguers","9":"first","10":"instock","11":"sale","12":"shipping-taxable","13":"purchasable","14":"product-type-simple"},"yoast_head":"<!-- This site is optimized with the Yoast SEO plugin v27.3 - https:\/\/yoast.com\/product\/yoast-seo-wordpress\/ -->\n<title>Kit modular 3D (M) | Formiguer 10x20 + farratge 10x20 - ANTDERGROUND<\/title>\n<meta name=\"description\" content=\"Sorprenent Kit modular 3D (M) format per un Formiguer 3D 10x20 i una Caixa de farratge 10x20. Perfecte per a les teves col\u00f2nies de formigues!! Brutal!!! ;-)\" \/>\n<meta name=\"robots\" content=\"index, follow, max-snippet:-1, max-image-preview:large, max-video-preview:-1\" \/>\n<link rel=\"canonical\" href=\"https:\/\/antderground.com\/ca\/producte\/kit-modular-3d-m\/\" \/>\n<meta property=\"og:locale\" content=\"ca_ES\" \/>\n<meta property=\"og:type\" content=\"article\" \/>\n<meta property=\"og:title\" content=\"Kit modular 3D (M) | Formiguer 10x20 + farratge 10x20 - ANTDERGROUND\" \/>\n<meta property=\"og:description\" content=\"Sorprenent Kit modular 3D (M) format per un Formiguer 3D 10x20 i una Caixa de farratge 10x20. Perfecte per a les teves col\u00f2nies de formigues!! Brutal!!! ;-)\" \/>\n<meta property=\"og:url\" content=\"https:\/\/antderground.com\/ca\/producte\/kit-modular-3d-m\/\" \/>\n<meta property=\"og:site_name\" content=\"ANTDERGROUND\" \/>\n<meta property=\"og:image\" content=\"https:\/\/antderground.com\/wp-content\/uploads\/2023\/12\/modular3d-mediano.jpg\" \/>\n\t<meta property=\"og:image:width\" content=\"1280\" \/>\n\t<meta property=\"og:image:height\" content=\"1280\" \/>\n\t<meta property=\"og:image:type\" content=\"image\/jpeg\" \/>\n<meta name=\"twitter:card\" content=\"summary_large_image\" \/>\n<meta name=\"twitter:label1\" content=\"Temps estimat de lectura\" \/>\n\t<meta name=\"twitter:data1\" content=\"1 minut\" \/>\n<script type=\"application\/ld+json\" class=\"yoast-schema-graph\">{\"@context\":\"https:\\\/\\\/schema.org\",\"@graph\":[{\"@type\":\"WebPage\",\"@id\":\"https:\\\/\\\/antderground.com\\\/ca\\\/producte\\\/kit-modular-3d-m\\\/\",\"url\":\"https:\\\/\\\/antderground.com\\\/ca\\\/producte\\\/kit-modular-3d-m\\\/\",\"name\":\"Kit modular 3D (M) | Formiguer 10x20 + farratge 10x20 - ANTDERGROUND\",\"isPartOf\":{\"@id\":\"https:\\\/\\\/antderground.com\\\/ca\\\/#website\"},\"primaryImageOfPage\":{\"@id\":\"https:\\\/\\\/antderground.com\\\/ca\\\/producte\\\/kit-modular-3d-m\\\/#primaryimage\"},\"image\":{\"@id\":\"https:\\\/\\\/antderground.com\\\/ca\\\/producte\\\/kit-modular-3d-m\\\/#primaryimage\"},\"thumbnailUrl\":\"https:\\\/\\\/antderground.com\\\/wp-content\\\/uploads\\\/2023\\\/12\\\/modular3d-mediano.jpg\",\"datePublished\":\"2023-12-11T10:54:07+00:00\",\"description\":\"Sorprenent Kit modular 3D (M) format per un Formiguer 3D 10x20 i una Caixa de farratge 10x20. Perfecte per a les teves col\u00f2nies de formigues!! Brutal!!! ;-)\",\"breadcrumb\":{\"@id\":\"https:\\\/\\\/antderground.com\\\/ca\\\/producte\\\/kit-modular-3d-m\\\/#breadcrumb\"},\"inLanguage\":\"ca\",\"potentialAction\":[{\"@type\":\"ReadAction\",\"target\":[\"https:\\\/\\\/antderground.com\\\/ca\\\/producte\\\/kit-modular-3d-m\\\/\"]}]},{\"@type\":\"ImageObject\",\"inLanguage\":\"ca\",\"@id\":\"https:\\\/\\\/antderground.com\\\/ca\\\/producte\\\/kit-modular-3d-m\\\/#primaryimage\",\"url\":\"https:\\\/\\\/antderground.com\\\/wp-content\\\/uploads\\\/2023\\\/12\\\/modular3d-mediano.jpg\",\"contentUrl\":\"https:\\\/\\\/antderground.com\\\/wp-content\\\/uploads\\\/2023\\\/12\\\/modular3d-mediano.jpg\",\"width\":1280,\"height\":1280,\"caption\":\"kit formiguer modular 3D amb caixa de farratge 3D\"},{\"@type\":\"BreadcrumbList\",\"@id\":\"https:\\\/\\\/antderground.com\\\/ca\\\/producte\\\/kit-modular-3d-m\\\/#breadcrumb\",\"itemListElement\":[{\"@type\":\"ListItem\",\"position\":1,\"name\":\"Portada\",\"item\":\"https:\\\/\\\/antderground.com\\\/ca\\\/\"},{\"@type\":\"ListItem\",\"position\":2,\"name\":\"Productes\",\"item\":\"https:\\\/\\\/antderground.com\\\/ca\\\/productes\\\/\"},{\"@type\":\"ListItem\",\"position\":3,\"name\":\"Kit modular 3D (M)\"}]},{\"@type\":\"WebSite\",\"@id\":\"https:\\\/\\\/antderground.com\\\/ca\\\/#website\",\"url\":\"https:\\\/\\\/antderground.com\\\/ca\\\/\",\"name\":\"ANTDERGROUND\",\"description\":\"Tu tienda de hormigas, gran variedad de hormigueros acr\u00edlicos,madera,arena,3D y mas.. Pide tus hormigas gratis con tu pedido, somos expertos en hormigueros antifugas.\",\"publisher\":{\"@id\":\"https:\\\/\\\/antderground.com\\\/ca\\\/#\\\/schema\\\/person\\\/0e322c505e84fe72c65e2f6d08f96b81\"},\"alternateName\":\"Antderground\",\"potentialAction\":[{\"@type\":\"SearchAction\",\"target\":{\"@type\":\"EntryPoint\",\"urlTemplate\":\"https:\\\/\\\/antderground.com\\\/ca\\\/?s={search_term_string}\"},\"query-input\":{\"@type\":\"PropertyValueSpecification\",\"valueRequired\":true,\"valueName\":\"search_term_string\"}}],\"inLanguage\":\"ca\"},{\"@type\":[\"Person\",\"Organization\"],\"@id\":\"https:\\\/\\\/antderground.com\\\/ca\\\/#\\\/schema\\\/person\\\/0e322c505e84fe72c65e2f6d08f96b81\",\"name\":\"Eric de Antderground\",\"image\":{\"@type\":\"ImageObject\",\"inLanguage\":\"ca\",\"@id\":\"https:\\\/\\\/secure.gravatar.com\\\/avatar\\\/c49a1b9f79216d1498cb73c1e85cd47f4465dda35f2a94c03790d491bd4423c3?s=96&d=mm&r=g\",\"url\":\"https:\\\/\\\/secure.gravatar.com\\\/avatar\\\/c49a1b9f79216d1498cb73c1e85cd47f4465dda35f2a94c03790d491bd4423c3?s=96&d=mm&r=g\",\"contentUrl\":\"https:\\\/\\\/secure.gravatar.com\\\/avatar\\\/c49a1b9f79216d1498cb73c1e85cd47f4465dda35f2a94c03790d491bd4423c3?s=96&d=mm&r=g\",\"caption\":\"Eric de Antderground\"},\"logo\":{\"@id\":\"https:\\\/\\\/secure.gravatar.com\\\/avatar\\\/c49a1b9f79216d1498cb73c1e85cd47f4465dda35f2a94c03790d491bd4423c3?s=96&d=mm&r=g\"},\"description\":\"Eric es el especialista y fundador de Antderground, con una amplia trayectoria en artr\u00f3podos y enfocado en la mirmecolog\u00eda y el dise\u00f1o de hormigueros artificiales. Su enfoque combina la innovaci\u00f3n t\u00e9cnica con el respeto por la biolog\u00eda de las hormigas, is\u00f3podos y otros, desarrollando sistemas de nidos modulares 3D y acr\u00edlicos que son referentes para aficionados y profesionales en toda Europa. Su objetivo es facilitar la cr\u00eda de hormigas y otros artr\u00f3podos mediante soluciones seguras y divulgaci\u00f3n de calidad.\",\"sameAs\":[\"https:\\\/\\\/antderground.com\\\/\",\"https:\\\/\\\/www.youtube.com\\\/channel\\\/UCio72z7TlbufkAthAJIJfPw\"]}]}<\/script>\n<!-- \/ Yoast SEO plugin. -->","yoast_head_json":{"title":"Kit modular 3D (M) | Formiguer 10x20 + farratge 10x20 - ANTDERGROUND","description":"Sorprenent Kit modular 3D (M) format per un Formiguer 3D 10x20 i una Caixa de farratge 10x20. Perfecte per a les teves col\u00f2nies de formigues!! Brutal!!! ;-)","robots":{"index":"index","follow":"follow","max-snippet":"max-snippet:-1","max-image-preview":"max-image-preview:large","max-video-preview":"max-video-preview:-1"},"canonical":"https:\/\/antderground.com\/ca\/producte\/kit-modular-3d-m\/","og_locale":"ca_ES","og_type":"article","og_title":"Kit modular 3D (M) | Formiguer 10x20 + farratge 10x20 - ANTDERGROUND","og_description":"Sorprenent Kit modular 3D (M) format per un Formiguer 3D 10x20 i una Caixa de farratge 10x20. Perfecte per a les teves col\u00f2nies de formigues!! Brutal!!! ;-)","og_url":"https:\/\/antderground.com\/ca\/producte\/kit-modular-3d-m\/","og_site_name":"ANTDERGROUND","og_image":[{"width":1280,"height":1280,"url":"https:\/\/antderground.com\/wp-content\/uploads\/2023\/12\/modular3d-mediano.jpg","type":"image\/jpeg"}],"twitter_card":"summary_large_image","twitter_misc":{"Temps estimat de lectura":"1 minut"},"schema":{"@context":"https:\/\/schema.org","@graph":[{"@type":"WebPage","@id":"https:\/\/antderground.com\/ca\/producte\/kit-modular-3d-m\/","url":"https:\/\/antderground.com\/ca\/producte\/kit-modular-3d-m\/","name":"Kit modular 3D (M) | Formiguer 10x20 + farratge 10x20 - ANTDERGROUND","isPartOf":{"@id":"https:\/\/antderground.com\/ca\/#website"},"primaryImageOfPage":{"@id":"https:\/\/antderground.com\/ca\/producte\/kit-modular-3d-m\/#primaryimage"},"image":{"@id":"https:\/\/antderground.com\/ca\/producte\/kit-modular-3d-m\/#primaryimage"},"thumbnailUrl":"https:\/\/antderground.com\/wp-content\/uploads\/2023\/12\/modular3d-mediano.jpg","datePublished":"2023-12-11T10:54:07+00:00","description":"Sorprenent Kit modular 3D (M) format per un Formiguer 3D 10x20 i una Caixa de farratge 10x20. Perfecte per a les teves col\u00f2nies de formigues!! Brutal!!! ;-)","breadcrumb":{"@id":"https:\/\/antderground.com\/ca\/producte\/kit-modular-3d-m\/#breadcrumb"},"inLanguage":"ca","potentialAction":[{"@type":"ReadAction","target":["https:\/\/antderground.com\/ca\/producte\/kit-modular-3d-m\/"]}]},{"@type":"ImageObject","inLanguage":"ca","@id":"https:\/\/antderground.com\/ca\/producte\/kit-modular-3d-m\/#primaryimage","url":"https:\/\/antderground.com\/wp-content\/uploads\/2023\/12\/modular3d-mediano.jpg","contentUrl":"https:\/\/antderground.com\/wp-content\/uploads\/2023\/12\/modular3d-mediano.jpg","width":1280,"height":1280,"caption":"kit formiguer modular 3D amb caixa de farratge 3D"},{"@type":"BreadcrumbList","@id":"https:\/\/antderground.com\/ca\/producte\/kit-modular-3d-m\/#breadcrumb","itemListElement":[{"@type":"ListItem","position":1,"name":"Portada","item":"https:\/\/antderground.com\/ca\/"},{"@type":"ListItem","position":2,"name":"Productes","item":"https:\/\/antderground.com\/ca\/productes\/"},{"@type":"ListItem","position":3,"name":"Kit modular 3D (M)"}]},{"@type":"WebSite","@id":"https:\/\/antderground.com\/ca\/#website","url":"https:\/\/antderground.com\/ca\/","name":"ANTDERGROUND","description":"Tu tienda de hormigas, gran variedad de hormigueros acr\u00edlicos,madera,arena,3D y mas.. Pide tus hormigas gratis con tu pedido, somos expertos en hormigueros antifugas.","publisher":{"@id":"https:\/\/antderground.com\/ca\/#\/schema\/person\/0e322c505e84fe72c65e2f6d08f96b81"},"alternateName":"Antderground","potentialAction":[{"@type":"SearchAction","target":{"@type":"EntryPoint","urlTemplate":"https:\/\/antderground.com\/ca\/?s={search_term_string}"},"query-input":{"@type":"PropertyValueSpecification","valueRequired":true,"valueName":"search_term_string"}}],"inLanguage":"ca"},{"@type":["Person","Organization"],"@id":"https:\/\/antderground.com\/ca\/#\/schema\/person\/0e322c505e84fe72c65e2f6d08f96b81","name":"Eric de Antderground","image":{"@type":"ImageObject","inLanguage":"ca","@id":"https:\/\/secure.gravatar.com\/avatar\/c49a1b9f79216d1498cb73c1e85cd47f4465dda35f2a94c03790d491bd4423c3?s=96&d=mm&r=g","url":"https:\/\/secure.gravatar.com\/avatar\/c49a1b9f79216d1498cb73c1e85cd47f4465dda35f2a94c03790d491bd4423c3?s=96&d=mm&r=g","contentUrl":"https:\/\/secure.gravatar.com\/avatar\/c49a1b9f79216d1498cb73c1e85cd47f4465dda35f2a94c03790d491bd4423c3?s=96&d=mm&r=g","caption":"Eric de Antderground"},"logo":{"@id":"https:\/\/secure.gravatar.com\/avatar\/c49a1b9f79216d1498cb73c1e85cd47f4465dda35f2a94c03790d491bd4423c3?s=96&d=mm&r=g"},"description":"Eric es el especialista y fundador de Antderground, con una amplia trayectoria en artr\u00f3podos y enfocado en la mirmecolog\u00eda y el dise\u00f1o de hormigueros artificiales. Su enfoque combina la innovaci\u00f3n t\u00e9cnica con el respeto por la biolog\u00eda de las hormigas, is\u00f3podos y otros, desarrollando sistemas de nidos modulares 3D y acr\u00edlicos que son referentes para aficionados y profesionales en toda Europa. Su objetivo es facilitar la cr\u00eda de hormigas y otros artr\u00f3podos mediante soluciones seguras y divulgaci\u00f3n de calidad.","sameAs":["https:\/\/antderground.com\/","https:\/\/www.youtube.com\/channel\/UCio72z7TlbufkAthAJIJfPw"]}]}},"_links":{"self":[{"href":"https:\/\/antderground.com\/ca\/wp-json\/wp\/v2\/product\/31403","targetHints":{"allow":["GET"]}}],"collection":[{"href":"https:\/\/antderground.com\/ca\/wp-json\/wp\/v2\/product"}],"about":[{"href":"https:\/\/antderground.com\/ca\/wp-json\/wp\/v2\/types\/product"}],"version-history":[{"count":0,"href":"https:\/\/antderground.com\/ca\/wp-json\/wp\/v2\/product\/31403\/revisions"}],"wp:featuredmedia":[{"embeddable":true,"href":"https:\/\/antderground.com\/ca\/wp-json\/wp\/v2\/media\/31380"}],"wp:attachment":[{"href":"https:\/\/antderground.com\/ca\/wp-json\/wp\/v2\/media?parent=31403"}],"wp:term":[{"taxonomy":"product_brand","embeddable":true,"href":"https:\/\/antderground.com\/ca\/wp-json\/wp\/v2\/product_brand?post=31403"},{"taxonomy":"product_cat","embeddable":true,"href":"https:\/\/antderground.com\/ca\/wp-json\/wp\/v2\/product_cat?post=31403"},{"taxonomy":"product_tag","embeddable":true,"href":"https:\/\/antderground.com\/ca\/wp-json\/wp\/v2\/product_tag?post=31403"}],"curies":[{"name":"wp","href":"https:\/\/api.w.org\/{rel}","templated":true}]}}