{"id":31835,"date":"2022-02-08T10:07:04","date_gmt":"2022-02-08T09:07:04","guid":{"rendered":"https:\/\/www.antderground.com\/producto\/messor-minor-hesperius-reina\/"},"modified":"2024-05-17T15:49:02","modified_gmt":"2024-05-17T13:49:02","slug":"messor-minor-hesperius-reina","status":"publish","type":"product","link":"https:\/\/antderground.com\/ca\/producte\/messor-minor-hesperius-reina\/","title":{"rendered":"Messor minor hesperius (Reina)"},"content":{"rendered":"<p>Messor menor hesperius<\/p>\n<p>Descripci\u00f3: El Messor Minor Hesperius \u00e9s una esp\u00e8cie principalment gran\u00edvora. \u00c9s una esp\u00e8cie adequada per a principiants en el m\u00f3n de la cria de formigues.<\/p>\n<p>Origen: Illes Can\u00e0ries i nord d&#8217;\u00c0frica.<\/p>\n<p>Formiguers recomanats:<\/p>\n<p>Temperatura: 23 \u2013 28oC.<\/p>\n<p>Humitat: 50-70%<\/p>\n<p>Hibernaci\u00f3: S\u00ed. Des de mitjans de novembre fins a principis de mar\u00e7, entre 12oC i 15oC.<\/p>\n<p>Alimentaci\u00f3: principalment gran\u00edvora (s&#8217;alimenta de diverses llavors), per\u00f2 tamb\u00e9 s&#8217;alimenta de petits insectes.<\/p>\n","protected":false},"excerpt":{"rendered":"<p>Messor menor hesperius Descripci\u00f3: El Messor Minor Hesperius \u00e9s una esp\u00e8cie principalment gran\u00edvora. \u00c9s una esp\u00e8cie adequada per a principiants<\/p>\n","protected":false},"featured_media":31826,"template":"","meta":[],"product_brand":[],"product_cat":[164,312],"product_tag":[],"class_list":{"0":"post-31835","1":"product","2":"type-product","3":"status-publish","4":"has-post-thumbnail","6":"product_cat-formigues","7":"product_cat-formigues-autoctones","9":"first","10":"instock","11":"shipping-taxable","12":"purchasable","13":"product-type-variable"},"yoast_head":"<!-- This site is optimized with the Yoast SEO plugin v27.3 - https:\/\/yoast.com\/product\/yoast-seo-wordpress\/ -->\n<title>Messor Minor Hesperius | Formiga Reina - ANTDERGROUND<\/title>\n<meta name=\"description\" content=\"Troba formigues reina de Messor minor hesperius, una mena de formigues ideal per comen\u00e7ar amb la teva col\u00f2nia de formigues. Benvingut a la nostra botiga!\" \/>\n<meta name=\"robots\" content=\"index, follow, max-snippet:-1, max-image-preview:large, max-video-preview:-1\" \/>\n<link rel=\"canonical\" href=\"https:\/\/antderground.com\/ca\/producte\/messor-minor-hesperius-reina\/\" \/>\n<meta property=\"og:locale\" content=\"ca_ES\" \/>\n<meta property=\"og:type\" content=\"article\" \/>\n<meta property=\"og:title\" content=\"Messor Minor Hesperius | Formiga Reina - ANTDERGROUND\" \/>\n<meta property=\"og:description\" content=\"Troba formigues reina de Messor minor hesperius, una mena de formigues ideal per comen\u00e7ar amb la teva col\u00f2nia de formigues. Benvingut a la nostra botiga!\" \/>\n<meta property=\"og:url\" content=\"https:\/\/antderground.com\/ca\/producte\/messor-minor-hesperius-reina\/\" \/>\n<meta property=\"og:site_name\" content=\"ANTDERGROUND\" \/>\n<meta property=\"article:modified_time\" content=\"2024-05-17T13:49:02+00:00\" \/>\n<meta property=\"og:image\" content=\"https:\/\/antderground.com\/wp-content\/uploads\/2022\/02\/Messor-minor-hesperius-hormiga-Reina.jpg\" \/>\n\t<meta property=\"og:image:width\" content=\"772\" \/>\n\t<meta property=\"og:image:height\" content=\"772\" \/>\n\t<meta property=\"og:image:type\" content=\"image\/jpeg\" \/>\n<meta name=\"twitter:card\" content=\"summary_large_image\" \/>\n<script type=\"application\/ld+json\" class=\"yoast-schema-graph\">{\"@context\":\"https:\\\/\\\/schema.org\",\"@graph\":[{\"@type\":\"WebPage\",\"@id\":\"https:\\\/\\\/antderground.com\\\/ca\\\/producte\\\/messor-minor-hesperius-reina\\\/\",\"url\":\"https:\\\/\\\/antderground.com\\\/ca\\\/producte\\\/messor-minor-hesperius-reina\\\/\",\"name\":\"Messor Minor Hesperius | Formiga Reina - ANTDERGROUND\",\"isPartOf\":{\"@id\":\"https:\\\/\\\/antderground.com\\\/ca\\\/#website\"},\"primaryImageOfPage\":{\"@id\":\"https:\\\/\\\/antderground.com\\\/ca\\\/producte\\\/messor-minor-hesperius-reina\\\/#primaryimage\"},\"image\":{\"@id\":\"https:\\\/\\\/antderground.com\\\/ca\\\/producte\\\/messor-minor-hesperius-reina\\\/#primaryimage\"},\"thumbnailUrl\":\"https:\\\/\\\/antderground.com\\\/wp-content\\\/uploads\\\/2022\\\/02\\\/Messor-minor-hesperius-hormiga-Reina.jpg\",\"datePublished\":\"2022-02-08T09:07:04+00:00\",\"dateModified\":\"2024-05-17T13:49:02+00:00\",\"description\":\"Troba formigues reina de Messor minor hesperius, una mena de formigues ideal per comen\u00e7ar amb la teva col\u00f2nia de formigues. Benvingut a la nostra botiga!\",\"breadcrumb\":{\"@id\":\"https:\\\/\\\/antderground.com\\\/ca\\\/producte\\\/messor-minor-hesperius-reina\\\/#breadcrumb\"},\"inLanguage\":\"ca\",\"potentialAction\":[{\"@type\":\"ReadAction\",\"target\":[\"https:\\\/\\\/antderground.com\\\/ca\\\/producte\\\/messor-minor-hesperius-reina\\\/\"]}]},{\"@type\":\"ImageObject\",\"inLanguage\":\"ca\",\"@id\":\"https:\\\/\\\/antderground.com\\\/ca\\\/producte\\\/messor-minor-hesperius-reina\\\/#primaryimage\",\"url\":\"https:\\\/\\\/antderground.com\\\/wp-content\\\/uploads\\\/2022\\\/02\\\/Messor-minor-hesperius-hormiga-Reina.jpg\",\"contentUrl\":\"https:\\\/\\\/antderground.com\\\/wp-content\\\/uploads\\\/2022\\\/02\\\/Messor-minor-hesperius-hormiga-Reina.jpg\",\"width\":772,\"height\":772,\"caption\":\"Messor minor hesperius Reina\"},{\"@type\":\"BreadcrumbList\",\"@id\":\"https:\\\/\\\/antderground.com\\\/ca\\\/producte\\\/messor-minor-hesperius-reina\\\/#breadcrumb\",\"itemListElement\":[{\"@type\":\"ListItem\",\"position\":1,\"name\":\"Portada\",\"item\":\"https:\\\/\\\/antderground.com\\\/ca\\\/\"},{\"@type\":\"ListItem\",\"position\":2,\"name\":\"Productes\",\"item\":\"https:\\\/\\\/antderground.com\\\/ca\\\/productes\\\/\"},{\"@type\":\"ListItem\",\"position\":3,\"name\":\"Messor minor hesperius (Reina)\"}]},{\"@type\":\"WebSite\",\"@id\":\"https:\\\/\\\/antderground.com\\\/ca\\\/#website\",\"url\":\"https:\\\/\\\/antderground.com\\\/ca\\\/\",\"name\":\"ANTDERGROUND\",\"description\":\"Tu tienda de hormigas, gran variedad de hormigueros acr\u00edlicos,madera,arena,3D y mas.. Pide tus hormigas gratis con tu pedido, somos expertos en hormigueros antifugas.\",\"publisher\":{\"@id\":\"https:\\\/\\\/antderground.com\\\/ca\\\/#\\\/schema\\\/person\\\/0e322c505e84fe72c65e2f6d08f96b81\"},\"alternateName\":\"Antderground\",\"potentialAction\":[{\"@type\":\"SearchAction\",\"target\":{\"@type\":\"EntryPoint\",\"urlTemplate\":\"https:\\\/\\\/antderground.com\\\/ca\\\/?s={search_term_string}\"},\"query-input\":{\"@type\":\"PropertyValueSpecification\",\"valueRequired\":true,\"valueName\":\"search_term_string\"}}],\"inLanguage\":\"ca\"},{\"@type\":[\"Person\",\"Organization\"],\"@id\":\"https:\\\/\\\/antderground.com\\\/ca\\\/#\\\/schema\\\/person\\\/0e322c505e84fe72c65e2f6d08f96b81\",\"name\":\"Eric de Antderground\",\"image\":{\"@type\":\"ImageObject\",\"inLanguage\":\"ca\",\"@id\":\"https:\\\/\\\/secure.gravatar.com\\\/avatar\\\/c49a1b9f79216d1498cb73c1e85cd47f4465dda35f2a94c03790d491bd4423c3?s=96&d=mm&r=g\",\"url\":\"https:\\\/\\\/secure.gravatar.com\\\/avatar\\\/c49a1b9f79216d1498cb73c1e85cd47f4465dda35f2a94c03790d491bd4423c3?s=96&d=mm&r=g\",\"contentUrl\":\"https:\\\/\\\/secure.gravatar.com\\\/avatar\\\/c49a1b9f79216d1498cb73c1e85cd47f4465dda35f2a94c03790d491bd4423c3?s=96&d=mm&r=g\",\"caption\":\"Eric de Antderground\"},\"logo\":{\"@id\":\"https:\\\/\\\/secure.gravatar.com\\\/avatar\\\/c49a1b9f79216d1498cb73c1e85cd47f4465dda35f2a94c03790d491bd4423c3?s=96&d=mm&r=g\"},\"description\":\"Eric es el especialista y fundador de Antderground, con una amplia trayectoria en artr\u00f3podos y enfocado en la mirmecolog\u00eda y el dise\u00f1o de hormigueros artificiales. Su enfoque combina la innovaci\u00f3n t\u00e9cnica con el respeto por la biolog\u00eda de las hormigas, is\u00f3podos y otros, desarrollando sistemas de nidos modulares 3D y acr\u00edlicos que son referentes para aficionados y profesionales en toda Europa. Su objetivo es facilitar la cr\u00eda de hormigas y otros artr\u00f3podos mediante soluciones seguras y divulgaci\u00f3n de calidad.\",\"sameAs\":[\"https:\\\/\\\/antderground.com\\\/\",\"https:\\\/\\\/www.youtube.com\\\/channel\\\/UCio72z7TlbufkAthAJIJfPw\"]}]}<\/script>\n<!-- \/ Yoast SEO plugin. -->","yoast_head_json":{"title":"Messor Minor Hesperius | Formiga Reina - ANTDERGROUND","description":"Troba formigues reina de Messor minor hesperius, una mena de formigues ideal per comen\u00e7ar amb la teva col\u00f2nia de formigues. Benvingut a la nostra botiga!","robots":{"index":"index","follow":"follow","max-snippet":"max-snippet:-1","max-image-preview":"max-image-preview:large","max-video-preview":"max-video-preview:-1"},"canonical":"https:\/\/antderground.com\/ca\/producte\/messor-minor-hesperius-reina\/","og_locale":"ca_ES","og_type":"article","og_title":"Messor Minor Hesperius | Formiga Reina - ANTDERGROUND","og_description":"Troba formigues reina de Messor minor hesperius, una mena de formigues ideal per comen\u00e7ar amb la teva col\u00f2nia de formigues. Benvingut a la nostra botiga!","og_url":"https:\/\/antderground.com\/ca\/producte\/messor-minor-hesperius-reina\/","og_site_name":"ANTDERGROUND","article_modified_time":"2024-05-17T13:49:02+00:00","og_image":[{"width":772,"height":772,"url":"https:\/\/antderground.com\/wp-content\/uploads\/2022\/02\/Messor-minor-hesperius-hormiga-Reina.jpg","type":"image\/jpeg"}],"twitter_card":"summary_large_image","schema":{"@context":"https:\/\/schema.org","@graph":[{"@type":"WebPage","@id":"https:\/\/antderground.com\/ca\/producte\/messor-minor-hesperius-reina\/","url":"https:\/\/antderground.com\/ca\/producte\/messor-minor-hesperius-reina\/","name":"Messor Minor Hesperius | Formiga Reina - ANTDERGROUND","isPartOf":{"@id":"https:\/\/antderground.com\/ca\/#website"},"primaryImageOfPage":{"@id":"https:\/\/antderground.com\/ca\/producte\/messor-minor-hesperius-reina\/#primaryimage"},"image":{"@id":"https:\/\/antderground.com\/ca\/producte\/messor-minor-hesperius-reina\/#primaryimage"},"thumbnailUrl":"https:\/\/antderground.com\/wp-content\/uploads\/2022\/02\/Messor-minor-hesperius-hormiga-Reina.jpg","datePublished":"2022-02-08T09:07:04+00:00","dateModified":"2024-05-17T13:49:02+00:00","description":"Troba formigues reina de Messor minor hesperius, una mena de formigues ideal per comen\u00e7ar amb la teva col\u00f2nia de formigues. Benvingut a la nostra botiga!","breadcrumb":{"@id":"https:\/\/antderground.com\/ca\/producte\/messor-minor-hesperius-reina\/#breadcrumb"},"inLanguage":"ca","potentialAction":[{"@type":"ReadAction","target":["https:\/\/antderground.com\/ca\/producte\/messor-minor-hesperius-reina\/"]}]},{"@type":"ImageObject","inLanguage":"ca","@id":"https:\/\/antderground.com\/ca\/producte\/messor-minor-hesperius-reina\/#primaryimage","url":"https:\/\/antderground.com\/wp-content\/uploads\/2022\/02\/Messor-minor-hesperius-hormiga-Reina.jpg","contentUrl":"https:\/\/antderground.com\/wp-content\/uploads\/2022\/02\/Messor-minor-hesperius-hormiga-Reina.jpg","width":772,"height":772,"caption":"Messor minor hesperius Reina"},{"@type":"BreadcrumbList","@id":"https:\/\/antderground.com\/ca\/producte\/messor-minor-hesperius-reina\/#breadcrumb","itemListElement":[{"@type":"ListItem","position":1,"name":"Portada","item":"https:\/\/antderground.com\/ca\/"},{"@type":"ListItem","position":2,"name":"Productes","item":"https:\/\/antderground.com\/ca\/productes\/"},{"@type":"ListItem","position":3,"name":"Messor minor hesperius (Reina)"}]},{"@type":"WebSite","@id":"https:\/\/antderground.com\/ca\/#website","url":"https:\/\/antderground.com\/ca\/","name":"ANTDERGROUND","description":"Tu tienda de hormigas, gran variedad de hormigueros acr\u00edlicos,madera,arena,3D y mas.. Pide tus hormigas gratis con tu pedido, somos expertos en hormigueros antifugas.","publisher":{"@id":"https:\/\/antderground.com\/ca\/#\/schema\/person\/0e322c505e84fe72c65e2f6d08f96b81"},"alternateName":"Antderground","potentialAction":[{"@type":"SearchAction","target":{"@type":"EntryPoint","urlTemplate":"https:\/\/antderground.com\/ca\/?s={search_term_string}"},"query-input":{"@type":"PropertyValueSpecification","valueRequired":true,"valueName":"search_term_string"}}],"inLanguage":"ca"},{"@type":["Person","Organization"],"@id":"https:\/\/antderground.com\/ca\/#\/schema\/person\/0e322c505e84fe72c65e2f6d08f96b81","name":"Eric de Antderground","image":{"@type":"ImageObject","inLanguage":"ca","@id":"https:\/\/secure.gravatar.com\/avatar\/c49a1b9f79216d1498cb73c1e85cd47f4465dda35f2a94c03790d491bd4423c3?s=96&d=mm&r=g","url":"https:\/\/secure.gravatar.com\/avatar\/c49a1b9f79216d1498cb73c1e85cd47f4465dda35f2a94c03790d491bd4423c3?s=96&d=mm&r=g","contentUrl":"https:\/\/secure.gravatar.com\/avatar\/c49a1b9f79216d1498cb73c1e85cd47f4465dda35f2a94c03790d491bd4423c3?s=96&d=mm&r=g","caption":"Eric de Antderground"},"logo":{"@id":"https:\/\/secure.gravatar.com\/avatar\/c49a1b9f79216d1498cb73c1e85cd47f4465dda35f2a94c03790d491bd4423c3?s=96&d=mm&r=g"},"description":"Eric es el especialista y fundador de Antderground, con una amplia trayectoria en artr\u00f3podos y enfocado en la mirmecolog\u00eda y el dise\u00f1o de hormigueros artificiales. Su enfoque combina la innovaci\u00f3n t\u00e9cnica con el respeto por la biolog\u00eda de las hormigas, is\u00f3podos y otros, desarrollando sistemas de nidos modulares 3D y acr\u00edlicos que son referentes para aficionados y profesionales en toda Europa. Su objetivo es facilitar la cr\u00eda de hormigas y otros artr\u00f3podos mediante soluciones seguras y divulgaci\u00f3n de calidad.","sameAs":["https:\/\/antderground.com\/","https:\/\/www.youtube.com\/channel\/UCio72z7TlbufkAthAJIJfPw"]}]}},"_links":{"self":[{"href":"https:\/\/antderground.com\/ca\/wp-json\/wp\/v2\/product\/31835","targetHints":{"allow":["GET"]}}],"collection":[{"href":"https:\/\/antderground.com\/ca\/wp-json\/wp\/v2\/product"}],"about":[{"href":"https:\/\/antderground.com\/ca\/wp-json\/wp\/v2\/types\/product"}],"version-history":[{"count":0,"href":"https:\/\/antderground.com\/ca\/wp-json\/wp\/v2\/product\/31835\/revisions"}],"wp:featuredmedia":[{"embeddable":true,"href":"https:\/\/antderground.com\/ca\/wp-json\/wp\/v2\/media\/31826"}],"wp:attachment":[{"href":"https:\/\/antderground.com\/ca\/wp-json\/wp\/v2\/media?parent=31835"}],"wp:term":[{"taxonomy":"product_brand","embeddable":true,"href":"https:\/\/antderground.com\/ca\/wp-json\/wp\/v2\/product_brand?post=31835"},{"taxonomy":"product_cat","embeddable":true,"href":"https:\/\/antderground.com\/ca\/wp-json\/wp\/v2\/product_cat?post=31835"},{"taxonomy":"product_tag","embeddable":true,"href":"https:\/\/antderground.com\/ca\/wp-json\/wp\/v2\/product_tag?post=31835"}],"curies":[{"name":"wp","href":"https:\/\/api.w.org\/{rel}","templated":true}]}}