{"id":32595,"date":"2024-02-04T00:50:59","date_gmt":"2024-02-03T23:50:59","guid":{"rendered":"https:\/\/www.antderground.com\/producto\/camponotus-substitutus\/"},"modified":"2024-02-04T00:50:59","modified_gmt":"2024-02-03T23:50:59","slug":"camponotus-substitutus","status":"publish","type":"product","link":"https:\/\/antderground.com\/ca\/producte\/camponotus-substitutus\/","title":{"rendered":"Camponotus substitutus"},"content":{"rendered":"<h2>Fitxa t\u00e8cnica de la formiga (Camponotus substitutus)<\/h2>\n<p><strong>Nom cient\u00edfic:<\/strong> Camponotus substitutus<\/p>\n<p><strong>Classificaci\u00f3 taxon\u00f2mica:<\/strong><\/p>\n<ul>\n<li>Regne: Animalia<\/li>\n<li>Fil: Arthropoda<\/li>\n<li>Classe: Insecta<\/li>\n<li>Ordre: Hymenoptera<\/li>\n<li>Fam\u00edlia: Formicidae<\/li>\n<li>G\u00e8nere: Camponotus<\/li>\n<\/ul>\n<p><strong>Distribuci\u00f3:<\/strong> Aquesta esp\u00e8cie es troba principalment a les regions tropicals i subtropicals d&#8217;Am\u00e8rica, incloent pa\u00efsos com Brasil, Col\u00f2mbia, Vene\u00e7uela, Equador, i altres \u00e0rees d&#8217;Am\u00e8rica Central i del Sud.<\/p>\n<p><strong>Descripci\u00f3 f\u00edsica:<\/strong><\/p>\n<ul>\n<li>Mida: Les obreres d&#8217;aquesta esp\u00e8cie poden variar en mida, per\u00f2 en general, s\u00f3n relativament grans, assolint longituds de fins a diversos cent\u00edmetres. Les reines s\u00f3n encara m\u00e9s grans.<\/li>\n<li>Color: Les formigues obreres de Camponotus substitutus solen tenir un color negre o marr\u00f3 fosc, amb certes variacions segons la ubicaci\u00f3 geogr\u00e0fica.<\/li>\n<\/ul>\n<p><strong>Interaccions ecol\u00f2giques:<\/strong><\/p>\n<ul>\n<li>Camponotus substitutus interactua amb una varietat d&#8217;altres esp\u00e8cies al seu h\u00e0bitat, incloent plantes, altres insectes i animals vertebrats.<\/li>\n<li>Les seves interaccions amb les plantes poden tenir efectes tant positius com negatius, depenent de l&#8217;esp\u00e8cie de planta i de les condicions espec\u00edfiques de l&#8217;h\u00e0bitat.<\/li>\n<\/ul>\n","protected":false},"excerpt":{"rendered":"<p>Fitxa t\u00e8cnica de la formiga (Camponotus substitutus) Nom cient\u00edfic: Camponotus substitutus Classificaci\u00f3 taxon\u00f2mica: Regne: Animalia Fil: Arthropoda Classe: Insecta Ordre:<\/p>\n","protected":false},"featured_media":32547,"template":"","meta":[],"product_brand":[],"product_cat":[164,308],"product_tag":[],"class_list":{"0":"post-32595","1":"product","2":"type-product","3":"status-publish","4":"has-post-thumbnail","6":"product_cat-formigues","7":"product_cat-formigues-exotiques","9":"first","10":"outofstock","11":"shipping-taxable","12":"purchasable","13":"product-type-variable"},"yoast_head":"<!-- This site is optimized with the Yoast SEO plugin v27.4 - https:\/\/yoast.com\/product\/yoast-seo-wordpress\/ -->\n<title>Camponotus substitutus | Formiga ex\u00f2tica - ANTDERGROUND<\/title>\n<meta name=\"description\" content=\"Troba la nova formiga ex\u00f2tica camponotus substitutus coneguda per ser una formiga curiosa, visualitza com crea la seva pr\u00f2pia col\u00f2nia de formigues obreres.\" \/>\n<meta name=\"robots\" content=\"index, follow, max-snippet:-1, max-image-preview:large, max-video-preview:-1\" \/>\n<link rel=\"canonical\" href=\"https:\/\/antderground.com\/ca\/producte\/camponotus-substitutus\/\" \/>\n<meta property=\"og:locale\" content=\"ca_ES\" \/>\n<meta property=\"og:type\" content=\"article\" \/>\n<meta property=\"og:title\" content=\"Camponotus substitutus | Formiga ex\u00f2tica - ANTDERGROUND\" \/>\n<meta property=\"og:description\" content=\"Troba la nova formiga ex\u00f2tica camponotus substitutus coneguda per ser una formiga curiosa, visualitza com crea la seva pr\u00f2pia col\u00f2nia de formigues obreres.\" \/>\n<meta property=\"og:url\" content=\"https:\/\/antderground.com\/ca\/producte\/camponotus-substitutus\/\" \/>\n<meta property=\"og:site_name\" content=\"ANTDERGROUND\" \/>\n<meta property=\"og:image\" content=\"https:\/\/antderground.com\/wp-content\/uploads\/2024\/02\/camponotus-substitutus.jpg\" \/>\n\t<meta property=\"og:image:width\" content=\"1280\" \/>\n\t<meta property=\"og:image:height\" content=\"1280\" \/>\n\t<meta property=\"og:image:type\" content=\"image\/jpeg\" \/>\n<meta name=\"twitter:card\" content=\"summary_large_image\" \/>\n<meta name=\"twitter:label1\" content=\"Temps estimat de lectura\" \/>\n\t<meta name=\"twitter:data1\" content=\"1 minut\" \/>\n<script type=\"application\/ld+json\" class=\"yoast-schema-graph\">{\"@context\":\"https:\\\/\\\/schema.org\",\"@graph\":[{\"@type\":\"WebPage\",\"@id\":\"https:\\\/\\\/antderground.com\\\/ca\\\/producte\\\/camponotus-substitutus\\\/\",\"url\":\"https:\\\/\\\/antderground.com\\\/ca\\\/producte\\\/camponotus-substitutus\\\/\",\"name\":\"Camponotus substitutus | Formiga ex\u00f2tica - ANTDERGROUND\",\"isPartOf\":{\"@id\":\"https:\\\/\\\/antderground.com\\\/ca\\\/#website\"},\"primaryImageOfPage\":{\"@id\":\"https:\\\/\\\/antderground.com\\\/ca\\\/producte\\\/camponotus-substitutus\\\/#primaryimage\"},\"image\":{\"@id\":\"https:\\\/\\\/antderground.com\\\/ca\\\/producte\\\/camponotus-substitutus\\\/#primaryimage\"},\"thumbnailUrl\":\"https:\\\/\\\/antderground.com\\\/wp-content\\\/uploads\\\/2024\\\/02\\\/camponotus-substitutus.jpg\",\"datePublished\":\"2024-02-03T23:50:59+00:00\",\"description\":\"Troba la nova formiga ex\u00f2tica camponotus substitutus coneguda per ser una formiga curiosa, visualitza com crea la seva pr\u00f2pia col\u00f2nia de formigues obreres.\",\"breadcrumb\":{\"@id\":\"https:\\\/\\\/antderground.com\\\/ca\\\/producte\\\/camponotus-substitutus\\\/#breadcrumb\"},\"inLanguage\":\"ca\",\"potentialAction\":[{\"@type\":\"ReadAction\",\"target\":[\"https:\\\/\\\/antderground.com\\\/ca\\\/producte\\\/camponotus-substitutus\\\/\"]}]},{\"@type\":\"ImageObject\",\"inLanguage\":\"ca\",\"@id\":\"https:\\\/\\\/antderground.com\\\/ca\\\/producte\\\/camponotus-substitutus\\\/#primaryimage\",\"url\":\"https:\\\/\\\/antderground.com\\\/wp-content\\\/uploads\\\/2024\\\/02\\\/camponotus-substitutus.jpg\",\"contentUrl\":\"https:\\\/\\\/antderground.com\\\/wp-content\\\/uploads\\\/2024\\\/02\\\/camponotus-substitutus.jpg\",\"width\":1280,\"height\":1280,\"caption\":\"Camponotus substitutus\"},{\"@type\":\"BreadcrumbList\",\"@id\":\"https:\\\/\\\/antderground.com\\\/ca\\\/producte\\\/camponotus-substitutus\\\/#breadcrumb\",\"itemListElement\":[{\"@type\":\"ListItem\",\"position\":1,\"name\":\"Portada\",\"item\":\"https:\\\/\\\/antderground.com\\\/ca\\\/\"},{\"@type\":\"ListItem\",\"position\":2,\"name\":\"Productes\",\"item\":\"https:\\\/\\\/antderground.com\\\/ca\\\/productes\\\/\"},{\"@type\":\"ListItem\",\"position\":3,\"name\":\"Camponotus substitutus\"}]},{\"@type\":\"WebSite\",\"@id\":\"https:\\\/\\\/antderground.com\\\/ca\\\/#website\",\"url\":\"https:\\\/\\\/antderground.com\\\/ca\\\/\",\"name\":\"ANTDERGROUND\",\"description\":\"Tu tienda de hormigas, gran variedad de hormigueros acr\u00edlicos,madera,arena,3D y mas.. Pide tus hormigas gratis con tu pedido, somos expertos en hormigueros antifugas.\",\"publisher\":{\"@id\":\"https:\\\/\\\/antderground.com\\\/ca\\\/#\\\/schema\\\/person\\\/0e322c505e84fe72c65e2f6d08f96b81\"},\"alternateName\":\"Antderground\",\"potentialAction\":[{\"@type\":\"SearchAction\",\"target\":{\"@type\":\"EntryPoint\",\"urlTemplate\":\"https:\\\/\\\/antderground.com\\\/ca\\\/?s={search_term_string}\"},\"query-input\":{\"@type\":\"PropertyValueSpecification\",\"valueRequired\":true,\"valueName\":\"search_term_string\"}}],\"inLanguage\":\"ca\"},{\"@type\":[\"Person\",\"Organization\"],\"@id\":\"https:\\\/\\\/antderground.com\\\/ca\\\/#\\\/schema\\\/person\\\/0e322c505e84fe72c65e2f6d08f96b81\",\"name\":\"Eric de Antderground\",\"image\":{\"@type\":\"ImageObject\",\"inLanguage\":\"ca\",\"@id\":\"https:\\\/\\\/secure.gravatar.com\\\/avatar\\\/c49a1b9f79216d1498cb73c1e85cd47f4465dda35f2a94c03790d491bd4423c3?s=96&d=mm&r=g\",\"url\":\"https:\\\/\\\/secure.gravatar.com\\\/avatar\\\/c49a1b9f79216d1498cb73c1e85cd47f4465dda35f2a94c03790d491bd4423c3?s=96&d=mm&r=g\",\"contentUrl\":\"https:\\\/\\\/secure.gravatar.com\\\/avatar\\\/c49a1b9f79216d1498cb73c1e85cd47f4465dda35f2a94c03790d491bd4423c3?s=96&d=mm&r=g\",\"caption\":\"Eric de Antderground\"},\"logo\":{\"@id\":\"https:\\\/\\\/secure.gravatar.com\\\/avatar\\\/c49a1b9f79216d1498cb73c1e85cd47f4465dda35f2a94c03790d491bd4423c3?s=96&d=mm&r=g\"},\"description\":\"Eric es el especialista y fundador de Antderground, con una amplia trayectoria en artr\u00f3podos y enfocado en la mirmecolog\u00eda y el dise\u00f1o de hormigueros artificiales. Su enfoque combina la innovaci\u00f3n t\u00e9cnica con el respeto por la biolog\u00eda de las hormigas, is\u00f3podos y otros, desarrollando sistemas de nidos modulares 3D y acr\u00edlicos que son referentes para aficionados y profesionales en toda Europa. Su objetivo es facilitar la cr\u00eda de hormigas y otros artr\u00f3podos mediante soluciones seguras y divulgaci\u00f3n de calidad.\",\"sameAs\":[\"https:\\\/\\\/antderground.com\\\/\",\"https:\\\/\\\/www.youtube.com\\\/channel\\\/UCio72z7TlbufkAthAJIJfPw\"]}]}<\/script>\n<!-- \/ Yoast SEO plugin. -->","yoast_head_json":{"title":"Camponotus substitutus | Formiga ex\u00f2tica - ANTDERGROUND","description":"Troba la nova formiga ex\u00f2tica camponotus substitutus coneguda per ser una formiga curiosa, visualitza com crea la seva pr\u00f2pia col\u00f2nia de formigues obreres.","robots":{"index":"index","follow":"follow","max-snippet":"max-snippet:-1","max-image-preview":"max-image-preview:large","max-video-preview":"max-video-preview:-1"},"canonical":"https:\/\/antderground.com\/ca\/producte\/camponotus-substitutus\/","og_locale":"ca_ES","og_type":"article","og_title":"Camponotus substitutus | Formiga ex\u00f2tica - ANTDERGROUND","og_description":"Troba la nova formiga ex\u00f2tica camponotus substitutus coneguda per ser una formiga curiosa, visualitza com crea la seva pr\u00f2pia col\u00f2nia de formigues obreres.","og_url":"https:\/\/antderground.com\/ca\/producte\/camponotus-substitutus\/","og_site_name":"ANTDERGROUND","og_image":[{"width":1280,"height":1280,"url":"https:\/\/antderground.com\/wp-content\/uploads\/2024\/02\/camponotus-substitutus.jpg","type":"image\/jpeg"}],"twitter_card":"summary_large_image","twitter_misc":{"Temps estimat de lectura":"1 minut"},"schema":{"@context":"https:\/\/schema.org","@graph":[{"@type":"WebPage","@id":"https:\/\/antderground.com\/ca\/producte\/camponotus-substitutus\/","url":"https:\/\/antderground.com\/ca\/producte\/camponotus-substitutus\/","name":"Camponotus substitutus | Formiga ex\u00f2tica - ANTDERGROUND","isPartOf":{"@id":"https:\/\/antderground.com\/ca\/#website"},"primaryImageOfPage":{"@id":"https:\/\/antderground.com\/ca\/producte\/camponotus-substitutus\/#primaryimage"},"image":{"@id":"https:\/\/antderground.com\/ca\/producte\/camponotus-substitutus\/#primaryimage"},"thumbnailUrl":"https:\/\/antderground.com\/wp-content\/uploads\/2024\/02\/camponotus-substitutus.jpg","datePublished":"2024-02-03T23:50:59+00:00","description":"Troba la nova formiga ex\u00f2tica camponotus substitutus coneguda per ser una formiga curiosa, visualitza com crea la seva pr\u00f2pia col\u00f2nia de formigues obreres.","breadcrumb":{"@id":"https:\/\/antderground.com\/ca\/producte\/camponotus-substitutus\/#breadcrumb"},"inLanguage":"ca","potentialAction":[{"@type":"ReadAction","target":["https:\/\/antderground.com\/ca\/producte\/camponotus-substitutus\/"]}]},{"@type":"ImageObject","inLanguage":"ca","@id":"https:\/\/antderground.com\/ca\/producte\/camponotus-substitutus\/#primaryimage","url":"https:\/\/antderground.com\/wp-content\/uploads\/2024\/02\/camponotus-substitutus.jpg","contentUrl":"https:\/\/antderground.com\/wp-content\/uploads\/2024\/02\/camponotus-substitutus.jpg","width":1280,"height":1280,"caption":"Camponotus substitutus"},{"@type":"BreadcrumbList","@id":"https:\/\/antderground.com\/ca\/producte\/camponotus-substitutus\/#breadcrumb","itemListElement":[{"@type":"ListItem","position":1,"name":"Portada","item":"https:\/\/antderground.com\/ca\/"},{"@type":"ListItem","position":2,"name":"Productes","item":"https:\/\/antderground.com\/ca\/productes\/"},{"@type":"ListItem","position":3,"name":"Camponotus substitutus"}]},{"@type":"WebSite","@id":"https:\/\/antderground.com\/ca\/#website","url":"https:\/\/antderground.com\/ca\/","name":"ANTDERGROUND","description":"Tu tienda de hormigas, gran variedad de hormigueros acr\u00edlicos,madera,arena,3D y mas.. Pide tus hormigas gratis con tu pedido, somos expertos en hormigueros antifugas.","publisher":{"@id":"https:\/\/antderground.com\/ca\/#\/schema\/person\/0e322c505e84fe72c65e2f6d08f96b81"},"alternateName":"Antderground","potentialAction":[{"@type":"SearchAction","target":{"@type":"EntryPoint","urlTemplate":"https:\/\/antderground.com\/ca\/?s={search_term_string}"},"query-input":{"@type":"PropertyValueSpecification","valueRequired":true,"valueName":"search_term_string"}}],"inLanguage":"ca"},{"@type":["Person","Organization"],"@id":"https:\/\/antderground.com\/ca\/#\/schema\/person\/0e322c505e84fe72c65e2f6d08f96b81","name":"Eric de Antderground","image":{"@type":"ImageObject","inLanguage":"ca","@id":"https:\/\/secure.gravatar.com\/avatar\/c49a1b9f79216d1498cb73c1e85cd47f4465dda35f2a94c03790d491bd4423c3?s=96&d=mm&r=g","url":"https:\/\/secure.gravatar.com\/avatar\/c49a1b9f79216d1498cb73c1e85cd47f4465dda35f2a94c03790d491bd4423c3?s=96&d=mm&r=g","contentUrl":"https:\/\/secure.gravatar.com\/avatar\/c49a1b9f79216d1498cb73c1e85cd47f4465dda35f2a94c03790d491bd4423c3?s=96&d=mm&r=g","caption":"Eric de Antderground"},"logo":{"@id":"https:\/\/secure.gravatar.com\/avatar\/c49a1b9f79216d1498cb73c1e85cd47f4465dda35f2a94c03790d491bd4423c3?s=96&d=mm&r=g"},"description":"Eric es el especialista y fundador de Antderground, con una amplia trayectoria en artr\u00f3podos y enfocado en la mirmecolog\u00eda y el dise\u00f1o de hormigueros artificiales. Su enfoque combina la innovaci\u00f3n t\u00e9cnica con el respeto por la biolog\u00eda de las hormigas, is\u00f3podos y otros, desarrollando sistemas de nidos modulares 3D y acr\u00edlicos que son referentes para aficionados y profesionales en toda Europa. Su objetivo es facilitar la cr\u00eda de hormigas y otros artr\u00f3podos mediante soluciones seguras y divulgaci\u00f3n de calidad.","sameAs":["https:\/\/antderground.com\/","https:\/\/www.youtube.com\/channel\/UCio72z7TlbufkAthAJIJfPw"]}]}},"_links":{"self":[{"href":"https:\/\/antderground.com\/ca\/wp-json\/wp\/v2\/product\/32595","targetHints":{"allow":["GET"]}}],"collection":[{"href":"https:\/\/antderground.com\/ca\/wp-json\/wp\/v2\/product"}],"about":[{"href":"https:\/\/antderground.com\/ca\/wp-json\/wp\/v2\/types\/product"}],"version-history":[{"count":0,"href":"https:\/\/antderground.com\/ca\/wp-json\/wp\/v2\/product\/32595\/revisions"}],"wp:featuredmedia":[{"embeddable":true,"href":"https:\/\/antderground.com\/ca\/wp-json\/wp\/v2\/media\/32547"}],"wp:attachment":[{"href":"https:\/\/antderground.com\/ca\/wp-json\/wp\/v2\/media?parent=32595"}],"wp:term":[{"taxonomy":"product_brand","embeddable":true,"href":"https:\/\/antderground.com\/ca\/wp-json\/wp\/v2\/product_brand?post=32595"},{"taxonomy":"product_cat","embeddable":true,"href":"https:\/\/antderground.com\/ca\/wp-json\/wp\/v2\/product_cat?post=32595"},{"taxonomy":"product_tag","embeddable":true,"href":"https:\/\/antderground.com\/ca\/wp-json\/wp\/v2\/product_tag?post=32595"}],"curies":[{"name":"wp","href":"https:\/\/api.w.org\/{rel}","templated":true}]}}