{"id":33807,"date":"2024-04-24T11:04:31","date_gmt":"2024-04-24T09:04:31","guid":{"rendered":"https:\/\/www.antderground.com\/producto\/os-de-sipia\/"},"modified":"2024-04-24T11:04:31","modified_gmt":"2024-04-24T09:04:31","slug":"os-de-sipia","status":"publish","type":"product","link":"https:\/\/antderground.com\/ca\/producte\/os-de-sipia\/","title":{"rendered":"Os de S\u00edpia"},"content":{"rendered":"<p><strong>El Valor de l&#8217;os de s\u00edpia per a la vida silvestre<\/strong><\/p>\n<p>En la complexa xarxa de la natura, fins i tot els detalls m\u00e9s petits tenen un gran impacte. L&#8217;os de s\u00edpia, un residu mar\u00ed aparentment insignificant, \u00e9s en realitat un tresor per a insectes i altres \u00e9ssers diminuts com els is\u00f2podes.<\/p>\n<p>Sota terra, els is\u00f2podes descomponen la mat\u00e8ria org\u00e0nica, un paper vital que requereix calci per enfortir els seus exosquelets i assegurar-ne la reproducci\u00f3. La closca calc\u00e0ria de la s\u00edpia proporciona aquesta font crucial de calci.<\/p>\n<p>Per\u00f2 els beneficis s&#8217;estenen a una varietat de criatures. Des d&#8217;insectes fins a r\u00e8ptils i ocells, tots es beneficien del calci per a la seva salut i reproducci\u00f3. Incorporar ossos de s\u00edpia a la dieta d&#8217;aquestes criatures promou el seu benestar i longevitat, contribuint aix\u00ed a l&#8217;equilibri ecol\u00f2gic.<\/p>\n<p>En resum, l&#8217;os de s\u00edpia no \u00e9s nom\u00e9s un residu mar\u00ed, sin\u00f3 un recurs valu\u00f3s que subratlla la interconnexi\u00f3 i generositat de la natura. En valorar i preservar cada element del m\u00f3n natural, assegurem un futur vibrant per a totes les formes de vida al nostre planeta.<\/p>\n","protected":false},"excerpt":{"rendered":"<p>Maximitza la salut de les teves mascotes i promou la biodiversitat! L&#8217;os de s\u00edpia, ple de calci, \u00e9s essencial per enfortir ossos i closques en una \u00e0mplia gamma d&#8217;animals, des d&#8217;insectes fins a r\u00e8ptils i aus. Un recurs natural que beneficia tots els habitants del regne animal!<\/p>\n","protected":false},"featured_media":33798,"template":"","meta":[],"product_brand":[],"product_cat":[159,679],"product_tag":[],"class_list":{"0":"post-33807","1":"product","2":"type-product","3":"status-publish","4":"has-post-thumbnail","6":"product_cat-aliments-ca","7":"product_cat-suplements","9":"first","10":"instock","11":"shipping-taxable","12":"purchasable","13":"product-type-variable"},"yoast_head":"<!-- This site is optimized with the Yoast SEO plugin v27.3 - https:\/\/yoast.com\/product\/yoast-seo-wordpress\/ -->\n<title>Os de S\u00edpia | Aliment per a Insectes, R\u00e8ptils, Aus, Amfibis - ANTDERGROUND<\/title>\n<meta name=\"description\" content=\"Descobreix l&#039;os de s\u00edpia: una font natural de calci per a insectes, is\u00f2podes i m\u00e9s. Enforteix la salut de la teva mascota i promou la biodiversitat!\" \/>\n<meta name=\"robots\" content=\"index, follow, max-snippet:-1, max-image-preview:large, max-video-preview:-1\" \/>\n<link rel=\"canonical\" href=\"https:\/\/antderground.com\/ca\/producte\/os-de-sipia\/\" \/>\n<meta property=\"og:locale\" content=\"ca_ES\" \/>\n<meta property=\"og:type\" content=\"article\" \/>\n<meta property=\"og:title\" content=\"Os de S\u00edpia | Aliment per a Insectes, R\u00e8ptils, Aus, Amfibis - ANTDERGROUND\" \/>\n<meta property=\"og:description\" content=\"Descobreix l&#039;os de s\u00edpia: una font natural de calci per a insectes, is\u00f2podes i m\u00e9s. Enforteix la salut de la teva mascota i promou la biodiversitat!\" \/>\n<meta property=\"og:url\" content=\"https:\/\/antderground.com\/ca\/producte\/os-de-sipia\/\" \/>\n<meta property=\"og:site_name\" content=\"ANTDERGROUND\" \/>\n<meta property=\"og:image\" content=\"https:\/\/antderground.com\/wp-content\/uploads\/2024\/04\/hueso-de-sepia-e1713949355930.jpg\" \/>\n\t<meta property=\"og:image:width\" content=\"1417\" \/>\n\t<meta property=\"og:image:height\" content=\"1417\" \/>\n\t<meta property=\"og:image:type\" content=\"image\/jpeg\" \/>\n<meta name=\"twitter:card\" content=\"summary_large_image\" \/>\n<meta name=\"twitter:label1\" content=\"Temps estimat de lectura\" \/>\n\t<meta name=\"twitter:data1\" content=\"1 minut\" \/>\n<script type=\"application\/ld+json\" class=\"yoast-schema-graph\">{\"@context\":\"https:\\\/\\\/schema.org\",\"@graph\":[{\"@type\":\"WebPage\",\"@id\":\"https:\\\/\\\/antderground.com\\\/ca\\\/producte\\\/os-de-sipia\\\/\",\"url\":\"https:\\\/\\\/antderground.com\\\/ca\\\/producte\\\/os-de-sipia\\\/\",\"name\":\"Os de S\u00edpia | Aliment per a Insectes, R\u00e8ptils, Aus, Amfibis - ANTDERGROUND\",\"isPartOf\":{\"@id\":\"https:\\\/\\\/antderground.com\\\/ca\\\/#website\"},\"primaryImageOfPage\":{\"@id\":\"https:\\\/\\\/antderground.com\\\/ca\\\/producte\\\/os-de-sipia\\\/#primaryimage\"},\"image\":{\"@id\":\"https:\\\/\\\/antderground.com\\\/ca\\\/producte\\\/os-de-sipia\\\/#primaryimage\"},\"thumbnailUrl\":\"https:\\\/\\\/antderground.com\\\/wp-content\\\/uploads\\\/2024\\\/04\\\/hueso-de-sepia-e1713949355930.jpg\",\"datePublished\":\"2024-04-24T09:04:31+00:00\",\"description\":\"Descobreix l'os de s\u00edpia: una font natural de calci per a insectes, is\u00f2podes i m\u00e9s. Enforteix la salut de la teva mascota i promou la biodiversitat!\",\"breadcrumb\":{\"@id\":\"https:\\\/\\\/antderground.com\\\/ca\\\/producte\\\/os-de-sipia\\\/#breadcrumb\"},\"inLanguage\":\"ca\",\"potentialAction\":[{\"@type\":\"ReadAction\",\"target\":[\"https:\\\/\\\/antderground.com\\\/ca\\\/producte\\\/os-de-sipia\\\/\"]}]},{\"@type\":\"ImageObject\",\"inLanguage\":\"ca\",\"@id\":\"https:\\\/\\\/antderground.com\\\/ca\\\/producte\\\/os-de-sipia\\\/#primaryimage\",\"url\":\"https:\\\/\\\/antderground.com\\\/wp-content\\\/uploads\\\/2024\\\/04\\\/hueso-de-sepia-e1713949355930.jpg\",\"contentUrl\":\"https:\\\/\\\/antderground.com\\\/wp-content\\\/uploads\\\/2024\\\/04\\\/hueso-de-sepia-e1713949355930.jpg\",\"width\":1329,\"height\":1336,\"caption\":\"Os de S\u00edpia\"},{\"@type\":\"BreadcrumbList\",\"@id\":\"https:\\\/\\\/antderground.com\\\/ca\\\/producte\\\/os-de-sipia\\\/#breadcrumb\",\"itemListElement\":[{\"@type\":\"ListItem\",\"position\":1,\"name\":\"Portada\",\"item\":\"https:\\\/\\\/antderground.com\\\/ca\\\/\"},{\"@type\":\"ListItem\",\"position\":2,\"name\":\"Productes\",\"item\":\"https:\\\/\\\/antderground.com\\\/ca\\\/productes\\\/\"},{\"@type\":\"ListItem\",\"position\":3,\"name\":\"Os de S\u00edpia\"}]},{\"@type\":\"WebSite\",\"@id\":\"https:\\\/\\\/antderground.com\\\/ca\\\/#website\",\"url\":\"https:\\\/\\\/antderground.com\\\/ca\\\/\",\"name\":\"ANTDERGROUND\",\"description\":\"Tu tienda de hormigas, gran variedad de hormigueros acr\u00edlicos,madera,arena,3D y mas.. Pide tus hormigas gratis con tu pedido, somos expertos en hormigueros antifugas.\",\"publisher\":{\"@id\":\"https:\\\/\\\/antderground.com\\\/ca\\\/#\\\/schema\\\/person\\\/0e322c505e84fe72c65e2f6d08f96b81\"},\"alternateName\":\"Antderground\",\"potentialAction\":[{\"@type\":\"SearchAction\",\"target\":{\"@type\":\"EntryPoint\",\"urlTemplate\":\"https:\\\/\\\/antderground.com\\\/ca\\\/?s={search_term_string}\"},\"query-input\":{\"@type\":\"PropertyValueSpecification\",\"valueRequired\":true,\"valueName\":\"search_term_string\"}}],\"inLanguage\":\"ca\"},{\"@type\":[\"Person\",\"Organization\"],\"@id\":\"https:\\\/\\\/antderground.com\\\/ca\\\/#\\\/schema\\\/person\\\/0e322c505e84fe72c65e2f6d08f96b81\",\"name\":\"Eric de Antderground\",\"image\":{\"@type\":\"ImageObject\",\"inLanguage\":\"ca\",\"@id\":\"https:\\\/\\\/secure.gravatar.com\\\/avatar\\\/c49a1b9f79216d1498cb73c1e85cd47f4465dda35f2a94c03790d491bd4423c3?s=96&d=mm&r=g\",\"url\":\"https:\\\/\\\/secure.gravatar.com\\\/avatar\\\/c49a1b9f79216d1498cb73c1e85cd47f4465dda35f2a94c03790d491bd4423c3?s=96&d=mm&r=g\",\"contentUrl\":\"https:\\\/\\\/secure.gravatar.com\\\/avatar\\\/c49a1b9f79216d1498cb73c1e85cd47f4465dda35f2a94c03790d491bd4423c3?s=96&d=mm&r=g\",\"caption\":\"Eric de Antderground\"},\"logo\":{\"@id\":\"https:\\\/\\\/secure.gravatar.com\\\/avatar\\\/c49a1b9f79216d1498cb73c1e85cd47f4465dda35f2a94c03790d491bd4423c3?s=96&d=mm&r=g\"},\"description\":\"Eric es el especialista y fundador de Antderground, con una amplia trayectoria en artr\u00f3podos y enfocado en la mirmecolog\u00eda y el dise\u00f1o de hormigueros artificiales. Su enfoque combina la innovaci\u00f3n t\u00e9cnica con el respeto por la biolog\u00eda de las hormigas, is\u00f3podos y otros, desarrollando sistemas de nidos modulares 3D y acr\u00edlicos que son referentes para aficionados y profesionales en toda Europa. Su objetivo es facilitar la cr\u00eda de hormigas y otros artr\u00f3podos mediante soluciones seguras y divulgaci\u00f3n de calidad.\",\"sameAs\":[\"https:\\\/\\\/antderground.com\\\/\",\"https:\\\/\\\/www.youtube.com\\\/channel\\\/UCio72z7TlbufkAthAJIJfPw\"]}]}<\/script>\n<!-- \/ Yoast SEO plugin. -->","yoast_head_json":{"title":"Os de S\u00edpia | Aliment per a Insectes, R\u00e8ptils, Aus, Amfibis - ANTDERGROUND","description":"Descobreix l'os de s\u00edpia: una font natural de calci per a insectes, is\u00f2podes i m\u00e9s. Enforteix la salut de la teva mascota i promou la biodiversitat!","robots":{"index":"index","follow":"follow","max-snippet":"max-snippet:-1","max-image-preview":"max-image-preview:large","max-video-preview":"max-video-preview:-1"},"canonical":"https:\/\/antderground.com\/ca\/producte\/os-de-sipia\/","og_locale":"ca_ES","og_type":"article","og_title":"Os de S\u00edpia | Aliment per a Insectes, R\u00e8ptils, Aus, Amfibis - ANTDERGROUND","og_description":"Descobreix l'os de s\u00edpia: una font natural de calci per a insectes, is\u00f2podes i m\u00e9s. Enforteix la salut de la teva mascota i promou la biodiversitat!","og_url":"https:\/\/antderground.com\/ca\/producte\/os-de-sipia\/","og_site_name":"ANTDERGROUND","og_image":[{"width":1417,"height":1417,"url":"https:\/\/antderground.com\/wp-content\/uploads\/2024\/04\/hueso-de-sepia-e1713949355930.jpg","type":"image\/jpeg"}],"twitter_card":"summary_large_image","twitter_misc":{"Temps estimat de lectura":"1 minut"},"schema":{"@context":"https:\/\/schema.org","@graph":[{"@type":"WebPage","@id":"https:\/\/antderground.com\/ca\/producte\/os-de-sipia\/","url":"https:\/\/antderground.com\/ca\/producte\/os-de-sipia\/","name":"Os de S\u00edpia | Aliment per a Insectes, R\u00e8ptils, Aus, Amfibis - ANTDERGROUND","isPartOf":{"@id":"https:\/\/antderground.com\/ca\/#website"},"primaryImageOfPage":{"@id":"https:\/\/antderground.com\/ca\/producte\/os-de-sipia\/#primaryimage"},"image":{"@id":"https:\/\/antderground.com\/ca\/producte\/os-de-sipia\/#primaryimage"},"thumbnailUrl":"https:\/\/antderground.com\/wp-content\/uploads\/2024\/04\/hueso-de-sepia-e1713949355930.jpg","datePublished":"2024-04-24T09:04:31+00:00","description":"Descobreix l'os de s\u00edpia: una font natural de calci per a insectes, is\u00f2podes i m\u00e9s. Enforteix la salut de la teva mascota i promou la biodiversitat!","breadcrumb":{"@id":"https:\/\/antderground.com\/ca\/producte\/os-de-sipia\/#breadcrumb"},"inLanguage":"ca","potentialAction":[{"@type":"ReadAction","target":["https:\/\/antderground.com\/ca\/producte\/os-de-sipia\/"]}]},{"@type":"ImageObject","inLanguage":"ca","@id":"https:\/\/antderground.com\/ca\/producte\/os-de-sipia\/#primaryimage","url":"https:\/\/antderground.com\/wp-content\/uploads\/2024\/04\/hueso-de-sepia-e1713949355930.jpg","contentUrl":"https:\/\/antderground.com\/wp-content\/uploads\/2024\/04\/hueso-de-sepia-e1713949355930.jpg","width":1329,"height":1336,"caption":"Os de S\u00edpia"},{"@type":"BreadcrumbList","@id":"https:\/\/antderground.com\/ca\/producte\/os-de-sipia\/#breadcrumb","itemListElement":[{"@type":"ListItem","position":1,"name":"Portada","item":"https:\/\/antderground.com\/ca\/"},{"@type":"ListItem","position":2,"name":"Productes","item":"https:\/\/antderground.com\/ca\/productes\/"},{"@type":"ListItem","position":3,"name":"Os de S\u00edpia"}]},{"@type":"WebSite","@id":"https:\/\/antderground.com\/ca\/#website","url":"https:\/\/antderground.com\/ca\/","name":"ANTDERGROUND","description":"Tu tienda de hormigas, gran variedad de hormigueros acr\u00edlicos,madera,arena,3D y mas.. Pide tus hormigas gratis con tu pedido, somos expertos en hormigueros antifugas.","publisher":{"@id":"https:\/\/antderground.com\/ca\/#\/schema\/person\/0e322c505e84fe72c65e2f6d08f96b81"},"alternateName":"Antderground","potentialAction":[{"@type":"SearchAction","target":{"@type":"EntryPoint","urlTemplate":"https:\/\/antderground.com\/ca\/?s={search_term_string}"},"query-input":{"@type":"PropertyValueSpecification","valueRequired":true,"valueName":"search_term_string"}}],"inLanguage":"ca"},{"@type":["Person","Organization"],"@id":"https:\/\/antderground.com\/ca\/#\/schema\/person\/0e322c505e84fe72c65e2f6d08f96b81","name":"Eric de Antderground","image":{"@type":"ImageObject","inLanguage":"ca","@id":"https:\/\/secure.gravatar.com\/avatar\/c49a1b9f79216d1498cb73c1e85cd47f4465dda35f2a94c03790d491bd4423c3?s=96&d=mm&r=g","url":"https:\/\/secure.gravatar.com\/avatar\/c49a1b9f79216d1498cb73c1e85cd47f4465dda35f2a94c03790d491bd4423c3?s=96&d=mm&r=g","contentUrl":"https:\/\/secure.gravatar.com\/avatar\/c49a1b9f79216d1498cb73c1e85cd47f4465dda35f2a94c03790d491bd4423c3?s=96&d=mm&r=g","caption":"Eric de Antderground"},"logo":{"@id":"https:\/\/secure.gravatar.com\/avatar\/c49a1b9f79216d1498cb73c1e85cd47f4465dda35f2a94c03790d491bd4423c3?s=96&d=mm&r=g"},"description":"Eric es el especialista y fundador de Antderground, con una amplia trayectoria en artr\u00f3podos y enfocado en la mirmecolog\u00eda y el dise\u00f1o de hormigueros artificiales. Su enfoque combina la innovaci\u00f3n t\u00e9cnica con el respeto por la biolog\u00eda de las hormigas, is\u00f3podos y otros, desarrollando sistemas de nidos modulares 3D y acr\u00edlicos que son referentes para aficionados y profesionales en toda Europa. Su objetivo es facilitar la cr\u00eda de hormigas y otros artr\u00f3podos mediante soluciones seguras y divulgaci\u00f3n de calidad.","sameAs":["https:\/\/antderground.com\/","https:\/\/www.youtube.com\/channel\/UCio72z7TlbufkAthAJIJfPw"]}]}},"_links":{"self":[{"href":"https:\/\/antderground.com\/ca\/wp-json\/wp\/v2\/product\/33807","targetHints":{"allow":["GET"]}}],"collection":[{"href":"https:\/\/antderground.com\/ca\/wp-json\/wp\/v2\/product"}],"about":[{"href":"https:\/\/antderground.com\/ca\/wp-json\/wp\/v2\/types\/product"}],"version-history":[{"count":0,"href":"https:\/\/antderground.com\/ca\/wp-json\/wp\/v2\/product\/33807\/revisions"}],"wp:featuredmedia":[{"embeddable":true,"href":"https:\/\/antderground.com\/ca\/wp-json\/wp\/v2\/media\/33798"}],"wp:attachment":[{"href":"https:\/\/antderground.com\/ca\/wp-json\/wp\/v2\/media?parent=33807"}],"wp:term":[{"taxonomy":"product_brand","embeddable":true,"href":"https:\/\/antderground.com\/ca\/wp-json\/wp\/v2\/product_brand?post=33807"},{"taxonomy":"product_cat","embeddable":true,"href":"https:\/\/antderground.com\/ca\/wp-json\/wp\/v2\/product_cat?post=33807"},{"taxonomy":"product_tag","embeddable":true,"href":"https:\/\/antderground.com\/ca\/wp-json\/wp\/v2\/product_tag?post=33807"}],"curies":[{"name":"wp","href":"https:\/\/api.w.org\/{rel}","templated":true}]}}