{"id":34259,"date":"2024-05-15T15:55:03","date_gmt":"2024-05-15T13:55:03","guid":{"rendered":"https:\/\/www.antderground.com\/producto\/myrmica-rubra\/"},"modified":"2024-05-17T11:02:21","modified_gmt":"2024-05-17T09:02:21","slug":"myrmica-rubra","status":"publish","type":"product","link":"https:\/\/antderground.com\/ca\/producte\/myrmica-rubra\/","title":{"rendered":"Myrmica rubra"},"content":{"rendered":"<h3>Fitxa T\u00e8cnica: Myrmica rubra<\/h3>\n<p><strong>Nom Com\u00fa:<\/strong> Formiga roja, Formiga roja de jard\u00ed<\/p>\n<p><strong>Nom Cient\u00edfic:<\/strong> Myrmica rubra<\/p>\n<p><strong>Classificaci\u00f3 Taxon\u00f2mica:<\/strong><\/p>\n<ul>\n<li><strong>Regne:<\/strong> Animalia<\/li>\n<li><strong>F\u00edlum:<\/strong> Arthropoda<\/li>\n<li><strong>Classe:<\/strong> Insecta<\/li>\n<li><strong>Ordre:<\/strong> Hymenoptera<\/li>\n<li><strong>Fam\u00edlia:<\/strong> Formicidae<\/li>\n<li><strong>G\u00e8nere:<\/strong> Myrmica<\/li>\n<li><strong>Esp\u00e8cie:<\/strong> Myrmica rubra<\/li>\n<\/ul>\n<p><strong>Descripci\u00f3:<\/strong><\/p>\n<ul>\n<li><strong>Color:<\/strong> Roj\u00f3s, amb tons que poden variar entre el marr\u00f3 clar i el marr\u00f3 fosc.<\/li>\n<li><strong>Mida:<\/strong> Treballadores de 4-6 mm; reines de 5.5-7 mm.<\/li>\n<li><strong>Estructura Corporal:<\/strong> Cos segmentat en tres parts principals: cap, mesosoma i metasoma. Presenten dues espines dorsals al propodeu (part posterior del mesosoma).<\/li>\n<li><strong>Antenes:<\/strong> Composades per 12 segments en les treballadores i 13 en els mascles.<\/li>\n<\/ul>\n<p><strong>Distribuci\u00f3:<\/strong><\/p>\n<ul>\n<li>Origin\u00e0ria d&#8217;Europa i \u00c0sia.<\/li>\n<\/ul>\n<p><strong>H\u00e0bitat:<\/strong><\/p>\n<ul>\n<li>Prefereix \u00e0rees humides com prats, jardins, boscos i vores de rius i llacs.<\/li>\n<li>Construeixen nius al s\u00f2l, sovint sota pedres, fusta o detritus.<\/li>\n<\/ul>\n<p><strong>Comportament:<\/strong><\/p>\n<ul>\n<li><strong>Dieta:<\/strong> Omn\u00edvores, s&#8217;alimenten d&#8217;insectes, n\u00e8ctar i materials dol\u00e7os.<\/li>\n<li><strong>Reproducci\u00f3:<\/strong> Les col\u00f2nies poden tenir m\u00faltiples reines (poliginia). Les noves reines i els mascles s&#8217;aparellen en vols nupcials.<\/li>\n<li><strong>Interacci\u00f3 Social:<\/strong> Altament socials, les treballadores cooperen en la recol\u00b7lecci\u00f3 d&#8217;aliments i en la cura de les cries i la reina.<\/li>\n<\/ul>\n","protected":false},"excerpt":{"rendered":"<p>Descobreix el fascinant m\u00f3n de la formiga Myrmica rubra al teu terrari o formiguer artificial. Observa el seu treball incre\u00efble en equip i la seva organitzaci\u00f3. Una experi\u00e8ncia educativa i emocionant!<\/p>\n","protected":false},"featured_media":34244,"template":"","meta":[],"product_brand":[],"product_cat":[164,312],"product_tag":[],"class_list":{"0":"post-34259","1":"product","2":"type-product","3":"status-publish","4":"has-post-thumbnail","6":"product_cat-formigues","7":"product_cat-formigues-autoctones","9":"first","10":"outofstock","11":"shipping-taxable","12":"purchasable","13":"product-type-variable"},"yoast_head":"<!-- This site is optimized with the Yoast SEO plugin v27.3 - https:\/\/yoast.com\/product\/yoast-seo-wordpress\/ -->\n<title>Myrmica rubra | formigues | Formicidae - ANTDERGROUND<\/title>\n<meta name=\"description\" content=\"Descobreix la nova varietat de formiga Myrmica rubra. Descobreix el m\u00f3n de la mirmecologia amb les formigues reines i les seves formigues obreres.\" \/>\n<meta name=\"robots\" content=\"index, follow, max-snippet:-1, max-image-preview:large, max-video-preview:-1\" \/>\n<link rel=\"canonical\" href=\"https:\/\/antderground.com\/ca\/producte\/myrmica-rubra\/\" \/>\n<meta property=\"og:locale\" content=\"ca_ES\" \/>\n<meta property=\"og:type\" content=\"article\" \/>\n<meta property=\"og:title\" content=\"Myrmica rubra | formigues | Formicidae - ANTDERGROUND\" \/>\n<meta property=\"og:description\" content=\"Descobreix la nova varietat de formiga Myrmica rubra. Descobreix el m\u00f3n de la mirmecologia amb les formigues reines i les seves formigues obreres.\" \/>\n<meta property=\"og:url\" content=\"https:\/\/antderground.com\/ca\/producte\/myrmica-rubra\/\" \/>\n<meta property=\"og:site_name\" content=\"ANTDERGROUND\" \/>\n<meta property=\"article:modified_time\" content=\"2024-05-17T09:02:21+00:00\" \/>\n<meta property=\"og:image\" content=\"https:\/\/antderground.com\/wp-content\/uploads\/2024\/05\/Myrmica-rubra.jpg\" \/>\n\t<meta property=\"og:image:width\" content=\"1417\" \/>\n\t<meta property=\"og:image:height\" content=\"1417\" \/>\n\t<meta property=\"og:image:type\" content=\"image\/jpeg\" \/>\n<meta name=\"twitter:card\" content=\"summary_large_image\" \/>\n<meta name=\"twitter:label1\" content=\"Temps estimat de lectura\" \/>\n\t<meta name=\"twitter:data1\" content=\"1 minut\" \/>\n<script type=\"application\/ld+json\" class=\"yoast-schema-graph\">{\"@context\":\"https:\\\/\\\/schema.org\",\"@graph\":[{\"@type\":\"WebPage\",\"@id\":\"https:\\\/\\\/antderground.com\\\/ca\\\/producte\\\/myrmica-rubra\\\/\",\"url\":\"https:\\\/\\\/antderground.com\\\/ca\\\/producte\\\/myrmica-rubra\\\/\",\"name\":\"Myrmica rubra | formigues | Formicidae - ANTDERGROUND\",\"isPartOf\":{\"@id\":\"https:\\\/\\\/antderground.com\\\/ca\\\/#website\"},\"primaryImageOfPage\":{\"@id\":\"https:\\\/\\\/antderground.com\\\/ca\\\/producte\\\/myrmica-rubra\\\/#primaryimage\"},\"image\":{\"@id\":\"https:\\\/\\\/antderground.com\\\/ca\\\/producte\\\/myrmica-rubra\\\/#primaryimage\"},\"thumbnailUrl\":\"https:\\\/\\\/antderground.com\\\/wp-content\\\/uploads\\\/2024\\\/05\\\/Myrmica-rubra.jpg\",\"datePublished\":\"2024-05-15T13:55:03+00:00\",\"dateModified\":\"2024-05-17T09:02:21+00:00\",\"description\":\"Descobreix la nova varietat de formiga Myrmica rubra. Descobreix el m\u00f3n de la mirmecologia amb les formigues reines i les seves formigues obreres.\",\"breadcrumb\":{\"@id\":\"https:\\\/\\\/antderground.com\\\/ca\\\/producte\\\/myrmica-rubra\\\/#breadcrumb\"},\"inLanguage\":\"ca\",\"potentialAction\":[{\"@type\":\"ReadAction\",\"target\":[\"https:\\\/\\\/antderground.com\\\/ca\\\/producte\\\/myrmica-rubra\\\/\"]}]},{\"@type\":\"ImageObject\",\"inLanguage\":\"ca\",\"@id\":\"https:\\\/\\\/antderground.com\\\/ca\\\/producte\\\/myrmica-rubra\\\/#primaryimage\",\"url\":\"https:\\\/\\\/antderground.com\\\/wp-content\\\/uploads\\\/2024\\\/05\\\/Myrmica-rubra.jpg\",\"contentUrl\":\"https:\\\/\\\/antderground.com\\\/wp-content\\\/uploads\\\/2024\\\/05\\\/Myrmica-rubra.jpg\",\"width\":1417,\"height\":1417,\"caption\":\"Myrmica rubra\"},{\"@type\":\"BreadcrumbList\",\"@id\":\"https:\\\/\\\/antderground.com\\\/ca\\\/producte\\\/myrmica-rubra\\\/#breadcrumb\",\"itemListElement\":[{\"@type\":\"ListItem\",\"position\":1,\"name\":\"Portada\",\"item\":\"https:\\\/\\\/antderground.com\\\/ca\\\/\"},{\"@type\":\"ListItem\",\"position\":2,\"name\":\"Productes\",\"item\":\"https:\\\/\\\/antderground.com\\\/ca\\\/productes\\\/\"},{\"@type\":\"ListItem\",\"position\":3,\"name\":\"Myrmica rubra\"}]},{\"@type\":\"WebSite\",\"@id\":\"https:\\\/\\\/antderground.com\\\/ca\\\/#website\",\"url\":\"https:\\\/\\\/antderground.com\\\/ca\\\/\",\"name\":\"ANTDERGROUND\",\"description\":\"Tu tienda de hormigas, gran variedad de hormigueros acr\u00edlicos,madera,arena,3D y mas.. Pide tus hormigas gratis con tu pedido, somos expertos en hormigueros antifugas.\",\"publisher\":{\"@id\":\"https:\\\/\\\/antderground.com\\\/ca\\\/#\\\/schema\\\/person\\\/0e322c505e84fe72c65e2f6d08f96b81\"},\"alternateName\":\"Antderground\",\"potentialAction\":[{\"@type\":\"SearchAction\",\"target\":{\"@type\":\"EntryPoint\",\"urlTemplate\":\"https:\\\/\\\/antderground.com\\\/ca\\\/?s={search_term_string}\"},\"query-input\":{\"@type\":\"PropertyValueSpecification\",\"valueRequired\":true,\"valueName\":\"search_term_string\"}}],\"inLanguage\":\"ca\"},{\"@type\":[\"Person\",\"Organization\"],\"@id\":\"https:\\\/\\\/antderground.com\\\/ca\\\/#\\\/schema\\\/person\\\/0e322c505e84fe72c65e2f6d08f96b81\",\"name\":\"Eric de Antderground\",\"image\":{\"@type\":\"ImageObject\",\"inLanguage\":\"ca\",\"@id\":\"https:\\\/\\\/secure.gravatar.com\\\/avatar\\\/c49a1b9f79216d1498cb73c1e85cd47f4465dda35f2a94c03790d491bd4423c3?s=96&d=mm&r=g\",\"url\":\"https:\\\/\\\/secure.gravatar.com\\\/avatar\\\/c49a1b9f79216d1498cb73c1e85cd47f4465dda35f2a94c03790d491bd4423c3?s=96&d=mm&r=g\",\"contentUrl\":\"https:\\\/\\\/secure.gravatar.com\\\/avatar\\\/c49a1b9f79216d1498cb73c1e85cd47f4465dda35f2a94c03790d491bd4423c3?s=96&d=mm&r=g\",\"caption\":\"Eric de Antderground\"},\"logo\":{\"@id\":\"https:\\\/\\\/secure.gravatar.com\\\/avatar\\\/c49a1b9f79216d1498cb73c1e85cd47f4465dda35f2a94c03790d491bd4423c3?s=96&d=mm&r=g\"},\"description\":\"Eric es el especialista y fundador de Antderground, con una amplia trayectoria en artr\u00f3podos y enfocado en la mirmecolog\u00eda y el dise\u00f1o de hormigueros artificiales. Su enfoque combina la innovaci\u00f3n t\u00e9cnica con el respeto por la biolog\u00eda de las hormigas, is\u00f3podos y otros, desarrollando sistemas de nidos modulares 3D y acr\u00edlicos que son referentes para aficionados y profesionales en toda Europa. Su objetivo es facilitar la cr\u00eda de hormigas y otros artr\u00f3podos mediante soluciones seguras y divulgaci\u00f3n de calidad.\",\"sameAs\":[\"https:\\\/\\\/antderground.com\\\/\",\"https:\\\/\\\/www.youtube.com\\\/channel\\\/UCio72z7TlbufkAthAJIJfPw\"]}]}<\/script>\n<!-- \/ Yoast SEO plugin. -->","yoast_head_json":{"title":"Myrmica rubra | formigues | Formicidae - ANTDERGROUND","description":"Descobreix la nova varietat de formiga Myrmica rubra. Descobreix el m\u00f3n de la mirmecologia amb les formigues reines i les seves formigues obreres.","robots":{"index":"index","follow":"follow","max-snippet":"max-snippet:-1","max-image-preview":"max-image-preview:large","max-video-preview":"max-video-preview:-1"},"canonical":"https:\/\/antderground.com\/ca\/producte\/myrmica-rubra\/","og_locale":"ca_ES","og_type":"article","og_title":"Myrmica rubra | formigues | Formicidae - ANTDERGROUND","og_description":"Descobreix la nova varietat de formiga Myrmica rubra. Descobreix el m\u00f3n de la mirmecologia amb les formigues reines i les seves formigues obreres.","og_url":"https:\/\/antderground.com\/ca\/producte\/myrmica-rubra\/","og_site_name":"ANTDERGROUND","article_modified_time":"2024-05-17T09:02:21+00:00","og_image":[{"width":1417,"height":1417,"url":"https:\/\/antderground.com\/wp-content\/uploads\/2024\/05\/Myrmica-rubra.jpg","type":"image\/jpeg"}],"twitter_card":"summary_large_image","twitter_misc":{"Temps estimat de lectura":"1 minut"},"schema":{"@context":"https:\/\/schema.org","@graph":[{"@type":"WebPage","@id":"https:\/\/antderground.com\/ca\/producte\/myrmica-rubra\/","url":"https:\/\/antderground.com\/ca\/producte\/myrmica-rubra\/","name":"Myrmica rubra | formigues | Formicidae - ANTDERGROUND","isPartOf":{"@id":"https:\/\/antderground.com\/ca\/#website"},"primaryImageOfPage":{"@id":"https:\/\/antderground.com\/ca\/producte\/myrmica-rubra\/#primaryimage"},"image":{"@id":"https:\/\/antderground.com\/ca\/producte\/myrmica-rubra\/#primaryimage"},"thumbnailUrl":"https:\/\/antderground.com\/wp-content\/uploads\/2024\/05\/Myrmica-rubra.jpg","datePublished":"2024-05-15T13:55:03+00:00","dateModified":"2024-05-17T09:02:21+00:00","description":"Descobreix la nova varietat de formiga Myrmica rubra. Descobreix el m\u00f3n de la mirmecologia amb les formigues reines i les seves formigues obreres.","breadcrumb":{"@id":"https:\/\/antderground.com\/ca\/producte\/myrmica-rubra\/#breadcrumb"},"inLanguage":"ca","potentialAction":[{"@type":"ReadAction","target":["https:\/\/antderground.com\/ca\/producte\/myrmica-rubra\/"]}]},{"@type":"ImageObject","inLanguage":"ca","@id":"https:\/\/antderground.com\/ca\/producte\/myrmica-rubra\/#primaryimage","url":"https:\/\/antderground.com\/wp-content\/uploads\/2024\/05\/Myrmica-rubra.jpg","contentUrl":"https:\/\/antderground.com\/wp-content\/uploads\/2024\/05\/Myrmica-rubra.jpg","width":1417,"height":1417,"caption":"Myrmica rubra"},{"@type":"BreadcrumbList","@id":"https:\/\/antderground.com\/ca\/producte\/myrmica-rubra\/#breadcrumb","itemListElement":[{"@type":"ListItem","position":1,"name":"Portada","item":"https:\/\/antderground.com\/ca\/"},{"@type":"ListItem","position":2,"name":"Productes","item":"https:\/\/antderground.com\/ca\/productes\/"},{"@type":"ListItem","position":3,"name":"Myrmica rubra"}]},{"@type":"WebSite","@id":"https:\/\/antderground.com\/ca\/#website","url":"https:\/\/antderground.com\/ca\/","name":"ANTDERGROUND","description":"Tu tienda de hormigas, gran variedad de hormigueros acr\u00edlicos,madera,arena,3D y mas.. Pide tus hormigas gratis con tu pedido, somos expertos en hormigueros antifugas.","publisher":{"@id":"https:\/\/antderground.com\/ca\/#\/schema\/person\/0e322c505e84fe72c65e2f6d08f96b81"},"alternateName":"Antderground","potentialAction":[{"@type":"SearchAction","target":{"@type":"EntryPoint","urlTemplate":"https:\/\/antderground.com\/ca\/?s={search_term_string}"},"query-input":{"@type":"PropertyValueSpecification","valueRequired":true,"valueName":"search_term_string"}}],"inLanguage":"ca"},{"@type":["Person","Organization"],"@id":"https:\/\/antderground.com\/ca\/#\/schema\/person\/0e322c505e84fe72c65e2f6d08f96b81","name":"Eric de Antderground","image":{"@type":"ImageObject","inLanguage":"ca","@id":"https:\/\/secure.gravatar.com\/avatar\/c49a1b9f79216d1498cb73c1e85cd47f4465dda35f2a94c03790d491bd4423c3?s=96&d=mm&r=g","url":"https:\/\/secure.gravatar.com\/avatar\/c49a1b9f79216d1498cb73c1e85cd47f4465dda35f2a94c03790d491bd4423c3?s=96&d=mm&r=g","contentUrl":"https:\/\/secure.gravatar.com\/avatar\/c49a1b9f79216d1498cb73c1e85cd47f4465dda35f2a94c03790d491bd4423c3?s=96&d=mm&r=g","caption":"Eric de Antderground"},"logo":{"@id":"https:\/\/secure.gravatar.com\/avatar\/c49a1b9f79216d1498cb73c1e85cd47f4465dda35f2a94c03790d491bd4423c3?s=96&d=mm&r=g"},"description":"Eric es el especialista y fundador de Antderground, con una amplia trayectoria en artr\u00f3podos y enfocado en la mirmecolog\u00eda y el dise\u00f1o de hormigueros artificiales. Su enfoque combina la innovaci\u00f3n t\u00e9cnica con el respeto por la biolog\u00eda de las hormigas, is\u00f3podos y otros, desarrollando sistemas de nidos modulares 3D y acr\u00edlicos que son referentes para aficionados y profesionales en toda Europa. Su objetivo es facilitar la cr\u00eda de hormigas y otros artr\u00f3podos mediante soluciones seguras y divulgaci\u00f3n de calidad.","sameAs":["https:\/\/antderground.com\/","https:\/\/www.youtube.com\/channel\/UCio72z7TlbufkAthAJIJfPw"]}]}},"_links":{"self":[{"href":"https:\/\/antderground.com\/ca\/wp-json\/wp\/v2\/product\/34259","targetHints":{"allow":["GET"]}}],"collection":[{"href":"https:\/\/antderground.com\/ca\/wp-json\/wp\/v2\/product"}],"about":[{"href":"https:\/\/antderground.com\/ca\/wp-json\/wp\/v2\/types\/product"}],"version-history":[{"count":0,"href":"https:\/\/antderground.com\/ca\/wp-json\/wp\/v2\/product\/34259\/revisions"}],"wp:featuredmedia":[{"embeddable":true,"href":"https:\/\/antderground.com\/ca\/wp-json\/wp\/v2\/media\/34244"}],"wp:attachment":[{"href":"https:\/\/antderground.com\/ca\/wp-json\/wp\/v2\/media?parent=34259"}],"wp:term":[{"taxonomy":"product_brand","embeddable":true,"href":"https:\/\/antderground.com\/ca\/wp-json\/wp\/v2\/product_brand?post=34259"},{"taxonomy":"product_cat","embeddable":true,"href":"https:\/\/antderground.com\/ca\/wp-json\/wp\/v2\/product_cat?post=34259"},{"taxonomy":"product_tag","embeddable":true,"href":"https:\/\/antderground.com\/ca\/wp-json\/wp\/v2\/product_tag?post=34259"}],"curies":[{"name":"wp","href":"https:\/\/api.w.org\/{rel}","templated":true}]}}