{"id":35780,"date":"2024-08-12T00:42:03","date_gmt":"2024-08-11T22:42:03","guid":{"rendered":"https:\/\/www.antderground.com\/producto\/ouera-de-cartro\/"},"modified":"2024-11-20T18:40:38","modified_gmt":"2024-11-20T17:40:38","slug":"ouera-de-cartro","status":"publish","type":"product","link":"https:\/\/antderground.com\/ca\/producte\/ouera-de-cartro\/","title":{"rendered":"Ouera de cartr\u00f3"},"content":{"rendered":"<h3>Avantatges de les oueres de cartr\u00f3 per al cultiu d&#8217;aliment viu (insectes)<\/h3>\n<p><strong>Espai ideal per al refugi:<\/strong><br \/>\nLes oueres de cartr\u00f3 de 30&#215;30 cm ofereixen un espai \u00f2ptim perqu\u00e8 els insectes, com les paneroles Blaptica, els cucs tenebrio, i els grills, s&#8217;amaguin i es sentin segurs, replicant el seu entorn natural.<\/p>\n<p><strong>Ventilaci\u00f3 i circulaci\u00f3 d&#8217;aire:<\/strong><br \/>\nEl cartr\u00f3 permet una adequada circulaci\u00f3 de l&#8217;aire, cosa que \u00e9s crucial per evitar l&#8217;acumulaci\u00f3 d&#8217;humitat i mantenir un ambient saludable per als insectes.<\/p>\n<p><strong>Material biodegradable i ecol\u00f2gic:<\/strong><br \/>\nFetes de cartr\u00f3, aquestes oueres s\u00f3n ecol\u00f2giques i biodegradables, promovent pr\u00e0ctiques sostenibles en el cultiu d&#8217;aliment viu.<\/p>\n<p><strong>Facilitat de neteja i gesti\u00f3:<\/strong><br \/>\nLes oueres s\u00f3n lleugeres i f\u00e0cils de gestionar, facilitant la neteja i la reubicaci\u00f3 dels insectes durant la seva cria o transport.<\/p>\n","protected":false},"excerpt":{"rendered":"<p>Les oueres de cartr\u00f3 de 30&#215;30 cm s\u00f3n ideals per al cultiu d&#8217;insectes com paneroles i grills, oferint refugi, bona ventilaci\u00f3 i un entorn saludable. A m\u00e9s, s\u00f3n ecol\u00f2giques, biodegradables i f\u00e0cils de manejar, promovent pr\u00e0ctiques sostenibles.<\/p>\n<p><strong>Grand\u00e0ria:<\/strong> 30&#215;30 (cm).<br \/>\n<strong>Material:<\/strong> Cartr\u00f3.<\/p>\n","protected":false},"featured_media":35766,"template":"","meta":[],"product_brand":[],"product_cat":[157,163],"product_tag":[],"class_list":{"0":"post-35780","1":"product","2":"type-product","3":"status-publish","4":"has-post-thumbnail","6":"product_cat-accessoris","7":"product_cat-decoracio","9":"first","10":"instock","11":"shipping-taxable","12":"purchasable","13":"product-type-variable"},"yoast_head":"<!-- This site is optimized with the Yoast SEO plugin v27.4 - https:\/\/yoast.com\/product\/yoast-seo-wordpress\/ -->\n<title>Ouera de cartr\u00f3 30x30 cm | Ideal per insectes - ANTDERGROUND<\/title>\n<meta name=\"description\" content=\"Descobreix l&#039;ouera de cartr\u00f3 de 30x30 cm ideal per tenir amagatalls per al cultiu d&#039;insectes com les paneroles Blaptica o cucs tenebrio\" \/>\n<meta name=\"robots\" content=\"index, follow, max-snippet:-1, max-image-preview:large, max-video-preview:-1\" \/>\n<link rel=\"canonical\" href=\"https:\/\/antderground.com\/ca\/producte\/ouera-de-cartro\/\" \/>\n<meta property=\"og:locale\" content=\"ca_ES\" \/>\n<meta property=\"og:type\" content=\"article\" \/>\n<meta property=\"og:title\" content=\"Ouera de cartr\u00f3 30x30 cm | Ideal per insectes - ANTDERGROUND\" \/>\n<meta property=\"og:description\" content=\"Descobreix l&#039;ouera de cartr\u00f3 de 30x30 cm ideal per tenir amagatalls per al cultiu d&#039;insectes com les paneroles Blaptica o cucs tenebrio\" \/>\n<meta property=\"og:url\" content=\"https:\/\/antderground.com\/ca\/producte\/ouera-de-cartro\/\" \/>\n<meta property=\"og:site_name\" content=\"ANTDERGROUND\" \/>\n<meta property=\"article:modified_time\" content=\"2024-11-20T17:40:38+00:00\" \/>\n<meta property=\"og:image\" content=\"https:\/\/antderground.com\/wp-content\/uploads\/2024\/08\/huevera-de-carton.jpg\" \/>\n\t<meta property=\"og:image:width\" content=\"1417\" \/>\n\t<meta property=\"og:image:height\" content=\"1417\" \/>\n\t<meta property=\"og:image:type\" content=\"image\/jpeg\" \/>\n<meta name=\"twitter:card\" content=\"summary_large_image\" \/>\n<meta name=\"twitter:label1\" content=\"Temps estimat de lectura\" \/>\n\t<meta name=\"twitter:data1\" content=\"1 minut\" \/>\n<script type=\"application\/ld+json\" class=\"yoast-schema-graph\">{\"@context\":\"https:\\\/\\\/schema.org\",\"@graph\":[{\"@type\":\"WebPage\",\"@id\":\"https:\\\/\\\/antderground.com\\\/ca\\\/producte\\\/ouera-de-cartro\\\/\",\"url\":\"https:\\\/\\\/antderground.com\\\/ca\\\/producte\\\/ouera-de-cartro\\\/\",\"name\":\"Ouera de cartr\u00f3 30x30 cm | Ideal per insectes - ANTDERGROUND\",\"isPartOf\":{\"@id\":\"https:\\\/\\\/antderground.com\\\/ca\\\/#website\"},\"primaryImageOfPage\":{\"@id\":\"https:\\\/\\\/antderground.com\\\/ca\\\/producte\\\/ouera-de-cartro\\\/#primaryimage\"},\"image\":{\"@id\":\"https:\\\/\\\/antderground.com\\\/ca\\\/producte\\\/ouera-de-cartro\\\/#primaryimage\"},\"thumbnailUrl\":\"https:\\\/\\\/antderground.com\\\/wp-content\\\/uploads\\\/2024\\\/08\\\/huevera-de-carton.jpg\",\"datePublished\":\"2024-08-11T22:42:03+00:00\",\"dateModified\":\"2024-11-20T17:40:38+00:00\",\"description\":\"Descobreix l'ouera de cartr\u00f3 de 30x30 cm ideal per tenir amagatalls per al cultiu d'insectes com les paneroles Blaptica o cucs tenebrio\",\"breadcrumb\":{\"@id\":\"https:\\\/\\\/antderground.com\\\/ca\\\/producte\\\/ouera-de-cartro\\\/#breadcrumb\"},\"inLanguage\":\"ca\",\"potentialAction\":[{\"@type\":\"ReadAction\",\"target\":[\"https:\\\/\\\/antderground.com\\\/ca\\\/producte\\\/ouera-de-cartro\\\/\"]}]},{\"@type\":\"ImageObject\",\"inLanguage\":\"ca\",\"@id\":\"https:\\\/\\\/antderground.com\\\/ca\\\/producte\\\/ouera-de-cartro\\\/#primaryimage\",\"url\":\"https:\\\/\\\/antderground.com\\\/wp-content\\\/uploads\\\/2024\\\/08\\\/huevera-de-carton.jpg\",\"contentUrl\":\"https:\\\/\\\/antderground.com\\\/wp-content\\\/uploads\\\/2024\\\/08\\\/huevera-de-carton.jpg\",\"width\":1417,\"height\":1417,\"caption\":\"oueres de cartr\u00f3 de 30x30\"},{\"@type\":\"BreadcrumbList\",\"@id\":\"https:\\\/\\\/antderground.com\\\/ca\\\/producte\\\/ouera-de-cartro\\\/#breadcrumb\",\"itemListElement\":[{\"@type\":\"ListItem\",\"position\":1,\"name\":\"Portada\",\"item\":\"https:\\\/\\\/antderground.com\\\/ca\\\/\"},{\"@type\":\"ListItem\",\"position\":2,\"name\":\"Productes\",\"item\":\"https:\\\/\\\/antderground.com\\\/ca\\\/productes\\\/\"},{\"@type\":\"ListItem\",\"position\":3,\"name\":\"Ouera de cartr\u00f3\"}]},{\"@type\":\"WebSite\",\"@id\":\"https:\\\/\\\/antderground.com\\\/ca\\\/#website\",\"url\":\"https:\\\/\\\/antderground.com\\\/ca\\\/\",\"name\":\"ANTDERGROUND\",\"description\":\"Tu tienda de hormigas, gran variedad de hormigueros acr\u00edlicos,madera,arena,3D y mas.. Pide tus hormigas gratis con tu pedido, somos expertos en hormigueros antifugas.\",\"publisher\":{\"@id\":\"https:\\\/\\\/antderground.com\\\/ca\\\/#\\\/schema\\\/person\\\/0e322c505e84fe72c65e2f6d08f96b81\"},\"alternateName\":\"Antderground\",\"potentialAction\":[{\"@type\":\"SearchAction\",\"target\":{\"@type\":\"EntryPoint\",\"urlTemplate\":\"https:\\\/\\\/antderground.com\\\/ca\\\/?s={search_term_string}\"},\"query-input\":{\"@type\":\"PropertyValueSpecification\",\"valueRequired\":true,\"valueName\":\"search_term_string\"}}],\"inLanguage\":\"ca\"},{\"@type\":[\"Person\",\"Organization\"],\"@id\":\"https:\\\/\\\/antderground.com\\\/ca\\\/#\\\/schema\\\/person\\\/0e322c505e84fe72c65e2f6d08f96b81\",\"name\":\"Eric de Antderground\",\"image\":{\"@type\":\"ImageObject\",\"inLanguage\":\"ca\",\"@id\":\"https:\\\/\\\/secure.gravatar.com\\\/avatar\\\/c49a1b9f79216d1498cb73c1e85cd47f4465dda35f2a94c03790d491bd4423c3?s=96&d=mm&r=g\",\"url\":\"https:\\\/\\\/secure.gravatar.com\\\/avatar\\\/c49a1b9f79216d1498cb73c1e85cd47f4465dda35f2a94c03790d491bd4423c3?s=96&d=mm&r=g\",\"contentUrl\":\"https:\\\/\\\/secure.gravatar.com\\\/avatar\\\/c49a1b9f79216d1498cb73c1e85cd47f4465dda35f2a94c03790d491bd4423c3?s=96&d=mm&r=g\",\"caption\":\"Eric de Antderground\"},\"logo\":{\"@id\":\"https:\\\/\\\/secure.gravatar.com\\\/avatar\\\/c49a1b9f79216d1498cb73c1e85cd47f4465dda35f2a94c03790d491bd4423c3?s=96&d=mm&r=g\"},\"description\":\"Eric es el especialista y fundador de Antderground, con una amplia trayectoria en artr\u00f3podos y enfocado en la mirmecolog\u00eda y el dise\u00f1o de hormigueros artificiales. Su enfoque combina la innovaci\u00f3n t\u00e9cnica con el respeto por la biolog\u00eda de las hormigas, is\u00f3podos y otros, desarrollando sistemas de nidos modulares 3D y acr\u00edlicos que son referentes para aficionados y profesionales en toda Europa. Su objetivo es facilitar la cr\u00eda de hormigas y otros artr\u00f3podos mediante soluciones seguras y divulgaci\u00f3n de calidad.\",\"sameAs\":[\"https:\\\/\\\/antderground.com\\\/\",\"https:\\\/\\\/www.youtube.com\\\/channel\\\/UCio72z7TlbufkAthAJIJfPw\"]}]}<\/script>\n<!-- \/ Yoast SEO plugin. -->","yoast_head_json":{"title":"Ouera de cartr\u00f3 30x30 cm | Ideal per insectes - ANTDERGROUND","description":"Descobreix l'ouera de cartr\u00f3 de 30x30 cm ideal per tenir amagatalls per al cultiu d'insectes com les paneroles Blaptica o cucs tenebrio","robots":{"index":"index","follow":"follow","max-snippet":"max-snippet:-1","max-image-preview":"max-image-preview:large","max-video-preview":"max-video-preview:-1"},"canonical":"https:\/\/antderground.com\/ca\/producte\/ouera-de-cartro\/","og_locale":"ca_ES","og_type":"article","og_title":"Ouera de cartr\u00f3 30x30 cm | Ideal per insectes - ANTDERGROUND","og_description":"Descobreix l'ouera de cartr\u00f3 de 30x30 cm ideal per tenir amagatalls per al cultiu d'insectes com les paneroles Blaptica o cucs tenebrio","og_url":"https:\/\/antderground.com\/ca\/producte\/ouera-de-cartro\/","og_site_name":"ANTDERGROUND","article_modified_time":"2024-11-20T17:40:38+00:00","og_image":[{"width":1417,"height":1417,"url":"https:\/\/antderground.com\/wp-content\/uploads\/2024\/08\/huevera-de-carton.jpg","type":"image\/jpeg"}],"twitter_card":"summary_large_image","twitter_misc":{"Temps estimat de lectura":"1 minut"},"schema":{"@context":"https:\/\/schema.org","@graph":[{"@type":"WebPage","@id":"https:\/\/antderground.com\/ca\/producte\/ouera-de-cartro\/","url":"https:\/\/antderground.com\/ca\/producte\/ouera-de-cartro\/","name":"Ouera de cartr\u00f3 30x30 cm | Ideal per insectes - ANTDERGROUND","isPartOf":{"@id":"https:\/\/antderground.com\/ca\/#website"},"primaryImageOfPage":{"@id":"https:\/\/antderground.com\/ca\/producte\/ouera-de-cartro\/#primaryimage"},"image":{"@id":"https:\/\/antderground.com\/ca\/producte\/ouera-de-cartro\/#primaryimage"},"thumbnailUrl":"https:\/\/antderground.com\/wp-content\/uploads\/2024\/08\/huevera-de-carton.jpg","datePublished":"2024-08-11T22:42:03+00:00","dateModified":"2024-11-20T17:40:38+00:00","description":"Descobreix l'ouera de cartr\u00f3 de 30x30 cm ideal per tenir amagatalls per al cultiu d'insectes com les paneroles Blaptica o cucs tenebrio","breadcrumb":{"@id":"https:\/\/antderground.com\/ca\/producte\/ouera-de-cartro\/#breadcrumb"},"inLanguage":"ca","potentialAction":[{"@type":"ReadAction","target":["https:\/\/antderground.com\/ca\/producte\/ouera-de-cartro\/"]}]},{"@type":"ImageObject","inLanguage":"ca","@id":"https:\/\/antderground.com\/ca\/producte\/ouera-de-cartro\/#primaryimage","url":"https:\/\/antderground.com\/wp-content\/uploads\/2024\/08\/huevera-de-carton.jpg","contentUrl":"https:\/\/antderground.com\/wp-content\/uploads\/2024\/08\/huevera-de-carton.jpg","width":1417,"height":1417,"caption":"oueres de cartr\u00f3 de 30x30"},{"@type":"BreadcrumbList","@id":"https:\/\/antderground.com\/ca\/producte\/ouera-de-cartro\/#breadcrumb","itemListElement":[{"@type":"ListItem","position":1,"name":"Portada","item":"https:\/\/antderground.com\/ca\/"},{"@type":"ListItem","position":2,"name":"Productes","item":"https:\/\/antderground.com\/ca\/productes\/"},{"@type":"ListItem","position":3,"name":"Ouera de cartr\u00f3"}]},{"@type":"WebSite","@id":"https:\/\/antderground.com\/ca\/#website","url":"https:\/\/antderground.com\/ca\/","name":"ANTDERGROUND","description":"Tu tienda de hormigas, gran variedad de hormigueros acr\u00edlicos,madera,arena,3D y mas.. Pide tus hormigas gratis con tu pedido, somos expertos en hormigueros antifugas.","publisher":{"@id":"https:\/\/antderground.com\/ca\/#\/schema\/person\/0e322c505e84fe72c65e2f6d08f96b81"},"alternateName":"Antderground","potentialAction":[{"@type":"SearchAction","target":{"@type":"EntryPoint","urlTemplate":"https:\/\/antderground.com\/ca\/?s={search_term_string}"},"query-input":{"@type":"PropertyValueSpecification","valueRequired":true,"valueName":"search_term_string"}}],"inLanguage":"ca"},{"@type":["Person","Organization"],"@id":"https:\/\/antderground.com\/ca\/#\/schema\/person\/0e322c505e84fe72c65e2f6d08f96b81","name":"Eric de Antderground","image":{"@type":"ImageObject","inLanguage":"ca","@id":"https:\/\/secure.gravatar.com\/avatar\/c49a1b9f79216d1498cb73c1e85cd47f4465dda35f2a94c03790d491bd4423c3?s=96&d=mm&r=g","url":"https:\/\/secure.gravatar.com\/avatar\/c49a1b9f79216d1498cb73c1e85cd47f4465dda35f2a94c03790d491bd4423c3?s=96&d=mm&r=g","contentUrl":"https:\/\/secure.gravatar.com\/avatar\/c49a1b9f79216d1498cb73c1e85cd47f4465dda35f2a94c03790d491bd4423c3?s=96&d=mm&r=g","caption":"Eric de Antderground"},"logo":{"@id":"https:\/\/secure.gravatar.com\/avatar\/c49a1b9f79216d1498cb73c1e85cd47f4465dda35f2a94c03790d491bd4423c3?s=96&d=mm&r=g"},"description":"Eric es el especialista y fundador de Antderground, con una amplia trayectoria en artr\u00f3podos y enfocado en la mirmecolog\u00eda y el dise\u00f1o de hormigueros artificiales. Su enfoque combina la innovaci\u00f3n t\u00e9cnica con el respeto por la biolog\u00eda de las hormigas, is\u00f3podos y otros, desarrollando sistemas de nidos modulares 3D y acr\u00edlicos que son referentes para aficionados y profesionales en toda Europa. Su objetivo es facilitar la cr\u00eda de hormigas y otros artr\u00f3podos mediante soluciones seguras y divulgaci\u00f3n de calidad.","sameAs":["https:\/\/antderground.com\/","https:\/\/www.youtube.com\/channel\/UCio72z7TlbufkAthAJIJfPw"]}]}},"_links":{"self":[{"href":"https:\/\/antderground.com\/ca\/wp-json\/wp\/v2\/product\/35780","targetHints":{"allow":["GET"]}}],"collection":[{"href":"https:\/\/antderground.com\/ca\/wp-json\/wp\/v2\/product"}],"about":[{"href":"https:\/\/antderground.com\/ca\/wp-json\/wp\/v2\/types\/product"}],"version-history":[{"count":0,"href":"https:\/\/antderground.com\/ca\/wp-json\/wp\/v2\/product\/35780\/revisions"}],"wp:featuredmedia":[{"embeddable":true,"href":"https:\/\/antderground.com\/ca\/wp-json\/wp\/v2\/media\/35766"}],"wp:attachment":[{"href":"https:\/\/antderground.com\/ca\/wp-json\/wp\/v2\/media?parent=35780"}],"wp:term":[{"taxonomy":"product_brand","embeddable":true,"href":"https:\/\/antderground.com\/ca\/wp-json\/wp\/v2\/product_brand?post=35780"},{"taxonomy":"product_cat","embeddable":true,"href":"https:\/\/antderground.com\/ca\/wp-json\/wp\/v2\/product_cat?post=35780"},{"taxonomy":"product_tag","embeddable":true,"href":"https:\/\/antderground.com\/ca\/wp-json\/wp\/v2\/product_tag?post=35780"}],"curies":[{"name":"wp","href":"https:\/\/api.w.org\/{rel}","templated":true}]}}