{"id":36990,"date":"2024-09-28T22:04:36","date_gmt":"2024-09-28T20:04:36","guid":{"rendered":"https:\/\/www.antderground.com\/producto\/paludari-terrari-de-vidre-exo-terra-diferents-mides\/"},"modified":"2024-09-28T22:04:36","modified_gmt":"2024-09-28T20:04:36","slug":"paludari-terrari-de-vidre-exo-terra-diferents-mides","status":"publish","type":"product","link":"https:\/\/antderground.com\/ca\/producte\/paludari-terrari-de-vidre-exo-terra-diferents-mides\/","title":{"rendered":"Paludari terrari de vidre Exo Terra (diferents mides)"},"content":{"rendered":"<h2><strong>Paludari Exo Terra: H\u00e0bitat Semiacu\u00e0tic Complet<\/strong><\/h2>\n<p>El Paludari Exo Terra combina aquari i terrari, recreant un ambient tropical, pantan\u00f3s o de riera. El seu disseny de vidre frontal alt permet un nivell d\u2019aigua superior, oferint espai per a esp\u00e8cies aqu\u00e0tiques i terrestres. \u00c9s ideal per a la reproducci\u00f3, desenvolupament i salut de diverses esp\u00e8cies animals i vegetals.<\/p>\n<h4>Caracter\u00edstiques principals:<\/h4>\n<ul>\n<li>Combinaci\u00f3 d\u2019Aqua-Terrari completament de vidre<\/li>\n<li>Fons impermeable extra profund<\/li>\n<li>Ideal per a esp\u00e8cies que viuen en rieres<\/li>\n<li>Crea un h\u00e0bitat de bosc pluj\u00f3s, pant\u00e0 o riu<\/li>\n<li>Perfecte per a instal\u00b7lar un sistema de filtraci\u00f3 biol\u00f2gica<\/li>\n<li>Amb un fons decoratiu d\u2019arrels<\/li>\n<li>Portes frontals dobles per a un acc\u00e9s sense fugues<\/li>\n<li>Ventilaci\u00f3 \u00fanica a la finestra frontal<\/li>\n<li>Entrades per a cables i\/o tubs que es poden tancar<\/li>\n<li>Panell frontal inferior dels paludaris d\u2019uns 27 cm d\u2019altura aproximadament<\/li>\n<\/ul>\n<h3>L\u2019\u00e0rea habitable del paludari es divideix en tres zones principals:<\/h3>\n<p><strong>Zona terrestre<\/strong><br \/>\nLa zona terrestre \u00e9s una \u00e0rea seca que compta amb plantes, arbustos, arbres i roques, i sempre es mant\u00e9 fora de l\u2019aigua. A les regions tropicals, \u00e9s la llar de diversos invertebrats, r\u00e8ptils i amfibis.<\/p>\n<p><strong>Zona ribere\u00f1a<\/strong><br \/>\nLa zona ribere\u00f1a o marge de riu \u00e9s el punt de trobada entre l\u2019aigua i la terra. En aquesta zona habiten r\u00e8ptils semi-aqu\u00e0tics i amfibis.<\/p>\n<p><strong>Zona aqu\u00e0tica<\/strong><br \/>\nLa zona aqu\u00e0tica pot representar una riera, estany o llac, i \u00e9s la zona ideal per a tortugues, amfibis aqu\u00e0tics, peixos i gambes d\u2019aigua dol\u00e7a. Gr\u00e0cies al <em>panell frontal inferior, que fa uns 27 cm d\u2019altura<\/em>, es pot mantenir un volum m\u00e9s gran d\u2019aigua en aquesta secci\u00f3.<\/p>\n<table border=\"3\">\n<tbody>\n<tr>\n<td style=\"text-align: center;\"><strong>Model<\/strong><\/td>\n<td style=\"text-align: center;\"><strong>Mini X-Tall<\/strong><\/td>\n<td style=\"text-align: center;\"><strong>Petit X-Tall<\/strong><\/td>\n<td style=\"text-align: center;\"><strong>Mitj\u00e0 X-Tall<\/strong><\/td>\n<td style=\"text-align: center;\"><strong>Gran X-Tall<\/strong><\/td>\n<\/tr>\n<tr>\n<td style=\"text-align: center;\">Volum aproximat de la zona aqu\u00e0tica<\/td>\n<td style=\"text-align: center;\">24 litres<\/td>\n<td style=\"text-align: center;\">54 litres<\/td>\n<td style=\"text-align: center;\">72 litres<\/td>\n<td style=\"text-align: center;\">109 litres<\/td>\n<\/tr>\n<\/tbody>\n<\/table>\n<p><strong>Fons decoratiu amb arrels<\/strong><br \/>\nEl fons decoratiu amb disseny d\u2019arrels ofereix als habitants del paludari m\u00e9s opcions per enfilar-se i recrea l\u2019entorn natural de les arrels d\u2019un arbre de figuera de Bengala. Aquest espai tridimensional ampliat crea un h\u00e0bitat ideal per a diverses esp\u00e8cies arbor\u00edcoles, com boes i pitons arbor\u00edcoles, geckos di\u00fcrns, geckos de cua de fulla, geckos tokay, granotes arbor\u00edcoles, entre altres.<\/p>\n<h2>Especificacions t\u00e8cniques i mides<\/h2>\n<table border=\"3\">\n<tbody>\n<tr>\n<td><strong>Descripci\u00f3<\/strong><\/td>\n<td><strong>Dimensions<br \/>\n(AmxFxAl)\u00a0<\/strong><\/td>\n<td><strong>Volum de zona<\/strong><br \/>\n<strong>aqu\u00e0tica (aprox.)<\/strong><\/td>\n<\/tr>\n<tr>\n<td>\u00a0Mini X-Tall<\/td>\n<td>\u00a030 x 30 x 60 cm<\/td>\n<td>\u00a024 litres<\/td>\n<\/tr>\n<tr>\n<td>\u00a0Petit X-Tall<\/td>\n<td>\u00a045 x 45 x 90 cm<\/td>\n<td>\u00a054 litres<\/td>\n<\/tr>\n<tr>\n<td>\u00a0Mitj\u00e0 X-Tall<\/td>\n<td>\u00a060 x 45 x 60 cm<\/td>\n<td>72 litres<\/td>\n<\/tr>\n<tr>\n<td>\u00a0Gran X-Tall<\/td>\n<td>\u00a090 x 45 x 90 cm<\/td>\n<td>\u00a0109 litres<\/td>\n<\/tr>\n<\/tbody>\n<\/table>\n","protected":false},"excerpt":{"rendered":"<p>El paludari d&#8217;Exo Terra ofereix el millor dels dos entorns, amb un vidre frontal extra alt a la seva part inferior que permet un nivell d&#8217;aigua superior al dels terraris tradicionals. Aix\u00f2 facilita la incorporaci\u00f3 d&#8217;una secci\u00f3 aqu\u00e0tica considerable, on \u00e9s possible mantenir tant animals aqu\u00e0tics com plantes, complementant perfectament la zona terrestre o de terrari.<\/p>\n<p><strong>**Aquest producte s&#8217;envia directament des de f\u00e0brica, amb un termini estimat de lliurament entre 3 i 7 dies h\u00e0bils.<\/strong><\/p>\n","protected":false},"featured_media":36780,"template":"","meta":[],"product_brand":[],"product_cat":[428],"product_tag":[],"class_list":{"0":"post-36990","1":"product","2":"type-product","3":"status-publish","4":"has-post-thumbnail","6":"product_cat-terraris","8":"first","9":"instock","10":"shipping-taxable","11":"purchasable","12":"product-type-variable"},"yoast_head":"<!-- This site is optimized with the Yoast SEO plugin v27.3 - https:\/\/yoast.com\/product\/yoast-seo-wordpress\/ -->\n<title>Paludari terrari de vidre Exo Terra (diferents mides) - ANTDERGROUND<\/title>\n<meta name=\"description\" content=\"Descobreix el Paludario Exo Terra, un h\u00e0bitat semiaqu\u00e0tic que combina aquari i terrari, ideal per a esp\u00e8cies aqu\u00e0tiques i terrestres.\" \/>\n<meta name=\"robots\" content=\"index, follow, max-snippet:-1, max-image-preview:large, max-video-preview:-1\" \/>\n<link rel=\"canonical\" href=\"https:\/\/antderground.com\/ca\/producte\/paludari-terrari-de-vidre-exo-terra-diferents-mides\/\" \/>\n<meta property=\"og:locale\" content=\"ca_ES\" \/>\n<meta property=\"og:type\" content=\"article\" \/>\n<meta property=\"og:title\" content=\"Paludari terrari de vidre Exo Terra (diferents mides) - ANTDERGROUND\" \/>\n<meta property=\"og:description\" content=\"Descobreix el Paludario Exo Terra, un h\u00e0bitat semiaqu\u00e0tic que combina aquari i terrari, ideal per a esp\u00e8cies aqu\u00e0tiques i terrestres.\" \/>\n<meta property=\"og:url\" content=\"https:\/\/antderground.com\/ca\/producte\/paludari-terrari-de-vidre-exo-terra-diferents-mides\/\" \/>\n<meta property=\"og:site_name\" content=\"ANTDERGROUND\" \/>\n<meta property=\"og:image\" content=\"https:\/\/antderground.com\/wp-content\/uploads\/2024\/09\/paludarium-terrario-de-cristal-exo-terra-pequeno.jpg\" \/>\n\t<meta property=\"og:image:width\" content=\"800\" \/>\n\t<meta property=\"og:image:height\" content=\"800\" \/>\n\t<meta property=\"og:image:type\" content=\"image\/jpeg\" \/>\n<meta name=\"twitter:card\" content=\"summary_large_image\" \/>\n<meta name=\"twitter:label1\" content=\"Temps estimat de lectura\" \/>\n\t<meta name=\"twitter:data1\" content=\"2 minuts\" \/>\n<script type=\"application\/ld+json\" class=\"yoast-schema-graph\">{\"@context\":\"https:\\\/\\\/schema.org\",\"@graph\":[{\"@type\":\"WebPage\",\"@id\":\"https:\\\/\\\/antderground.com\\\/ca\\\/producte\\\/paludari-terrari-de-vidre-exo-terra-diferents-mides\\\/\",\"url\":\"https:\\\/\\\/antderground.com\\\/ca\\\/producte\\\/paludari-terrari-de-vidre-exo-terra-diferents-mides\\\/\",\"name\":\"Paludari terrari de vidre Exo Terra (diferents mides) - ANTDERGROUND\",\"isPartOf\":{\"@id\":\"https:\\\/\\\/antderground.com\\\/ca\\\/#website\"},\"primaryImageOfPage\":{\"@id\":\"https:\\\/\\\/antderground.com\\\/ca\\\/producte\\\/paludari-terrari-de-vidre-exo-terra-diferents-mides\\\/#primaryimage\"},\"image\":{\"@id\":\"https:\\\/\\\/antderground.com\\\/ca\\\/producte\\\/paludari-terrari-de-vidre-exo-terra-diferents-mides\\\/#primaryimage\"},\"thumbnailUrl\":\"https:\\\/\\\/antderground.com\\\/wp-content\\\/uploads\\\/2024\\\/09\\\/paludarium-terrario-de-cristal-exo-terra-pequeno.jpg\",\"datePublished\":\"2024-09-28T20:04:36+00:00\",\"description\":\"Descobreix el Paludario Exo Terra, un h\u00e0bitat semiaqu\u00e0tic que combina aquari i terrari, ideal per a esp\u00e8cies aqu\u00e0tiques i terrestres.\",\"breadcrumb\":{\"@id\":\"https:\\\/\\\/antderground.com\\\/ca\\\/producte\\\/paludari-terrari-de-vidre-exo-terra-diferents-mides\\\/#breadcrumb\"},\"inLanguage\":\"ca\",\"potentialAction\":[{\"@type\":\"ReadAction\",\"target\":[\"https:\\\/\\\/antderground.com\\\/ca\\\/producte\\\/paludari-terrari-de-vidre-exo-terra-diferents-mides\\\/\"]}]},{\"@type\":\"ImageObject\",\"inLanguage\":\"ca\",\"@id\":\"https:\\\/\\\/antderground.com\\\/ca\\\/producte\\\/paludari-terrari-de-vidre-exo-terra-diferents-mides\\\/#primaryimage\",\"url\":\"https:\\\/\\\/antderground.com\\\/wp-content\\\/uploads\\\/2024\\\/09\\\/paludarium-terrario-de-cristal-exo-terra-pequeno.jpg\",\"contentUrl\":\"https:\\\/\\\/antderground.com\\\/wp-content\\\/uploads\\\/2024\\\/09\\\/paludarium-terrario-de-cristal-exo-terra-pequeno.jpg\",\"width\":800,\"height\":800},{\"@type\":\"BreadcrumbList\",\"@id\":\"https:\\\/\\\/antderground.com\\\/ca\\\/producte\\\/paludari-terrari-de-vidre-exo-terra-diferents-mides\\\/#breadcrumb\",\"itemListElement\":[{\"@type\":\"ListItem\",\"position\":1,\"name\":\"Portada\",\"item\":\"https:\\\/\\\/antderground.com\\\/ca\\\/\"},{\"@type\":\"ListItem\",\"position\":2,\"name\":\"Productes\",\"item\":\"https:\\\/\\\/antderground.com\\\/ca\\\/productes\\\/\"},{\"@type\":\"ListItem\",\"position\":3,\"name\":\"Paludari terrari de vidre Exo Terra (diferents mides)\"}]},{\"@type\":\"WebSite\",\"@id\":\"https:\\\/\\\/antderground.com\\\/ca\\\/#website\",\"url\":\"https:\\\/\\\/antderground.com\\\/ca\\\/\",\"name\":\"ANTDERGROUND\",\"description\":\"Tu tienda de hormigas, gran variedad de hormigueros acr\u00edlicos,madera,arena,3D y mas.. Pide tus hormigas gratis con tu pedido, somos expertos en hormigueros antifugas.\",\"publisher\":{\"@id\":\"https:\\\/\\\/antderground.com\\\/ca\\\/#\\\/schema\\\/person\\\/0e322c505e84fe72c65e2f6d08f96b81\"},\"alternateName\":\"Antderground\",\"potentialAction\":[{\"@type\":\"SearchAction\",\"target\":{\"@type\":\"EntryPoint\",\"urlTemplate\":\"https:\\\/\\\/antderground.com\\\/ca\\\/?s={search_term_string}\"},\"query-input\":{\"@type\":\"PropertyValueSpecification\",\"valueRequired\":true,\"valueName\":\"search_term_string\"}}],\"inLanguage\":\"ca\"},{\"@type\":[\"Person\",\"Organization\"],\"@id\":\"https:\\\/\\\/antderground.com\\\/ca\\\/#\\\/schema\\\/person\\\/0e322c505e84fe72c65e2f6d08f96b81\",\"name\":\"Eric de Antderground\",\"image\":{\"@type\":\"ImageObject\",\"inLanguage\":\"ca\",\"@id\":\"https:\\\/\\\/secure.gravatar.com\\\/avatar\\\/c49a1b9f79216d1498cb73c1e85cd47f4465dda35f2a94c03790d491bd4423c3?s=96&d=mm&r=g\",\"url\":\"https:\\\/\\\/secure.gravatar.com\\\/avatar\\\/c49a1b9f79216d1498cb73c1e85cd47f4465dda35f2a94c03790d491bd4423c3?s=96&d=mm&r=g\",\"contentUrl\":\"https:\\\/\\\/secure.gravatar.com\\\/avatar\\\/c49a1b9f79216d1498cb73c1e85cd47f4465dda35f2a94c03790d491bd4423c3?s=96&d=mm&r=g\",\"caption\":\"Eric de Antderground\"},\"logo\":{\"@id\":\"https:\\\/\\\/secure.gravatar.com\\\/avatar\\\/c49a1b9f79216d1498cb73c1e85cd47f4465dda35f2a94c03790d491bd4423c3?s=96&d=mm&r=g\"},\"description\":\"Eric es el especialista y fundador de Antderground, con una amplia trayectoria en artr\u00f3podos y enfocado en la mirmecolog\u00eda y el dise\u00f1o de hormigueros artificiales. Su enfoque combina la innovaci\u00f3n t\u00e9cnica con el respeto por la biolog\u00eda de las hormigas, is\u00f3podos y otros, desarrollando sistemas de nidos modulares 3D y acr\u00edlicos que son referentes para aficionados y profesionales en toda Europa. Su objetivo es facilitar la cr\u00eda de hormigas y otros artr\u00f3podos mediante soluciones seguras y divulgaci\u00f3n de calidad.\",\"sameAs\":[\"https:\\\/\\\/antderground.com\\\/\",\"https:\\\/\\\/www.youtube.com\\\/channel\\\/UCio72z7TlbufkAthAJIJfPw\"]}]}<\/script>\n<!-- \/ Yoast SEO plugin. -->","yoast_head_json":{"title":"Paludari terrari de vidre Exo Terra (diferents mides) - ANTDERGROUND","description":"Descobreix el Paludario Exo Terra, un h\u00e0bitat semiaqu\u00e0tic que combina aquari i terrari, ideal per a esp\u00e8cies aqu\u00e0tiques i terrestres.","robots":{"index":"index","follow":"follow","max-snippet":"max-snippet:-1","max-image-preview":"max-image-preview:large","max-video-preview":"max-video-preview:-1"},"canonical":"https:\/\/antderground.com\/ca\/producte\/paludari-terrari-de-vidre-exo-terra-diferents-mides\/","og_locale":"ca_ES","og_type":"article","og_title":"Paludari terrari de vidre Exo Terra (diferents mides) - ANTDERGROUND","og_description":"Descobreix el Paludario Exo Terra, un h\u00e0bitat semiaqu\u00e0tic que combina aquari i terrari, ideal per a esp\u00e8cies aqu\u00e0tiques i terrestres.","og_url":"https:\/\/antderground.com\/ca\/producte\/paludari-terrari-de-vidre-exo-terra-diferents-mides\/","og_site_name":"ANTDERGROUND","og_image":[{"width":800,"height":800,"url":"https:\/\/antderground.com\/wp-content\/uploads\/2024\/09\/paludarium-terrario-de-cristal-exo-terra-pequeno.jpg","type":"image\/jpeg"}],"twitter_card":"summary_large_image","twitter_misc":{"Temps estimat de lectura":"2 minuts"},"schema":{"@context":"https:\/\/schema.org","@graph":[{"@type":"WebPage","@id":"https:\/\/antderground.com\/ca\/producte\/paludari-terrari-de-vidre-exo-terra-diferents-mides\/","url":"https:\/\/antderground.com\/ca\/producte\/paludari-terrari-de-vidre-exo-terra-diferents-mides\/","name":"Paludari terrari de vidre Exo Terra (diferents mides) - ANTDERGROUND","isPartOf":{"@id":"https:\/\/antderground.com\/ca\/#website"},"primaryImageOfPage":{"@id":"https:\/\/antderground.com\/ca\/producte\/paludari-terrari-de-vidre-exo-terra-diferents-mides\/#primaryimage"},"image":{"@id":"https:\/\/antderground.com\/ca\/producte\/paludari-terrari-de-vidre-exo-terra-diferents-mides\/#primaryimage"},"thumbnailUrl":"https:\/\/antderground.com\/wp-content\/uploads\/2024\/09\/paludarium-terrario-de-cristal-exo-terra-pequeno.jpg","datePublished":"2024-09-28T20:04:36+00:00","description":"Descobreix el Paludario Exo Terra, un h\u00e0bitat semiaqu\u00e0tic que combina aquari i terrari, ideal per a esp\u00e8cies aqu\u00e0tiques i terrestres.","breadcrumb":{"@id":"https:\/\/antderground.com\/ca\/producte\/paludari-terrari-de-vidre-exo-terra-diferents-mides\/#breadcrumb"},"inLanguage":"ca","potentialAction":[{"@type":"ReadAction","target":["https:\/\/antderground.com\/ca\/producte\/paludari-terrari-de-vidre-exo-terra-diferents-mides\/"]}]},{"@type":"ImageObject","inLanguage":"ca","@id":"https:\/\/antderground.com\/ca\/producte\/paludari-terrari-de-vidre-exo-terra-diferents-mides\/#primaryimage","url":"https:\/\/antderground.com\/wp-content\/uploads\/2024\/09\/paludarium-terrario-de-cristal-exo-terra-pequeno.jpg","contentUrl":"https:\/\/antderground.com\/wp-content\/uploads\/2024\/09\/paludarium-terrario-de-cristal-exo-terra-pequeno.jpg","width":800,"height":800},{"@type":"BreadcrumbList","@id":"https:\/\/antderground.com\/ca\/producte\/paludari-terrari-de-vidre-exo-terra-diferents-mides\/#breadcrumb","itemListElement":[{"@type":"ListItem","position":1,"name":"Portada","item":"https:\/\/antderground.com\/ca\/"},{"@type":"ListItem","position":2,"name":"Productes","item":"https:\/\/antderground.com\/ca\/productes\/"},{"@type":"ListItem","position":3,"name":"Paludari terrari de vidre Exo Terra (diferents mides)"}]},{"@type":"WebSite","@id":"https:\/\/antderground.com\/ca\/#website","url":"https:\/\/antderground.com\/ca\/","name":"ANTDERGROUND","description":"Tu tienda de hormigas, gran variedad de hormigueros acr\u00edlicos,madera,arena,3D y mas.. Pide tus hormigas gratis con tu pedido, somos expertos en hormigueros antifugas.","publisher":{"@id":"https:\/\/antderground.com\/ca\/#\/schema\/person\/0e322c505e84fe72c65e2f6d08f96b81"},"alternateName":"Antderground","potentialAction":[{"@type":"SearchAction","target":{"@type":"EntryPoint","urlTemplate":"https:\/\/antderground.com\/ca\/?s={search_term_string}"},"query-input":{"@type":"PropertyValueSpecification","valueRequired":true,"valueName":"search_term_string"}}],"inLanguage":"ca"},{"@type":["Person","Organization"],"@id":"https:\/\/antderground.com\/ca\/#\/schema\/person\/0e322c505e84fe72c65e2f6d08f96b81","name":"Eric de Antderground","image":{"@type":"ImageObject","inLanguage":"ca","@id":"https:\/\/secure.gravatar.com\/avatar\/c49a1b9f79216d1498cb73c1e85cd47f4465dda35f2a94c03790d491bd4423c3?s=96&d=mm&r=g","url":"https:\/\/secure.gravatar.com\/avatar\/c49a1b9f79216d1498cb73c1e85cd47f4465dda35f2a94c03790d491bd4423c3?s=96&d=mm&r=g","contentUrl":"https:\/\/secure.gravatar.com\/avatar\/c49a1b9f79216d1498cb73c1e85cd47f4465dda35f2a94c03790d491bd4423c3?s=96&d=mm&r=g","caption":"Eric de Antderground"},"logo":{"@id":"https:\/\/secure.gravatar.com\/avatar\/c49a1b9f79216d1498cb73c1e85cd47f4465dda35f2a94c03790d491bd4423c3?s=96&d=mm&r=g"},"description":"Eric es el especialista y fundador de Antderground, con una amplia trayectoria en artr\u00f3podos y enfocado en la mirmecolog\u00eda y el dise\u00f1o de hormigueros artificiales. Su enfoque combina la innovaci\u00f3n t\u00e9cnica con el respeto por la biolog\u00eda de las hormigas, is\u00f3podos y otros, desarrollando sistemas de nidos modulares 3D y acr\u00edlicos que son referentes para aficionados y profesionales en toda Europa. Su objetivo es facilitar la cr\u00eda de hormigas y otros artr\u00f3podos mediante soluciones seguras y divulgaci\u00f3n de calidad.","sameAs":["https:\/\/antderground.com\/","https:\/\/www.youtube.com\/channel\/UCio72z7TlbufkAthAJIJfPw"]}]}},"_links":{"self":[{"href":"https:\/\/antderground.com\/ca\/wp-json\/wp\/v2\/product\/36990","targetHints":{"allow":["GET"]}}],"collection":[{"href":"https:\/\/antderground.com\/ca\/wp-json\/wp\/v2\/product"}],"about":[{"href":"https:\/\/antderground.com\/ca\/wp-json\/wp\/v2\/types\/product"}],"version-history":[{"count":0,"href":"https:\/\/antderground.com\/ca\/wp-json\/wp\/v2\/product\/36990\/revisions"}],"wp:featuredmedia":[{"embeddable":true,"href":"https:\/\/antderground.com\/ca\/wp-json\/wp\/v2\/media\/36780"}],"wp:attachment":[{"href":"https:\/\/antderground.com\/ca\/wp-json\/wp\/v2\/media?parent=36990"}],"wp:term":[{"taxonomy":"product_brand","embeddable":true,"href":"https:\/\/antderground.com\/ca\/wp-json\/wp\/v2\/product_brand?post=36990"},{"taxonomy":"product_cat","embeddable":true,"href":"https:\/\/antderground.com\/ca\/wp-json\/wp\/v2\/product_cat?post=36990"},{"taxonomy":"product_tag","embeddable":true,"href":"https:\/\/antderground.com\/ca\/wp-json\/wp\/v2\/product_tag?post=36990"}],"curies":[{"name":"wp","href":"https:\/\/api.w.org\/{rel}","templated":true}]}}