{"id":37836,"date":"2024-11-08T17:28:27","date_gmt":"2024-11-08T16:28:27","guid":{"rendered":"https:\/\/www.antderground.com\/producto\/kit-modular-3d-v2m\/"},"modified":"2025-03-20T15:25:43","modified_gmt":"2025-03-20T14:25:43","slug":"kit-modular-3d-v2m","status":"publish","type":"product","link":"https:\/\/antderground.com\/ca\/producte\/kit-modular-3d-v2m\/","title":{"rendered":"Kit modular 3D (v2)(M)"},"content":{"rendered":"<p><strong>Kit Modular 3D Mitj\u00e0 per a Col\u00f2nies de Formigues<\/strong><\/p>\n<p>Aquest kit modular 3D, de mida mitjana, \u00e9s perfecte per a aquells que volen comen\u00e7ar amb col\u00f2nies de formigues. Gr\u00e0cies al seu disseny modular, pots ampliar-lo segons les teves necessitats i prefer\u00e8ncies, adaptant-lo al creixement de les teves col\u00f2nies.<\/p>\n<h3>Contingut del Pack<\/h3>\n<ol>\n<li><strong>Caixa de Foratge 10&#215;10 cm<\/strong><br \/>\nIdeal per proporcionar un espai segur de foratge per a les formigues.<br \/>\n<strong>Caracter\u00edstiques<\/strong>:<\/p>\n<ul>\n<li><strong>Color<\/strong>: Blanc<\/li>\n<li><strong>Estructura<\/strong>: Creada en 3D amb laterals de metacrilat<\/li>\n<li><strong>Sistema de respiraci\u00f3<\/strong>: S\u00ed<\/li>\n<li><strong>Modular<\/strong>: S\u00ed<\/li>\n<li><strong>Entrades\/Connexions<\/strong>: 4<\/li>\n<\/ul>\n<\/li>\n<li><strong>Formiguer Modular 3D 10&#215;20 cm<\/strong><br \/>\nUn formiguer de mida mitjana dissenyat per adaptar-se a col\u00f2nies en creixement.<br \/>\n<strong>Caracter\u00edstiques<\/strong>:<\/p>\n<ul>\n<li><strong>Versi\u00f3 2<\/strong>: Inclou zones m\u00e9s grans per a m\u00e9s comoditat<\/li>\n<li><strong>Dip\u00f2sit d\u2019aigua<\/strong>: 20 ml<\/li>\n<li><strong>Color<\/strong>: Blanc \/ Groc<\/li>\n<li><strong>Tapa<\/strong>: Inclosa de color vermell<\/li>\n<li><strong>Modular<\/strong>: S\u00ed<\/li>\n<li><strong>Portes internes<\/strong>: 1<\/li>\n<li><strong>Portes externes<\/strong>: 6<\/li>\n<\/ul>\n<\/li>\n<li><strong>Connector Modular<\/strong><br \/>\nAccessori essencial per expandir i connectar m\u00f2duls addicionals.<\/li>\n<li><strong>Tapa Vermella per a Formiguer<\/strong><br \/>\nPermet mantenir el formiguer tancat i segur per a les formigues.<\/li>\n<\/ol>\n<p>Amb aquest kit modular, tindr\u00e0s un sistema completament adaptable per comen\u00e7ar a criar formigues, amb la possibilitat d&#8217;ampliar-lo segons necessitis, mantenint un ambient segur i controlat per a les teves col\u00f2nies.<\/p>\n","protected":false},"excerpt":{"rendered":"<p>Aquest kit \u00e9s ideal per iniciar col\u00f2nies mitjanes de formigues, amb un disseny modular que permet ampliar-lo al teu gust. Inclou una caixa de foratge, formiguer, connector i tapa vermella. Perfecte per a un entorn segur i personalitzable.<\/p>\n<p><strong>Caracter\u00edstiques:<\/strong><\/p>\n<ul>\n<li><strong>Caixa de Foratge<\/strong>: 10&#215;10 cm.<\/li>\n<li><strong>Formiguer<\/strong>: 10&#215;20 cm.<\/li>\n<li><strong>Connector modular<\/strong>: S\u00ed<\/li>\n<li><strong>Tapa vermella<\/strong>: S\u00ed<\/li>\n<\/ul>\n","protected":false},"featured_media":37789,"template":"","meta":[],"product_brand":[],"product_cat":[165,435,311],"product_tag":[],"class_list":{"0":"post-37836","1":"product","2":"type-product","3":"status-publish","4":"has-post-thumbnail","6":"product_cat-formiguers","7":"product_cat-formiguers-3d-ca","8":"product_cat-kits-formiguers","10":"first","11":"instock","12":"sale","13":"shipping-taxable","14":"purchasable","15":"product-type-simple"},"yoast_head":"<!-- This site is optimized with the Yoast SEO plugin v27.3 - https:\/\/yoast.com\/product\/yoast-seo-wordpress\/ -->\n<title>Kit modular 3D (v2)(M) | Formiguer 10x20 + zona farratge 10x10 - ANTDERGROUND<\/title>\n<meta name=\"description\" content=\"Nou Kit modular 3D (v2)(M) format per un Formiguero 3D 10x20 i una Caixa de farratge 10x10. El teu formiguer m\u00e9s brutal!! ;-)\" \/>\n<meta name=\"robots\" content=\"index, follow, max-snippet:-1, max-image-preview:large, max-video-preview:-1\" \/>\n<link rel=\"canonical\" href=\"https:\/\/antderground.com\/ca\/producte\/kit-modular-3d-v2m\/\" \/>\n<meta property=\"og:locale\" content=\"ca_ES\" \/>\n<meta property=\"og:type\" content=\"article\" \/>\n<meta property=\"og:title\" content=\"Kit modular 3D (v2)(M) | Formiguer 10x20 + zona farratge 10x10 - ANTDERGROUND\" \/>\n<meta property=\"og:description\" content=\"Nou Kit modular 3D (v2)(M) format per un Formiguero 3D 10x20 i una Caixa de farratge 10x10. El teu formiguer m\u00e9s brutal!! ;-)\" \/>\n<meta property=\"og:url\" content=\"https:\/\/antderground.com\/ca\/producte\/kit-modular-3d-v2m\/\" \/>\n<meta property=\"og:site_name\" content=\"ANTDERGROUND\" \/>\n<meta property=\"article:modified_time\" content=\"2025-03-20T14:25:43+00:00\" \/>\n<meta property=\"og:image\" content=\"https:\/\/antderground.com\/wp-content\/uploads\/2024\/11\/kit-10x20-1.jpg\" \/>\n\t<meta property=\"og:image:width\" content=\"1600\" \/>\n\t<meta property=\"og:image:height\" content=\"1600\" \/>\n\t<meta property=\"og:image:type\" content=\"image\/jpeg\" \/>\n<meta name=\"twitter:card\" content=\"summary_large_image\" \/>\n<meta name=\"twitter:label1\" content=\"Temps estimat de lectura\" \/>\n\t<meta name=\"twitter:data1\" content=\"1 minut\" \/>\n<script type=\"application\/ld+json\" class=\"yoast-schema-graph\">{\"@context\":\"https:\\\/\\\/schema.org\",\"@graph\":[{\"@type\":\"WebPage\",\"@id\":\"https:\\\/\\\/antderground.com\\\/ca\\\/producte\\\/kit-modular-3d-v2m\\\/\",\"url\":\"https:\\\/\\\/antderground.com\\\/ca\\\/producte\\\/kit-modular-3d-v2m\\\/\",\"name\":\"Kit modular 3D (v2)(M) | Formiguer 10x20 + zona farratge 10x10 - ANTDERGROUND\",\"isPartOf\":{\"@id\":\"https:\\\/\\\/antderground.com\\\/ca\\\/#website\"},\"primaryImageOfPage\":{\"@id\":\"https:\\\/\\\/antderground.com\\\/ca\\\/producte\\\/kit-modular-3d-v2m\\\/#primaryimage\"},\"image\":{\"@id\":\"https:\\\/\\\/antderground.com\\\/ca\\\/producte\\\/kit-modular-3d-v2m\\\/#primaryimage\"},\"thumbnailUrl\":\"https:\\\/\\\/antderground.com\\\/wp-content\\\/uploads\\\/2024\\\/11\\\/kit-10x20-1.jpg\",\"datePublished\":\"2024-11-08T16:28:27+00:00\",\"dateModified\":\"2025-03-20T14:25:43+00:00\",\"description\":\"Nou Kit modular 3D (v2)(M) format per un Formiguero 3D 10x20 i una Caixa de farratge 10x10. El teu formiguer m\u00e9s brutal!! ;-)\",\"breadcrumb\":{\"@id\":\"https:\\\/\\\/antderground.com\\\/ca\\\/producte\\\/kit-modular-3d-v2m\\\/#breadcrumb\"},\"inLanguage\":\"ca\",\"potentialAction\":[{\"@type\":\"ReadAction\",\"target\":[\"https:\\\/\\\/antderground.com\\\/ca\\\/producte\\\/kit-modular-3d-v2m\\\/\"]}]},{\"@type\":\"ImageObject\",\"inLanguage\":\"ca\",\"@id\":\"https:\\\/\\\/antderground.com\\\/ca\\\/producte\\\/kit-modular-3d-v2m\\\/#primaryimage\",\"url\":\"https:\\\/\\\/antderground.com\\\/wp-content\\\/uploads\\\/2024\\\/11\\\/kit-10x20-1.jpg\",\"contentUrl\":\"https:\\\/\\\/antderground.com\\\/wp-content\\\/uploads\\\/2024\\\/11\\\/kit-10x20-1.jpg\",\"width\":1600,\"height\":1600},{\"@type\":\"BreadcrumbList\",\"@id\":\"https:\\\/\\\/antderground.com\\\/ca\\\/producte\\\/kit-modular-3d-v2m\\\/#breadcrumb\",\"itemListElement\":[{\"@type\":\"ListItem\",\"position\":1,\"name\":\"Portada\",\"item\":\"https:\\\/\\\/antderground.com\\\/ca\\\/\"},{\"@type\":\"ListItem\",\"position\":2,\"name\":\"Productes\",\"item\":\"https:\\\/\\\/antderground.com\\\/ca\\\/productes\\\/\"},{\"@type\":\"ListItem\",\"position\":3,\"name\":\"Kit modular 3D (v2)(M)\"}]},{\"@type\":\"WebSite\",\"@id\":\"https:\\\/\\\/antderground.com\\\/ca\\\/#website\",\"url\":\"https:\\\/\\\/antderground.com\\\/ca\\\/\",\"name\":\"ANTDERGROUND\",\"description\":\"Tu tienda de hormigas, gran variedad de hormigueros acr\u00edlicos,madera,arena,3D y mas.. Pide tus hormigas gratis con tu pedido, somos expertos en hormigueros antifugas.\",\"publisher\":{\"@id\":\"https:\\\/\\\/antderground.com\\\/ca\\\/#\\\/schema\\\/person\\\/0e322c505e84fe72c65e2f6d08f96b81\"},\"alternateName\":\"Antderground\",\"potentialAction\":[{\"@type\":\"SearchAction\",\"target\":{\"@type\":\"EntryPoint\",\"urlTemplate\":\"https:\\\/\\\/antderground.com\\\/ca\\\/?s={search_term_string}\"},\"query-input\":{\"@type\":\"PropertyValueSpecification\",\"valueRequired\":true,\"valueName\":\"search_term_string\"}}],\"inLanguage\":\"ca\"},{\"@type\":[\"Person\",\"Organization\"],\"@id\":\"https:\\\/\\\/antderground.com\\\/ca\\\/#\\\/schema\\\/person\\\/0e322c505e84fe72c65e2f6d08f96b81\",\"name\":\"Eric de Antderground\",\"image\":{\"@type\":\"ImageObject\",\"inLanguage\":\"ca\",\"@id\":\"https:\\\/\\\/secure.gravatar.com\\\/avatar\\\/c49a1b9f79216d1498cb73c1e85cd47f4465dda35f2a94c03790d491bd4423c3?s=96&d=mm&r=g\",\"url\":\"https:\\\/\\\/secure.gravatar.com\\\/avatar\\\/c49a1b9f79216d1498cb73c1e85cd47f4465dda35f2a94c03790d491bd4423c3?s=96&d=mm&r=g\",\"contentUrl\":\"https:\\\/\\\/secure.gravatar.com\\\/avatar\\\/c49a1b9f79216d1498cb73c1e85cd47f4465dda35f2a94c03790d491bd4423c3?s=96&d=mm&r=g\",\"caption\":\"Eric de Antderground\"},\"logo\":{\"@id\":\"https:\\\/\\\/secure.gravatar.com\\\/avatar\\\/c49a1b9f79216d1498cb73c1e85cd47f4465dda35f2a94c03790d491bd4423c3?s=96&d=mm&r=g\"},\"description\":\"Eric es el especialista y fundador de Antderground, con una amplia trayectoria en artr\u00f3podos y enfocado en la mirmecolog\u00eda y el dise\u00f1o de hormigueros artificiales. Su enfoque combina la innovaci\u00f3n t\u00e9cnica con el respeto por la biolog\u00eda de las hormigas, is\u00f3podos y otros, desarrollando sistemas de nidos modulares 3D y acr\u00edlicos que son referentes para aficionados y profesionales en toda Europa. Su objetivo es facilitar la cr\u00eda de hormigas y otros artr\u00f3podos mediante soluciones seguras y divulgaci\u00f3n de calidad.\",\"sameAs\":[\"https:\\\/\\\/antderground.com\\\/\",\"https:\\\/\\\/www.youtube.com\\\/channel\\\/UCio72z7TlbufkAthAJIJfPw\"]}]}<\/script>\n<!-- \/ Yoast SEO plugin. -->","yoast_head_json":{"title":"Kit modular 3D (v2)(M) | Formiguer 10x20 + zona farratge 10x10 - ANTDERGROUND","description":"Nou Kit modular 3D (v2)(M) format per un Formiguero 3D 10x20 i una Caixa de farratge 10x10. El teu formiguer m\u00e9s brutal!! ;-)","robots":{"index":"index","follow":"follow","max-snippet":"max-snippet:-1","max-image-preview":"max-image-preview:large","max-video-preview":"max-video-preview:-1"},"canonical":"https:\/\/antderground.com\/ca\/producte\/kit-modular-3d-v2m\/","og_locale":"ca_ES","og_type":"article","og_title":"Kit modular 3D (v2)(M) | Formiguer 10x20 + zona farratge 10x10 - ANTDERGROUND","og_description":"Nou Kit modular 3D (v2)(M) format per un Formiguero 3D 10x20 i una Caixa de farratge 10x10. El teu formiguer m\u00e9s brutal!! ;-)","og_url":"https:\/\/antderground.com\/ca\/producte\/kit-modular-3d-v2m\/","og_site_name":"ANTDERGROUND","article_modified_time":"2025-03-20T14:25:43+00:00","og_image":[{"width":1600,"height":1600,"url":"https:\/\/antderground.com\/wp-content\/uploads\/2024\/11\/kit-10x20-1.jpg","type":"image\/jpeg"}],"twitter_card":"summary_large_image","twitter_misc":{"Temps estimat de lectura":"1 minut"},"schema":{"@context":"https:\/\/schema.org","@graph":[{"@type":"WebPage","@id":"https:\/\/antderground.com\/ca\/producte\/kit-modular-3d-v2m\/","url":"https:\/\/antderground.com\/ca\/producte\/kit-modular-3d-v2m\/","name":"Kit modular 3D (v2)(M) | Formiguer 10x20 + zona farratge 10x10 - ANTDERGROUND","isPartOf":{"@id":"https:\/\/antderground.com\/ca\/#website"},"primaryImageOfPage":{"@id":"https:\/\/antderground.com\/ca\/producte\/kit-modular-3d-v2m\/#primaryimage"},"image":{"@id":"https:\/\/antderground.com\/ca\/producte\/kit-modular-3d-v2m\/#primaryimage"},"thumbnailUrl":"https:\/\/antderground.com\/wp-content\/uploads\/2024\/11\/kit-10x20-1.jpg","datePublished":"2024-11-08T16:28:27+00:00","dateModified":"2025-03-20T14:25:43+00:00","description":"Nou Kit modular 3D (v2)(M) format per un Formiguero 3D 10x20 i una Caixa de farratge 10x10. El teu formiguer m\u00e9s brutal!! ;-)","breadcrumb":{"@id":"https:\/\/antderground.com\/ca\/producte\/kit-modular-3d-v2m\/#breadcrumb"},"inLanguage":"ca","potentialAction":[{"@type":"ReadAction","target":["https:\/\/antderground.com\/ca\/producte\/kit-modular-3d-v2m\/"]}]},{"@type":"ImageObject","inLanguage":"ca","@id":"https:\/\/antderground.com\/ca\/producte\/kit-modular-3d-v2m\/#primaryimage","url":"https:\/\/antderground.com\/wp-content\/uploads\/2024\/11\/kit-10x20-1.jpg","contentUrl":"https:\/\/antderground.com\/wp-content\/uploads\/2024\/11\/kit-10x20-1.jpg","width":1600,"height":1600},{"@type":"BreadcrumbList","@id":"https:\/\/antderground.com\/ca\/producte\/kit-modular-3d-v2m\/#breadcrumb","itemListElement":[{"@type":"ListItem","position":1,"name":"Portada","item":"https:\/\/antderground.com\/ca\/"},{"@type":"ListItem","position":2,"name":"Productes","item":"https:\/\/antderground.com\/ca\/productes\/"},{"@type":"ListItem","position":3,"name":"Kit modular 3D (v2)(M)"}]},{"@type":"WebSite","@id":"https:\/\/antderground.com\/ca\/#website","url":"https:\/\/antderground.com\/ca\/","name":"ANTDERGROUND","description":"Tu tienda de hormigas, gran variedad de hormigueros acr\u00edlicos,madera,arena,3D y mas.. Pide tus hormigas gratis con tu pedido, somos expertos en hormigueros antifugas.","publisher":{"@id":"https:\/\/antderground.com\/ca\/#\/schema\/person\/0e322c505e84fe72c65e2f6d08f96b81"},"alternateName":"Antderground","potentialAction":[{"@type":"SearchAction","target":{"@type":"EntryPoint","urlTemplate":"https:\/\/antderground.com\/ca\/?s={search_term_string}"},"query-input":{"@type":"PropertyValueSpecification","valueRequired":true,"valueName":"search_term_string"}}],"inLanguage":"ca"},{"@type":["Person","Organization"],"@id":"https:\/\/antderground.com\/ca\/#\/schema\/person\/0e322c505e84fe72c65e2f6d08f96b81","name":"Eric de Antderground","image":{"@type":"ImageObject","inLanguage":"ca","@id":"https:\/\/secure.gravatar.com\/avatar\/c49a1b9f79216d1498cb73c1e85cd47f4465dda35f2a94c03790d491bd4423c3?s=96&d=mm&r=g","url":"https:\/\/secure.gravatar.com\/avatar\/c49a1b9f79216d1498cb73c1e85cd47f4465dda35f2a94c03790d491bd4423c3?s=96&d=mm&r=g","contentUrl":"https:\/\/secure.gravatar.com\/avatar\/c49a1b9f79216d1498cb73c1e85cd47f4465dda35f2a94c03790d491bd4423c3?s=96&d=mm&r=g","caption":"Eric de Antderground"},"logo":{"@id":"https:\/\/secure.gravatar.com\/avatar\/c49a1b9f79216d1498cb73c1e85cd47f4465dda35f2a94c03790d491bd4423c3?s=96&d=mm&r=g"},"description":"Eric es el especialista y fundador de Antderground, con una amplia trayectoria en artr\u00f3podos y enfocado en la mirmecolog\u00eda y el dise\u00f1o de hormigueros artificiales. Su enfoque combina la innovaci\u00f3n t\u00e9cnica con el respeto por la biolog\u00eda de las hormigas, is\u00f3podos y otros, desarrollando sistemas de nidos modulares 3D y acr\u00edlicos que son referentes para aficionados y profesionales en toda Europa. Su objetivo es facilitar la cr\u00eda de hormigas y otros artr\u00f3podos mediante soluciones seguras y divulgaci\u00f3n de calidad.","sameAs":["https:\/\/antderground.com\/","https:\/\/www.youtube.com\/channel\/UCio72z7TlbufkAthAJIJfPw"]}]}},"_links":{"self":[{"href":"https:\/\/antderground.com\/ca\/wp-json\/wp\/v2\/product\/37836","targetHints":{"allow":["GET"]}}],"collection":[{"href":"https:\/\/antderground.com\/ca\/wp-json\/wp\/v2\/product"}],"about":[{"href":"https:\/\/antderground.com\/ca\/wp-json\/wp\/v2\/types\/product"}],"version-history":[{"count":0,"href":"https:\/\/antderground.com\/ca\/wp-json\/wp\/v2\/product\/37836\/revisions"}],"wp:featuredmedia":[{"embeddable":true,"href":"https:\/\/antderground.com\/ca\/wp-json\/wp\/v2\/media\/37789"}],"wp:attachment":[{"href":"https:\/\/antderground.com\/ca\/wp-json\/wp\/v2\/media?parent=37836"}],"wp:term":[{"taxonomy":"product_brand","embeddable":true,"href":"https:\/\/antderground.com\/ca\/wp-json\/wp\/v2\/product_brand?post=37836"},{"taxonomy":"product_cat","embeddable":true,"href":"https:\/\/antderground.com\/ca\/wp-json\/wp\/v2\/product_cat?post=37836"},{"taxonomy":"product_tag","embeddable":true,"href":"https:\/\/antderground.com\/ca\/wp-json\/wp\/v2\/product_tag?post=37836"}],"curies":[{"name":"wp","href":"https:\/\/api.w.org\/{rel}","templated":true}]}}