{"id":40206,"date":"2025-02-14T11:21:41","date_gmt":"2025-02-14T10:21:41","guid":{"rendered":"https:\/\/www.antderground.com\/producto\/davus-pentaloris\/"},"modified":"2025-02-14T11:21:41","modified_gmt":"2025-02-14T10:21:41","slug":"davus-pentaloris","status":"publish","type":"product","link":"https:\/\/antderground.com\/ca\/producte\/davus-pentaloris\/","title":{"rendered":"Davus pentaloris"},"content":{"rendered":"<h3 data-start=\"49\" data-end=\"102\"><strong data-start=\"53\" data-end=\"100\">Fitxa T\u00e8cnica: Tar\u00e0ntula <em data-start=\"80\" data-end=\"98\">Davus pentaloris<\/em><\/strong><\/h3>\n<p data-start=\"104\" data-end=\"372\"><strong data-start=\"104\" data-end=\"122\">Nom cient\u00edfic:<\/strong> <em data-start=\"123\" data-end=\"141\">Davus pentaloris<\/em><br data-start=\"141\" data-end=\"144\" \/><strong data-start=\"144\" data-end=\"157\">Nom com\u00fa:<\/strong> Tar\u00e0ntula guatemalenca de ratlles taronges<br data-start=\"200\" data-end=\"203\" \/><strong data-start=\"203\" data-end=\"215\">Fam\u00edlia:<\/strong> Theraphosidae<br data-start=\"229\" data-end=\"232\" \/><strong data-start=\"232\" data-end=\"248\">Distribuci\u00f3:<\/strong> Guatemala i sud de M\u00e8xic<br data-start=\"273\" data-end=\"276\" \/><strong data-start=\"276\" data-end=\"288\">H\u00e0bitat:<\/strong> Boscos tropicals i subtropicals, zones amb alta humitat i temperatures moderades.<\/p>\n<h3 data-start=\"374\" data-end=\"395\"><strong data-start=\"378\" data-end=\"393\">Descripci\u00f3:<\/strong><\/h3>\n<p data-start=\"396\" data-end=\"667\">La <em data-start=\"399\" data-end=\"417\">Davus pentaloris<\/em> \u00e9s una tar\u00e0ntula de mida mitjana que destaca per la seva coloraci\u00f3 cridanera. Presenta un cos fosc amb potes ratllades en tons taronges i negres, cosa que li dona un aspecte distintiu. El seu cefalot\u00f2rax sol tenir un to marr\u00f3 amb reflexos daurats.<\/p>\n<h3 data-start=\"669\" data-end=\"684\"><strong data-start=\"673\" data-end=\"682\">Mida:<\/strong><\/h3>\n<ul data-start=\"685\" data-end=\"767\">\n<li data-start=\"685\" data-end=\"725\">Mascles: Fins a 10 cm d\u2019envergadura.<\/li>\n<li data-start=\"726\" data-end=\"767\">Femelles: Fins a 12 cm d\u2019envergadura.<\/li>\n<\/ul>\n<h3 data-start=\"769\" data-end=\"797\"><strong data-start=\"773\" data-end=\"795\">Esperan\u00e7a de vida:<\/strong><\/h3>\n<ul data-start=\"798\" data-end=\"846\">\n<li data-start=\"798\" data-end=\"820\">Mascles: 3-4 anys.<\/li>\n<li data-start=\"821\" data-end=\"846\">Femelles: 10-12 anys.<\/li>\n<\/ul>\n<h3 data-start=\"848\" data-end=\"871\"><strong data-start=\"852\" data-end=\"869\">Comportament:<\/strong><\/h3>\n<ul data-start=\"872\" data-end=\"1104\">\n<li data-start=\"872\" data-end=\"958\">De car\u00e0cter moderadament defensiu, tot i que tendeix m\u00e9s a la fugida que a l\u2019atac.<\/li>\n<li data-start=\"959\" data-end=\"1028\">Pot utilitzar els seus p\u00e8ls urticants com a mecanisme de defensa.<\/li>\n<li data-start=\"1029\" data-end=\"1104\">\u00c9s semi-fossorial, cosa que significa que li agrada cavar i crear caus.<\/li>\n<\/ul>\n<h3 data-start=\"1106\" data-end=\"1142\"><strong data-start=\"1110\" data-end=\"1140\">Condicions de manteniment:<\/strong><\/h3>\n<p data-start=\"1143\" data-end=\"1157\"><strong data-start=\"1143\" data-end=\"1155\">Terrari:<\/strong><\/p>\n<ul data-start=\"1158\" data-end=\"1407\">\n<li data-start=\"1158\" data-end=\"1194\">Dimensions m\u00ednimes: 30x30x30 cm.<\/li>\n<li data-start=\"1195\" data-end=\"1299\">Substrat: Torba, fibra de coco o molsa amb almenys 5-10 cm de profunditat per facilitar l\u2019excavaci\u00f3.<\/li>\n<li data-start=\"1300\" data-end=\"1320\">Humitat: 65-75%.<\/li>\n<li data-start=\"1321\" data-end=\"1346\">Temperatura: 22-26\u00baC.<\/li>\n<li data-start=\"1347\" data-end=\"1407\">Ventilaci\u00f3 adequada per evitar la proliferaci\u00f3 de fongs.<\/li>\n<\/ul>\n<h3 data-start=\"1409\" data-end=\"1431\"><strong data-start=\"1413\" data-end=\"1429\">Alimentaci\u00f3:<\/strong><\/h3>\n<ul data-start=\"1432\" data-end=\"1575\">\n<li data-start=\"1432\" data-end=\"1489\">Insect\u00edvora: Grills, paneroles, llagostes i tenebris.<\/li>\n<li data-start=\"1490\" data-end=\"1575\">Es recomana alimentar 1-2 cops per setmana segons la mida i l\u2019edat de l\u2019exemplar.<\/li>\n<\/ul>\n<h3 data-start=\"1577\" data-end=\"1599\"><strong data-start=\"1581\" data-end=\"1597\">Reproducci\u00f3:<\/strong><\/h3>\n<ul data-start=\"1600\" data-end=\"1816\">\n<li data-start=\"1600\" data-end=\"1675\">Es recomana introduir el mascle al terrari de la femella amb precauci\u00f3.<\/li>\n<li data-start=\"1676\" data-end=\"1759\">Despr\u00e9s de l\u2019aparellament, la femella pot crear un sac amb entre 100 i 200 ous.<\/li>\n<li data-start=\"1760\" data-end=\"1816\">La eclosi\u00f3 es produeix entre 6 i 8 setmanes despr\u00e9s.<\/li>\n<\/ul>\n<h3 data-start=\"1818\" data-end=\"1840\"><strong data-start=\"1822\" data-end=\"1838\">Precaucions:<\/strong><\/h3>\n<ul data-start=\"1841\" data-end=\"2011\">\n<li data-start=\"1950\" data-end=\"2011\">Mantenir en un entorn segur i estable per evitar fugides.<\/li>\n<\/ul>\n<p data-start=\"2013\" data-end=\"2170\">La <em data-start=\"2016\" data-end=\"2034\">Davus pentaloris<\/em> \u00e9s una esp\u00e8cie excel\u00b7lent tant per a principiants com per a aficionats avan\u00e7ats gr\u00e0cies a la seva bellesa i facilitat de manteniment.<\/p>\n","protected":false},"excerpt":{"rendered":"<p data-start=\"2216\" data-end=\"2412\">Descobreix la <em data-start=\"2230\" data-end=\"2248\">Davus pentaloris<\/em>! \ud83d\udd77\ufe0f Una tar\u00e0ntula ex\u00f2tica amb un contrast espectacular de negre i taronja, f\u00e0cil de mantenir i semi-fossorial. Ideal per a aficionats! \ud83c\udf3f\ud83d\udd25 #Tar\u00e0ntules #Ex\u00f2tics<\/p>\n","protected":false},"featured_media":40192,"template":"","meta":[],"product_brand":[],"product_cat":[420,583],"product_tag":[],"class_list":{"0":"post-40206","1":"product","2":"type-product","3":"status-publish","4":"has-post-thumbnail","6":"product_cat-artropodes","7":"product_cat-tarantules","9":"first","10":"outofstock","11":"sale","12":"shipping-taxable","13":"purchasable","14":"product-type-variable"},"yoast_head":"<!-- This site is optimized with the Yoast SEO plugin v27.3 - https:\/\/yoast.com\/product\/yoast-seo-wordpress\/ -->\n<title>Davus pentaloris | tar\u00e0ntules ex\u00f2tiques - ANTDERGROUND<\/title>\n<meta name=\"description\" content=\"Aconsegueix la Davus pentaloris \ud83d\udd77\ufe0f, una tar\u00e0ntula ex\u00f2tica de f\u00e0cil cura i colors vius. Perfecta per a aficionats! \ud83c\udf3f\u2728\" \/>\n<meta name=\"robots\" content=\"index, follow, max-snippet:-1, max-image-preview:large, max-video-preview:-1\" \/>\n<link rel=\"canonical\" href=\"https:\/\/antderground.com\/ca\/producte\/davus-pentaloris\/\" \/>\n<meta property=\"og:locale\" content=\"ca_ES\" \/>\n<meta property=\"og:type\" content=\"article\" \/>\n<meta property=\"og:title\" content=\"Davus pentaloris | tar\u00e0ntules ex\u00f2tiques - ANTDERGROUND\" \/>\n<meta property=\"og:description\" content=\"Aconsegueix la Davus pentaloris \ud83d\udd77\ufe0f, una tar\u00e0ntula ex\u00f2tica de f\u00e0cil cura i colors vius. Perfecta per a aficionats! \ud83c\udf3f\u2728\" \/>\n<meta property=\"og:url\" content=\"https:\/\/antderground.com\/ca\/producte\/davus-pentaloris\/\" \/>\n<meta property=\"og:site_name\" content=\"ANTDERGROUND\" \/>\n<meta property=\"og:image\" content=\"https:\/\/antderground.com\/wp-content\/uploads\/2025\/02\/davus-pentaloris.jpeg\" \/>\n\t<meta property=\"og:image:width\" content=\"1600\" \/>\n\t<meta property=\"og:image:height\" content=\"1600\" \/>\n\t<meta property=\"og:image:type\" content=\"image\/jpeg\" \/>\n<meta name=\"twitter:card\" content=\"summary_large_image\" \/>\n<meta name=\"twitter:label1\" content=\"Temps estimat de lectura\" \/>\n\t<meta name=\"twitter:data1\" content=\"1 minut\" \/>\n<script type=\"application\/ld+json\" class=\"yoast-schema-graph\">{\"@context\":\"https:\\\/\\\/schema.org\",\"@graph\":[{\"@type\":\"WebPage\",\"@id\":\"https:\\\/\\\/antderground.com\\\/ca\\\/producte\\\/davus-pentaloris\\\/\",\"url\":\"https:\\\/\\\/antderground.com\\\/ca\\\/producte\\\/davus-pentaloris\\\/\",\"name\":\"Davus pentaloris | tar\u00e0ntules ex\u00f2tiques - ANTDERGROUND\",\"isPartOf\":{\"@id\":\"https:\\\/\\\/antderground.com\\\/ca\\\/#website\"},\"primaryImageOfPage\":{\"@id\":\"https:\\\/\\\/antderground.com\\\/ca\\\/producte\\\/davus-pentaloris\\\/#primaryimage\"},\"image\":{\"@id\":\"https:\\\/\\\/antderground.com\\\/ca\\\/producte\\\/davus-pentaloris\\\/#primaryimage\"},\"thumbnailUrl\":\"https:\\\/\\\/antderground.com\\\/wp-content\\\/uploads\\\/2025\\\/02\\\/davus-pentaloris.jpeg\",\"datePublished\":\"2025-02-14T10:21:41+00:00\",\"description\":\"Aconsegueix la Davus pentaloris \ud83d\udd77\ufe0f, una tar\u00e0ntula ex\u00f2tica de f\u00e0cil cura i colors vius. Perfecta per a aficionats! \ud83c\udf3f\u2728\",\"breadcrumb\":{\"@id\":\"https:\\\/\\\/antderground.com\\\/ca\\\/producte\\\/davus-pentaloris\\\/#breadcrumb\"},\"inLanguage\":\"ca\",\"potentialAction\":[{\"@type\":\"ReadAction\",\"target\":[\"https:\\\/\\\/antderground.com\\\/ca\\\/producte\\\/davus-pentaloris\\\/\"]}]},{\"@type\":\"ImageObject\",\"inLanguage\":\"ca\",\"@id\":\"https:\\\/\\\/antderground.com\\\/ca\\\/producte\\\/davus-pentaloris\\\/#primaryimage\",\"url\":\"https:\\\/\\\/antderground.com\\\/wp-content\\\/uploads\\\/2025\\\/02\\\/davus-pentaloris.jpeg\",\"contentUrl\":\"https:\\\/\\\/antderground.com\\\/wp-content\\\/uploads\\\/2025\\\/02\\\/davus-pentaloris.jpeg\",\"width\":1600,\"height\":1600,\"caption\":\"davus pentaloris\"},{\"@type\":\"BreadcrumbList\",\"@id\":\"https:\\\/\\\/antderground.com\\\/ca\\\/producte\\\/davus-pentaloris\\\/#breadcrumb\",\"itemListElement\":[{\"@type\":\"ListItem\",\"position\":1,\"name\":\"Portada\",\"item\":\"https:\\\/\\\/antderground.com\\\/ca\\\/\"},{\"@type\":\"ListItem\",\"position\":2,\"name\":\"Productes\",\"item\":\"https:\\\/\\\/antderground.com\\\/ca\\\/productes\\\/\"},{\"@type\":\"ListItem\",\"position\":3,\"name\":\"Davus pentaloris\"}]},{\"@type\":\"WebSite\",\"@id\":\"https:\\\/\\\/antderground.com\\\/ca\\\/#website\",\"url\":\"https:\\\/\\\/antderground.com\\\/ca\\\/\",\"name\":\"ANTDERGROUND\",\"description\":\"Tu tienda de hormigas, gran variedad de hormigueros acr\u00edlicos,madera,arena,3D y mas.. Pide tus hormigas gratis con tu pedido, somos expertos en hormigueros antifugas.\",\"publisher\":{\"@id\":\"https:\\\/\\\/antderground.com\\\/ca\\\/#\\\/schema\\\/person\\\/0e322c505e84fe72c65e2f6d08f96b81\"},\"alternateName\":\"Antderground\",\"potentialAction\":[{\"@type\":\"SearchAction\",\"target\":{\"@type\":\"EntryPoint\",\"urlTemplate\":\"https:\\\/\\\/antderground.com\\\/ca\\\/?s={search_term_string}\"},\"query-input\":{\"@type\":\"PropertyValueSpecification\",\"valueRequired\":true,\"valueName\":\"search_term_string\"}}],\"inLanguage\":\"ca\"},{\"@type\":[\"Person\",\"Organization\"],\"@id\":\"https:\\\/\\\/antderground.com\\\/ca\\\/#\\\/schema\\\/person\\\/0e322c505e84fe72c65e2f6d08f96b81\",\"name\":\"Eric de Antderground\",\"image\":{\"@type\":\"ImageObject\",\"inLanguage\":\"ca\",\"@id\":\"https:\\\/\\\/secure.gravatar.com\\\/avatar\\\/c49a1b9f79216d1498cb73c1e85cd47f4465dda35f2a94c03790d491bd4423c3?s=96&d=mm&r=g\",\"url\":\"https:\\\/\\\/secure.gravatar.com\\\/avatar\\\/c49a1b9f79216d1498cb73c1e85cd47f4465dda35f2a94c03790d491bd4423c3?s=96&d=mm&r=g\",\"contentUrl\":\"https:\\\/\\\/secure.gravatar.com\\\/avatar\\\/c49a1b9f79216d1498cb73c1e85cd47f4465dda35f2a94c03790d491bd4423c3?s=96&d=mm&r=g\",\"caption\":\"Eric de Antderground\"},\"logo\":{\"@id\":\"https:\\\/\\\/secure.gravatar.com\\\/avatar\\\/c49a1b9f79216d1498cb73c1e85cd47f4465dda35f2a94c03790d491bd4423c3?s=96&d=mm&r=g\"},\"description\":\"Eric es el especialista y fundador de Antderground, con una amplia trayectoria en artr\u00f3podos y enfocado en la mirmecolog\u00eda y el dise\u00f1o de hormigueros artificiales. Su enfoque combina la innovaci\u00f3n t\u00e9cnica con el respeto por la biolog\u00eda de las hormigas, is\u00f3podos y otros, desarrollando sistemas de nidos modulares 3D y acr\u00edlicos que son referentes para aficionados y profesionales en toda Europa. Su objetivo es facilitar la cr\u00eda de hormigas y otros artr\u00f3podos mediante soluciones seguras y divulgaci\u00f3n de calidad.\",\"sameAs\":[\"https:\\\/\\\/antderground.com\\\/\",\"https:\\\/\\\/www.youtube.com\\\/channel\\\/UCio72z7TlbufkAthAJIJfPw\"]}]}<\/script>\n<!-- \/ Yoast SEO plugin. -->","yoast_head_json":{"title":"Davus pentaloris | tar\u00e0ntules ex\u00f2tiques - ANTDERGROUND","description":"Aconsegueix la Davus pentaloris \ud83d\udd77\ufe0f, una tar\u00e0ntula ex\u00f2tica de f\u00e0cil cura i colors vius. Perfecta per a aficionats! \ud83c\udf3f\u2728","robots":{"index":"index","follow":"follow","max-snippet":"max-snippet:-1","max-image-preview":"max-image-preview:large","max-video-preview":"max-video-preview:-1"},"canonical":"https:\/\/antderground.com\/ca\/producte\/davus-pentaloris\/","og_locale":"ca_ES","og_type":"article","og_title":"Davus pentaloris | tar\u00e0ntules ex\u00f2tiques - ANTDERGROUND","og_description":"Aconsegueix la Davus pentaloris \ud83d\udd77\ufe0f, una tar\u00e0ntula ex\u00f2tica de f\u00e0cil cura i colors vius. Perfecta per a aficionats! \ud83c\udf3f\u2728","og_url":"https:\/\/antderground.com\/ca\/producte\/davus-pentaloris\/","og_site_name":"ANTDERGROUND","og_image":[{"width":1600,"height":1600,"url":"https:\/\/antderground.com\/wp-content\/uploads\/2025\/02\/davus-pentaloris.jpeg","type":"image\/jpeg"}],"twitter_card":"summary_large_image","twitter_misc":{"Temps estimat de lectura":"1 minut"},"schema":{"@context":"https:\/\/schema.org","@graph":[{"@type":"WebPage","@id":"https:\/\/antderground.com\/ca\/producte\/davus-pentaloris\/","url":"https:\/\/antderground.com\/ca\/producte\/davus-pentaloris\/","name":"Davus pentaloris | tar\u00e0ntules ex\u00f2tiques - ANTDERGROUND","isPartOf":{"@id":"https:\/\/antderground.com\/ca\/#website"},"primaryImageOfPage":{"@id":"https:\/\/antderground.com\/ca\/producte\/davus-pentaloris\/#primaryimage"},"image":{"@id":"https:\/\/antderground.com\/ca\/producte\/davus-pentaloris\/#primaryimage"},"thumbnailUrl":"https:\/\/antderground.com\/wp-content\/uploads\/2025\/02\/davus-pentaloris.jpeg","datePublished":"2025-02-14T10:21:41+00:00","description":"Aconsegueix la Davus pentaloris \ud83d\udd77\ufe0f, una tar\u00e0ntula ex\u00f2tica de f\u00e0cil cura i colors vius. Perfecta per a aficionats! \ud83c\udf3f\u2728","breadcrumb":{"@id":"https:\/\/antderground.com\/ca\/producte\/davus-pentaloris\/#breadcrumb"},"inLanguage":"ca","potentialAction":[{"@type":"ReadAction","target":["https:\/\/antderground.com\/ca\/producte\/davus-pentaloris\/"]}]},{"@type":"ImageObject","inLanguage":"ca","@id":"https:\/\/antderground.com\/ca\/producte\/davus-pentaloris\/#primaryimage","url":"https:\/\/antderground.com\/wp-content\/uploads\/2025\/02\/davus-pentaloris.jpeg","contentUrl":"https:\/\/antderground.com\/wp-content\/uploads\/2025\/02\/davus-pentaloris.jpeg","width":1600,"height":1600,"caption":"davus pentaloris"},{"@type":"BreadcrumbList","@id":"https:\/\/antderground.com\/ca\/producte\/davus-pentaloris\/#breadcrumb","itemListElement":[{"@type":"ListItem","position":1,"name":"Portada","item":"https:\/\/antderground.com\/ca\/"},{"@type":"ListItem","position":2,"name":"Productes","item":"https:\/\/antderground.com\/ca\/productes\/"},{"@type":"ListItem","position":3,"name":"Davus pentaloris"}]},{"@type":"WebSite","@id":"https:\/\/antderground.com\/ca\/#website","url":"https:\/\/antderground.com\/ca\/","name":"ANTDERGROUND","description":"Tu tienda de hormigas, gran variedad de hormigueros acr\u00edlicos,madera,arena,3D y mas.. Pide tus hormigas gratis con tu pedido, somos expertos en hormigueros antifugas.","publisher":{"@id":"https:\/\/antderground.com\/ca\/#\/schema\/person\/0e322c505e84fe72c65e2f6d08f96b81"},"alternateName":"Antderground","potentialAction":[{"@type":"SearchAction","target":{"@type":"EntryPoint","urlTemplate":"https:\/\/antderground.com\/ca\/?s={search_term_string}"},"query-input":{"@type":"PropertyValueSpecification","valueRequired":true,"valueName":"search_term_string"}}],"inLanguage":"ca"},{"@type":["Person","Organization"],"@id":"https:\/\/antderground.com\/ca\/#\/schema\/person\/0e322c505e84fe72c65e2f6d08f96b81","name":"Eric de Antderground","image":{"@type":"ImageObject","inLanguage":"ca","@id":"https:\/\/secure.gravatar.com\/avatar\/c49a1b9f79216d1498cb73c1e85cd47f4465dda35f2a94c03790d491bd4423c3?s=96&d=mm&r=g","url":"https:\/\/secure.gravatar.com\/avatar\/c49a1b9f79216d1498cb73c1e85cd47f4465dda35f2a94c03790d491bd4423c3?s=96&d=mm&r=g","contentUrl":"https:\/\/secure.gravatar.com\/avatar\/c49a1b9f79216d1498cb73c1e85cd47f4465dda35f2a94c03790d491bd4423c3?s=96&d=mm&r=g","caption":"Eric de Antderground"},"logo":{"@id":"https:\/\/secure.gravatar.com\/avatar\/c49a1b9f79216d1498cb73c1e85cd47f4465dda35f2a94c03790d491bd4423c3?s=96&d=mm&r=g"},"description":"Eric es el especialista y fundador de Antderground, con una amplia trayectoria en artr\u00f3podos y enfocado en la mirmecolog\u00eda y el dise\u00f1o de hormigueros artificiales. Su enfoque combina la innovaci\u00f3n t\u00e9cnica con el respeto por la biolog\u00eda de las hormigas, is\u00f3podos y otros, desarrollando sistemas de nidos modulares 3D y acr\u00edlicos que son referentes para aficionados y profesionales en toda Europa. Su objetivo es facilitar la cr\u00eda de hormigas y otros artr\u00f3podos mediante soluciones seguras y divulgaci\u00f3n de calidad.","sameAs":["https:\/\/antderground.com\/","https:\/\/www.youtube.com\/channel\/UCio72z7TlbufkAthAJIJfPw"]}]}},"_links":{"self":[{"href":"https:\/\/antderground.com\/ca\/wp-json\/wp\/v2\/product\/40206","targetHints":{"allow":["GET"]}}],"collection":[{"href":"https:\/\/antderground.com\/ca\/wp-json\/wp\/v2\/product"}],"about":[{"href":"https:\/\/antderground.com\/ca\/wp-json\/wp\/v2\/types\/product"}],"version-history":[{"count":0,"href":"https:\/\/antderground.com\/ca\/wp-json\/wp\/v2\/product\/40206\/revisions"}],"wp:featuredmedia":[{"embeddable":true,"href":"https:\/\/antderground.com\/ca\/wp-json\/wp\/v2\/media\/40192"}],"wp:attachment":[{"href":"https:\/\/antderground.com\/ca\/wp-json\/wp\/v2\/media?parent=40206"}],"wp:term":[{"taxonomy":"product_brand","embeddable":true,"href":"https:\/\/antderground.com\/ca\/wp-json\/wp\/v2\/product_brand?post=40206"},{"taxonomy":"product_cat","embeddable":true,"href":"https:\/\/antderground.com\/ca\/wp-json\/wp\/v2\/product_cat?post=40206"},{"taxonomy":"product_tag","embeddable":true,"href":"https:\/\/antderground.com\/ca\/wp-json\/wp\/v2\/product_tag?post=40206"}],"curies":[{"name":"wp","href":"https:\/\/api.w.org\/{rel}","templated":true}]}}