{"id":40559,"date":"2025-02-21T16:19:40","date_gmt":"2025-02-21T15:19:40","guid":{"rendered":"https:\/\/www.antderground.com\/producto\/pilea-peperomioides\/"},"modified":"2025-02-25T17:25:26","modified_gmt":"2025-02-25T16:25:26","slug":"pilea-peperomioides","status":"publish","type":"product","link":"https:\/\/antderground.com\/ca\/producte\/pilea-peperomioides\/","title":{"rendered":"Pilea Peperomioides"},"content":{"rendered":"<h3 data-start=\"0\" data-end=\"45\"><strong data-start=\"4\" data-end=\"43\">Fitxa T\u00e8cnica (Pilea Peperomioides)<\/strong><\/h3>\n<p data-start=\"47\" data-end=\"171\"><strong data-start=\"47\" data-end=\"60\">Nom com\u00fa:<\/strong> Planta dels diners xinesa, Pilea xinesa<br data-start=\"100\" data-end=\"103\" \/><strong data-start=\"103\" data-end=\"121\">Nom cient\u00edfic:<\/strong> <em data-start=\"122\" data-end=\"143\">Pilea peperomioides<\/em><br data-start=\"143\" data-end=\"146\" \/><strong data-start=\"146\" data-end=\"158\">Fam\u00edlia:<\/strong> Urticaceae<\/p>\n<h3 data-start=\"173\" data-end=\"193\"><strong data-start=\"177\" data-end=\"191\">Descripci\u00f3<\/strong><\/h3>\n<p data-start=\"194\" data-end=\"409\">La <strong data-start=\"197\" data-end=\"220\">Pilea peperomioides<\/strong> \u00e9s una planta d&#8217;interior molt popular per les seves fulles rodones i el seu creixement compacte. Origin\u00e0ria del sud-oest de la Xina, \u00e9s f\u00e0cil de cuidar i s\u2019adapta b\u00e9 a diferents entorns.<\/p>\n<h3 data-start=\"411\" data-end=\"426\"><strong data-start=\"415\" data-end=\"424\">Cures<\/strong><\/h3>\n<ul data-start=\"428\" data-end=\"1135\">\n<li data-start=\"428\" data-end=\"558\"><strong data-start=\"430\" data-end=\"439\">Llum:<\/strong> Prefereix llum indirecta brillant. Evitar l&#8217;exposici\u00f3 prolongada al sol directe, ja que pot cremar les seves fulles.<\/li>\n<li data-start=\"559\" data-end=\"657\"><strong data-start=\"561\" data-end=\"569\">Reg:<\/strong> Moderat; regar quan el substrat estigui sec a la capa superior. Evitar l\u2019embassament.<\/li>\n<li data-start=\"658\" data-end=\"752\"><strong data-start=\"660\" data-end=\"672\">Humitat:<\/strong> No \u00e9s exigent amb la humitat, tot i que agraeix ambients lleugerament humits.<\/li>\n<li data-start=\"753\" data-end=\"837\"><strong data-start=\"755\" data-end=\"771\">Temperatura:<\/strong> Ideal entre 18-25\u00b0C. No tolera temperatures per sota dels 10\u00b0C.<\/li>\n<li data-start=\"838\" data-end=\"931\"><strong data-start=\"840\" data-end=\"853\">Substrat:<\/strong> Lleuger i ben drenat, idealment amb torba i perlita per facilitar l\u2019aireig.<\/li>\n<li data-start=\"932\" data-end=\"1038\"><strong data-start=\"934\" data-end=\"943\">Adob:<\/strong> Aplicar fertilitzant l\u00edquid per a plantes verdes cada 2-3 setmanes a la primavera i l\u2019estiu.<\/li>\n<li data-start=\"1039\" data-end=\"1135\"><strong data-start=\"1041\" data-end=\"1050\">Poda:<\/strong> No requereix poda freq\u00fcent, per\u00f2 \u00e9s recomanable eliminar fulles seques o danyades.<\/li>\n<\/ul>\n<h3 data-start=\"1137\" data-end=\"1157\"><strong data-start=\"1141\" data-end=\"1155\">Avantatges<\/strong><\/h3>\n<p data-start=\"1159\" data-end=\"1368\">\u2705 F\u00e0cil de cuidar, ideal per a principiants.<br data-start=\"1203\" data-end=\"1206\" \/>\u2705 Purifica l\u2019aire.<br data-start=\"1224\" data-end=\"1227\" \/>\u2705 Creixement r\u00e0pid i propagaci\u00f3 senzilla mitjan\u00e7ant fillols.<br data-start=\"1287\" data-end=\"1290\" \/>\u2705 Aporta un toc decoratiu modern amb les seves fulles rodones i sim\u00e8triques.<\/p>\n<h3 data-start=\"1370\" data-end=\"1384\"><strong data-start=\"1374\" data-end=\"1382\">Usos<\/strong><\/h3>\n<ul data-start=\"1386\" data-end=\"1529\">\n<li data-start=\"1386\" data-end=\"1470\"><strong data-start=\"1388\" data-end=\"1414\">Decoraci\u00f3 d\u2019interiors:<\/strong> Perfecta per a oficines, escriptoris i prestatgeries.<\/li>\n<li data-start=\"1471\" data-end=\"1529\"><strong data-start=\"1473\" data-end=\"1483\">Regal:<\/strong> Popular com a s\u00edmbol de prosperitat i sort.<\/li>\n<\/ul>\n","protected":false},"excerpt":{"rendered":"<p>D\u00f3na un toc fresc i modern a casa teva amb la <strong data-start=\"1620\" data-end=\"1643\">Pilea peperomioides<\/strong>! \ud83c\udf3f Amb les seves fulles rodones i vibrants, aquesta planta no nom\u00e9s decora el teu espai, sin\u00f3 que tamb\u00e9 atrau bones energies. F\u00e0cil de cuidar i perfecta per a qualsevol rac\u00f3! \ud83d\udc9a<\/p>\n<p><strong>Caracter\u00edstiques<\/strong>:<\/p>\n<ul>\n<li>Test: 12 cm<\/li>\n<li>\u00a0Interior<\/li>\n<\/ul>\n","protected":false},"featured_media":40439,"template":"","meta":[],"product_brand":[],"product_cat":[636],"product_tag":[],"class_list":{"0":"post-40559","1":"product","2":"type-product","3":"status-publish","4":"has-post-thumbnail","6":"product_cat-plantes-naturals","8":"first","9":"instock","10":"shipping-taxable","11":"purchasable","12":"product-type-simple"},"yoast_head":"<!-- This site is optimized with the Yoast SEO plugin v27.3 - https:\/\/yoast.com\/product\/yoast-seo-wordpress\/ -->\n<title>Pilea Peperomioides | Planta d&#039;interior - ANTDERGROUND<\/title>\n<meta name=\"description\" content=\"Decora casa teva amb la Pilea peperomioides \ud83c\udf3f. F\u00e0cil de cuidar, decorativa i plena d\u2019energia positiva. D\u00f3na vida al teu espai! \ud83d\udc9a\" \/>\n<meta name=\"robots\" content=\"index, follow, max-snippet:-1, max-image-preview:large, max-video-preview:-1\" \/>\n<link rel=\"canonical\" href=\"https:\/\/antderground.com\/ca\/producte\/pilea-peperomioides\/\" \/>\n<meta property=\"og:locale\" content=\"ca_ES\" \/>\n<meta property=\"og:type\" content=\"article\" \/>\n<meta property=\"og:title\" content=\"Pilea Peperomioides | Planta d&#039;interior - ANTDERGROUND\" \/>\n<meta property=\"og:description\" content=\"Decora casa teva amb la Pilea peperomioides \ud83c\udf3f. F\u00e0cil de cuidar, decorativa i plena d\u2019energia positiva. D\u00f3na vida al teu espai! \ud83d\udc9a\" \/>\n<meta property=\"og:url\" content=\"https:\/\/antderground.com\/ca\/producte\/pilea-peperomioides\/\" \/>\n<meta property=\"og:site_name\" content=\"ANTDERGROUND\" \/>\n<meta property=\"article:modified_time\" content=\"2025-02-25T16:25:26+00:00\" \/>\n<meta property=\"og:image\" content=\"https:\/\/antderground.com\/wp-content\/uploads\/2025\/02\/Pilea-Peperomioides-planta-natural-.jpg\" \/>\n\t<meta property=\"og:image:width\" content=\"1417\" \/>\n\t<meta property=\"og:image:height\" content=\"1417\" \/>\n\t<meta property=\"og:image:type\" content=\"image\/jpeg\" \/>\n<meta name=\"twitter:card\" content=\"summary_large_image\" \/>\n<meta name=\"twitter:label1\" content=\"Temps estimat de lectura\" \/>\n\t<meta name=\"twitter:data1\" content=\"1 minut\" \/>\n<script type=\"application\/ld+json\" class=\"yoast-schema-graph\">{\"@context\":\"https:\\\/\\\/schema.org\",\"@graph\":[{\"@type\":\"WebPage\",\"@id\":\"https:\\\/\\\/antderground.com\\\/ca\\\/producte\\\/pilea-peperomioides\\\/\",\"url\":\"https:\\\/\\\/antderground.com\\\/ca\\\/producte\\\/pilea-peperomioides\\\/\",\"name\":\"Pilea Peperomioides | Planta d'interior - ANTDERGROUND\",\"isPartOf\":{\"@id\":\"https:\\\/\\\/antderground.com\\\/ca\\\/#website\"},\"primaryImageOfPage\":{\"@id\":\"https:\\\/\\\/antderground.com\\\/ca\\\/producte\\\/pilea-peperomioides\\\/#primaryimage\"},\"image\":{\"@id\":\"https:\\\/\\\/antderground.com\\\/ca\\\/producte\\\/pilea-peperomioides\\\/#primaryimage\"},\"thumbnailUrl\":\"https:\\\/\\\/antderground.com\\\/wp-content\\\/uploads\\\/2025\\\/02\\\/Pilea-Peperomioides-planta-natural-.jpg\",\"datePublished\":\"2025-02-21T15:19:40+00:00\",\"dateModified\":\"2025-02-25T16:25:26+00:00\",\"description\":\"Decora casa teva amb la Pilea peperomioides \ud83c\udf3f. F\u00e0cil de cuidar, decorativa i plena d\u2019energia positiva. D\u00f3na vida al teu espai! \ud83d\udc9a\",\"breadcrumb\":{\"@id\":\"https:\\\/\\\/antderground.com\\\/ca\\\/producte\\\/pilea-peperomioides\\\/#breadcrumb\"},\"inLanguage\":\"ca\",\"potentialAction\":[{\"@type\":\"ReadAction\",\"target\":[\"https:\\\/\\\/antderground.com\\\/ca\\\/producte\\\/pilea-peperomioides\\\/\"]}]},{\"@type\":\"ImageObject\",\"inLanguage\":\"ca\",\"@id\":\"https:\\\/\\\/antderground.com\\\/ca\\\/producte\\\/pilea-peperomioides\\\/#primaryimage\",\"url\":\"https:\\\/\\\/antderground.com\\\/wp-content\\\/uploads\\\/2025\\\/02\\\/Pilea-Peperomioides-planta-natural-.jpg\",\"contentUrl\":\"https:\\\/\\\/antderground.com\\\/wp-content\\\/uploads\\\/2025\\\/02\\\/Pilea-Peperomioides-planta-natural-.jpg\",\"width\":1417,\"height\":1417,\"caption\":\"Pilea Peperomioides planta natural\"},{\"@type\":\"BreadcrumbList\",\"@id\":\"https:\\\/\\\/antderground.com\\\/ca\\\/producte\\\/pilea-peperomioides\\\/#breadcrumb\",\"itemListElement\":[{\"@type\":\"ListItem\",\"position\":1,\"name\":\"Portada\",\"item\":\"https:\\\/\\\/antderground.com\\\/ca\\\/\"},{\"@type\":\"ListItem\",\"position\":2,\"name\":\"Productes\",\"item\":\"https:\\\/\\\/antderground.com\\\/ca\\\/productes\\\/\"},{\"@type\":\"ListItem\",\"position\":3,\"name\":\"Pilea Peperomioides\"}]},{\"@type\":\"WebSite\",\"@id\":\"https:\\\/\\\/antderground.com\\\/ca\\\/#website\",\"url\":\"https:\\\/\\\/antderground.com\\\/ca\\\/\",\"name\":\"ANTDERGROUND\",\"description\":\"Tu tienda de hormigas, gran variedad de hormigueros acr\u00edlicos,madera,arena,3D y mas.. Pide tus hormigas gratis con tu pedido, somos expertos en hormigueros antifugas.\",\"publisher\":{\"@id\":\"https:\\\/\\\/antderground.com\\\/ca\\\/#\\\/schema\\\/person\\\/0e322c505e84fe72c65e2f6d08f96b81\"},\"alternateName\":\"Antderground\",\"potentialAction\":[{\"@type\":\"SearchAction\",\"target\":{\"@type\":\"EntryPoint\",\"urlTemplate\":\"https:\\\/\\\/antderground.com\\\/ca\\\/?s={search_term_string}\"},\"query-input\":{\"@type\":\"PropertyValueSpecification\",\"valueRequired\":true,\"valueName\":\"search_term_string\"}}],\"inLanguage\":\"ca\"},{\"@type\":[\"Person\",\"Organization\"],\"@id\":\"https:\\\/\\\/antderground.com\\\/ca\\\/#\\\/schema\\\/person\\\/0e322c505e84fe72c65e2f6d08f96b81\",\"name\":\"Eric de Antderground\",\"image\":{\"@type\":\"ImageObject\",\"inLanguage\":\"ca\",\"@id\":\"https:\\\/\\\/secure.gravatar.com\\\/avatar\\\/c49a1b9f79216d1498cb73c1e85cd47f4465dda35f2a94c03790d491bd4423c3?s=96&d=mm&r=g\",\"url\":\"https:\\\/\\\/secure.gravatar.com\\\/avatar\\\/c49a1b9f79216d1498cb73c1e85cd47f4465dda35f2a94c03790d491bd4423c3?s=96&d=mm&r=g\",\"contentUrl\":\"https:\\\/\\\/secure.gravatar.com\\\/avatar\\\/c49a1b9f79216d1498cb73c1e85cd47f4465dda35f2a94c03790d491bd4423c3?s=96&d=mm&r=g\",\"caption\":\"Eric de Antderground\"},\"logo\":{\"@id\":\"https:\\\/\\\/secure.gravatar.com\\\/avatar\\\/c49a1b9f79216d1498cb73c1e85cd47f4465dda35f2a94c03790d491bd4423c3?s=96&d=mm&r=g\"},\"description\":\"Eric es el especialista y fundador de Antderground, con una amplia trayectoria en artr\u00f3podos y enfocado en la mirmecolog\u00eda y el dise\u00f1o de hormigueros artificiales. Su enfoque combina la innovaci\u00f3n t\u00e9cnica con el respeto por la biolog\u00eda de las hormigas, is\u00f3podos y otros, desarrollando sistemas de nidos modulares 3D y acr\u00edlicos que son referentes para aficionados y profesionales en toda Europa. Su objetivo es facilitar la cr\u00eda de hormigas y otros artr\u00f3podos mediante soluciones seguras y divulgaci\u00f3n de calidad.\",\"sameAs\":[\"https:\\\/\\\/antderground.com\\\/\",\"https:\\\/\\\/www.youtube.com\\\/channel\\\/UCio72z7TlbufkAthAJIJfPw\"]}]}<\/script>\n<!-- \/ Yoast SEO plugin. -->","yoast_head_json":{"title":"Pilea Peperomioides | Planta d'interior - ANTDERGROUND","description":"Decora casa teva amb la Pilea peperomioides \ud83c\udf3f. F\u00e0cil de cuidar, decorativa i plena d\u2019energia positiva. D\u00f3na vida al teu espai! \ud83d\udc9a","robots":{"index":"index","follow":"follow","max-snippet":"max-snippet:-1","max-image-preview":"max-image-preview:large","max-video-preview":"max-video-preview:-1"},"canonical":"https:\/\/antderground.com\/ca\/producte\/pilea-peperomioides\/","og_locale":"ca_ES","og_type":"article","og_title":"Pilea Peperomioides | Planta d'interior - ANTDERGROUND","og_description":"Decora casa teva amb la Pilea peperomioides \ud83c\udf3f. F\u00e0cil de cuidar, decorativa i plena d\u2019energia positiva. D\u00f3na vida al teu espai! \ud83d\udc9a","og_url":"https:\/\/antderground.com\/ca\/producte\/pilea-peperomioides\/","og_site_name":"ANTDERGROUND","article_modified_time":"2025-02-25T16:25:26+00:00","og_image":[{"width":1417,"height":1417,"url":"https:\/\/antderground.com\/wp-content\/uploads\/2025\/02\/Pilea-Peperomioides-planta-natural-.jpg","type":"image\/jpeg"}],"twitter_card":"summary_large_image","twitter_misc":{"Temps estimat de lectura":"1 minut"},"schema":{"@context":"https:\/\/schema.org","@graph":[{"@type":"WebPage","@id":"https:\/\/antderground.com\/ca\/producte\/pilea-peperomioides\/","url":"https:\/\/antderground.com\/ca\/producte\/pilea-peperomioides\/","name":"Pilea Peperomioides | Planta d'interior - ANTDERGROUND","isPartOf":{"@id":"https:\/\/antderground.com\/ca\/#website"},"primaryImageOfPage":{"@id":"https:\/\/antderground.com\/ca\/producte\/pilea-peperomioides\/#primaryimage"},"image":{"@id":"https:\/\/antderground.com\/ca\/producte\/pilea-peperomioides\/#primaryimage"},"thumbnailUrl":"https:\/\/antderground.com\/wp-content\/uploads\/2025\/02\/Pilea-Peperomioides-planta-natural-.jpg","datePublished":"2025-02-21T15:19:40+00:00","dateModified":"2025-02-25T16:25:26+00:00","description":"Decora casa teva amb la Pilea peperomioides \ud83c\udf3f. F\u00e0cil de cuidar, decorativa i plena d\u2019energia positiva. D\u00f3na vida al teu espai! \ud83d\udc9a","breadcrumb":{"@id":"https:\/\/antderground.com\/ca\/producte\/pilea-peperomioides\/#breadcrumb"},"inLanguage":"ca","potentialAction":[{"@type":"ReadAction","target":["https:\/\/antderground.com\/ca\/producte\/pilea-peperomioides\/"]}]},{"@type":"ImageObject","inLanguage":"ca","@id":"https:\/\/antderground.com\/ca\/producte\/pilea-peperomioides\/#primaryimage","url":"https:\/\/antderground.com\/wp-content\/uploads\/2025\/02\/Pilea-Peperomioides-planta-natural-.jpg","contentUrl":"https:\/\/antderground.com\/wp-content\/uploads\/2025\/02\/Pilea-Peperomioides-planta-natural-.jpg","width":1417,"height":1417,"caption":"Pilea Peperomioides planta natural"},{"@type":"BreadcrumbList","@id":"https:\/\/antderground.com\/ca\/producte\/pilea-peperomioides\/#breadcrumb","itemListElement":[{"@type":"ListItem","position":1,"name":"Portada","item":"https:\/\/antderground.com\/ca\/"},{"@type":"ListItem","position":2,"name":"Productes","item":"https:\/\/antderground.com\/ca\/productes\/"},{"@type":"ListItem","position":3,"name":"Pilea Peperomioides"}]},{"@type":"WebSite","@id":"https:\/\/antderground.com\/ca\/#website","url":"https:\/\/antderground.com\/ca\/","name":"ANTDERGROUND","description":"Tu tienda de hormigas, gran variedad de hormigueros acr\u00edlicos,madera,arena,3D y mas.. Pide tus hormigas gratis con tu pedido, somos expertos en hormigueros antifugas.","publisher":{"@id":"https:\/\/antderground.com\/ca\/#\/schema\/person\/0e322c505e84fe72c65e2f6d08f96b81"},"alternateName":"Antderground","potentialAction":[{"@type":"SearchAction","target":{"@type":"EntryPoint","urlTemplate":"https:\/\/antderground.com\/ca\/?s={search_term_string}"},"query-input":{"@type":"PropertyValueSpecification","valueRequired":true,"valueName":"search_term_string"}}],"inLanguage":"ca"},{"@type":["Person","Organization"],"@id":"https:\/\/antderground.com\/ca\/#\/schema\/person\/0e322c505e84fe72c65e2f6d08f96b81","name":"Eric de Antderground","image":{"@type":"ImageObject","inLanguage":"ca","@id":"https:\/\/secure.gravatar.com\/avatar\/c49a1b9f79216d1498cb73c1e85cd47f4465dda35f2a94c03790d491bd4423c3?s=96&d=mm&r=g","url":"https:\/\/secure.gravatar.com\/avatar\/c49a1b9f79216d1498cb73c1e85cd47f4465dda35f2a94c03790d491bd4423c3?s=96&d=mm&r=g","contentUrl":"https:\/\/secure.gravatar.com\/avatar\/c49a1b9f79216d1498cb73c1e85cd47f4465dda35f2a94c03790d491bd4423c3?s=96&d=mm&r=g","caption":"Eric de Antderground"},"logo":{"@id":"https:\/\/secure.gravatar.com\/avatar\/c49a1b9f79216d1498cb73c1e85cd47f4465dda35f2a94c03790d491bd4423c3?s=96&d=mm&r=g"},"description":"Eric es el especialista y fundador de Antderground, con una amplia trayectoria en artr\u00f3podos y enfocado en la mirmecolog\u00eda y el dise\u00f1o de hormigueros artificiales. Su enfoque combina la innovaci\u00f3n t\u00e9cnica con el respeto por la biolog\u00eda de las hormigas, is\u00f3podos y otros, desarrollando sistemas de nidos modulares 3D y acr\u00edlicos que son referentes para aficionados y profesionales en toda Europa. Su objetivo es facilitar la cr\u00eda de hormigas y otros artr\u00f3podos mediante soluciones seguras y divulgaci\u00f3n de calidad.","sameAs":["https:\/\/antderground.com\/","https:\/\/www.youtube.com\/channel\/UCio72z7TlbufkAthAJIJfPw"]}]}},"_links":{"self":[{"href":"https:\/\/antderground.com\/ca\/wp-json\/wp\/v2\/product\/40559","targetHints":{"allow":["GET"]}}],"collection":[{"href":"https:\/\/antderground.com\/ca\/wp-json\/wp\/v2\/product"}],"about":[{"href":"https:\/\/antderground.com\/ca\/wp-json\/wp\/v2\/types\/product"}],"version-history":[{"count":0,"href":"https:\/\/antderground.com\/ca\/wp-json\/wp\/v2\/product\/40559\/revisions"}],"wp:featuredmedia":[{"embeddable":true,"href":"https:\/\/antderground.com\/ca\/wp-json\/wp\/v2\/media\/40439"}],"wp:attachment":[{"href":"https:\/\/antderground.com\/ca\/wp-json\/wp\/v2\/media?parent=40559"}],"wp:term":[{"taxonomy":"product_brand","embeddable":true,"href":"https:\/\/antderground.com\/ca\/wp-json\/wp\/v2\/product_brand?post=40559"},{"taxonomy":"product_cat","embeddable":true,"href":"https:\/\/antderground.com\/ca\/wp-json\/wp\/v2\/product_cat?post=40559"},{"taxonomy":"product_tag","embeddable":true,"href":"https:\/\/antderground.com\/ca\/wp-json\/wp\/v2\/product_tag?post=40559"}],"curies":[{"name":"wp","href":"https:\/\/api.w.org\/{rel}","templated":true}]}}