{"id":40585,"date":"2025-02-21T22:02:15","date_gmt":"2025-02-21T21:02:15","guid":{"rendered":"https:\/\/www.antderground.com\/producto\/cubaris-sp-red-edge-albino-andaman-pearl\/"},"modified":"2025-02-21T22:02:15","modified_gmt":"2025-02-21T21:02:15","slug":"cubaris-sp-red-edge-albino-andaman-pearl","status":"publish","type":"product","link":"https:\/\/antderground.com\/ca\/producte\/cubaris-sp-red-edge-albino-andaman-pearl\/","title":{"rendered":"Cubaris sp. &#8220;Red Edge Albino &#8211; Andaman Pearl&#8221;"},"content":{"rendered":"<h3 data-start=\"0\" data-end=\"66\"><strong data-start=\"4\" data-end=\"64\">Fitxa t\u00e8cnica de l\u2019is\u00f2pode Cubaris sp. \u2018Red Edge Albino &#8211; Andaman Pearl\u2019<\/strong><\/h3>\n<h4 data-start=\"68\" data-end=\"93\"><strong data-start=\"73\" data-end=\"91\">Nom cient\u00edfic:<\/strong><\/h4>\n<p data-start=\"94\" data-end=\"125\">Cubaris sp. \u2018Red Edge Albino\u2019<\/p>\n<h4 data-start=\"127\" data-end=\"147\"><strong data-start=\"132\" data-end=\"145\">Nom com\u00fa:<\/strong><\/h4>\n<p data-start=\"148\" data-end=\"173\">Is\u00f2pode Red Edge Albino<\/p>\n<h4 data-start=\"175\" data-end=\"211\"><strong data-start=\"180\" data-end=\"209\">Origen i h\u00e0bitat natural:<\/strong><\/h4>\n<p data-start=\"212\" data-end=\"352\">Originari del sud-est asi\u00e0tic, habita en s\u00f2ls humits, sota roques i troncs en descomposici\u00f3. Prefereix ambients c\u00e0lids i amb alta humitat.<\/p>\n<h4 data-start=\"354\" data-end=\"377\"><strong data-start=\"359\" data-end=\"375\">Mida adulta:<\/strong><\/h4>\n<p data-start=\"378\" data-end=\"402\">Aproximadament 1,5 cm.<\/p>\n<h4 data-start=\"404\" data-end=\"438\"><strong data-start=\"409\" data-end=\"436\">Coloraci\u00f3 i morfologia:<\/strong><\/h4>\n<p data-start=\"439\" data-end=\"602\">T\u00e9 un color base blanc o crema p\u00e0l\u00b7lid a causa de la seva condici\u00f3 albina, amb vores vermelloses a l\u2019exosquelet. Pot enrotllar-se en forma de bola com a defensa.<\/p>\n<h4 data-start=\"604\" data-end=\"633\"><strong data-start=\"609\" data-end=\"631\">Esperan\u00e7a de vida:<\/strong><\/h4>\n<p data-start=\"634\" data-end=\"675\">Entre 2 i 3 anys en condicions \u00f2ptimes.<\/p>\n<h4 data-start=\"677\" data-end=\"710\"><strong data-start=\"682\" data-end=\"708\">Condicions ambientals:<\/strong><\/h4>\n<ul data-start=\"711\" data-end=\"831\">\n<li data-start=\"711\" data-end=\"740\"><strong data-start=\"713\" data-end=\"729\">Temperatura:<\/strong> 22-26\u00b0C.<\/li>\n<li data-start=\"741\" data-end=\"766\"><strong data-start=\"743\" data-end=\"755\">Humitat:<\/strong> 70-85 %.<\/li>\n<li data-start=\"767\" data-end=\"831\"><strong data-start=\"769\" data-end=\"784\">Ventilaci\u00f3:<\/strong> Moderada, evitant exc\u00e9s d\u2019humitat estancada.<\/li>\n<\/ul>\n<h4 data-start=\"833\" data-end=\"856\"><strong data-start=\"838\" data-end=\"854\">Alimentaci\u00f3:<\/strong><\/h4>\n<p data-start=\"857\" data-end=\"1014\">Detrit\u00edvor i omn\u00edvor. La seva dieta inclou fulles seques, fusta en descomposici\u00f3, calci, prote\u00efnes suplement\u00e0ries i petites porcions de fruites o verdures.<\/p>\n<h4 data-start=\"1016\" data-end=\"1039\"><strong data-start=\"1021\" data-end=\"1037\">Reproducci\u00f3:<\/strong><\/h4>\n<ul data-start=\"1040\" data-end=\"1205\">\n<li data-start=\"1040\" data-end=\"1074\">Maduresa sexual als 4-6 mesos.<\/li>\n<li data-start=\"1075\" data-end=\"1164\">La femella incuba els ous al seu marsupi, d\u2019on en surten cries completament formades.<\/li>\n<li data-start=\"1165\" data-end=\"1205\">Cicle reproductiu moderadament lent.<\/li>\n<\/ul>\n<h4 data-start=\"1207\" data-end=\"1248\"><strong data-start=\"1212\" data-end=\"1246\">Comportament i compatibilitat:<\/strong><\/h4>\n<p data-start=\"1249\" data-end=\"1410\">\u00c9s una esp\u00e8cie t\u00edmida i d\u2019h\u00e0bits nocturns. Viu en col\u00f2nies per\u00f2 no \u00e9s tan gregari com altres is\u00f2podes. Pot conviure amb altres esp\u00e8cies amb requisits similars.<\/p>\n<h4 data-start=\"1412\" data-end=\"1442\"><strong data-start=\"1417\" data-end=\"1440\">Substrat recomanat:<\/strong><\/h4>\n<p data-start=\"1443\" data-end=\"1596\">Fibra de coco, fullaraca seca, fusta en descomposici\u00f3, molsa de <em data-start=\"1507\" data-end=\"1517\">sphagnum<\/em> i suplement de calci. S\u2019ha de mantenir sempre humit, per\u00f2 sense embassar-se.<\/p>\n<h4 data-start=\"1598\" data-end=\"1635\"><strong data-start=\"1603\" data-end=\"1633\">Dificultat de manteniment:<\/strong><\/h4>\n<p data-start=\"1636\" data-end=\"1734\">Mitjana. Necessita estabilitat en temperatura i humitat, amb un equilibri adequat de ventilaci\u00f3.<\/p>\n<h4 data-start=\"1736\" data-end=\"1766\"><strong data-start=\"1741\" data-end=\"1764\">Usos i aplicacions:<\/strong><\/h4>\n<ul data-start=\"1767\" data-end=\"1920\">\n<li data-start=\"1767\" data-end=\"1802\">Ideal per a terraris bioactius.<\/li>\n<li data-start=\"1803\" data-end=\"1841\">Criat com a esp\u00e8cie de col\u00b7lecci\u00f3.<\/li>\n<li data-start=\"1842\" data-end=\"1920\">Contribueix a la descomposici\u00f3 de mat\u00e8ria org\u00e0nica en ecosistemes tancats.<\/li>\n<\/ul>\n","protected":false},"excerpt":{"rendered":"<p>Exclusiu i fascinant! \ud83d\ude0d El <strong data-start=\"2026\" data-end=\"2059\">Cubaris sp. \u2018Red Edge Albino &#8211; Andaman Pearl\u2019<\/strong> destaca per la seva tonalitat \u00fanica i el seu comportament curi\u00f3s. Perfecte per a bioactius o com a joia de col\u00b7lecci\u00f3. \ud83c\udf3f\ud83d\udc3e Afegeix-lo a la teva col\u00f2nia i dona un toc especial al teu terrari!<\/p>\n","protected":false},"featured_media":40450,"template":"","meta":[],"product_brand":[],"product_cat":[420,422,716],"product_tag":[],"class_list":{"0":"post-40585","1":"product","2":"type-product","3":"status-publish","4":"has-post-thumbnail","6":"product_cat-artropodes","7":"product_cat-isopodes-ca","8":"product_cat-cubaris","10":"first","11":"instock","12":"shipping-taxable","13":"purchasable","14":"product-type-variable"},"yoast_head":"<!-- This site is optimized with the Yoast SEO plugin v27.4 - https:\/\/yoast.com\/product\/yoast-seo-wordpress\/ -->\n<title>Cubaris sp. &quot;Red Edge Albino - Andaman Pearl&quot; | is\u00f2podes en venda - ANTDERGROUND<\/title>\n<meta name=\"description\" content=\"Descobreix l\u2019incre\u00efble Cubaris sp. \u2018Red Edge Albino - Andaman Pearl\u2019 \ud83d\udc1e\ud83c\udf3f, un is\u00f2pode ex\u00f2tic amb colors \u00fanics. Perfecte per a terraris bioactius! \ud83d\ude80\" \/>\n<meta name=\"robots\" content=\"index, follow, max-snippet:-1, max-image-preview:large, max-video-preview:-1\" \/>\n<link rel=\"canonical\" href=\"https:\/\/antderground.com\/ca\/producte\/cubaris-sp-red-edge-albino-andaman-pearl\/\" \/>\n<meta property=\"og:locale\" content=\"ca_ES\" \/>\n<meta property=\"og:type\" content=\"article\" \/>\n<meta property=\"og:title\" content=\"Cubaris sp. &quot;Red Edge Albino - Andaman Pearl&quot; | is\u00f2podes en venda - ANTDERGROUND\" \/>\n<meta property=\"og:description\" content=\"Descobreix l\u2019incre\u00efble Cubaris sp. \u2018Red Edge Albino - Andaman Pearl\u2019 \ud83d\udc1e\ud83c\udf3f, un is\u00f2pode ex\u00f2tic amb colors \u00fanics. Perfecte per a terraris bioactius! \ud83d\ude80\" \/>\n<meta property=\"og:url\" content=\"https:\/\/antderground.com\/ca\/producte\/cubaris-sp-red-edge-albino-andaman-pearl\/\" \/>\n<meta property=\"og:site_name\" content=\"ANTDERGROUND\" \/>\n<meta property=\"og:image\" content=\"https:\/\/antderground.com\/wp-content\/uploads\/2025\/02\/Cubaris-red-Edge-albino-1021x1024.png\" \/>\n\t<meta property=\"og:image:width\" content=\"1021\" \/>\n\t<meta property=\"og:image:height\" content=\"1024\" \/>\n\t<meta property=\"og:image:type\" content=\"image\/png\" \/>\n<meta name=\"twitter:card\" content=\"summary_large_image\" \/>\n<meta name=\"twitter:label1\" content=\"Temps estimat de lectura\" \/>\n\t<meta name=\"twitter:data1\" content=\"1 minut\" \/>\n<script type=\"application\/ld+json\" class=\"yoast-schema-graph\">{\"@context\":\"https:\\\/\\\/schema.org\",\"@graph\":[{\"@type\":\"WebPage\",\"@id\":\"https:\\\/\\\/antderground.com\\\/ca\\\/producte\\\/cubaris-sp-red-edge-albino-andaman-pearl\\\/\",\"url\":\"https:\\\/\\\/antderground.com\\\/ca\\\/producte\\\/cubaris-sp-red-edge-albino-andaman-pearl\\\/\",\"name\":\"Cubaris sp. \\\"Red Edge Albino - Andaman Pearl\\\" | is\u00f2podes en venda - ANTDERGROUND\",\"isPartOf\":{\"@id\":\"https:\\\/\\\/antderground.com\\\/ca\\\/#website\"},\"primaryImageOfPage\":{\"@id\":\"https:\\\/\\\/antderground.com\\\/ca\\\/producte\\\/cubaris-sp-red-edge-albino-andaman-pearl\\\/#primaryimage\"},\"image\":{\"@id\":\"https:\\\/\\\/antderground.com\\\/ca\\\/producte\\\/cubaris-sp-red-edge-albino-andaman-pearl\\\/#primaryimage\"},\"thumbnailUrl\":\"https:\\\/\\\/antderground.com\\\/wp-content\\\/uploads\\\/2025\\\/02\\\/Cubaris-red-Edge-albino.png\",\"datePublished\":\"2025-02-21T21:02:15+00:00\",\"description\":\"Descobreix l\u2019incre\u00efble Cubaris sp. \u2018Red Edge Albino - Andaman Pearl\u2019 \ud83d\udc1e\ud83c\udf3f, un is\u00f2pode ex\u00f2tic amb colors \u00fanics. Perfecte per a terraris bioactius! \ud83d\ude80\",\"breadcrumb\":{\"@id\":\"https:\\\/\\\/antderground.com\\\/ca\\\/producte\\\/cubaris-sp-red-edge-albino-andaman-pearl\\\/#breadcrumb\"},\"inLanguage\":\"ca\",\"potentialAction\":[{\"@type\":\"ReadAction\",\"target\":[\"https:\\\/\\\/antderground.com\\\/ca\\\/producte\\\/cubaris-sp-red-edge-albino-andaman-pearl\\\/\"]}]},{\"@type\":\"ImageObject\",\"inLanguage\":\"ca\",\"@id\":\"https:\\\/\\\/antderground.com\\\/ca\\\/producte\\\/cubaris-sp-red-edge-albino-andaman-pearl\\\/#primaryimage\",\"url\":\"https:\\\/\\\/antderground.com\\\/wp-content\\\/uploads\\\/2025\\\/02\\\/Cubaris-red-Edge-albino.png\",\"contentUrl\":\"https:\\\/\\\/antderground.com\\\/wp-content\\\/uploads\\\/2025\\\/02\\\/Cubaris-red-Edge-albino.png\",\"width\":1500,\"height\":1504,\"caption\":\"Red Edge Albino- Andaman Pearl\"},{\"@type\":\"BreadcrumbList\",\"@id\":\"https:\\\/\\\/antderground.com\\\/ca\\\/producte\\\/cubaris-sp-red-edge-albino-andaman-pearl\\\/#breadcrumb\",\"itemListElement\":[{\"@type\":\"ListItem\",\"position\":1,\"name\":\"Portada\",\"item\":\"https:\\\/\\\/antderground.com\\\/ca\\\/\"},{\"@type\":\"ListItem\",\"position\":2,\"name\":\"Productes\",\"item\":\"https:\\\/\\\/antderground.com\\\/ca\\\/productes\\\/\"},{\"@type\":\"ListItem\",\"position\":3,\"name\":\"Cubaris sp. &#8220;Red Edge Albino &#8211; Andaman Pearl&#8221;\"}]},{\"@type\":\"WebSite\",\"@id\":\"https:\\\/\\\/antderground.com\\\/ca\\\/#website\",\"url\":\"https:\\\/\\\/antderground.com\\\/ca\\\/\",\"name\":\"ANTDERGROUND\",\"description\":\"Tu tienda de hormigas, gran variedad de hormigueros acr\u00edlicos,madera,arena,3D y mas.. Pide tus hormigas gratis con tu pedido, somos expertos en hormigueros antifugas.\",\"publisher\":{\"@id\":\"https:\\\/\\\/antderground.com\\\/ca\\\/#\\\/schema\\\/person\\\/0e322c505e84fe72c65e2f6d08f96b81\"},\"alternateName\":\"Antderground\",\"potentialAction\":[{\"@type\":\"SearchAction\",\"target\":{\"@type\":\"EntryPoint\",\"urlTemplate\":\"https:\\\/\\\/antderground.com\\\/ca\\\/?s={search_term_string}\"},\"query-input\":{\"@type\":\"PropertyValueSpecification\",\"valueRequired\":true,\"valueName\":\"search_term_string\"}}],\"inLanguage\":\"ca\"},{\"@type\":[\"Person\",\"Organization\"],\"@id\":\"https:\\\/\\\/antderground.com\\\/ca\\\/#\\\/schema\\\/person\\\/0e322c505e84fe72c65e2f6d08f96b81\",\"name\":\"Eric de Antderground\",\"image\":{\"@type\":\"ImageObject\",\"inLanguage\":\"ca\",\"@id\":\"https:\\\/\\\/secure.gravatar.com\\\/avatar\\\/c49a1b9f79216d1498cb73c1e85cd47f4465dda35f2a94c03790d491bd4423c3?s=96&d=mm&r=g\",\"url\":\"https:\\\/\\\/secure.gravatar.com\\\/avatar\\\/c49a1b9f79216d1498cb73c1e85cd47f4465dda35f2a94c03790d491bd4423c3?s=96&d=mm&r=g\",\"contentUrl\":\"https:\\\/\\\/secure.gravatar.com\\\/avatar\\\/c49a1b9f79216d1498cb73c1e85cd47f4465dda35f2a94c03790d491bd4423c3?s=96&d=mm&r=g\",\"caption\":\"Eric de Antderground\"},\"logo\":{\"@id\":\"https:\\\/\\\/secure.gravatar.com\\\/avatar\\\/c49a1b9f79216d1498cb73c1e85cd47f4465dda35f2a94c03790d491bd4423c3?s=96&d=mm&r=g\"},\"description\":\"Eric es el especialista y fundador de Antderground, con una amplia trayectoria en artr\u00f3podos y enfocado en la mirmecolog\u00eda y el dise\u00f1o de hormigueros artificiales. Su enfoque combina la innovaci\u00f3n t\u00e9cnica con el respeto por la biolog\u00eda de las hormigas, is\u00f3podos y otros, desarrollando sistemas de nidos modulares 3D y acr\u00edlicos que son referentes para aficionados y profesionales en toda Europa. Su objetivo es facilitar la cr\u00eda de hormigas y otros artr\u00f3podos mediante soluciones seguras y divulgaci\u00f3n de calidad.\",\"sameAs\":[\"https:\\\/\\\/antderground.com\\\/\",\"https:\\\/\\\/www.youtube.com\\\/channel\\\/UCio72z7TlbufkAthAJIJfPw\"]}]}<\/script>\n<!-- \/ Yoast SEO plugin. -->","yoast_head_json":{"title":"Cubaris sp. \"Red Edge Albino - Andaman Pearl\" | is\u00f2podes en venda - ANTDERGROUND","description":"Descobreix l\u2019incre\u00efble Cubaris sp. \u2018Red Edge Albino - Andaman Pearl\u2019 \ud83d\udc1e\ud83c\udf3f, un is\u00f2pode ex\u00f2tic amb colors \u00fanics. Perfecte per a terraris bioactius! \ud83d\ude80","robots":{"index":"index","follow":"follow","max-snippet":"max-snippet:-1","max-image-preview":"max-image-preview:large","max-video-preview":"max-video-preview:-1"},"canonical":"https:\/\/antderground.com\/ca\/producte\/cubaris-sp-red-edge-albino-andaman-pearl\/","og_locale":"ca_ES","og_type":"article","og_title":"Cubaris sp. \"Red Edge Albino - Andaman Pearl\" | is\u00f2podes en venda - ANTDERGROUND","og_description":"Descobreix l\u2019incre\u00efble Cubaris sp. \u2018Red Edge Albino - Andaman Pearl\u2019 \ud83d\udc1e\ud83c\udf3f, un is\u00f2pode ex\u00f2tic amb colors \u00fanics. Perfecte per a terraris bioactius! \ud83d\ude80","og_url":"https:\/\/antderground.com\/ca\/producte\/cubaris-sp-red-edge-albino-andaman-pearl\/","og_site_name":"ANTDERGROUND","og_image":[{"width":1021,"height":1024,"url":"https:\/\/antderground.com\/wp-content\/uploads\/2025\/02\/Cubaris-red-Edge-albino-1021x1024.png","type":"image\/png"}],"twitter_card":"summary_large_image","twitter_misc":{"Temps estimat de lectura":"1 minut"},"schema":{"@context":"https:\/\/schema.org","@graph":[{"@type":"WebPage","@id":"https:\/\/antderground.com\/ca\/producte\/cubaris-sp-red-edge-albino-andaman-pearl\/","url":"https:\/\/antderground.com\/ca\/producte\/cubaris-sp-red-edge-albino-andaman-pearl\/","name":"Cubaris sp. \"Red Edge Albino - Andaman Pearl\" | is\u00f2podes en venda - ANTDERGROUND","isPartOf":{"@id":"https:\/\/antderground.com\/ca\/#website"},"primaryImageOfPage":{"@id":"https:\/\/antderground.com\/ca\/producte\/cubaris-sp-red-edge-albino-andaman-pearl\/#primaryimage"},"image":{"@id":"https:\/\/antderground.com\/ca\/producte\/cubaris-sp-red-edge-albino-andaman-pearl\/#primaryimage"},"thumbnailUrl":"https:\/\/antderground.com\/wp-content\/uploads\/2025\/02\/Cubaris-red-Edge-albino.png","datePublished":"2025-02-21T21:02:15+00:00","description":"Descobreix l\u2019incre\u00efble Cubaris sp. \u2018Red Edge Albino - Andaman Pearl\u2019 \ud83d\udc1e\ud83c\udf3f, un is\u00f2pode ex\u00f2tic amb colors \u00fanics. Perfecte per a terraris bioactius! \ud83d\ude80","breadcrumb":{"@id":"https:\/\/antderground.com\/ca\/producte\/cubaris-sp-red-edge-albino-andaman-pearl\/#breadcrumb"},"inLanguage":"ca","potentialAction":[{"@type":"ReadAction","target":["https:\/\/antderground.com\/ca\/producte\/cubaris-sp-red-edge-albino-andaman-pearl\/"]}]},{"@type":"ImageObject","inLanguage":"ca","@id":"https:\/\/antderground.com\/ca\/producte\/cubaris-sp-red-edge-albino-andaman-pearl\/#primaryimage","url":"https:\/\/antderground.com\/wp-content\/uploads\/2025\/02\/Cubaris-red-Edge-albino.png","contentUrl":"https:\/\/antderground.com\/wp-content\/uploads\/2025\/02\/Cubaris-red-Edge-albino.png","width":1500,"height":1504,"caption":"Red Edge Albino- Andaman Pearl"},{"@type":"BreadcrumbList","@id":"https:\/\/antderground.com\/ca\/producte\/cubaris-sp-red-edge-albino-andaman-pearl\/#breadcrumb","itemListElement":[{"@type":"ListItem","position":1,"name":"Portada","item":"https:\/\/antderground.com\/ca\/"},{"@type":"ListItem","position":2,"name":"Productes","item":"https:\/\/antderground.com\/ca\/productes\/"},{"@type":"ListItem","position":3,"name":"Cubaris sp. &#8220;Red Edge Albino &#8211; Andaman Pearl&#8221;"}]},{"@type":"WebSite","@id":"https:\/\/antderground.com\/ca\/#website","url":"https:\/\/antderground.com\/ca\/","name":"ANTDERGROUND","description":"Tu tienda de hormigas, gran variedad de hormigueros acr\u00edlicos,madera,arena,3D y mas.. Pide tus hormigas gratis con tu pedido, somos expertos en hormigueros antifugas.","publisher":{"@id":"https:\/\/antderground.com\/ca\/#\/schema\/person\/0e322c505e84fe72c65e2f6d08f96b81"},"alternateName":"Antderground","potentialAction":[{"@type":"SearchAction","target":{"@type":"EntryPoint","urlTemplate":"https:\/\/antderground.com\/ca\/?s={search_term_string}"},"query-input":{"@type":"PropertyValueSpecification","valueRequired":true,"valueName":"search_term_string"}}],"inLanguage":"ca"},{"@type":["Person","Organization"],"@id":"https:\/\/antderground.com\/ca\/#\/schema\/person\/0e322c505e84fe72c65e2f6d08f96b81","name":"Eric de Antderground","image":{"@type":"ImageObject","inLanguage":"ca","@id":"https:\/\/secure.gravatar.com\/avatar\/c49a1b9f79216d1498cb73c1e85cd47f4465dda35f2a94c03790d491bd4423c3?s=96&d=mm&r=g","url":"https:\/\/secure.gravatar.com\/avatar\/c49a1b9f79216d1498cb73c1e85cd47f4465dda35f2a94c03790d491bd4423c3?s=96&d=mm&r=g","contentUrl":"https:\/\/secure.gravatar.com\/avatar\/c49a1b9f79216d1498cb73c1e85cd47f4465dda35f2a94c03790d491bd4423c3?s=96&d=mm&r=g","caption":"Eric de Antderground"},"logo":{"@id":"https:\/\/secure.gravatar.com\/avatar\/c49a1b9f79216d1498cb73c1e85cd47f4465dda35f2a94c03790d491bd4423c3?s=96&d=mm&r=g"},"description":"Eric es el especialista y fundador de Antderground, con una amplia trayectoria en artr\u00f3podos y enfocado en la mirmecolog\u00eda y el dise\u00f1o de hormigueros artificiales. Su enfoque combina la innovaci\u00f3n t\u00e9cnica con el respeto por la biolog\u00eda de las hormigas, is\u00f3podos y otros, desarrollando sistemas de nidos modulares 3D y acr\u00edlicos que son referentes para aficionados y profesionales en toda Europa. Su objetivo es facilitar la cr\u00eda de hormigas y otros artr\u00f3podos mediante soluciones seguras y divulgaci\u00f3n de calidad.","sameAs":["https:\/\/antderground.com\/","https:\/\/www.youtube.com\/channel\/UCio72z7TlbufkAthAJIJfPw"]}]}},"_links":{"self":[{"href":"https:\/\/antderground.com\/ca\/wp-json\/wp\/v2\/product\/40585","targetHints":{"allow":["GET"]}}],"collection":[{"href":"https:\/\/antderground.com\/ca\/wp-json\/wp\/v2\/product"}],"about":[{"href":"https:\/\/antderground.com\/ca\/wp-json\/wp\/v2\/types\/product"}],"version-history":[{"count":0,"href":"https:\/\/antderground.com\/ca\/wp-json\/wp\/v2\/product\/40585\/revisions"}],"wp:featuredmedia":[{"embeddable":true,"href":"https:\/\/antderground.com\/ca\/wp-json\/wp\/v2\/media\/40450"}],"wp:attachment":[{"href":"https:\/\/antderground.com\/ca\/wp-json\/wp\/v2\/media?parent=40585"}],"wp:term":[{"taxonomy":"product_brand","embeddable":true,"href":"https:\/\/antderground.com\/ca\/wp-json\/wp\/v2\/product_brand?post=40585"},{"taxonomy":"product_cat","embeddable":true,"href":"https:\/\/antderground.com\/ca\/wp-json\/wp\/v2\/product_cat?post=40585"},{"taxonomy":"product_tag","embeddable":true,"href":"https:\/\/antderground.com\/ca\/wp-json\/wp\/v2\/product_tag?post=40585"}],"curies":[{"name":"wp","href":"https:\/\/api.w.org\/{rel}","templated":true}]}}