{"id":40620,"date":"2024-10-25T12:33:01","date_gmt":"2024-10-25T10:33:01","guid":{"rendered":"https:\/\/www.antderground.com\/producto\/pot-de-vidre-amb-tap-de-suro-4l\/"},"modified":"2024-10-25T12:33:01","modified_gmt":"2024-10-25T10:33:01","slug":"pot-de-vidre-amb-tap-de-suro-4l","status":"publish","type":"product","link":"https:\/\/antderground.com\/ca\/producte\/pot-de-vidre-amb-tap-de-suro-4l\/","title":{"rendered":"Pot de vidre amb tap de suro (4L)"},"content":{"rendered":"<p data-start=\"87\" data-end=\"369\">Aquest elegant pot de vidre amb tap de suro \u00e9s perfecte per a aquells que volen crear el seu propi terrari etern o un h\u00e0bitat ideal per a is\u00f2podes. El seu disseny atractiu el converteix en un element decoratiu vers\u00e0til que s\u2019adapta a qualsevol espai.<\/p>\n<p data-start=\"371\" data-end=\"393\"><strong data-start=\"371\" data-end=\"391\">Caracter\u00edstiques<\/strong><\/p>\n<ul data-start=\"394\" data-end=\"466\">\n<li data-start=\"394\" data-end=\"415\"><strong data-start=\"396\" data-end=\"407\">Al\u00e7ada:<\/strong> 25 cm<\/li>\n<li data-start=\"416\" data-end=\"438\"><strong data-start=\"418\" data-end=\"430\">Amplada:<\/strong> 16 cm<\/li>\n<li data-start=\"439\" data-end=\"466\"><strong data-start=\"441\" data-end=\"455\">Capacitat:<\/strong> 4 litres<\/li>\n<\/ul>\n<p data-start=\"468\" data-end=\"824\"><strong data-start=\"468\" data-end=\"486\">Usos m\u00faltiples<\/strong><br data-start=\"486\" data-end=\"489\" \/>A m\u00e9s de ser una excel\u00b7lent opci\u00f3 per a terraris, aquest pot es pot utilitzar per emmagatzemar diversos objectes, des d\u2019esp\u00e8cies fins a petits articles d\u2019\u00fas diari. La seva est\u00e8tica i funcionalitat el fan un complement ideal per a la teva llar. Descobreix la versatilitat d\u2019aquest bonic pot i dona un toc especial a la teva decoraci\u00f3!<\/p>\n","protected":false},"excerpt":{"rendered":"<p data-start=\"46\" data-end=\"308\">Transforma el teu espai amb aquest encantador pot de vidre amb tap de suro. Ideal per a un terrari etern o una llar per a is\u00f2podes, el seu bonic disseny tamb\u00e9 et permet utilitzar-lo per emmagatzemar el que vulguis. Dona un toc especial a la teva decoraci\u00f3!<\/p>\n<p data-start=\"310\" data-end=\"332\"><strong data-start=\"310\" data-end=\"330\">Caracter\u00edstiques<\/strong><\/p>\n<ul data-start=\"333\" data-end=\"460\">\n<li data-start=\"333\" data-end=\"354\"><strong data-start=\"335\" data-end=\"346\">Al\u00e7ada:<\/strong> 25 cm<\/li>\n<li data-start=\"355\" data-end=\"377\"><strong data-start=\"357\" data-end=\"369\">Amplada:<\/strong> 16 cm<\/li>\n<li data-start=\"378\" data-end=\"405\"><strong data-start=\"380\" data-end=\"394\">Capacitat:<\/strong> 4 litres<\/li>\n<li data-start=\"406\" data-end=\"429\"><strong data-start=\"408\" data-end=\"421\">Material:<\/strong> Vidre<\/li>\n<li data-start=\"430\" data-end=\"460\"><strong data-start=\"432\" data-end=\"446\">Tancament:<\/strong> Tap de suro<\/li>\n<\/ul>\n","protected":false},"featured_media":37566,"template":"","meta":[],"product_brand":[],"product_cat":[621],"product_tag":[],"class_list":{"0":"post-40620","1":"product","2":"type-product","3":"status-publish","4":"has-post-thumbnail","6":"product_cat-terraris-eterns","8":"first","9":"instock","10":"shipping-taxable","11":"purchasable","12":"product-type-simple"},"yoast_head":"<!-- This site is optimized with the Yoast SEO plugin v27.4 - https:\/\/yoast.com\/product\/yoast-seo-wordpress\/ -->\n<title>Pot de vidre amb tap de suro (4L) - ANTDERGROUND<\/title>\n<meta name=\"description\" content=\"Pot de vidre amb tap de suro, ideal per a terraris eterns i is\u00f2podes. Perfecte tamb\u00e9 per a emmagatzematge i decoraci\u00f3 elegant.\" \/>\n<meta name=\"robots\" content=\"index, follow, max-snippet:-1, max-image-preview:large, max-video-preview:-1\" \/>\n<link rel=\"canonical\" href=\"https:\/\/antderground.com\/ca\/producte\/pot-de-vidre-amb-tap-de-suro-4l\/\" \/>\n<meta property=\"og:locale\" content=\"ca_ES\" \/>\n<meta property=\"og:type\" content=\"article\" \/>\n<meta property=\"og:title\" content=\"Pot de vidre amb tap de suro (4L) - ANTDERGROUND\" \/>\n<meta property=\"og:description\" content=\"Pot de vidre amb tap de suro, ideal per a terraris eterns i is\u00f2podes. Perfecte tamb\u00e9 per a emmagatzematge i decoraci\u00f3 elegant.\" \/>\n<meta property=\"og:url\" content=\"https:\/\/antderground.com\/ca\/producte\/pot-de-vidre-amb-tap-de-suro-4l\/\" \/>\n<meta property=\"og:site_name\" content=\"ANTDERGROUND\" \/>\n<meta property=\"og:image\" content=\"https:\/\/antderground.com\/wp-content\/uploads\/2024\/10\/Tarro-de-vidrio-4l-con-tapon-de-corcho.jpeg\" \/>\n\t<meta property=\"og:image:width\" content=\"1417\" \/>\n\t<meta property=\"og:image:height\" content=\"1417\" \/>\n\t<meta property=\"og:image:type\" content=\"image\/jpeg\" \/>\n<meta name=\"twitter:card\" content=\"summary_large_image\" \/>\n<meta name=\"twitter:label1\" content=\"Temps estimat de lectura\" \/>\n\t<meta name=\"twitter:data1\" content=\"1 minut\" \/>\n<script type=\"application\/ld+json\" class=\"yoast-schema-graph\">{\"@context\":\"https:\\\/\\\/schema.org\",\"@graph\":[{\"@type\":\"WebPage\",\"@id\":\"https:\\\/\\\/antderground.com\\\/ca\\\/producte\\\/pot-de-vidre-amb-tap-de-suro-4l\\\/\",\"url\":\"https:\\\/\\\/antderground.com\\\/ca\\\/producte\\\/pot-de-vidre-amb-tap-de-suro-4l\\\/\",\"name\":\"Pot de vidre amb tap de suro (4L) - ANTDERGROUND\",\"isPartOf\":{\"@id\":\"https:\\\/\\\/antderground.com\\\/ca\\\/#website\"},\"primaryImageOfPage\":{\"@id\":\"https:\\\/\\\/antderground.com\\\/ca\\\/producte\\\/pot-de-vidre-amb-tap-de-suro-4l\\\/#primaryimage\"},\"image\":{\"@id\":\"https:\\\/\\\/antderground.com\\\/ca\\\/producte\\\/pot-de-vidre-amb-tap-de-suro-4l\\\/#primaryimage\"},\"thumbnailUrl\":\"https:\\\/\\\/antderground.com\\\/wp-content\\\/uploads\\\/2024\\\/10\\\/Tarro-de-vidrio-4l-con-tapon-de-corcho.jpeg\",\"datePublished\":\"2024-10-25T10:33:01+00:00\",\"description\":\"Pot de vidre amb tap de suro, ideal per a terraris eterns i is\u00f2podes. Perfecte tamb\u00e9 per a emmagatzematge i decoraci\u00f3 elegant.\",\"breadcrumb\":{\"@id\":\"https:\\\/\\\/antderground.com\\\/ca\\\/producte\\\/pot-de-vidre-amb-tap-de-suro-4l\\\/#breadcrumb\"},\"inLanguage\":\"ca\",\"potentialAction\":[{\"@type\":\"ReadAction\",\"target\":[\"https:\\\/\\\/antderground.com\\\/ca\\\/producte\\\/pot-de-vidre-amb-tap-de-suro-4l\\\/\"]}]},{\"@type\":\"ImageObject\",\"inLanguage\":\"ca\",\"@id\":\"https:\\\/\\\/antderground.com\\\/ca\\\/producte\\\/pot-de-vidre-amb-tap-de-suro-4l\\\/#primaryimage\",\"url\":\"https:\\\/\\\/antderground.com\\\/wp-content\\\/uploads\\\/2024\\\/10\\\/Tarro-de-vidrio-4l-con-tapon-de-corcho.jpeg\",\"contentUrl\":\"https:\\\/\\\/antderground.com\\\/wp-content\\\/uploads\\\/2024\\\/10\\\/Tarro-de-vidrio-4l-con-tapon-de-corcho.jpeg\",\"width\":1417,\"height\":1417,\"caption\":\"Pot de vidre amb tap de suro (4L)\"},{\"@type\":\"BreadcrumbList\",\"@id\":\"https:\\\/\\\/antderground.com\\\/ca\\\/producte\\\/pot-de-vidre-amb-tap-de-suro-4l\\\/#breadcrumb\",\"itemListElement\":[{\"@type\":\"ListItem\",\"position\":1,\"name\":\"Portada\",\"item\":\"https:\\\/\\\/antderground.com\\\/ca\\\/\"},{\"@type\":\"ListItem\",\"position\":2,\"name\":\"Productes\",\"item\":\"https:\\\/\\\/antderground.com\\\/ca\\\/productes\\\/\"},{\"@type\":\"ListItem\",\"position\":3,\"name\":\"Pot de vidre amb tap de suro (4L)\"}]},{\"@type\":\"WebSite\",\"@id\":\"https:\\\/\\\/antderground.com\\\/ca\\\/#website\",\"url\":\"https:\\\/\\\/antderground.com\\\/ca\\\/\",\"name\":\"ANTDERGROUND\",\"description\":\"Tu tienda de hormigas, gran variedad de hormigueros acr\u00edlicos,madera,arena,3D y mas.. Pide tus hormigas gratis con tu pedido, somos expertos en hormigueros antifugas.\",\"publisher\":{\"@id\":\"https:\\\/\\\/antderground.com\\\/ca\\\/#\\\/schema\\\/person\\\/0e322c505e84fe72c65e2f6d08f96b81\"},\"alternateName\":\"Antderground\",\"potentialAction\":[{\"@type\":\"SearchAction\",\"target\":{\"@type\":\"EntryPoint\",\"urlTemplate\":\"https:\\\/\\\/antderground.com\\\/ca\\\/?s={search_term_string}\"},\"query-input\":{\"@type\":\"PropertyValueSpecification\",\"valueRequired\":true,\"valueName\":\"search_term_string\"}}],\"inLanguage\":\"ca\"},{\"@type\":[\"Person\",\"Organization\"],\"@id\":\"https:\\\/\\\/antderground.com\\\/ca\\\/#\\\/schema\\\/person\\\/0e322c505e84fe72c65e2f6d08f96b81\",\"name\":\"Eric de Antderground\",\"image\":{\"@type\":\"ImageObject\",\"inLanguage\":\"ca\",\"@id\":\"https:\\\/\\\/secure.gravatar.com\\\/avatar\\\/c49a1b9f79216d1498cb73c1e85cd47f4465dda35f2a94c03790d491bd4423c3?s=96&d=mm&r=g\",\"url\":\"https:\\\/\\\/secure.gravatar.com\\\/avatar\\\/c49a1b9f79216d1498cb73c1e85cd47f4465dda35f2a94c03790d491bd4423c3?s=96&d=mm&r=g\",\"contentUrl\":\"https:\\\/\\\/secure.gravatar.com\\\/avatar\\\/c49a1b9f79216d1498cb73c1e85cd47f4465dda35f2a94c03790d491bd4423c3?s=96&d=mm&r=g\",\"caption\":\"Eric de Antderground\"},\"logo\":{\"@id\":\"https:\\\/\\\/secure.gravatar.com\\\/avatar\\\/c49a1b9f79216d1498cb73c1e85cd47f4465dda35f2a94c03790d491bd4423c3?s=96&d=mm&r=g\"},\"description\":\"Eric es el especialista y fundador de Antderground, con una amplia trayectoria en artr\u00f3podos y enfocado en la mirmecolog\u00eda y el dise\u00f1o de hormigueros artificiales. Su enfoque combina la innovaci\u00f3n t\u00e9cnica con el respeto por la biolog\u00eda de las hormigas, is\u00f3podos y otros, desarrollando sistemas de nidos modulares 3D y acr\u00edlicos que son referentes para aficionados y profesionales en toda Europa. Su objetivo es facilitar la cr\u00eda de hormigas y otros artr\u00f3podos mediante soluciones seguras y divulgaci\u00f3n de calidad.\",\"sameAs\":[\"https:\\\/\\\/antderground.com\\\/\",\"https:\\\/\\\/www.youtube.com\\\/channel\\\/UCio72z7TlbufkAthAJIJfPw\"]}]}<\/script>\n<!-- \/ Yoast SEO plugin. -->","yoast_head_json":{"title":"Pot de vidre amb tap de suro (4L) - ANTDERGROUND","description":"Pot de vidre amb tap de suro, ideal per a terraris eterns i is\u00f2podes. Perfecte tamb\u00e9 per a emmagatzematge i decoraci\u00f3 elegant.","robots":{"index":"index","follow":"follow","max-snippet":"max-snippet:-1","max-image-preview":"max-image-preview:large","max-video-preview":"max-video-preview:-1"},"canonical":"https:\/\/antderground.com\/ca\/producte\/pot-de-vidre-amb-tap-de-suro-4l\/","og_locale":"ca_ES","og_type":"article","og_title":"Pot de vidre amb tap de suro (4L) - ANTDERGROUND","og_description":"Pot de vidre amb tap de suro, ideal per a terraris eterns i is\u00f2podes. Perfecte tamb\u00e9 per a emmagatzematge i decoraci\u00f3 elegant.","og_url":"https:\/\/antderground.com\/ca\/producte\/pot-de-vidre-amb-tap-de-suro-4l\/","og_site_name":"ANTDERGROUND","og_image":[{"width":1417,"height":1417,"url":"https:\/\/antderground.com\/wp-content\/uploads\/2024\/10\/Tarro-de-vidrio-4l-con-tapon-de-corcho.jpeg","type":"image\/jpeg"}],"twitter_card":"summary_large_image","twitter_misc":{"Temps estimat de lectura":"1 minut"},"schema":{"@context":"https:\/\/schema.org","@graph":[{"@type":"WebPage","@id":"https:\/\/antderground.com\/ca\/producte\/pot-de-vidre-amb-tap-de-suro-4l\/","url":"https:\/\/antderground.com\/ca\/producte\/pot-de-vidre-amb-tap-de-suro-4l\/","name":"Pot de vidre amb tap de suro (4L) - ANTDERGROUND","isPartOf":{"@id":"https:\/\/antderground.com\/ca\/#website"},"primaryImageOfPage":{"@id":"https:\/\/antderground.com\/ca\/producte\/pot-de-vidre-amb-tap-de-suro-4l\/#primaryimage"},"image":{"@id":"https:\/\/antderground.com\/ca\/producte\/pot-de-vidre-amb-tap-de-suro-4l\/#primaryimage"},"thumbnailUrl":"https:\/\/antderground.com\/wp-content\/uploads\/2024\/10\/Tarro-de-vidrio-4l-con-tapon-de-corcho.jpeg","datePublished":"2024-10-25T10:33:01+00:00","description":"Pot de vidre amb tap de suro, ideal per a terraris eterns i is\u00f2podes. Perfecte tamb\u00e9 per a emmagatzematge i decoraci\u00f3 elegant.","breadcrumb":{"@id":"https:\/\/antderground.com\/ca\/producte\/pot-de-vidre-amb-tap-de-suro-4l\/#breadcrumb"},"inLanguage":"ca","potentialAction":[{"@type":"ReadAction","target":["https:\/\/antderground.com\/ca\/producte\/pot-de-vidre-amb-tap-de-suro-4l\/"]}]},{"@type":"ImageObject","inLanguage":"ca","@id":"https:\/\/antderground.com\/ca\/producte\/pot-de-vidre-amb-tap-de-suro-4l\/#primaryimage","url":"https:\/\/antderground.com\/wp-content\/uploads\/2024\/10\/Tarro-de-vidrio-4l-con-tapon-de-corcho.jpeg","contentUrl":"https:\/\/antderground.com\/wp-content\/uploads\/2024\/10\/Tarro-de-vidrio-4l-con-tapon-de-corcho.jpeg","width":1417,"height":1417,"caption":"Pot de vidre amb tap de suro (4L)"},{"@type":"BreadcrumbList","@id":"https:\/\/antderground.com\/ca\/producte\/pot-de-vidre-amb-tap-de-suro-4l\/#breadcrumb","itemListElement":[{"@type":"ListItem","position":1,"name":"Portada","item":"https:\/\/antderground.com\/ca\/"},{"@type":"ListItem","position":2,"name":"Productes","item":"https:\/\/antderground.com\/ca\/productes\/"},{"@type":"ListItem","position":3,"name":"Pot de vidre amb tap de suro (4L)"}]},{"@type":"WebSite","@id":"https:\/\/antderground.com\/ca\/#website","url":"https:\/\/antderground.com\/ca\/","name":"ANTDERGROUND","description":"Tu tienda de hormigas, gran variedad de hormigueros acr\u00edlicos,madera,arena,3D y mas.. Pide tus hormigas gratis con tu pedido, somos expertos en hormigueros antifugas.","publisher":{"@id":"https:\/\/antderground.com\/ca\/#\/schema\/person\/0e322c505e84fe72c65e2f6d08f96b81"},"alternateName":"Antderground","potentialAction":[{"@type":"SearchAction","target":{"@type":"EntryPoint","urlTemplate":"https:\/\/antderground.com\/ca\/?s={search_term_string}"},"query-input":{"@type":"PropertyValueSpecification","valueRequired":true,"valueName":"search_term_string"}}],"inLanguage":"ca"},{"@type":["Person","Organization"],"@id":"https:\/\/antderground.com\/ca\/#\/schema\/person\/0e322c505e84fe72c65e2f6d08f96b81","name":"Eric de Antderground","image":{"@type":"ImageObject","inLanguage":"ca","@id":"https:\/\/secure.gravatar.com\/avatar\/c49a1b9f79216d1498cb73c1e85cd47f4465dda35f2a94c03790d491bd4423c3?s=96&d=mm&r=g","url":"https:\/\/secure.gravatar.com\/avatar\/c49a1b9f79216d1498cb73c1e85cd47f4465dda35f2a94c03790d491bd4423c3?s=96&d=mm&r=g","contentUrl":"https:\/\/secure.gravatar.com\/avatar\/c49a1b9f79216d1498cb73c1e85cd47f4465dda35f2a94c03790d491bd4423c3?s=96&d=mm&r=g","caption":"Eric de Antderground"},"logo":{"@id":"https:\/\/secure.gravatar.com\/avatar\/c49a1b9f79216d1498cb73c1e85cd47f4465dda35f2a94c03790d491bd4423c3?s=96&d=mm&r=g"},"description":"Eric es el especialista y fundador de Antderground, con una amplia trayectoria en artr\u00f3podos y enfocado en la mirmecolog\u00eda y el dise\u00f1o de hormigueros artificiales. Su enfoque combina la innovaci\u00f3n t\u00e9cnica con el respeto por la biolog\u00eda de las hormigas, is\u00f3podos y otros, desarrollando sistemas de nidos modulares 3D y acr\u00edlicos que son referentes para aficionados y profesionales en toda Europa. Su objetivo es facilitar la cr\u00eda de hormigas y otros artr\u00f3podos mediante soluciones seguras y divulgaci\u00f3n de calidad.","sameAs":["https:\/\/antderground.com\/","https:\/\/www.youtube.com\/channel\/UCio72z7TlbufkAthAJIJfPw"]}]}},"_links":{"self":[{"href":"https:\/\/antderground.com\/ca\/wp-json\/wp\/v2\/product\/40620","targetHints":{"allow":["GET"]}}],"collection":[{"href":"https:\/\/antderground.com\/ca\/wp-json\/wp\/v2\/product"}],"about":[{"href":"https:\/\/antderground.com\/ca\/wp-json\/wp\/v2\/types\/product"}],"version-history":[{"count":0,"href":"https:\/\/antderground.com\/ca\/wp-json\/wp\/v2\/product\/40620\/revisions"}],"wp:featuredmedia":[{"embeddable":true,"href":"https:\/\/antderground.com\/ca\/wp-json\/wp\/v2\/media\/37566"}],"wp:attachment":[{"href":"https:\/\/antderground.com\/ca\/wp-json\/wp\/v2\/media?parent=40620"}],"wp:term":[{"taxonomy":"product_brand","embeddable":true,"href":"https:\/\/antderground.com\/ca\/wp-json\/wp\/v2\/product_brand?post=40620"},{"taxonomy":"product_cat","embeddable":true,"href":"https:\/\/antderground.com\/ca\/wp-json\/wp\/v2\/product_cat?post=40620"},{"taxonomy":"product_tag","embeddable":true,"href":"https:\/\/antderground.com\/ca\/wp-json\/wp\/v2\/product_tag?post=40620"}],"curies":[{"name":"wp","href":"https:\/\/api.w.org\/{rel}","templated":true}]}}