{"id":40733,"date":"2025-03-04T11:22:02","date_gmt":"2025-03-04T10:22:02","guid":{"rendered":"https:\/\/www.antderground.com\/producto\/cubaris-murina-salmon-martinique\/"},"modified":"2025-03-04T11:22:02","modified_gmt":"2025-03-04T10:22:02","slug":"cubaris-murina-salmon-martinique","status":"publish","type":"product","link":"https:\/\/antderground.com\/ca\/producte\/cubaris-murina-salmon-martinique\/","title":{"rendered":"Cubaris murina &#8220;Salmon Martinique&#8221;"},"content":{"rendered":"<p data-start=\"225\" data-end=\"600\"><strong data-start=\"225\" data-end=\"243\">Nom cient\u00edfic:<\/strong> Cubaris murina &#8220;Salmon Martinique&#8221;<br data-start=\"278\" data-end=\"281\" \/><strong data-start=\"281\" data-end=\"294\">Nom com\u00fa:<\/strong> Is\u00f2pode Cubaris murina &#8220;Salmon Martinique&#8221;<br data-start=\"337\" data-end=\"340\" \/><strong data-start=\"340\" data-end=\"352\">Fam\u00edlia:<\/strong> Armadillidae<br data-start=\"365\" data-end=\"368\" \/><strong data-start=\"368\" data-end=\"379\">Origen:<\/strong> Illa de Martinica, Carib<br data-start=\"404\" data-end=\"407\" \/><strong data-start=\"407\" data-end=\"423\">Mida adulta:<\/strong> Aproximadament 1 &#8211; 1,5 cm<br data-start=\"449\" data-end=\"452\" \/><strong data-start=\"452\" data-end=\"466\">Coloraci\u00f3:<\/strong> Tons salm\u00f3 p\u00e0l\u00b7lid a taronja amb variacions lleugeres entre individus.<br data-start=\"537\" data-end=\"540\" \/><strong data-start=\"540\" data-end=\"562\">Esperan\u00e7a de vida:<\/strong> 1,5 &#8211; 3 anys en condicions \u00f2ptimes.<\/p>\n<h3 data-start=\"602\" data-end=\"633\"><strong data-start=\"606\" data-end=\"631\">H\u00e0bitat i manteniment<\/strong><\/h3>\n<p data-start=\"634\" data-end=\"657\"><strong data-start=\"634\" data-end=\"655\">Tipus de terrari:<\/strong><\/p>\n<ul data-start=\"658\" data-end=\"782\">\n<li data-start=\"658\" data-end=\"709\">Terrari humit o semi-humit amb bona ventilaci\u00f3.<\/li>\n<li data-start=\"710\" data-end=\"782\">Substrat recomanat: fibra de coco, molsa d\u2019 esfagne i fulles seques.<\/li>\n<\/ul>\n<p data-start=\"784\" data-end=\"798\"><strong data-start=\"784\" data-end=\"796\">Humitat:<\/strong><\/p>\n<ul data-start=\"799\" data-end=\"872\">\n<li data-start=\"799\" data-end=\"872\">70 % &#8211; 85 %, amb una zona humida i una altra m\u00e9s seca per equilibrar.<\/li>\n<\/ul>\n<p data-start=\"874\" data-end=\"892\"><strong data-start=\"874\" data-end=\"890\">Temperatura:<\/strong><\/p>\n<ul data-start=\"893\" data-end=\"1010\">\n<li data-start=\"893\" data-end=\"915\">Entre 22\u00b0C i 26\u00b0C.<\/li>\n<li data-start=\"916\" data-end=\"1010\">No tolera temperatures extremes per sota de 18\u00b0C o per sobre de 28\u00b0C durant molt de temps.<\/li>\n<\/ul>\n<p data-start=\"1012\" data-end=\"1031\"><strong data-start=\"1012\" data-end=\"1029\">Il\u00b7luminaci\u00f3:<\/strong><\/p>\n<ul data-start=\"1032\" data-end=\"1083\">\n<li data-start=\"1032\" data-end=\"1083\">Llum indirecta, sense exposici\u00f3 directa al sol.<\/li>\n<\/ul>\n<h3 data-start=\"1085\" data-end=\"1106\"><strong data-start=\"1089\" data-end=\"1104\">Alimentaci\u00f3<\/strong><\/h3>\n<ul data-start=\"1107\" data-end=\"1339\">\n<li data-start=\"1107\" data-end=\"1185\">Mat\u00e8ria org\u00e0nica en descomposici\u00f3 (fulles seques, fusta en descomposici\u00f3).<\/li>\n<li data-start=\"1186\" data-end=\"1269\">Complements: fruites, verdures i calci (os de s\u00edpia, closques d\u2019ou triturades).<\/li>\n<li data-start=\"1270\" data-end=\"1339\">Aportaci\u00f3 ocasional de prote\u00efnes (peix sec, larves de cole\u00f2pter).<\/li>\n<\/ul>\n<h3 data-start=\"1341\" data-end=\"1377\"><strong data-start=\"1345\" data-end=\"1375\">Comportament i reproducci\u00f3<\/strong><\/h3>\n<p data-start=\"1378\" data-end=\"1397\"><strong data-start=\"1378\" data-end=\"1395\">Sociabilitat:<\/strong><\/p>\n<ul data-start=\"1398\" data-end=\"1505\">\n<li data-start=\"1398\" data-end=\"1447\">Esp\u00e8cie greg\u00e0ria, prefereix viure en col\u00f2nia.<\/li>\n<li data-start=\"1448\" data-end=\"1505\">Relativament activa i m\u00e9s visible que altres Cubaris.<\/li>\n<\/ul>\n<p data-start=\"1507\" data-end=\"1525\"><strong data-start=\"1507\" data-end=\"1523\">Reproducci\u00f3:<\/strong><\/p>\n<ul data-start=\"1526\" data-end=\"1685\">\n<li data-start=\"1526\" data-end=\"1580\">Cicle reproductiu constant en condicions estables.<\/li>\n<li data-start=\"1581\" data-end=\"1649\">La femella porta els ous a la bossa incubadora fins a l\u2019eclosi\u00f3.<\/li>\n<li data-start=\"1650\" data-end=\"1685\">Creixement moderat dels petits.<\/li>\n<\/ul>\n<h3 data-start=\"1687\" data-end=\"1714\"><strong data-start=\"1691\" data-end=\"1712\">Notes addicionals<\/strong><\/h3>\n<ul data-start=\"1715\" data-end=\"1866\">\n<li data-start=\"1715\" data-end=\"1766\">Ideal per a principiants i experts en is\u00f2podes.<\/li>\n<li data-start=\"1767\" data-end=\"1823\">Apte per a terraris bioactius tropicals i paludaris.<\/li>\n<li data-start=\"1824\" data-end=\"1866\">El seu color \u00fanic el fa molt desitjat.<\/li>\n<\/ul>\n","protected":false},"excerpt":{"rendered":"<p>Descobreix el <strong data-start=\"1916\" data-end=\"1954\">Cubaris murina &#8220;Salmon Martinique&#8221;<\/strong>, un is\u00f2pode ex\u00f2tic amb tons salm\u00f3 \u00fanics. Ideal per a bioactius i col\u00b7leccions. F\u00e0cil de criar, s\u2019adapta b\u00e9 als terraris humits. Aporta color i biodiversitat al teu h\u00e0bitat!<\/p>\n","protected":false},"featured_media":40719,"template":"","meta":[],"product_brand":[],"product_cat":[420,422,716],"product_tag":[],"class_list":{"0":"post-40733","1":"product","2":"type-product","3":"status-publish","4":"has-post-thumbnail","6":"product_cat-artropodes","7":"product_cat-isopodes-ca","8":"product_cat-cubaris","10":"first","11":"instock","12":"shipping-taxable","13":"purchasable","14":"product-type-variable"},"yoast_head":"<!-- This site is optimized with the Yoast SEO plugin v27.4 - https:\/\/yoast.com\/product\/yoast-seo-wordpress\/ -->\n<title>Cubaris murina &quot;Salmon Martinique&quot; | Isopodes - ANTDERGROUND<\/title>\n<meta name=\"description\" content=\"\ud83d\udc1c Dona un toc de color al teu terrari amb el Cubaris murina &quot;Salmon Martinique&quot;! Is\u00f2pode ex\u00f2tic perfecte per a bioactius. \ud83c\udf3f\" \/>\n<meta name=\"robots\" content=\"index, follow, max-snippet:-1, max-image-preview:large, max-video-preview:-1\" \/>\n<link rel=\"canonical\" href=\"https:\/\/antderground.com\/ca\/producte\/cubaris-murina-salmon-martinique\/\" \/>\n<meta property=\"og:locale\" content=\"ca_ES\" \/>\n<meta property=\"og:type\" content=\"article\" \/>\n<meta property=\"og:title\" content=\"Cubaris murina &quot;Salmon Martinique&quot; | Isopodes - ANTDERGROUND\" \/>\n<meta property=\"og:description\" content=\"\ud83d\udc1c Dona un toc de color al teu terrari amb el Cubaris murina &quot;Salmon Martinique&quot;! Is\u00f2pode ex\u00f2tic perfecte per a bioactius. \ud83c\udf3f\" \/>\n<meta property=\"og:url\" content=\"https:\/\/antderground.com\/ca\/producte\/cubaris-murina-salmon-martinique\/\" \/>\n<meta property=\"og:site_name\" content=\"ANTDERGROUND\" \/>\n<meta property=\"og:image\" content=\"https:\/\/antderground.com\/wp-content\/uploads\/2025\/03\/Cubaris-murina-22Salmon-Martinique22.jpg\" \/>\n\t<meta property=\"og:image:width\" content=\"1400\" \/>\n\t<meta property=\"og:image:height\" content=\"1400\" \/>\n\t<meta property=\"og:image:type\" content=\"image\/jpeg\" \/>\n<meta name=\"twitter:card\" content=\"summary_large_image\" \/>\n<meta name=\"twitter:label1\" content=\"Temps estimat de lectura\" \/>\n\t<meta name=\"twitter:data1\" content=\"1 minut\" \/>\n<script type=\"application\/ld+json\" class=\"yoast-schema-graph\">{\"@context\":\"https:\\\/\\\/schema.org\",\"@graph\":[{\"@type\":\"WebPage\",\"@id\":\"https:\\\/\\\/antderground.com\\\/ca\\\/producte\\\/cubaris-murina-salmon-martinique\\\/\",\"url\":\"https:\\\/\\\/antderground.com\\\/ca\\\/producte\\\/cubaris-murina-salmon-martinique\\\/\",\"name\":\"Cubaris murina \\\"Salmon Martinique\\\" | Isopodes - ANTDERGROUND\",\"isPartOf\":{\"@id\":\"https:\\\/\\\/antderground.com\\\/ca\\\/#website\"},\"primaryImageOfPage\":{\"@id\":\"https:\\\/\\\/antderground.com\\\/ca\\\/producte\\\/cubaris-murina-salmon-martinique\\\/#primaryimage\"},\"image\":{\"@id\":\"https:\\\/\\\/antderground.com\\\/ca\\\/producte\\\/cubaris-murina-salmon-martinique\\\/#primaryimage\"},\"thumbnailUrl\":\"https:\\\/\\\/antderground.com\\\/wp-content\\\/uploads\\\/2025\\\/03\\\/Cubaris-murina-22Salmon-Martinique22.jpg\",\"datePublished\":\"2025-03-04T10:22:02+00:00\",\"description\":\"\ud83d\udc1c Dona un toc de color al teu terrari amb el Cubaris murina \\\"Salmon Martinique\\\"! Is\u00f2pode ex\u00f2tic perfecte per a bioactius. \ud83c\udf3f\",\"breadcrumb\":{\"@id\":\"https:\\\/\\\/antderground.com\\\/ca\\\/producte\\\/cubaris-murina-salmon-martinique\\\/#breadcrumb\"},\"inLanguage\":\"ca\",\"potentialAction\":[{\"@type\":\"ReadAction\",\"target\":[\"https:\\\/\\\/antderground.com\\\/ca\\\/producte\\\/cubaris-murina-salmon-martinique\\\/\"]}]},{\"@type\":\"ImageObject\",\"inLanguage\":\"ca\",\"@id\":\"https:\\\/\\\/antderground.com\\\/ca\\\/producte\\\/cubaris-murina-salmon-martinique\\\/#primaryimage\",\"url\":\"https:\\\/\\\/antderground.com\\\/wp-content\\\/uploads\\\/2025\\\/03\\\/Cubaris-murina-22Salmon-Martinique22.jpg\",\"contentUrl\":\"https:\\\/\\\/antderground.com\\\/wp-content\\\/uploads\\\/2025\\\/03\\\/Cubaris-murina-22Salmon-Martinique22.jpg\",\"width\":1400,\"height\":1400,\"caption\":\"Cubaris murina Salmon Martinique\"},{\"@type\":\"BreadcrumbList\",\"@id\":\"https:\\\/\\\/antderground.com\\\/ca\\\/producte\\\/cubaris-murina-salmon-martinique\\\/#breadcrumb\",\"itemListElement\":[{\"@type\":\"ListItem\",\"position\":1,\"name\":\"Portada\",\"item\":\"https:\\\/\\\/antderground.com\\\/ca\\\/\"},{\"@type\":\"ListItem\",\"position\":2,\"name\":\"Productes\",\"item\":\"https:\\\/\\\/antderground.com\\\/ca\\\/productes\\\/\"},{\"@type\":\"ListItem\",\"position\":3,\"name\":\"Cubaris murina &#8220;Salmon Martinique&#8221;\"}]},{\"@type\":\"WebSite\",\"@id\":\"https:\\\/\\\/antderground.com\\\/ca\\\/#website\",\"url\":\"https:\\\/\\\/antderground.com\\\/ca\\\/\",\"name\":\"ANTDERGROUND\",\"description\":\"Tu tienda de hormigas, gran variedad de hormigueros acr\u00edlicos,madera,arena,3D y mas.. Pide tus hormigas gratis con tu pedido, somos expertos en hormigueros antifugas.\",\"publisher\":{\"@id\":\"https:\\\/\\\/antderground.com\\\/ca\\\/#\\\/schema\\\/person\\\/0e322c505e84fe72c65e2f6d08f96b81\"},\"alternateName\":\"Antderground\",\"potentialAction\":[{\"@type\":\"SearchAction\",\"target\":{\"@type\":\"EntryPoint\",\"urlTemplate\":\"https:\\\/\\\/antderground.com\\\/ca\\\/?s={search_term_string}\"},\"query-input\":{\"@type\":\"PropertyValueSpecification\",\"valueRequired\":true,\"valueName\":\"search_term_string\"}}],\"inLanguage\":\"ca\"},{\"@type\":[\"Person\",\"Organization\"],\"@id\":\"https:\\\/\\\/antderground.com\\\/ca\\\/#\\\/schema\\\/person\\\/0e322c505e84fe72c65e2f6d08f96b81\",\"name\":\"Eric de Antderground\",\"image\":{\"@type\":\"ImageObject\",\"inLanguage\":\"ca\",\"@id\":\"https:\\\/\\\/secure.gravatar.com\\\/avatar\\\/c49a1b9f79216d1498cb73c1e85cd47f4465dda35f2a94c03790d491bd4423c3?s=96&d=mm&r=g\",\"url\":\"https:\\\/\\\/secure.gravatar.com\\\/avatar\\\/c49a1b9f79216d1498cb73c1e85cd47f4465dda35f2a94c03790d491bd4423c3?s=96&d=mm&r=g\",\"contentUrl\":\"https:\\\/\\\/secure.gravatar.com\\\/avatar\\\/c49a1b9f79216d1498cb73c1e85cd47f4465dda35f2a94c03790d491bd4423c3?s=96&d=mm&r=g\",\"caption\":\"Eric de Antderground\"},\"logo\":{\"@id\":\"https:\\\/\\\/secure.gravatar.com\\\/avatar\\\/c49a1b9f79216d1498cb73c1e85cd47f4465dda35f2a94c03790d491bd4423c3?s=96&d=mm&r=g\"},\"description\":\"Eric es el especialista y fundador de Antderground, con una amplia trayectoria en artr\u00f3podos y enfocado en la mirmecolog\u00eda y el dise\u00f1o de hormigueros artificiales. Su enfoque combina la innovaci\u00f3n t\u00e9cnica con el respeto por la biolog\u00eda de las hormigas, is\u00f3podos y otros, desarrollando sistemas de nidos modulares 3D y acr\u00edlicos que son referentes para aficionados y profesionales en toda Europa. Su objetivo es facilitar la cr\u00eda de hormigas y otros artr\u00f3podos mediante soluciones seguras y divulgaci\u00f3n de calidad.\",\"sameAs\":[\"https:\\\/\\\/antderground.com\\\/\",\"https:\\\/\\\/www.youtube.com\\\/channel\\\/UCio72z7TlbufkAthAJIJfPw\"]}]}<\/script>\n<!-- \/ Yoast SEO plugin. -->","yoast_head_json":{"title":"Cubaris murina \"Salmon Martinique\" | Isopodes - ANTDERGROUND","description":"\ud83d\udc1c Dona un toc de color al teu terrari amb el Cubaris murina \"Salmon Martinique\"! Is\u00f2pode ex\u00f2tic perfecte per a bioactius. \ud83c\udf3f","robots":{"index":"index","follow":"follow","max-snippet":"max-snippet:-1","max-image-preview":"max-image-preview:large","max-video-preview":"max-video-preview:-1"},"canonical":"https:\/\/antderground.com\/ca\/producte\/cubaris-murina-salmon-martinique\/","og_locale":"ca_ES","og_type":"article","og_title":"Cubaris murina \"Salmon Martinique\" | Isopodes - ANTDERGROUND","og_description":"\ud83d\udc1c Dona un toc de color al teu terrari amb el Cubaris murina \"Salmon Martinique\"! Is\u00f2pode ex\u00f2tic perfecte per a bioactius. \ud83c\udf3f","og_url":"https:\/\/antderground.com\/ca\/producte\/cubaris-murina-salmon-martinique\/","og_site_name":"ANTDERGROUND","og_image":[{"width":1400,"height":1400,"url":"https:\/\/antderground.com\/wp-content\/uploads\/2025\/03\/Cubaris-murina-22Salmon-Martinique22.jpg","type":"image\/jpeg"}],"twitter_card":"summary_large_image","twitter_misc":{"Temps estimat de lectura":"1 minut"},"schema":{"@context":"https:\/\/schema.org","@graph":[{"@type":"WebPage","@id":"https:\/\/antderground.com\/ca\/producte\/cubaris-murina-salmon-martinique\/","url":"https:\/\/antderground.com\/ca\/producte\/cubaris-murina-salmon-martinique\/","name":"Cubaris murina \"Salmon Martinique\" | Isopodes - ANTDERGROUND","isPartOf":{"@id":"https:\/\/antderground.com\/ca\/#website"},"primaryImageOfPage":{"@id":"https:\/\/antderground.com\/ca\/producte\/cubaris-murina-salmon-martinique\/#primaryimage"},"image":{"@id":"https:\/\/antderground.com\/ca\/producte\/cubaris-murina-salmon-martinique\/#primaryimage"},"thumbnailUrl":"https:\/\/antderground.com\/wp-content\/uploads\/2025\/03\/Cubaris-murina-22Salmon-Martinique22.jpg","datePublished":"2025-03-04T10:22:02+00:00","description":"\ud83d\udc1c Dona un toc de color al teu terrari amb el Cubaris murina \"Salmon Martinique\"! Is\u00f2pode ex\u00f2tic perfecte per a bioactius. \ud83c\udf3f","breadcrumb":{"@id":"https:\/\/antderground.com\/ca\/producte\/cubaris-murina-salmon-martinique\/#breadcrumb"},"inLanguage":"ca","potentialAction":[{"@type":"ReadAction","target":["https:\/\/antderground.com\/ca\/producte\/cubaris-murina-salmon-martinique\/"]}]},{"@type":"ImageObject","inLanguage":"ca","@id":"https:\/\/antderground.com\/ca\/producte\/cubaris-murina-salmon-martinique\/#primaryimage","url":"https:\/\/antderground.com\/wp-content\/uploads\/2025\/03\/Cubaris-murina-22Salmon-Martinique22.jpg","contentUrl":"https:\/\/antderground.com\/wp-content\/uploads\/2025\/03\/Cubaris-murina-22Salmon-Martinique22.jpg","width":1400,"height":1400,"caption":"Cubaris murina Salmon Martinique"},{"@type":"BreadcrumbList","@id":"https:\/\/antderground.com\/ca\/producte\/cubaris-murina-salmon-martinique\/#breadcrumb","itemListElement":[{"@type":"ListItem","position":1,"name":"Portada","item":"https:\/\/antderground.com\/ca\/"},{"@type":"ListItem","position":2,"name":"Productes","item":"https:\/\/antderground.com\/ca\/productes\/"},{"@type":"ListItem","position":3,"name":"Cubaris murina &#8220;Salmon Martinique&#8221;"}]},{"@type":"WebSite","@id":"https:\/\/antderground.com\/ca\/#website","url":"https:\/\/antderground.com\/ca\/","name":"ANTDERGROUND","description":"Tu tienda de hormigas, gran variedad de hormigueros acr\u00edlicos,madera,arena,3D y mas.. Pide tus hormigas gratis con tu pedido, somos expertos en hormigueros antifugas.","publisher":{"@id":"https:\/\/antderground.com\/ca\/#\/schema\/person\/0e322c505e84fe72c65e2f6d08f96b81"},"alternateName":"Antderground","potentialAction":[{"@type":"SearchAction","target":{"@type":"EntryPoint","urlTemplate":"https:\/\/antderground.com\/ca\/?s={search_term_string}"},"query-input":{"@type":"PropertyValueSpecification","valueRequired":true,"valueName":"search_term_string"}}],"inLanguage":"ca"},{"@type":["Person","Organization"],"@id":"https:\/\/antderground.com\/ca\/#\/schema\/person\/0e322c505e84fe72c65e2f6d08f96b81","name":"Eric de Antderground","image":{"@type":"ImageObject","inLanguage":"ca","@id":"https:\/\/secure.gravatar.com\/avatar\/c49a1b9f79216d1498cb73c1e85cd47f4465dda35f2a94c03790d491bd4423c3?s=96&d=mm&r=g","url":"https:\/\/secure.gravatar.com\/avatar\/c49a1b9f79216d1498cb73c1e85cd47f4465dda35f2a94c03790d491bd4423c3?s=96&d=mm&r=g","contentUrl":"https:\/\/secure.gravatar.com\/avatar\/c49a1b9f79216d1498cb73c1e85cd47f4465dda35f2a94c03790d491bd4423c3?s=96&d=mm&r=g","caption":"Eric de Antderground"},"logo":{"@id":"https:\/\/secure.gravatar.com\/avatar\/c49a1b9f79216d1498cb73c1e85cd47f4465dda35f2a94c03790d491bd4423c3?s=96&d=mm&r=g"},"description":"Eric es el especialista y fundador de Antderground, con una amplia trayectoria en artr\u00f3podos y enfocado en la mirmecolog\u00eda y el dise\u00f1o de hormigueros artificiales. Su enfoque combina la innovaci\u00f3n t\u00e9cnica con el respeto por la biolog\u00eda de las hormigas, is\u00f3podos y otros, desarrollando sistemas de nidos modulares 3D y acr\u00edlicos que son referentes para aficionados y profesionales en toda Europa. Su objetivo es facilitar la cr\u00eda de hormigas y otros artr\u00f3podos mediante soluciones seguras y divulgaci\u00f3n de calidad.","sameAs":["https:\/\/antderground.com\/","https:\/\/www.youtube.com\/channel\/UCio72z7TlbufkAthAJIJfPw"]}]}},"_links":{"self":[{"href":"https:\/\/antderground.com\/ca\/wp-json\/wp\/v2\/product\/40733","targetHints":{"allow":["GET"]}}],"collection":[{"href":"https:\/\/antderground.com\/ca\/wp-json\/wp\/v2\/product"}],"about":[{"href":"https:\/\/antderground.com\/ca\/wp-json\/wp\/v2\/types\/product"}],"version-history":[{"count":0,"href":"https:\/\/antderground.com\/ca\/wp-json\/wp\/v2\/product\/40733\/revisions"}],"wp:featuredmedia":[{"embeddable":true,"href":"https:\/\/antderground.com\/ca\/wp-json\/wp\/v2\/media\/40719"}],"wp:attachment":[{"href":"https:\/\/antderground.com\/ca\/wp-json\/wp\/v2\/media?parent=40733"}],"wp:term":[{"taxonomy":"product_brand","embeddable":true,"href":"https:\/\/antderground.com\/ca\/wp-json\/wp\/v2\/product_brand?post=40733"},{"taxonomy":"product_cat","embeddable":true,"href":"https:\/\/antderground.com\/ca\/wp-json\/wp\/v2\/product_cat?post=40733"},{"taxonomy":"product_tag","embeddable":true,"href":"https:\/\/antderground.com\/ca\/wp-json\/wp\/v2\/product_tag?post=40733"}],"curies":[{"name":"wp","href":"https:\/\/api.w.org\/{rel}","templated":true}]}}