{"id":40957,"date":"2025-03-10T10:45:51","date_gmt":"2025-03-10T09:45:51","guid":{"rendered":"https:\/\/www.antderground.com\/producto\/ous-de-cucs-de-seda-bombyx-mori\/"},"modified":"2025-08-03T13:27:46","modified_gmt":"2025-08-03T11:27:46","slug":"ous-de-cucs-de-seda-bombyx-mori","status":"publish","type":"product","link":"https:\/\/antderground.com\/ca\/producte\/ous-de-cucs-de-seda-bombyx-mori\/","title":{"rendered":"Ous de cucs de seda (Bombyx mori)"},"content":{"rendered":"<p data-start=\"86\" data-end=\"153\"><strong data-start=\"86\" data-end=\"99\">Nom com\u00fa:<\/strong> Ous de cuc de seda<br data-start=\"118\" data-end=\"121\" \/><strong data-start=\"121\" data-end=\"139\">Nom cient\u00edfic:<\/strong> Bombyx mori<\/p>\n<h3 data-start=\"155\" data-end=\"175\"><strong data-start=\"159\" data-end=\"173\">Descripci\u00f3<\/strong><\/h3>\n<p data-start=\"176\" data-end=\"432\">Els ous de cuc de seda (Bombyx mori) s\u00f3n la primera fase d\u2019aquest insecte, criat per a la producci\u00f3 de seda o com a aliment viu per a r\u00e8ptils, amfibis i artr\u00f2podes. F\u00e0cils d\u2019incubar, donen lloc a erugues que s\u2019alimenten exclusivament de fulles de morera.<\/p>\n<h3 data-start=\"434\" data-end=\"464\"><strong data-start=\"438\" data-end=\"462\">Condicions d\u2019eclosi\u00f3<\/strong><\/h3>\n<ul data-start=\"465\" data-end=\"685\">\n<li data-start=\"465\" data-end=\"499\"><strong data-start=\"467\" data-end=\"489\">Temperatura ideal:<\/strong> 23-27\u00b0C<\/li>\n<li data-start=\"500\" data-end=\"532\"><strong data-start=\"502\" data-end=\"523\">Humitat relativa:<\/strong> 75-85%<\/li>\n<li data-start=\"533\" data-end=\"603\"><strong data-start=\"535\" data-end=\"557\">Temps d\u2019incubaci\u00f3:<\/strong> 10-14 dies segons les condicions ambientals<\/li>\n<li data-start=\"604\" data-end=\"685\"><strong data-start=\"606\" data-end=\"632\">Fotoper\u00edode recomanat:<\/strong> Llum natural o artificial amb un cicle de 12 hores<\/li>\n<\/ul>\n<h3 data-start=\"687\" data-end=\"729\"><strong data-start=\"691\" data-end=\"727\">Alimentaci\u00f3 despr\u00e9s de l\u2019eclosi\u00f3<\/strong><\/h3>\n<p data-start=\"730\" data-end=\"955\">Els cucs de seda acabats de n\u00e9ixer s\u2019han d\u2019alimentar exclusivament amb fulles fresques de morera (Morus sp.). Si no estan disponibles, es poden utilitzar dietes artificials a base de fulles seques i suplements nutricionals.<\/p>\n<h3 data-start=\"957\" data-end=\"978\"><strong data-start=\"961\" data-end=\"976\">Aplicacions<\/strong><\/h3>\n<ul data-start=\"979\" data-end=\"1125\">\n<li data-start=\"979\" data-end=\"1017\">Crian\u00e7a per a la producci\u00f3 de seda<\/li>\n<li data-start=\"1018\" data-end=\"1064\">Aliment viu per a r\u00e8ptils i altres animals<\/li>\n<li data-start=\"1065\" data-end=\"1125\">Projectes educatius sobre el cicle de vida dels insectes<\/li>\n<\/ul>\n<h3 data-start=\"1127\" data-end=\"1157\"><strong data-start=\"1131\" data-end=\"1155\">Conservaci\u00f3 dels ous<\/strong><\/h3>\n<ul data-start=\"1158\" data-end=\"1279\">\n<li data-start=\"1158\" data-end=\"1214\">Per retardar l\u2019eclosi\u00f3, conservar a la nevera a 5\u00b0C.<\/li>\n<li data-start=\"1215\" data-end=\"1279\">Evitar l\u2019exc\u00e9s d\u2019humitat i els canvis bruscs de temperatura.<\/li>\n<\/ul>\n<h3 data-start=\"1281\" data-end=\"1303\"><strong data-start=\"1285\" data-end=\"1301\">Observacions<\/strong><\/h3>\n<ul data-start=\"1304\" data-end=\"1387\">\n<li data-start=\"1304\" data-end=\"1387\">La qualitat de la seda produ\u00efda pot variar segons la gen\u00e8tica de cada individu.<\/li>\n<\/ul>\n","protected":false},"excerpt":{"rendered":"<p>Descobreix la cria dels cucs de seda des del primer estadi! Ous d\u2019alta qualitat, f\u00e0cils d\u2019incubar, ideals per a educaci\u00f3, alimentaci\u00f3 viva o producci\u00f3 de seda. Alimenta\u2019ls amb fulles de morera fresques i observa la seva incre\u00efble evoluci\u00f3!<\/p>\n","protected":false},"featured_media":40912,"template":"","meta":[],"product_brand":[],"product_cat":[159,688],"product_tag":[],"class_list":{"0":"post-40957","1":"product","2":"type-product","3":"status-publish","4":"has-post-thumbnail","6":"product_cat-aliments-ca","7":"product_cat-deshidratats-i-altres","9":"first","10":"instock","11":"shipping-taxable","12":"purchasable","13":"product-type-variable"},"yoast_head":"<!-- This site is optimized with the Yoast SEO plugin v27.3 - https:\/\/yoast.com\/product\/yoast-seo-wordpress\/ -->\n<title>Ous de cucs de seda (Bombyx mori) - ANTDERGROUND<\/title>\n<meta name=\"description\" content=\"Compra ous de cuc de seda \ud83d\udc1b de gran qualitat. Ideals per a crian\u00e7a, educaci\u00f3 o aliment viu. F\u00e0cils d\u2019incubar i alimentats amb morera. \ud83c\udf3f\" \/>\n<meta name=\"robots\" content=\"index, follow, max-snippet:-1, max-image-preview:large, max-video-preview:-1\" \/>\n<link rel=\"canonical\" href=\"https:\/\/antderground.com\/ca\/producte\/ous-de-cucs-de-seda-bombyx-mori\/\" \/>\n<meta property=\"og:locale\" content=\"ca_ES\" \/>\n<meta property=\"og:type\" content=\"article\" \/>\n<meta property=\"og:title\" content=\"Ous de cucs de seda (Bombyx mori) - ANTDERGROUND\" \/>\n<meta property=\"og:description\" content=\"Compra ous de cuc de seda \ud83d\udc1b de gran qualitat. Ideals per a crian\u00e7a, educaci\u00f3 o aliment viu. F\u00e0cils d\u2019incubar i alimentats amb morera. \ud83c\udf3f\" \/>\n<meta property=\"og:url\" content=\"https:\/\/antderground.com\/ca\/producte\/ous-de-cucs-de-seda-bombyx-mori\/\" \/>\n<meta property=\"og:site_name\" content=\"ANTDERGROUND\" \/>\n<meta property=\"article:modified_time\" content=\"2025-08-03T11:27:46+00:00\" \/>\n<meta property=\"og:image\" content=\"https:\/\/antderground.com\/wp-content\/uploads\/2025\/03\/ous-cucs-de-seda.jpeg\" \/>\n\t<meta property=\"og:image:width\" content=\"1600\" \/>\n\t<meta property=\"og:image:height\" content=\"1600\" \/>\n\t<meta property=\"og:image:type\" content=\"image\/jpeg\" \/>\n<meta name=\"twitter:card\" content=\"summary_large_image\" \/>\n<meta name=\"twitter:label1\" content=\"Temps estimat de lectura\" \/>\n\t<meta name=\"twitter:data1\" content=\"1 minut\" \/>\n<script type=\"application\/ld+json\" class=\"yoast-schema-graph\">{\"@context\":\"https:\\\/\\\/schema.org\",\"@graph\":[{\"@type\":\"WebPage\",\"@id\":\"https:\\\/\\\/antderground.com\\\/ca\\\/producte\\\/ous-de-cucs-de-seda-bombyx-mori\\\/\",\"url\":\"https:\\\/\\\/antderground.com\\\/ca\\\/producte\\\/ous-de-cucs-de-seda-bombyx-mori\\\/\",\"name\":\"Ous de cucs de seda (Bombyx mori) - ANTDERGROUND\",\"isPartOf\":{\"@id\":\"https:\\\/\\\/antderground.com\\\/ca\\\/#website\"},\"primaryImageOfPage\":{\"@id\":\"https:\\\/\\\/antderground.com\\\/ca\\\/producte\\\/ous-de-cucs-de-seda-bombyx-mori\\\/#primaryimage\"},\"image\":{\"@id\":\"https:\\\/\\\/antderground.com\\\/ca\\\/producte\\\/ous-de-cucs-de-seda-bombyx-mori\\\/#primaryimage\"},\"thumbnailUrl\":\"https:\\\/\\\/antderground.com\\\/wp-content\\\/uploads\\\/2025\\\/03\\\/ous-cucs-de-seda.jpeg\",\"datePublished\":\"2025-03-10T09:45:51+00:00\",\"dateModified\":\"2025-08-03T11:27:46+00:00\",\"description\":\"Compra ous de cuc de seda \ud83d\udc1b de gran qualitat. Ideals per a crian\u00e7a, educaci\u00f3 o aliment viu. F\u00e0cils d\u2019incubar i alimentats amb morera. \ud83c\udf3f\",\"breadcrumb\":{\"@id\":\"https:\\\/\\\/antderground.com\\\/ca\\\/producte\\\/ous-de-cucs-de-seda-bombyx-mori\\\/#breadcrumb\"},\"inLanguage\":\"ca\",\"potentialAction\":[{\"@type\":\"ReadAction\",\"target\":[\"https:\\\/\\\/antderground.com\\\/ca\\\/producte\\\/ous-de-cucs-de-seda-bombyx-mori\\\/\"]}]},{\"@type\":\"ImageObject\",\"inLanguage\":\"ca\",\"@id\":\"https:\\\/\\\/antderground.com\\\/ca\\\/producte\\\/ous-de-cucs-de-seda-bombyx-mori\\\/#primaryimage\",\"url\":\"https:\\\/\\\/antderground.com\\\/wp-content\\\/uploads\\\/2025\\\/03\\\/ous-cucs-de-seda.jpeg\",\"contentUrl\":\"https:\\\/\\\/antderground.com\\\/wp-content\\\/uploads\\\/2025\\\/03\\\/ous-cucs-de-seda.jpeg\",\"width\":1600,\"height\":1600,\"caption\":\"ous cucs de seda\"},{\"@type\":\"BreadcrumbList\",\"@id\":\"https:\\\/\\\/antderground.com\\\/ca\\\/producte\\\/ous-de-cucs-de-seda-bombyx-mori\\\/#breadcrumb\",\"itemListElement\":[{\"@type\":\"ListItem\",\"position\":1,\"name\":\"Portada\",\"item\":\"https:\\\/\\\/antderground.com\\\/ca\\\/\"},{\"@type\":\"ListItem\",\"position\":2,\"name\":\"Productes\",\"item\":\"https:\\\/\\\/antderground.com\\\/ca\\\/productes\\\/\"},{\"@type\":\"ListItem\",\"position\":3,\"name\":\"Ous de cucs de seda (Bombyx mori)\"}]},{\"@type\":\"WebSite\",\"@id\":\"https:\\\/\\\/antderground.com\\\/ca\\\/#website\",\"url\":\"https:\\\/\\\/antderground.com\\\/ca\\\/\",\"name\":\"ANTDERGROUND\",\"description\":\"Tu tienda de hormigas, gran variedad de hormigueros acr\u00edlicos,madera,arena,3D y mas.. Pide tus hormigas gratis con tu pedido, somos expertos en hormigueros antifugas.\",\"publisher\":{\"@id\":\"https:\\\/\\\/antderground.com\\\/ca\\\/#\\\/schema\\\/person\\\/0e322c505e84fe72c65e2f6d08f96b81\"},\"alternateName\":\"Antderground\",\"potentialAction\":[{\"@type\":\"SearchAction\",\"target\":{\"@type\":\"EntryPoint\",\"urlTemplate\":\"https:\\\/\\\/antderground.com\\\/ca\\\/?s={search_term_string}\"},\"query-input\":{\"@type\":\"PropertyValueSpecification\",\"valueRequired\":true,\"valueName\":\"search_term_string\"}}],\"inLanguage\":\"ca\"},{\"@type\":[\"Person\",\"Organization\"],\"@id\":\"https:\\\/\\\/antderground.com\\\/ca\\\/#\\\/schema\\\/person\\\/0e322c505e84fe72c65e2f6d08f96b81\",\"name\":\"Eric de Antderground\",\"image\":{\"@type\":\"ImageObject\",\"inLanguage\":\"ca\",\"@id\":\"https:\\\/\\\/secure.gravatar.com\\\/avatar\\\/c49a1b9f79216d1498cb73c1e85cd47f4465dda35f2a94c03790d491bd4423c3?s=96&d=mm&r=g\",\"url\":\"https:\\\/\\\/secure.gravatar.com\\\/avatar\\\/c49a1b9f79216d1498cb73c1e85cd47f4465dda35f2a94c03790d491bd4423c3?s=96&d=mm&r=g\",\"contentUrl\":\"https:\\\/\\\/secure.gravatar.com\\\/avatar\\\/c49a1b9f79216d1498cb73c1e85cd47f4465dda35f2a94c03790d491bd4423c3?s=96&d=mm&r=g\",\"caption\":\"Eric de Antderground\"},\"logo\":{\"@id\":\"https:\\\/\\\/secure.gravatar.com\\\/avatar\\\/c49a1b9f79216d1498cb73c1e85cd47f4465dda35f2a94c03790d491bd4423c3?s=96&d=mm&r=g\"},\"description\":\"Eric es el especialista y fundador de Antderground, con una amplia trayectoria en artr\u00f3podos y enfocado en la mirmecolog\u00eda y el dise\u00f1o de hormigueros artificiales. Su enfoque combina la innovaci\u00f3n t\u00e9cnica con el respeto por la biolog\u00eda de las hormigas, is\u00f3podos y otros, desarrollando sistemas de nidos modulares 3D y acr\u00edlicos que son referentes para aficionados y profesionales en toda Europa. Su objetivo es facilitar la cr\u00eda de hormigas y otros artr\u00f3podos mediante soluciones seguras y divulgaci\u00f3n de calidad.\",\"sameAs\":[\"https:\\\/\\\/antderground.com\\\/\",\"https:\\\/\\\/www.youtube.com\\\/channel\\\/UCio72z7TlbufkAthAJIJfPw\"]}]}<\/script>\n<!-- \/ Yoast SEO plugin. -->","yoast_head_json":{"title":"Ous de cucs de seda (Bombyx mori) - ANTDERGROUND","description":"Compra ous de cuc de seda \ud83d\udc1b de gran qualitat. Ideals per a crian\u00e7a, educaci\u00f3 o aliment viu. F\u00e0cils d\u2019incubar i alimentats amb morera. \ud83c\udf3f","robots":{"index":"index","follow":"follow","max-snippet":"max-snippet:-1","max-image-preview":"max-image-preview:large","max-video-preview":"max-video-preview:-1"},"canonical":"https:\/\/antderground.com\/ca\/producte\/ous-de-cucs-de-seda-bombyx-mori\/","og_locale":"ca_ES","og_type":"article","og_title":"Ous de cucs de seda (Bombyx mori) - ANTDERGROUND","og_description":"Compra ous de cuc de seda \ud83d\udc1b de gran qualitat. Ideals per a crian\u00e7a, educaci\u00f3 o aliment viu. F\u00e0cils d\u2019incubar i alimentats amb morera. \ud83c\udf3f","og_url":"https:\/\/antderground.com\/ca\/producte\/ous-de-cucs-de-seda-bombyx-mori\/","og_site_name":"ANTDERGROUND","article_modified_time":"2025-08-03T11:27:46+00:00","og_image":[{"width":1600,"height":1600,"url":"https:\/\/antderground.com\/wp-content\/uploads\/2025\/03\/ous-cucs-de-seda.jpeg","type":"image\/jpeg"}],"twitter_card":"summary_large_image","twitter_misc":{"Temps estimat de lectura":"1 minut"},"schema":{"@context":"https:\/\/schema.org","@graph":[{"@type":"WebPage","@id":"https:\/\/antderground.com\/ca\/producte\/ous-de-cucs-de-seda-bombyx-mori\/","url":"https:\/\/antderground.com\/ca\/producte\/ous-de-cucs-de-seda-bombyx-mori\/","name":"Ous de cucs de seda (Bombyx mori) - ANTDERGROUND","isPartOf":{"@id":"https:\/\/antderground.com\/ca\/#website"},"primaryImageOfPage":{"@id":"https:\/\/antderground.com\/ca\/producte\/ous-de-cucs-de-seda-bombyx-mori\/#primaryimage"},"image":{"@id":"https:\/\/antderground.com\/ca\/producte\/ous-de-cucs-de-seda-bombyx-mori\/#primaryimage"},"thumbnailUrl":"https:\/\/antderground.com\/wp-content\/uploads\/2025\/03\/ous-cucs-de-seda.jpeg","datePublished":"2025-03-10T09:45:51+00:00","dateModified":"2025-08-03T11:27:46+00:00","description":"Compra ous de cuc de seda \ud83d\udc1b de gran qualitat. Ideals per a crian\u00e7a, educaci\u00f3 o aliment viu. F\u00e0cils d\u2019incubar i alimentats amb morera. \ud83c\udf3f","breadcrumb":{"@id":"https:\/\/antderground.com\/ca\/producte\/ous-de-cucs-de-seda-bombyx-mori\/#breadcrumb"},"inLanguage":"ca","potentialAction":[{"@type":"ReadAction","target":["https:\/\/antderground.com\/ca\/producte\/ous-de-cucs-de-seda-bombyx-mori\/"]}]},{"@type":"ImageObject","inLanguage":"ca","@id":"https:\/\/antderground.com\/ca\/producte\/ous-de-cucs-de-seda-bombyx-mori\/#primaryimage","url":"https:\/\/antderground.com\/wp-content\/uploads\/2025\/03\/ous-cucs-de-seda.jpeg","contentUrl":"https:\/\/antderground.com\/wp-content\/uploads\/2025\/03\/ous-cucs-de-seda.jpeg","width":1600,"height":1600,"caption":"ous cucs de seda"},{"@type":"BreadcrumbList","@id":"https:\/\/antderground.com\/ca\/producte\/ous-de-cucs-de-seda-bombyx-mori\/#breadcrumb","itemListElement":[{"@type":"ListItem","position":1,"name":"Portada","item":"https:\/\/antderground.com\/ca\/"},{"@type":"ListItem","position":2,"name":"Productes","item":"https:\/\/antderground.com\/ca\/productes\/"},{"@type":"ListItem","position":3,"name":"Ous de cucs de seda (Bombyx mori)"}]},{"@type":"WebSite","@id":"https:\/\/antderground.com\/ca\/#website","url":"https:\/\/antderground.com\/ca\/","name":"ANTDERGROUND","description":"Tu tienda de hormigas, gran variedad de hormigueros acr\u00edlicos,madera,arena,3D y mas.. Pide tus hormigas gratis con tu pedido, somos expertos en hormigueros antifugas.","publisher":{"@id":"https:\/\/antderground.com\/ca\/#\/schema\/person\/0e322c505e84fe72c65e2f6d08f96b81"},"alternateName":"Antderground","potentialAction":[{"@type":"SearchAction","target":{"@type":"EntryPoint","urlTemplate":"https:\/\/antderground.com\/ca\/?s={search_term_string}"},"query-input":{"@type":"PropertyValueSpecification","valueRequired":true,"valueName":"search_term_string"}}],"inLanguage":"ca"},{"@type":["Person","Organization"],"@id":"https:\/\/antderground.com\/ca\/#\/schema\/person\/0e322c505e84fe72c65e2f6d08f96b81","name":"Eric de Antderground","image":{"@type":"ImageObject","inLanguage":"ca","@id":"https:\/\/secure.gravatar.com\/avatar\/c49a1b9f79216d1498cb73c1e85cd47f4465dda35f2a94c03790d491bd4423c3?s=96&d=mm&r=g","url":"https:\/\/secure.gravatar.com\/avatar\/c49a1b9f79216d1498cb73c1e85cd47f4465dda35f2a94c03790d491bd4423c3?s=96&d=mm&r=g","contentUrl":"https:\/\/secure.gravatar.com\/avatar\/c49a1b9f79216d1498cb73c1e85cd47f4465dda35f2a94c03790d491bd4423c3?s=96&d=mm&r=g","caption":"Eric de Antderground"},"logo":{"@id":"https:\/\/secure.gravatar.com\/avatar\/c49a1b9f79216d1498cb73c1e85cd47f4465dda35f2a94c03790d491bd4423c3?s=96&d=mm&r=g"},"description":"Eric es el especialista y fundador de Antderground, con una amplia trayectoria en artr\u00f3podos y enfocado en la mirmecolog\u00eda y el dise\u00f1o de hormigueros artificiales. Su enfoque combina la innovaci\u00f3n t\u00e9cnica con el respeto por la biolog\u00eda de las hormigas, is\u00f3podos y otros, desarrollando sistemas de nidos modulares 3D y acr\u00edlicos que son referentes para aficionados y profesionales en toda Europa. Su objetivo es facilitar la cr\u00eda de hormigas y otros artr\u00f3podos mediante soluciones seguras y divulgaci\u00f3n de calidad.","sameAs":["https:\/\/antderground.com\/","https:\/\/www.youtube.com\/channel\/UCio72z7TlbufkAthAJIJfPw"]}]}},"_links":{"self":[{"href":"https:\/\/antderground.com\/ca\/wp-json\/wp\/v2\/product\/40957","targetHints":{"allow":["GET"]}}],"collection":[{"href":"https:\/\/antderground.com\/ca\/wp-json\/wp\/v2\/product"}],"about":[{"href":"https:\/\/antderground.com\/ca\/wp-json\/wp\/v2\/types\/product"}],"version-history":[{"count":0,"href":"https:\/\/antderground.com\/ca\/wp-json\/wp\/v2\/product\/40957\/revisions"}],"wp:featuredmedia":[{"embeddable":true,"href":"https:\/\/antderground.com\/ca\/wp-json\/wp\/v2\/media\/40912"}],"wp:attachment":[{"href":"https:\/\/antderground.com\/ca\/wp-json\/wp\/v2\/media?parent=40957"}],"wp:term":[{"taxonomy":"product_brand","embeddable":true,"href":"https:\/\/antderground.com\/ca\/wp-json\/wp\/v2\/product_brand?post=40957"},{"taxonomy":"product_cat","embeddable":true,"href":"https:\/\/antderground.com\/ca\/wp-json\/wp\/v2\/product_cat?post=40957"},{"taxonomy":"product_tag","embeddable":true,"href":"https:\/\/antderground.com\/ca\/wp-json\/wp\/v2\/product_tag?post=40957"}],"curies":[{"name":"wp","href":"https:\/\/api.w.org\/{rel}","templated":true}]}}