{"id":41085,"date":"2025-03-10T11:44:39","date_gmt":"2025-03-10T10:44:39","guid":{"rendered":"https:\/\/www.antderground.com\/producto\/reixeta-de-ventilacio-per-a-terraris-i-tapers\/"},"modified":"2025-03-10T11:44:39","modified_gmt":"2025-03-10T10:44:39","slug":"reixeta-de-ventilacio-per-a-terraris-i-tapers","status":"publish","type":"product","link":"https:\/\/antderground.com\/ca\/producte\/reixeta-de-ventilacio-per-a-terraris-i-tapers\/","title":{"rendered":"Reixeta de ventilaci\u00f3 per a terraris i t\u00e0pers"},"content":{"rendered":"","protected":false},"excerpt":{"rendered":"<p data-start=\"116\" data-end=\"409\">Optimitza la ventilaci\u00f3 del teu terrari o t\u00e0per amb aquesta reixeta de ventilaci\u00f3 d\u2019alta qualitat. El seu disseny amb rosca de 38 mm i un di\u00e0metre exterior de 50 mm permet una instal\u00b7laci\u00f3 segura en diferents tipus de recipients. De color negre, ofereix una est\u00e8tica discreta i professional.<\/p>\n<h3 data-start=\"411\" data-end=\"426\"><strong data-start=\"415\" data-end=\"424\">Mida:<\/strong><\/h3>\n<ul data-start=\"427\" data-end=\"480\">\n<li data-start=\"427\" data-end=\"459\"><strong data-start=\"429\" data-end=\"451\">Di\u00e0metre exterior:<\/strong> 50 mm<\/li>\n<li data-start=\"460\" data-end=\"480\"><strong data-start=\"462\" data-end=\"472\">Rosca:<\/strong> 38 mm<\/li>\n<\/ul>\n<h3 data-start=\"482\" data-end=\"498\"><strong data-start=\"486\" data-end=\"496\">Color:<\/strong><\/h3>\n<ul data-start=\"499\" data-end=\"508\">\n<li data-start=\"499\" data-end=\"508\">Negre<\/li>\n<\/ul>\n<h3 data-start=\"510\" data-end=\"530\"><strong data-start=\"514\" data-end=\"528\">Beneficis:<\/strong><\/h3>\n<p data-start=\"531\" data-end=\"884\">\u2705 <strong data-start=\"533\" data-end=\"568\">Millora la circulaci\u00f3 de l&#8217;aire<\/strong>, evitant l&#8217;acumulaci\u00f3 excessiva d&#8217;humitat i afavorint un ambient saludable.<br data-start=\"644\" data-end=\"647\" \/>\u2705 <strong data-start=\"649\" data-end=\"671\">Material resistent<\/strong>, ideal per a entorns amb alta humitat o temperatura variable.<br data-start=\"733\" data-end=\"736\" \/>\u2705 <strong data-start=\"738\" data-end=\"765\">No apta per a formigues<\/strong>, ja que la malla no \u00e9s prou fina per contenir-les, per\u00f2 \u00e9s perfecta per a r\u00e8ptils, amfibis i insectes de major mida.<\/p>\n<p data-start=\"886\" data-end=\"965\">Perfecta per garantir un flux d&#8217;aire \u00f2ptim en terraris i contenidors de cria.<\/p>\n","protected":false},"featured_media":40924,"template":"","meta":[],"product_brand":[],"product_cat":[157,428],"product_tag":[],"class_list":{"0":"post-41085","1":"product","2":"type-product","3":"status-publish","4":"has-post-thumbnail","6":"product_cat-accessoris","7":"product_cat-terraris","9":"first","10":"instock","11":"shipping-taxable","12":"purchasable","13":"product-type-simple"},"yoast_head":"<!-- This site is optimized with the Yoast SEO plugin v27.4 - https:\/\/yoast.com\/product\/yoast-seo-wordpress\/ -->\n<title>Reixeta de ventilaci\u00f3 per a terraris i t\u00e0pers - ANTDERGROUND<\/title>\n<meta name=\"description\" content=\"Reixeta de ventilaci\u00f3 negra (50 mm, rosca 38 mm) per a terraris i t\u00e0pers. Millora la circulaci\u00f3 de l\u2019aire \ud83c\udf3f No apta per a formigues! \ud83d\udeab\ud83d\udc1c\" \/>\n<meta name=\"robots\" content=\"index, follow, max-snippet:-1, max-image-preview:large, max-video-preview:-1\" \/>\n<link rel=\"canonical\" href=\"https:\/\/antderground.com\/ca\/producte\/reixeta-de-ventilacio-per-a-terraris-i-tapers\/\" \/>\n<meta property=\"og:locale\" content=\"ca_ES\" \/>\n<meta property=\"og:type\" content=\"article\" \/>\n<meta property=\"og:title\" content=\"Reixeta de ventilaci\u00f3 per a terraris i t\u00e0pers - ANTDERGROUND\" \/>\n<meta property=\"og:description\" content=\"Reixeta de ventilaci\u00f3 negra (50 mm, rosca 38 mm) per a terraris i t\u00e0pers. Millora la circulaci\u00f3 de l\u2019aire \ud83c\udf3f No apta per a formigues! \ud83d\udeab\ud83d\udc1c\" \/>\n<meta property=\"og:url\" content=\"https:\/\/antderground.com\/ca\/producte\/reixeta-de-ventilacio-per-a-terraris-i-tapers\/\" \/>\n<meta property=\"og:site_name\" content=\"ANTDERGROUND\" \/>\n<meta property=\"og:image\" content=\"https:\/\/antderground.com\/wp-content\/uploads\/2025\/03\/Rejilla-de-ventilacion-para-terrarios-y-tuppers-1.jpeg\" \/>\n\t<meta property=\"og:image:width\" content=\"1600\" \/>\n\t<meta property=\"og:image:height\" content=\"1600\" \/>\n\t<meta property=\"og:image:type\" content=\"image\/jpeg\" \/>\n<meta name=\"twitter:card\" content=\"summary_large_image\" \/>\n<script type=\"application\/ld+json\" class=\"yoast-schema-graph\">{\"@context\":\"https:\\\/\\\/schema.org\",\"@graph\":[{\"@type\":\"WebPage\",\"@id\":\"https:\\\/\\\/antderground.com\\\/ca\\\/producte\\\/reixeta-de-ventilacio-per-a-terraris-i-tapers\\\/\",\"url\":\"https:\\\/\\\/antderground.com\\\/ca\\\/producte\\\/reixeta-de-ventilacio-per-a-terraris-i-tapers\\\/\",\"name\":\"Reixeta de ventilaci\u00f3 per a terraris i t\u00e0pers - ANTDERGROUND\",\"isPartOf\":{\"@id\":\"https:\\\/\\\/antderground.com\\\/ca\\\/#website\"},\"primaryImageOfPage\":{\"@id\":\"https:\\\/\\\/antderground.com\\\/ca\\\/producte\\\/reixeta-de-ventilacio-per-a-terraris-i-tapers\\\/#primaryimage\"},\"image\":{\"@id\":\"https:\\\/\\\/antderground.com\\\/ca\\\/producte\\\/reixeta-de-ventilacio-per-a-terraris-i-tapers\\\/#primaryimage\"},\"thumbnailUrl\":\"https:\\\/\\\/antderground.com\\\/wp-content\\\/uploads\\\/2025\\\/03\\\/Rejilla-de-ventilacion-para-terrarios-y-tuppers-1.jpeg\",\"datePublished\":\"2025-03-10T10:44:39+00:00\",\"description\":\"Reixeta de ventilaci\u00f3 negra (50 mm, rosca 38 mm) per a terraris i t\u00e0pers. Millora la circulaci\u00f3 de l\u2019aire \ud83c\udf3f No apta per a formigues! \ud83d\udeab\ud83d\udc1c\",\"breadcrumb\":{\"@id\":\"https:\\\/\\\/antderground.com\\\/ca\\\/producte\\\/reixeta-de-ventilacio-per-a-terraris-i-tapers\\\/#breadcrumb\"},\"inLanguage\":\"ca\",\"potentialAction\":[{\"@type\":\"ReadAction\",\"target\":[\"https:\\\/\\\/antderground.com\\\/ca\\\/producte\\\/reixeta-de-ventilacio-per-a-terraris-i-tapers\\\/\"]}]},{\"@type\":\"ImageObject\",\"inLanguage\":\"ca\",\"@id\":\"https:\\\/\\\/antderground.com\\\/ca\\\/producte\\\/reixeta-de-ventilacio-per-a-terraris-i-tapers\\\/#primaryimage\",\"url\":\"https:\\\/\\\/antderground.com\\\/wp-content\\\/uploads\\\/2025\\\/03\\\/Rejilla-de-ventilacion-para-terrarios-y-tuppers-1.jpeg\",\"contentUrl\":\"https:\\\/\\\/antderground.com\\\/wp-content\\\/uploads\\\/2025\\\/03\\\/Rejilla-de-ventilacion-para-terrarios-y-tuppers-1.jpeg\",\"width\":1600,\"height\":1600,\"caption\":\"Reixeta de ventilaci\u00f3 per a terraris i t\u00e0pers\"},{\"@type\":\"BreadcrumbList\",\"@id\":\"https:\\\/\\\/antderground.com\\\/ca\\\/producte\\\/reixeta-de-ventilacio-per-a-terraris-i-tapers\\\/#breadcrumb\",\"itemListElement\":[{\"@type\":\"ListItem\",\"position\":1,\"name\":\"Portada\",\"item\":\"https:\\\/\\\/antderground.com\\\/ca\\\/\"},{\"@type\":\"ListItem\",\"position\":2,\"name\":\"Productes\",\"item\":\"https:\\\/\\\/antderground.com\\\/ca\\\/productes\\\/\"},{\"@type\":\"ListItem\",\"position\":3,\"name\":\"Reixeta de ventilaci\u00f3 per a terraris i t\u00e0pers\"}]},{\"@type\":\"WebSite\",\"@id\":\"https:\\\/\\\/antderground.com\\\/ca\\\/#website\",\"url\":\"https:\\\/\\\/antderground.com\\\/ca\\\/\",\"name\":\"ANTDERGROUND\",\"description\":\"Tu tienda de hormigas, gran variedad de hormigueros acr\u00edlicos,madera,arena,3D y mas.. Pide tus hormigas gratis con tu pedido, somos expertos en hormigueros antifugas.\",\"publisher\":{\"@id\":\"https:\\\/\\\/antderground.com\\\/ca\\\/#\\\/schema\\\/person\\\/0e322c505e84fe72c65e2f6d08f96b81\"},\"alternateName\":\"Antderground\",\"potentialAction\":[{\"@type\":\"SearchAction\",\"target\":{\"@type\":\"EntryPoint\",\"urlTemplate\":\"https:\\\/\\\/antderground.com\\\/ca\\\/?s={search_term_string}\"},\"query-input\":{\"@type\":\"PropertyValueSpecification\",\"valueRequired\":true,\"valueName\":\"search_term_string\"}}],\"inLanguage\":\"ca\"},{\"@type\":[\"Person\",\"Organization\"],\"@id\":\"https:\\\/\\\/antderground.com\\\/ca\\\/#\\\/schema\\\/person\\\/0e322c505e84fe72c65e2f6d08f96b81\",\"name\":\"Eric de Antderground\",\"image\":{\"@type\":\"ImageObject\",\"inLanguage\":\"ca\",\"@id\":\"https:\\\/\\\/secure.gravatar.com\\\/avatar\\\/c49a1b9f79216d1498cb73c1e85cd47f4465dda35f2a94c03790d491bd4423c3?s=96&d=mm&r=g\",\"url\":\"https:\\\/\\\/secure.gravatar.com\\\/avatar\\\/c49a1b9f79216d1498cb73c1e85cd47f4465dda35f2a94c03790d491bd4423c3?s=96&d=mm&r=g\",\"contentUrl\":\"https:\\\/\\\/secure.gravatar.com\\\/avatar\\\/c49a1b9f79216d1498cb73c1e85cd47f4465dda35f2a94c03790d491bd4423c3?s=96&d=mm&r=g\",\"caption\":\"Eric de Antderground\"},\"logo\":{\"@id\":\"https:\\\/\\\/secure.gravatar.com\\\/avatar\\\/c49a1b9f79216d1498cb73c1e85cd47f4465dda35f2a94c03790d491bd4423c3?s=96&d=mm&r=g\"},\"description\":\"Eric es el especialista y fundador de Antderground, con una amplia trayectoria en artr\u00f3podos y enfocado en la mirmecolog\u00eda y el dise\u00f1o de hormigueros artificiales. Su enfoque combina la innovaci\u00f3n t\u00e9cnica con el respeto por la biolog\u00eda de las hormigas, is\u00f3podos y otros, desarrollando sistemas de nidos modulares 3D y acr\u00edlicos que son referentes para aficionados y profesionales en toda Europa. Su objetivo es facilitar la cr\u00eda de hormigas y otros artr\u00f3podos mediante soluciones seguras y divulgaci\u00f3n de calidad.\",\"sameAs\":[\"https:\\\/\\\/antderground.com\\\/\",\"https:\\\/\\\/www.youtube.com\\\/channel\\\/UCio72z7TlbufkAthAJIJfPw\"]}]}<\/script>\n<!-- \/ Yoast SEO plugin. -->","yoast_head_json":{"title":"Reixeta de ventilaci\u00f3 per a terraris i t\u00e0pers - ANTDERGROUND","description":"Reixeta de ventilaci\u00f3 negra (50 mm, rosca 38 mm) per a terraris i t\u00e0pers. Millora la circulaci\u00f3 de l\u2019aire \ud83c\udf3f No apta per a formigues! \ud83d\udeab\ud83d\udc1c","robots":{"index":"index","follow":"follow","max-snippet":"max-snippet:-1","max-image-preview":"max-image-preview:large","max-video-preview":"max-video-preview:-1"},"canonical":"https:\/\/antderground.com\/ca\/producte\/reixeta-de-ventilacio-per-a-terraris-i-tapers\/","og_locale":"ca_ES","og_type":"article","og_title":"Reixeta de ventilaci\u00f3 per a terraris i t\u00e0pers - ANTDERGROUND","og_description":"Reixeta de ventilaci\u00f3 negra (50 mm, rosca 38 mm) per a terraris i t\u00e0pers. Millora la circulaci\u00f3 de l\u2019aire \ud83c\udf3f No apta per a formigues! \ud83d\udeab\ud83d\udc1c","og_url":"https:\/\/antderground.com\/ca\/producte\/reixeta-de-ventilacio-per-a-terraris-i-tapers\/","og_site_name":"ANTDERGROUND","og_image":[{"width":1600,"height":1600,"url":"https:\/\/antderground.com\/wp-content\/uploads\/2025\/03\/Rejilla-de-ventilacion-para-terrarios-y-tuppers-1.jpeg","type":"image\/jpeg"}],"twitter_card":"summary_large_image","schema":{"@context":"https:\/\/schema.org","@graph":[{"@type":"WebPage","@id":"https:\/\/antderground.com\/ca\/producte\/reixeta-de-ventilacio-per-a-terraris-i-tapers\/","url":"https:\/\/antderground.com\/ca\/producte\/reixeta-de-ventilacio-per-a-terraris-i-tapers\/","name":"Reixeta de ventilaci\u00f3 per a terraris i t\u00e0pers - ANTDERGROUND","isPartOf":{"@id":"https:\/\/antderground.com\/ca\/#website"},"primaryImageOfPage":{"@id":"https:\/\/antderground.com\/ca\/producte\/reixeta-de-ventilacio-per-a-terraris-i-tapers\/#primaryimage"},"image":{"@id":"https:\/\/antderground.com\/ca\/producte\/reixeta-de-ventilacio-per-a-terraris-i-tapers\/#primaryimage"},"thumbnailUrl":"https:\/\/antderground.com\/wp-content\/uploads\/2025\/03\/Rejilla-de-ventilacion-para-terrarios-y-tuppers-1.jpeg","datePublished":"2025-03-10T10:44:39+00:00","description":"Reixeta de ventilaci\u00f3 negra (50 mm, rosca 38 mm) per a terraris i t\u00e0pers. Millora la circulaci\u00f3 de l\u2019aire \ud83c\udf3f No apta per a formigues! \ud83d\udeab\ud83d\udc1c","breadcrumb":{"@id":"https:\/\/antderground.com\/ca\/producte\/reixeta-de-ventilacio-per-a-terraris-i-tapers\/#breadcrumb"},"inLanguage":"ca","potentialAction":[{"@type":"ReadAction","target":["https:\/\/antderground.com\/ca\/producte\/reixeta-de-ventilacio-per-a-terraris-i-tapers\/"]}]},{"@type":"ImageObject","inLanguage":"ca","@id":"https:\/\/antderground.com\/ca\/producte\/reixeta-de-ventilacio-per-a-terraris-i-tapers\/#primaryimage","url":"https:\/\/antderground.com\/wp-content\/uploads\/2025\/03\/Rejilla-de-ventilacion-para-terrarios-y-tuppers-1.jpeg","contentUrl":"https:\/\/antderground.com\/wp-content\/uploads\/2025\/03\/Rejilla-de-ventilacion-para-terrarios-y-tuppers-1.jpeg","width":1600,"height":1600,"caption":"Reixeta de ventilaci\u00f3 per a terraris i t\u00e0pers"},{"@type":"BreadcrumbList","@id":"https:\/\/antderground.com\/ca\/producte\/reixeta-de-ventilacio-per-a-terraris-i-tapers\/#breadcrumb","itemListElement":[{"@type":"ListItem","position":1,"name":"Portada","item":"https:\/\/antderground.com\/ca\/"},{"@type":"ListItem","position":2,"name":"Productes","item":"https:\/\/antderground.com\/ca\/productes\/"},{"@type":"ListItem","position":3,"name":"Reixeta de ventilaci\u00f3 per a terraris i t\u00e0pers"}]},{"@type":"WebSite","@id":"https:\/\/antderground.com\/ca\/#website","url":"https:\/\/antderground.com\/ca\/","name":"ANTDERGROUND","description":"Tu tienda de hormigas, gran variedad de hormigueros acr\u00edlicos,madera,arena,3D y mas.. Pide tus hormigas gratis con tu pedido, somos expertos en hormigueros antifugas.","publisher":{"@id":"https:\/\/antderground.com\/ca\/#\/schema\/person\/0e322c505e84fe72c65e2f6d08f96b81"},"alternateName":"Antderground","potentialAction":[{"@type":"SearchAction","target":{"@type":"EntryPoint","urlTemplate":"https:\/\/antderground.com\/ca\/?s={search_term_string}"},"query-input":{"@type":"PropertyValueSpecification","valueRequired":true,"valueName":"search_term_string"}}],"inLanguage":"ca"},{"@type":["Person","Organization"],"@id":"https:\/\/antderground.com\/ca\/#\/schema\/person\/0e322c505e84fe72c65e2f6d08f96b81","name":"Eric de Antderground","image":{"@type":"ImageObject","inLanguage":"ca","@id":"https:\/\/secure.gravatar.com\/avatar\/c49a1b9f79216d1498cb73c1e85cd47f4465dda35f2a94c03790d491bd4423c3?s=96&d=mm&r=g","url":"https:\/\/secure.gravatar.com\/avatar\/c49a1b9f79216d1498cb73c1e85cd47f4465dda35f2a94c03790d491bd4423c3?s=96&d=mm&r=g","contentUrl":"https:\/\/secure.gravatar.com\/avatar\/c49a1b9f79216d1498cb73c1e85cd47f4465dda35f2a94c03790d491bd4423c3?s=96&d=mm&r=g","caption":"Eric de Antderground"},"logo":{"@id":"https:\/\/secure.gravatar.com\/avatar\/c49a1b9f79216d1498cb73c1e85cd47f4465dda35f2a94c03790d491bd4423c3?s=96&d=mm&r=g"},"description":"Eric es el especialista y fundador de Antderground, con una amplia trayectoria en artr\u00f3podos y enfocado en la mirmecolog\u00eda y el dise\u00f1o de hormigueros artificiales. Su enfoque combina la innovaci\u00f3n t\u00e9cnica con el respeto por la biolog\u00eda de las hormigas, is\u00f3podos y otros, desarrollando sistemas de nidos modulares 3D y acr\u00edlicos que son referentes para aficionados y profesionales en toda Europa. Su objetivo es facilitar la cr\u00eda de hormigas y otros artr\u00f3podos mediante soluciones seguras y divulgaci\u00f3n de calidad.","sameAs":["https:\/\/antderground.com\/","https:\/\/www.youtube.com\/channel\/UCio72z7TlbufkAthAJIJfPw"]}]}},"_links":{"self":[{"href":"https:\/\/antderground.com\/ca\/wp-json\/wp\/v2\/product\/41085","targetHints":{"allow":["GET"]}}],"collection":[{"href":"https:\/\/antderground.com\/ca\/wp-json\/wp\/v2\/product"}],"about":[{"href":"https:\/\/antderground.com\/ca\/wp-json\/wp\/v2\/types\/product"}],"version-history":[{"count":0,"href":"https:\/\/antderground.com\/ca\/wp-json\/wp\/v2\/product\/41085\/revisions"}],"wp:featuredmedia":[{"embeddable":true,"href":"https:\/\/antderground.com\/ca\/wp-json\/wp\/v2\/media\/40924"}],"wp:attachment":[{"href":"https:\/\/antderground.com\/ca\/wp-json\/wp\/v2\/media?parent=41085"}],"wp:term":[{"taxonomy":"product_brand","embeddable":true,"href":"https:\/\/antderground.com\/ca\/wp-json\/wp\/v2\/product_brand?post=41085"},{"taxonomy":"product_cat","embeddable":true,"href":"https:\/\/antderground.com\/ca\/wp-json\/wp\/v2\/product_cat?post=41085"},{"taxonomy":"product_tag","embeddable":true,"href":"https:\/\/antderground.com\/ca\/wp-json\/wp\/v2\/product_tag?post=41085"}],"curies":[{"name":"wp","href":"https:\/\/api.w.org\/{rel}","templated":true}]}}