{"id":41174,"date":"2025-03-21T16:33:02","date_gmt":"2025-03-21T15:33:02","guid":{"rendered":"https:\/\/www.antderground.com\/producto\/grammostola-rosea-red\/"},"modified":"2025-03-21T16:33:02","modified_gmt":"2025-03-21T15:33:02","slug":"grammostola-rosea-red","status":"publish","type":"product","link":"https:\/\/antderground.com\/ca\/producte\/grammostola-rosea-red\/","title":{"rendered":"Grammostola rosea &#8220;Red&#8221;"},"content":{"rendered":"<h4 class=\"\" data-start=\"2614\" data-end=\"2663\"><strong data-start=\"2619\" data-end=\"2661\">Fitxa t\u00e8cnica: Grammostola rosea &#8220;Red&#8221;<\/strong><\/h4>\n<p class=\"\" data-start=\"2664\" data-end=\"2821\"><strong data-start=\"2664\" data-end=\"2677\">Nom com\u00fa:<\/strong> Tar\u00e0ntula vermella xilena<br data-start=\"2703\" data-end=\"2706\" \/><strong data-start=\"2706\" data-end=\"2724\">Nom cient\u00edfic:<\/strong> <em data-start=\"2725\" data-end=\"2744\">Grammostola rosea<\/em> &#8220;Red&#8221;<br data-start=\"2750\" data-end=\"2753\" \/><strong data-start=\"2753\" data-end=\"2765\">Fam\u00edlia:<\/strong> Theraphosidae<br data-start=\"2779\" data-end=\"2782\" \/><strong data-start=\"2782\" data-end=\"2793\">Origen:<\/strong> Xile, Argentina i Bol\u00edvia<\/p>\n<h3 class=\"\" data-start=\"2823\" data-end=\"2843\"><strong data-start=\"2827\" data-end=\"2841\">Descripci\u00f3<\/strong><\/h3>\n<p class=\"\" data-start=\"2844\" data-end=\"3151\">La <em data-start=\"2847\" data-end=\"2866\">Grammostola rosea<\/em> &#8220;Red&#8221; \u00e9s una variant de la tar\u00e0ntula xilena, caracteritzada per una coloraci\u00f3 vermella m\u00e9s intensa que la forma cl\u00e0ssica. El seu cos est\u00e0 recobert de p\u00e8ls fins que varien entre tons vermells, marrons i ataronjats. \u00c9s una esp\u00e8cie robusta i longeva, amb una envergadura de 12 a 15 cm.<\/p>\n<h3 class=\"\" data-start=\"3153\" data-end=\"3175\"><strong data-start=\"3157\" data-end=\"3173\">Comportament<\/strong><\/h3>\n<p class=\"\" data-start=\"3176\" data-end=\"3472\">\u00c9s una tar\u00e0ntula terrestre de temperament tranquil i relativament d\u00f2cil, encara que pot mostrar certa agressivitat ocasionalment. \u00c9s poc activa i pot passar llargues temporades sense alimentar-se. Rarament utilitza els seus p\u00e8ls urticants i prefereix la intimidaci\u00f3 passiva davant les amenaces.<\/p>\n<h3 class=\"\" data-start=\"3474\" data-end=\"3508\"><strong data-start=\"3478\" data-end=\"3506\">Requeriments del terrari<\/strong><\/h3>\n<ul data-start=\"3509\" data-end=\"3786\">\n<li class=\"\" data-start=\"3509\" data-end=\"3540\">\n<p class=\"\" data-start=\"3511\" data-end=\"3540\"><strong data-start=\"3511\" data-end=\"3520\">Mida:<\/strong> M\u00ednim 30x30x30 cm<\/p>\n<\/li>\n<li class=\"\" data-start=\"3541\" data-end=\"3612\">\n<p class=\"\" data-start=\"3543\" data-end=\"3612\"><strong data-start=\"3543\" data-end=\"3556\">Substrat:<\/strong> Torba, fibra de coco o molsa (5-10 cm de profunditat)<\/p>\n<\/li>\n<li class=\"\" data-start=\"3613\" data-end=\"3636\">\n<p class=\"\" data-start=\"3615\" data-end=\"3636\"><strong data-start=\"3615\" data-end=\"3627\">Humitat:<\/strong> 50-70%<\/p>\n<\/li>\n<li class=\"\" data-start=\"3637\" data-end=\"3665\">\n<p class=\"\" data-start=\"3639\" data-end=\"3665\"><strong data-start=\"3639\" data-end=\"3655\">Temperatura:<\/strong> 22-26\u00b0C<\/p>\n<\/li>\n<li class=\"\" data-start=\"3666\" data-end=\"3727\">\n<p class=\"\" data-start=\"3668\" data-end=\"3727\"><strong data-start=\"3668\" data-end=\"3682\">Decoraci\u00f3:<\/strong> Branques, amagatalls i plantes artificials<\/p>\n<\/li>\n<li class=\"\" data-start=\"3728\" data-end=\"3786\">\n<p class=\"\" data-start=\"3730\" data-end=\"3786\"><strong data-start=\"3730\" data-end=\"3747\">Il\u00b7luminaci\u00f3:<\/strong> No requereix il\u00b7luminaci\u00f3 espec\u00edfica<\/p>\n<\/li>\n<\/ul>\n<h3 class=\"\" data-start=\"3788\" data-end=\"3809\"><strong data-start=\"3792\" data-end=\"3807\">Alimentaci\u00f3<\/strong><\/h3>\n<p class=\"\" data-start=\"3810\" data-end=\"3976\">S&#8217;alimenta d&#8217;insectes vius com grills, paneroles, llagostes i, ocasionalment, cries de ratol\u00ed per als exemplars adults. La freq\u00fc\u00e8ncia d&#8217;alimentaci\u00f3 dep\u00e8n de l&#8217;edat:<\/p>\n<ul data-start=\"3977\" data-end=\"4070\">\n<li class=\"\" data-start=\"3977\" data-end=\"4018\">\n<p class=\"\" data-start=\"3979\" data-end=\"4018\"><strong data-start=\"3979\" data-end=\"3992\">Juvenils:<\/strong> 2-3 vegades per setmana<\/p>\n<\/li>\n<li class=\"\" data-start=\"4019\" data-end=\"4070\">\n<p class=\"\" data-start=\"4021\" data-end=\"4070\"><strong data-start=\"4021\" data-end=\"4032\">Adults:<\/strong> 1 cop per setmana o cada 10-15 dies<\/p>\n<\/li>\n<\/ul>\n<h3 class=\"\" data-start=\"4072\" data-end=\"4093\"><strong data-start=\"4076\" data-end=\"4091\">Reproducci\u00f3<\/strong><\/h3>\n<p class=\"\" data-start=\"4094\" data-end=\"4256\">L&#8217;aparellament s&#8217;ha de fer amb precauci\u00f3 per evitar el risc de canibalisme. La femella pot pondre entre 100 i 500 ous, que eclosionen despr\u00e9s de 6 a 8 setmanes.<\/p>\n<h3 class=\"\" data-start=\"4258\" data-end=\"4277\"><strong data-start=\"4262\" data-end=\"4275\">Toxicitat<\/strong><\/h3>\n<p class=\"\" data-start=\"4278\" data-end=\"4428\">El seu ver\u00ed \u00e9s poc perill\u00f3s per als humans, similar a una picada d\u2019abella. Tot i aix\u00f2, persones sensibles poden experimentar reaccions al\u00b7l\u00e8rgiques.<\/p>\n<h3 class=\"\" data-start=\"4430\" data-end=\"4452\"><strong data-start=\"4434\" data-end=\"4450\">Observacions<\/strong><\/h3>\n<ul data-start=\"4453\" data-end=\"4660\">\n<li class=\"\" data-start=\"4453\" data-end=\"4504\">\n<p class=\"\" data-start=\"4455\" data-end=\"4504\">Eviteu manipular-la sovint per reduir l&#8217;estr\u00e8s.<\/p>\n<\/li>\n<li class=\"\" data-start=\"4505\" data-end=\"4586\">\n<p class=\"\" data-start=\"4507\" data-end=\"4586\">Pot passar llargues temporades sense menjar sense riscos per a la seva salut.<\/p>\n<\/li>\n<li class=\"\" data-start=\"4587\" data-end=\"4660\">\n<p class=\"\" data-start=\"4589\" data-end=\"4660\">Ideal per a principiants per la seva resist\u00e8ncia i f\u00e0cil manteniment.<\/p>\n<\/li>\n<\/ul>\n","protected":false},"excerpt":{"rendered":"<p class=\"\" data-start=\"4870\" data-end=\"5139\">Descobreix la <em data-start=\"4884\" data-end=\"4903\">Grammostola rosea<\/em> &#8220;Red&#8221;, una tar\u00e0ntula fascinant de temperament tranquil i gran bellesa. Ideal per a principiants, \u00e9s resistent i f\u00e0cil de cuidar. El seu to vermell\u00f3s la fa \u00fanica. Afegeix-la a la teva col\u00b7lecci\u00f3 i gaudeix de la seva eleg\u00e0ncia natural!<\/p>\n","protected":false},"featured_media":41141,"template":"","meta":[],"product_brand":[],"product_cat":[420,583],"product_tag":[],"class_list":{"0":"post-41174","1":"product","2":"type-product","3":"status-publish","4":"has-post-thumbnail","6":"product_cat-artropodes","7":"product_cat-tarantules","9":"first","10":"outofstock","11":"shipping-taxable","12":"purchasable","13":"product-type-variable"},"yoast_head":"<!-- This site is optimized with the Yoast SEO plugin v27.4 - https:\/\/yoast.com\/product\/yoast-seo-wordpress\/ -->\n<title>Grammostola rosea &quot;Red&quot; | Tarantules - ANTDERGROUND<\/title>\n<meta name=\"description\" content=\"Descobreix la Grammostola rosea &quot;Red&quot; \ud83d\udd77\ufe0f, una tar\u00e0ntula ex\u00f2tica f\u00e0cil de cuidar i d\u2019una bellesa espectacular. Perfecta per als amants dels ar\u00e0cnids! \ud83c\udf3f\" \/>\n<meta name=\"robots\" content=\"index, follow, max-snippet:-1, max-image-preview:large, max-video-preview:-1\" \/>\n<link rel=\"canonical\" href=\"https:\/\/antderground.com\/ca\/producte\/grammostola-rosea-red\/\" \/>\n<meta property=\"og:locale\" content=\"ca_ES\" \/>\n<meta property=\"og:type\" content=\"article\" \/>\n<meta property=\"og:title\" content=\"Grammostola rosea &quot;Red&quot; | Tarantules - ANTDERGROUND\" \/>\n<meta property=\"og:description\" content=\"Descobreix la Grammostola rosea &quot;Red&quot; \ud83d\udd77\ufe0f, una tar\u00e0ntula ex\u00f2tica f\u00e0cil de cuidar i d\u2019una bellesa espectacular. Perfecta per als amants dels ar\u00e0cnids! \ud83c\udf3f\" \/>\n<meta property=\"og:url\" content=\"https:\/\/antderground.com\/ca\/producte\/grammostola-rosea-red\/\" \/>\n<meta property=\"og:site_name\" content=\"ANTDERGROUND\" \/>\n<meta property=\"og:image\" content=\"https:\/\/antderground.com\/wp-content\/uploads\/2025\/03\/Grammostola-rosea-22red22.jpeg\" \/>\n\t<meta property=\"og:image:width\" content=\"1600\" \/>\n\t<meta property=\"og:image:height\" content=\"1600\" \/>\n\t<meta property=\"og:image:type\" content=\"image\/jpeg\" \/>\n<meta name=\"twitter:card\" content=\"summary_large_image\" \/>\n<meta name=\"twitter:label1\" content=\"Temps estimat de lectura\" \/>\n\t<meta name=\"twitter:data1\" content=\"1 minut\" \/>\n<script type=\"application\/ld+json\" class=\"yoast-schema-graph\">{\"@context\":\"https:\\\/\\\/schema.org\",\"@graph\":[{\"@type\":\"WebPage\",\"@id\":\"https:\\\/\\\/antderground.com\\\/ca\\\/producte\\\/grammostola-rosea-red\\\/\",\"url\":\"https:\\\/\\\/antderground.com\\\/ca\\\/producte\\\/grammostola-rosea-red\\\/\",\"name\":\"Grammostola rosea \\\"Red\\\" | Tarantules - ANTDERGROUND\",\"isPartOf\":{\"@id\":\"https:\\\/\\\/antderground.com\\\/ca\\\/#website\"},\"primaryImageOfPage\":{\"@id\":\"https:\\\/\\\/antderground.com\\\/ca\\\/producte\\\/grammostola-rosea-red\\\/#primaryimage\"},\"image\":{\"@id\":\"https:\\\/\\\/antderground.com\\\/ca\\\/producte\\\/grammostola-rosea-red\\\/#primaryimage\"},\"thumbnailUrl\":\"https:\\\/\\\/antderground.com\\\/wp-content\\\/uploads\\\/2025\\\/03\\\/Grammostola-rosea-22red22.jpeg\",\"datePublished\":\"2025-03-21T15:33:02+00:00\",\"description\":\"Descobreix la Grammostola rosea \\\"Red\\\" \ud83d\udd77\ufe0f, una tar\u00e0ntula ex\u00f2tica f\u00e0cil de cuidar i d\u2019una bellesa espectacular. Perfecta per als amants dels ar\u00e0cnids! \ud83c\udf3f\",\"breadcrumb\":{\"@id\":\"https:\\\/\\\/antderground.com\\\/ca\\\/producte\\\/grammostola-rosea-red\\\/#breadcrumb\"},\"inLanguage\":\"ca\",\"potentialAction\":[{\"@type\":\"ReadAction\",\"target\":[\"https:\\\/\\\/antderground.com\\\/ca\\\/producte\\\/grammostola-rosea-red\\\/\"]}]},{\"@type\":\"ImageObject\",\"inLanguage\":\"ca\",\"@id\":\"https:\\\/\\\/antderground.com\\\/ca\\\/producte\\\/grammostola-rosea-red\\\/#primaryimage\",\"url\":\"https:\\\/\\\/antderground.com\\\/wp-content\\\/uploads\\\/2025\\\/03\\\/Grammostola-rosea-22red22.jpeg\",\"contentUrl\":\"https:\\\/\\\/antderground.com\\\/wp-content\\\/uploads\\\/2025\\\/03\\\/Grammostola-rosea-22red22.jpeg\",\"width\":1600,\"height\":1600,\"caption\":\"Grammostola rosea red\"},{\"@type\":\"BreadcrumbList\",\"@id\":\"https:\\\/\\\/antderground.com\\\/ca\\\/producte\\\/grammostola-rosea-red\\\/#breadcrumb\",\"itemListElement\":[{\"@type\":\"ListItem\",\"position\":1,\"name\":\"Portada\",\"item\":\"https:\\\/\\\/antderground.com\\\/ca\\\/\"},{\"@type\":\"ListItem\",\"position\":2,\"name\":\"Productes\",\"item\":\"https:\\\/\\\/antderground.com\\\/ca\\\/productes\\\/\"},{\"@type\":\"ListItem\",\"position\":3,\"name\":\"Grammostola rosea &#8220;Red&#8221;\"}]},{\"@type\":\"WebSite\",\"@id\":\"https:\\\/\\\/antderground.com\\\/ca\\\/#website\",\"url\":\"https:\\\/\\\/antderground.com\\\/ca\\\/\",\"name\":\"ANTDERGROUND\",\"description\":\"Tu tienda de hormigas, gran variedad de hormigueros acr\u00edlicos,madera,arena,3D y mas.. Pide tus hormigas gratis con tu pedido, somos expertos en hormigueros antifugas.\",\"publisher\":{\"@id\":\"https:\\\/\\\/antderground.com\\\/ca\\\/#\\\/schema\\\/person\\\/0e322c505e84fe72c65e2f6d08f96b81\"},\"alternateName\":\"Antderground\",\"potentialAction\":[{\"@type\":\"SearchAction\",\"target\":{\"@type\":\"EntryPoint\",\"urlTemplate\":\"https:\\\/\\\/antderground.com\\\/ca\\\/?s={search_term_string}\"},\"query-input\":{\"@type\":\"PropertyValueSpecification\",\"valueRequired\":true,\"valueName\":\"search_term_string\"}}],\"inLanguage\":\"ca\"},{\"@type\":[\"Person\",\"Organization\"],\"@id\":\"https:\\\/\\\/antderground.com\\\/ca\\\/#\\\/schema\\\/person\\\/0e322c505e84fe72c65e2f6d08f96b81\",\"name\":\"Eric de Antderground\",\"image\":{\"@type\":\"ImageObject\",\"inLanguage\":\"ca\",\"@id\":\"https:\\\/\\\/secure.gravatar.com\\\/avatar\\\/c49a1b9f79216d1498cb73c1e85cd47f4465dda35f2a94c03790d491bd4423c3?s=96&d=mm&r=g\",\"url\":\"https:\\\/\\\/secure.gravatar.com\\\/avatar\\\/c49a1b9f79216d1498cb73c1e85cd47f4465dda35f2a94c03790d491bd4423c3?s=96&d=mm&r=g\",\"contentUrl\":\"https:\\\/\\\/secure.gravatar.com\\\/avatar\\\/c49a1b9f79216d1498cb73c1e85cd47f4465dda35f2a94c03790d491bd4423c3?s=96&d=mm&r=g\",\"caption\":\"Eric de Antderground\"},\"logo\":{\"@id\":\"https:\\\/\\\/secure.gravatar.com\\\/avatar\\\/c49a1b9f79216d1498cb73c1e85cd47f4465dda35f2a94c03790d491bd4423c3?s=96&d=mm&r=g\"},\"description\":\"Eric es el especialista y fundador de Antderground, con una amplia trayectoria en artr\u00f3podos y enfocado en la mirmecolog\u00eda y el dise\u00f1o de hormigueros artificiales. Su enfoque combina la innovaci\u00f3n t\u00e9cnica con el respeto por la biolog\u00eda de las hormigas, is\u00f3podos y otros, desarrollando sistemas de nidos modulares 3D y acr\u00edlicos que son referentes para aficionados y profesionales en toda Europa. Su objetivo es facilitar la cr\u00eda de hormigas y otros artr\u00f3podos mediante soluciones seguras y divulgaci\u00f3n de calidad.\",\"sameAs\":[\"https:\\\/\\\/antderground.com\\\/\",\"https:\\\/\\\/www.youtube.com\\\/channel\\\/UCio72z7TlbufkAthAJIJfPw\"]}]}<\/script>\n<!-- \/ Yoast SEO plugin. -->","yoast_head_json":{"title":"Grammostola rosea \"Red\" | Tarantules - ANTDERGROUND","description":"Descobreix la Grammostola rosea \"Red\" \ud83d\udd77\ufe0f, una tar\u00e0ntula ex\u00f2tica f\u00e0cil de cuidar i d\u2019una bellesa espectacular. Perfecta per als amants dels ar\u00e0cnids! \ud83c\udf3f","robots":{"index":"index","follow":"follow","max-snippet":"max-snippet:-1","max-image-preview":"max-image-preview:large","max-video-preview":"max-video-preview:-1"},"canonical":"https:\/\/antderground.com\/ca\/producte\/grammostola-rosea-red\/","og_locale":"ca_ES","og_type":"article","og_title":"Grammostola rosea \"Red\" | Tarantules - ANTDERGROUND","og_description":"Descobreix la Grammostola rosea \"Red\" \ud83d\udd77\ufe0f, una tar\u00e0ntula ex\u00f2tica f\u00e0cil de cuidar i d\u2019una bellesa espectacular. Perfecta per als amants dels ar\u00e0cnids! \ud83c\udf3f","og_url":"https:\/\/antderground.com\/ca\/producte\/grammostola-rosea-red\/","og_site_name":"ANTDERGROUND","og_image":[{"width":1600,"height":1600,"url":"https:\/\/antderground.com\/wp-content\/uploads\/2025\/03\/Grammostola-rosea-22red22.jpeg","type":"image\/jpeg"}],"twitter_card":"summary_large_image","twitter_misc":{"Temps estimat de lectura":"1 minut"},"schema":{"@context":"https:\/\/schema.org","@graph":[{"@type":"WebPage","@id":"https:\/\/antderground.com\/ca\/producte\/grammostola-rosea-red\/","url":"https:\/\/antderground.com\/ca\/producte\/grammostola-rosea-red\/","name":"Grammostola rosea \"Red\" | Tarantules - ANTDERGROUND","isPartOf":{"@id":"https:\/\/antderground.com\/ca\/#website"},"primaryImageOfPage":{"@id":"https:\/\/antderground.com\/ca\/producte\/grammostola-rosea-red\/#primaryimage"},"image":{"@id":"https:\/\/antderground.com\/ca\/producte\/grammostola-rosea-red\/#primaryimage"},"thumbnailUrl":"https:\/\/antderground.com\/wp-content\/uploads\/2025\/03\/Grammostola-rosea-22red22.jpeg","datePublished":"2025-03-21T15:33:02+00:00","description":"Descobreix la Grammostola rosea \"Red\" \ud83d\udd77\ufe0f, una tar\u00e0ntula ex\u00f2tica f\u00e0cil de cuidar i d\u2019una bellesa espectacular. Perfecta per als amants dels ar\u00e0cnids! \ud83c\udf3f","breadcrumb":{"@id":"https:\/\/antderground.com\/ca\/producte\/grammostola-rosea-red\/#breadcrumb"},"inLanguage":"ca","potentialAction":[{"@type":"ReadAction","target":["https:\/\/antderground.com\/ca\/producte\/grammostola-rosea-red\/"]}]},{"@type":"ImageObject","inLanguage":"ca","@id":"https:\/\/antderground.com\/ca\/producte\/grammostola-rosea-red\/#primaryimage","url":"https:\/\/antderground.com\/wp-content\/uploads\/2025\/03\/Grammostola-rosea-22red22.jpeg","contentUrl":"https:\/\/antderground.com\/wp-content\/uploads\/2025\/03\/Grammostola-rosea-22red22.jpeg","width":1600,"height":1600,"caption":"Grammostola rosea red"},{"@type":"BreadcrumbList","@id":"https:\/\/antderground.com\/ca\/producte\/grammostola-rosea-red\/#breadcrumb","itemListElement":[{"@type":"ListItem","position":1,"name":"Portada","item":"https:\/\/antderground.com\/ca\/"},{"@type":"ListItem","position":2,"name":"Productes","item":"https:\/\/antderground.com\/ca\/productes\/"},{"@type":"ListItem","position":3,"name":"Grammostola rosea &#8220;Red&#8221;"}]},{"@type":"WebSite","@id":"https:\/\/antderground.com\/ca\/#website","url":"https:\/\/antderground.com\/ca\/","name":"ANTDERGROUND","description":"Tu tienda de hormigas, gran variedad de hormigueros acr\u00edlicos,madera,arena,3D y mas.. Pide tus hormigas gratis con tu pedido, somos expertos en hormigueros antifugas.","publisher":{"@id":"https:\/\/antderground.com\/ca\/#\/schema\/person\/0e322c505e84fe72c65e2f6d08f96b81"},"alternateName":"Antderground","potentialAction":[{"@type":"SearchAction","target":{"@type":"EntryPoint","urlTemplate":"https:\/\/antderground.com\/ca\/?s={search_term_string}"},"query-input":{"@type":"PropertyValueSpecification","valueRequired":true,"valueName":"search_term_string"}}],"inLanguage":"ca"},{"@type":["Person","Organization"],"@id":"https:\/\/antderground.com\/ca\/#\/schema\/person\/0e322c505e84fe72c65e2f6d08f96b81","name":"Eric de Antderground","image":{"@type":"ImageObject","inLanguage":"ca","@id":"https:\/\/secure.gravatar.com\/avatar\/c49a1b9f79216d1498cb73c1e85cd47f4465dda35f2a94c03790d491bd4423c3?s=96&d=mm&r=g","url":"https:\/\/secure.gravatar.com\/avatar\/c49a1b9f79216d1498cb73c1e85cd47f4465dda35f2a94c03790d491bd4423c3?s=96&d=mm&r=g","contentUrl":"https:\/\/secure.gravatar.com\/avatar\/c49a1b9f79216d1498cb73c1e85cd47f4465dda35f2a94c03790d491bd4423c3?s=96&d=mm&r=g","caption":"Eric de Antderground"},"logo":{"@id":"https:\/\/secure.gravatar.com\/avatar\/c49a1b9f79216d1498cb73c1e85cd47f4465dda35f2a94c03790d491bd4423c3?s=96&d=mm&r=g"},"description":"Eric es el especialista y fundador de Antderground, con una amplia trayectoria en artr\u00f3podos y enfocado en la mirmecolog\u00eda y el dise\u00f1o de hormigueros artificiales. Su enfoque combina la innovaci\u00f3n t\u00e9cnica con el respeto por la biolog\u00eda de las hormigas, is\u00f3podos y otros, desarrollando sistemas de nidos modulares 3D y acr\u00edlicos que son referentes para aficionados y profesionales en toda Europa. Su objetivo es facilitar la cr\u00eda de hormigas y otros artr\u00f3podos mediante soluciones seguras y divulgaci\u00f3n de calidad.","sameAs":["https:\/\/antderground.com\/","https:\/\/www.youtube.com\/channel\/UCio72z7TlbufkAthAJIJfPw"]}]}},"_links":{"self":[{"href":"https:\/\/antderground.com\/ca\/wp-json\/wp\/v2\/product\/41174","targetHints":{"allow":["GET"]}}],"collection":[{"href":"https:\/\/antderground.com\/ca\/wp-json\/wp\/v2\/product"}],"about":[{"href":"https:\/\/antderground.com\/ca\/wp-json\/wp\/v2\/types\/product"}],"version-history":[{"count":0,"href":"https:\/\/antderground.com\/ca\/wp-json\/wp\/v2\/product\/41174\/revisions"}],"wp:featuredmedia":[{"embeddable":true,"href":"https:\/\/antderground.com\/ca\/wp-json\/wp\/v2\/media\/41141"}],"wp:attachment":[{"href":"https:\/\/antderground.com\/ca\/wp-json\/wp\/v2\/media?parent=41174"}],"wp:term":[{"taxonomy":"product_brand","embeddable":true,"href":"https:\/\/antderground.com\/ca\/wp-json\/wp\/v2\/product_brand?post=41174"},{"taxonomy":"product_cat","embeddable":true,"href":"https:\/\/antderground.com\/ca\/wp-json\/wp\/v2\/product_cat?post=41174"},{"taxonomy":"product_tag","embeddable":true,"href":"https:\/\/antderground.com\/ca\/wp-json\/wp\/v2\/product_tag?post=41174"}],"curies":[{"name":"wp","href":"https:\/\/api.w.org\/{rel}","templated":true}]}}