{"id":41180,"date":"2025-03-05T14:58:30","date_gmt":"2025-03-05T13:58:30","guid":{"rendered":"https:\/\/www.antderground.com\/producto\/sansevieria-cylindrica-mikado\/"},"modified":"2025-03-05T14:58:30","modified_gmt":"2025-03-05T13:58:30","slug":"sansevieria-cylindrica-mikado","status":"publish","type":"product","link":"https:\/\/antderground.com\/ca\/producte\/sansevieria-cylindrica-mikado\/","title":{"rendered":"Sansevieria cylindrica (Mikado)"},"content":{"rendered":"<p class=\"\" data-start=\"33\" data-end=\"85\"><strong data-start=\"33\" data-end=\"83\">Fitxa t\u00e8cnica: Sansevieria cylindrica (Mikado)<\/strong><\/p>\n<p class=\"\" data-start=\"87\" data-end=\"193\"><strong data-start=\"87\" data-end=\"100\">Nom com\u00fa:<\/strong> Sansevieria Mikado<br data-start=\"119\" data-end=\"122\" \/><strong data-start=\"122\" data-end=\"140\">Nom cient\u00edfic:<\/strong> Sansevieria cylindrica<br data-start=\"163\" data-end=\"166\" \/><strong data-start=\"166\" data-end=\"178\">Fam\u00edlia:<\/strong> Asparagaceae<\/p>\n<p class=\"\" data-start=\"195\" data-end=\"671\"><strong data-start=\"195\" data-end=\"209\">Descripci\u00f3<\/strong><br data-start=\"209\" data-end=\"212\" \/>La <strong data-start=\"215\" data-end=\"248\">Sansevieria cylindrica Mikado<\/strong> \u00e9s una planta d\u2019interior origin\u00e0ria d\u2019\u00c0frica. Es caracteritza per les seves fulles cil\u00edndriques, r\u00edgides i erectes que creixen seguint un patr\u00f3 geom\u00e8tric. Les fulles, que poden arribar als 60 cm d\u2019altura, s\u00f3n de color verd intens amb bandes m\u00e9s fosques, fet que la converteix en una planta decorativa ideal per a qualsevol ambient. La varietat Mikado destaca per la seva disposici\u00f3 en espiral, donant-li un aspecte \u00fanic.<\/p>\n<p class=\"\" data-start=\"673\" data-end=\"683\"><strong data-start=\"673\" data-end=\"681\">Usos<\/strong><\/p>\n<ul data-start=\"684\" data-end=\"877\">\n<li class=\"\" data-start=\"684\" data-end=\"760\">\n<p class=\"\" data-start=\"686\" data-end=\"760\"><strong data-start=\"686\" data-end=\"712\">Decoraci\u00f3 d\u2019interiors:<\/strong> Perfecta per a espais moderns i minimalistes.<\/p>\n<\/li>\n<li class=\"\" data-start=\"761\" data-end=\"877\">\n<p class=\"\" data-start=\"763\" data-end=\"877\"><strong data-start=\"763\" data-end=\"789\">Purificaci\u00f3 de l\u2019aire:<\/strong> Com altres Sansevieries, ajuda a eliminar toxines i a millorar la qualitat de l\u2019aire.<\/p>\n<\/li>\n<\/ul>\n<p class=\"\" data-start=\"879\" data-end=\"890\"><strong data-start=\"879\" data-end=\"888\">Cures<\/strong><\/p>\n<ul data-start=\"891\" data-end=\"1363\">\n<li class=\"\" data-start=\"891\" data-end=\"975\">\n<p class=\"\" data-start=\"893\" data-end=\"975\"><strong data-start=\"893\" data-end=\"902\">Llum:<\/strong> Prefereix llum indirecta intensa, per\u00f2 tolera condicions de poca llum.<\/p>\n<\/li>\n<li class=\"\" data-start=\"976\" data-end=\"1112\">\n<p class=\"\" data-start=\"978\" data-end=\"1112\"><strong data-start=\"978\" data-end=\"986\">Reg:<\/strong> Reg moderat. Evitar l\u2019exc\u00e9s d\u2019aigua, ja que pot provocar la podridura de les arrels. Deixar assecar el substrat entre regs.<\/p>\n<\/li>\n<li class=\"\" data-start=\"1113\" data-end=\"1196\">\n<p class=\"\" data-start=\"1115\" data-end=\"1196\"><strong data-start=\"1115\" data-end=\"1131\">Temperatura:<\/strong> Ideal entre 18\u00b0C i 24\u00b0C. Evitar temperatures inferiors a 10\u00b0C.<\/p>\n<\/li>\n<li class=\"\" data-start=\"1197\" data-end=\"1268\">\n<p class=\"\" data-start=\"1199\" data-end=\"1268\"><strong data-start=\"1199\" data-end=\"1211\">Humitat:<\/strong> S\u2019adapta a la humitat ambiental habitual de les llars.<\/p>\n<\/li>\n<li class=\"\" data-start=\"1269\" data-end=\"1363\">\n<p class=\"\" data-start=\"1271\" data-end=\"1363\"><strong data-start=\"1271\" data-end=\"1284\">Substrat:<\/strong> Necessita un substrat ben drenat, com una barreja per a suculentes o cactus.<\/p>\n<\/li>\n<\/ul>\n<p class=\"\" data-start=\"1365\" data-end=\"1381\"><strong data-start=\"1365\" data-end=\"1379\">Avantatges<\/strong><\/p>\n<ul data-start=\"1382\" data-end=\"1607\">\n<li class=\"\" data-start=\"1382\" data-end=\"1463\">\n<p class=\"\" data-start=\"1384\" data-end=\"1463\"><strong data-start=\"1384\" data-end=\"1404\">F\u00e0cil de cuidar:<\/strong> Molt resistent i tolerant a poca llum i regs irregulars.<\/p>\n<\/li>\n<li class=\"\" data-start=\"1464\" data-end=\"1541\">\n<p class=\"\" data-start=\"1466\" data-end=\"1541\"><strong data-start=\"1466\" data-end=\"1492\">Llarg per\u00edode de vida:<\/strong> Amb les cures adequades, pot viure molts anys.<\/p>\n<\/li>\n<li class=\"\" data-start=\"1542\" data-end=\"1607\">\n<p class=\"\" data-start=\"1544\" data-end=\"1607\"><strong data-start=\"1544\" data-end=\"1573\">Ideal per a principiants:<\/strong> No requereix gaire manteniment.<\/p>\n<\/li>\n<\/ul>\n<p class=\"\" data-start=\"1609\" data-end=\"1776\"><strong data-start=\"1609\" data-end=\"1622\">Toxicitat<\/strong><br data-start=\"1622\" data-end=\"1625\" \/>Es recomana mantenir-la fora de l\u2019abast de mascotes i infants, ja que la seva ingesta pot causar mol\u00e8sties digestives i suposar un risc de toxicitat.<\/p>\n","protected":false},"excerpt":{"rendered":"<p class=\"\" data-start=\"1783\" data-end=\"2063\">Aporta un toc modern a casa teva amb la Sansevieria Mikado! \ud83c\udf3f Resistent, f\u00e0cil de cuidar i purificadora de l\u2019aire, \u00e9s perfecta per decorar qualsevol espai. Les seves fulles cil\u00edndriques i elegants s\u2019adapten a qualsevol estil decoratiu.<\/p>\n","protected":false},"featured_media":40789,"template":"","meta":[],"product_brand":[],"product_cat":[636],"product_tag":[],"class_list":{"0":"post-41180","1":"product","2":"type-product","3":"status-publish","4":"has-post-thumbnail","6":"product_cat-plantes-naturals","8":"first","9":"outofstock","10":"shipping-taxable","11":"purchasable","12":"product-type-simple"},"yoast_head":"<!-- This site is optimized with the Yoast SEO plugin v27.4 - https:\/\/yoast.com\/product\/yoast-seo-wordpress\/ -->\n<title>Sansevieria cylindrica (Mikado) | Plantes depuradores d&#039;aire - ANTDERGROUND<\/title>\n<meta name=\"description\" content=\"D\u00f3na un toc elegant a casa teva amb la Sansevieria Mikado \ud83c\udf31. F\u00e0cil de cuidar, duradora i purificadora de l\u2019aire, perfecta per a qualsevol espai!\" \/>\n<meta name=\"robots\" content=\"index, follow, max-snippet:-1, max-image-preview:large, max-video-preview:-1\" \/>\n<link rel=\"canonical\" href=\"https:\/\/antderground.com\/ca\/producte\/sansevieria-cylindrica-mikado\/\" \/>\n<meta property=\"og:locale\" content=\"ca_ES\" \/>\n<meta property=\"og:type\" content=\"article\" \/>\n<meta property=\"og:title\" content=\"Sansevieria cylindrica (Mikado) | Plantes depuradores d&#039;aire - ANTDERGROUND\" \/>\n<meta property=\"og:description\" content=\"D\u00f3na un toc elegant a casa teva amb la Sansevieria Mikado \ud83c\udf31. F\u00e0cil de cuidar, duradora i purificadora de l\u2019aire, perfecta per a qualsevol espai!\" \/>\n<meta property=\"og:url\" content=\"https:\/\/antderground.com\/ca\/producte\/sansevieria-cylindrica-mikado\/\" \/>\n<meta property=\"og:site_name\" content=\"ANTDERGROUND\" \/>\n<meta property=\"og:image\" content=\"https:\/\/antderground.com\/wp-content\/uploads\/2025\/03\/Sansevieria-cylindrica-Mikado.jpeg\" \/>\n\t<meta property=\"og:image:width\" content=\"1600\" \/>\n\t<meta property=\"og:image:height\" content=\"1600\" \/>\n\t<meta property=\"og:image:type\" content=\"image\/jpeg\" \/>\n<meta name=\"twitter:card\" content=\"summary_large_image\" \/>\n<meta name=\"twitter:label1\" content=\"Temps estimat de lectura\" \/>\n\t<meta name=\"twitter:data1\" content=\"1 minut\" \/>\n<script type=\"application\/ld+json\" class=\"yoast-schema-graph\">{\"@context\":\"https:\\\/\\\/schema.org\",\"@graph\":[{\"@type\":\"WebPage\",\"@id\":\"https:\\\/\\\/antderground.com\\\/ca\\\/producte\\\/sansevieria-cylindrica-mikado\\\/\",\"url\":\"https:\\\/\\\/antderground.com\\\/ca\\\/producte\\\/sansevieria-cylindrica-mikado\\\/\",\"name\":\"Sansevieria cylindrica (Mikado) | Plantes depuradores d'aire - ANTDERGROUND\",\"isPartOf\":{\"@id\":\"https:\\\/\\\/antderground.com\\\/ca\\\/#website\"},\"primaryImageOfPage\":{\"@id\":\"https:\\\/\\\/antderground.com\\\/ca\\\/producte\\\/sansevieria-cylindrica-mikado\\\/#primaryimage\"},\"image\":{\"@id\":\"https:\\\/\\\/antderground.com\\\/ca\\\/producte\\\/sansevieria-cylindrica-mikado\\\/#primaryimage\"},\"thumbnailUrl\":\"https:\\\/\\\/antderground.com\\\/wp-content\\\/uploads\\\/2025\\\/03\\\/Sansevieria-cylindrica-Mikado.jpeg\",\"datePublished\":\"2025-03-05T13:58:30+00:00\",\"description\":\"D\u00f3na un toc elegant a casa teva amb la Sansevieria Mikado \ud83c\udf31. F\u00e0cil de cuidar, duradora i purificadora de l\u2019aire, perfecta per a qualsevol espai!\",\"breadcrumb\":{\"@id\":\"https:\\\/\\\/antderground.com\\\/ca\\\/producte\\\/sansevieria-cylindrica-mikado\\\/#breadcrumb\"},\"inLanguage\":\"ca\",\"potentialAction\":[{\"@type\":\"ReadAction\",\"target\":[\"https:\\\/\\\/antderground.com\\\/ca\\\/producte\\\/sansevieria-cylindrica-mikado\\\/\"]}]},{\"@type\":\"ImageObject\",\"inLanguage\":\"ca\",\"@id\":\"https:\\\/\\\/antderground.com\\\/ca\\\/producte\\\/sansevieria-cylindrica-mikado\\\/#primaryimage\",\"url\":\"https:\\\/\\\/antderground.com\\\/wp-content\\\/uploads\\\/2025\\\/03\\\/Sansevieria-cylindrica-Mikado.jpeg\",\"contentUrl\":\"https:\\\/\\\/antderground.com\\\/wp-content\\\/uploads\\\/2025\\\/03\\\/Sansevieria-cylindrica-Mikado.jpeg\",\"width\":1600,\"height\":1600,\"caption\":\"Sansevieria cylindrica (Mikado)\"},{\"@type\":\"BreadcrumbList\",\"@id\":\"https:\\\/\\\/antderground.com\\\/ca\\\/producte\\\/sansevieria-cylindrica-mikado\\\/#breadcrumb\",\"itemListElement\":[{\"@type\":\"ListItem\",\"position\":1,\"name\":\"Portada\",\"item\":\"https:\\\/\\\/antderground.com\\\/ca\\\/\"},{\"@type\":\"ListItem\",\"position\":2,\"name\":\"Productes\",\"item\":\"https:\\\/\\\/antderground.com\\\/ca\\\/productes\\\/\"},{\"@type\":\"ListItem\",\"position\":3,\"name\":\"Sansevieria cylindrica (Mikado)\"}]},{\"@type\":\"WebSite\",\"@id\":\"https:\\\/\\\/antderground.com\\\/ca\\\/#website\",\"url\":\"https:\\\/\\\/antderground.com\\\/ca\\\/\",\"name\":\"ANTDERGROUND\",\"description\":\"Tu tienda de hormigas, gran variedad de hormigueros acr\u00edlicos,madera,arena,3D y mas.. Pide tus hormigas gratis con tu pedido, somos expertos en hormigueros antifugas.\",\"publisher\":{\"@id\":\"https:\\\/\\\/antderground.com\\\/ca\\\/#\\\/schema\\\/person\\\/0e322c505e84fe72c65e2f6d08f96b81\"},\"alternateName\":\"Antderground\",\"potentialAction\":[{\"@type\":\"SearchAction\",\"target\":{\"@type\":\"EntryPoint\",\"urlTemplate\":\"https:\\\/\\\/antderground.com\\\/ca\\\/?s={search_term_string}\"},\"query-input\":{\"@type\":\"PropertyValueSpecification\",\"valueRequired\":true,\"valueName\":\"search_term_string\"}}],\"inLanguage\":\"ca\"},{\"@type\":[\"Person\",\"Organization\"],\"@id\":\"https:\\\/\\\/antderground.com\\\/ca\\\/#\\\/schema\\\/person\\\/0e322c505e84fe72c65e2f6d08f96b81\",\"name\":\"Eric de Antderground\",\"image\":{\"@type\":\"ImageObject\",\"inLanguage\":\"ca\",\"@id\":\"https:\\\/\\\/secure.gravatar.com\\\/avatar\\\/c49a1b9f79216d1498cb73c1e85cd47f4465dda35f2a94c03790d491bd4423c3?s=96&d=mm&r=g\",\"url\":\"https:\\\/\\\/secure.gravatar.com\\\/avatar\\\/c49a1b9f79216d1498cb73c1e85cd47f4465dda35f2a94c03790d491bd4423c3?s=96&d=mm&r=g\",\"contentUrl\":\"https:\\\/\\\/secure.gravatar.com\\\/avatar\\\/c49a1b9f79216d1498cb73c1e85cd47f4465dda35f2a94c03790d491bd4423c3?s=96&d=mm&r=g\",\"caption\":\"Eric de Antderground\"},\"logo\":{\"@id\":\"https:\\\/\\\/secure.gravatar.com\\\/avatar\\\/c49a1b9f79216d1498cb73c1e85cd47f4465dda35f2a94c03790d491bd4423c3?s=96&d=mm&r=g\"},\"description\":\"Eric es el especialista y fundador de Antderground, con una amplia trayectoria en artr\u00f3podos y enfocado en la mirmecolog\u00eda y el dise\u00f1o de hormigueros artificiales. Su enfoque combina la innovaci\u00f3n t\u00e9cnica con el respeto por la biolog\u00eda de las hormigas, is\u00f3podos y otros, desarrollando sistemas de nidos modulares 3D y acr\u00edlicos que son referentes para aficionados y profesionales en toda Europa. Su objetivo es facilitar la cr\u00eda de hormigas y otros artr\u00f3podos mediante soluciones seguras y divulgaci\u00f3n de calidad.\",\"sameAs\":[\"https:\\\/\\\/antderground.com\\\/\",\"https:\\\/\\\/www.youtube.com\\\/channel\\\/UCio72z7TlbufkAthAJIJfPw\"]}]}<\/script>\n<!-- \/ Yoast SEO plugin. -->","yoast_head_json":{"title":"Sansevieria cylindrica (Mikado) | Plantes depuradores d'aire - ANTDERGROUND","description":"D\u00f3na un toc elegant a casa teva amb la Sansevieria Mikado \ud83c\udf31. F\u00e0cil de cuidar, duradora i purificadora de l\u2019aire, perfecta per a qualsevol espai!","robots":{"index":"index","follow":"follow","max-snippet":"max-snippet:-1","max-image-preview":"max-image-preview:large","max-video-preview":"max-video-preview:-1"},"canonical":"https:\/\/antderground.com\/ca\/producte\/sansevieria-cylindrica-mikado\/","og_locale":"ca_ES","og_type":"article","og_title":"Sansevieria cylindrica (Mikado) | Plantes depuradores d'aire - ANTDERGROUND","og_description":"D\u00f3na un toc elegant a casa teva amb la Sansevieria Mikado \ud83c\udf31. F\u00e0cil de cuidar, duradora i purificadora de l\u2019aire, perfecta per a qualsevol espai!","og_url":"https:\/\/antderground.com\/ca\/producte\/sansevieria-cylindrica-mikado\/","og_site_name":"ANTDERGROUND","og_image":[{"width":1600,"height":1600,"url":"https:\/\/antderground.com\/wp-content\/uploads\/2025\/03\/Sansevieria-cylindrica-Mikado.jpeg","type":"image\/jpeg"}],"twitter_card":"summary_large_image","twitter_misc":{"Temps estimat de lectura":"1 minut"},"schema":{"@context":"https:\/\/schema.org","@graph":[{"@type":"WebPage","@id":"https:\/\/antderground.com\/ca\/producte\/sansevieria-cylindrica-mikado\/","url":"https:\/\/antderground.com\/ca\/producte\/sansevieria-cylindrica-mikado\/","name":"Sansevieria cylindrica (Mikado) | Plantes depuradores d'aire - ANTDERGROUND","isPartOf":{"@id":"https:\/\/antderground.com\/ca\/#website"},"primaryImageOfPage":{"@id":"https:\/\/antderground.com\/ca\/producte\/sansevieria-cylindrica-mikado\/#primaryimage"},"image":{"@id":"https:\/\/antderground.com\/ca\/producte\/sansevieria-cylindrica-mikado\/#primaryimage"},"thumbnailUrl":"https:\/\/antderground.com\/wp-content\/uploads\/2025\/03\/Sansevieria-cylindrica-Mikado.jpeg","datePublished":"2025-03-05T13:58:30+00:00","description":"D\u00f3na un toc elegant a casa teva amb la Sansevieria Mikado \ud83c\udf31. F\u00e0cil de cuidar, duradora i purificadora de l\u2019aire, perfecta per a qualsevol espai!","breadcrumb":{"@id":"https:\/\/antderground.com\/ca\/producte\/sansevieria-cylindrica-mikado\/#breadcrumb"},"inLanguage":"ca","potentialAction":[{"@type":"ReadAction","target":["https:\/\/antderground.com\/ca\/producte\/sansevieria-cylindrica-mikado\/"]}]},{"@type":"ImageObject","inLanguage":"ca","@id":"https:\/\/antderground.com\/ca\/producte\/sansevieria-cylindrica-mikado\/#primaryimage","url":"https:\/\/antderground.com\/wp-content\/uploads\/2025\/03\/Sansevieria-cylindrica-Mikado.jpeg","contentUrl":"https:\/\/antderground.com\/wp-content\/uploads\/2025\/03\/Sansevieria-cylindrica-Mikado.jpeg","width":1600,"height":1600,"caption":"Sansevieria cylindrica (Mikado)"},{"@type":"BreadcrumbList","@id":"https:\/\/antderground.com\/ca\/producte\/sansevieria-cylindrica-mikado\/#breadcrumb","itemListElement":[{"@type":"ListItem","position":1,"name":"Portada","item":"https:\/\/antderground.com\/ca\/"},{"@type":"ListItem","position":2,"name":"Productes","item":"https:\/\/antderground.com\/ca\/productes\/"},{"@type":"ListItem","position":3,"name":"Sansevieria cylindrica (Mikado)"}]},{"@type":"WebSite","@id":"https:\/\/antderground.com\/ca\/#website","url":"https:\/\/antderground.com\/ca\/","name":"ANTDERGROUND","description":"Tu tienda de hormigas, gran variedad de hormigueros acr\u00edlicos,madera,arena,3D y mas.. Pide tus hormigas gratis con tu pedido, somos expertos en hormigueros antifugas.","publisher":{"@id":"https:\/\/antderground.com\/ca\/#\/schema\/person\/0e322c505e84fe72c65e2f6d08f96b81"},"alternateName":"Antderground","potentialAction":[{"@type":"SearchAction","target":{"@type":"EntryPoint","urlTemplate":"https:\/\/antderground.com\/ca\/?s={search_term_string}"},"query-input":{"@type":"PropertyValueSpecification","valueRequired":true,"valueName":"search_term_string"}}],"inLanguage":"ca"},{"@type":["Person","Organization"],"@id":"https:\/\/antderground.com\/ca\/#\/schema\/person\/0e322c505e84fe72c65e2f6d08f96b81","name":"Eric de Antderground","image":{"@type":"ImageObject","inLanguage":"ca","@id":"https:\/\/secure.gravatar.com\/avatar\/c49a1b9f79216d1498cb73c1e85cd47f4465dda35f2a94c03790d491bd4423c3?s=96&d=mm&r=g","url":"https:\/\/secure.gravatar.com\/avatar\/c49a1b9f79216d1498cb73c1e85cd47f4465dda35f2a94c03790d491bd4423c3?s=96&d=mm&r=g","contentUrl":"https:\/\/secure.gravatar.com\/avatar\/c49a1b9f79216d1498cb73c1e85cd47f4465dda35f2a94c03790d491bd4423c3?s=96&d=mm&r=g","caption":"Eric de Antderground"},"logo":{"@id":"https:\/\/secure.gravatar.com\/avatar\/c49a1b9f79216d1498cb73c1e85cd47f4465dda35f2a94c03790d491bd4423c3?s=96&d=mm&r=g"},"description":"Eric es el especialista y fundador de Antderground, con una amplia trayectoria en artr\u00f3podos y enfocado en la mirmecolog\u00eda y el dise\u00f1o de hormigueros artificiales. Su enfoque combina la innovaci\u00f3n t\u00e9cnica con el respeto por la biolog\u00eda de las hormigas, is\u00f3podos y otros, desarrollando sistemas de nidos modulares 3D y acr\u00edlicos que son referentes para aficionados y profesionales en toda Europa. Su objetivo es facilitar la cr\u00eda de hormigas y otros artr\u00f3podos mediante soluciones seguras y divulgaci\u00f3n de calidad.","sameAs":["https:\/\/antderground.com\/","https:\/\/www.youtube.com\/channel\/UCio72z7TlbufkAthAJIJfPw"]}]}},"_links":{"self":[{"href":"https:\/\/antderground.com\/ca\/wp-json\/wp\/v2\/product\/41180","targetHints":{"allow":["GET"]}}],"collection":[{"href":"https:\/\/antderground.com\/ca\/wp-json\/wp\/v2\/product"}],"about":[{"href":"https:\/\/antderground.com\/ca\/wp-json\/wp\/v2\/types\/product"}],"version-history":[{"count":0,"href":"https:\/\/antderground.com\/ca\/wp-json\/wp\/v2\/product\/41180\/revisions"}],"wp:featuredmedia":[{"embeddable":true,"href":"https:\/\/antderground.com\/ca\/wp-json\/wp\/v2\/media\/40789"}],"wp:attachment":[{"href":"https:\/\/antderground.com\/ca\/wp-json\/wp\/v2\/media?parent=41180"}],"wp:term":[{"taxonomy":"product_brand","embeddable":true,"href":"https:\/\/antderground.com\/ca\/wp-json\/wp\/v2\/product_brand?post=41180"},{"taxonomy":"product_cat","embeddable":true,"href":"https:\/\/antderground.com\/ca\/wp-json\/wp\/v2\/product_cat?post=41180"},{"taxonomy":"product_tag","embeddable":true,"href":"https:\/\/antderground.com\/ca\/wp-json\/wp\/v2\/product_tag?post=41180"}],"curies":[{"name":"wp","href":"https:\/\/api.w.org\/{rel}","templated":true}]}}