{"id":41184,"date":"2025-03-03T16:10:04","date_gmt":"2025-03-03T15:10:04","guid":{"rendered":"https:\/\/www.antderground.com\/producto\/neoregelia-punctatissima-x-green\/"},"modified":"2025-03-03T16:10:04","modified_gmt":"2025-03-03T15:10:04","slug":"neoregelia-punctatissima-x-green","status":"publish","type":"product","link":"https:\/\/antderground.com\/ca\/producte\/neoregelia-punctatissima-x-green\/","title":{"rendered":"Neoregelia punctatissima x Green"},"content":{"rendered":"<h4 class=\"\" data-start=\"2471\" data-end=\"2529\"><strong data-start=\"2476\" data-end=\"2527\">Fitxa t\u00e8cnica: Neoregelia punctatissima x Green<\/strong><\/h4>\n<p class=\"\" data-start=\"2531\" data-end=\"2709\"><strong data-start=\"2531\" data-end=\"2544\">Nom com\u00fa:<\/strong> Neoregelia punctatissima x Green<br data-start=\"2577\" data-end=\"2580\" \/><strong data-start=\"2580\" data-end=\"2598\">Nom cient\u00edfic:<\/strong> Neoregelia punctatissima x Green<br data-start=\"2631\" data-end=\"2634\" \/><strong data-start=\"2634\" data-end=\"2646\">Fam\u00edlia:<\/strong> Bromeliaceae<br data-start=\"2659\" data-end=\"2662\" \/><strong data-start=\"2662\" data-end=\"2673\">Origen:<\/strong> Am\u00e8rica Central i Am\u00e8rica del Sud<\/p>\n<h3 class=\"\" data-start=\"2711\" data-end=\"2731\"><strong data-start=\"2715\" data-end=\"2729\">Descripci\u00f3<\/strong><\/h3>\n<p class=\"\" data-start=\"2732\" data-end=\"3095\">La <strong data-start=\"2735\" data-end=\"2771\">Neoregelia punctatissima x Green<\/strong> \u00e9s una planta h\u00edbrida de la fam\u00edlia de les Bromeli\u00e0cies, caracteritzada per les seves fulles llargues i estretes de color verd brillant amb taques m\u00e9s fosques. La seva roseta central pot adquirir tons m\u00e9s clars o vermellosos segons l\u2019exposici\u00f3 a la llum, convertint-la en una elecci\u00f3 ideal per a la decoraci\u00f3 d\u2019interiors.<\/p>\n<h3 class=\"\" data-start=\"3097\" data-end=\"3112\"><strong data-start=\"3101\" data-end=\"3110\">Cures<\/strong><\/h3>\n<ul data-start=\"3113\" data-end=\"3684\">\n<li class=\"\" data-start=\"3113\" data-end=\"3216\">\n<p class=\"\" data-start=\"3115\" data-end=\"3216\"><strong data-start=\"3115\" data-end=\"3124\">Llum:<\/strong> Prefereix llum indirecta intensa. Evitar el sol directe per evitar cremades a les fulles.<\/p>\n<\/li>\n<li class=\"\" data-start=\"3217\" data-end=\"3334\">\n<p class=\"\" data-start=\"3219\" data-end=\"3334\"><strong data-start=\"3219\" data-end=\"3227\">Reg:<\/strong> Reg moderat, mantenint el centre de la roseta amb aigua. Evitar que l\u2019aigua s\u2019estanqui al fons del test.<\/p>\n<\/li>\n<li class=\"\" data-start=\"3335\" data-end=\"3446\">\n<p class=\"\" data-start=\"3337\" data-end=\"3446\"><strong data-start=\"3337\" data-end=\"3353\">Temperatura:<\/strong> Ideal entre 18 i 25\u00b0C. Tolera petites variacions, per\u00f2 no temperatures inferiors als 15\u00b0C.<\/p>\n<\/li>\n<li class=\"\" data-start=\"3447\" data-end=\"3565\">\n<p class=\"\" data-start=\"3449\" data-end=\"3565\"><strong data-start=\"3449\" data-end=\"3461\">Humitat:<\/strong> Li agrada un ambient humit. Es recomana un humidificador o col\u00b7locar-la en zones amb humitat natural.<\/p>\n<\/li>\n<li class=\"\" data-start=\"3566\" data-end=\"3684\">\n<p class=\"\" data-start=\"3568\" data-end=\"3684\"><strong data-start=\"3568\" data-end=\"3581\">Substrat:<\/strong> Necessita un substrat ben airejat, com una barreja de terra per a plantes i escor\u00e7a de pi o esfagne.<\/p>\n<\/li>\n<\/ul>\n<h3 class=\"\" data-start=\"3686\" data-end=\"3707\"><strong data-start=\"3690\" data-end=\"3705\">Reproducci\u00f3<\/strong><\/h3>\n<p class=\"\" data-start=\"3708\" data-end=\"3850\">Es propaga mitjan\u00e7ant els plan\u00e7ons que creixen al voltant de la planta mare. Aquests es poden separar i replantar per obtenir noves plantes.<\/p>\n<h3 class=\"\" data-start=\"3852\" data-end=\"3866\"><strong data-start=\"3856\" data-end=\"3864\">Usos<\/strong><\/h3>\n<ul data-start=\"3867\" data-end=\"4062\">\n<li class=\"\" data-start=\"3867\" data-end=\"3983\">\n<p class=\"\" data-start=\"3869\" data-end=\"3983\"><strong data-start=\"3869\" data-end=\"3895\">Decoraci\u00f3 d\u2019interiors:<\/strong> Perfecta per a la llar o l\u2019oficina gr\u00e0cies al seu aspecte ex\u00f2tic i f\u00e0cil manteniment.<\/p>\n<\/li>\n<li class=\"\" data-start=\"3984\" data-end=\"4062\">\n<p class=\"\" data-start=\"3986\" data-end=\"4062\"><strong data-start=\"3986\" data-end=\"4011\">Terraris i paludaris:<\/strong> S\u2019adapta molt b\u00e9 a ambients humits i controlats.<\/p>\n<\/li>\n<\/ul>\n<h3 class=\"\" data-start=\"4064\" data-end=\"4084\"><strong data-start=\"4068\" data-end=\"4082\">Avantatges<\/strong><\/h3>\n<ul data-start=\"4085\" data-end=\"4372\">\n<li class=\"\" data-start=\"4085\" data-end=\"4178\">\n<p class=\"\" data-start=\"4087\" data-end=\"4178\"><strong data-start=\"4087\" data-end=\"4113\">Ideal per a interiors:<\/strong> Perfecta per a espais petits, aportant un toc natural i fresc.<\/p>\n<\/li>\n<li class=\"\" data-start=\"4179\" data-end=\"4268\">\n<p class=\"\" data-start=\"4181\" data-end=\"4268\"><strong data-start=\"4181\" data-end=\"4201\">F\u00e0cil de cuidar:<\/strong> Planta resistent i de poc manteniment, ideal per a principiants.<\/p>\n<\/li>\n<li class=\"\" data-start=\"4269\" data-end=\"4372\">\n<p class=\"\" data-start=\"4271\" data-end=\"4372\"><strong data-start=\"4271\" data-end=\"4292\">Aspecte atractiu:<\/strong> Les seves fulles acolorides la converteixen en un element decoratiu destacat.<\/p>\n<\/li>\n<\/ul>\n<h3 class=\"\" data-start=\"4374\" data-end=\"4393\"><strong data-start=\"4378\" data-end=\"4391\">Toxicitat<\/strong><\/h3>\n<p class=\"\" data-start=\"4394\" data-end=\"4487\">No \u00e9s t\u00f2xica per animals.<\/p>\n","protected":false},"excerpt":{"rendered":"<p class=\"\" data-start=\"4534\" data-end=\"4792\">Transforma el teu espai amb la <strong data-start=\"4565\" data-end=\"4601\">Neoregelia punctatissima x Green<\/strong>! Aquesta planta ex\u00f2tica i de f\u00e0cil manteniment \u00e9s ideal per a la llar i els terraris. La seva elegant roseta verda aporta frescor i color a qualsevol ambient. Fes-te\u2019n amb una avui mateix!<\/p>\n","protected":false},"featured_media":40700,"template":"","meta":[],"product_brand":[],"product_cat":[636],"product_tag":[],"class_list":{"0":"post-41184","1":"product","2":"type-product","3":"status-publish","4":"has-post-thumbnail","6":"product_cat-plantes-naturals","8":"first","9":"instock","10":"shipping-taxable","11":"purchasable","12":"product-type-simple"},"yoast_head":"<!-- This site is optimized with the Yoast SEO plugin v27.4 - https:\/\/yoast.com\/product\/yoast-seo-wordpress\/ -->\n<title>Neoregelia punctatissima x Green | Plantes d&#039;interior - ANTDERGROUND<\/title>\n<meta name=\"description\" content=\"Aporta un toc tropical amb la Neoregelia punctatissima x Green \ud83c\udf3f. Perfecta per a interiors i terraris, f\u00e0cil de cuidar. Compra-la ara!\" \/>\n<meta name=\"robots\" content=\"index, follow, max-snippet:-1, max-image-preview:large, max-video-preview:-1\" \/>\n<link rel=\"canonical\" href=\"https:\/\/antderground.com\/ca\/producte\/neoregelia-punctatissima-x-green\/\" \/>\n<meta property=\"og:locale\" content=\"ca_ES\" \/>\n<meta property=\"og:type\" content=\"article\" \/>\n<meta property=\"og:title\" content=\"Neoregelia punctatissima x Green | Plantes d&#039;interior - ANTDERGROUND\" \/>\n<meta property=\"og:description\" content=\"Aporta un toc tropical amb la Neoregelia punctatissima x Green \ud83c\udf3f. Perfecta per a interiors i terraris, f\u00e0cil de cuidar. Compra-la ara!\" \/>\n<meta property=\"og:url\" content=\"https:\/\/antderground.com\/ca\/producte\/neoregelia-punctatissima-x-green\/\" \/>\n<meta property=\"og:site_name\" content=\"ANTDERGROUND\" \/>\n<meta property=\"og:image\" content=\"https:\/\/antderground.com\/wp-content\/uploads\/2025\/03\/Neoregelia-punctatissima-x-green.jpeg\" \/>\n\t<meta property=\"og:image:width\" content=\"1600\" \/>\n\t<meta property=\"og:image:height\" content=\"1600\" \/>\n\t<meta property=\"og:image:type\" content=\"image\/jpeg\" \/>\n<meta name=\"twitter:card\" content=\"summary_large_image\" \/>\n<meta name=\"twitter:label1\" content=\"Temps estimat de lectura\" \/>\n\t<meta name=\"twitter:data1\" content=\"1 minut\" \/>\n<script type=\"application\/ld+json\" class=\"yoast-schema-graph\">{\"@context\":\"https:\\\/\\\/schema.org\",\"@graph\":[{\"@type\":\"WebPage\",\"@id\":\"https:\\\/\\\/antderground.com\\\/ca\\\/producte\\\/neoregelia-punctatissima-x-green\\\/\",\"url\":\"https:\\\/\\\/antderground.com\\\/ca\\\/producte\\\/neoregelia-punctatissima-x-green\\\/\",\"name\":\"Neoregelia punctatissima x Green | Plantes d'interior - ANTDERGROUND\",\"isPartOf\":{\"@id\":\"https:\\\/\\\/antderground.com\\\/ca\\\/#website\"},\"primaryImageOfPage\":{\"@id\":\"https:\\\/\\\/antderground.com\\\/ca\\\/producte\\\/neoregelia-punctatissima-x-green\\\/#primaryimage\"},\"image\":{\"@id\":\"https:\\\/\\\/antderground.com\\\/ca\\\/producte\\\/neoregelia-punctatissima-x-green\\\/#primaryimage\"},\"thumbnailUrl\":\"https:\\\/\\\/antderground.com\\\/wp-content\\\/uploads\\\/2025\\\/03\\\/Neoregelia-punctatissima-x-green.jpeg\",\"datePublished\":\"2025-03-03T15:10:04+00:00\",\"description\":\"Aporta un toc tropical amb la Neoregelia punctatissima x Green \ud83c\udf3f. Perfecta per a interiors i terraris, f\u00e0cil de cuidar. Compra-la ara!\",\"breadcrumb\":{\"@id\":\"https:\\\/\\\/antderground.com\\\/ca\\\/producte\\\/neoregelia-punctatissima-x-green\\\/#breadcrumb\"},\"inLanguage\":\"ca\",\"potentialAction\":[{\"@type\":\"ReadAction\",\"target\":[\"https:\\\/\\\/antderground.com\\\/ca\\\/producte\\\/neoregelia-punctatissima-x-green\\\/\"]}]},{\"@type\":\"ImageObject\",\"inLanguage\":\"ca\",\"@id\":\"https:\\\/\\\/antderground.com\\\/ca\\\/producte\\\/neoregelia-punctatissima-x-green\\\/#primaryimage\",\"url\":\"https:\\\/\\\/antderground.com\\\/wp-content\\\/uploads\\\/2025\\\/03\\\/Neoregelia-punctatissima-x-green.jpeg\",\"contentUrl\":\"https:\\\/\\\/antderground.com\\\/wp-content\\\/uploads\\\/2025\\\/03\\\/Neoregelia-punctatissima-x-green.jpeg\",\"width\":1600,\"height\":1600,\"caption\":\"Aporta un toc tropical amb la Neoregelia punctatissima x Green \ud83c\udf3f. Perfecta per a interiors i terraris, f\u00e0cil de cuidar. Compra-la ara!\"},{\"@type\":\"BreadcrumbList\",\"@id\":\"https:\\\/\\\/antderground.com\\\/ca\\\/producte\\\/neoregelia-punctatissima-x-green\\\/#breadcrumb\",\"itemListElement\":[{\"@type\":\"ListItem\",\"position\":1,\"name\":\"Portada\",\"item\":\"https:\\\/\\\/antderground.com\\\/ca\\\/\"},{\"@type\":\"ListItem\",\"position\":2,\"name\":\"Productes\",\"item\":\"https:\\\/\\\/antderground.com\\\/ca\\\/productes\\\/\"},{\"@type\":\"ListItem\",\"position\":3,\"name\":\"Neoregelia punctatissima x Green\"}]},{\"@type\":\"WebSite\",\"@id\":\"https:\\\/\\\/antderground.com\\\/ca\\\/#website\",\"url\":\"https:\\\/\\\/antderground.com\\\/ca\\\/\",\"name\":\"ANTDERGROUND\",\"description\":\"Tu tienda de hormigas, gran variedad de hormigueros acr\u00edlicos,madera,arena,3D y mas.. Pide tus hormigas gratis con tu pedido, somos expertos en hormigueros antifugas.\",\"publisher\":{\"@id\":\"https:\\\/\\\/antderground.com\\\/ca\\\/#\\\/schema\\\/person\\\/0e322c505e84fe72c65e2f6d08f96b81\"},\"alternateName\":\"Antderground\",\"potentialAction\":[{\"@type\":\"SearchAction\",\"target\":{\"@type\":\"EntryPoint\",\"urlTemplate\":\"https:\\\/\\\/antderground.com\\\/ca\\\/?s={search_term_string}\"},\"query-input\":{\"@type\":\"PropertyValueSpecification\",\"valueRequired\":true,\"valueName\":\"search_term_string\"}}],\"inLanguage\":\"ca\"},{\"@type\":[\"Person\",\"Organization\"],\"@id\":\"https:\\\/\\\/antderground.com\\\/ca\\\/#\\\/schema\\\/person\\\/0e322c505e84fe72c65e2f6d08f96b81\",\"name\":\"Eric de Antderground\",\"image\":{\"@type\":\"ImageObject\",\"inLanguage\":\"ca\",\"@id\":\"https:\\\/\\\/secure.gravatar.com\\\/avatar\\\/c49a1b9f79216d1498cb73c1e85cd47f4465dda35f2a94c03790d491bd4423c3?s=96&d=mm&r=g\",\"url\":\"https:\\\/\\\/secure.gravatar.com\\\/avatar\\\/c49a1b9f79216d1498cb73c1e85cd47f4465dda35f2a94c03790d491bd4423c3?s=96&d=mm&r=g\",\"contentUrl\":\"https:\\\/\\\/secure.gravatar.com\\\/avatar\\\/c49a1b9f79216d1498cb73c1e85cd47f4465dda35f2a94c03790d491bd4423c3?s=96&d=mm&r=g\",\"caption\":\"Eric de Antderground\"},\"logo\":{\"@id\":\"https:\\\/\\\/secure.gravatar.com\\\/avatar\\\/c49a1b9f79216d1498cb73c1e85cd47f4465dda35f2a94c03790d491bd4423c3?s=96&d=mm&r=g\"},\"description\":\"Eric es el especialista y fundador de Antderground, con una amplia trayectoria en artr\u00f3podos y enfocado en la mirmecolog\u00eda y el dise\u00f1o de hormigueros artificiales. Su enfoque combina la innovaci\u00f3n t\u00e9cnica con el respeto por la biolog\u00eda de las hormigas, is\u00f3podos y otros, desarrollando sistemas de nidos modulares 3D y acr\u00edlicos que son referentes para aficionados y profesionales en toda Europa. Su objetivo es facilitar la cr\u00eda de hormigas y otros artr\u00f3podos mediante soluciones seguras y divulgaci\u00f3n de calidad.\",\"sameAs\":[\"https:\\\/\\\/antderground.com\\\/\",\"https:\\\/\\\/www.youtube.com\\\/channel\\\/UCio72z7TlbufkAthAJIJfPw\"]}]}<\/script>\n<!-- \/ Yoast SEO plugin. -->","yoast_head_json":{"title":"Neoregelia punctatissima x Green | Plantes d'interior - ANTDERGROUND","description":"Aporta un toc tropical amb la Neoregelia punctatissima x Green \ud83c\udf3f. Perfecta per a interiors i terraris, f\u00e0cil de cuidar. Compra-la ara!","robots":{"index":"index","follow":"follow","max-snippet":"max-snippet:-1","max-image-preview":"max-image-preview:large","max-video-preview":"max-video-preview:-1"},"canonical":"https:\/\/antderground.com\/ca\/producte\/neoregelia-punctatissima-x-green\/","og_locale":"ca_ES","og_type":"article","og_title":"Neoregelia punctatissima x Green | Plantes d'interior - ANTDERGROUND","og_description":"Aporta un toc tropical amb la Neoregelia punctatissima x Green \ud83c\udf3f. Perfecta per a interiors i terraris, f\u00e0cil de cuidar. Compra-la ara!","og_url":"https:\/\/antderground.com\/ca\/producte\/neoregelia-punctatissima-x-green\/","og_site_name":"ANTDERGROUND","og_image":[{"width":1600,"height":1600,"url":"https:\/\/antderground.com\/wp-content\/uploads\/2025\/03\/Neoregelia-punctatissima-x-green.jpeg","type":"image\/jpeg"}],"twitter_card":"summary_large_image","twitter_misc":{"Temps estimat de lectura":"1 minut"},"schema":{"@context":"https:\/\/schema.org","@graph":[{"@type":"WebPage","@id":"https:\/\/antderground.com\/ca\/producte\/neoregelia-punctatissima-x-green\/","url":"https:\/\/antderground.com\/ca\/producte\/neoregelia-punctatissima-x-green\/","name":"Neoregelia punctatissima x Green | Plantes d'interior - ANTDERGROUND","isPartOf":{"@id":"https:\/\/antderground.com\/ca\/#website"},"primaryImageOfPage":{"@id":"https:\/\/antderground.com\/ca\/producte\/neoregelia-punctatissima-x-green\/#primaryimage"},"image":{"@id":"https:\/\/antderground.com\/ca\/producte\/neoregelia-punctatissima-x-green\/#primaryimage"},"thumbnailUrl":"https:\/\/antderground.com\/wp-content\/uploads\/2025\/03\/Neoregelia-punctatissima-x-green.jpeg","datePublished":"2025-03-03T15:10:04+00:00","description":"Aporta un toc tropical amb la Neoregelia punctatissima x Green \ud83c\udf3f. Perfecta per a interiors i terraris, f\u00e0cil de cuidar. Compra-la ara!","breadcrumb":{"@id":"https:\/\/antderground.com\/ca\/producte\/neoregelia-punctatissima-x-green\/#breadcrumb"},"inLanguage":"ca","potentialAction":[{"@type":"ReadAction","target":["https:\/\/antderground.com\/ca\/producte\/neoregelia-punctatissima-x-green\/"]}]},{"@type":"ImageObject","inLanguage":"ca","@id":"https:\/\/antderground.com\/ca\/producte\/neoregelia-punctatissima-x-green\/#primaryimage","url":"https:\/\/antderground.com\/wp-content\/uploads\/2025\/03\/Neoregelia-punctatissima-x-green.jpeg","contentUrl":"https:\/\/antderground.com\/wp-content\/uploads\/2025\/03\/Neoregelia-punctatissima-x-green.jpeg","width":1600,"height":1600,"caption":"Aporta un toc tropical amb la Neoregelia punctatissima x Green \ud83c\udf3f. Perfecta per a interiors i terraris, f\u00e0cil de cuidar. Compra-la ara!"},{"@type":"BreadcrumbList","@id":"https:\/\/antderground.com\/ca\/producte\/neoregelia-punctatissima-x-green\/#breadcrumb","itemListElement":[{"@type":"ListItem","position":1,"name":"Portada","item":"https:\/\/antderground.com\/ca\/"},{"@type":"ListItem","position":2,"name":"Productes","item":"https:\/\/antderground.com\/ca\/productes\/"},{"@type":"ListItem","position":3,"name":"Neoregelia punctatissima x Green"}]},{"@type":"WebSite","@id":"https:\/\/antderground.com\/ca\/#website","url":"https:\/\/antderground.com\/ca\/","name":"ANTDERGROUND","description":"Tu tienda de hormigas, gran variedad de hormigueros acr\u00edlicos,madera,arena,3D y mas.. Pide tus hormigas gratis con tu pedido, somos expertos en hormigueros antifugas.","publisher":{"@id":"https:\/\/antderground.com\/ca\/#\/schema\/person\/0e322c505e84fe72c65e2f6d08f96b81"},"alternateName":"Antderground","potentialAction":[{"@type":"SearchAction","target":{"@type":"EntryPoint","urlTemplate":"https:\/\/antderground.com\/ca\/?s={search_term_string}"},"query-input":{"@type":"PropertyValueSpecification","valueRequired":true,"valueName":"search_term_string"}}],"inLanguage":"ca"},{"@type":["Person","Organization"],"@id":"https:\/\/antderground.com\/ca\/#\/schema\/person\/0e322c505e84fe72c65e2f6d08f96b81","name":"Eric de Antderground","image":{"@type":"ImageObject","inLanguage":"ca","@id":"https:\/\/secure.gravatar.com\/avatar\/c49a1b9f79216d1498cb73c1e85cd47f4465dda35f2a94c03790d491bd4423c3?s=96&d=mm&r=g","url":"https:\/\/secure.gravatar.com\/avatar\/c49a1b9f79216d1498cb73c1e85cd47f4465dda35f2a94c03790d491bd4423c3?s=96&d=mm&r=g","contentUrl":"https:\/\/secure.gravatar.com\/avatar\/c49a1b9f79216d1498cb73c1e85cd47f4465dda35f2a94c03790d491bd4423c3?s=96&d=mm&r=g","caption":"Eric de Antderground"},"logo":{"@id":"https:\/\/secure.gravatar.com\/avatar\/c49a1b9f79216d1498cb73c1e85cd47f4465dda35f2a94c03790d491bd4423c3?s=96&d=mm&r=g"},"description":"Eric es el especialista y fundador de Antderground, con una amplia trayectoria en artr\u00f3podos y enfocado en la mirmecolog\u00eda y el dise\u00f1o de hormigueros artificiales. Su enfoque combina la innovaci\u00f3n t\u00e9cnica con el respeto por la biolog\u00eda de las hormigas, is\u00f3podos y otros, desarrollando sistemas de nidos modulares 3D y acr\u00edlicos que son referentes para aficionados y profesionales en toda Europa. Su objetivo es facilitar la cr\u00eda de hormigas y otros artr\u00f3podos mediante soluciones seguras y divulgaci\u00f3n de calidad.","sameAs":["https:\/\/antderground.com\/","https:\/\/www.youtube.com\/channel\/UCio72z7TlbufkAthAJIJfPw"]}]}},"_links":{"self":[{"href":"https:\/\/antderground.com\/ca\/wp-json\/wp\/v2\/product\/41184","targetHints":{"allow":["GET"]}}],"collection":[{"href":"https:\/\/antderground.com\/ca\/wp-json\/wp\/v2\/product"}],"about":[{"href":"https:\/\/antderground.com\/ca\/wp-json\/wp\/v2\/types\/product"}],"version-history":[{"count":0,"href":"https:\/\/antderground.com\/ca\/wp-json\/wp\/v2\/product\/41184\/revisions"}],"wp:featuredmedia":[{"embeddable":true,"href":"https:\/\/antderground.com\/ca\/wp-json\/wp\/v2\/media\/40700"}],"wp:attachment":[{"href":"https:\/\/antderground.com\/ca\/wp-json\/wp\/v2\/media?parent=41184"}],"wp:term":[{"taxonomy":"product_brand","embeddable":true,"href":"https:\/\/antderground.com\/ca\/wp-json\/wp\/v2\/product_brand?post=41184"},{"taxonomy":"product_cat","embeddable":true,"href":"https:\/\/antderground.com\/ca\/wp-json\/wp\/v2\/product_cat?post=41184"},{"taxonomy":"product_tag","embeddable":true,"href":"https:\/\/antderground.com\/ca\/wp-json\/wp\/v2\/product_tag?post=41184"}],"curies":[{"name":"wp","href":"https:\/\/api.w.org\/{rel}","templated":true}]}}