{"id":41192,"date":"2025-03-03T12:13:18","date_gmt":"2025-03-03T11:13:18","guid":{"rendered":"https:\/\/www.antderground.com\/producto\/begonia-rex-silver\/"},"modified":"2025-03-03T12:13:18","modified_gmt":"2025-03-03T11:13:18","slug":"begonia-rex-silver","status":"publish","type":"product","link":"https:\/\/antderground.com\/ca\/producte\/begonia-rex-silver\/","title":{"rendered":"Begonia Rex \u201cSilver\u201d"},"content":{"rendered":"<h4 class=\"\" data-start=\"33\" data-end=\"79\"><strong data-start=\"38\" data-end=\"77\">Fitxa t\u00e8cnica: Begonia Rex &#8220;Silver&#8221;<\/strong><\/h4>\n<p class=\"\" data-start=\"80\" data-end=\"214\"><strong data-start=\"80\" data-end=\"98\">Nom cient\u00edfic:<\/strong> Begonia Rex &#8220;Silver&#8221;<br data-start=\"119\" data-end=\"122\" \/><strong data-start=\"122\" data-end=\"135\">Nom com\u00fa:<\/strong> Begonia Rex Silver<br data-start=\"154\" data-end=\"157\" \/><strong data-start=\"157\" data-end=\"169\">Fam\u00edlia:<\/strong> Begoniaceae<br data-start=\"181\" data-end=\"184\" \/><strong data-start=\"184\" data-end=\"195\">Origen:<\/strong> H\u00edbrid de cultiu<\/p>\n<p class=\"\" data-start=\"216\" data-end=\"544\"><strong data-start=\"216\" data-end=\"231\">Descripci\u00f3:<\/strong><br data-start=\"231\" data-end=\"234\" \/>La Begonia Rex &#8220;Silver&#8221; \u00e9s una planta ornamental molt atractiva gr\u00e0cies a les seves fulles espectaculars de tons platejats amb matisos verds i porpra. Les seves fulles s\u00f3n grans, asim\u00e8triques i amb textura vellutada, cosa que la converteix en una opci\u00f3 ideal per a la decoraci\u00f3 d\u2019interiors i terraris humits.<\/p>\n<p class=\"\" data-start=\"546\" data-end=\"637\"><strong data-start=\"546\" data-end=\"555\">Mida:<\/strong><br data-start=\"555\" data-end=\"558\" \/>Pot arribar a fer entre 20 i 40 cm d\u2019al\u00e7ada, segons les condicions de cultiu.<\/p>\n<p class=\"\" data-start=\"639\" data-end=\"763\"><strong data-start=\"639\" data-end=\"661\">Temperatura ideal:<\/strong><br data-start=\"661\" data-end=\"664\" \/>Prefereix temperatures entre 18\u00b0C i 24\u00b0C. No tolera les gelades ni temperatures inferiors a 12\u00b0C.<\/p>\n<p class=\"\" data-start=\"765\" data-end=\"881\"><strong data-start=\"765\" data-end=\"777\">Humitat:<\/strong><br data-start=\"777\" data-end=\"780\" \/>Necessita un ambient humit, ideal per a terraris, hivernacles o interiors amb bon nivell d\u2019humitat.<\/p>\n<p class=\"\" data-start=\"883\" data-end=\"992\"><strong data-start=\"883\" data-end=\"892\">Llum:<\/strong><br data-start=\"892\" data-end=\"895\" \/>Requereix llum indirecta o mitja ombra. L\u2019exposici\u00f3 directa al sol pot cremar les seves fulles.<\/p>\n<p class=\"\" data-start=\"994\" data-end=\"1135\"><strong data-start=\"994\" data-end=\"1002\">Reg:<\/strong><br data-start=\"1002\" data-end=\"1005\" \/>El substrat s\u2019ha de mantenir lleugerament humit, evitant embassaments. Regar quan la capa superficial del substrat estigui seca.<\/p>\n<p class=\"\" data-start=\"1137\" data-end=\"1287\"><strong data-start=\"1137\" data-end=\"1150\">Substrat:<\/strong><br data-start=\"1150\" data-end=\"1153\" \/>Necessita un substrat ben drenat, lleuger i ric en mat\u00e8ria org\u00e0nica. Es pot utilitzar una barreja de torba, perlita i escor\u00e7a de pi.<\/p>\n<p class=\"\" data-start=\"1289\" data-end=\"1389\"><strong data-start=\"1289\" data-end=\"1307\">Fertilitzaci\u00f3:<\/strong><br data-start=\"1307\" data-end=\"1310\" \/>Aplicar un adob l\u00edquid equilibrat cada 2-3 setmanes a la primavera i l\u2019estiu.<\/p>\n<p class=\"\" data-start=\"1391\" data-end=\"1402\"><strong data-start=\"1391\" data-end=\"1400\">Usos:<\/strong><\/p>\n<ul data-start=\"1403\" data-end=\"1504\">\n<li class=\"\" data-start=\"1403\" data-end=\"1428\">\n<p class=\"\" data-start=\"1405\" data-end=\"1428\">Decoraci\u00f3 d\u2019interiors<\/p>\n<\/li>\n<li class=\"\" data-start=\"1429\" data-end=\"1454\">\n<p class=\"\" data-start=\"1431\" data-end=\"1454\">Planta per a terraris<\/p>\n<\/li>\n<li class=\"\" data-start=\"1455\" data-end=\"1477\">\n<p class=\"\" data-start=\"1457\" data-end=\"1477\">Hivernacles humits<\/p>\n<\/li>\n<li class=\"\" data-start=\"1478\" data-end=\"1504\">\n<p class=\"\" data-start=\"1480\" data-end=\"1504\">Col\u00b7lecci\u00f3 de begonies<\/p>\n<\/li>\n<\/ul>\n<p class=\"\" data-start=\"1506\" data-end=\"1617\"><strong data-start=\"1506\" data-end=\"1520\">Toxicitat:<\/strong><br data-start=\"1520\" data-end=\"1523\" \/>Pot ser t\u00f2xica per a les mascotes si s\u2019ingereix. Es recomana mantenir-la fora del seu abast.<\/p>\n<p class=\"\" data-start=\"1619\" data-end=\"1641\"><strong data-start=\"1619\" data-end=\"1639\">Cures especials:<\/strong><\/p>\n<ul data-start=\"1642\" data-end=\"1839\">\n<li class=\"\" data-start=\"1642\" data-end=\"1706\">\n<p class=\"\" data-start=\"1644\" data-end=\"1706\">Evitar corrents d\u2019aire fred i canvis bruscos de temperatura.<\/p>\n<\/li>\n<li class=\"\" data-start=\"1707\" data-end=\"1779\">\n<p class=\"\" data-start=\"1709\" data-end=\"1779\">No mullar excessivament les fulles per prevenir malalties f\u00fangiques.<\/p>\n<\/li>\n<li class=\"\" data-start=\"1780\" data-end=\"1839\">\n<p class=\"\" data-start=\"1782\" data-end=\"1839\">Es pot propagar mitjan\u00e7ant esqueixos de fulla o rizoma.<\/p>\n<\/li>\n<\/ul>\n<p class=\"\" data-start=\"1841\" data-end=\"1971\">La <strong data-start=\"1844\" data-end=\"1868\">Begonia Rex &#8220;Silver&#8221;<\/strong> \u00e9s una excel\u00b7lent opci\u00f3 per a aquells que busquen una planta ex\u00f2tica i f\u00e0cil de cuidar en interiors.<\/p>\n","protected":false},"excerpt":{"rendered":"<p class=\"\" data-start=\"2026\" data-end=\"2289\">D\u00f3na un toc elegant al teu espai amb la <strong data-start=\"2066\" data-end=\"2090\">Begonia Rex \u201cSilver\u201d<\/strong>! \ud83c\udf3f\u2728 Fulles platejades amb matisos verds i porpra, perfecta per a interiors i terraris. F\u00e0cil de cuidar, adora la humitat i la llum indirecta. Ideal per a col\u00b7leccionistes i amants de l\u2019ex\u00f2tic! \ud83d\udc9a<\/p>\n","protected":false},"featured_media":40667,"template":"","meta":[],"product_brand":[],"product_cat":[636],"product_tag":[],"class_list":{"0":"post-41192","1":"product","2":"type-product","3":"status-publish","4":"has-post-thumbnail","6":"product_cat-plantes-naturals","8":"first","9":"outofstock","10":"shipping-taxable","11":"purchasable","12":"product-type-simple"},"yoast_head":"<!-- This site is optimized with the Yoast SEO plugin v27.4 - https:\/\/yoast.com\/product\/yoast-seo-wordpress\/ -->\n<title>Begonia Rex \u201cSilver\u201d | Plantes d&#039;interior - ANTDERGROUND<\/title>\n<meta name=\"description\" content=\"Afegeix un toc ex\u00f2tic amb la Begonia Rex \u201cSilver\u201d \ud83c\udf3f\u2728. Fullatge platejat \u00fanic, ideal per a interiors i terraris. F\u00e0cil de cuidar! \ud83d\udc9a\" \/>\n<meta name=\"robots\" content=\"index, follow, max-snippet:-1, max-image-preview:large, max-video-preview:-1\" \/>\n<link rel=\"canonical\" href=\"https:\/\/antderground.com\/ca\/producte\/begonia-rex-silver\/\" \/>\n<meta property=\"og:locale\" content=\"ca_ES\" \/>\n<meta property=\"og:type\" content=\"article\" \/>\n<meta property=\"og:title\" content=\"Begonia Rex \u201cSilver\u201d | Plantes d&#039;interior - ANTDERGROUND\" \/>\n<meta property=\"og:description\" content=\"Afegeix un toc ex\u00f2tic amb la Begonia Rex \u201cSilver\u201d \ud83c\udf3f\u2728. Fullatge platejat \u00fanic, ideal per a interiors i terraris. F\u00e0cil de cuidar! \ud83d\udc9a\" \/>\n<meta property=\"og:url\" content=\"https:\/\/antderground.com\/ca\/producte\/begonia-rex-silver\/\" \/>\n<meta property=\"og:site_name\" content=\"ANTDERGROUND\" \/>\n<meta property=\"og:image\" content=\"https:\/\/antderground.com\/wp-content\/uploads\/2025\/03\/Begonia-Rex-Silver.jpeg\" \/>\n\t<meta property=\"og:image:width\" content=\"1600\" \/>\n\t<meta property=\"og:image:height\" content=\"1600\" \/>\n\t<meta property=\"og:image:type\" content=\"image\/jpeg\" \/>\n<meta name=\"twitter:card\" content=\"summary_large_image\" \/>\n<meta name=\"twitter:label1\" content=\"Temps estimat de lectura\" \/>\n\t<meta name=\"twitter:data1\" content=\"1 minut\" \/>\n<script type=\"application\/ld+json\" class=\"yoast-schema-graph\">{\"@context\":\"https:\\\/\\\/schema.org\",\"@graph\":[{\"@type\":\"WebPage\",\"@id\":\"https:\\\/\\\/antderground.com\\\/ca\\\/producte\\\/begonia-rex-silver\\\/\",\"url\":\"https:\\\/\\\/antderground.com\\\/ca\\\/producte\\\/begonia-rex-silver\\\/\",\"name\":\"Begonia Rex \u201cSilver\u201d | Plantes d'interior - ANTDERGROUND\",\"isPartOf\":{\"@id\":\"https:\\\/\\\/antderground.com\\\/ca\\\/#website\"},\"primaryImageOfPage\":{\"@id\":\"https:\\\/\\\/antderground.com\\\/ca\\\/producte\\\/begonia-rex-silver\\\/#primaryimage\"},\"image\":{\"@id\":\"https:\\\/\\\/antderground.com\\\/ca\\\/producte\\\/begonia-rex-silver\\\/#primaryimage\"},\"thumbnailUrl\":\"https:\\\/\\\/antderground.com\\\/wp-content\\\/uploads\\\/2025\\\/03\\\/Begonia-Rex-Silver.jpeg\",\"datePublished\":\"2025-03-03T11:13:18+00:00\",\"description\":\"Afegeix un toc ex\u00f2tic amb la Begonia Rex \u201cSilver\u201d \ud83c\udf3f\u2728. Fullatge platejat \u00fanic, ideal per a interiors i terraris. F\u00e0cil de cuidar! \ud83d\udc9a\",\"breadcrumb\":{\"@id\":\"https:\\\/\\\/antderground.com\\\/ca\\\/producte\\\/begonia-rex-silver\\\/#breadcrumb\"},\"inLanguage\":\"ca\",\"potentialAction\":[{\"@type\":\"ReadAction\",\"target\":[\"https:\\\/\\\/antderground.com\\\/ca\\\/producte\\\/begonia-rex-silver\\\/\"]}]},{\"@type\":\"ImageObject\",\"inLanguage\":\"ca\",\"@id\":\"https:\\\/\\\/antderground.com\\\/ca\\\/producte\\\/begonia-rex-silver\\\/#primaryimage\",\"url\":\"https:\\\/\\\/antderground.com\\\/wp-content\\\/uploads\\\/2025\\\/03\\\/Begonia-Rex-Silver.jpeg\",\"contentUrl\":\"https:\\\/\\\/antderground.com\\\/wp-content\\\/uploads\\\/2025\\\/03\\\/Begonia-Rex-Silver.jpeg\",\"width\":1600,\"height\":1600,\"caption\":\"Begonia Rex \u201cSilver\u201d\"},{\"@type\":\"BreadcrumbList\",\"@id\":\"https:\\\/\\\/antderground.com\\\/ca\\\/producte\\\/begonia-rex-silver\\\/#breadcrumb\",\"itemListElement\":[{\"@type\":\"ListItem\",\"position\":1,\"name\":\"Portada\",\"item\":\"https:\\\/\\\/antderground.com\\\/ca\\\/\"},{\"@type\":\"ListItem\",\"position\":2,\"name\":\"Productes\",\"item\":\"https:\\\/\\\/antderground.com\\\/ca\\\/productes\\\/\"},{\"@type\":\"ListItem\",\"position\":3,\"name\":\"Begonia Rex \u201cSilver\u201d\"}]},{\"@type\":\"WebSite\",\"@id\":\"https:\\\/\\\/antderground.com\\\/ca\\\/#website\",\"url\":\"https:\\\/\\\/antderground.com\\\/ca\\\/\",\"name\":\"ANTDERGROUND\",\"description\":\"Tu tienda de hormigas, gran variedad de hormigueros acr\u00edlicos,madera,arena,3D y mas.. Pide tus hormigas gratis con tu pedido, somos expertos en hormigueros antifugas.\",\"publisher\":{\"@id\":\"https:\\\/\\\/antderground.com\\\/ca\\\/#\\\/schema\\\/person\\\/0e322c505e84fe72c65e2f6d08f96b81\"},\"alternateName\":\"Antderground\",\"potentialAction\":[{\"@type\":\"SearchAction\",\"target\":{\"@type\":\"EntryPoint\",\"urlTemplate\":\"https:\\\/\\\/antderground.com\\\/ca\\\/?s={search_term_string}\"},\"query-input\":{\"@type\":\"PropertyValueSpecification\",\"valueRequired\":true,\"valueName\":\"search_term_string\"}}],\"inLanguage\":\"ca\"},{\"@type\":[\"Person\",\"Organization\"],\"@id\":\"https:\\\/\\\/antderground.com\\\/ca\\\/#\\\/schema\\\/person\\\/0e322c505e84fe72c65e2f6d08f96b81\",\"name\":\"Eric de Antderground\",\"image\":{\"@type\":\"ImageObject\",\"inLanguage\":\"ca\",\"@id\":\"https:\\\/\\\/secure.gravatar.com\\\/avatar\\\/c49a1b9f79216d1498cb73c1e85cd47f4465dda35f2a94c03790d491bd4423c3?s=96&d=mm&r=g\",\"url\":\"https:\\\/\\\/secure.gravatar.com\\\/avatar\\\/c49a1b9f79216d1498cb73c1e85cd47f4465dda35f2a94c03790d491bd4423c3?s=96&d=mm&r=g\",\"contentUrl\":\"https:\\\/\\\/secure.gravatar.com\\\/avatar\\\/c49a1b9f79216d1498cb73c1e85cd47f4465dda35f2a94c03790d491bd4423c3?s=96&d=mm&r=g\",\"caption\":\"Eric de Antderground\"},\"logo\":{\"@id\":\"https:\\\/\\\/secure.gravatar.com\\\/avatar\\\/c49a1b9f79216d1498cb73c1e85cd47f4465dda35f2a94c03790d491bd4423c3?s=96&d=mm&r=g\"},\"description\":\"Eric es el especialista y fundador de Antderground, con una amplia trayectoria en artr\u00f3podos y enfocado en la mirmecolog\u00eda y el dise\u00f1o de hormigueros artificiales. Su enfoque combina la innovaci\u00f3n t\u00e9cnica con el respeto por la biolog\u00eda de las hormigas, is\u00f3podos y otros, desarrollando sistemas de nidos modulares 3D y acr\u00edlicos que son referentes para aficionados y profesionales en toda Europa. Su objetivo es facilitar la cr\u00eda de hormigas y otros artr\u00f3podos mediante soluciones seguras y divulgaci\u00f3n de calidad.\",\"sameAs\":[\"https:\\\/\\\/antderground.com\\\/\",\"https:\\\/\\\/www.youtube.com\\\/channel\\\/UCio72z7TlbufkAthAJIJfPw\"]}]}<\/script>\n<!-- \/ Yoast SEO plugin. -->","yoast_head_json":{"title":"Begonia Rex \u201cSilver\u201d | Plantes d'interior - ANTDERGROUND","description":"Afegeix un toc ex\u00f2tic amb la Begonia Rex \u201cSilver\u201d \ud83c\udf3f\u2728. Fullatge platejat \u00fanic, ideal per a interiors i terraris. F\u00e0cil de cuidar! \ud83d\udc9a","robots":{"index":"index","follow":"follow","max-snippet":"max-snippet:-1","max-image-preview":"max-image-preview:large","max-video-preview":"max-video-preview:-1"},"canonical":"https:\/\/antderground.com\/ca\/producte\/begonia-rex-silver\/","og_locale":"ca_ES","og_type":"article","og_title":"Begonia Rex \u201cSilver\u201d | Plantes d'interior - ANTDERGROUND","og_description":"Afegeix un toc ex\u00f2tic amb la Begonia Rex \u201cSilver\u201d \ud83c\udf3f\u2728. Fullatge platejat \u00fanic, ideal per a interiors i terraris. F\u00e0cil de cuidar! \ud83d\udc9a","og_url":"https:\/\/antderground.com\/ca\/producte\/begonia-rex-silver\/","og_site_name":"ANTDERGROUND","og_image":[{"width":1600,"height":1600,"url":"https:\/\/antderground.com\/wp-content\/uploads\/2025\/03\/Begonia-Rex-Silver.jpeg","type":"image\/jpeg"}],"twitter_card":"summary_large_image","twitter_misc":{"Temps estimat de lectura":"1 minut"},"schema":{"@context":"https:\/\/schema.org","@graph":[{"@type":"WebPage","@id":"https:\/\/antderground.com\/ca\/producte\/begonia-rex-silver\/","url":"https:\/\/antderground.com\/ca\/producte\/begonia-rex-silver\/","name":"Begonia Rex \u201cSilver\u201d | Plantes d'interior - ANTDERGROUND","isPartOf":{"@id":"https:\/\/antderground.com\/ca\/#website"},"primaryImageOfPage":{"@id":"https:\/\/antderground.com\/ca\/producte\/begonia-rex-silver\/#primaryimage"},"image":{"@id":"https:\/\/antderground.com\/ca\/producte\/begonia-rex-silver\/#primaryimage"},"thumbnailUrl":"https:\/\/antderground.com\/wp-content\/uploads\/2025\/03\/Begonia-Rex-Silver.jpeg","datePublished":"2025-03-03T11:13:18+00:00","description":"Afegeix un toc ex\u00f2tic amb la Begonia Rex \u201cSilver\u201d \ud83c\udf3f\u2728. Fullatge platejat \u00fanic, ideal per a interiors i terraris. F\u00e0cil de cuidar! \ud83d\udc9a","breadcrumb":{"@id":"https:\/\/antderground.com\/ca\/producte\/begonia-rex-silver\/#breadcrumb"},"inLanguage":"ca","potentialAction":[{"@type":"ReadAction","target":["https:\/\/antderground.com\/ca\/producte\/begonia-rex-silver\/"]}]},{"@type":"ImageObject","inLanguage":"ca","@id":"https:\/\/antderground.com\/ca\/producte\/begonia-rex-silver\/#primaryimage","url":"https:\/\/antderground.com\/wp-content\/uploads\/2025\/03\/Begonia-Rex-Silver.jpeg","contentUrl":"https:\/\/antderground.com\/wp-content\/uploads\/2025\/03\/Begonia-Rex-Silver.jpeg","width":1600,"height":1600,"caption":"Begonia Rex \u201cSilver\u201d"},{"@type":"BreadcrumbList","@id":"https:\/\/antderground.com\/ca\/producte\/begonia-rex-silver\/#breadcrumb","itemListElement":[{"@type":"ListItem","position":1,"name":"Portada","item":"https:\/\/antderground.com\/ca\/"},{"@type":"ListItem","position":2,"name":"Productes","item":"https:\/\/antderground.com\/ca\/productes\/"},{"@type":"ListItem","position":3,"name":"Begonia Rex \u201cSilver\u201d"}]},{"@type":"WebSite","@id":"https:\/\/antderground.com\/ca\/#website","url":"https:\/\/antderground.com\/ca\/","name":"ANTDERGROUND","description":"Tu tienda de hormigas, gran variedad de hormigueros acr\u00edlicos,madera,arena,3D y mas.. Pide tus hormigas gratis con tu pedido, somos expertos en hormigueros antifugas.","publisher":{"@id":"https:\/\/antderground.com\/ca\/#\/schema\/person\/0e322c505e84fe72c65e2f6d08f96b81"},"alternateName":"Antderground","potentialAction":[{"@type":"SearchAction","target":{"@type":"EntryPoint","urlTemplate":"https:\/\/antderground.com\/ca\/?s={search_term_string}"},"query-input":{"@type":"PropertyValueSpecification","valueRequired":true,"valueName":"search_term_string"}}],"inLanguage":"ca"},{"@type":["Person","Organization"],"@id":"https:\/\/antderground.com\/ca\/#\/schema\/person\/0e322c505e84fe72c65e2f6d08f96b81","name":"Eric de Antderground","image":{"@type":"ImageObject","inLanguage":"ca","@id":"https:\/\/secure.gravatar.com\/avatar\/c49a1b9f79216d1498cb73c1e85cd47f4465dda35f2a94c03790d491bd4423c3?s=96&d=mm&r=g","url":"https:\/\/secure.gravatar.com\/avatar\/c49a1b9f79216d1498cb73c1e85cd47f4465dda35f2a94c03790d491bd4423c3?s=96&d=mm&r=g","contentUrl":"https:\/\/secure.gravatar.com\/avatar\/c49a1b9f79216d1498cb73c1e85cd47f4465dda35f2a94c03790d491bd4423c3?s=96&d=mm&r=g","caption":"Eric de Antderground"},"logo":{"@id":"https:\/\/secure.gravatar.com\/avatar\/c49a1b9f79216d1498cb73c1e85cd47f4465dda35f2a94c03790d491bd4423c3?s=96&d=mm&r=g"},"description":"Eric es el especialista y fundador de Antderground, con una amplia trayectoria en artr\u00f3podos y enfocado en la mirmecolog\u00eda y el dise\u00f1o de hormigueros artificiales. Su enfoque combina la innovaci\u00f3n t\u00e9cnica con el respeto por la biolog\u00eda de las hormigas, is\u00f3podos y otros, desarrollando sistemas de nidos modulares 3D y acr\u00edlicos que son referentes para aficionados y profesionales en toda Europa. Su objetivo es facilitar la cr\u00eda de hormigas y otros artr\u00f3podos mediante soluciones seguras y divulgaci\u00f3n de calidad.","sameAs":["https:\/\/antderground.com\/","https:\/\/www.youtube.com\/channel\/UCio72z7TlbufkAthAJIJfPw"]}]}},"_links":{"self":[{"href":"https:\/\/antderground.com\/ca\/wp-json\/wp\/v2\/product\/41192","targetHints":{"allow":["GET"]}}],"collection":[{"href":"https:\/\/antderground.com\/ca\/wp-json\/wp\/v2\/product"}],"about":[{"href":"https:\/\/antderground.com\/ca\/wp-json\/wp\/v2\/types\/product"}],"version-history":[{"count":0,"href":"https:\/\/antderground.com\/ca\/wp-json\/wp\/v2\/product\/41192\/revisions"}],"wp:featuredmedia":[{"embeddable":true,"href":"https:\/\/antderground.com\/ca\/wp-json\/wp\/v2\/media\/40667"}],"wp:attachment":[{"href":"https:\/\/antderground.com\/ca\/wp-json\/wp\/v2\/media?parent=41192"}],"wp:term":[{"taxonomy":"product_brand","embeddable":true,"href":"https:\/\/antderground.com\/ca\/wp-json\/wp\/v2\/product_brand?post=41192"},{"taxonomy":"product_cat","embeddable":true,"href":"https:\/\/antderground.com\/ca\/wp-json\/wp\/v2\/product_cat?post=41192"},{"taxonomy":"product_tag","embeddable":true,"href":"https:\/\/antderground.com\/ca\/wp-json\/wp\/v2\/product_tag?post=41192"}],"curies":[{"name":"wp","href":"https:\/\/api.w.org\/{rel}","templated":true}]}}