{"id":41202,"date":"2024-10-25T11:48:31","date_gmt":"2024-10-25T09:48:31","guid":{"rendered":"https:\/\/www.antderground.com\/producto\/alocasia-polly-planta-interior\/"},"modified":"2024-10-25T11:48:31","modified_gmt":"2024-10-25T09:48:31","slug":"alocasia-polly-planta-interior","status":"publish","type":"product","link":"https:\/\/antderground.com\/ca\/producte\/alocasia-polly-planta-interior\/","title":{"rendered":"Alocasia Polly (planta interior)"},"content":{"rendered":"<p class=\"\" data-start=\"1976\" data-end=\"2093\"><strong data-start=\"1976\" data-end=\"1989\">Nom com\u00fa:<\/strong> Alocasia Polly, Elephant Ear<br data-start=\"2018\" data-end=\"2021\" \/><strong data-start=\"2021\" data-end=\"2039\">Nom cient\u00edfic:<\/strong> <em data-start=\"2040\" data-end=\"2060\">Alocasia amazonica<\/em> &#8216;Polly&#8217;<br data-start=\"2068\" data-end=\"2071\" \/><strong data-start=\"2071\" data-end=\"2083\">Fam\u00edlia:<\/strong> Araceae<\/p>\n<h4 class=\"\" data-start=\"2095\" data-end=\"2116\"><strong data-start=\"2100\" data-end=\"2114\">Descripci\u00f3<\/strong><\/h4>\n<p class=\"\" data-start=\"2117\" data-end=\"2502\">L\u2019Alocasia Polly \u00e9s una planta d\u2019interior molt popular coneguda per les seves grans fulles en forma de cor, de color verd fosc amb venes m\u00e9s clares i destacades. Aquesta varietat \u00e9s un h\u00edbrid que combina caracter\u00edstiques de l\u2019<em data-start=\"2343\" data-end=\"2363\">Alocasia amazonica<\/em> i altres esp\u00e8cies d\u2019<em data-start=\"2384\" data-end=\"2394\">Alocasia<\/em>. Les seves fulles poden arribar fins als 30 cm de llarg i la planta pot assolir una al\u00e7ada de 30 a 60 cm.<\/p>\n<h4 class=\"\" data-start=\"2504\" data-end=\"2520\"><strong data-start=\"2509\" data-end=\"2518\">Cures<\/strong><\/h4>\n<ul data-start=\"2521\" data-end=\"3136\">\n<li class=\"\" data-start=\"2521\" data-end=\"2631\">\n<p class=\"\" data-start=\"2523\" data-end=\"2631\"><strong data-start=\"2523\" data-end=\"2532\">Llum:<\/strong> Prefereix llum brillant i indirecta. Evitar la llum solar directa, ja que pot cremar les fulles.<\/p>\n<\/li>\n<li class=\"\" data-start=\"2632\" data-end=\"2761\">\n<p class=\"\" data-start=\"2634\" data-end=\"2761\"><strong data-start=\"2634\" data-end=\"2642\">Reg:<\/strong> Mantenir el substrat lleugerament humit, per\u00f2 sense entollar. Regar quan la capa superior del substrat estigui seca.<\/p>\n<\/li>\n<li class=\"\" data-start=\"2762\" data-end=\"2908\">\n<p class=\"\" data-start=\"2764\" data-end=\"2908\"><strong data-start=\"2764\" data-end=\"2776\">Humitat:<\/strong> Necessita un ambient amb alta humitat. Es recomana polvoritzar les fulles o col\u00b7locar la planta sobre un plat amb pedres i aigua.<\/p>\n<\/li>\n<li class=\"\" data-start=\"2909\" data-end=\"3058\">\n<p class=\"\" data-start=\"2911\" data-end=\"3058\"><strong data-start=\"2911\" data-end=\"2927\">Temperatura:<\/strong> Creix millor amb temperatures entre 18 \u00b0C i 26 \u00b0C. No tolera el fred, per la qual cosa s\u2019ha de protegir de corrents d\u2019aire fred.<\/p>\n<\/li>\n<li class=\"\" data-start=\"3059\" data-end=\"3136\">\n<p class=\"\" data-start=\"3061\" data-end=\"3136\"><strong data-start=\"3061\" data-end=\"3074\">Substrat:<\/strong> Utilitzar un substrat ben drenat i ric en mat\u00e8ria org\u00e0nica.<\/p>\n<\/li>\n<\/ul>\n<h4 class=\"\" data-start=\"3138\" data-end=\"3159\"><strong data-start=\"3143\" data-end=\"3157\">Avantatges<\/strong><\/h4>\n<ul data-start=\"3160\" data-end=\"3556\">\n<li class=\"\" data-start=\"3160\" data-end=\"3251\">\n<p class=\"\" data-start=\"3162\" data-end=\"3251\"><strong data-start=\"3162\" data-end=\"3177\">Decorativa:<\/strong> Ideal per a interiors, ja que aporta un toc tropical a qualsevol espai.<\/p>\n<\/li>\n<li class=\"\" data-start=\"3252\" data-end=\"3346\">\n<p class=\"\" data-start=\"3254\" data-end=\"3346\"><strong data-start=\"3254\" data-end=\"3280\">Purificaci\u00f3 de l\u2019aire:<\/strong> Contribueix a millorar la qualitat de l\u2019aire eliminant toxines.<\/p>\n<\/li>\n<li class=\"\" data-start=\"3347\" data-end=\"3556\">\n<p class=\"\" data-start=\"3349\" data-end=\"3556\"><strong data-start=\"3349\" data-end=\"3363\">No t\u00f2xica:<\/strong> Generalment considerada segura, per\u00f2 s\u2019ha d\u2019evitar el contacte amb mascotes i nens, ja que la seva saba pot ser irritant. <strong data-start=\"3486\" data-end=\"3539\">Es recomana mantenir-la fora de l\u2019abast dels nens<\/strong> per seguretat.<\/p>\n<\/li>\n<\/ul>\n<h4 class=\"\" data-start=\"3558\" data-end=\"3579\"><strong data-start=\"3563\" data-end=\"3577\">Propagaci\u00f3<\/strong><\/h4>\n<p class=\"\" data-start=\"3580\" data-end=\"3705\">Es pot propagar mitjan\u00e7ant la divisi\u00f3 de rizomes a la primavera. Cada divisi\u00f3 ha de tenir almenys una fulla i un rizoma sa.<\/p>\n<h4 class=\"\" data-start=\"3707\" data-end=\"3732\"><strong data-start=\"3712\" data-end=\"3730\">Consideracions<\/strong><\/h4>\n<ul data-start=\"3733\" data-end=\"3997\">\n<li class=\"\" data-start=\"3733\" data-end=\"3910\">\n<p class=\"\" data-start=\"3735\" data-end=\"3910\">L\u2019Alocasia Polly pot ser susceptible a plagues com els pugons i les cotxinilles. Es recomana fer inspeccions regulars i tractar immediatament qualsevol infestaci\u00f3 detectada.<\/p>\n<\/li>\n<li class=\"\" data-start=\"3911\" data-end=\"3997\">\n<p class=\"\" data-start=\"3913\" data-end=\"3997\">En climes freds, \u00e9s millor mantenir-la dins de casa, ja que no tolera les gelades.<\/p>\n<\/li>\n<\/ul>\n","protected":false},"excerpt":{"rendered":"<p>The beautiful <strong>Alocasia Polly plant<\/strong>! \ud83c\udf3f With its stunning heart-shaped leaves, it&#8217;s not only a decorative gem, but also purifies the air in your home. Ideal for spaces with indirect light, it adds a fresh, tropical touch to any space. \ud83c\udf31\u2728<\/p>\n<p><strong>Characteristics:<\/strong><\/p>\n<ul>\n<li>Pot: 12 cm.<\/li>\n<li>Indoor (Recommended) \/ Medium outdoor.<\/li>\n<\/ul>\n","protected":false},"featured_media":37548,"template":"","meta":[],"product_brand":[],"product_cat":[636],"product_tag":[],"class_list":{"0":"post-41202","1":"product","2":"type-product","3":"status-publish","4":"has-post-thumbnail","6":"product_cat-plantes-naturals","8":"first","9":"outofstock","10":"shipping-taxable","11":"purchasable","12":"product-type-simple"},"yoast_head":"<!-- This site is optimized with the Yoast SEO plugin v27.4 - https:\/\/yoast.com\/product\/yoast-seo-wordpress\/ -->\n<title>Alocasia Polly (planta interior) - ANTDERGROUND<\/title>\n<meta name=\"description\" content=\"Transform your home with the Alocasia Polly: elegant, air-purifying, and easy to care for. Add a tropical touch today! \ud83c\udf3f\u2728\" \/>\n<meta name=\"robots\" content=\"index, follow, max-snippet:-1, max-image-preview:large, max-video-preview:-1\" \/>\n<link rel=\"canonical\" href=\"https:\/\/antderground.com\/ca\/producte\/alocasia-polly-planta-interior\/\" \/>\n<meta property=\"og:locale\" content=\"ca_ES\" \/>\n<meta property=\"og:type\" content=\"article\" \/>\n<meta property=\"og:title\" content=\"Alocasia Polly (planta interior) - ANTDERGROUND\" \/>\n<meta property=\"og:description\" content=\"Transform your home with the Alocasia Polly: elegant, air-purifying, and easy to care for. Add a tropical touch today! \ud83c\udf3f\u2728\" \/>\n<meta property=\"og:url\" content=\"https:\/\/antderground.com\/ca\/producte\/alocasia-polly-planta-interior\/\" \/>\n<meta property=\"og:site_name\" content=\"ANTDERGROUND\" \/>\n<meta property=\"og:image\" content=\"https:\/\/antderground.com\/wp-content\/uploads\/2024\/10\/Alocasia-Polly.jpeg\" \/>\n\t<meta property=\"og:image:width\" content=\"1417\" \/>\n\t<meta property=\"og:image:height\" content=\"1417\" \/>\n\t<meta property=\"og:image:type\" content=\"image\/jpeg\" \/>\n<meta name=\"twitter:card\" content=\"summary_large_image\" \/>\n<meta name=\"twitter:label1\" content=\"Temps estimat de lectura\" \/>\n\t<meta name=\"twitter:data1\" content=\"2 minuts\" \/>\n<script type=\"application\/ld+json\" class=\"yoast-schema-graph\">{\"@context\":\"https:\\\/\\\/schema.org\",\"@graph\":[{\"@type\":\"WebPage\",\"@id\":\"https:\\\/\\\/antderground.com\\\/ca\\\/producte\\\/alocasia-polly-planta-interior\\\/\",\"url\":\"https:\\\/\\\/antderground.com\\\/ca\\\/producte\\\/alocasia-polly-planta-interior\\\/\",\"name\":\"Alocasia Polly (planta interior) - ANTDERGROUND\",\"isPartOf\":{\"@id\":\"https:\\\/\\\/antderground.com\\\/ca\\\/#website\"},\"primaryImageOfPage\":{\"@id\":\"https:\\\/\\\/antderground.com\\\/ca\\\/producte\\\/alocasia-polly-planta-interior\\\/#primaryimage\"},\"image\":{\"@id\":\"https:\\\/\\\/antderground.com\\\/ca\\\/producte\\\/alocasia-polly-planta-interior\\\/#primaryimage\"},\"thumbnailUrl\":\"https:\\\/\\\/antderground.com\\\/wp-content\\\/uploads\\\/2024\\\/10\\\/Alocasia-Polly.jpeg\",\"datePublished\":\"2024-10-25T09:48:31+00:00\",\"description\":\"Transform your home with the Alocasia Polly: elegant, air-purifying, and easy to care for. Add a tropical touch today! \ud83c\udf3f\u2728\",\"breadcrumb\":{\"@id\":\"https:\\\/\\\/antderground.com\\\/ca\\\/producte\\\/alocasia-polly-planta-interior\\\/#breadcrumb\"},\"inLanguage\":\"ca\",\"potentialAction\":[{\"@type\":\"ReadAction\",\"target\":[\"https:\\\/\\\/antderground.com\\\/ca\\\/producte\\\/alocasia-polly-planta-interior\\\/\"]}]},{\"@type\":\"ImageObject\",\"inLanguage\":\"ca\",\"@id\":\"https:\\\/\\\/antderground.com\\\/ca\\\/producte\\\/alocasia-polly-planta-interior\\\/#primaryimage\",\"url\":\"https:\\\/\\\/antderground.com\\\/wp-content\\\/uploads\\\/2024\\\/10\\\/Alocasia-Polly.jpeg\",\"contentUrl\":\"https:\\\/\\\/antderground.com\\\/wp-content\\\/uploads\\\/2024\\\/10\\\/Alocasia-Polly.jpeg\",\"width\":1417,\"height\":1417,\"caption\":\"Alocasia Polly\"},{\"@type\":\"BreadcrumbList\",\"@id\":\"https:\\\/\\\/antderground.com\\\/ca\\\/producte\\\/alocasia-polly-planta-interior\\\/#breadcrumb\",\"itemListElement\":[{\"@type\":\"ListItem\",\"position\":1,\"name\":\"Portada\",\"item\":\"https:\\\/\\\/antderground.com\\\/ca\\\/\"},{\"@type\":\"ListItem\",\"position\":2,\"name\":\"Productes\",\"item\":\"https:\\\/\\\/antderground.com\\\/ca\\\/productes\\\/\"},{\"@type\":\"ListItem\",\"position\":3,\"name\":\"Alocasia Polly (planta interior)\"}]},{\"@type\":\"WebSite\",\"@id\":\"https:\\\/\\\/antderground.com\\\/ca\\\/#website\",\"url\":\"https:\\\/\\\/antderground.com\\\/ca\\\/\",\"name\":\"ANTDERGROUND\",\"description\":\"Tu tienda de hormigas, gran variedad de hormigueros acr\u00edlicos,madera,arena,3D y mas.. Pide tus hormigas gratis con tu pedido, somos expertos en hormigueros antifugas.\",\"publisher\":{\"@id\":\"https:\\\/\\\/antderground.com\\\/ca\\\/#\\\/schema\\\/person\\\/0e322c505e84fe72c65e2f6d08f96b81\"},\"alternateName\":\"Antderground\",\"potentialAction\":[{\"@type\":\"SearchAction\",\"target\":{\"@type\":\"EntryPoint\",\"urlTemplate\":\"https:\\\/\\\/antderground.com\\\/ca\\\/?s={search_term_string}\"},\"query-input\":{\"@type\":\"PropertyValueSpecification\",\"valueRequired\":true,\"valueName\":\"search_term_string\"}}],\"inLanguage\":\"ca\"},{\"@type\":[\"Person\",\"Organization\"],\"@id\":\"https:\\\/\\\/antderground.com\\\/ca\\\/#\\\/schema\\\/person\\\/0e322c505e84fe72c65e2f6d08f96b81\",\"name\":\"Eric de Antderground\",\"image\":{\"@type\":\"ImageObject\",\"inLanguage\":\"ca\",\"@id\":\"https:\\\/\\\/secure.gravatar.com\\\/avatar\\\/c49a1b9f79216d1498cb73c1e85cd47f4465dda35f2a94c03790d491bd4423c3?s=96&d=mm&r=g\",\"url\":\"https:\\\/\\\/secure.gravatar.com\\\/avatar\\\/c49a1b9f79216d1498cb73c1e85cd47f4465dda35f2a94c03790d491bd4423c3?s=96&d=mm&r=g\",\"contentUrl\":\"https:\\\/\\\/secure.gravatar.com\\\/avatar\\\/c49a1b9f79216d1498cb73c1e85cd47f4465dda35f2a94c03790d491bd4423c3?s=96&d=mm&r=g\",\"caption\":\"Eric de Antderground\"},\"logo\":{\"@id\":\"https:\\\/\\\/secure.gravatar.com\\\/avatar\\\/c49a1b9f79216d1498cb73c1e85cd47f4465dda35f2a94c03790d491bd4423c3?s=96&d=mm&r=g\"},\"description\":\"Eric es el especialista y fundador de Antderground, con una amplia trayectoria en artr\u00f3podos y enfocado en la mirmecolog\u00eda y el dise\u00f1o de hormigueros artificiales. Su enfoque combina la innovaci\u00f3n t\u00e9cnica con el respeto por la biolog\u00eda de las hormigas, is\u00f3podos y otros, desarrollando sistemas de nidos modulares 3D y acr\u00edlicos que son referentes para aficionados y profesionales en toda Europa. Su objetivo es facilitar la cr\u00eda de hormigas y otros artr\u00f3podos mediante soluciones seguras y divulgaci\u00f3n de calidad.\",\"sameAs\":[\"https:\\\/\\\/antderground.com\\\/\",\"https:\\\/\\\/www.youtube.com\\\/channel\\\/UCio72z7TlbufkAthAJIJfPw\"]}]}<\/script>\n<!-- \/ Yoast SEO plugin. -->","yoast_head_json":{"title":"Alocasia Polly (planta interior) - ANTDERGROUND","description":"Transform your home with the Alocasia Polly: elegant, air-purifying, and easy to care for. Add a tropical touch today! \ud83c\udf3f\u2728","robots":{"index":"index","follow":"follow","max-snippet":"max-snippet:-1","max-image-preview":"max-image-preview:large","max-video-preview":"max-video-preview:-1"},"canonical":"https:\/\/antderground.com\/ca\/producte\/alocasia-polly-planta-interior\/","og_locale":"ca_ES","og_type":"article","og_title":"Alocasia Polly (planta interior) - ANTDERGROUND","og_description":"Transform your home with the Alocasia Polly: elegant, air-purifying, and easy to care for. Add a tropical touch today! \ud83c\udf3f\u2728","og_url":"https:\/\/antderground.com\/ca\/producte\/alocasia-polly-planta-interior\/","og_site_name":"ANTDERGROUND","og_image":[{"width":1417,"height":1417,"url":"https:\/\/antderground.com\/wp-content\/uploads\/2024\/10\/Alocasia-Polly.jpeg","type":"image\/jpeg"}],"twitter_card":"summary_large_image","twitter_misc":{"Temps estimat de lectura":"2 minuts"},"schema":{"@context":"https:\/\/schema.org","@graph":[{"@type":"WebPage","@id":"https:\/\/antderground.com\/ca\/producte\/alocasia-polly-planta-interior\/","url":"https:\/\/antderground.com\/ca\/producte\/alocasia-polly-planta-interior\/","name":"Alocasia Polly (planta interior) - ANTDERGROUND","isPartOf":{"@id":"https:\/\/antderground.com\/ca\/#website"},"primaryImageOfPage":{"@id":"https:\/\/antderground.com\/ca\/producte\/alocasia-polly-planta-interior\/#primaryimage"},"image":{"@id":"https:\/\/antderground.com\/ca\/producte\/alocasia-polly-planta-interior\/#primaryimage"},"thumbnailUrl":"https:\/\/antderground.com\/wp-content\/uploads\/2024\/10\/Alocasia-Polly.jpeg","datePublished":"2024-10-25T09:48:31+00:00","description":"Transform your home with the Alocasia Polly: elegant, air-purifying, and easy to care for. Add a tropical touch today! \ud83c\udf3f\u2728","breadcrumb":{"@id":"https:\/\/antderground.com\/ca\/producte\/alocasia-polly-planta-interior\/#breadcrumb"},"inLanguage":"ca","potentialAction":[{"@type":"ReadAction","target":["https:\/\/antderground.com\/ca\/producte\/alocasia-polly-planta-interior\/"]}]},{"@type":"ImageObject","inLanguage":"ca","@id":"https:\/\/antderground.com\/ca\/producte\/alocasia-polly-planta-interior\/#primaryimage","url":"https:\/\/antderground.com\/wp-content\/uploads\/2024\/10\/Alocasia-Polly.jpeg","contentUrl":"https:\/\/antderground.com\/wp-content\/uploads\/2024\/10\/Alocasia-Polly.jpeg","width":1417,"height":1417,"caption":"Alocasia Polly"},{"@type":"BreadcrumbList","@id":"https:\/\/antderground.com\/ca\/producte\/alocasia-polly-planta-interior\/#breadcrumb","itemListElement":[{"@type":"ListItem","position":1,"name":"Portada","item":"https:\/\/antderground.com\/ca\/"},{"@type":"ListItem","position":2,"name":"Productes","item":"https:\/\/antderground.com\/ca\/productes\/"},{"@type":"ListItem","position":3,"name":"Alocasia Polly (planta interior)"}]},{"@type":"WebSite","@id":"https:\/\/antderground.com\/ca\/#website","url":"https:\/\/antderground.com\/ca\/","name":"ANTDERGROUND","description":"Tu tienda de hormigas, gran variedad de hormigueros acr\u00edlicos,madera,arena,3D y mas.. Pide tus hormigas gratis con tu pedido, somos expertos en hormigueros antifugas.","publisher":{"@id":"https:\/\/antderground.com\/ca\/#\/schema\/person\/0e322c505e84fe72c65e2f6d08f96b81"},"alternateName":"Antderground","potentialAction":[{"@type":"SearchAction","target":{"@type":"EntryPoint","urlTemplate":"https:\/\/antderground.com\/ca\/?s={search_term_string}"},"query-input":{"@type":"PropertyValueSpecification","valueRequired":true,"valueName":"search_term_string"}}],"inLanguage":"ca"},{"@type":["Person","Organization"],"@id":"https:\/\/antderground.com\/ca\/#\/schema\/person\/0e322c505e84fe72c65e2f6d08f96b81","name":"Eric de Antderground","image":{"@type":"ImageObject","inLanguage":"ca","@id":"https:\/\/secure.gravatar.com\/avatar\/c49a1b9f79216d1498cb73c1e85cd47f4465dda35f2a94c03790d491bd4423c3?s=96&d=mm&r=g","url":"https:\/\/secure.gravatar.com\/avatar\/c49a1b9f79216d1498cb73c1e85cd47f4465dda35f2a94c03790d491bd4423c3?s=96&d=mm&r=g","contentUrl":"https:\/\/secure.gravatar.com\/avatar\/c49a1b9f79216d1498cb73c1e85cd47f4465dda35f2a94c03790d491bd4423c3?s=96&d=mm&r=g","caption":"Eric de Antderground"},"logo":{"@id":"https:\/\/secure.gravatar.com\/avatar\/c49a1b9f79216d1498cb73c1e85cd47f4465dda35f2a94c03790d491bd4423c3?s=96&d=mm&r=g"},"description":"Eric es el especialista y fundador de Antderground, con una amplia trayectoria en artr\u00f3podos y enfocado en la mirmecolog\u00eda y el dise\u00f1o de hormigueros artificiales. Su enfoque combina la innovaci\u00f3n t\u00e9cnica con el respeto por la biolog\u00eda de las hormigas, is\u00f3podos y otros, desarrollando sistemas de nidos modulares 3D y acr\u00edlicos que son referentes para aficionados y profesionales en toda Europa. Su objetivo es facilitar la cr\u00eda de hormigas y otros artr\u00f3podos mediante soluciones seguras y divulgaci\u00f3n de calidad.","sameAs":["https:\/\/antderground.com\/","https:\/\/www.youtube.com\/channel\/UCio72z7TlbufkAthAJIJfPw"]}]}},"_links":{"self":[{"href":"https:\/\/antderground.com\/ca\/wp-json\/wp\/v2\/product\/41202","targetHints":{"allow":["GET"]}}],"collection":[{"href":"https:\/\/antderground.com\/ca\/wp-json\/wp\/v2\/product"}],"about":[{"href":"https:\/\/antderground.com\/ca\/wp-json\/wp\/v2\/types\/product"}],"version-history":[{"count":0,"href":"https:\/\/antderground.com\/ca\/wp-json\/wp\/v2\/product\/41202\/revisions"}],"wp:featuredmedia":[{"embeddable":true,"href":"https:\/\/antderground.com\/ca\/wp-json\/wp\/v2\/media\/37548"}],"wp:attachment":[{"href":"https:\/\/antderground.com\/ca\/wp-json\/wp\/v2\/media?parent=41202"}],"wp:term":[{"taxonomy":"product_brand","embeddable":true,"href":"https:\/\/antderground.com\/ca\/wp-json\/wp\/v2\/product_brand?post=41202"},{"taxonomy":"product_cat","embeddable":true,"href":"https:\/\/antderground.com\/ca\/wp-json\/wp\/v2\/product_cat?post=41202"},{"taxonomy":"product_tag","embeddable":true,"href":"https:\/\/antderground.com\/ca\/wp-json\/wp\/v2\/product_tag?post=41202"}],"curies":[{"name":"wp","href":"https:\/\/api.w.org\/{rel}","templated":true}]}}