{"id":41348,"date":"2025-03-28T17:17:06","date_gmt":"2025-03-28T16:17:06","guid":{"rendered":"https:\/\/www.antderground.com\/producto\/porcellio-laevis-black\/"},"modified":"2025-03-28T17:17:06","modified_gmt":"2025-03-28T16:17:06","slug":"porcellio-laevis-black","status":"publish","type":"product","link":"https:\/\/antderground.com\/ca\/producte\/porcellio-laevis-black\/","title":{"rendered":"Porcellio laevis black"},"content":{"rendered":"<h4 class=\"\" data-start=\"1697\" data-end=\"1746\"><strong data-start=\"1702\" data-end=\"1744\">Fitxa t\u00e8cnica &#8211; Porcellio laevis Black<\/strong><\/h4>\n<p class=\"\" data-start=\"1747\" data-end=\"2438\"><strong data-start=\"1747\" data-end=\"1759\">Nom Com\u00fa<\/strong>: Is\u00f2pode <em data-start=\"1769\" data-end=\"1787\">Porcellio laevis<\/em> Black<br data-start=\"1793\" data-end=\"1796\" \/><strong data-start=\"1796\" data-end=\"1813\">Nom Cient\u00edfic<\/strong>: <em data-start=\"1815\" data-end=\"1833\">Porcellio laevis<\/em><br data-start=\"1833\" data-end=\"1836\" \/><strong data-start=\"1836\" data-end=\"1847\">Fam\u00edlia<\/strong>: Armadillidiidae<br data-start=\"1864\" data-end=\"1867\" \/><strong data-start=\"1867\" data-end=\"1875\">Mida<\/strong>: 2,5 a 3,5 cm de llarg<br data-start=\"1898\" data-end=\"1901\" \/><strong data-start=\"1901\" data-end=\"1914\">Coloraci\u00f3<\/strong>: Negre brillant, sense marques ni patrons, amb una superf\u00edcie llisa i uniforme.<br data-start=\"1994\" data-end=\"1997\" \/><strong data-start=\"1997\" data-end=\"2018\">Esperan\u00e7a de vida<\/strong>: 2 a 3 anys<br data-start=\"2030\" data-end=\"2033\" \/><strong data-start=\"2033\" data-end=\"2044\">H\u00e0bitat<\/strong>: S\u00f2l humit, substrat de fulles i escor\u00e7a, ideal per a terraris tropicals.<br data-start=\"2118\" data-end=\"2121\" \/><strong data-start=\"2121\" data-end=\"2142\">Temperatura Ideal<\/strong>: 18-22\u00b0C<br data-start=\"2151\" data-end=\"2154\" \/><strong data-start=\"2154\" data-end=\"2171\">Humitat Ideal<\/strong>: 60-80%<br data-start=\"2179\" data-end=\"2182\" \/><strong data-start=\"2182\" data-end=\"2197\">Alimentaci\u00f3<\/strong>: Omn\u00edvor, s\u2019alimenta de mat\u00e8ria vegetal en descomposici\u00f3 (fulles, fusta) i restes org\u00e0niques.<br data-start=\"2291\" data-end=\"2294\" \/><strong data-start=\"2294\" data-end=\"2309\">Reproducci\u00f3<\/strong>: Ovoviv\u00edpar, amb una gestaci\u00f3 de 3-4 setmanes. Les cries neixen completament formades i inicialment s\u00f3n blanques.<br data-start=\"2423\" data-end=\"2426\" \/><strong data-start=\"2426\" data-end=\"2435\">Cures<\/strong>:<\/p>\n<ul data-start=\"2439\" data-end=\"2896\">\n<li class=\"\" data-start=\"2439\" data-end=\"2494\">\n<p class=\"\" data-start=\"2441\" data-end=\"2494\">Mantenir un ambient humit per\u00f2 sense exc\u00e9s d\u2019aigua.<\/p>\n<\/li>\n<li class=\"\" data-start=\"2495\" data-end=\"2571\">\n<p class=\"\" data-start=\"2497\" data-end=\"2571\">Proporcionar un substrat adequat com fibra de coco o terra ben airejada.<\/p>\n<\/li>\n<li class=\"\" data-start=\"2572\" data-end=\"2696\">\n<p class=\"\" data-start=\"2574\" data-end=\"2696\">Oferir una dieta variada amb fulles seques, fruites, verdures fresques i una font de calci.<br data-start=\"2665\" data-end=\"2668\" \/><strong data-start=\"2668\" data-end=\"2693\">Beneficis en terraris<\/strong>:<\/p>\n<\/li>\n<li class=\"\" data-start=\"2697\" data-end=\"2771\">\n<p class=\"\" data-start=\"2699\" data-end=\"2771\">Ajuda a descompondre la mat\u00e8ria org\u00e0nica i a mantenir el substrat net.<\/p>\n<\/li>\n<li class=\"\" data-start=\"2772\" data-end=\"2827\">\n<p class=\"\" data-start=\"2774\" data-end=\"2827\">Contribueix a un ecosistema saludable i equilibrat.<\/p>\n<\/li>\n<li class=\"\" data-start=\"2828\" data-end=\"2896\">\n<p class=\"\" data-start=\"2830\" data-end=\"2896\">Esp\u00e8cie pac\u00edfica que conviu b\u00e9 amb altres habitants del terrari.<\/p>\n<\/li>\n<\/ul>\n","protected":false},"excerpt":{"rendered":"<p class=\"\" data-start=\"2941\" data-end=\"3175\">El <em data-start=\"2944\" data-end=\"2962\">Porcellio laevis<\/em> Black \u00e9s un is\u00f2pode fascinant amb un intens color negre, perfecte per a terraris. Un gran reciclador natural que mant\u00e9 l\u2019equilibri de l\u2019ecosistema. F\u00e0cil de cuidar, ideal per a amants dels terraris i la natura.<\/p>\n","protected":false},"featured_media":41311,"template":"","meta":[],"product_brand":[],"product_cat":[420,422,722],"product_tag":[],"class_list":{"0":"post-41348","1":"product","2":"type-product","3":"status-publish","4":"has-post-thumbnail","6":"product_cat-artropodes","7":"product_cat-isopodes-ca","8":"product_cat-porcellio","10":"first","11":"outofstock","12":"shipping-taxable","13":"purchasable","14":"product-type-variable"},"yoast_head":"<!-- This site is optimized with the Yoast SEO plugin v27.4 - https:\/\/yoast.com\/product\/yoast-seo-wordpress\/ -->\n<title>Porcellio laevis black | Botiga d&#039;isopodes - ANTDERGROUND<\/title>\n<meta name=\"description\" content=\"Porcellio laevis Black, l\u2019is\u00f2pode ideal per al teu terrari \ud83e\udd97. Perfecte per netejar i equilibrar el teu ecosistema. Descobreix-lo ara!\" \/>\n<meta name=\"robots\" content=\"index, follow, max-snippet:-1, max-image-preview:large, max-video-preview:-1\" \/>\n<link rel=\"canonical\" href=\"https:\/\/antderground.com\/ca\/producte\/porcellio-laevis-black\/\" \/>\n<meta property=\"og:locale\" content=\"ca_ES\" \/>\n<meta property=\"og:type\" content=\"article\" \/>\n<meta property=\"og:title\" content=\"Porcellio laevis black | Botiga d&#039;isopodes - ANTDERGROUND\" \/>\n<meta property=\"og:description\" content=\"Porcellio laevis Black, l\u2019is\u00f2pode ideal per al teu terrari \ud83e\udd97. Perfecte per netejar i equilibrar el teu ecosistema. Descobreix-lo ara!\" \/>\n<meta property=\"og:url\" content=\"https:\/\/antderground.com\/ca\/producte\/porcellio-laevis-black\/\" \/>\n<meta property=\"og:site_name\" content=\"ANTDERGROUND\" \/>\n<meta property=\"og:image\" content=\"https:\/\/antderground.com\/wp-content\/uploads\/2025\/03\/Porcellio-laevis-Black.jpeg\" \/>\n\t<meta property=\"og:image:width\" content=\"1600\" \/>\n\t<meta property=\"og:image:height\" content=\"1600\" \/>\n\t<meta property=\"og:image:type\" content=\"image\/jpeg\" \/>\n<meta name=\"twitter:card\" content=\"summary_large_image\" \/>\n<meta name=\"twitter:label1\" content=\"Temps estimat de lectura\" \/>\n\t<meta name=\"twitter:data1\" content=\"1 minut\" \/>\n<script type=\"application\/ld+json\" class=\"yoast-schema-graph\">{\"@context\":\"https:\\\/\\\/schema.org\",\"@graph\":[{\"@type\":\"WebPage\",\"@id\":\"https:\\\/\\\/antderground.com\\\/ca\\\/producte\\\/porcellio-laevis-black\\\/\",\"url\":\"https:\\\/\\\/antderground.com\\\/ca\\\/producte\\\/porcellio-laevis-black\\\/\",\"name\":\"Porcellio laevis black | Botiga d'isopodes - ANTDERGROUND\",\"isPartOf\":{\"@id\":\"https:\\\/\\\/antderground.com\\\/ca\\\/#website\"},\"primaryImageOfPage\":{\"@id\":\"https:\\\/\\\/antderground.com\\\/ca\\\/producte\\\/porcellio-laevis-black\\\/#primaryimage\"},\"image\":{\"@id\":\"https:\\\/\\\/antderground.com\\\/ca\\\/producte\\\/porcellio-laevis-black\\\/#primaryimage\"},\"thumbnailUrl\":\"https:\\\/\\\/antderground.com\\\/wp-content\\\/uploads\\\/2025\\\/03\\\/Porcellio-laevis-Black.jpeg\",\"datePublished\":\"2025-03-28T16:17:06+00:00\",\"description\":\"Porcellio laevis Black, l\u2019is\u00f2pode ideal per al teu terrari \ud83e\udd97. Perfecte per netejar i equilibrar el teu ecosistema. Descobreix-lo ara!\",\"breadcrumb\":{\"@id\":\"https:\\\/\\\/antderground.com\\\/ca\\\/producte\\\/porcellio-laevis-black\\\/#breadcrumb\"},\"inLanguage\":\"ca\",\"potentialAction\":[{\"@type\":\"ReadAction\",\"target\":[\"https:\\\/\\\/antderground.com\\\/ca\\\/producte\\\/porcellio-laevis-black\\\/\"]}]},{\"@type\":\"ImageObject\",\"inLanguage\":\"ca\",\"@id\":\"https:\\\/\\\/antderground.com\\\/ca\\\/producte\\\/porcellio-laevis-black\\\/#primaryimage\",\"url\":\"https:\\\/\\\/antderground.com\\\/wp-content\\\/uploads\\\/2025\\\/03\\\/Porcellio-laevis-Black.jpeg\",\"contentUrl\":\"https:\\\/\\\/antderground.com\\\/wp-content\\\/uploads\\\/2025\\\/03\\\/Porcellio-laevis-Black.jpeg\",\"width\":1600,\"height\":1600,\"caption\":\"Porcellio laevis Black\"},{\"@type\":\"BreadcrumbList\",\"@id\":\"https:\\\/\\\/antderground.com\\\/ca\\\/producte\\\/porcellio-laevis-black\\\/#breadcrumb\",\"itemListElement\":[{\"@type\":\"ListItem\",\"position\":1,\"name\":\"Portada\",\"item\":\"https:\\\/\\\/antderground.com\\\/ca\\\/\"},{\"@type\":\"ListItem\",\"position\":2,\"name\":\"Productes\",\"item\":\"https:\\\/\\\/antderground.com\\\/ca\\\/productes\\\/\"},{\"@type\":\"ListItem\",\"position\":3,\"name\":\"Porcellio laevis black\"}]},{\"@type\":\"WebSite\",\"@id\":\"https:\\\/\\\/antderground.com\\\/ca\\\/#website\",\"url\":\"https:\\\/\\\/antderground.com\\\/ca\\\/\",\"name\":\"ANTDERGROUND\",\"description\":\"Tu tienda de hormigas, gran variedad de hormigueros acr\u00edlicos,madera,arena,3D y mas.. Pide tus hormigas gratis con tu pedido, somos expertos en hormigueros antifugas.\",\"publisher\":{\"@id\":\"https:\\\/\\\/antderground.com\\\/ca\\\/#\\\/schema\\\/person\\\/0e322c505e84fe72c65e2f6d08f96b81\"},\"alternateName\":\"Antderground\",\"potentialAction\":[{\"@type\":\"SearchAction\",\"target\":{\"@type\":\"EntryPoint\",\"urlTemplate\":\"https:\\\/\\\/antderground.com\\\/ca\\\/?s={search_term_string}\"},\"query-input\":{\"@type\":\"PropertyValueSpecification\",\"valueRequired\":true,\"valueName\":\"search_term_string\"}}],\"inLanguage\":\"ca\"},{\"@type\":[\"Person\",\"Organization\"],\"@id\":\"https:\\\/\\\/antderground.com\\\/ca\\\/#\\\/schema\\\/person\\\/0e322c505e84fe72c65e2f6d08f96b81\",\"name\":\"Eric de Antderground\",\"image\":{\"@type\":\"ImageObject\",\"inLanguage\":\"ca\",\"@id\":\"https:\\\/\\\/secure.gravatar.com\\\/avatar\\\/c49a1b9f79216d1498cb73c1e85cd47f4465dda35f2a94c03790d491bd4423c3?s=96&d=mm&r=g\",\"url\":\"https:\\\/\\\/secure.gravatar.com\\\/avatar\\\/c49a1b9f79216d1498cb73c1e85cd47f4465dda35f2a94c03790d491bd4423c3?s=96&d=mm&r=g\",\"contentUrl\":\"https:\\\/\\\/secure.gravatar.com\\\/avatar\\\/c49a1b9f79216d1498cb73c1e85cd47f4465dda35f2a94c03790d491bd4423c3?s=96&d=mm&r=g\",\"caption\":\"Eric de Antderground\"},\"logo\":{\"@id\":\"https:\\\/\\\/secure.gravatar.com\\\/avatar\\\/c49a1b9f79216d1498cb73c1e85cd47f4465dda35f2a94c03790d491bd4423c3?s=96&d=mm&r=g\"},\"description\":\"Eric es el especialista y fundador de Antderground, con una amplia trayectoria en artr\u00f3podos y enfocado en la mirmecolog\u00eda y el dise\u00f1o de hormigueros artificiales. Su enfoque combina la innovaci\u00f3n t\u00e9cnica con el respeto por la biolog\u00eda de las hormigas, is\u00f3podos y otros, desarrollando sistemas de nidos modulares 3D y acr\u00edlicos que son referentes para aficionados y profesionales en toda Europa. Su objetivo es facilitar la cr\u00eda de hormigas y otros artr\u00f3podos mediante soluciones seguras y divulgaci\u00f3n de calidad.\",\"sameAs\":[\"https:\\\/\\\/antderground.com\\\/\",\"https:\\\/\\\/www.youtube.com\\\/channel\\\/UCio72z7TlbufkAthAJIJfPw\"]}]}<\/script>\n<!-- \/ Yoast SEO plugin. -->","yoast_head_json":{"title":"Porcellio laevis black | Botiga d'isopodes - ANTDERGROUND","description":"Porcellio laevis Black, l\u2019is\u00f2pode ideal per al teu terrari \ud83e\udd97. Perfecte per netejar i equilibrar el teu ecosistema. Descobreix-lo ara!","robots":{"index":"index","follow":"follow","max-snippet":"max-snippet:-1","max-image-preview":"max-image-preview:large","max-video-preview":"max-video-preview:-1"},"canonical":"https:\/\/antderground.com\/ca\/producte\/porcellio-laevis-black\/","og_locale":"ca_ES","og_type":"article","og_title":"Porcellio laevis black | Botiga d'isopodes - ANTDERGROUND","og_description":"Porcellio laevis Black, l\u2019is\u00f2pode ideal per al teu terrari \ud83e\udd97. Perfecte per netejar i equilibrar el teu ecosistema. Descobreix-lo ara!","og_url":"https:\/\/antderground.com\/ca\/producte\/porcellio-laevis-black\/","og_site_name":"ANTDERGROUND","og_image":[{"width":1600,"height":1600,"url":"https:\/\/antderground.com\/wp-content\/uploads\/2025\/03\/Porcellio-laevis-Black.jpeg","type":"image\/jpeg"}],"twitter_card":"summary_large_image","twitter_misc":{"Temps estimat de lectura":"1 minut"},"schema":{"@context":"https:\/\/schema.org","@graph":[{"@type":"WebPage","@id":"https:\/\/antderground.com\/ca\/producte\/porcellio-laevis-black\/","url":"https:\/\/antderground.com\/ca\/producte\/porcellio-laevis-black\/","name":"Porcellio laevis black | Botiga d'isopodes - ANTDERGROUND","isPartOf":{"@id":"https:\/\/antderground.com\/ca\/#website"},"primaryImageOfPage":{"@id":"https:\/\/antderground.com\/ca\/producte\/porcellio-laevis-black\/#primaryimage"},"image":{"@id":"https:\/\/antderground.com\/ca\/producte\/porcellio-laevis-black\/#primaryimage"},"thumbnailUrl":"https:\/\/antderground.com\/wp-content\/uploads\/2025\/03\/Porcellio-laevis-Black.jpeg","datePublished":"2025-03-28T16:17:06+00:00","description":"Porcellio laevis Black, l\u2019is\u00f2pode ideal per al teu terrari \ud83e\udd97. Perfecte per netejar i equilibrar el teu ecosistema. Descobreix-lo ara!","breadcrumb":{"@id":"https:\/\/antderground.com\/ca\/producte\/porcellio-laevis-black\/#breadcrumb"},"inLanguage":"ca","potentialAction":[{"@type":"ReadAction","target":["https:\/\/antderground.com\/ca\/producte\/porcellio-laevis-black\/"]}]},{"@type":"ImageObject","inLanguage":"ca","@id":"https:\/\/antderground.com\/ca\/producte\/porcellio-laevis-black\/#primaryimage","url":"https:\/\/antderground.com\/wp-content\/uploads\/2025\/03\/Porcellio-laevis-Black.jpeg","contentUrl":"https:\/\/antderground.com\/wp-content\/uploads\/2025\/03\/Porcellio-laevis-Black.jpeg","width":1600,"height":1600,"caption":"Porcellio laevis Black"},{"@type":"BreadcrumbList","@id":"https:\/\/antderground.com\/ca\/producte\/porcellio-laevis-black\/#breadcrumb","itemListElement":[{"@type":"ListItem","position":1,"name":"Portada","item":"https:\/\/antderground.com\/ca\/"},{"@type":"ListItem","position":2,"name":"Productes","item":"https:\/\/antderground.com\/ca\/productes\/"},{"@type":"ListItem","position":3,"name":"Porcellio laevis black"}]},{"@type":"WebSite","@id":"https:\/\/antderground.com\/ca\/#website","url":"https:\/\/antderground.com\/ca\/","name":"ANTDERGROUND","description":"Tu tienda de hormigas, gran variedad de hormigueros acr\u00edlicos,madera,arena,3D y mas.. Pide tus hormigas gratis con tu pedido, somos expertos en hormigueros antifugas.","publisher":{"@id":"https:\/\/antderground.com\/ca\/#\/schema\/person\/0e322c505e84fe72c65e2f6d08f96b81"},"alternateName":"Antderground","potentialAction":[{"@type":"SearchAction","target":{"@type":"EntryPoint","urlTemplate":"https:\/\/antderground.com\/ca\/?s={search_term_string}"},"query-input":{"@type":"PropertyValueSpecification","valueRequired":true,"valueName":"search_term_string"}}],"inLanguage":"ca"},{"@type":["Person","Organization"],"@id":"https:\/\/antderground.com\/ca\/#\/schema\/person\/0e322c505e84fe72c65e2f6d08f96b81","name":"Eric de Antderground","image":{"@type":"ImageObject","inLanguage":"ca","@id":"https:\/\/secure.gravatar.com\/avatar\/c49a1b9f79216d1498cb73c1e85cd47f4465dda35f2a94c03790d491bd4423c3?s=96&d=mm&r=g","url":"https:\/\/secure.gravatar.com\/avatar\/c49a1b9f79216d1498cb73c1e85cd47f4465dda35f2a94c03790d491bd4423c3?s=96&d=mm&r=g","contentUrl":"https:\/\/secure.gravatar.com\/avatar\/c49a1b9f79216d1498cb73c1e85cd47f4465dda35f2a94c03790d491bd4423c3?s=96&d=mm&r=g","caption":"Eric de Antderground"},"logo":{"@id":"https:\/\/secure.gravatar.com\/avatar\/c49a1b9f79216d1498cb73c1e85cd47f4465dda35f2a94c03790d491bd4423c3?s=96&d=mm&r=g"},"description":"Eric es el especialista y fundador de Antderground, con una amplia trayectoria en artr\u00f3podos y enfocado en la mirmecolog\u00eda y el dise\u00f1o de hormigueros artificiales. Su enfoque combina la innovaci\u00f3n t\u00e9cnica con el respeto por la biolog\u00eda de las hormigas, is\u00f3podos y otros, desarrollando sistemas de nidos modulares 3D y acr\u00edlicos que son referentes para aficionados y profesionales en toda Europa. Su objetivo es facilitar la cr\u00eda de hormigas y otros artr\u00f3podos mediante soluciones seguras y divulgaci\u00f3n de calidad.","sameAs":["https:\/\/antderground.com\/","https:\/\/www.youtube.com\/channel\/UCio72z7TlbufkAthAJIJfPw"]}]}},"_links":{"self":[{"href":"https:\/\/antderground.com\/ca\/wp-json\/wp\/v2\/product\/41348","targetHints":{"allow":["GET"]}}],"collection":[{"href":"https:\/\/antderground.com\/ca\/wp-json\/wp\/v2\/product"}],"about":[{"href":"https:\/\/antderground.com\/ca\/wp-json\/wp\/v2\/types\/product"}],"version-history":[{"count":0,"href":"https:\/\/antderground.com\/ca\/wp-json\/wp\/v2\/product\/41348\/revisions"}],"wp:featuredmedia":[{"embeddable":true,"href":"https:\/\/antderground.com\/ca\/wp-json\/wp\/v2\/media\/41311"}],"wp:attachment":[{"href":"https:\/\/antderground.com\/ca\/wp-json\/wp\/v2\/media?parent=41348"}],"wp:term":[{"taxonomy":"product_brand","embeddable":true,"href":"https:\/\/antderground.com\/ca\/wp-json\/wp\/v2\/product_brand?post=41348"},{"taxonomy":"product_cat","embeddable":true,"href":"https:\/\/antderground.com\/ca\/wp-json\/wp\/v2\/product_cat?post=41348"},{"taxonomy":"product_tag","embeddable":true,"href":"https:\/\/antderground.com\/ca\/wp-json\/wp\/v2\/product_tag?post=41348"}],"curies":[{"name":"wp","href":"https:\/\/api.w.org\/{rel}","templated":true}]}}