{"id":41485,"date":"2025-03-28T14:50:30","date_gmt":"2025-03-28T13:50:30","guid":{"rendered":"https:\/\/www.antderground.com\/producto\/armadillo-officinalis-pink\/"},"modified":"2025-03-28T14:50:30","modified_gmt":"2025-03-28T13:50:30","slug":"armadillo-officinalis-pink","status":"publish","type":"product","link":"https:\/\/antderground.com\/ca\/producte\/armadillo-officinalis-pink\/","title":{"rendered":"Armadillo officinalis &#8220;Pink&#8221;"},"content":{"rendered":"<h4 class=\"\" data-start=\"1888\" data-end=\"1943\"><strong data-start=\"1893\" data-end=\"1941\">Fitxa T\u00e8cnica \u2013 Armadillo officinalis &#8220;Pink&#8221;<\/strong><\/h4>\n<p class=\"\" data-start=\"1945\" data-end=\"3348\"><strong data-start=\"1945\" data-end=\"1958\">Nom Com\u00fa:<\/strong> Is\u00f2pode Armadillo &#8220;Pink&#8221;<br data-start=\"1983\" data-end=\"1986\" \/><strong data-start=\"1986\" data-end=\"2004\">Nom Cient\u00edfic:<\/strong> <em data-start=\"2005\" data-end=\"2028\">Armadillo officinalis<\/em> &#8220;Pink&#8221;<br data-start=\"2035\" data-end=\"2038\" \/><strong data-start=\"2038\" data-end=\"2050\">Fam\u00edlia:<\/strong> Armadillidiidae<br data-start=\"2066\" data-end=\"2069\" \/><strong data-start=\"2069\" data-end=\"2080\">Origen:<\/strong> Europa, especialment regions mediterr\u00e0nies<br data-start=\"2123\" data-end=\"2126\" \/><strong data-start=\"2126\" data-end=\"2135\">Mida:<\/strong> D\u20191 a 2 cm de llarg<br data-start=\"2155\" data-end=\"2158\" \/><strong data-start=\"2158\" data-end=\"2168\">Color:<\/strong> Rosa p\u00e0l\u00b7lid a intens, que li dona el seu nom caracter\u00edstic<br data-start=\"2228\" data-end=\"2231\" \/><strong data-start=\"2231\" data-end=\"2241\">Forma:<\/strong> Cos robust i compacte amb segments visibles. Es replega en forma d\u2019esfera quan se sent amena\u00e7at.<br data-start=\"2338\" data-end=\"2341\" data-is-only-node=\"\" \/><strong data-start=\"2341\" data-end=\"2363\">Esperan\u00e7a de vida:<\/strong> Al voltant de 2 anys en condicions \u00f2ptimes<br data-start=\"2406\" data-end=\"2409\" \/><strong data-start=\"2409\" data-end=\"2431\">Temperatura ideal:<\/strong> 18-24\u00b0C<br data-start=\"2439\" data-end=\"2442\" \/><strong data-start=\"2442\" data-end=\"2460\">Humitat ideal:<\/strong> 70-85%<br data-start=\"2467\" data-end=\"2470\" \/><strong data-start=\"2470\" data-end=\"2486\">Alimentaci\u00f3:<\/strong> Omn\u00edvor; s\u2019alimenta de mat\u00e8ria org\u00e0nica en descomposici\u00f3, com fulles seques, fusta morta i restes vegetals. Tamb\u00e9 accepta aliment comercial per a is\u00f2podes.<br data-start=\"2642\" data-end=\"2645\" \/><strong data-start=\"2645\" data-end=\"2664\">\u00das en terraris:<\/strong> Ideal per a terraris i paludaris, ajudant a descompondre mat\u00e8ria org\u00e0nica i contribuint al cicle de nutrients de l\u2019ecosistema.<br data-start=\"2791\" data-end=\"2794\" \/><strong data-start=\"2794\" data-end=\"2811\">Comportament:<\/strong> Pac\u00edfic i social, es reuneix en zones humides i fosques.<br data-start=\"2868\" data-end=\"2871\" \/><strong data-start=\"2871\" data-end=\"2887\">Reproducci\u00f3:<\/strong> Es reprodueix per partenog\u00e8nesi, fet que significa que les femelles poden reproduir-se sense mascles.<br data-start=\"2989\" data-end=\"2992\" \/><strong data-start=\"2992\" data-end=\"3012\">Cures especials:<\/strong> Mantenir un ambient humit amb prou mat\u00e8ria org\u00e0nica en descomposici\u00f3. Evitar temperatures altes i proporcionar zones fosques i fresques per amagar-se.<br data-start=\"3163\" data-end=\"3166\" \/><strong data-start=\"3166\" data-end=\"3180\">Beneficis:<\/strong> A m\u00e9s del seu paper a l\u2019ecosistema del terrari, aporta un atractiu visual \u00fanic gr\u00e0cies al seu color rosa.<br data-start=\"3286\" data-end=\"3289\" \/><strong data-start=\"3289\" data-end=\"3308\">No t\u00f2xic per a:<\/strong> R\u00e8ptils, amfibis i altres artr\u00f2podes.<\/p>\n","protected":false},"excerpt":{"rendered":"<p class=\"\" data-start=\"3408\" data-end=\"3648\">Descobreix l\u2019is\u00f2pode <em data-start=\"3429\" data-end=\"3459\">Armadillo officinalis &#8220;Pink&#8221;<\/em> \ud83c\udf38! El seu color rosa cridaner el fa \u00fanic al teu terrari. Ajuda a mantenir l\u2019ecosistema saludable descomponent la mat\u00e8ria org\u00e0nica. F\u00e0cil de cuidar i perfecte per a terraris i paludaris!<\/p>\n","protected":false},"featured_media":41273,"template":"","meta":[],"product_brand":[],"product_cat":[420,422],"product_tag":[],"class_list":{"0":"post-41485","1":"product","2":"type-product","3":"status-publish","4":"has-post-thumbnail","6":"product_cat-artropodes","7":"product_cat-isopodes-ca","9":"first","10":"outofstock","11":"shipping-taxable","12":"purchasable","13":"product-type-variable"},"yoast_head":"<!-- This site is optimized with the Yoast SEO plugin v27.3 - https:\/\/yoast.com\/product\/yoast-seo-wordpress\/ -->\n<title>Armadillo officinalis &quot;Pink&quot; | Botiga d&#039;isopodes - ANTDERGROUND<\/title>\n<meta name=\"description\" content=\"Is\u00f2pode Armadillo officinalis &quot;Pink&quot; \ud83c\udf38 ideal per al teu terrari. Ajuda a descompondre mat\u00e8ria org\u00e0nica i mant\u00e9 l\u2019ecosistema saludable. Descobreix-lo!\" \/>\n<meta name=\"robots\" content=\"index, follow, max-snippet:-1, max-image-preview:large, max-video-preview:-1\" \/>\n<link rel=\"canonical\" href=\"https:\/\/antderground.com\/ca\/producte\/armadillo-officinalis-pink\/\" \/>\n<meta property=\"og:locale\" content=\"ca_ES\" \/>\n<meta property=\"og:type\" content=\"article\" \/>\n<meta property=\"og:title\" content=\"Armadillo officinalis &quot;Pink&quot; | Botiga d&#039;isopodes - ANTDERGROUND\" \/>\n<meta property=\"og:description\" content=\"Is\u00f2pode Armadillo officinalis &quot;Pink&quot; \ud83c\udf38 ideal per al teu terrari. Ajuda a descompondre mat\u00e8ria org\u00e0nica i mant\u00e9 l\u2019ecosistema saludable. Descobreix-lo!\" \/>\n<meta property=\"og:url\" content=\"https:\/\/antderground.com\/ca\/producte\/armadillo-officinalis-pink\/\" \/>\n<meta property=\"og:site_name\" content=\"ANTDERGROUND\" \/>\n<meta property=\"og:image\" content=\"https:\/\/antderground.com\/wp-content\/uploads\/2025\/03\/armadillo-officinalis-22pink22.jpeg\" \/>\n\t<meta property=\"og:image:width\" content=\"1600\" \/>\n\t<meta property=\"og:image:height\" content=\"1600\" \/>\n\t<meta property=\"og:image:type\" content=\"image\/jpeg\" \/>\n<meta name=\"twitter:card\" content=\"summary_large_image\" \/>\n<meta name=\"twitter:label1\" content=\"Temps estimat de lectura\" \/>\n\t<meta name=\"twitter:data1\" content=\"1 minut\" \/>\n<script type=\"application\/ld+json\" class=\"yoast-schema-graph\">{\"@context\":\"https:\\\/\\\/schema.org\",\"@graph\":[{\"@type\":\"WebPage\",\"@id\":\"https:\\\/\\\/antderground.com\\\/ca\\\/producte\\\/armadillo-officinalis-pink\\\/\",\"url\":\"https:\\\/\\\/antderground.com\\\/ca\\\/producte\\\/armadillo-officinalis-pink\\\/\",\"name\":\"Armadillo officinalis \\\"Pink\\\" | Botiga d'isopodes - ANTDERGROUND\",\"isPartOf\":{\"@id\":\"https:\\\/\\\/antderground.com\\\/ca\\\/#website\"},\"primaryImageOfPage\":{\"@id\":\"https:\\\/\\\/antderground.com\\\/ca\\\/producte\\\/armadillo-officinalis-pink\\\/#primaryimage\"},\"image\":{\"@id\":\"https:\\\/\\\/antderground.com\\\/ca\\\/producte\\\/armadillo-officinalis-pink\\\/#primaryimage\"},\"thumbnailUrl\":\"https:\\\/\\\/antderground.com\\\/wp-content\\\/uploads\\\/2025\\\/03\\\/armadillo-officinalis-22pink22.jpeg\",\"datePublished\":\"2025-03-28T13:50:30+00:00\",\"description\":\"Is\u00f2pode Armadillo officinalis \\\"Pink\\\" \ud83c\udf38 ideal per al teu terrari. Ajuda a descompondre mat\u00e8ria org\u00e0nica i mant\u00e9 l\u2019ecosistema saludable. Descobreix-lo!\",\"breadcrumb\":{\"@id\":\"https:\\\/\\\/antderground.com\\\/ca\\\/producte\\\/armadillo-officinalis-pink\\\/#breadcrumb\"},\"inLanguage\":\"ca\",\"potentialAction\":[{\"@type\":\"ReadAction\",\"target\":[\"https:\\\/\\\/antderground.com\\\/ca\\\/producte\\\/armadillo-officinalis-pink\\\/\"]}]},{\"@type\":\"ImageObject\",\"inLanguage\":\"ca\",\"@id\":\"https:\\\/\\\/antderground.com\\\/ca\\\/producte\\\/armadillo-officinalis-pink\\\/#primaryimage\",\"url\":\"https:\\\/\\\/antderground.com\\\/wp-content\\\/uploads\\\/2025\\\/03\\\/armadillo-officinalis-22pink22.jpeg\",\"contentUrl\":\"https:\\\/\\\/antderground.com\\\/wp-content\\\/uploads\\\/2025\\\/03\\\/armadillo-officinalis-22pink22.jpeg\",\"width\":1600,\"height\":1600,\"caption\":\"armadillo officinalis pink\"},{\"@type\":\"BreadcrumbList\",\"@id\":\"https:\\\/\\\/antderground.com\\\/ca\\\/producte\\\/armadillo-officinalis-pink\\\/#breadcrumb\",\"itemListElement\":[{\"@type\":\"ListItem\",\"position\":1,\"name\":\"Portada\",\"item\":\"https:\\\/\\\/antderground.com\\\/ca\\\/\"},{\"@type\":\"ListItem\",\"position\":2,\"name\":\"Productes\",\"item\":\"https:\\\/\\\/antderground.com\\\/ca\\\/productes\\\/\"},{\"@type\":\"ListItem\",\"position\":3,\"name\":\"Armadillo officinalis &#8220;Pink&#8221;\"}]},{\"@type\":\"WebSite\",\"@id\":\"https:\\\/\\\/antderground.com\\\/ca\\\/#website\",\"url\":\"https:\\\/\\\/antderground.com\\\/ca\\\/\",\"name\":\"ANTDERGROUND\",\"description\":\"Tu tienda de hormigas, gran variedad de hormigueros acr\u00edlicos,madera,arena,3D y mas.. Pide tus hormigas gratis con tu pedido, somos expertos en hormigueros antifugas.\",\"publisher\":{\"@id\":\"https:\\\/\\\/antderground.com\\\/ca\\\/#\\\/schema\\\/person\\\/0e322c505e84fe72c65e2f6d08f96b81\"},\"alternateName\":\"Antderground\",\"potentialAction\":[{\"@type\":\"SearchAction\",\"target\":{\"@type\":\"EntryPoint\",\"urlTemplate\":\"https:\\\/\\\/antderground.com\\\/ca\\\/?s={search_term_string}\"},\"query-input\":{\"@type\":\"PropertyValueSpecification\",\"valueRequired\":true,\"valueName\":\"search_term_string\"}}],\"inLanguage\":\"ca\"},{\"@type\":[\"Person\",\"Organization\"],\"@id\":\"https:\\\/\\\/antderground.com\\\/ca\\\/#\\\/schema\\\/person\\\/0e322c505e84fe72c65e2f6d08f96b81\",\"name\":\"Eric de Antderground\",\"image\":{\"@type\":\"ImageObject\",\"inLanguage\":\"ca\",\"@id\":\"https:\\\/\\\/secure.gravatar.com\\\/avatar\\\/c49a1b9f79216d1498cb73c1e85cd47f4465dda35f2a94c03790d491bd4423c3?s=96&d=mm&r=g\",\"url\":\"https:\\\/\\\/secure.gravatar.com\\\/avatar\\\/c49a1b9f79216d1498cb73c1e85cd47f4465dda35f2a94c03790d491bd4423c3?s=96&d=mm&r=g\",\"contentUrl\":\"https:\\\/\\\/secure.gravatar.com\\\/avatar\\\/c49a1b9f79216d1498cb73c1e85cd47f4465dda35f2a94c03790d491bd4423c3?s=96&d=mm&r=g\",\"caption\":\"Eric de Antderground\"},\"logo\":{\"@id\":\"https:\\\/\\\/secure.gravatar.com\\\/avatar\\\/c49a1b9f79216d1498cb73c1e85cd47f4465dda35f2a94c03790d491bd4423c3?s=96&d=mm&r=g\"},\"description\":\"Eric es el especialista y fundador de Antderground, con una amplia trayectoria en artr\u00f3podos y enfocado en la mirmecolog\u00eda y el dise\u00f1o de hormigueros artificiales. Su enfoque combina la innovaci\u00f3n t\u00e9cnica con el respeto por la biolog\u00eda de las hormigas, is\u00f3podos y otros, desarrollando sistemas de nidos modulares 3D y acr\u00edlicos que son referentes para aficionados y profesionales en toda Europa. Su objetivo es facilitar la cr\u00eda de hormigas y otros artr\u00f3podos mediante soluciones seguras y divulgaci\u00f3n de calidad.\",\"sameAs\":[\"https:\\\/\\\/antderground.com\\\/\",\"https:\\\/\\\/www.youtube.com\\\/channel\\\/UCio72z7TlbufkAthAJIJfPw\"]}]}<\/script>\n<!-- \/ Yoast SEO plugin. -->","yoast_head_json":{"title":"Armadillo officinalis \"Pink\" | Botiga d'isopodes - ANTDERGROUND","description":"Is\u00f2pode Armadillo officinalis \"Pink\" \ud83c\udf38 ideal per al teu terrari. Ajuda a descompondre mat\u00e8ria org\u00e0nica i mant\u00e9 l\u2019ecosistema saludable. Descobreix-lo!","robots":{"index":"index","follow":"follow","max-snippet":"max-snippet:-1","max-image-preview":"max-image-preview:large","max-video-preview":"max-video-preview:-1"},"canonical":"https:\/\/antderground.com\/ca\/producte\/armadillo-officinalis-pink\/","og_locale":"ca_ES","og_type":"article","og_title":"Armadillo officinalis \"Pink\" | Botiga d'isopodes - ANTDERGROUND","og_description":"Is\u00f2pode Armadillo officinalis \"Pink\" \ud83c\udf38 ideal per al teu terrari. Ajuda a descompondre mat\u00e8ria org\u00e0nica i mant\u00e9 l\u2019ecosistema saludable. Descobreix-lo!","og_url":"https:\/\/antderground.com\/ca\/producte\/armadillo-officinalis-pink\/","og_site_name":"ANTDERGROUND","og_image":[{"width":1600,"height":1600,"url":"https:\/\/antderground.com\/wp-content\/uploads\/2025\/03\/armadillo-officinalis-22pink22.jpeg","type":"image\/jpeg"}],"twitter_card":"summary_large_image","twitter_misc":{"Temps estimat de lectura":"1 minut"},"schema":{"@context":"https:\/\/schema.org","@graph":[{"@type":"WebPage","@id":"https:\/\/antderground.com\/ca\/producte\/armadillo-officinalis-pink\/","url":"https:\/\/antderground.com\/ca\/producte\/armadillo-officinalis-pink\/","name":"Armadillo officinalis \"Pink\" | Botiga d'isopodes - ANTDERGROUND","isPartOf":{"@id":"https:\/\/antderground.com\/ca\/#website"},"primaryImageOfPage":{"@id":"https:\/\/antderground.com\/ca\/producte\/armadillo-officinalis-pink\/#primaryimage"},"image":{"@id":"https:\/\/antderground.com\/ca\/producte\/armadillo-officinalis-pink\/#primaryimage"},"thumbnailUrl":"https:\/\/antderground.com\/wp-content\/uploads\/2025\/03\/armadillo-officinalis-22pink22.jpeg","datePublished":"2025-03-28T13:50:30+00:00","description":"Is\u00f2pode Armadillo officinalis \"Pink\" \ud83c\udf38 ideal per al teu terrari. Ajuda a descompondre mat\u00e8ria org\u00e0nica i mant\u00e9 l\u2019ecosistema saludable. Descobreix-lo!","breadcrumb":{"@id":"https:\/\/antderground.com\/ca\/producte\/armadillo-officinalis-pink\/#breadcrumb"},"inLanguage":"ca","potentialAction":[{"@type":"ReadAction","target":["https:\/\/antderground.com\/ca\/producte\/armadillo-officinalis-pink\/"]}]},{"@type":"ImageObject","inLanguage":"ca","@id":"https:\/\/antderground.com\/ca\/producte\/armadillo-officinalis-pink\/#primaryimage","url":"https:\/\/antderground.com\/wp-content\/uploads\/2025\/03\/armadillo-officinalis-22pink22.jpeg","contentUrl":"https:\/\/antderground.com\/wp-content\/uploads\/2025\/03\/armadillo-officinalis-22pink22.jpeg","width":1600,"height":1600,"caption":"armadillo officinalis pink"},{"@type":"BreadcrumbList","@id":"https:\/\/antderground.com\/ca\/producte\/armadillo-officinalis-pink\/#breadcrumb","itemListElement":[{"@type":"ListItem","position":1,"name":"Portada","item":"https:\/\/antderground.com\/ca\/"},{"@type":"ListItem","position":2,"name":"Productes","item":"https:\/\/antderground.com\/ca\/productes\/"},{"@type":"ListItem","position":3,"name":"Armadillo officinalis &#8220;Pink&#8221;"}]},{"@type":"WebSite","@id":"https:\/\/antderground.com\/ca\/#website","url":"https:\/\/antderground.com\/ca\/","name":"ANTDERGROUND","description":"Tu tienda de hormigas, gran variedad de hormigueros acr\u00edlicos,madera,arena,3D y mas.. Pide tus hormigas gratis con tu pedido, somos expertos en hormigueros antifugas.","publisher":{"@id":"https:\/\/antderground.com\/ca\/#\/schema\/person\/0e322c505e84fe72c65e2f6d08f96b81"},"alternateName":"Antderground","potentialAction":[{"@type":"SearchAction","target":{"@type":"EntryPoint","urlTemplate":"https:\/\/antderground.com\/ca\/?s={search_term_string}"},"query-input":{"@type":"PropertyValueSpecification","valueRequired":true,"valueName":"search_term_string"}}],"inLanguage":"ca"},{"@type":["Person","Organization"],"@id":"https:\/\/antderground.com\/ca\/#\/schema\/person\/0e322c505e84fe72c65e2f6d08f96b81","name":"Eric de Antderground","image":{"@type":"ImageObject","inLanguage":"ca","@id":"https:\/\/secure.gravatar.com\/avatar\/c49a1b9f79216d1498cb73c1e85cd47f4465dda35f2a94c03790d491bd4423c3?s=96&d=mm&r=g","url":"https:\/\/secure.gravatar.com\/avatar\/c49a1b9f79216d1498cb73c1e85cd47f4465dda35f2a94c03790d491bd4423c3?s=96&d=mm&r=g","contentUrl":"https:\/\/secure.gravatar.com\/avatar\/c49a1b9f79216d1498cb73c1e85cd47f4465dda35f2a94c03790d491bd4423c3?s=96&d=mm&r=g","caption":"Eric de Antderground"},"logo":{"@id":"https:\/\/secure.gravatar.com\/avatar\/c49a1b9f79216d1498cb73c1e85cd47f4465dda35f2a94c03790d491bd4423c3?s=96&d=mm&r=g"},"description":"Eric es el especialista y fundador de Antderground, con una amplia trayectoria en artr\u00f3podos y enfocado en la mirmecolog\u00eda y el dise\u00f1o de hormigueros artificiales. Su enfoque combina la innovaci\u00f3n t\u00e9cnica con el respeto por la biolog\u00eda de las hormigas, is\u00f3podos y otros, desarrollando sistemas de nidos modulares 3D y acr\u00edlicos que son referentes para aficionados y profesionales en toda Europa. Su objetivo es facilitar la cr\u00eda de hormigas y otros artr\u00f3podos mediante soluciones seguras y divulgaci\u00f3n de calidad.","sameAs":["https:\/\/antderground.com\/","https:\/\/www.youtube.com\/channel\/UCio72z7TlbufkAthAJIJfPw"]}]}},"_links":{"self":[{"href":"https:\/\/antderground.com\/ca\/wp-json\/wp\/v2\/product\/41485","targetHints":{"allow":["GET"]}}],"collection":[{"href":"https:\/\/antderground.com\/ca\/wp-json\/wp\/v2\/product"}],"about":[{"href":"https:\/\/antderground.com\/ca\/wp-json\/wp\/v2\/types\/product"}],"version-history":[{"count":0,"href":"https:\/\/antderground.com\/ca\/wp-json\/wp\/v2\/product\/41485\/revisions"}],"wp:featuredmedia":[{"embeddable":true,"href":"https:\/\/antderground.com\/ca\/wp-json\/wp\/v2\/media\/41273"}],"wp:attachment":[{"href":"https:\/\/antderground.com\/ca\/wp-json\/wp\/v2\/media?parent=41485"}],"wp:term":[{"taxonomy":"product_brand","embeddable":true,"href":"https:\/\/antderground.com\/ca\/wp-json\/wp\/v2\/product_brand?post=41485"},{"taxonomy":"product_cat","embeddable":true,"href":"https:\/\/antderground.com\/ca\/wp-json\/wp\/v2\/product_cat?post=41485"},{"taxonomy":"product_tag","embeddable":true,"href":"https:\/\/antderground.com\/ca\/wp-json\/wp\/v2\/product_tag?post=41485"}],"curies":[{"name":"wp","href":"https:\/\/api.w.org\/{rel}","templated":true}]}}