{"id":41542,"date":"2025-03-28T10:34:08","date_gmt":"2025-03-28T09:34:08","guid":{"rendered":"https:\/\/www.antderground.com\/producto\/trachelipus-caucasius\/"},"modified":"2025-03-28T10:34:08","modified_gmt":"2025-03-28T09:34:08","slug":"trachelipus-caucasius","status":"publish","type":"product","link":"https:\/\/antderground.com\/ca\/producte\/trachelipus-caucasius\/","title":{"rendered":"Trachelipus caucasius"},"content":{"rendered":"<h4 class=\"\" data-start=\"2888\" data-end=\"2935\"><strong data-start=\"2893\" data-end=\"2933\">Fitxa T\u00e8cnica: Trachelipus caucasius<\/strong><\/h4>\n<p class=\"\" data-start=\"2936\" data-end=\"3093\"><strong data-start=\"2936\" data-end=\"2954\">Nom cient\u00edfic:<\/strong> Trachelipus caucasius<br data-start=\"2976\" data-end=\"2979\" \/><strong data-start=\"2979\" data-end=\"2992\">Nom com\u00fa:<\/strong> Is\u00f2pode cauc\u00e0sic<br data-start=\"3009\" data-end=\"3012\" \/><strong data-start=\"3012\" data-end=\"3024\">Fam\u00edlia:<\/strong> Trachelipodidae<br data-start=\"3040\" data-end=\"3043\" \/><strong data-start=\"3043\" data-end=\"3054\">Origen:<\/strong> Regions del Caucas i Europa de l\u2019Est<\/p>\n<h3 class=\"\" data-start=\"3095\" data-end=\"3115\"><strong data-start=\"3099\" data-end=\"3113\">Descripci\u00f3<\/strong><\/h3>\n<p class=\"\" data-start=\"3116\" data-end=\"3450\"><em data-start=\"3116\" data-end=\"3139\">Trachelipus caucasius<\/em> \u00e9s un is\u00f2pode terrestre de mida mitjana, amb una longitud adulta de 10-15 mm. El seu exoesquelet segmentat varia entre tons marrons i grisos, amb patrons que l\u2019ajuden a camuflar-se. Aquesta esp\u00e8cie es pot enrotllar parcialment quan se sent amena\u00e7ada, per\u00f2 no arriba a formar una bola com els Armadillidiidae.<\/p>\n<h3 class=\"\" data-start=\"3452\" data-end=\"3483\"><strong data-start=\"3456\" data-end=\"3481\">H\u00e0bitat i Distribuci\u00f3<\/strong><\/h3>\n<p class=\"\" data-start=\"3484\" data-end=\"3705\">Habita zones humides com boscos temperats i prats, on es refugia sota pedres, troncs en descomposici\u00f3 i fullaraca. Es desenvolupa b\u00e9 en substrats rics en mat\u00e8ria org\u00e0nica i \u00e9s un bon indicador d\u2019un ecosistema saludable.<\/p>\n<h3 class=\"\" data-start=\"3707\" data-end=\"3728\"><strong data-start=\"3711\" data-end=\"3726\">Alimentaci\u00f3<\/strong><\/h3>\n<p class=\"\" data-start=\"3729\" data-end=\"3947\">\u00c9s un detrit\u00edvor que s\u2019alimenta principalment de mat\u00e8ria org\u00e0nica en descomposici\u00f3, com fulles caigudes, fusta podrida i restes vegetals. T\u00e9 un paper essencial en la descomposici\u00f3 i reciclatge de nutrients en el s\u00f2l.<\/p>\n<h3 class=\"\" data-start=\"3949\" data-end=\"3998\"><strong data-start=\"3953\" data-end=\"3996\">Condicions de Manteniment en Captivitat<\/strong><\/h3>\n<ul data-start=\"3999\" data-end=\"4295\">\n<li class=\"\" data-start=\"3999\" data-end=\"4027\">\n<p class=\"\" data-start=\"4001\" data-end=\"4027\"><strong data-start=\"4001\" data-end=\"4017\">Temperatura:<\/strong> 18-25\u00b0C<\/p>\n<\/li>\n<li class=\"\" data-start=\"4028\" data-end=\"4051\">\n<p class=\"\" data-start=\"4030\" data-end=\"4051\"><strong data-start=\"4030\" data-end=\"4042\">Humitat:<\/strong> 70-90%<\/p>\n<\/li>\n<li class=\"\" data-start=\"4052\" data-end=\"4129\">\n<p class=\"\" data-start=\"4054\" data-end=\"4129\"><strong data-start=\"4054\" data-end=\"4067\">Substrat:<\/strong> Mescla de fibra de coco, fullaraca i fusta en descomposici\u00f3<\/p>\n<\/li>\n<li class=\"\" data-start=\"4130\" data-end=\"4179\">\n<p class=\"\" data-start=\"4132\" data-end=\"4179\"><strong data-start=\"4132\" data-end=\"4144\">Refugis:<\/strong> Troncs, escor\u00e7a d\u2019arbre i pedres<\/p>\n<\/li>\n<li class=\"\" data-start=\"4180\" data-end=\"4295\">\n<p class=\"\" data-start=\"4182\" data-end=\"4295\"><strong data-start=\"4182\" data-end=\"4198\">Alimentaci\u00f3:<\/strong> Fulles seques, verdures fresques i suplement de calci (os de s\u00edpia o closques d\u2019ou triturades)<\/p>\n<\/li>\n<\/ul>\n<h3 class=\"\" data-start=\"4297\" data-end=\"4318\"><strong data-start=\"4301\" data-end=\"4316\">Reproducci\u00f3<\/strong><\/h3>\n<p class=\"\" data-start=\"4319\" data-end=\"4489\">Esp\u00e8cie ovoviv\u00edpara amb una taxa de reproducci\u00f3 moderada. Les femelles porten els ous en una bossa incubadora (marsupi) fins que les cries estan preparades per emergir.<\/p>\n<h3 class=\"\" data-start=\"4491\" data-end=\"4532\"><strong data-start=\"4495\" data-end=\"4530\">Compatibilitat i \u00das en Terraris<\/strong><\/h3>\n<p class=\"\" data-start=\"4533\" data-end=\"4814\">Per la seva resist\u00e8ncia i capacitat de reciclar mat\u00e8ria org\u00e0nica, <em data-start=\"4599\" data-end=\"4622\">Trachelipus caucasius<\/em> \u00e9s una excel\u00b7lent opci\u00f3 per a terraris bioactius, on ajuda a mantenir el substrat net. Es pot mantenir amb altres esp\u00e8cies d\u2019is\u00f2podes i detrit\u00edvors sempre que hi hagi prou espai i recursos.<\/p>\n<h3 class=\"\" data-start=\"4816\" data-end=\"4837\"><strong data-start=\"4820\" data-end=\"4835\">Curiositats<\/strong><\/h3>\n<ul data-start=\"4838\" data-end=\"5096\">\n<li class=\"\" data-start=\"4838\" data-end=\"4900\">\n<p class=\"\" data-start=\"4840\" data-end=\"4900\">La seva coloraci\u00f3 pot variar segons la humitat i la dieta.<\/p>\n<\/li>\n<li class=\"\" data-start=\"4901\" data-end=\"4995\">\n<p class=\"\" data-start=\"4903\" data-end=\"4995\">T\u00e9 menys tend\u00e8ncia a enrotllar-se completament en comparaci\u00f3 amb altres is\u00f2podes similars.<\/p>\n<\/li>\n<li class=\"\" data-start=\"4996\" data-end=\"5096\">\n<p class=\"\" data-start=\"4998\" data-end=\"5096\">T\u00e9 un paper ecol\u00f2gic fonamental en la regeneraci\u00f3 del s\u00f2l i la descomposici\u00f3 de mat\u00e8ria vegetal.<\/p>\n<\/li>\n<\/ul>\n<p class=\"\" data-start=\"5098\" data-end=\"5256\"><em data-start=\"5098\" data-end=\"5121\">Trachelipus caucasius<\/em> \u00e9s una esp\u00e8cie interessant tant per als entusiastes dels is\u00f2podes com per als que busquen un element eficient en sistemes bioactius.<\/p>\n","protected":false},"excerpt":{"rendered":"<p class=\"\" data-start=\"5318\" data-end=\"5554\">Descobreix <strong><em data-start=\"5329\" data-end=\"5352\">Trachelipus caucasius<\/em><\/strong>! \ud83d\udc1c Un is\u00f2pode resistent i perfecte per a terraris bioactius. S\u2019alimenta de mat\u00e8ria en descomposici\u00f3, ajuda a mantenir el substrat net i \u00e9s f\u00e0cil de cuidar. Ideal per als amants dels invertebrats! \ud83c\udf3f<\/p>\n","protected":false},"featured_media":41229,"template":"","meta":[],"product_brand":[],"product_cat":[420,422],"product_tag":[],"class_list":{"0":"post-41542","1":"product","2":"type-product","3":"status-publish","4":"has-post-thumbnail","6":"product_cat-artropodes","7":"product_cat-isopodes-ca","9":"first","10":"outofstock","11":"shipping-taxable","12":"purchasable","13":"product-type-variable"},"yoast_head":"<!-- This site is optimized with the Yoast SEO plugin v27.4 - https:\/\/yoast.com\/product\/yoast-seo-wordpress\/ -->\n<title>Trachelipus caucasius | Isopodes - ANTDERGROUND<\/title>\n<meta name=\"description\" content=\"Aconsegueix Trachelipus caucasius, l\u2019is\u00f2pode perfecte per a terraris bioactius \ud83c\udf3f. F\u00e0cil de cuidar, reciclador natural i ideal per mantenir el substrat net. \ud83d\udc1c\" \/>\n<meta name=\"robots\" content=\"index, follow, max-snippet:-1, max-image-preview:large, max-video-preview:-1\" \/>\n<link rel=\"canonical\" href=\"https:\/\/antderground.com\/ca\/producte\/trachelipus-caucasius\/\" \/>\n<meta property=\"og:locale\" content=\"ca_ES\" \/>\n<meta property=\"og:type\" content=\"article\" \/>\n<meta property=\"og:title\" content=\"Trachelipus caucasius | Isopodes - ANTDERGROUND\" \/>\n<meta property=\"og:description\" content=\"Aconsegueix Trachelipus caucasius, l\u2019is\u00f2pode perfecte per a terraris bioactius \ud83c\udf3f. F\u00e0cil de cuidar, reciclador natural i ideal per mantenir el substrat net. \ud83d\udc1c\" \/>\n<meta property=\"og:url\" content=\"https:\/\/antderground.com\/ca\/producte\/trachelipus-caucasius\/\" \/>\n<meta property=\"og:site_name\" content=\"ANTDERGROUND\" \/>\n<meta property=\"og:image\" content=\"https:\/\/antderground.com\/wp-content\/uploads\/2025\/03\/Trachelipus-caucasius.jpeg\" \/>\n\t<meta property=\"og:image:width\" content=\"1600\" \/>\n\t<meta property=\"og:image:height\" content=\"1600\" \/>\n\t<meta property=\"og:image:type\" content=\"image\/jpeg\" \/>\n<meta name=\"twitter:card\" content=\"summary_large_image\" \/>\n<meta name=\"twitter:label1\" content=\"Temps estimat de lectura\" \/>\n\t<meta name=\"twitter:data1\" content=\"2 minuts\" \/>\n<script type=\"application\/ld+json\" class=\"yoast-schema-graph\">{\"@context\":\"https:\\\/\\\/schema.org\",\"@graph\":[{\"@type\":\"WebPage\",\"@id\":\"https:\\\/\\\/antderground.com\\\/ca\\\/producte\\\/trachelipus-caucasius\\\/\",\"url\":\"https:\\\/\\\/antderground.com\\\/ca\\\/producte\\\/trachelipus-caucasius\\\/\",\"name\":\"Trachelipus caucasius | Isopodes - ANTDERGROUND\",\"isPartOf\":{\"@id\":\"https:\\\/\\\/antderground.com\\\/ca\\\/#website\"},\"primaryImageOfPage\":{\"@id\":\"https:\\\/\\\/antderground.com\\\/ca\\\/producte\\\/trachelipus-caucasius\\\/#primaryimage\"},\"image\":{\"@id\":\"https:\\\/\\\/antderground.com\\\/ca\\\/producte\\\/trachelipus-caucasius\\\/#primaryimage\"},\"thumbnailUrl\":\"https:\\\/\\\/antderground.com\\\/wp-content\\\/uploads\\\/2025\\\/03\\\/Trachelipus-caucasius.jpeg\",\"datePublished\":\"2025-03-28T09:34:08+00:00\",\"description\":\"Aconsegueix Trachelipus caucasius, l\u2019is\u00f2pode perfecte per a terraris bioactius \ud83c\udf3f. F\u00e0cil de cuidar, reciclador natural i ideal per mantenir el substrat net. \ud83d\udc1c\",\"breadcrumb\":{\"@id\":\"https:\\\/\\\/antderground.com\\\/ca\\\/producte\\\/trachelipus-caucasius\\\/#breadcrumb\"},\"inLanguage\":\"ca\",\"potentialAction\":[{\"@type\":\"ReadAction\",\"target\":[\"https:\\\/\\\/antderground.com\\\/ca\\\/producte\\\/trachelipus-caucasius\\\/\"]}]},{\"@type\":\"ImageObject\",\"inLanguage\":\"ca\",\"@id\":\"https:\\\/\\\/antderground.com\\\/ca\\\/producte\\\/trachelipus-caucasius\\\/#primaryimage\",\"url\":\"https:\\\/\\\/antderground.com\\\/wp-content\\\/uploads\\\/2025\\\/03\\\/Trachelipus-caucasius.jpeg\",\"contentUrl\":\"https:\\\/\\\/antderground.com\\\/wp-content\\\/uploads\\\/2025\\\/03\\\/Trachelipus-caucasius.jpeg\",\"width\":1600,\"height\":1600,\"caption\":\"Trachelipus caucasius\"},{\"@type\":\"BreadcrumbList\",\"@id\":\"https:\\\/\\\/antderground.com\\\/ca\\\/producte\\\/trachelipus-caucasius\\\/#breadcrumb\",\"itemListElement\":[{\"@type\":\"ListItem\",\"position\":1,\"name\":\"Portada\",\"item\":\"https:\\\/\\\/antderground.com\\\/ca\\\/\"},{\"@type\":\"ListItem\",\"position\":2,\"name\":\"Productes\",\"item\":\"https:\\\/\\\/antderground.com\\\/ca\\\/productes\\\/\"},{\"@type\":\"ListItem\",\"position\":3,\"name\":\"Trachelipus caucasius\"}]},{\"@type\":\"WebSite\",\"@id\":\"https:\\\/\\\/antderground.com\\\/ca\\\/#website\",\"url\":\"https:\\\/\\\/antderground.com\\\/ca\\\/\",\"name\":\"ANTDERGROUND\",\"description\":\"Tu tienda de hormigas, gran variedad de hormigueros acr\u00edlicos,madera,arena,3D y mas.. Pide tus hormigas gratis con tu pedido, somos expertos en hormigueros antifugas.\",\"publisher\":{\"@id\":\"https:\\\/\\\/antderground.com\\\/ca\\\/#\\\/schema\\\/person\\\/0e322c505e84fe72c65e2f6d08f96b81\"},\"alternateName\":\"Antderground\",\"potentialAction\":[{\"@type\":\"SearchAction\",\"target\":{\"@type\":\"EntryPoint\",\"urlTemplate\":\"https:\\\/\\\/antderground.com\\\/ca\\\/?s={search_term_string}\"},\"query-input\":{\"@type\":\"PropertyValueSpecification\",\"valueRequired\":true,\"valueName\":\"search_term_string\"}}],\"inLanguage\":\"ca\"},{\"@type\":[\"Person\",\"Organization\"],\"@id\":\"https:\\\/\\\/antderground.com\\\/ca\\\/#\\\/schema\\\/person\\\/0e322c505e84fe72c65e2f6d08f96b81\",\"name\":\"Eric de Antderground\",\"image\":{\"@type\":\"ImageObject\",\"inLanguage\":\"ca\",\"@id\":\"https:\\\/\\\/secure.gravatar.com\\\/avatar\\\/c49a1b9f79216d1498cb73c1e85cd47f4465dda35f2a94c03790d491bd4423c3?s=96&d=mm&r=g\",\"url\":\"https:\\\/\\\/secure.gravatar.com\\\/avatar\\\/c49a1b9f79216d1498cb73c1e85cd47f4465dda35f2a94c03790d491bd4423c3?s=96&d=mm&r=g\",\"contentUrl\":\"https:\\\/\\\/secure.gravatar.com\\\/avatar\\\/c49a1b9f79216d1498cb73c1e85cd47f4465dda35f2a94c03790d491bd4423c3?s=96&d=mm&r=g\",\"caption\":\"Eric de Antderground\"},\"logo\":{\"@id\":\"https:\\\/\\\/secure.gravatar.com\\\/avatar\\\/c49a1b9f79216d1498cb73c1e85cd47f4465dda35f2a94c03790d491bd4423c3?s=96&d=mm&r=g\"},\"description\":\"Eric es el especialista y fundador de Antderground, con una amplia trayectoria en artr\u00f3podos y enfocado en la mirmecolog\u00eda y el dise\u00f1o de hormigueros artificiales. Su enfoque combina la innovaci\u00f3n t\u00e9cnica con el respeto por la biolog\u00eda de las hormigas, is\u00f3podos y otros, desarrollando sistemas de nidos modulares 3D y acr\u00edlicos que son referentes para aficionados y profesionales en toda Europa. Su objetivo es facilitar la cr\u00eda de hormigas y otros artr\u00f3podos mediante soluciones seguras y divulgaci\u00f3n de calidad.\",\"sameAs\":[\"https:\\\/\\\/antderground.com\\\/\",\"https:\\\/\\\/www.youtube.com\\\/channel\\\/UCio72z7TlbufkAthAJIJfPw\"]}]}<\/script>\n<!-- \/ Yoast SEO plugin. -->","yoast_head_json":{"title":"Trachelipus caucasius | Isopodes - ANTDERGROUND","description":"Aconsegueix Trachelipus caucasius, l\u2019is\u00f2pode perfecte per a terraris bioactius \ud83c\udf3f. F\u00e0cil de cuidar, reciclador natural i ideal per mantenir el substrat net. \ud83d\udc1c","robots":{"index":"index","follow":"follow","max-snippet":"max-snippet:-1","max-image-preview":"max-image-preview:large","max-video-preview":"max-video-preview:-1"},"canonical":"https:\/\/antderground.com\/ca\/producte\/trachelipus-caucasius\/","og_locale":"ca_ES","og_type":"article","og_title":"Trachelipus caucasius | Isopodes - ANTDERGROUND","og_description":"Aconsegueix Trachelipus caucasius, l\u2019is\u00f2pode perfecte per a terraris bioactius \ud83c\udf3f. F\u00e0cil de cuidar, reciclador natural i ideal per mantenir el substrat net. \ud83d\udc1c","og_url":"https:\/\/antderground.com\/ca\/producte\/trachelipus-caucasius\/","og_site_name":"ANTDERGROUND","og_image":[{"width":1600,"height":1600,"url":"https:\/\/antderground.com\/wp-content\/uploads\/2025\/03\/Trachelipus-caucasius.jpeg","type":"image\/jpeg"}],"twitter_card":"summary_large_image","twitter_misc":{"Temps estimat de lectura":"2 minuts"},"schema":{"@context":"https:\/\/schema.org","@graph":[{"@type":"WebPage","@id":"https:\/\/antderground.com\/ca\/producte\/trachelipus-caucasius\/","url":"https:\/\/antderground.com\/ca\/producte\/trachelipus-caucasius\/","name":"Trachelipus caucasius | Isopodes - ANTDERGROUND","isPartOf":{"@id":"https:\/\/antderground.com\/ca\/#website"},"primaryImageOfPage":{"@id":"https:\/\/antderground.com\/ca\/producte\/trachelipus-caucasius\/#primaryimage"},"image":{"@id":"https:\/\/antderground.com\/ca\/producte\/trachelipus-caucasius\/#primaryimage"},"thumbnailUrl":"https:\/\/antderground.com\/wp-content\/uploads\/2025\/03\/Trachelipus-caucasius.jpeg","datePublished":"2025-03-28T09:34:08+00:00","description":"Aconsegueix Trachelipus caucasius, l\u2019is\u00f2pode perfecte per a terraris bioactius \ud83c\udf3f. F\u00e0cil de cuidar, reciclador natural i ideal per mantenir el substrat net. \ud83d\udc1c","breadcrumb":{"@id":"https:\/\/antderground.com\/ca\/producte\/trachelipus-caucasius\/#breadcrumb"},"inLanguage":"ca","potentialAction":[{"@type":"ReadAction","target":["https:\/\/antderground.com\/ca\/producte\/trachelipus-caucasius\/"]}]},{"@type":"ImageObject","inLanguage":"ca","@id":"https:\/\/antderground.com\/ca\/producte\/trachelipus-caucasius\/#primaryimage","url":"https:\/\/antderground.com\/wp-content\/uploads\/2025\/03\/Trachelipus-caucasius.jpeg","contentUrl":"https:\/\/antderground.com\/wp-content\/uploads\/2025\/03\/Trachelipus-caucasius.jpeg","width":1600,"height":1600,"caption":"Trachelipus caucasius"},{"@type":"BreadcrumbList","@id":"https:\/\/antderground.com\/ca\/producte\/trachelipus-caucasius\/#breadcrumb","itemListElement":[{"@type":"ListItem","position":1,"name":"Portada","item":"https:\/\/antderground.com\/ca\/"},{"@type":"ListItem","position":2,"name":"Productes","item":"https:\/\/antderground.com\/ca\/productes\/"},{"@type":"ListItem","position":3,"name":"Trachelipus caucasius"}]},{"@type":"WebSite","@id":"https:\/\/antderground.com\/ca\/#website","url":"https:\/\/antderground.com\/ca\/","name":"ANTDERGROUND","description":"Tu tienda de hormigas, gran variedad de hormigueros acr\u00edlicos,madera,arena,3D y mas.. Pide tus hormigas gratis con tu pedido, somos expertos en hormigueros antifugas.","publisher":{"@id":"https:\/\/antderground.com\/ca\/#\/schema\/person\/0e322c505e84fe72c65e2f6d08f96b81"},"alternateName":"Antderground","potentialAction":[{"@type":"SearchAction","target":{"@type":"EntryPoint","urlTemplate":"https:\/\/antderground.com\/ca\/?s={search_term_string}"},"query-input":{"@type":"PropertyValueSpecification","valueRequired":true,"valueName":"search_term_string"}}],"inLanguage":"ca"},{"@type":["Person","Organization"],"@id":"https:\/\/antderground.com\/ca\/#\/schema\/person\/0e322c505e84fe72c65e2f6d08f96b81","name":"Eric de Antderground","image":{"@type":"ImageObject","inLanguage":"ca","@id":"https:\/\/secure.gravatar.com\/avatar\/c49a1b9f79216d1498cb73c1e85cd47f4465dda35f2a94c03790d491bd4423c3?s=96&d=mm&r=g","url":"https:\/\/secure.gravatar.com\/avatar\/c49a1b9f79216d1498cb73c1e85cd47f4465dda35f2a94c03790d491bd4423c3?s=96&d=mm&r=g","contentUrl":"https:\/\/secure.gravatar.com\/avatar\/c49a1b9f79216d1498cb73c1e85cd47f4465dda35f2a94c03790d491bd4423c3?s=96&d=mm&r=g","caption":"Eric de Antderground"},"logo":{"@id":"https:\/\/secure.gravatar.com\/avatar\/c49a1b9f79216d1498cb73c1e85cd47f4465dda35f2a94c03790d491bd4423c3?s=96&d=mm&r=g"},"description":"Eric es el especialista y fundador de Antderground, con una amplia trayectoria en artr\u00f3podos y enfocado en la mirmecolog\u00eda y el dise\u00f1o de hormigueros artificiales. Su enfoque combina la innovaci\u00f3n t\u00e9cnica con el respeto por la biolog\u00eda de las hormigas, is\u00f3podos y otros, desarrollando sistemas de nidos modulares 3D y acr\u00edlicos que son referentes para aficionados y profesionales en toda Europa. Su objetivo es facilitar la cr\u00eda de hormigas y otros artr\u00f3podos mediante soluciones seguras y divulgaci\u00f3n de calidad.","sameAs":["https:\/\/antderground.com\/","https:\/\/www.youtube.com\/channel\/UCio72z7TlbufkAthAJIJfPw"]}]}},"_links":{"self":[{"href":"https:\/\/antderground.com\/ca\/wp-json\/wp\/v2\/product\/41542","targetHints":{"allow":["GET"]}}],"collection":[{"href":"https:\/\/antderground.com\/ca\/wp-json\/wp\/v2\/product"}],"about":[{"href":"https:\/\/antderground.com\/ca\/wp-json\/wp\/v2\/types\/product"}],"version-history":[{"count":0,"href":"https:\/\/antderground.com\/ca\/wp-json\/wp\/v2\/product\/41542\/revisions"}],"wp:featuredmedia":[{"embeddable":true,"href":"https:\/\/antderground.com\/ca\/wp-json\/wp\/v2\/media\/41229"}],"wp:attachment":[{"href":"https:\/\/antderground.com\/ca\/wp-json\/wp\/v2\/media?parent=41542"}],"wp:term":[{"taxonomy":"product_brand","embeddable":true,"href":"https:\/\/antderground.com\/ca\/wp-json\/wp\/v2\/product_brand?post=41542"},{"taxonomy":"product_cat","embeddable":true,"href":"https:\/\/antderground.com\/ca\/wp-json\/wp\/v2\/product_cat?post=41542"},{"taxonomy":"product_tag","embeddable":true,"href":"https:\/\/antderground.com\/ca\/wp-json\/wp\/v2\/product_tag?post=41542"}],"curies":[{"name":"wp","href":"https:\/\/api.w.org\/{rel}","templated":true}]}}