{"id":41673,"date":"2025-04-07T16:40:55","date_gmt":"2025-04-07T14:40:55","guid":{"rendered":"https:\/\/www.antderground.com\/producto\/matucana-madisoniorum\/"},"modified":"2025-04-07T16:40:55","modified_gmt":"2025-04-07T14:40:55","slug":"matucana-madisoniorum","status":"publish","type":"product","link":"https:\/\/antderground.com\/ca\/producte\/matucana-madisoniorum\/","title":{"rendered":"Matucana madisoniorum"},"content":{"rendered":"<h3 class=\"\" data-start=\"1927\" data-end=\"1973\">\ud83c\udf35 Fitxa t\u00e8cnica \u2013 <em data-start=\"1950\" data-end=\"1973\">Matucana madisoniorum<\/em><\/h3>\n<p class=\"\" data-start=\"1975\" data-end=\"2101\"><strong data-start=\"1975\" data-end=\"1988\">Nom com\u00fa:<\/strong> Matucana<br data-start=\"1997\" data-end=\"2000\" \/><strong data-start=\"2000\" data-end=\"2018\">Nom cient\u00edfic:<\/strong> <em data-start=\"2019\" data-end=\"2042\">Matucana madisoniorum<\/em><br data-start=\"2042\" data-end=\"2045\" \/><strong data-start=\"2045\" data-end=\"2057\">Fam\u00edlia:<\/strong> Cactaceae<br data-start=\"2067\" data-end=\"2070\" \/><strong data-start=\"2070\" data-end=\"2081\">Origen:<\/strong> Per\u00fa (regi\u00f3 andina)<\/p>\n<h3 class=\"\" data-start=\"2108\" data-end=\"2127\">\ud83e\udeb4 Descripci\u00f3<\/h3>\n<p class=\"\" data-start=\"2128\" data-end=\"2378\">Cactus glob\u00f3s o lleugerament cil\u00edndric, amb costelles marcades i espines curtes (o sense espines). El color va del verd clar al grisenc, amb una superf\u00edcie llisa i brillant. Fa flors tubuloses espectaculars de color vermell o taronja, de fins a 8\u202fcm.<\/p>\n<h3 class=\"\" data-start=\"2385\" data-end=\"2397\">\ud83c\udf1e Cures<\/h3>\n<ul data-start=\"2399\" data-end=\"2781\">\n<li class=\"\" data-start=\"2399\" data-end=\"2458\">\n<p class=\"\" data-start=\"2401\" data-end=\"2458\"><strong data-start=\"2401\" data-end=\"2410\">Llum:<\/strong> Necessita molta llum, millor amb sol directe.<\/p>\n<\/li>\n<li class=\"\" data-start=\"2459\" data-end=\"2556\">\n<p class=\"\" data-start=\"2461\" data-end=\"2556\"><strong data-start=\"2461\" data-end=\"2469\">Reg:<\/strong> Moderat. Deixa assecar completament el substrat entre regs. Redueix molt a l&#8217;hivern.<\/p>\n<\/li>\n<li class=\"\" data-start=\"2557\" data-end=\"2635\">\n<p class=\"\" data-start=\"2559\" data-end=\"2635\"><strong data-start=\"2559\" data-end=\"2575\">Temperatura:<\/strong> Prefereix climes c\u00e0lids, suporta fins a 5\u202f\u00b0C si est\u00e0 sec.<\/p>\n<\/li>\n<li class=\"\" data-start=\"2636\" data-end=\"2707\">\n<p class=\"\" data-start=\"2638\" data-end=\"2707\"><strong data-start=\"2638\" data-end=\"2651\">Substrat:<\/strong> Ben drenat, amb base mineral (sorra, perlita, grava).<\/p>\n<\/li>\n<li class=\"\" data-start=\"2708\" data-end=\"2781\">\n<p class=\"\" data-start=\"2710\" data-end=\"2781\"><strong data-start=\"2710\" data-end=\"2721\">Adobat:<\/strong> Un cop al mes a la primavera i estiu amb adob per a cactus.<\/p>\n<\/li>\n<\/ul>\n<h3 class=\"\" data-start=\"2788\" data-end=\"2814\">\ud83d\udccf Mides aproximades<\/h3>\n<ul data-start=\"2815\" data-end=\"2871\">\n<li class=\"\" data-start=\"2815\" data-end=\"2845\">\n<p class=\"\" data-start=\"2817\" data-end=\"2845\"><strong data-start=\"2817\" data-end=\"2835\">Al\u00e7ada adulta:<\/strong> 5\u201315 cm<\/p>\n<\/li>\n<li class=\"\" data-start=\"2846\" data-end=\"2871\">\n<p class=\"\" data-start=\"2848\" data-end=\"2871\"><strong data-start=\"2848\" data-end=\"2861\">Di\u00e0metre:<\/strong> 5\u201310 cm<\/p>\n<\/li>\n<\/ul>\n<h3 class=\"\" data-start=\"2878\" data-end=\"2895\">\ud83c\udf38 Floraci\u00f3<\/h3>\n<ul data-start=\"2896\" data-end=\"3039\">\n<li class=\"\" data-start=\"2896\" data-end=\"2928\">\n<p class=\"\" data-start=\"2898\" data-end=\"2928\"><strong data-start=\"2898\" data-end=\"2908\">\u00c8poca:<\/strong> Primavera i estiu<\/p>\n<\/li>\n<li class=\"\" data-start=\"2929\" data-end=\"2971\">\n<p class=\"\" data-start=\"2931\" data-end=\"2971\"><strong data-start=\"2931\" data-end=\"2952\">Color de la flor:<\/strong> Vermell, taronja<\/p>\n<\/li>\n<li class=\"\" data-start=\"2972\" data-end=\"3039\">\n<p class=\"\" data-start=\"2974\" data-end=\"3039\"><strong data-start=\"2974\" data-end=\"2993\">Pol\u00b7linitzaci\u00f3:<\/strong> Pot atraure pol\u00b7linitzadors en estat natural.<\/p>\n<\/li>\n<\/ul>\n<h3 class=\"\" data-start=\"3046\" data-end=\"3067\">\u26a0\ufe0f Observacions<\/h3>\n<ul data-start=\"3068\" data-end=\"3206\">\n<li class=\"\" data-start=\"3068\" data-end=\"3146\">\n<p class=\"\" data-start=\"3070\" data-end=\"3146\">Esp\u00e8cie molt f\u00e0cil de cuidar, molt apreciada per les seves flors vistoses.<\/p>\n<\/li>\n<li class=\"\" data-start=\"3147\" data-end=\"3206\">\n<p class=\"\" data-start=\"3149\" data-end=\"3206\">Evita l\u2019exc\u00e9s d\u2019aigua per prevenir la podridura d\u2019arrels.<\/p>\n<\/li>\n<\/ul>\n","protected":false},"excerpt":{"rendered":"<p class=\"\" data-start=\"3261\" data-end=\"3455\">Cactus peru\u00e0 amb cos rod\u00f3 i flors vermelles espectaculars \ud83c\udf3a. Molt f\u00e0cil de cuidar, li encanta el sol i no suporta l&#8217;exc\u00e9s d&#8217;aigua. Ideal per donar un toc ex\u00f2tic a la teva col\u00b7lecci\u00f3 de plantes!<\/p>\n<p><strong>Caracter\u00edstiques<\/strong>:<\/p>\n<ul>\n<li>Test: 5,5 cm<\/li>\n<li>\u00a0Interior \/ exterior<\/li>\n<\/ul>\n","protected":false},"featured_media":41654,"template":"","meta":[],"product_brand":[],"product_cat":[636],"product_tag":[],"class_list":{"0":"post-41673","1":"product","2":"type-product","3":"status-publish","4":"has-post-thumbnail","6":"product_cat-plantes-naturals","8":"first","9":"instock","10":"shipping-taxable","11":"purchasable","12":"product-type-simple"},"yoast_head":"<!-- This site is optimized with the Yoast SEO plugin v27.4 - https:\/\/yoast.com\/product\/yoast-seo-wordpress\/ -->\n<title>Matucana madisoniorum | Plantas perfectes per casa - ANTDERGROUND<\/title>\n<meta name=\"description\" content=\"Matucana madisoniorum, cactus and\u00ed amb flors vermelles \ud83c\udf3a. F\u00e0cil de cuidar i perfecte per afegir un toc ex\u00f2tic a casa teva!\" \/>\n<meta name=\"robots\" content=\"index, follow, max-snippet:-1, max-image-preview:large, max-video-preview:-1\" \/>\n<link rel=\"canonical\" href=\"https:\/\/antderground.com\/ca\/producte\/matucana-madisoniorum\/\" \/>\n<meta property=\"og:locale\" content=\"ca_ES\" \/>\n<meta property=\"og:type\" content=\"article\" \/>\n<meta property=\"og:title\" content=\"Matucana madisoniorum | Plantas perfectes per casa - ANTDERGROUND\" \/>\n<meta property=\"og:description\" content=\"Matucana madisoniorum, cactus and\u00ed amb flors vermelles \ud83c\udf3a. F\u00e0cil de cuidar i perfecte per afegir un toc ex\u00f2tic a casa teva!\" \/>\n<meta property=\"og:url\" content=\"https:\/\/antderground.com\/ca\/producte\/matucana-madisoniorum\/\" \/>\n<meta property=\"og:site_name\" content=\"ANTDERGROUND\" \/>\n<meta property=\"og:image\" content=\"https:\/\/antderground.com\/wp-content\/uploads\/2025\/04\/matucana-madisoniorum.jpeg\" \/>\n\t<meta property=\"og:image:width\" content=\"1600\" \/>\n\t<meta property=\"og:image:height\" content=\"1600\" \/>\n\t<meta property=\"og:image:type\" content=\"image\/jpeg\" \/>\n<meta name=\"twitter:card\" content=\"summary_large_image\" \/>\n<meta name=\"twitter:label1\" content=\"Temps estimat de lectura\" \/>\n\t<meta name=\"twitter:data1\" content=\"1 minut\" \/>\n<script type=\"application\/ld+json\" class=\"yoast-schema-graph\">{\"@context\":\"https:\\\/\\\/schema.org\",\"@graph\":[{\"@type\":\"WebPage\",\"@id\":\"https:\\\/\\\/antderground.com\\\/ca\\\/producte\\\/matucana-madisoniorum\\\/\",\"url\":\"https:\\\/\\\/antderground.com\\\/ca\\\/producte\\\/matucana-madisoniorum\\\/\",\"name\":\"Matucana madisoniorum | Plantas perfectes per casa - ANTDERGROUND\",\"isPartOf\":{\"@id\":\"https:\\\/\\\/antderground.com\\\/ca\\\/#website\"},\"primaryImageOfPage\":{\"@id\":\"https:\\\/\\\/antderground.com\\\/ca\\\/producte\\\/matucana-madisoniorum\\\/#primaryimage\"},\"image\":{\"@id\":\"https:\\\/\\\/antderground.com\\\/ca\\\/producte\\\/matucana-madisoniorum\\\/#primaryimage\"},\"thumbnailUrl\":\"https:\\\/\\\/antderground.com\\\/wp-content\\\/uploads\\\/2025\\\/04\\\/matucana-madisoniorum.jpeg\",\"datePublished\":\"2025-04-07T14:40:55+00:00\",\"description\":\"Matucana madisoniorum, cactus and\u00ed amb flors vermelles \ud83c\udf3a. F\u00e0cil de cuidar i perfecte per afegir un toc ex\u00f2tic a casa teva!\",\"breadcrumb\":{\"@id\":\"https:\\\/\\\/antderground.com\\\/ca\\\/producte\\\/matucana-madisoniorum\\\/#breadcrumb\"},\"inLanguage\":\"ca\",\"potentialAction\":[{\"@type\":\"ReadAction\",\"target\":[\"https:\\\/\\\/antderground.com\\\/ca\\\/producte\\\/matucana-madisoniorum\\\/\"]}]},{\"@type\":\"ImageObject\",\"inLanguage\":\"ca\",\"@id\":\"https:\\\/\\\/antderground.com\\\/ca\\\/producte\\\/matucana-madisoniorum\\\/#primaryimage\",\"url\":\"https:\\\/\\\/antderground.com\\\/wp-content\\\/uploads\\\/2025\\\/04\\\/matucana-madisoniorum.jpeg\",\"contentUrl\":\"https:\\\/\\\/antderground.com\\\/wp-content\\\/uploads\\\/2025\\\/04\\\/matucana-madisoniorum.jpeg\",\"width\":1600,\"height\":1600,\"caption\":\"matucana madisoniorum\"},{\"@type\":\"BreadcrumbList\",\"@id\":\"https:\\\/\\\/antderground.com\\\/ca\\\/producte\\\/matucana-madisoniorum\\\/#breadcrumb\",\"itemListElement\":[{\"@type\":\"ListItem\",\"position\":1,\"name\":\"Portada\",\"item\":\"https:\\\/\\\/antderground.com\\\/ca\\\/\"},{\"@type\":\"ListItem\",\"position\":2,\"name\":\"Productes\",\"item\":\"https:\\\/\\\/antderground.com\\\/ca\\\/productes\\\/\"},{\"@type\":\"ListItem\",\"position\":3,\"name\":\"Matucana madisoniorum\"}]},{\"@type\":\"WebSite\",\"@id\":\"https:\\\/\\\/antderground.com\\\/ca\\\/#website\",\"url\":\"https:\\\/\\\/antderground.com\\\/ca\\\/\",\"name\":\"ANTDERGROUND\",\"description\":\"Tu tienda de hormigas, gran variedad de hormigueros acr\u00edlicos,madera,arena,3D y mas.. Pide tus hormigas gratis con tu pedido, somos expertos en hormigueros antifugas.\",\"publisher\":{\"@id\":\"https:\\\/\\\/antderground.com\\\/ca\\\/#\\\/schema\\\/person\\\/0e322c505e84fe72c65e2f6d08f96b81\"},\"alternateName\":\"Antderground\",\"potentialAction\":[{\"@type\":\"SearchAction\",\"target\":{\"@type\":\"EntryPoint\",\"urlTemplate\":\"https:\\\/\\\/antderground.com\\\/ca\\\/?s={search_term_string}\"},\"query-input\":{\"@type\":\"PropertyValueSpecification\",\"valueRequired\":true,\"valueName\":\"search_term_string\"}}],\"inLanguage\":\"ca\"},{\"@type\":[\"Person\",\"Organization\"],\"@id\":\"https:\\\/\\\/antderground.com\\\/ca\\\/#\\\/schema\\\/person\\\/0e322c505e84fe72c65e2f6d08f96b81\",\"name\":\"Eric de Antderground\",\"image\":{\"@type\":\"ImageObject\",\"inLanguage\":\"ca\",\"@id\":\"https:\\\/\\\/secure.gravatar.com\\\/avatar\\\/c49a1b9f79216d1498cb73c1e85cd47f4465dda35f2a94c03790d491bd4423c3?s=96&d=mm&r=g\",\"url\":\"https:\\\/\\\/secure.gravatar.com\\\/avatar\\\/c49a1b9f79216d1498cb73c1e85cd47f4465dda35f2a94c03790d491bd4423c3?s=96&d=mm&r=g\",\"contentUrl\":\"https:\\\/\\\/secure.gravatar.com\\\/avatar\\\/c49a1b9f79216d1498cb73c1e85cd47f4465dda35f2a94c03790d491bd4423c3?s=96&d=mm&r=g\",\"caption\":\"Eric de Antderground\"},\"logo\":{\"@id\":\"https:\\\/\\\/secure.gravatar.com\\\/avatar\\\/c49a1b9f79216d1498cb73c1e85cd47f4465dda35f2a94c03790d491bd4423c3?s=96&d=mm&r=g\"},\"description\":\"Eric es el especialista y fundador de Antderground, con una amplia trayectoria en artr\u00f3podos y enfocado en la mirmecolog\u00eda y el dise\u00f1o de hormigueros artificiales. Su enfoque combina la innovaci\u00f3n t\u00e9cnica con el respeto por la biolog\u00eda de las hormigas, is\u00f3podos y otros, desarrollando sistemas de nidos modulares 3D y acr\u00edlicos que son referentes para aficionados y profesionales en toda Europa. Su objetivo es facilitar la cr\u00eda de hormigas y otros artr\u00f3podos mediante soluciones seguras y divulgaci\u00f3n de calidad.\",\"sameAs\":[\"https:\\\/\\\/antderground.com\\\/\",\"https:\\\/\\\/www.youtube.com\\\/channel\\\/UCio72z7TlbufkAthAJIJfPw\"]}]}<\/script>\n<!-- \/ Yoast SEO plugin. -->","yoast_head_json":{"title":"Matucana madisoniorum | Plantas perfectes per casa - ANTDERGROUND","description":"Matucana madisoniorum, cactus and\u00ed amb flors vermelles \ud83c\udf3a. F\u00e0cil de cuidar i perfecte per afegir un toc ex\u00f2tic a casa teva!","robots":{"index":"index","follow":"follow","max-snippet":"max-snippet:-1","max-image-preview":"max-image-preview:large","max-video-preview":"max-video-preview:-1"},"canonical":"https:\/\/antderground.com\/ca\/producte\/matucana-madisoniorum\/","og_locale":"ca_ES","og_type":"article","og_title":"Matucana madisoniorum | Plantas perfectes per casa - ANTDERGROUND","og_description":"Matucana madisoniorum, cactus and\u00ed amb flors vermelles \ud83c\udf3a. F\u00e0cil de cuidar i perfecte per afegir un toc ex\u00f2tic a casa teva!","og_url":"https:\/\/antderground.com\/ca\/producte\/matucana-madisoniorum\/","og_site_name":"ANTDERGROUND","og_image":[{"width":1600,"height":1600,"url":"https:\/\/antderground.com\/wp-content\/uploads\/2025\/04\/matucana-madisoniorum.jpeg","type":"image\/jpeg"}],"twitter_card":"summary_large_image","twitter_misc":{"Temps estimat de lectura":"1 minut"},"schema":{"@context":"https:\/\/schema.org","@graph":[{"@type":"WebPage","@id":"https:\/\/antderground.com\/ca\/producte\/matucana-madisoniorum\/","url":"https:\/\/antderground.com\/ca\/producte\/matucana-madisoniorum\/","name":"Matucana madisoniorum | Plantas perfectes per casa - ANTDERGROUND","isPartOf":{"@id":"https:\/\/antderground.com\/ca\/#website"},"primaryImageOfPage":{"@id":"https:\/\/antderground.com\/ca\/producte\/matucana-madisoniorum\/#primaryimage"},"image":{"@id":"https:\/\/antderground.com\/ca\/producte\/matucana-madisoniorum\/#primaryimage"},"thumbnailUrl":"https:\/\/antderground.com\/wp-content\/uploads\/2025\/04\/matucana-madisoniorum.jpeg","datePublished":"2025-04-07T14:40:55+00:00","description":"Matucana madisoniorum, cactus and\u00ed amb flors vermelles \ud83c\udf3a. F\u00e0cil de cuidar i perfecte per afegir un toc ex\u00f2tic a casa teva!","breadcrumb":{"@id":"https:\/\/antderground.com\/ca\/producte\/matucana-madisoniorum\/#breadcrumb"},"inLanguage":"ca","potentialAction":[{"@type":"ReadAction","target":["https:\/\/antderground.com\/ca\/producte\/matucana-madisoniorum\/"]}]},{"@type":"ImageObject","inLanguage":"ca","@id":"https:\/\/antderground.com\/ca\/producte\/matucana-madisoniorum\/#primaryimage","url":"https:\/\/antderground.com\/wp-content\/uploads\/2025\/04\/matucana-madisoniorum.jpeg","contentUrl":"https:\/\/antderground.com\/wp-content\/uploads\/2025\/04\/matucana-madisoniorum.jpeg","width":1600,"height":1600,"caption":"matucana madisoniorum"},{"@type":"BreadcrumbList","@id":"https:\/\/antderground.com\/ca\/producte\/matucana-madisoniorum\/#breadcrumb","itemListElement":[{"@type":"ListItem","position":1,"name":"Portada","item":"https:\/\/antderground.com\/ca\/"},{"@type":"ListItem","position":2,"name":"Productes","item":"https:\/\/antderground.com\/ca\/productes\/"},{"@type":"ListItem","position":3,"name":"Matucana madisoniorum"}]},{"@type":"WebSite","@id":"https:\/\/antderground.com\/ca\/#website","url":"https:\/\/antderground.com\/ca\/","name":"ANTDERGROUND","description":"Tu tienda de hormigas, gran variedad de hormigueros acr\u00edlicos,madera,arena,3D y mas.. Pide tus hormigas gratis con tu pedido, somos expertos en hormigueros antifugas.","publisher":{"@id":"https:\/\/antderground.com\/ca\/#\/schema\/person\/0e322c505e84fe72c65e2f6d08f96b81"},"alternateName":"Antderground","potentialAction":[{"@type":"SearchAction","target":{"@type":"EntryPoint","urlTemplate":"https:\/\/antderground.com\/ca\/?s={search_term_string}"},"query-input":{"@type":"PropertyValueSpecification","valueRequired":true,"valueName":"search_term_string"}}],"inLanguage":"ca"},{"@type":["Person","Organization"],"@id":"https:\/\/antderground.com\/ca\/#\/schema\/person\/0e322c505e84fe72c65e2f6d08f96b81","name":"Eric de Antderground","image":{"@type":"ImageObject","inLanguage":"ca","@id":"https:\/\/secure.gravatar.com\/avatar\/c49a1b9f79216d1498cb73c1e85cd47f4465dda35f2a94c03790d491bd4423c3?s=96&d=mm&r=g","url":"https:\/\/secure.gravatar.com\/avatar\/c49a1b9f79216d1498cb73c1e85cd47f4465dda35f2a94c03790d491bd4423c3?s=96&d=mm&r=g","contentUrl":"https:\/\/secure.gravatar.com\/avatar\/c49a1b9f79216d1498cb73c1e85cd47f4465dda35f2a94c03790d491bd4423c3?s=96&d=mm&r=g","caption":"Eric de Antderground"},"logo":{"@id":"https:\/\/secure.gravatar.com\/avatar\/c49a1b9f79216d1498cb73c1e85cd47f4465dda35f2a94c03790d491bd4423c3?s=96&d=mm&r=g"},"description":"Eric es el especialista y fundador de Antderground, con una amplia trayectoria en artr\u00f3podos y enfocado en la mirmecolog\u00eda y el dise\u00f1o de hormigueros artificiales. Su enfoque combina la innovaci\u00f3n t\u00e9cnica con el respeto por la biolog\u00eda de las hormigas, is\u00f3podos y otros, desarrollando sistemas de nidos modulares 3D y acr\u00edlicos que son referentes para aficionados y profesionales en toda Europa. Su objetivo es facilitar la cr\u00eda de hormigas y otros artr\u00f3podos mediante soluciones seguras y divulgaci\u00f3n de calidad.","sameAs":["https:\/\/antderground.com\/","https:\/\/www.youtube.com\/channel\/UCio72z7TlbufkAthAJIJfPw"]}]}},"_links":{"self":[{"href":"https:\/\/antderground.com\/ca\/wp-json\/wp\/v2\/product\/41673","targetHints":{"allow":["GET"]}}],"collection":[{"href":"https:\/\/antderground.com\/ca\/wp-json\/wp\/v2\/product"}],"about":[{"href":"https:\/\/antderground.com\/ca\/wp-json\/wp\/v2\/types\/product"}],"version-history":[{"count":0,"href":"https:\/\/antderground.com\/ca\/wp-json\/wp\/v2\/product\/41673\/revisions"}],"wp:featuredmedia":[{"embeddable":true,"href":"https:\/\/antderground.com\/ca\/wp-json\/wp\/v2\/media\/41654"}],"wp:attachment":[{"href":"https:\/\/antderground.com\/ca\/wp-json\/wp\/v2\/media?parent=41673"}],"wp:term":[{"taxonomy":"product_brand","embeddable":true,"href":"https:\/\/antderground.com\/ca\/wp-json\/wp\/v2\/product_brand?post=41673"},{"taxonomy":"product_cat","embeddable":true,"href":"https:\/\/antderground.com\/ca\/wp-json\/wp\/v2\/product_cat?post=41673"},{"taxonomy":"product_tag","embeddable":true,"href":"https:\/\/antderground.com\/ca\/wp-json\/wp\/v2\/product_tag?post=41673"}],"curies":[{"name":"wp","href":"https:\/\/api.w.org\/{rel}","templated":true}]}}