{"id":41682,"date":"2025-04-07T13:25:55","date_gmt":"2025-04-07T11:25:55","guid":{"rendered":"https:\/\/www.antderground.com\/producto\/echeveria-setosa\/"},"modified":"2025-04-07T13:25:55","modified_gmt":"2025-04-07T11:25:55","slug":"echeveria-setosa","status":"publish","type":"product","link":"https:\/\/antderground.com\/ca\/producte\/echeveria-setosa\/","title":{"rendered":"Echeveria setosa"},"content":{"rendered":"<h3 class=\"\" data-start=\"1804\" data-end=\"1844\"><strong data-start=\"1808\" data-end=\"1844\">Fitxa t\u00e8cnica \u2013 Echeveria setosa<\/strong><\/h3>\n<p class=\"\" data-start=\"1846\" data-end=\"1944\"><strong data-start=\"1846\" data-end=\"1858\">Nom com\u00fa<\/strong>: Echeveria setosa<br data-start=\"1876\" data-end=\"1879\" \/><strong data-start=\"1879\" data-end=\"1896\">Nom cient\u00edfic<\/strong>: <em data-start=\"1898\" data-end=\"1916\">Echeveria setosa<\/em><br data-start=\"1916\" data-end=\"1919\" \/><strong data-start=\"1919\" data-end=\"1930\">Fam\u00edlia<\/strong>: Crassulaceae<\/p>\n<h4 class=\"\" data-start=\"1946\" data-end=\"1971\"><strong data-start=\"1951\" data-end=\"1971\">Caracter\u00edstiques<\/strong><\/h4>\n<ul data-start=\"1972\" data-end=\"2348\">\n<li class=\"\" data-start=\"1972\" data-end=\"2014\">\n<p class=\"\" data-start=\"1974\" data-end=\"2014\"><strong data-start=\"1974\" data-end=\"1993\">Tipus de planta<\/strong>: Suculenta perenne<\/p>\n<\/li>\n<li class=\"\" data-start=\"2015\" data-end=\"2062\">\n<p class=\"\" data-start=\"2017\" data-end=\"2062\"><strong data-start=\"2017\" data-end=\"2025\">Mida<\/strong>: Pot arribar als 15\u201320 cm d\u2019altura<\/p>\n<\/li>\n<li class=\"\" data-start=\"2063\" data-end=\"2151\">\n<p class=\"\" data-start=\"2065\" data-end=\"2151\"><strong data-start=\"2065\" data-end=\"2074\">Forma<\/strong>: Roseta de fulles gruixudes i lanceolades, amb vores lleugerament dentades<\/p>\n<\/li>\n<li class=\"\" data-start=\"2152\" data-end=\"2285\">\n<p class=\"\" data-start=\"2154\" data-end=\"2285\"><strong data-start=\"2154\" data-end=\"2163\">Color<\/strong>: Fulles verd-gris amb puntes rosades, sovint cobertes per una capa fina de p\u00e8ls blancs que li donen un aspecte vellutat<\/p>\n<\/li>\n<li class=\"\" data-start=\"2286\" data-end=\"2348\">\n<p class=\"\" data-start=\"2288\" data-end=\"2348\"><strong data-start=\"2288\" data-end=\"2297\">Flors<\/strong>: Flors petites de color taronja o vermell en ra\u00efms<\/p>\n<\/li>\n<\/ul>\n<h4 class=\"\" data-start=\"2350\" data-end=\"2364\"><strong data-start=\"2355\" data-end=\"2364\">Cures<\/strong><\/h4>\n<ul data-start=\"2365\" data-end=\"2830\">\n<li class=\"\" data-start=\"2365\" data-end=\"2465\">\n<p class=\"\" data-start=\"2367\" data-end=\"2465\"><strong data-start=\"2367\" data-end=\"2375\">Llum<\/strong>: Necessita molta llum, millor si \u00e9s directa. Tamb\u00e9 pot viure amb llum indirecta intensa<\/p>\n<\/li>\n<li class=\"\" data-start=\"2466\" data-end=\"2541\">\n<p class=\"\" data-start=\"2468\" data-end=\"2541\"><strong data-start=\"2468\" data-end=\"2483\">Temperatura<\/strong>: Ideal entre 18\u201325 \u00b0C. No tolera el fred ni les gelades<\/p>\n<\/li>\n<li class=\"\" data-start=\"2542\" data-end=\"2614\">\n<p class=\"\" data-start=\"2544\" data-end=\"2614\"><strong data-start=\"2544\" data-end=\"2551\">Reg<\/strong>: Moderat. Deixar assecar completament el substrat entre regs<\/p>\n<\/li>\n<li class=\"\" data-start=\"2615\" data-end=\"2701\">\n<p class=\"\" data-start=\"2617\" data-end=\"2701\"><strong data-start=\"2617\" data-end=\"2629\">Substrat<\/strong>: Ben drenat, amb mescla per a cactus o suculentes i una mica de sorra<\/p>\n<\/li>\n<li class=\"\" data-start=\"2702\" data-end=\"2778\">\n<p class=\"\" data-start=\"2704\" data-end=\"2778\"><strong data-start=\"2704\" data-end=\"2712\">Adob<\/strong>: Un cop al mes a la primavera i estiu amb adob per a suculentes<\/p>\n<\/li>\n<li class=\"\" data-start=\"2779\" data-end=\"2830\">\n<p class=\"\" data-start=\"2781\" data-end=\"2830\"><strong data-start=\"2781\" data-end=\"2799\">Rep\u00f2s hivernal<\/strong>: Reduir el reg durant l\u2019hivern<\/p>\n<\/li>\n<\/ul>\n<h4 class=\"\" data-start=\"2832\" data-end=\"2850\"><strong data-start=\"2837\" data-end=\"2850\">Beneficis<\/strong><\/h4>\n<ul data-start=\"2851\" data-end=\"2986\">\n<li class=\"\" data-start=\"2851\" data-end=\"2933\">\n<p class=\"\" data-start=\"2853\" data-end=\"2933\"><strong data-start=\"2853\" data-end=\"2866\">Decoraci\u00f3<\/strong>: Ideal per a interiors lluminosos, terrasses o jardins de roques<\/p>\n<\/li>\n<li class=\"\" data-start=\"2934\" data-end=\"2986\">\n<p class=\"\" data-start=\"2936\" data-end=\"2986\"><strong data-start=\"2936\" data-end=\"2957\">F\u00e0cil manteniment<\/strong>: Perfecta per a principiants<\/p>\n<\/li>\n<\/ul>\n<h4 class=\"\" data-start=\"2988\" data-end=\"3003\"><strong data-start=\"2993\" data-end=\"3003\">Altres<\/strong><\/h4>\n<ul data-start=\"3004\" data-end=\"3140\">\n<li class=\"\" data-start=\"3004\" data-end=\"3089\">\n<p class=\"\" data-start=\"3006\" data-end=\"3089\"><strong data-start=\"3006\" data-end=\"3019\">Toxicitat<\/strong>: No t\u00f2xica per a mascotes, tot i que no es recomana la seva ingesta<\/p>\n<\/li>\n<li class=\"\" data-start=\"3090\" data-end=\"3140\">\n<p class=\"\" data-start=\"3092\" data-end=\"3140\"><strong data-start=\"3092\" data-end=\"3106\">Propagaci\u00f3<\/strong>: Per esqueixos de fulla f\u00e0cilment<\/p>\n<\/li>\n<\/ul>\n","protected":false},"excerpt":{"rendered":"<p class=\"\" data-start=\"3184\" data-end=\"3363\">Afegeix un toc natural a casa teva amb l\u2019<strong data-start=\"3225\" data-end=\"3245\">Echeveria setosa<\/strong>! \ud83c\udf35 Fulles vellutades, tons suaus i cura senzilla fan d\u2019aquesta suculenta una opci\u00f3 ideal per a espais lluminosos. \ud83c\udf3f<\/p>\n<p><strong>Caracter\u00edstiques<\/strong>:<\/p>\n<ul>\n<li>Test: 5,5 cm<\/li>\n<li>\u00a0Interior<\/li>\n<\/ul>\n","protected":false},"featured_media":41641,"template":"","meta":[],"product_brand":[],"product_cat":[636],"product_tag":[],"class_list":{"0":"post-41682","1":"product","2":"type-product","3":"status-publish","4":"has-post-thumbnail","6":"product_cat-plantes-naturals","8":"first","9":"outofstock","10":"shipping-taxable","11":"purchasable","12":"product-type-simple"},"yoast_head":"<!-- This site is optimized with the Yoast SEO plugin v27.4 - https:\/\/yoast.com\/product\/yoast-seo-wordpress\/ -->\n<title>Echeveria setosa | Plantes suculentes - ANTDERGROUND<\/title>\n<meta name=\"description\" content=\"Descobreix l\u2019Echeveria setosa \ud83c\udf35, una suculenta decorativa i f\u00e0cil de cuidar. Ideal per a interiors lluminosos i plens de vida. \ud83c\udf3f\" \/>\n<meta name=\"robots\" content=\"index, follow, max-snippet:-1, max-image-preview:large, max-video-preview:-1\" \/>\n<link rel=\"canonical\" href=\"https:\/\/antderground.com\/ca\/producte\/echeveria-setosa\/\" \/>\n<meta property=\"og:locale\" content=\"ca_ES\" \/>\n<meta property=\"og:type\" content=\"article\" \/>\n<meta property=\"og:title\" content=\"Echeveria setosa | Plantes suculentes - ANTDERGROUND\" \/>\n<meta property=\"og:description\" content=\"Descobreix l\u2019Echeveria setosa \ud83c\udf35, una suculenta decorativa i f\u00e0cil de cuidar. Ideal per a interiors lluminosos i plens de vida. \ud83c\udf3f\" \/>\n<meta property=\"og:url\" content=\"https:\/\/antderground.com\/ca\/producte\/echeveria-setosa\/\" \/>\n<meta property=\"og:site_name\" content=\"ANTDERGROUND\" \/>\n<meta property=\"og:image\" content=\"https:\/\/antderground.com\/wp-content\/uploads\/2025\/04\/Echeveria-setosa.jpeg\" \/>\n\t<meta property=\"og:image:width\" content=\"1600\" \/>\n\t<meta property=\"og:image:height\" content=\"1600\" \/>\n\t<meta property=\"og:image:type\" content=\"image\/jpeg\" \/>\n<meta name=\"twitter:card\" content=\"summary_large_image\" \/>\n<meta name=\"twitter:label1\" content=\"Temps estimat de lectura\" \/>\n\t<meta name=\"twitter:data1\" content=\"1 minut\" \/>\n<script type=\"application\/ld+json\" class=\"yoast-schema-graph\">{\"@context\":\"https:\\\/\\\/schema.org\",\"@graph\":[{\"@type\":\"WebPage\",\"@id\":\"https:\\\/\\\/antderground.com\\\/ca\\\/producte\\\/echeveria-setosa\\\/\",\"url\":\"https:\\\/\\\/antderground.com\\\/ca\\\/producte\\\/echeveria-setosa\\\/\",\"name\":\"Echeveria setosa | Plantes suculentes - ANTDERGROUND\",\"isPartOf\":{\"@id\":\"https:\\\/\\\/antderground.com\\\/ca\\\/#website\"},\"primaryImageOfPage\":{\"@id\":\"https:\\\/\\\/antderground.com\\\/ca\\\/producte\\\/echeveria-setosa\\\/#primaryimage\"},\"image\":{\"@id\":\"https:\\\/\\\/antderground.com\\\/ca\\\/producte\\\/echeveria-setosa\\\/#primaryimage\"},\"thumbnailUrl\":\"https:\\\/\\\/antderground.com\\\/wp-content\\\/uploads\\\/2025\\\/04\\\/Echeveria-setosa.jpeg\",\"datePublished\":\"2025-04-07T11:25:55+00:00\",\"description\":\"Descobreix l\u2019Echeveria setosa \ud83c\udf35, una suculenta decorativa i f\u00e0cil de cuidar. Ideal per a interiors lluminosos i plens de vida. \ud83c\udf3f\",\"breadcrumb\":{\"@id\":\"https:\\\/\\\/antderground.com\\\/ca\\\/producte\\\/echeveria-setosa\\\/#breadcrumb\"},\"inLanguage\":\"ca\",\"potentialAction\":[{\"@type\":\"ReadAction\",\"target\":[\"https:\\\/\\\/antderground.com\\\/ca\\\/producte\\\/echeveria-setosa\\\/\"]}]},{\"@type\":\"ImageObject\",\"inLanguage\":\"ca\",\"@id\":\"https:\\\/\\\/antderground.com\\\/ca\\\/producte\\\/echeveria-setosa\\\/#primaryimage\",\"url\":\"https:\\\/\\\/antderground.com\\\/wp-content\\\/uploads\\\/2025\\\/04\\\/Echeveria-setosa.jpeg\",\"contentUrl\":\"https:\\\/\\\/antderground.com\\\/wp-content\\\/uploads\\\/2025\\\/04\\\/Echeveria-setosa.jpeg\",\"width\":1600,\"height\":1600,\"caption\":\"Echeveria setosa\"},{\"@type\":\"BreadcrumbList\",\"@id\":\"https:\\\/\\\/antderground.com\\\/ca\\\/producte\\\/echeveria-setosa\\\/#breadcrumb\",\"itemListElement\":[{\"@type\":\"ListItem\",\"position\":1,\"name\":\"Portada\",\"item\":\"https:\\\/\\\/antderground.com\\\/ca\\\/\"},{\"@type\":\"ListItem\",\"position\":2,\"name\":\"Productes\",\"item\":\"https:\\\/\\\/antderground.com\\\/ca\\\/productes\\\/\"},{\"@type\":\"ListItem\",\"position\":3,\"name\":\"Echeveria setosa\"}]},{\"@type\":\"WebSite\",\"@id\":\"https:\\\/\\\/antderground.com\\\/ca\\\/#website\",\"url\":\"https:\\\/\\\/antderground.com\\\/ca\\\/\",\"name\":\"ANTDERGROUND\",\"description\":\"Tu tienda de hormigas, gran variedad de hormigueros acr\u00edlicos,madera,arena,3D y mas.. Pide tus hormigas gratis con tu pedido, somos expertos en hormigueros antifugas.\",\"publisher\":{\"@id\":\"https:\\\/\\\/antderground.com\\\/ca\\\/#\\\/schema\\\/person\\\/0e322c505e84fe72c65e2f6d08f96b81\"},\"alternateName\":\"Antderground\",\"potentialAction\":[{\"@type\":\"SearchAction\",\"target\":{\"@type\":\"EntryPoint\",\"urlTemplate\":\"https:\\\/\\\/antderground.com\\\/ca\\\/?s={search_term_string}\"},\"query-input\":{\"@type\":\"PropertyValueSpecification\",\"valueRequired\":true,\"valueName\":\"search_term_string\"}}],\"inLanguage\":\"ca\"},{\"@type\":[\"Person\",\"Organization\"],\"@id\":\"https:\\\/\\\/antderground.com\\\/ca\\\/#\\\/schema\\\/person\\\/0e322c505e84fe72c65e2f6d08f96b81\",\"name\":\"Eric de Antderground\",\"image\":{\"@type\":\"ImageObject\",\"inLanguage\":\"ca\",\"@id\":\"https:\\\/\\\/secure.gravatar.com\\\/avatar\\\/c49a1b9f79216d1498cb73c1e85cd47f4465dda35f2a94c03790d491bd4423c3?s=96&d=mm&r=g\",\"url\":\"https:\\\/\\\/secure.gravatar.com\\\/avatar\\\/c49a1b9f79216d1498cb73c1e85cd47f4465dda35f2a94c03790d491bd4423c3?s=96&d=mm&r=g\",\"contentUrl\":\"https:\\\/\\\/secure.gravatar.com\\\/avatar\\\/c49a1b9f79216d1498cb73c1e85cd47f4465dda35f2a94c03790d491bd4423c3?s=96&d=mm&r=g\",\"caption\":\"Eric de Antderground\"},\"logo\":{\"@id\":\"https:\\\/\\\/secure.gravatar.com\\\/avatar\\\/c49a1b9f79216d1498cb73c1e85cd47f4465dda35f2a94c03790d491bd4423c3?s=96&d=mm&r=g\"},\"description\":\"Eric es el especialista y fundador de Antderground, con una amplia trayectoria en artr\u00f3podos y enfocado en la mirmecolog\u00eda y el dise\u00f1o de hormigueros artificiales. Su enfoque combina la innovaci\u00f3n t\u00e9cnica con el respeto por la biolog\u00eda de las hormigas, is\u00f3podos y otros, desarrollando sistemas de nidos modulares 3D y acr\u00edlicos que son referentes para aficionados y profesionales en toda Europa. Su objetivo es facilitar la cr\u00eda de hormigas y otros artr\u00f3podos mediante soluciones seguras y divulgaci\u00f3n de calidad.\",\"sameAs\":[\"https:\\\/\\\/antderground.com\\\/\",\"https:\\\/\\\/www.youtube.com\\\/channel\\\/UCio72z7TlbufkAthAJIJfPw\"]}]}<\/script>\n<!-- \/ Yoast SEO plugin. -->","yoast_head_json":{"title":"Echeveria setosa | Plantes suculentes - ANTDERGROUND","description":"Descobreix l\u2019Echeveria setosa \ud83c\udf35, una suculenta decorativa i f\u00e0cil de cuidar. Ideal per a interiors lluminosos i plens de vida. \ud83c\udf3f","robots":{"index":"index","follow":"follow","max-snippet":"max-snippet:-1","max-image-preview":"max-image-preview:large","max-video-preview":"max-video-preview:-1"},"canonical":"https:\/\/antderground.com\/ca\/producte\/echeveria-setosa\/","og_locale":"ca_ES","og_type":"article","og_title":"Echeveria setosa | Plantes suculentes - ANTDERGROUND","og_description":"Descobreix l\u2019Echeveria setosa \ud83c\udf35, una suculenta decorativa i f\u00e0cil de cuidar. Ideal per a interiors lluminosos i plens de vida. \ud83c\udf3f","og_url":"https:\/\/antderground.com\/ca\/producte\/echeveria-setosa\/","og_site_name":"ANTDERGROUND","og_image":[{"width":1600,"height":1600,"url":"https:\/\/antderground.com\/wp-content\/uploads\/2025\/04\/Echeveria-setosa.jpeg","type":"image\/jpeg"}],"twitter_card":"summary_large_image","twitter_misc":{"Temps estimat de lectura":"1 minut"},"schema":{"@context":"https:\/\/schema.org","@graph":[{"@type":"WebPage","@id":"https:\/\/antderground.com\/ca\/producte\/echeveria-setosa\/","url":"https:\/\/antderground.com\/ca\/producte\/echeveria-setosa\/","name":"Echeveria setosa | Plantes suculentes - ANTDERGROUND","isPartOf":{"@id":"https:\/\/antderground.com\/ca\/#website"},"primaryImageOfPage":{"@id":"https:\/\/antderground.com\/ca\/producte\/echeveria-setosa\/#primaryimage"},"image":{"@id":"https:\/\/antderground.com\/ca\/producte\/echeveria-setosa\/#primaryimage"},"thumbnailUrl":"https:\/\/antderground.com\/wp-content\/uploads\/2025\/04\/Echeveria-setosa.jpeg","datePublished":"2025-04-07T11:25:55+00:00","description":"Descobreix l\u2019Echeveria setosa \ud83c\udf35, una suculenta decorativa i f\u00e0cil de cuidar. Ideal per a interiors lluminosos i plens de vida. \ud83c\udf3f","breadcrumb":{"@id":"https:\/\/antderground.com\/ca\/producte\/echeveria-setosa\/#breadcrumb"},"inLanguage":"ca","potentialAction":[{"@type":"ReadAction","target":["https:\/\/antderground.com\/ca\/producte\/echeveria-setosa\/"]}]},{"@type":"ImageObject","inLanguage":"ca","@id":"https:\/\/antderground.com\/ca\/producte\/echeveria-setosa\/#primaryimage","url":"https:\/\/antderground.com\/wp-content\/uploads\/2025\/04\/Echeveria-setosa.jpeg","contentUrl":"https:\/\/antderground.com\/wp-content\/uploads\/2025\/04\/Echeveria-setosa.jpeg","width":1600,"height":1600,"caption":"Echeveria setosa"},{"@type":"BreadcrumbList","@id":"https:\/\/antderground.com\/ca\/producte\/echeveria-setosa\/#breadcrumb","itemListElement":[{"@type":"ListItem","position":1,"name":"Portada","item":"https:\/\/antderground.com\/ca\/"},{"@type":"ListItem","position":2,"name":"Productes","item":"https:\/\/antderground.com\/ca\/productes\/"},{"@type":"ListItem","position":3,"name":"Echeveria setosa"}]},{"@type":"WebSite","@id":"https:\/\/antderground.com\/ca\/#website","url":"https:\/\/antderground.com\/ca\/","name":"ANTDERGROUND","description":"Tu tienda de hormigas, gran variedad de hormigueros acr\u00edlicos,madera,arena,3D y mas.. Pide tus hormigas gratis con tu pedido, somos expertos en hormigueros antifugas.","publisher":{"@id":"https:\/\/antderground.com\/ca\/#\/schema\/person\/0e322c505e84fe72c65e2f6d08f96b81"},"alternateName":"Antderground","potentialAction":[{"@type":"SearchAction","target":{"@type":"EntryPoint","urlTemplate":"https:\/\/antderground.com\/ca\/?s={search_term_string}"},"query-input":{"@type":"PropertyValueSpecification","valueRequired":true,"valueName":"search_term_string"}}],"inLanguage":"ca"},{"@type":["Person","Organization"],"@id":"https:\/\/antderground.com\/ca\/#\/schema\/person\/0e322c505e84fe72c65e2f6d08f96b81","name":"Eric de Antderground","image":{"@type":"ImageObject","inLanguage":"ca","@id":"https:\/\/secure.gravatar.com\/avatar\/c49a1b9f79216d1498cb73c1e85cd47f4465dda35f2a94c03790d491bd4423c3?s=96&d=mm&r=g","url":"https:\/\/secure.gravatar.com\/avatar\/c49a1b9f79216d1498cb73c1e85cd47f4465dda35f2a94c03790d491bd4423c3?s=96&d=mm&r=g","contentUrl":"https:\/\/secure.gravatar.com\/avatar\/c49a1b9f79216d1498cb73c1e85cd47f4465dda35f2a94c03790d491bd4423c3?s=96&d=mm&r=g","caption":"Eric de Antderground"},"logo":{"@id":"https:\/\/secure.gravatar.com\/avatar\/c49a1b9f79216d1498cb73c1e85cd47f4465dda35f2a94c03790d491bd4423c3?s=96&d=mm&r=g"},"description":"Eric es el especialista y fundador de Antderground, con una amplia trayectoria en artr\u00f3podos y enfocado en la mirmecolog\u00eda y el dise\u00f1o de hormigueros artificiales. Su enfoque combina la innovaci\u00f3n t\u00e9cnica con el respeto por la biolog\u00eda de las hormigas, is\u00f3podos y otros, desarrollando sistemas de nidos modulares 3D y acr\u00edlicos que son referentes para aficionados y profesionales en toda Europa. Su objetivo es facilitar la cr\u00eda de hormigas y otros artr\u00f3podos mediante soluciones seguras y divulgaci\u00f3n de calidad.","sameAs":["https:\/\/antderground.com\/","https:\/\/www.youtube.com\/channel\/UCio72z7TlbufkAthAJIJfPw"]}]}},"_links":{"self":[{"href":"https:\/\/antderground.com\/ca\/wp-json\/wp\/v2\/product\/41682","targetHints":{"allow":["GET"]}}],"collection":[{"href":"https:\/\/antderground.com\/ca\/wp-json\/wp\/v2\/product"}],"about":[{"href":"https:\/\/antderground.com\/ca\/wp-json\/wp\/v2\/types\/product"}],"version-history":[{"count":0,"href":"https:\/\/antderground.com\/ca\/wp-json\/wp\/v2\/product\/41682\/revisions"}],"wp:featuredmedia":[{"embeddable":true,"href":"https:\/\/antderground.com\/ca\/wp-json\/wp\/v2\/media\/41641"}],"wp:attachment":[{"href":"https:\/\/antderground.com\/ca\/wp-json\/wp\/v2\/media?parent=41682"}],"wp:term":[{"taxonomy":"product_brand","embeddable":true,"href":"https:\/\/antderground.com\/ca\/wp-json\/wp\/v2\/product_brand?post=41682"},{"taxonomy":"product_cat","embeddable":true,"href":"https:\/\/antderground.com\/ca\/wp-json\/wp\/v2\/product_cat?post=41682"},{"taxonomy":"product_tag","embeddable":true,"href":"https:\/\/antderground.com\/ca\/wp-json\/wp\/v2\/product_tag?post=41682"}],"curies":[{"name":"wp","href":"https:\/\/api.w.org\/{rel}","templated":true}]}}