{"id":41730,"date":"2025-04-07T10:49:56","date_gmt":"2025-04-07T08:49:56","guid":{"rendered":"https:\/\/www.antderground.com\/producto\/echeveria-purpusorum\/"},"modified":"2025-04-07T10:49:56","modified_gmt":"2025-04-07T08:49:56","slug":"echeveria-purpusorum","status":"publish","type":"product","link":"https:\/\/antderground.com\/ca\/producte\/echeveria-purpusorum\/","title":{"rendered":"Echeveria purpusorum"},"content":{"rendered":"<h3 class=\"\" data-start=\"1793\" data-end=\"1838\">\ud83c\udf3f Fitxa T\u00e8cnica \u2013 <em data-start=\"1816\" data-end=\"1838\">Echeveria purpusorum<\/em><\/h3>\n<p class=\"\" data-start=\"1840\" data-end=\"1982\"><strong data-start=\"1840\" data-end=\"1853\">Nom com\u00fa:<\/strong> Echeveria<br data-start=\"1863\" data-end=\"1866\" \/><strong data-start=\"1866\" data-end=\"1884\">Nom cient\u00edfic:<\/strong> <em data-start=\"1885\" data-end=\"1907\">Echeveria purpusorum<\/em><br data-start=\"1907\" data-end=\"1910\" \/><strong data-start=\"1910\" data-end=\"1922\">Fam\u00edlia:<\/strong> Crassulaceae<br data-start=\"1935\" data-end=\"1938\" \/><strong data-start=\"1938\" data-end=\"1949\">Origen:<\/strong> M\u00e8xic (sobretot Oaxaca i Puebla)<\/p>\n<h3 class=\"\" data-start=\"1989\" data-end=\"2002\">\ud83d\udccf Mida<\/h3>\n<ul data-start=\"2003\" data-end=\"2084\">\n<li class=\"\" data-start=\"2003\" data-end=\"2031\">\n<p class=\"\" data-start=\"2005\" data-end=\"2031\"><strong data-start=\"2005\" data-end=\"2016\">Al\u00e7ada:<\/strong> Fins a 15 cm<\/p>\n<\/li>\n<li class=\"\" data-start=\"2032\" data-end=\"2062\">\n<p class=\"\" data-start=\"2034\" data-end=\"2062\"><strong data-start=\"2034\" data-end=\"2047\">Di\u00e0metre:<\/strong> Fins a 15 cm<\/p>\n<\/li>\n<li class=\"\" data-start=\"2063\" data-end=\"2084\">\n<p class=\"\" data-start=\"2065\" data-end=\"2084\"><strong data-start=\"2065\" data-end=\"2079\">Creciment:<\/strong> Lent<\/p>\n<\/li>\n<\/ul>\n<h3 class=\"\" data-start=\"2091\" data-end=\"2104\">\ud83c\udf1e Llum<\/h3>\n<ul data-start=\"2105\" data-end=\"2243\">\n<li class=\"\" data-start=\"2105\" data-end=\"2149\">\n<p class=\"\" data-start=\"2107\" data-end=\"2149\">Necessita <strong data-start=\"2117\" data-end=\"2146\">llum brillant i indirecta<\/strong>.<\/p>\n<\/li>\n<li class=\"\" data-start=\"2150\" data-end=\"2243\">\n<p class=\"\" data-start=\"2152\" data-end=\"2243\">Pot tolerar sol directe suau, per\u00f2 cal evitar el sol fort del migdia si no est\u00e0 aclimatada.<\/p>\n<\/li>\n<\/ul>\n<h3 class=\"\" data-start=\"2250\" data-end=\"2271\">\ud83c\udf21\ufe0f Temperatura<\/h3>\n<ul data-start=\"2272\" data-end=\"2366\">\n<li class=\"\" data-start=\"2272\" data-end=\"2305\">\n<p class=\"\" data-start=\"2274\" data-end=\"2305\">Rang ideal: <strong data-start=\"2286\" data-end=\"2303\">15\u202f\u00b0C a 27\u202f\u00b0C<\/strong><\/p>\n<\/li>\n<li class=\"\" data-start=\"2306\" data-end=\"2345\">\n<p class=\"\" data-start=\"2308\" data-end=\"2345\">No tolera les gelades (m\u00ednim 5\u202f\u00b0C).<\/p>\n<\/li>\n<li class=\"\" data-start=\"2346\" data-end=\"2366\">\n<p class=\"\" data-start=\"2348\" data-end=\"2366\">Protegir del fred.<\/p>\n<\/li>\n<\/ul>\n<h3 class=\"\" data-start=\"2373\" data-end=\"2385\">\ud83d\udca7 Reg<\/h3>\n<ul data-start=\"2386\" data-end=\"2548\">\n<li class=\"\" data-start=\"2386\" data-end=\"2458\">\n<p class=\"\" data-start=\"2388\" data-end=\"2458\"><strong data-start=\"2388\" data-end=\"2403\">Reg moderat<\/strong>: deixar assecar completament el substrat entre regs.<\/p>\n<\/li>\n<li class=\"\" data-start=\"2459\" data-end=\"2496\">\n<p class=\"\" data-start=\"2461\" data-end=\"2496\">A l\u2019hivern, reduir molt els regs.<\/p>\n<\/li>\n<li class=\"\" data-start=\"2497\" data-end=\"2548\">\n<p class=\"\" data-start=\"2499\" data-end=\"2548\">Evitar l\u2019exc\u00e9s d\u2019aigua per prevenir la podridura.<\/p>\n<\/li>\n<\/ul>\n<h3 class=\"\" data-start=\"2555\" data-end=\"2572\">\ud83e\udeb4 Substrat<\/h3>\n<ul data-start=\"2573\" data-end=\"2721\">\n<li class=\"\" data-start=\"2573\" data-end=\"2637\">\n<p class=\"\" data-start=\"2575\" data-end=\"2637\">Ben drenat, ideal un <strong data-start=\"2596\" data-end=\"2634\">substrat per a cactus i suculentes<\/strong>.<\/p>\n<\/li>\n<li class=\"\" data-start=\"2638\" data-end=\"2721\">\n<p class=\"\" data-start=\"2640\" data-end=\"2721\">Barreja recomanada: terra universal + perlita o pedra volc\u00e0nica + sorra gruixuda.<\/p>\n<\/li>\n<\/ul>\n<h3 class=\"\" data-start=\"2728\" data-end=\"2748\">\ud83c\udf31 Reproducci\u00f3<\/h3>\n<ul data-start=\"2749\" data-end=\"2861\">\n<li class=\"\" data-start=\"2749\" data-end=\"2812\">\n<p class=\"\" data-start=\"2751\" data-end=\"2812\">Sobretot per <strong data-start=\"2764\" data-end=\"2773\">fills<\/strong>, tamb\u00e9 per <strong data-start=\"2785\" data-end=\"2795\">fulles<\/strong> o <strong data-start=\"2798\" data-end=\"2809\">llavors<\/strong>.<\/p>\n<\/li>\n<li class=\"\" data-start=\"2813\" data-end=\"2861\">\n<p class=\"\" data-start=\"2815\" data-end=\"2861\">Separar els fills quan tinguin arrels pr\u00f2pies.<\/p>\n<\/li>\n<\/ul>\n<h3 class=\"\" data-start=\"2868\" data-end=\"2886\">\ud83d\udc3e No t\u00f2xica<\/h3>\n<ul data-start=\"2887\" data-end=\"2959\">\n<li class=\"\" data-start=\"2887\" data-end=\"2959\">\n<p class=\"\" data-start=\"2889\" data-end=\"2959\"><strong data-start=\"2889\" data-end=\"2905\">No \u00e9s t\u00f2xica<\/strong> per a mascotes, per\u00f2 no es recomana la seva ingesti\u00f3.<\/p>\n<\/li>\n<\/ul>\n<h3 class=\"\" data-start=\"2966\" data-end=\"2980\">\ud83d\udee0\ufe0f Usos<\/h3>\n<ul data-start=\"2981\" data-end=\"3106\">\n<li class=\"\" data-start=\"2981\" data-end=\"3037\">\n<p class=\"\" data-start=\"2983\" data-end=\"3037\">Ideal per a testos, terraris secs i jardins de roca.<\/p>\n<\/li>\n<li class=\"\" data-start=\"3038\" data-end=\"3106\">\n<p class=\"\" data-start=\"3040\" data-end=\"3106\">Molt apreciada per les seves fulles amb dibuixos i forma compacta.<\/p>\n<\/li>\n<\/ul>\n","protected":false},"excerpt":{"rendered":"<p class=\"\" data-start=\"3113\" data-end=\"3371\">L\u2019Echeveria purpusorum \u00e9s una suculenta petita i preciosa, amb fulles verd-rogencs i dibuixos \u00fanics. F\u00e0cil de cuidar \ud83c\udf35 Perfecta per decorar qualsevol rac\u00f3, tant si ets novell com si ets un fan de les suculentes.<\/p>\n<p><strong>Caracter\u00edstiques<\/strong>:<\/p>\n<ul>\n<li>Test: 5,5 cm<\/li>\n<li>\u00a0Interior<\/li>\n<\/ul>\n","protected":false},"featured_media":41593,"template":"","meta":[],"product_brand":[],"product_cat":[636],"product_tag":[],"class_list":{"0":"post-41730","1":"product","2":"type-product","3":"status-publish","4":"has-post-thumbnail","6":"product_cat-plantes-naturals","8":"first","9":"outofstock","10":"shipping-taxable","11":"purchasable","12":"product-type-simple"},"yoast_head":"<!-- This site is optimized with the Yoast SEO plugin v27.3 - https:\/\/yoast.com\/product\/yoast-seo-wordpress\/ -->\n<title>Echeveria purpusorum | Plantes perfectes per la llar - ANTDERGROUND<\/title>\n<meta name=\"description\" content=\"Echeveria purpusorum \ud83c\udf35 suculenta compacta de tons verds i rogencs. F\u00e0cil de cuidar i ideal per decorar qualsevol espai.\" \/>\n<meta name=\"robots\" content=\"index, follow, max-snippet:-1, max-image-preview:large, max-video-preview:-1\" \/>\n<link rel=\"canonical\" href=\"https:\/\/antderground.com\/ca\/producte\/echeveria-purpusorum\/\" \/>\n<meta property=\"og:locale\" content=\"ca_ES\" \/>\n<meta property=\"og:type\" content=\"article\" \/>\n<meta property=\"og:title\" content=\"Echeveria purpusorum | Plantes perfectes per la llar - ANTDERGROUND\" \/>\n<meta property=\"og:description\" content=\"Echeveria purpusorum \ud83c\udf35 suculenta compacta de tons verds i rogencs. F\u00e0cil de cuidar i ideal per decorar qualsevol espai.\" \/>\n<meta property=\"og:url\" content=\"https:\/\/antderground.com\/ca\/producte\/echeveria-purpusorum\/\" \/>\n<meta property=\"og:site_name\" content=\"ANTDERGROUND\" \/>\n<meta property=\"og:image\" content=\"https:\/\/antderground.com\/wp-content\/uploads\/2025\/04\/Echeveria-purpusorum.jpeg\" \/>\n\t<meta property=\"og:image:width\" content=\"1600\" \/>\n\t<meta property=\"og:image:height\" content=\"1600\" \/>\n\t<meta property=\"og:image:type\" content=\"image\/jpeg\" \/>\n<meta name=\"twitter:card\" content=\"summary_large_image\" \/>\n<meta name=\"twitter:label1\" content=\"Temps estimat de lectura\" \/>\n\t<meta name=\"twitter:data1\" content=\"1 minut\" \/>\n<script type=\"application\/ld+json\" class=\"yoast-schema-graph\">{\"@context\":\"https:\\\/\\\/schema.org\",\"@graph\":[{\"@type\":\"WebPage\",\"@id\":\"https:\\\/\\\/antderground.com\\\/ca\\\/producte\\\/echeveria-purpusorum\\\/\",\"url\":\"https:\\\/\\\/antderground.com\\\/ca\\\/producte\\\/echeveria-purpusorum\\\/\",\"name\":\"Echeveria purpusorum | Plantes perfectes per la llar - ANTDERGROUND\",\"isPartOf\":{\"@id\":\"https:\\\/\\\/antderground.com\\\/ca\\\/#website\"},\"primaryImageOfPage\":{\"@id\":\"https:\\\/\\\/antderground.com\\\/ca\\\/producte\\\/echeveria-purpusorum\\\/#primaryimage\"},\"image\":{\"@id\":\"https:\\\/\\\/antderground.com\\\/ca\\\/producte\\\/echeveria-purpusorum\\\/#primaryimage\"},\"thumbnailUrl\":\"https:\\\/\\\/antderground.com\\\/wp-content\\\/uploads\\\/2025\\\/04\\\/Echeveria-purpusorum.jpeg\",\"datePublished\":\"2025-04-07T08:49:56+00:00\",\"description\":\"Echeveria purpusorum \ud83c\udf35 suculenta compacta de tons verds i rogencs. F\u00e0cil de cuidar i ideal per decorar qualsevol espai.\",\"breadcrumb\":{\"@id\":\"https:\\\/\\\/antderground.com\\\/ca\\\/producte\\\/echeveria-purpusorum\\\/#breadcrumb\"},\"inLanguage\":\"ca\",\"potentialAction\":[{\"@type\":\"ReadAction\",\"target\":[\"https:\\\/\\\/antderground.com\\\/ca\\\/producte\\\/echeveria-purpusorum\\\/\"]}]},{\"@type\":\"ImageObject\",\"inLanguage\":\"ca\",\"@id\":\"https:\\\/\\\/antderground.com\\\/ca\\\/producte\\\/echeveria-purpusorum\\\/#primaryimage\",\"url\":\"https:\\\/\\\/antderground.com\\\/wp-content\\\/uploads\\\/2025\\\/04\\\/Echeveria-purpusorum.jpeg\",\"contentUrl\":\"https:\\\/\\\/antderground.com\\\/wp-content\\\/uploads\\\/2025\\\/04\\\/Echeveria-purpusorum.jpeg\",\"width\":1600,\"height\":1600,\"caption\":\"Echeveria purpusorum\"},{\"@type\":\"BreadcrumbList\",\"@id\":\"https:\\\/\\\/antderground.com\\\/ca\\\/producte\\\/echeveria-purpusorum\\\/#breadcrumb\",\"itemListElement\":[{\"@type\":\"ListItem\",\"position\":1,\"name\":\"Portada\",\"item\":\"https:\\\/\\\/antderground.com\\\/ca\\\/\"},{\"@type\":\"ListItem\",\"position\":2,\"name\":\"Productes\",\"item\":\"https:\\\/\\\/antderground.com\\\/ca\\\/productes\\\/\"},{\"@type\":\"ListItem\",\"position\":3,\"name\":\"Echeveria purpusorum\"}]},{\"@type\":\"WebSite\",\"@id\":\"https:\\\/\\\/antderground.com\\\/ca\\\/#website\",\"url\":\"https:\\\/\\\/antderground.com\\\/ca\\\/\",\"name\":\"ANTDERGROUND\",\"description\":\"Tu tienda de hormigas, gran variedad de hormigueros acr\u00edlicos,madera,arena,3D y mas.. Pide tus hormigas gratis con tu pedido, somos expertos en hormigueros antifugas.\",\"publisher\":{\"@id\":\"https:\\\/\\\/antderground.com\\\/ca\\\/#\\\/schema\\\/person\\\/0e322c505e84fe72c65e2f6d08f96b81\"},\"alternateName\":\"Antderground\",\"potentialAction\":[{\"@type\":\"SearchAction\",\"target\":{\"@type\":\"EntryPoint\",\"urlTemplate\":\"https:\\\/\\\/antderground.com\\\/ca\\\/?s={search_term_string}\"},\"query-input\":{\"@type\":\"PropertyValueSpecification\",\"valueRequired\":true,\"valueName\":\"search_term_string\"}}],\"inLanguage\":\"ca\"},{\"@type\":[\"Person\",\"Organization\"],\"@id\":\"https:\\\/\\\/antderground.com\\\/ca\\\/#\\\/schema\\\/person\\\/0e322c505e84fe72c65e2f6d08f96b81\",\"name\":\"Eric de Antderground\",\"image\":{\"@type\":\"ImageObject\",\"inLanguage\":\"ca\",\"@id\":\"https:\\\/\\\/secure.gravatar.com\\\/avatar\\\/c49a1b9f79216d1498cb73c1e85cd47f4465dda35f2a94c03790d491bd4423c3?s=96&d=mm&r=g\",\"url\":\"https:\\\/\\\/secure.gravatar.com\\\/avatar\\\/c49a1b9f79216d1498cb73c1e85cd47f4465dda35f2a94c03790d491bd4423c3?s=96&d=mm&r=g\",\"contentUrl\":\"https:\\\/\\\/secure.gravatar.com\\\/avatar\\\/c49a1b9f79216d1498cb73c1e85cd47f4465dda35f2a94c03790d491bd4423c3?s=96&d=mm&r=g\",\"caption\":\"Eric de Antderground\"},\"logo\":{\"@id\":\"https:\\\/\\\/secure.gravatar.com\\\/avatar\\\/c49a1b9f79216d1498cb73c1e85cd47f4465dda35f2a94c03790d491bd4423c3?s=96&d=mm&r=g\"},\"description\":\"Eric es el especialista y fundador de Antderground, con una amplia trayectoria en artr\u00f3podos y enfocado en la mirmecolog\u00eda y el dise\u00f1o de hormigueros artificiales. Su enfoque combina la innovaci\u00f3n t\u00e9cnica con el respeto por la biolog\u00eda de las hormigas, is\u00f3podos y otros, desarrollando sistemas de nidos modulares 3D y acr\u00edlicos que son referentes para aficionados y profesionales en toda Europa. Su objetivo es facilitar la cr\u00eda de hormigas y otros artr\u00f3podos mediante soluciones seguras y divulgaci\u00f3n de calidad.\",\"sameAs\":[\"https:\\\/\\\/antderground.com\\\/\",\"https:\\\/\\\/www.youtube.com\\\/channel\\\/UCio72z7TlbufkAthAJIJfPw\"]}]}<\/script>\n<!-- \/ Yoast SEO plugin. -->","yoast_head_json":{"title":"Echeveria purpusorum | Plantes perfectes per la llar - ANTDERGROUND","description":"Echeveria purpusorum \ud83c\udf35 suculenta compacta de tons verds i rogencs. F\u00e0cil de cuidar i ideal per decorar qualsevol espai.","robots":{"index":"index","follow":"follow","max-snippet":"max-snippet:-1","max-image-preview":"max-image-preview:large","max-video-preview":"max-video-preview:-1"},"canonical":"https:\/\/antderground.com\/ca\/producte\/echeveria-purpusorum\/","og_locale":"ca_ES","og_type":"article","og_title":"Echeveria purpusorum | Plantes perfectes per la llar - ANTDERGROUND","og_description":"Echeveria purpusorum \ud83c\udf35 suculenta compacta de tons verds i rogencs. F\u00e0cil de cuidar i ideal per decorar qualsevol espai.","og_url":"https:\/\/antderground.com\/ca\/producte\/echeveria-purpusorum\/","og_site_name":"ANTDERGROUND","og_image":[{"width":1600,"height":1600,"url":"https:\/\/antderground.com\/wp-content\/uploads\/2025\/04\/Echeveria-purpusorum.jpeg","type":"image\/jpeg"}],"twitter_card":"summary_large_image","twitter_misc":{"Temps estimat de lectura":"1 minut"},"schema":{"@context":"https:\/\/schema.org","@graph":[{"@type":"WebPage","@id":"https:\/\/antderground.com\/ca\/producte\/echeveria-purpusorum\/","url":"https:\/\/antderground.com\/ca\/producte\/echeveria-purpusorum\/","name":"Echeveria purpusorum | Plantes perfectes per la llar - ANTDERGROUND","isPartOf":{"@id":"https:\/\/antderground.com\/ca\/#website"},"primaryImageOfPage":{"@id":"https:\/\/antderground.com\/ca\/producte\/echeveria-purpusorum\/#primaryimage"},"image":{"@id":"https:\/\/antderground.com\/ca\/producte\/echeveria-purpusorum\/#primaryimage"},"thumbnailUrl":"https:\/\/antderground.com\/wp-content\/uploads\/2025\/04\/Echeveria-purpusorum.jpeg","datePublished":"2025-04-07T08:49:56+00:00","description":"Echeveria purpusorum \ud83c\udf35 suculenta compacta de tons verds i rogencs. F\u00e0cil de cuidar i ideal per decorar qualsevol espai.","breadcrumb":{"@id":"https:\/\/antderground.com\/ca\/producte\/echeveria-purpusorum\/#breadcrumb"},"inLanguage":"ca","potentialAction":[{"@type":"ReadAction","target":["https:\/\/antderground.com\/ca\/producte\/echeveria-purpusorum\/"]}]},{"@type":"ImageObject","inLanguage":"ca","@id":"https:\/\/antderground.com\/ca\/producte\/echeveria-purpusorum\/#primaryimage","url":"https:\/\/antderground.com\/wp-content\/uploads\/2025\/04\/Echeveria-purpusorum.jpeg","contentUrl":"https:\/\/antderground.com\/wp-content\/uploads\/2025\/04\/Echeveria-purpusorum.jpeg","width":1600,"height":1600,"caption":"Echeveria purpusorum"},{"@type":"BreadcrumbList","@id":"https:\/\/antderground.com\/ca\/producte\/echeveria-purpusorum\/#breadcrumb","itemListElement":[{"@type":"ListItem","position":1,"name":"Portada","item":"https:\/\/antderground.com\/ca\/"},{"@type":"ListItem","position":2,"name":"Productes","item":"https:\/\/antderground.com\/ca\/productes\/"},{"@type":"ListItem","position":3,"name":"Echeveria purpusorum"}]},{"@type":"WebSite","@id":"https:\/\/antderground.com\/ca\/#website","url":"https:\/\/antderground.com\/ca\/","name":"ANTDERGROUND","description":"Tu tienda de hormigas, gran variedad de hormigueros acr\u00edlicos,madera,arena,3D y mas.. Pide tus hormigas gratis con tu pedido, somos expertos en hormigueros antifugas.","publisher":{"@id":"https:\/\/antderground.com\/ca\/#\/schema\/person\/0e322c505e84fe72c65e2f6d08f96b81"},"alternateName":"Antderground","potentialAction":[{"@type":"SearchAction","target":{"@type":"EntryPoint","urlTemplate":"https:\/\/antderground.com\/ca\/?s={search_term_string}"},"query-input":{"@type":"PropertyValueSpecification","valueRequired":true,"valueName":"search_term_string"}}],"inLanguage":"ca"},{"@type":["Person","Organization"],"@id":"https:\/\/antderground.com\/ca\/#\/schema\/person\/0e322c505e84fe72c65e2f6d08f96b81","name":"Eric de Antderground","image":{"@type":"ImageObject","inLanguage":"ca","@id":"https:\/\/secure.gravatar.com\/avatar\/c49a1b9f79216d1498cb73c1e85cd47f4465dda35f2a94c03790d491bd4423c3?s=96&d=mm&r=g","url":"https:\/\/secure.gravatar.com\/avatar\/c49a1b9f79216d1498cb73c1e85cd47f4465dda35f2a94c03790d491bd4423c3?s=96&d=mm&r=g","contentUrl":"https:\/\/secure.gravatar.com\/avatar\/c49a1b9f79216d1498cb73c1e85cd47f4465dda35f2a94c03790d491bd4423c3?s=96&d=mm&r=g","caption":"Eric de Antderground"},"logo":{"@id":"https:\/\/secure.gravatar.com\/avatar\/c49a1b9f79216d1498cb73c1e85cd47f4465dda35f2a94c03790d491bd4423c3?s=96&d=mm&r=g"},"description":"Eric es el especialista y fundador de Antderground, con una amplia trayectoria en artr\u00f3podos y enfocado en la mirmecolog\u00eda y el dise\u00f1o de hormigueros artificiales. Su enfoque combina la innovaci\u00f3n t\u00e9cnica con el respeto por la biolog\u00eda de las hormigas, is\u00f3podos y otros, desarrollando sistemas de nidos modulares 3D y acr\u00edlicos que son referentes para aficionados y profesionales en toda Europa. Su objetivo es facilitar la cr\u00eda de hormigas y otros artr\u00f3podos mediante soluciones seguras y divulgaci\u00f3n de calidad.","sameAs":["https:\/\/antderground.com\/","https:\/\/www.youtube.com\/channel\/UCio72z7TlbufkAthAJIJfPw"]}]}},"_links":{"self":[{"href":"https:\/\/antderground.com\/ca\/wp-json\/wp\/v2\/product\/41730","targetHints":{"allow":["GET"]}}],"collection":[{"href":"https:\/\/antderground.com\/ca\/wp-json\/wp\/v2\/product"}],"about":[{"href":"https:\/\/antderground.com\/ca\/wp-json\/wp\/v2\/types\/product"}],"version-history":[{"count":0,"href":"https:\/\/antderground.com\/ca\/wp-json\/wp\/v2\/product\/41730\/revisions"}],"wp:featuredmedia":[{"embeddable":true,"href":"https:\/\/antderground.com\/ca\/wp-json\/wp\/v2\/media\/41593"}],"wp:attachment":[{"href":"https:\/\/antderground.com\/ca\/wp-json\/wp\/v2\/media?parent=41730"}],"wp:term":[{"taxonomy":"product_brand","embeddable":true,"href":"https:\/\/antderground.com\/ca\/wp-json\/wp\/v2\/product_brand?post=41730"},{"taxonomy":"product_cat","embeddable":true,"href":"https:\/\/antderground.com\/ca\/wp-json\/wp\/v2\/product_cat?post=41730"},{"taxonomy":"product_tag","embeddable":true,"href":"https:\/\/antderground.com\/ca\/wp-json\/wp\/v2\/product_tag?post=41730"}],"curies":[{"name":"wp","href":"https:\/\/api.w.org\/{rel}","templated":true}]}}