{"id":41768,"date":"2025-04-12T21:23:14","date_gmt":"2025-04-12T19:23:14","guid":{"rendered":"https:\/\/www.antderground.com\/producto\/armadillidium-pallasii-orange\/"},"modified":"2025-04-12T21:23:14","modified_gmt":"2025-04-12T19:23:14","slug":"armadillidium-pallasii-orange","status":"publish","type":"product","link":"https:\/\/antderground.com\/ca\/producte\/armadillidium-pallasii-orange\/","title":{"rendered":"Armadillidium Pallasii \u201cOrange\u201d"},"content":{"rendered":"<h3 class=\"\" data-start=\"133\" data-end=\"189\">\ud83d\udfe0 Fitxa T\u00e8cnica \u2013 <em data-start=\"156\" data-end=\"180\">Armadillidium Pallasii<\/em> \u201cOrange\u201d<\/h3>\n<p class=\"\" data-start=\"191\" data-end=\"331\"><strong data-start=\"191\" data-end=\"209\">Nom cient\u00edfic:<\/strong> <em data-start=\"210\" data-end=\"234\">Armadillidium pallasii<\/em><br data-start=\"234\" data-end=\"237\" \/><strong data-start=\"237\" data-end=\"250\">Nom com\u00fa:<\/strong> Is\u00f2pode Pallasii taronja<br data-start=\"275\" data-end=\"278\" \/><strong data-start=\"278\" data-end=\"291\">Varietat:<\/strong> Orange<br data-start=\"298\" data-end=\"301\" \/><strong data-start=\"301\" data-end=\"313\">Fam\u00edlia:<\/strong> Armadillidiidae<\/p>\n<h3 class=\"\" data-start=\"333\" data-end=\"352\">\ud83d\udc1b Descripci\u00f3<\/h3>\n<p class=\"\" data-start=\"353\" data-end=\"572\">L\u2019<em data-start=\"355\" data-end=\"379\">Armadillidium Pallasii<\/em> \u201cOrange\u201d \u00e9s una varietat molt vistosa d\u2019is\u00f2pode europeu, amb una coloraci\u00f3 taronja intensa i uniforme. Pot enrotllar-se formant una bola i \u00e9s molt apreciat en terraris tropicals i bioactius.<\/p>\n<h3 class=\"\" data-start=\"574\" data-end=\"587\">\ud83d\udccf Mida<\/h3>\n<ul data-start=\"588\" data-end=\"624\">\n<li class=\"\" data-start=\"588\" data-end=\"624\">\n<p class=\"\" data-start=\"590\" data-end=\"624\">Adult: aproximadament 1,5 \u2013 2 cm<\/p>\n<\/li>\n<\/ul>\n<h3 class=\"\" data-start=\"626\" data-end=\"653\">\ud83c\udf21\ufe0f Condicions ideals<\/h3>\n<ul data-start=\"654\" data-end=\"879\">\n<li class=\"\" data-start=\"654\" data-end=\"688\">\n<p class=\"\" data-start=\"656\" data-end=\"688\"><strong data-start=\"656\" data-end=\"672\">Temperatura:<\/strong> 20\u202f\u00b0C \u2013 26\u202f\u00b0C<\/p>\n<\/li>\n<li class=\"\" data-start=\"689\" data-end=\"760\">\n<p class=\"\" data-start=\"691\" data-end=\"760\"><strong data-start=\"691\" data-end=\"703\">Humitat:<\/strong> 60\u202f% \u2013 80\u202f% (cal zones humides i altres de m\u00e9s seques)<\/p>\n<\/li>\n<li class=\"\" data-start=\"761\" data-end=\"788\">\n<p class=\"\" data-start=\"763\" data-end=\"788\"><strong data-start=\"763\" data-end=\"778\">Ventilaci\u00f3:<\/strong> Mitjana<\/p>\n<\/li>\n<li class=\"\" data-start=\"789\" data-end=\"879\">\n<p class=\"\" data-start=\"791\" data-end=\"879\"><strong data-start=\"791\" data-end=\"804\">Substrat:<\/strong> Fibra de coco, fulles seques, molsa de sphaigne i fusta en descomposici\u00f3<\/p>\n<\/li>\n<\/ul>\n<h3 class=\"\" data-start=\"881\" data-end=\"901\">\ud83c\udf43 Alimentaci\u00f3<\/h3>\n<p class=\"\" data-start=\"902\" data-end=\"1077\">Detrit\u00edvor. Menja mat\u00e8ria org\u00e0nica en descomposici\u00f3, fulles seques, fusta podrida i de tant en tant verdures com carbass\u00f3 o pastanaga. Cal afegir calci (os de s\u00edpia o pols).<\/p>\n<h3 class=\"\" data-start=\"1079\" data-end=\"1099\">\ud83e\uddec Reproducci\u00f3<\/h3>\n<ul data-start=\"1100\" data-end=\"1263\">\n<li class=\"\" data-start=\"1100\" data-end=\"1121\">\n<p class=\"\" data-start=\"1102\" data-end=\"1121\"><strong data-start=\"1102\" data-end=\"1112\">Tipus:<\/strong> Sexual<\/p>\n<\/li>\n<li class=\"\" data-start=\"1122\" data-end=\"1164\">\n<p class=\"\" data-start=\"1124\" data-end=\"1164\"><strong data-start=\"1124\" data-end=\"1133\">Cria:<\/strong> F\u00e0cil en condicions estables<\/p>\n<\/li>\n<li class=\"\" data-start=\"1165\" data-end=\"1214\">\n<p class=\"\" data-start=\"1167\" data-end=\"1214\"><strong data-start=\"1167\" data-end=\"1182\">Cadellades:<\/strong> De 10 a 30 juvenils per cicle<\/p>\n<\/li>\n<li class=\"\" data-start=\"1215\" data-end=\"1263\">\n<p class=\"\" data-start=\"1217\" data-end=\"1263\"><strong data-start=\"1217\" data-end=\"1237\">Maduresa sexual:<\/strong> A partir dels 4-6 mesos<\/p>\n<\/li>\n<\/ul>\n<h3 class=\"\" data-start=\"1265\" data-end=\"1288\">\ud83c\udf3f \u00das en terraris<\/h3>\n<p class=\"\" data-start=\"1289\" data-end=\"1430\">Ideal per a terraris bioactius com a equip de neteja natural. Tamb\u00e9 es mant\u00e9 com a esp\u00e8cie decorativa per la seva coloraci\u00f3 i comportament.<\/p>\n<h3 class=\"\" data-start=\"1432\" data-end=\"1452\">\u2757 Observacions<\/h3>\n<ul data-start=\"1453\" data-end=\"1614\">\n<li class=\"\" data-start=\"1453\" data-end=\"1535\">\n<p class=\"\" data-start=\"1455\" data-end=\"1535\">Tot i ser resistent, no tolera b\u00e9 l&#8217;exc\u00e9s d&#8217;humitat ni la manca de ventilaci\u00f3.<\/p>\n<\/li>\n<li class=\"\" data-start=\"1536\" data-end=\"1614\">\n<p class=\"\" data-start=\"1538\" data-end=\"1614\">\u00c9s recomanable oferir zones seques per ajudar a regular la humitat corporal.<\/p>\n<\/li>\n<\/ul>\n","protected":false},"excerpt":{"rendered":"<p class=\"\" data-start=\"1621\" data-end=\"1818\">Is\u00f2podes <em data-start=\"1675\" data-end=\"1699\">Armadillidium Pallasii<\/em> \u201cOrange\u201d \ud83e\udde1. Color intens, f\u00e0cils de cuidar i ideals per a terraris bioactius. Netejadors eficients i molt decoratius!<\/p>\n","protected":false},"featured_media":41753,"template":"","meta":[],"product_brand":[],"product_cat":[420,422,710],"product_tag":[],"class_list":{"0":"post-41768","1":"product","2":"type-product","3":"status-publish","4":"has-post-thumbnail","6":"product_cat-artropodes","7":"product_cat-isopodes-ca","8":"product_cat-armadillidium","10":"first","11":"instock","12":"shipping-taxable","13":"purchasable","14":"product-type-variable"},"yoast_head":"<!-- This site is optimized with the Yoast SEO plugin v27.3 - https:\/\/yoast.com\/product\/yoast-seo-wordpress\/ -->\n<title>Armadillidium Pallasii \u201cOrange\u201d | Isopodes exotics - ANTDERGROUND<\/title>\n<meta name=\"description\" content=\"Descobreix Armadillidium Pallasii \u201cOrange\u201d, is\u00f2pode colorit per a terraris bioactius. F\u00e0cil de mantenir i molt \u00fatil! \ud83e\udde1\" \/>\n<meta name=\"robots\" content=\"index, follow, max-snippet:-1, max-image-preview:large, max-video-preview:-1\" \/>\n<link rel=\"canonical\" href=\"https:\/\/antderground.com\/ca\/producte\/armadillidium-pallasii-orange\/\" \/>\n<meta property=\"og:locale\" content=\"ca_ES\" \/>\n<meta property=\"og:type\" content=\"article\" \/>\n<meta property=\"og:title\" content=\"Armadillidium Pallasii \u201cOrange\u201d | Isopodes exotics - ANTDERGROUND\" \/>\n<meta property=\"og:description\" content=\"Descobreix Armadillidium Pallasii \u201cOrange\u201d, is\u00f2pode colorit per a terraris bioactius. F\u00e0cil de mantenir i molt \u00fatil! \ud83e\udde1\" \/>\n<meta property=\"og:url\" content=\"https:\/\/antderground.com\/ca\/producte\/armadillidium-pallasii-orange\/\" \/>\n<meta property=\"og:site_name\" content=\"ANTDERGROUND\" \/>\n<meta property=\"og:image\" content=\"https:\/\/antderground.com\/wp-content\/uploads\/2025\/04\/Armadillidium-Pallasii-Orange.jpg\" \/>\n\t<meta property=\"og:image:width\" content=\"1989\" \/>\n\t<meta property=\"og:image:height\" content=\"1989\" \/>\n\t<meta property=\"og:image:type\" content=\"image\/jpeg\" \/>\n<meta name=\"twitter:card\" content=\"summary_large_image\" \/>\n<meta name=\"twitter:label1\" content=\"Temps estimat de lectura\" \/>\n\t<meta name=\"twitter:data1\" content=\"1 minut\" \/>\n<script type=\"application\/ld+json\" class=\"yoast-schema-graph\">{\"@context\":\"https:\\\/\\\/schema.org\",\"@graph\":[{\"@type\":\"WebPage\",\"@id\":\"https:\\\/\\\/antderground.com\\\/ca\\\/producte\\\/armadillidium-pallasii-orange\\\/\",\"url\":\"https:\\\/\\\/antderground.com\\\/ca\\\/producte\\\/armadillidium-pallasii-orange\\\/\",\"name\":\"Armadillidium Pallasii \u201cOrange\u201d | Isopodes exotics - ANTDERGROUND\",\"isPartOf\":{\"@id\":\"https:\\\/\\\/antderground.com\\\/ca\\\/#website\"},\"primaryImageOfPage\":{\"@id\":\"https:\\\/\\\/antderground.com\\\/ca\\\/producte\\\/armadillidium-pallasii-orange\\\/#primaryimage\"},\"image\":{\"@id\":\"https:\\\/\\\/antderground.com\\\/ca\\\/producte\\\/armadillidium-pallasii-orange\\\/#primaryimage\"},\"thumbnailUrl\":\"https:\\\/\\\/antderground.com\\\/wp-content\\\/uploads\\\/2025\\\/04\\\/Armadillidium-Pallasii-Orange.jpg\",\"datePublished\":\"2025-04-12T19:23:14+00:00\",\"description\":\"Descobreix Armadillidium Pallasii \u201cOrange\u201d, is\u00f2pode colorit per a terraris bioactius. F\u00e0cil de mantenir i molt \u00fatil! \ud83e\udde1\",\"breadcrumb\":{\"@id\":\"https:\\\/\\\/antderground.com\\\/ca\\\/producte\\\/armadillidium-pallasii-orange\\\/#breadcrumb\"},\"inLanguage\":\"ca\",\"potentialAction\":[{\"@type\":\"ReadAction\",\"target\":[\"https:\\\/\\\/antderground.com\\\/ca\\\/producte\\\/armadillidium-pallasii-orange\\\/\"]}]},{\"@type\":\"ImageObject\",\"inLanguage\":\"ca\",\"@id\":\"https:\\\/\\\/antderground.com\\\/ca\\\/producte\\\/armadillidium-pallasii-orange\\\/#primaryimage\",\"url\":\"https:\\\/\\\/antderground.com\\\/wp-content\\\/uploads\\\/2025\\\/04\\\/Armadillidium-Pallasii-Orange.jpg\",\"contentUrl\":\"https:\\\/\\\/antderground.com\\\/wp-content\\\/uploads\\\/2025\\\/04\\\/Armadillidium-Pallasii-Orange.jpg\",\"width\":1989,\"height\":1989,\"caption\":\"Armadillidium Pallasii \u201cOrange\u201d\"},{\"@type\":\"BreadcrumbList\",\"@id\":\"https:\\\/\\\/antderground.com\\\/ca\\\/producte\\\/armadillidium-pallasii-orange\\\/#breadcrumb\",\"itemListElement\":[{\"@type\":\"ListItem\",\"position\":1,\"name\":\"Portada\",\"item\":\"https:\\\/\\\/antderground.com\\\/ca\\\/\"},{\"@type\":\"ListItem\",\"position\":2,\"name\":\"Productes\",\"item\":\"https:\\\/\\\/antderground.com\\\/ca\\\/productes\\\/\"},{\"@type\":\"ListItem\",\"position\":3,\"name\":\"Armadillidium Pallasii \u201cOrange\u201d\"}]},{\"@type\":\"WebSite\",\"@id\":\"https:\\\/\\\/antderground.com\\\/ca\\\/#website\",\"url\":\"https:\\\/\\\/antderground.com\\\/ca\\\/\",\"name\":\"ANTDERGROUND\",\"description\":\"Tu tienda de hormigas, gran variedad de hormigueros acr\u00edlicos,madera,arena,3D y mas.. Pide tus hormigas gratis con tu pedido, somos expertos en hormigueros antifugas.\",\"publisher\":{\"@id\":\"https:\\\/\\\/antderground.com\\\/ca\\\/#\\\/schema\\\/person\\\/0e322c505e84fe72c65e2f6d08f96b81\"},\"alternateName\":\"Antderground\",\"potentialAction\":[{\"@type\":\"SearchAction\",\"target\":{\"@type\":\"EntryPoint\",\"urlTemplate\":\"https:\\\/\\\/antderground.com\\\/ca\\\/?s={search_term_string}\"},\"query-input\":{\"@type\":\"PropertyValueSpecification\",\"valueRequired\":true,\"valueName\":\"search_term_string\"}}],\"inLanguage\":\"ca\"},{\"@type\":[\"Person\",\"Organization\"],\"@id\":\"https:\\\/\\\/antderground.com\\\/ca\\\/#\\\/schema\\\/person\\\/0e322c505e84fe72c65e2f6d08f96b81\",\"name\":\"Eric de Antderground\",\"image\":{\"@type\":\"ImageObject\",\"inLanguage\":\"ca\",\"@id\":\"https:\\\/\\\/secure.gravatar.com\\\/avatar\\\/c49a1b9f79216d1498cb73c1e85cd47f4465dda35f2a94c03790d491bd4423c3?s=96&d=mm&r=g\",\"url\":\"https:\\\/\\\/secure.gravatar.com\\\/avatar\\\/c49a1b9f79216d1498cb73c1e85cd47f4465dda35f2a94c03790d491bd4423c3?s=96&d=mm&r=g\",\"contentUrl\":\"https:\\\/\\\/secure.gravatar.com\\\/avatar\\\/c49a1b9f79216d1498cb73c1e85cd47f4465dda35f2a94c03790d491bd4423c3?s=96&d=mm&r=g\",\"caption\":\"Eric de Antderground\"},\"logo\":{\"@id\":\"https:\\\/\\\/secure.gravatar.com\\\/avatar\\\/c49a1b9f79216d1498cb73c1e85cd47f4465dda35f2a94c03790d491bd4423c3?s=96&d=mm&r=g\"},\"description\":\"Eric es el especialista y fundador de Antderground, con una amplia trayectoria en artr\u00f3podos y enfocado en la mirmecolog\u00eda y el dise\u00f1o de hormigueros artificiales. Su enfoque combina la innovaci\u00f3n t\u00e9cnica con el respeto por la biolog\u00eda de las hormigas, is\u00f3podos y otros, desarrollando sistemas de nidos modulares 3D y acr\u00edlicos que son referentes para aficionados y profesionales en toda Europa. Su objetivo es facilitar la cr\u00eda de hormigas y otros artr\u00f3podos mediante soluciones seguras y divulgaci\u00f3n de calidad.\",\"sameAs\":[\"https:\\\/\\\/antderground.com\\\/\",\"https:\\\/\\\/www.youtube.com\\\/channel\\\/UCio72z7TlbufkAthAJIJfPw\"]}]}<\/script>\n<!-- \/ Yoast SEO plugin. -->","yoast_head_json":{"title":"Armadillidium Pallasii \u201cOrange\u201d | Isopodes exotics - ANTDERGROUND","description":"Descobreix Armadillidium Pallasii \u201cOrange\u201d, is\u00f2pode colorit per a terraris bioactius. F\u00e0cil de mantenir i molt \u00fatil! \ud83e\udde1","robots":{"index":"index","follow":"follow","max-snippet":"max-snippet:-1","max-image-preview":"max-image-preview:large","max-video-preview":"max-video-preview:-1"},"canonical":"https:\/\/antderground.com\/ca\/producte\/armadillidium-pallasii-orange\/","og_locale":"ca_ES","og_type":"article","og_title":"Armadillidium Pallasii \u201cOrange\u201d | Isopodes exotics - ANTDERGROUND","og_description":"Descobreix Armadillidium Pallasii \u201cOrange\u201d, is\u00f2pode colorit per a terraris bioactius. F\u00e0cil de mantenir i molt \u00fatil! \ud83e\udde1","og_url":"https:\/\/antderground.com\/ca\/producte\/armadillidium-pallasii-orange\/","og_site_name":"ANTDERGROUND","og_image":[{"width":1989,"height":1989,"url":"https:\/\/antderground.com\/wp-content\/uploads\/2025\/04\/Armadillidium-Pallasii-Orange.jpg","type":"image\/jpeg"}],"twitter_card":"summary_large_image","twitter_misc":{"Temps estimat de lectura":"1 minut"},"schema":{"@context":"https:\/\/schema.org","@graph":[{"@type":"WebPage","@id":"https:\/\/antderground.com\/ca\/producte\/armadillidium-pallasii-orange\/","url":"https:\/\/antderground.com\/ca\/producte\/armadillidium-pallasii-orange\/","name":"Armadillidium Pallasii \u201cOrange\u201d | Isopodes exotics - ANTDERGROUND","isPartOf":{"@id":"https:\/\/antderground.com\/ca\/#website"},"primaryImageOfPage":{"@id":"https:\/\/antderground.com\/ca\/producte\/armadillidium-pallasii-orange\/#primaryimage"},"image":{"@id":"https:\/\/antderground.com\/ca\/producte\/armadillidium-pallasii-orange\/#primaryimage"},"thumbnailUrl":"https:\/\/antderground.com\/wp-content\/uploads\/2025\/04\/Armadillidium-Pallasii-Orange.jpg","datePublished":"2025-04-12T19:23:14+00:00","description":"Descobreix Armadillidium Pallasii \u201cOrange\u201d, is\u00f2pode colorit per a terraris bioactius. F\u00e0cil de mantenir i molt \u00fatil! \ud83e\udde1","breadcrumb":{"@id":"https:\/\/antderground.com\/ca\/producte\/armadillidium-pallasii-orange\/#breadcrumb"},"inLanguage":"ca","potentialAction":[{"@type":"ReadAction","target":["https:\/\/antderground.com\/ca\/producte\/armadillidium-pallasii-orange\/"]}]},{"@type":"ImageObject","inLanguage":"ca","@id":"https:\/\/antderground.com\/ca\/producte\/armadillidium-pallasii-orange\/#primaryimage","url":"https:\/\/antderground.com\/wp-content\/uploads\/2025\/04\/Armadillidium-Pallasii-Orange.jpg","contentUrl":"https:\/\/antderground.com\/wp-content\/uploads\/2025\/04\/Armadillidium-Pallasii-Orange.jpg","width":1989,"height":1989,"caption":"Armadillidium Pallasii \u201cOrange\u201d"},{"@type":"BreadcrumbList","@id":"https:\/\/antderground.com\/ca\/producte\/armadillidium-pallasii-orange\/#breadcrumb","itemListElement":[{"@type":"ListItem","position":1,"name":"Portada","item":"https:\/\/antderground.com\/ca\/"},{"@type":"ListItem","position":2,"name":"Productes","item":"https:\/\/antderground.com\/ca\/productes\/"},{"@type":"ListItem","position":3,"name":"Armadillidium Pallasii \u201cOrange\u201d"}]},{"@type":"WebSite","@id":"https:\/\/antderground.com\/ca\/#website","url":"https:\/\/antderground.com\/ca\/","name":"ANTDERGROUND","description":"Tu tienda de hormigas, gran variedad de hormigueros acr\u00edlicos,madera,arena,3D y mas.. Pide tus hormigas gratis con tu pedido, somos expertos en hormigueros antifugas.","publisher":{"@id":"https:\/\/antderground.com\/ca\/#\/schema\/person\/0e322c505e84fe72c65e2f6d08f96b81"},"alternateName":"Antderground","potentialAction":[{"@type":"SearchAction","target":{"@type":"EntryPoint","urlTemplate":"https:\/\/antderground.com\/ca\/?s={search_term_string}"},"query-input":{"@type":"PropertyValueSpecification","valueRequired":true,"valueName":"search_term_string"}}],"inLanguage":"ca"},{"@type":["Person","Organization"],"@id":"https:\/\/antderground.com\/ca\/#\/schema\/person\/0e322c505e84fe72c65e2f6d08f96b81","name":"Eric de Antderground","image":{"@type":"ImageObject","inLanguage":"ca","@id":"https:\/\/secure.gravatar.com\/avatar\/c49a1b9f79216d1498cb73c1e85cd47f4465dda35f2a94c03790d491bd4423c3?s=96&d=mm&r=g","url":"https:\/\/secure.gravatar.com\/avatar\/c49a1b9f79216d1498cb73c1e85cd47f4465dda35f2a94c03790d491bd4423c3?s=96&d=mm&r=g","contentUrl":"https:\/\/secure.gravatar.com\/avatar\/c49a1b9f79216d1498cb73c1e85cd47f4465dda35f2a94c03790d491bd4423c3?s=96&d=mm&r=g","caption":"Eric de Antderground"},"logo":{"@id":"https:\/\/secure.gravatar.com\/avatar\/c49a1b9f79216d1498cb73c1e85cd47f4465dda35f2a94c03790d491bd4423c3?s=96&d=mm&r=g"},"description":"Eric es el especialista y fundador de Antderground, con una amplia trayectoria en artr\u00f3podos y enfocado en la mirmecolog\u00eda y el dise\u00f1o de hormigueros artificiales. Su enfoque combina la innovaci\u00f3n t\u00e9cnica con el respeto por la biolog\u00eda de las hormigas, is\u00f3podos y otros, desarrollando sistemas de nidos modulares 3D y acr\u00edlicos que son referentes para aficionados y profesionales en toda Europa. Su objetivo es facilitar la cr\u00eda de hormigas y otros artr\u00f3podos mediante soluciones seguras y divulgaci\u00f3n de calidad.","sameAs":["https:\/\/antderground.com\/","https:\/\/www.youtube.com\/channel\/UCio72z7TlbufkAthAJIJfPw"]}]}},"_links":{"self":[{"href":"https:\/\/antderground.com\/ca\/wp-json\/wp\/v2\/product\/41768","targetHints":{"allow":["GET"]}}],"collection":[{"href":"https:\/\/antderground.com\/ca\/wp-json\/wp\/v2\/product"}],"about":[{"href":"https:\/\/antderground.com\/ca\/wp-json\/wp\/v2\/types\/product"}],"version-history":[{"count":0,"href":"https:\/\/antderground.com\/ca\/wp-json\/wp\/v2\/product\/41768\/revisions"}],"wp:featuredmedia":[{"embeddable":true,"href":"https:\/\/antderground.com\/ca\/wp-json\/wp\/v2\/media\/41753"}],"wp:attachment":[{"href":"https:\/\/antderground.com\/ca\/wp-json\/wp\/v2\/media?parent=41768"}],"wp:term":[{"taxonomy":"product_brand","embeddable":true,"href":"https:\/\/antderground.com\/ca\/wp-json\/wp\/v2\/product_brand?post=41768"},{"taxonomy":"product_cat","embeddable":true,"href":"https:\/\/antderground.com\/ca\/wp-json\/wp\/v2\/product_cat?post=41768"},{"taxonomy":"product_tag","embeddable":true,"href":"https:\/\/antderground.com\/ca\/wp-json\/wp\/v2\/product_tag?post=41768"}],"curies":[{"name":"wp","href":"https:\/\/api.w.org\/{rel}","templated":true}]}}