{"id":42019,"date":"2025-04-23T17:20:32","date_gmt":"2025-04-23T15:20:32","guid":{"rendered":"https:\/\/www.antderground.com\/producto\/micro-grills-acheta-domesticus\/"},"modified":"2025-04-23T17:20:32","modified_gmt":"2025-04-23T15:20:32","slug":"micro-grills-acheta-domesticus","status":"publish","type":"product","link":"https:\/\/antderground.com\/ca\/producte\/micro-grills-acheta-domesticus\/","title":{"rendered":"Micro grills Acheta domesticus"},"content":{"rendered":"<h3 class=\"\" data-start=\"107\" data-end=\"166\">Ficha T\u00e9cnica \u2013 Micro grills Acheta domesticus (3-7 dies)<\/h3>\n<p class=\"\" data-start=\"168\" data-end=\"468\"><strong data-start=\"168\" data-end=\"181\">Nom com\u00fa:<\/strong> Gril\u00b7lo dom\u00e8stic (micro)<br data-start=\"206\" data-end=\"209\" \/><strong data-start=\"209\" data-end=\"227\">Nom cient\u00edfic:<\/strong> Acheta domesticus<br data-start=\"245\" data-end=\"248\" \/><strong data-start=\"248\" data-end=\"260\">Fam\u00edlia:<\/strong> Gryllidae<br data-start=\"270\" data-end=\"273\" \/><strong data-start=\"273\" data-end=\"284\">G\u00e8nere:<\/strong> Acheta<br data-start=\"291\" data-end=\"294\" \/><strong data-start=\"294\" data-end=\"314\">Edat aproximada:<\/strong> 3-7 dies<br data-start=\"321\" data-end=\"324\" \/><strong data-start=\"324\" data-end=\"333\">Mida:<\/strong> 1-2 mm<br data-start=\"340\" data-end=\"343\" \/><strong data-start=\"343\" data-end=\"354\">Origen:<\/strong> Cosmopolita, criats en granges especialitzades sota condicions controlades<br data-start=\"429\" data-end=\"432\" \/><strong data-start=\"432\" data-end=\"454\">Esperan\u00e7a de vida:<\/strong> 8-10 setmanes<\/p>\n<h3 class=\"\" data-start=\"475\" data-end=\"504\">\u2705 Avantatges nutricionals<\/h3>\n<ul data-start=\"506\" data-end=\"814\">\n<li class=\"\" data-start=\"506\" data-end=\"629\">\n<p class=\"\" data-start=\"508\" data-end=\"629\"><strong data-start=\"508\" data-end=\"529\">Altament proteics<\/strong>: Entre un 60-70% de prote\u00efna, ideal per al desenvolupament primerenc dels animals joves o petits.<\/p>\n<\/li>\n<li class=\"\" data-start=\"630\" data-end=\"704\">\n<p class=\"\" data-start=\"632\" data-end=\"704\"><strong data-start=\"632\" data-end=\"661\">Baix contingut en greixos<\/strong>: Aporta energia sense excessos cal\u00f2rics.<\/p>\n<\/li>\n<li class=\"\" data-start=\"705\" data-end=\"814\">\n<p class=\"\" data-start=\"707\" data-end=\"814\"><strong data-start=\"707\" data-end=\"733\">Rics en micronutrients<\/strong>: Calci, ferro, magnesi i vitamina B12 per enfortir el sistema immunitari i ossi.<\/p>\n<\/li>\n<\/ul>\n<h3 class=\"\" data-start=\"821\" data-end=\"839\">\ud83d\udc38 Ideal per a<\/h3>\n<p class=\"\" data-start=\"841\" data-end=\"1082\">R\u00e8ptils, amfibis, aus insect\u00edvores, peixos, artr\u00f2podes i mam\u00edfers petits que requereixen aliment viu adaptat a la seva mida.<br data-start=\"965\" data-end=\"968\" \/>Estimulen el comportament natural de cacera i s\u00f3n <strong data-start=\"1018\" data-end=\"1039\">f\u00e0cils de digerir<\/strong> fins i tot per a cries i animals delicats.<\/p>\n<h3 class=\"\" data-start=\"1089\" data-end=\"1124\">\ud83e\uddca Recomanacions de conservaci\u00f3<\/h3>\n<ul data-start=\"1126\" data-end=\"1273\">\n<li class=\"\" data-start=\"1126\" data-end=\"1224\">\n<p class=\"\" data-start=\"1128\" data-end=\"1224\">Mantenir en un recipient ventilat, amb font d&#8217;humitat (com gel hidratant o verdures fresques).<\/p>\n<\/li>\n<li class=\"\" data-start=\"1225\" data-end=\"1273\">\n<p class=\"\" data-start=\"1227\" data-end=\"1273\">Evitar temperatures extremes. Ideal: 20\u201325 \u00b0C.<\/p>\n<\/li>\n<\/ul>\n<p class=\"\" data-start=\"1280\" data-end=\"1436\">\u26a0\ufe0f <strong data-start=\"1283\" data-end=\"1291\">Nota<\/strong>: Els micro grills <em data-start=\"1310\" data-end=\"1329\">Acheta domesticus<\/em> venuts a la nostra botiga <strong data-start=\"1356\" data-end=\"1391\">no s\u00f3n aptes per al consum hum\u00e0<\/strong>. Producte exclusiu per a alimentaci\u00f3 animal.<\/p>\n","protected":false},"excerpt":{"rendered":"<p class=\"\" data-start=\"1459\" data-end=\"1716\">Subministra als teus animals petits energia viva! \ud83e\udd97 Els nostres <strong data-start=\"1524\" data-end=\"1558\">micro grills Acheta domesticus<\/strong> (5 dies) s\u00f3n ideals per a r\u00e8ptils, amfibis i artr\u00f2podes. Alta prote\u00efna, f\u00e0cil digesti\u00f3 i mida perfecta per a cries. \u00a1D\u00f3na\u2019ls-hi el millor des del primer mos!<\/p>\n","protected":false},"featured_media":41996,"template":"","meta":[],"product_brand":[],"product_cat":[159,664],"product_tag":[],"class_list":{"0":"post-42019","1":"product","2":"type-product","3":"status-publish","4":"has-post-thumbnail","6":"product_cat-aliments-ca","7":"product_cat-aliment-viu","9":"first","10":"outofstock","11":"shipping-taxable","12":"purchasable","13":"product-type-variable"},"yoast_head":"<!-- This site is optimized with the Yoast SEO plugin v27.4 - https:\/\/yoast.com\/product\/yoast-seo-wordpress\/ -->\n<title>Micro grills Acheta domesticus | Aliment viu - ANTDERGROUND<\/title>\n<meta name=\"description\" content=\"Compra micro grills Acheta domesticus de 5 dies. Aliment viu ideal per a r\u00e8ptils i amfibis joves. Alta prote\u00efna i f\u00e0cil digesti\u00f3.\" \/>\n<meta name=\"robots\" content=\"index, follow, max-snippet:-1, max-image-preview:large, max-video-preview:-1\" \/>\n<link rel=\"canonical\" href=\"https:\/\/antderground.com\/ca\/producte\/micro-grills-acheta-domesticus\/\" \/>\n<meta property=\"og:locale\" content=\"ca_ES\" \/>\n<meta property=\"og:type\" content=\"article\" \/>\n<meta property=\"og:title\" content=\"Micro grills Acheta domesticus | Aliment viu - ANTDERGROUND\" \/>\n<meta property=\"og:description\" content=\"Compra micro grills Acheta domesticus de 5 dies. Aliment viu ideal per a r\u00e8ptils i amfibis joves. Alta prote\u00efna i f\u00e0cil digesti\u00f3.\" \/>\n<meta property=\"og:url\" content=\"https:\/\/antderground.com\/ca\/producte\/micro-grills-acheta-domesticus\/\" \/>\n<meta property=\"og:site_name\" content=\"ANTDERGROUND\" \/>\n<meta property=\"og:image\" content=\"https:\/\/antderground.com\/wp-content\/uploads\/2025\/04\/Micro-grillos-Acheta-domesticus.jpg\" \/>\n\t<meta property=\"og:image:width\" content=\"2048\" \/>\n\t<meta property=\"og:image:height\" content=\"2048\" \/>\n\t<meta property=\"og:image:type\" content=\"image\/jpeg\" \/>\n<meta name=\"twitter:card\" content=\"summary_large_image\" \/>\n<meta name=\"twitter:label1\" content=\"Temps estimat de lectura\" \/>\n\t<meta name=\"twitter:data1\" content=\"1 minut\" \/>\n<script type=\"application\/ld+json\" class=\"yoast-schema-graph\">{\"@context\":\"https:\\\/\\\/schema.org\",\"@graph\":[{\"@type\":\"WebPage\",\"@id\":\"https:\\\/\\\/antderground.com\\\/ca\\\/producte\\\/micro-grills-acheta-domesticus\\\/\",\"url\":\"https:\\\/\\\/antderground.com\\\/ca\\\/producte\\\/micro-grills-acheta-domesticus\\\/\",\"name\":\"Micro grills Acheta domesticus | Aliment viu - ANTDERGROUND\",\"isPartOf\":{\"@id\":\"https:\\\/\\\/antderground.com\\\/ca\\\/#website\"},\"primaryImageOfPage\":{\"@id\":\"https:\\\/\\\/antderground.com\\\/ca\\\/producte\\\/micro-grills-acheta-domesticus\\\/#primaryimage\"},\"image\":{\"@id\":\"https:\\\/\\\/antderground.com\\\/ca\\\/producte\\\/micro-grills-acheta-domesticus\\\/#primaryimage\"},\"thumbnailUrl\":\"https:\\\/\\\/antderground.com\\\/wp-content\\\/uploads\\\/2025\\\/04\\\/Micro-grillos-Acheta-domesticus.jpg\",\"datePublished\":\"2025-04-23T15:20:32+00:00\",\"description\":\"Compra micro grills Acheta domesticus de 5 dies. Aliment viu ideal per a r\u00e8ptils i amfibis joves. Alta prote\u00efna i f\u00e0cil digesti\u00f3.\",\"breadcrumb\":{\"@id\":\"https:\\\/\\\/antderground.com\\\/ca\\\/producte\\\/micro-grills-acheta-domesticus\\\/#breadcrumb\"},\"inLanguage\":\"ca\",\"potentialAction\":[{\"@type\":\"ReadAction\",\"target\":[\"https:\\\/\\\/antderground.com\\\/ca\\\/producte\\\/micro-grills-acheta-domesticus\\\/\"]}]},{\"@type\":\"ImageObject\",\"inLanguage\":\"ca\",\"@id\":\"https:\\\/\\\/antderground.com\\\/ca\\\/producte\\\/micro-grills-acheta-domesticus\\\/#primaryimage\",\"url\":\"https:\\\/\\\/antderground.com\\\/wp-content\\\/uploads\\\/2025\\\/04\\\/Micro-grillos-Acheta-domesticus.jpg\",\"contentUrl\":\"https:\\\/\\\/antderground.com\\\/wp-content\\\/uploads\\\/2025\\\/04\\\/Micro-grillos-Acheta-domesticus.jpg\",\"width\":2048,\"height\":2048,\"caption\":\"Micro grills Acheta domesticus\"},{\"@type\":\"BreadcrumbList\",\"@id\":\"https:\\\/\\\/antderground.com\\\/ca\\\/producte\\\/micro-grills-acheta-domesticus\\\/#breadcrumb\",\"itemListElement\":[{\"@type\":\"ListItem\",\"position\":1,\"name\":\"Portada\",\"item\":\"https:\\\/\\\/antderground.com\\\/ca\\\/\"},{\"@type\":\"ListItem\",\"position\":2,\"name\":\"Productes\",\"item\":\"https:\\\/\\\/antderground.com\\\/ca\\\/productes\\\/\"},{\"@type\":\"ListItem\",\"position\":3,\"name\":\"Micro grills Acheta domesticus\"}]},{\"@type\":\"WebSite\",\"@id\":\"https:\\\/\\\/antderground.com\\\/ca\\\/#website\",\"url\":\"https:\\\/\\\/antderground.com\\\/ca\\\/\",\"name\":\"ANTDERGROUND\",\"description\":\"Tu tienda de hormigas, gran variedad de hormigueros acr\u00edlicos,madera,arena,3D y mas.. Pide tus hormigas gratis con tu pedido, somos expertos en hormigueros antifugas.\",\"publisher\":{\"@id\":\"https:\\\/\\\/antderground.com\\\/ca\\\/#\\\/schema\\\/person\\\/0e322c505e84fe72c65e2f6d08f96b81\"},\"alternateName\":\"Antderground\",\"potentialAction\":[{\"@type\":\"SearchAction\",\"target\":{\"@type\":\"EntryPoint\",\"urlTemplate\":\"https:\\\/\\\/antderground.com\\\/ca\\\/?s={search_term_string}\"},\"query-input\":{\"@type\":\"PropertyValueSpecification\",\"valueRequired\":true,\"valueName\":\"search_term_string\"}}],\"inLanguage\":\"ca\"},{\"@type\":[\"Person\",\"Organization\"],\"@id\":\"https:\\\/\\\/antderground.com\\\/ca\\\/#\\\/schema\\\/person\\\/0e322c505e84fe72c65e2f6d08f96b81\",\"name\":\"Eric de Antderground\",\"image\":{\"@type\":\"ImageObject\",\"inLanguage\":\"ca\",\"@id\":\"https:\\\/\\\/secure.gravatar.com\\\/avatar\\\/c49a1b9f79216d1498cb73c1e85cd47f4465dda35f2a94c03790d491bd4423c3?s=96&d=mm&r=g\",\"url\":\"https:\\\/\\\/secure.gravatar.com\\\/avatar\\\/c49a1b9f79216d1498cb73c1e85cd47f4465dda35f2a94c03790d491bd4423c3?s=96&d=mm&r=g\",\"contentUrl\":\"https:\\\/\\\/secure.gravatar.com\\\/avatar\\\/c49a1b9f79216d1498cb73c1e85cd47f4465dda35f2a94c03790d491bd4423c3?s=96&d=mm&r=g\",\"caption\":\"Eric de Antderground\"},\"logo\":{\"@id\":\"https:\\\/\\\/secure.gravatar.com\\\/avatar\\\/c49a1b9f79216d1498cb73c1e85cd47f4465dda35f2a94c03790d491bd4423c3?s=96&d=mm&r=g\"},\"description\":\"Eric es el especialista y fundador de Antderground, con una amplia trayectoria en artr\u00f3podos y enfocado en la mirmecolog\u00eda y el dise\u00f1o de hormigueros artificiales. Su enfoque combina la innovaci\u00f3n t\u00e9cnica con el respeto por la biolog\u00eda de las hormigas, is\u00f3podos y otros, desarrollando sistemas de nidos modulares 3D y acr\u00edlicos que son referentes para aficionados y profesionales en toda Europa. Su objetivo es facilitar la cr\u00eda de hormigas y otros artr\u00f3podos mediante soluciones seguras y divulgaci\u00f3n de calidad.\",\"sameAs\":[\"https:\\\/\\\/antderground.com\\\/\",\"https:\\\/\\\/www.youtube.com\\\/channel\\\/UCio72z7TlbufkAthAJIJfPw\"]}]}<\/script>\n<!-- \/ Yoast SEO plugin. -->","yoast_head_json":{"title":"Micro grills Acheta domesticus | Aliment viu - ANTDERGROUND","description":"Compra micro grills Acheta domesticus de 5 dies. Aliment viu ideal per a r\u00e8ptils i amfibis joves. Alta prote\u00efna i f\u00e0cil digesti\u00f3.","robots":{"index":"index","follow":"follow","max-snippet":"max-snippet:-1","max-image-preview":"max-image-preview:large","max-video-preview":"max-video-preview:-1"},"canonical":"https:\/\/antderground.com\/ca\/producte\/micro-grills-acheta-domesticus\/","og_locale":"ca_ES","og_type":"article","og_title":"Micro grills Acheta domesticus | Aliment viu - ANTDERGROUND","og_description":"Compra micro grills Acheta domesticus de 5 dies. Aliment viu ideal per a r\u00e8ptils i amfibis joves. Alta prote\u00efna i f\u00e0cil digesti\u00f3.","og_url":"https:\/\/antderground.com\/ca\/producte\/micro-grills-acheta-domesticus\/","og_site_name":"ANTDERGROUND","og_image":[{"width":2048,"height":2048,"url":"https:\/\/antderground.com\/wp-content\/uploads\/2025\/04\/Micro-grillos-Acheta-domesticus.jpg","type":"image\/jpeg"}],"twitter_card":"summary_large_image","twitter_misc":{"Temps estimat de lectura":"1 minut"},"schema":{"@context":"https:\/\/schema.org","@graph":[{"@type":"WebPage","@id":"https:\/\/antderground.com\/ca\/producte\/micro-grills-acheta-domesticus\/","url":"https:\/\/antderground.com\/ca\/producte\/micro-grills-acheta-domesticus\/","name":"Micro grills Acheta domesticus | Aliment viu - ANTDERGROUND","isPartOf":{"@id":"https:\/\/antderground.com\/ca\/#website"},"primaryImageOfPage":{"@id":"https:\/\/antderground.com\/ca\/producte\/micro-grills-acheta-domesticus\/#primaryimage"},"image":{"@id":"https:\/\/antderground.com\/ca\/producte\/micro-grills-acheta-domesticus\/#primaryimage"},"thumbnailUrl":"https:\/\/antderground.com\/wp-content\/uploads\/2025\/04\/Micro-grillos-Acheta-domesticus.jpg","datePublished":"2025-04-23T15:20:32+00:00","description":"Compra micro grills Acheta domesticus de 5 dies. Aliment viu ideal per a r\u00e8ptils i amfibis joves. Alta prote\u00efna i f\u00e0cil digesti\u00f3.","breadcrumb":{"@id":"https:\/\/antderground.com\/ca\/producte\/micro-grills-acheta-domesticus\/#breadcrumb"},"inLanguage":"ca","potentialAction":[{"@type":"ReadAction","target":["https:\/\/antderground.com\/ca\/producte\/micro-grills-acheta-domesticus\/"]}]},{"@type":"ImageObject","inLanguage":"ca","@id":"https:\/\/antderground.com\/ca\/producte\/micro-grills-acheta-domesticus\/#primaryimage","url":"https:\/\/antderground.com\/wp-content\/uploads\/2025\/04\/Micro-grillos-Acheta-domesticus.jpg","contentUrl":"https:\/\/antderground.com\/wp-content\/uploads\/2025\/04\/Micro-grillos-Acheta-domesticus.jpg","width":2048,"height":2048,"caption":"Micro grills Acheta domesticus"},{"@type":"BreadcrumbList","@id":"https:\/\/antderground.com\/ca\/producte\/micro-grills-acheta-domesticus\/#breadcrumb","itemListElement":[{"@type":"ListItem","position":1,"name":"Portada","item":"https:\/\/antderground.com\/ca\/"},{"@type":"ListItem","position":2,"name":"Productes","item":"https:\/\/antderground.com\/ca\/productes\/"},{"@type":"ListItem","position":3,"name":"Micro grills Acheta domesticus"}]},{"@type":"WebSite","@id":"https:\/\/antderground.com\/ca\/#website","url":"https:\/\/antderground.com\/ca\/","name":"ANTDERGROUND","description":"Tu tienda de hormigas, gran variedad de hormigueros acr\u00edlicos,madera,arena,3D y mas.. Pide tus hormigas gratis con tu pedido, somos expertos en hormigueros antifugas.","publisher":{"@id":"https:\/\/antderground.com\/ca\/#\/schema\/person\/0e322c505e84fe72c65e2f6d08f96b81"},"alternateName":"Antderground","potentialAction":[{"@type":"SearchAction","target":{"@type":"EntryPoint","urlTemplate":"https:\/\/antderground.com\/ca\/?s={search_term_string}"},"query-input":{"@type":"PropertyValueSpecification","valueRequired":true,"valueName":"search_term_string"}}],"inLanguage":"ca"},{"@type":["Person","Organization"],"@id":"https:\/\/antderground.com\/ca\/#\/schema\/person\/0e322c505e84fe72c65e2f6d08f96b81","name":"Eric de Antderground","image":{"@type":"ImageObject","inLanguage":"ca","@id":"https:\/\/secure.gravatar.com\/avatar\/c49a1b9f79216d1498cb73c1e85cd47f4465dda35f2a94c03790d491bd4423c3?s=96&d=mm&r=g","url":"https:\/\/secure.gravatar.com\/avatar\/c49a1b9f79216d1498cb73c1e85cd47f4465dda35f2a94c03790d491bd4423c3?s=96&d=mm&r=g","contentUrl":"https:\/\/secure.gravatar.com\/avatar\/c49a1b9f79216d1498cb73c1e85cd47f4465dda35f2a94c03790d491bd4423c3?s=96&d=mm&r=g","caption":"Eric de Antderground"},"logo":{"@id":"https:\/\/secure.gravatar.com\/avatar\/c49a1b9f79216d1498cb73c1e85cd47f4465dda35f2a94c03790d491bd4423c3?s=96&d=mm&r=g"},"description":"Eric es el especialista y fundador de Antderground, con una amplia trayectoria en artr\u00f3podos y enfocado en la mirmecolog\u00eda y el dise\u00f1o de hormigueros artificiales. Su enfoque combina la innovaci\u00f3n t\u00e9cnica con el respeto por la biolog\u00eda de las hormigas, is\u00f3podos y otros, desarrollando sistemas de nidos modulares 3D y acr\u00edlicos que son referentes para aficionados y profesionales en toda Europa. Su objetivo es facilitar la cr\u00eda de hormigas y otros artr\u00f3podos mediante soluciones seguras y divulgaci\u00f3n de calidad.","sameAs":["https:\/\/antderground.com\/","https:\/\/www.youtube.com\/channel\/UCio72z7TlbufkAthAJIJfPw"]}]}},"_links":{"self":[{"href":"https:\/\/antderground.com\/ca\/wp-json\/wp\/v2\/product\/42019","targetHints":{"allow":["GET"]}}],"collection":[{"href":"https:\/\/antderground.com\/ca\/wp-json\/wp\/v2\/product"}],"about":[{"href":"https:\/\/antderground.com\/ca\/wp-json\/wp\/v2\/types\/product"}],"version-history":[{"count":0,"href":"https:\/\/antderground.com\/ca\/wp-json\/wp\/v2\/product\/42019\/revisions"}],"wp:featuredmedia":[{"embeddable":true,"href":"https:\/\/antderground.com\/ca\/wp-json\/wp\/v2\/media\/41996"}],"wp:attachment":[{"href":"https:\/\/antderground.com\/ca\/wp-json\/wp\/v2\/media?parent=42019"}],"wp:term":[{"taxonomy":"product_brand","embeddable":true,"href":"https:\/\/antderground.com\/ca\/wp-json\/wp\/v2\/product_brand?post=42019"},{"taxonomy":"product_cat","embeddable":true,"href":"https:\/\/antderground.com\/ca\/wp-json\/wp\/v2\/product_cat?post=42019"},{"taxonomy":"product_tag","embeddable":true,"href":"https:\/\/antderground.com\/ca\/wp-json\/wp\/v2\/product_tag?post=42019"}],"curies":[{"name":"wp","href":"https:\/\/api.w.org\/{rel}","templated":true}]}}