{"id":42137,"date":"2025-04-20T22:23:39","date_gmt":"2025-04-20T20:23:39","guid":{"rendered":"https:\/\/www.antderground.com\/producto\/echeveria-pulidonis\/"},"modified":"2025-04-28T11:52:36","modified_gmt":"2025-04-28T09:52:36","slug":"echeveria-pulidonis","status":"publish","type":"product","link":"https:\/\/antderground.com\/ca\/producte\/echeveria-pulidonis\/","title":{"rendered":"Echeveria Pulidonis"},"content":{"rendered":"<h3 class=\"\" data-start=\"96\" data-end=\"138\">\ud83c\udf35 Ficha T\u00e8cnica \u2013 Echeveria pulidonis<\/h3>\n<p class=\"\" data-start=\"140\" data-end=\"272\"><strong data-start=\"140\" data-end=\"153\">Nom com\u00fa:<\/strong> Echeveria<br data-start=\"163\" data-end=\"166\" \/><strong data-start=\"166\" data-end=\"184\">Nom cient\u00edfic:<\/strong> <em data-start=\"185\" data-end=\"206\">Echeveria pulidonis<\/em><br data-start=\"206\" data-end=\"209\" \/><strong data-start=\"209\" data-end=\"221\">Fam\u00edlia:<\/strong> Crassulaceae<br data-start=\"234\" data-end=\"237\" \/><strong data-start=\"237\" data-end=\"248\">Origen:<\/strong> M\u00e8xic i Am\u00e8rica Central<\/p>\n<h3 class=\"\" data-start=\"279\" data-end=\"296\">\ud83e\udeb4 Descripci\u00f3<\/h3>\n<p class=\"\" data-start=\"298\" data-end=\"623\">L\u2019<em data-start=\"300\" data-end=\"321\">Echeveria pulidonis<\/em> \u00e9s una suculenta perenne molt apreciada per la seva roseta compacta de fulles carnoses de color verd blau\u00f3s amb vores rosades. Aquesta coloraci\u00f3 es intensifica amb l\u2019exposici\u00f3 al sol. De creixement lent i mida mitjana, \u00e9s ideal per a testos decoratius, jardins de rocalla o composicions de suculentes.<\/p>\n<h3 class=\"\" data-start=\"630\" data-end=\"641\">\u2600\ufe0f Llum<\/h3>\n<ul data-start=\"643\" data-end=\"820\">\n<li class=\"\" data-start=\"643\" data-end=\"680\">\n<p class=\"\" data-start=\"645\" data-end=\"680\">Necessita <strong data-start=\"655\" data-end=\"677\">molta llum natural<\/strong>.<\/p>\n<\/li>\n<li class=\"\" data-start=\"681\" data-end=\"752\">\n<p class=\"\" data-start=\"683\" data-end=\"752\">Prefereix exposici\u00f3 <strong data-start=\"703\" data-end=\"720\">solar directa<\/strong> durant diverses hores al dia.<\/p>\n<\/li>\n<li class=\"\" data-start=\"753\" data-end=\"820\">\n<p class=\"\" data-start=\"755\" data-end=\"820\">A l\u2019interior, ubicar a prop d\u2019una <strong data-start=\"789\" data-end=\"819\">finestres molt il\u00b7luminada<\/strong>.<\/p>\n<\/li>\n<\/ul>\n<h3 class=\"\" data-start=\"827\" data-end=\"837\">\ud83d\udca7 Reg<\/h3>\n<ul data-start=\"839\" data-end=\"1015\">\n<li class=\"\" data-start=\"839\" data-end=\"901\">\n<p class=\"\" data-start=\"841\" data-end=\"901\">Regar nom\u00e9s quan el substrat estigui <strong data-start=\"878\" data-end=\"898\">completament sec<\/strong>.<\/p>\n<\/li>\n<li class=\"\" data-start=\"902\" data-end=\"941\">\n<p class=\"\" data-start=\"904\" data-end=\"941\">A l\u2019hivern, reduir el reg al m\u00ednim.<\/p>\n<\/li>\n<li class=\"\" data-start=\"942\" data-end=\"1015\">\n<p class=\"\" data-start=\"944\" data-end=\"1015\"><strong data-start=\"944\" data-end=\"975\">Evitar embassaments d\u2019aigua<\/strong>: l\u2019exc\u00e9s d\u2019aigua pot podrir les arrels.<\/p>\n<\/li>\n<\/ul>\n<h3 class=\"\" data-start=\"1022\" data-end=\"1041\">\ud83c\udf21\ufe0f Temperatura<\/h3>\n<ul data-start=\"1043\" data-end=\"1215\">\n<li class=\"\" data-start=\"1043\" data-end=\"1078\">\n<p class=\"\" data-start=\"1045\" data-end=\"1078\">Rango ideal: <strong data-start=\"1058\" data-end=\"1075\">15\u202f\u00b0C a 26\u202f\u00b0C<\/strong>.<\/p>\n<\/li>\n<li class=\"\" data-start=\"1079\" data-end=\"1140\">\n<p class=\"\" data-start=\"1081\" data-end=\"1140\">Tolera temperatures m\u00e9s altes si l\u2019ambient est\u00e0 ventilat.<\/p>\n<\/li>\n<li class=\"\" data-start=\"1141\" data-end=\"1215\">\n<p class=\"\" data-start=\"1143\" data-end=\"1215\">No resisteix les gla\u00e7ades. Protegir si la temperatura baixa de <strong data-start=\"1206\" data-end=\"1214\">5\u202f\u00b0C<\/strong>.<\/p>\n<\/li>\n<\/ul>\n<h3 class=\"\" data-start=\"1222\" data-end=\"1237\">\ud83c\udf31 Substrat<\/h3>\n<ul data-start=\"1239\" data-end=\"1359\">\n<li class=\"\" data-start=\"1239\" data-end=\"1297\">\n<p class=\"\" data-start=\"1241\" data-end=\"1297\">Terra ben drenada, especial per a suculentes o cactus.<\/p>\n<\/li>\n<li class=\"\" data-start=\"1298\" data-end=\"1359\">\n<p class=\"\" data-start=\"1300\" data-end=\"1359\">Ideal: mescla de terra universal, sorra gruixuda i perlita.<\/p>\n<\/li>\n<\/ul>\n<h3 class=\"\" data-start=\"1366\" data-end=\"1386\">\ud83e\uddea Fertilitzaci\u00f3<\/h3>\n<ul data-start=\"1388\" data-end=\"1514\">\n<li class=\"\" data-start=\"1388\" data-end=\"1490\">\n<p class=\"\" data-start=\"1390\" data-end=\"1490\">Adobar a la primavera i l\u2019estiu amb fertilitzant per a cactus o suculentes, cada <strong data-start=\"1471\" data-end=\"1487\">4-6 setmanes<\/strong>.<\/p>\n<\/li>\n<li class=\"\" data-start=\"1491\" data-end=\"1514\">\n<p class=\"\" data-start=\"1493\" data-end=\"1514\">No adobar a l\u2019hivern.<\/p>\n<\/li>\n<\/ul>\n<h3 class=\"\" data-start=\"1521\" data-end=\"1536\">\ud83c\udf38 Floraci\u00f3<\/h3>\n<ul data-start=\"1538\" data-end=\"1637\">\n<li class=\"\" data-start=\"1538\" data-end=\"1575\">\n<p class=\"\" data-start=\"1540\" data-end=\"1575\">Floreix a la primavera o l\u2019estiu.<\/p>\n<\/li>\n<li class=\"\" data-start=\"1576\" data-end=\"1637\">\n<p class=\"\" data-start=\"1578\" data-end=\"1637\">Infloresc\u00e8ncies altes amb petites flors grogues o taronges.<\/p>\n<\/li>\n<\/ul>\n<h3 class=\"\" data-start=\"1644\" data-end=\"1662\">\u267b\ufe0f Reproducci\u00f3<\/h3>\n<ul data-start=\"1664\" data-end=\"1828\">\n<li class=\"\" data-start=\"1664\" data-end=\"1723\">\n<p class=\"\" data-start=\"1666\" data-end=\"1723\">Per <strong data-start=\"1670\" data-end=\"1681\">fillols<\/strong> que neixen al costat de la planta mare.<\/p>\n<\/li>\n<li class=\"\" data-start=\"1724\" data-end=\"1780\">\n<p class=\"\" data-start=\"1726\" data-end=\"1780\">Tamb\u00e9 per <strong data-start=\"1736\" data-end=\"1746\">fulles<\/strong>, tot i que de manera m\u00e9s lenta.<\/p>\n<\/li>\n<li class=\"\" data-start=\"1781\" data-end=\"1828\">\n<p class=\"\" data-start=\"1783\" data-end=\"1828\">Deixar assecar l\u2019esqueix abans de plantar-lo.<\/p>\n<\/li>\n<\/ul>\n<h3 class=\"\" data-start=\"1835\" data-end=\"1851\">\ud83d\udc3e Seguretat<\/h3>\n<ul data-start=\"1853\" data-end=\"1894\">\n<li class=\"\" data-start=\"1853\" data-end=\"1894\">\n<p class=\"\" data-start=\"1855\" data-end=\"1894\"><strong data-start=\"1855\" data-end=\"1868\">No t\u00f2xica<\/strong> per a mascotes.<\/p>\n<\/li>\n<\/ul>\n","protected":false},"excerpt":{"rendered":"<p class=\"\" data-start=\"1917\" data-end=\"2132\">Echeveria pulidonis, una suculenta resistent i decorativa amb fulles verdoses i vores rosades. Ideal per a interiors lluminosos o terrasses assolellades. \u00a1F\u00e0cil de cuidar i perfecta per donar vida al teu espai! \ud83c\udf3f\ud83d\ude09<\/p>\n","protected":false},"featured_media":41914,"template":"","meta":[],"product_brand":[],"product_cat":[636],"product_tag":[],"class_list":{"0":"post-42137","1":"product","2":"type-product","3":"status-publish","4":"has-post-thumbnail","6":"product_cat-plantes-naturals","8":"first","9":"instock","10":"shipping-taxable","11":"purchasable","12":"product-type-variable"},"yoast_head":"<!-- This site is optimized with the Yoast SEO plugin v27.3 - https:\/\/yoast.com\/product\/yoast-seo-wordpress\/ -->\n<title>Echeveria Pulidonis | Plantes suculentes - ANTDERGROUND<\/title>\n<meta name=\"description\" content=\"Descobreix l\u2019Echeveria pulidonis \ud83c\udf35, una suculenta f\u00e0cil de cuidar, amb fulles verdes i vores vermelles. Ideal per a interior o exterior.\" \/>\n<meta name=\"robots\" content=\"index, follow, max-snippet:-1, max-image-preview:large, max-video-preview:-1\" \/>\n<link rel=\"canonical\" href=\"https:\/\/antderground.com\/ca\/producte\/echeveria-pulidonis\/\" \/>\n<meta property=\"og:locale\" content=\"ca_ES\" \/>\n<meta property=\"og:type\" content=\"article\" \/>\n<meta property=\"og:title\" content=\"Echeveria Pulidonis | Plantes suculentes - ANTDERGROUND\" \/>\n<meta property=\"og:description\" content=\"Descobreix l\u2019Echeveria pulidonis \ud83c\udf35, una suculenta f\u00e0cil de cuidar, amb fulles verdes i vores vermelles. Ideal per a interior o exterior.\" \/>\n<meta property=\"og:url\" content=\"https:\/\/antderground.com\/ca\/producte\/echeveria-pulidonis\/\" \/>\n<meta property=\"og:site_name\" content=\"ANTDERGROUND\" \/>\n<meta property=\"article:modified_time\" content=\"2025-04-28T09:52:36+00:00\" \/>\n<meta property=\"og:image\" content=\"https:\/\/antderground.com\/wp-content\/uploads\/2025\/04\/Echeveria-Pulidonis.jpg\" \/>\n\t<meta property=\"og:image:width\" content=\"1280\" \/>\n\t<meta property=\"og:image:height\" content=\"1280\" \/>\n\t<meta property=\"og:image:type\" content=\"image\/jpeg\" \/>\n<meta name=\"twitter:card\" content=\"summary_large_image\" \/>\n<meta name=\"twitter:label1\" content=\"Temps estimat de lectura\" \/>\n\t<meta name=\"twitter:data1\" content=\"1 minut\" \/>\n<script type=\"application\/ld+json\" class=\"yoast-schema-graph\">{\"@context\":\"https:\\\/\\\/schema.org\",\"@graph\":[{\"@type\":\"WebPage\",\"@id\":\"https:\\\/\\\/antderground.com\\\/ca\\\/producte\\\/echeveria-pulidonis\\\/\",\"url\":\"https:\\\/\\\/antderground.com\\\/ca\\\/producte\\\/echeveria-pulidonis\\\/\",\"name\":\"Echeveria Pulidonis | Plantes suculentes - ANTDERGROUND\",\"isPartOf\":{\"@id\":\"https:\\\/\\\/antderground.com\\\/ca\\\/#website\"},\"primaryImageOfPage\":{\"@id\":\"https:\\\/\\\/antderground.com\\\/ca\\\/producte\\\/echeveria-pulidonis\\\/#primaryimage\"},\"image\":{\"@id\":\"https:\\\/\\\/antderground.com\\\/ca\\\/producte\\\/echeveria-pulidonis\\\/#primaryimage\"},\"thumbnailUrl\":\"https:\\\/\\\/antderground.com\\\/wp-content\\\/uploads\\\/2025\\\/04\\\/Echeveria-Pulidonis.jpg\",\"datePublished\":\"2025-04-20T20:23:39+00:00\",\"dateModified\":\"2025-04-28T09:52:36+00:00\",\"description\":\"Descobreix l\u2019Echeveria pulidonis \ud83c\udf35, una suculenta f\u00e0cil de cuidar, amb fulles verdes i vores vermelles. Ideal per a interior o exterior.\",\"breadcrumb\":{\"@id\":\"https:\\\/\\\/antderground.com\\\/ca\\\/producte\\\/echeveria-pulidonis\\\/#breadcrumb\"},\"inLanguage\":\"ca\",\"potentialAction\":[{\"@type\":\"ReadAction\",\"target\":[\"https:\\\/\\\/antderground.com\\\/ca\\\/producte\\\/echeveria-pulidonis\\\/\"]}]},{\"@type\":\"ImageObject\",\"inLanguage\":\"ca\",\"@id\":\"https:\\\/\\\/antderground.com\\\/ca\\\/producte\\\/echeveria-pulidonis\\\/#primaryimage\",\"url\":\"https:\\\/\\\/antderground.com\\\/wp-content\\\/uploads\\\/2025\\\/04\\\/Echeveria-Pulidonis.jpg\",\"contentUrl\":\"https:\\\/\\\/antderground.com\\\/wp-content\\\/uploads\\\/2025\\\/04\\\/Echeveria-Pulidonis.jpg\",\"width\":1280,\"height\":1280,\"caption\":\"Echeveria Pulidonis\"},{\"@type\":\"BreadcrumbList\",\"@id\":\"https:\\\/\\\/antderground.com\\\/ca\\\/producte\\\/echeveria-pulidonis\\\/#breadcrumb\",\"itemListElement\":[{\"@type\":\"ListItem\",\"position\":1,\"name\":\"Portada\",\"item\":\"https:\\\/\\\/antderground.com\\\/ca\\\/\"},{\"@type\":\"ListItem\",\"position\":2,\"name\":\"Productes\",\"item\":\"https:\\\/\\\/antderground.com\\\/ca\\\/productes\\\/\"},{\"@type\":\"ListItem\",\"position\":3,\"name\":\"Echeveria Pulidonis\"}]},{\"@type\":\"WebSite\",\"@id\":\"https:\\\/\\\/antderground.com\\\/ca\\\/#website\",\"url\":\"https:\\\/\\\/antderground.com\\\/ca\\\/\",\"name\":\"ANTDERGROUND\",\"description\":\"Tu tienda de hormigas, gran variedad de hormigueros acr\u00edlicos,madera,arena,3D y mas.. Pide tus hormigas gratis con tu pedido, somos expertos en hormigueros antifugas.\",\"publisher\":{\"@id\":\"https:\\\/\\\/antderground.com\\\/ca\\\/#\\\/schema\\\/person\\\/0e322c505e84fe72c65e2f6d08f96b81\"},\"alternateName\":\"Antderground\",\"potentialAction\":[{\"@type\":\"SearchAction\",\"target\":{\"@type\":\"EntryPoint\",\"urlTemplate\":\"https:\\\/\\\/antderground.com\\\/ca\\\/?s={search_term_string}\"},\"query-input\":{\"@type\":\"PropertyValueSpecification\",\"valueRequired\":true,\"valueName\":\"search_term_string\"}}],\"inLanguage\":\"ca\"},{\"@type\":[\"Person\",\"Organization\"],\"@id\":\"https:\\\/\\\/antderground.com\\\/ca\\\/#\\\/schema\\\/person\\\/0e322c505e84fe72c65e2f6d08f96b81\",\"name\":\"Eric de Antderground\",\"image\":{\"@type\":\"ImageObject\",\"inLanguage\":\"ca\",\"@id\":\"https:\\\/\\\/secure.gravatar.com\\\/avatar\\\/c49a1b9f79216d1498cb73c1e85cd47f4465dda35f2a94c03790d491bd4423c3?s=96&d=mm&r=g\",\"url\":\"https:\\\/\\\/secure.gravatar.com\\\/avatar\\\/c49a1b9f79216d1498cb73c1e85cd47f4465dda35f2a94c03790d491bd4423c3?s=96&d=mm&r=g\",\"contentUrl\":\"https:\\\/\\\/secure.gravatar.com\\\/avatar\\\/c49a1b9f79216d1498cb73c1e85cd47f4465dda35f2a94c03790d491bd4423c3?s=96&d=mm&r=g\",\"caption\":\"Eric de Antderground\"},\"logo\":{\"@id\":\"https:\\\/\\\/secure.gravatar.com\\\/avatar\\\/c49a1b9f79216d1498cb73c1e85cd47f4465dda35f2a94c03790d491bd4423c3?s=96&d=mm&r=g\"},\"description\":\"Eric es el especialista y fundador de Antderground, con una amplia trayectoria en artr\u00f3podos y enfocado en la mirmecolog\u00eda y el dise\u00f1o de hormigueros artificiales. Su enfoque combina la innovaci\u00f3n t\u00e9cnica con el respeto por la biolog\u00eda de las hormigas, is\u00f3podos y otros, desarrollando sistemas de nidos modulares 3D y acr\u00edlicos que son referentes para aficionados y profesionales en toda Europa. Su objetivo es facilitar la cr\u00eda de hormigas y otros artr\u00f3podos mediante soluciones seguras y divulgaci\u00f3n de calidad.\",\"sameAs\":[\"https:\\\/\\\/antderground.com\\\/\",\"https:\\\/\\\/www.youtube.com\\\/channel\\\/UCio72z7TlbufkAthAJIJfPw\"]}]}<\/script>\n<!-- \/ Yoast SEO plugin. -->","yoast_head_json":{"title":"Echeveria Pulidonis | Plantes suculentes - ANTDERGROUND","description":"Descobreix l\u2019Echeveria pulidonis \ud83c\udf35, una suculenta f\u00e0cil de cuidar, amb fulles verdes i vores vermelles. Ideal per a interior o exterior.","robots":{"index":"index","follow":"follow","max-snippet":"max-snippet:-1","max-image-preview":"max-image-preview:large","max-video-preview":"max-video-preview:-1"},"canonical":"https:\/\/antderground.com\/ca\/producte\/echeveria-pulidonis\/","og_locale":"ca_ES","og_type":"article","og_title":"Echeveria Pulidonis | Plantes suculentes - ANTDERGROUND","og_description":"Descobreix l\u2019Echeveria pulidonis \ud83c\udf35, una suculenta f\u00e0cil de cuidar, amb fulles verdes i vores vermelles. Ideal per a interior o exterior.","og_url":"https:\/\/antderground.com\/ca\/producte\/echeveria-pulidonis\/","og_site_name":"ANTDERGROUND","article_modified_time":"2025-04-28T09:52:36+00:00","og_image":[{"width":1280,"height":1280,"url":"https:\/\/antderground.com\/wp-content\/uploads\/2025\/04\/Echeveria-Pulidonis.jpg","type":"image\/jpeg"}],"twitter_card":"summary_large_image","twitter_misc":{"Temps estimat de lectura":"1 minut"},"schema":{"@context":"https:\/\/schema.org","@graph":[{"@type":"WebPage","@id":"https:\/\/antderground.com\/ca\/producte\/echeveria-pulidonis\/","url":"https:\/\/antderground.com\/ca\/producte\/echeveria-pulidonis\/","name":"Echeveria Pulidonis | Plantes suculentes - ANTDERGROUND","isPartOf":{"@id":"https:\/\/antderground.com\/ca\/#website"},"primaryImageOfPage":{"@id":"https:\/\/antderground.com\/ca\/producte\/echeveria-pulidonis\/#primaryimage"},"image":{"@id":"https:\/\/antderground.com\/ca\/producte\/echeveria-pulidonis\/#primaryimage"},"thumbnailUrl":"https:\/\/antderground.com\/wp-content\/uploads\/2025\/04\/Echeveria-Pulidonis.jpg","datePublished":"2025-04-20T20:23:39+00:00","dateModified":"2025-04-28T09:52:36+00:00","description":"Descobreix l\u2019Echeveria pulidonis \ud83c\udf35, una suculenta f\u00e0cil de cuidar, amb fulles verdes i vores vermelles. Ideal per a interior o exterior.","breadcrumb":{"@id":"https:\/\/antderground.com\/ca\/producte\/echeveria-pulidonis\/#breadcrumb"},"inLanguage":"ca","potentialAction":[{"@type":"ReadAction","target":["https:\/\/antderground.com\/ca\/producte\/echeveria-pulidonis\/"]}]},{"@type":"ImageObject","inLanguage":"ca","@id":"https:\/\/antderground.com\/ca\/producte\/echeveria-pulidonis\/#primaryimage","url":"https:\/\/antderground.com\/wp-content\/uploads\/2025\/04\/Echeveria-Pulidonis.jpg","contentUrl":"https:\/\/antderground.com\/wp-content\/uploads\/2025\/04\/Echeveria-Pulidonis.jpg","width":1280,"height":1280,"caption":"Echeveria Pulidonis"},{"@type":"BreadcrumbList","@id":"https:\/\/antderground.com\/ca\/producte\/echeveria-pulidonis\/#breadcrumb","itemListElement":[{"@type":"ListItem","position":1,"name":"Portada","item":"https:\/\/antderground.com\/ca\/"},{"@type":"ListItem","position":2,"name":"Productes","item":"https:\/\/antderground.com\/ca\/productes\/"},{"@type":"ListItem","position":3,"name":"Echeveria Pulidonis"}]},{"@type":"WebSite","@id":"https:\/\/antderground.com\/ca\/#website","url":"https:\/\/antderground.com\/ca\/","name":"ANTDERGROUND","description":"Tu tienda de hormigas, gran variedad de hormigueros acr\u00edlicos,madera,arena,3D y mas.. Pide tus hormigas gratis con tu pedido, somos expertos en hormigueros antifugas.","publisher":{"@id":"https:\/\/antderground.com\/ca\/#\/schema\/person\/0e322c505e84fe72c65e2f6d08f96b81"},"alternateName":"Antderground","potentialAction":[{"@type":"SearchAction","target":{"@type":"EntryPoint","urlTemplate":"https:\/\/antderground.com\/ca\/?s={search_term_string}"},"query-input":{"@type":"PropertyValueSpecification","valueRequired":true,"valueName":"search_term_string"}}],"inLanguage":"ca"},{"@type":["Person","Organization"],"@id":"https:\/\/antderground.com\/ca\/#\/schema\/person\/0e322c505e84fe72c65e2f6d08f96b81","name":"Eric de Antderground","image":{"@type":"ImageObject","inLanguage":"ca","@id":"https:\/\/secure.gravatar.com\/avatar\/c49a1b9f79216d1498cb73c1e85cd47f4465dda35f2a94c03790d491bd4423c3?s=96&d=mm&r=g","url":"https:\/\/secure.gravatar.com\/avatar\/c49a1b9f79216d1498cb73c1e85cd47f4465dda35f2a94c03790d491bd4423c3?s=96&d=mm&r=g","contentUrl":"https:\/\/secure.gravatar.com\/avatar\/c49a1b9f79216d1498cb73c1e85cd47f4465dda35f2a94c03790d491bd4423c3?s=96&d=mm&r=g","caption":"Eric de Antderground"},"logo":{"@id":"https:\/\/secure.gravatar.com\/avatar\/c49a1b9f79216d1498cb73c1e85cd47f4465dda35f2a94c03790d491bd4423c3?s=96&d=mm&r=g"},"description":"Eric es el especialista y fundador de Antderground, con una amplia trayectoria en artr\u00f3podos y enfocado en la mirmecolog\u00eda y el dise\u00f1o de hormigueros artificiales. Su enfoque combina la innovaci\u00f3n t\u00e9cnica con el respeto por la biolog\u00eda de las hormigas, is\u00f3podos y otros, desarrollando sistemas de nidos modulares 3D y acr\u00edlicos que son referentes para aficionados y profesionales en toda Europa. Su objetivo es facilitar la cr\u00eda de hormigas y otros artr\u00f3podos mediante soluciones seguras y divulgaci\u00f3n de calidad.","sameAs":["https:\/\/antderground.com\/","https:\/\/www.youtube.com\/channel\/UCio72z7TlbufkAthAJIJfPw"]}]}},"_links":{"self":[{"href":"https:\/\/antderground.com\/ca\/wp-json\/wp\/v2\/product\/42137","targetHints":{"allow":["GET"]}}],"collection":[{"href":"https:\/\/antderground.com\/ca\/wp-json\/wp\/v2\/product"}],"about":[{"href":"https:\/\/antderground.com\/ca\/wp-json\/wp\/v2\/types\/product"}],"version-history":[{"count":0,"href":"https:\/\/antderground.com\/ca\/wp-json\/wp\/v2\/product\/42137\/revisions"}],"wp:featuredmedia":[{"embeddable":true,"href":"https:\/\/antderground.com\/ca\/wp-json\/wp\/v2\/media\/41914"}],"wp:attachment":[{"href":"https:\/\/antderground.com\/ca\/wp-json\/wp\/v2\/media?parent=42137"}],"wp:term":[{"taxonomy":"product_brand","embeddable":true,"href":"https:\/\/antderground.com\/ca\/wp-json\/wp\/v2\/product_brand?post=42137"},{"taxonomy":"product_cat","embeddable":true,"href":"https:\/\/antderground.com\/ca\/wp-json\/wp\/v2\/product_cat?post=42137"},{"taxonomy":"product_tag","embeddable":true,"href":"https:\/\/antderground.com\/ca\/wp-json\/wp\/v2\/product_tag?post=42137"}],"curies":[{"name":"wp","href":"https:\/\/api.w.org\/{rel}","templated":true}]}}