{"id":46940,"date":"2025-10-30T10:44:16","date_gmt":"2025-10-30T09:44:16","guid":{"rendered":"https:\/\/www.antderground.com\/producto\/escorca-de-suro-natural\/"},"modified":"2025-10-30T10:44:16","modified_gmt":"2025-10-30T09:44:16","slug":"escorca-de-suro-natural","status":"publish","type":"product","link":"https:\/\/antderground.com\/ca\/producte\/escorca-de-suro-natural\/","title":{"rendered":"Escor\u00e7a de Suro (Natural)"},"content":{"rendered":"<p>L\u2019<strong>Escor\u00e7a de Suro Natural<\/strong> \u00e9s un element essencial per crear ambients realistes i funcionals en terraris i zones de foratge. La seva textura rugosa i forma irregular la converteixen en una pe\u00e7a ideal per <strong>recrear refugis, amagatalls i microh\u00e0bitats naturals<\/strong>, oferint als animals un espai segur i confortable.<\/p>\n<p>Aquesta escor\u00e7a \u00e9s perfecta per a <strong>is\u00f2podes i formigues<\/strong>, ja que ajuda a mantenir una <strong>humitat equilibrada<\/strong> dins del terrari, afavorint el desenvolupament de la microfauna i evitant la sequedat del substrat. A m\u00e9s, la seva superf\u00edcie porosa facilita el creixement de molses i l\u00edquens, aportant un entorn m\u00e9s viu i natural.<\/p>\n<p>Com a material <strong>100% natural<\/strong>, lliure de tractaments qu\u00edmics, pot utilitzar-se tant en muntatges humits com secs, adaptant-se a diferents esp\u00e8cies i ecosistemes. La seva durabilitat i resist\u00e8ncia la fan una opci\u00f3 excel\u00b7lent per decorar, protegir i enriquir qualsevol h\u00e0bitat.<\/p>\n<p><strong>Ideal per a:<\/strong><\/p>\n<ul>\n<li>Terraris tropicals, naturals o des\u00e8rtics.<\/li>\n<li>Zones de foratge de col\u00f2nies de formigues.<\/li>\n<li>Refugi i desenvolupament d\u2019is\u00f2podes, col\u00b7l\u00e8mbols i altres invertebrats.<\/li>\n<li>Decoraci\u00f3 d\u2019entorns biol\u00f2gics i naturals.<\/li>\n<\/ul>\n<p><strong>Caracter\u00edstiques:<\/strong><\/p>\n<ul>\n<li>100% Natural<\/li>\n<li>Ret\u00e9 la humitat<\/li>\n<li>Perfecta com a amagatall<\/li>\n<\/ul>\n","protected":false},"excerpt":{"rendered":"<p>Escor\u00e7a de Suro \ud83c\udf3f 100% natural, ideal per a terraris i zones de foratge. Mant\u00e9 la humitat, crea amagatalls naturals i afavoreix el benestar d\u2019is\u00f2podes, formigues i altres invertebrats. Dona un toc aut\u00e8ntic al teu h\u00e0bitat!<\/p>\n<article class=\"text-token-text-primary w-full focus:outline-none [--shadow-height:45px] has-data-writing-block:pointer-events-none has-data-writing-block:-mt-(--shadow-height) has-data-writing-block:pt-(--shadow-height) [&amp;:has([data-writing-block])&gt;*]:pointer-events-auto [content-visibility:auto] supports-[content-visibility:auto]:[contain-intrinsic-size:auto_100lvh] scroll-mt-[calc(var(--header-height)+min(200px,max(70px,20svh)))]\" dir=\"auto\" tabindex=\"-1\" data-turn-id=\"request-69032bb3-364c-8327-a2e8-b024fa6c6aad-3\" data-testid=\"conversation-turn-18\" data-scroll-anchor=\"true\" data-turn=\"assistant\">\n<div class=\"text-base my-auto mx-auto pb-10 [--thread-content-margin:--spacing(4)] thread-sm:[--thread-content-margin:--spacing(6)] thread-lg:[--thread-content-margin:--spacing(16)] px-(--thread-content-margin)\">\n<div class=\"[--thread-content-max-width:40rem] thread-lg:[--thread-content-max-width:48rem] mx-auto max-w-(--thread-content-max-width) flex-1 group\/turn-messages focus-visible:outline-hidden relative flex w-full min-w-0 flex-col agent-turn\" tabindex=\"-1\">\n<div class=\"flex max-w-full flex-col grow\">\n<div class=\"min-h-8 text-message relative flex w-full flex-col items-end gap-2 text-start break-words whitespace-normal [.text-message+&amp;]:mt-1\" dir=\"auto\" data-message-author-role=\"assistant\" data-message-id=\"cfa36874-da2b-48ad-ae96-2b021631ee91\" data-message-model-slug=\"gpt-5\">\n<div class=\"flex w-full flex-col gap-1 empty:hidden first:pt-[1px]\">\n<div class=\"markdown prose dark:prose-invert w-full break-words dark markdown-new-styling\">\n<ul data-start=\"0\" data-end=\"50\" data-is-last-node=\"\" data-is-only-node=\"\">\n<li data-start=\"0\" data-end=\"50\" data-is-last-node=\"\">\n<p data-start=\"2\" data-end=\"50\" data-is-last-node=\"\">Preu per pe\u00e7a i mida en llarg (amplada variable).<\/p>\n<\/li>\n<\/ul>\n<\/div>\n<\/div>\n<\/div>\n<\/div>\n<\/div>\n<\/div>\n<\/article>\n","protected":false},"featured_media":46874,"template":"","meta":[],"product_brand":[],"product_cat":[163],"product_tag":[],"class_list":{"0":"post-46940","1":"product","2":"type-product","3":"status-publish","4":"has-post-thumbnail","6":"product_cat-decoracio","8":"first","9":"instock","10":"shipping-taxable","11":"purchasable","12":"product-type-variable"},"yoast_head":"<!-- This site is optimized with the Yoast SEO plugin v27.3 - https:\/\/yoast.com\/product\/yoast-seo-wordpress\/ -->\n<title>Escor\u00e7a de Suro (Natural) | Ideal per a Terraris - ANTDERGROUND<\/title>\n<meta name=\"description\" content=\"Escor\u00e7a de Suro natural per a terraris i zones de foratge. Mant\u00e9 la humitat i crea refugis ideals per a is\u00f2podes i formigues.\" \/>\n<meta name=\"robots\" content=\"index, follow, max-snippet:-1, max-image-preview:large, max-video-preview:-1\" \/>\n<link rel=\"canonical\" href=\"https:\/\/antderground.com\/ca\/producte\/escorca-de-suro-natural\/\" \/>\n<meta property=\"og:locale\" content=\"ca_ES\" \/>\n<meta property=\"og:type\" content=\"article\" \/>\n<meta property=\"og:title\" content=\"Escor\u00e7a de Suro (Natural) | Ideal per a Terraris - ANTDERGROUND\" \/>\n<meta property=\"og:description\" content=\"Escor\u00e7a de Suro natural per a terraris i zones de foratge. Mant\u00e9 la humitat i crea refugis ideals per a is\u00f2podes i formigues.\" \/>\n<meta property=\"og:url\" content=\"https:\/\/antderground.com\/ca\/producte\/escorca-de-suro-natural\/\" \/>\n<meta property=\"og:site_name\" content=\"ANTDERGROUND\" \/>\n<meta property=\"og:image\" content=\"https:\/\/antderground.com\/wp-content\/uploads\/2025\/10\/Corteza-de-Bornizo-Natural-terrarium.jpeg\" \/>\n\t<meta property=\"og:image:width\" content=\"1280\" \/>\n\t<meta property=\"og:image:height\" content=\"960\" \/>\n\t<meta property=\"og:image:type\" content=\"image\/jpeg\" \/>\n<meta name=\"twitter:card\" content=\"summary_large_image\" \/>\n<meta name=\"twitter:label1\" content=\"Temps estimat de lectura\" \/>\n\t<meta name=\"twitter:data1\" content=\"1 minut\" \/>\n<script type=\"application\/ld+json\" class=\"yoast-schema-graph\">{\"@context\":\"https:\\\/\\\/schema.org\",\"@graph\":[{\"@type\":\"WebPage\",\"@id\":\"https:\\\/\\\/antderground.com\\\/ca\\\/producte\\\/escorca-de-suro-natural\\\/\",\"url\":\"https:\\\/\\\/antderground.com\\\/ca\\\/producte\\\/escorca-de-suro-natural\\\/\",\"name\":\"Escor\u00e7a de Suro (Natural) | Ideal per a Terraris - ANTDERGROUND\",\"isPartOf\":{\"@id\":\"https:\\\/\\\/antderground.com\\\/ca\\\/#website\"},\"primaryImageOfPage\":{\"@id\":\"https:\\\/\\\/antderground.com\\\/ca\\\/producte\\\/escorca-de-suro-natural\\\/#primaryimage\"},\"image\":{\"@id\":\"https:\\\/\\\/antderground.com\\\/ca\\\/producte\\\/escorca-de-suro-natural\\\/#primaryimage\"},\"thumbnailUrl\":\"https:\\\/\\\/antderground.com\\\/wp-content\\\/uploads\\\/2025\\\/10\\\/Corteza-de-Bornizo-Natural-terrarium.jpeg\",\"datePublished\":\"2025-10-30T09:44:16+00:00\",\"description\":\"Escor\u00e7a de Suro natural per a terraris i zones de foratge. Mant\u00e9 la humitat i crea refugis ideals per a is\u00f2podes i formigues.\",\"breadcrumb\":{\"@id\":\"https:\\\/\\\/antderground.com\\\/ca\\\/producte\\\/escorca-de-suro-natural\\\/#breadcrumb\"},\"inLanguage\":\"ca\",\"potentialAction\":[{\"@type\":\"ReadAction\",\"target\":[\"https:\\\/\\\/antderground.com\\\/ca\\\/producte\\\/escorca-de-suro-natural\\\/\"]}]},{\"@type\":\"ImageObject\",\"inLanguage\":\"ca\",\"@id\":\"https:\\\/\\\/antderground.com\\\/ca\\\/producte\\\/escorca-de-suro-natural\\\/#primaryimage\",\"url\":\"https:\\\/\\\/antderground.com\\\/wp-content\\\/uploads\\\/2025\\\/10\\\/Corteza-de-Bornizo-Natural-terrarium.jpeg\",\"contentUrl\":\"https:\\\/\\\/antderground.com\\\/wp-content\\\/uploads\\\/2025\\\/10\\\/Corteza-de-Bornizo-Natural-terrarium.jpeg\",\"width\":1280,\"height\":960,\"caption\":\"Escor\u00e7a de Suro Natural \ud83c\udf3f Ideal per a Terraris, Formigues i Is\u00f2podes - Antderground\"},{\"@type\":\"BreadcrumbList\",\"@id\":\"https:\\\/\\\/antderground.com\\\/ca\\\/producte\\\/escorca-de-suro-natural\\\/#breadcrumb\",\"itemListElement\":[{\"@type\":\"ListItem\",\"position\":1,\"name\":\"Portada\",\"item\":\"https:\\\/\\\/antderground.com\\\/ca\\\/\"},{\"@type\":\"ListItem\",\"position\":2,\"name\":\"Productes\",\"item\":\"https:\\\/\\\/antderground.com\\\/ca\\\/productes\\\/\"},{\"@type\":\"ListItem\",\"position\":3,\"name\":\"Escor\u00e7a de Suro (Natural)\"}]},{\"@type\":\"WebSite\",\"@id\":\"https:\\\/\\\/antderground.com\\\/ca\\\/#website\",\"url\":\"https:\\\/\\\/antderground.com\\\/ca\\\/\",\"name\":\"ANTDERGROUND\",\"description\":\"Tu tienda de hormigas, gran variedad de hormigueros acr\u00edlicos,madera,arena,3D y mas.. Pide tus hormigas gratis con tu pedido, somos expertos en hormigueros antifugas.\",\"publisher\":{\"@id\":\"https:\\\/\\\/antderground.com\\\/ca\\\/#\\\/schema\\\/person\\\/0e322c505e84fe72c65e2f6d08f96b81\"},\"alternateName\":\"Antderground\",\"potentialAction\":[{\"@type\":\"SearchAction\",\"target\":{\"@type\":\"EntryPoint\",\"urlTemplate\":\"https:\\\/\\\/antderground.com\\\/ca\\\/?s={search_term_string}\"},\"query-input\":{\"@type\":\"PropertyValueSpecification\",\"valueRequired\":true,\"valueName\":\"search_term_string\"}}],\"inLanguage\":\"ca\"},{\"@type\":[\"Person\",\"Organization\"],\"@id\":\"https:\\\/\\\/antderground.com\\\/ca\\\/#\\\/schema\\\/person\\\/0e322c505e84fe72c65e2f6d08f96b81\",\"name\":\"Eric de Antderground\",\"image\":{\"@type\":\"ImageObject\",\"inLanguage\":\"ca\",\"@id\":\"https:\\\/\\\/secure.gravatar.com\\\/avatar\\\/c49a1b9f79216d1498cb73c1e85cd47f4465dda35f2a94c03790d491bd4423c3?s=96&d=mm&r=g\",\"url\":\"https:\\\/\\\/secure.gravatar.com\\\/avatar\\\/c49a1b9f79216d1498cb73c1e85cd47f4465dda35f2a94c03790d491bd4423c3?s=96&d=mm&r=g\",\"contentUrl\":\"https:\\\/\\\/secure.gravatar.com\\\/avatar\\\/c49a1b9f79216d1498cb73c1e85cd47f4465dda35f2a94c03790d491bd4423c3?s=96&d=mm&r=g\",\"caption\":\"Eric de Antderground\"},\"logo\":{\"@id\":\"https:\\\/\\\/secure.gravatar.com\\\/avatar\\\/c49a1b9f79216d1498cb73c1e85cd47f4465dda35f2a94c03790d491bd4423c3?s=96&d=mm&r=g\"},\"description\":\"Eric es el especialista y fundador de Antderground, con una amplia trayectoria en artr\u00f3podos y enfocado en la mirmecolog\u00eda y el dise\u00f1o de hormigueros artificiales. Su enfoque combina la innovaci\u00f3n t\u00e9cnica con el respeto por la biolog\u00eda de las hormigas, is\u00f3podos y otros, desarrollando sistemas de nidos modulares 3D y acr\u00edlicos que son referentes para aficionados y profesionales en toda Europa. Su objetivo es facilitar la cr\u00eda de hormigas y otros artr\u00f3podos mediante soluciones seguras y divulgaci\u00f3n de calidad.\",\"sameAs\":[\"https:\\\/\\\/antderground.com\\\/\",\"https:\\\/\\\/www.youtube.com\\\/channel\\\/UCio72z7TlbufkAthAJIJfPw\"]}]}<\/script>\n<!-- \/ Yoast SEO plugin. -->","yoast_head_json":{"title":"Escor\u00e7a de Suro (Natural) | Ideal per a Terraris - ANTDERGROUND","description":"Escor\u00e7a de Suro natural per a terraris i zones de foratge. Mant\u00e9 la humitat i crea refugis ideals per a is\u00f2podes i formigues.","robots":{"index":"index","follow":"follow","max-snippet":"max-snippet:-1","max-image-preview":"max-image-preview:large","max-video-preview":"max-video-preview:-1"},"canonical":"https:\/\/antderground.com\/ca\/producte\/escorca-de-suro-natural\/","og_locale":"ca_ES","og_type":"article","og_title":"Escor\u00e7a de Suro (Natural) | Ideal per a Terraris - ANTDERGROUND","og_description":"Escor\u00e7a de Suro natural per a terraris i zones de foratge. Mant\u00e9 la humitat i crea refugis ideals per a is\u00f2podes i formigues.","og_url":"https:\/\/antderground.com\/ca\/producte\/escorca-de-suro-natural\/","og_site_name":"ANTDERGROUND","og_image":[{"width":1280,"height":960,"url":"https:\/\/antderground.com\/wp-content\/uploads\/2025\/10\/Corteza-de-Bornizo-Natural-terrarium.jpeg","type":"image\/jpeg"}],"twitter_card":"summary_large_image","twitter_misc":{"Temps estimat de lectura":"1 minut"},"schema":{"@context":"https:\/\/schema.org","@graph":[{"@type":"WebPage","@id":"https:\/\/antderground.com\/ca\/producte\/escorca-de-suro-natural\/","url":"https:\/\/antderground.com\/ca\/producte\/escorca-de-suro-natural\/","name":"Escor\u00e7a de Suro (Natural) | Ideal per a Terraris - ANTDERGROUND","isPartOf":{"@id":"https:\/\/antderground.com\/ca\/#website"},"primaryImageOfPage":{"@id":"https:\/\/antderground.com\/ca\/producte\/escorca-de-suro-natural\/#primaryimage"},"image":{"@id":"https:\/\/antderground.com\/ca\/producte\/escorca-de-suro-natural\/#primaryimage"},"thumbnailUrl":"https:\/\/antderground.com\/wp-content\/uploads\/2025\/10\/Corteza-de-Bornizo-Natural-terrarium.jpeg","datePublished":"2025-10-30T09:44:16+00:00","description":"Escor\u00e7a de Suro natural per a terraris i zones de foratge. Mant\u00e9 la humitat i crea refugis ideals per a is\u00f2podes i formigues.","breadcrumb":{"@id":"https:\/\/antderground.com\/ca\/producte\/escorca-de-suro-natural\/#breadcrumb"},"inLanguage":"ca","potentialAction":[{"@type":"ReadAction","target":["https:\/\/antderground.com\/ca\/producte\/escorca-de-suro-natural\/"]}]},{"@type":"ImageObject","inLanguage":"ca","@id":"https:\/\/antderground.com\/ca\/producte\/escorca-de-suro-natural\/#primaryimage","url":"https:\/\/antderground.com\/wp-content\/uploads\/2025\/10\/Corteza-de-Bornizo-Natural-terrarium.jpeg","contentUrl":"https:\/\/antderground.com\/wp-content\/uploads\/2025\/10\/Corteza-de-Bornizo-Natural-terrarium.jpeg","width":1280,"height":960,"caption":"Escor\u00e7a de Suro Natural \ud83c\udf3f Ideal per a Terraris, Formigues i Is\u00f2podes - Antderground"},{"@type":"BreadcrumbList","@id":"https:\/\/antderground.com\/ca\/producte\/escorca-de-suro-natural\/#breadcrumb","itemListElement":[{"@type":"ListItem","position":1,"name":"Portada","item":"https:\/\/antderground.com\/ca\/"},{"@type":"ListItem","position":2,"name":"Productes","item":"https:\/\/antderground.com\/ca\/productes\/"},{"@type":"ListItem","position":3,"name":"Escor\u00e7a de Suro (Natural)"}]},{"@type":"WebSite","@id":"https:\/\/antderground.com\/ca\/#website","url":"https:\/\/antderground.com\/ca\/","name":"ANTDERGROUND","description":"Tu tienda de hormigas, gran variedad de hormigueros acr\u00edlicos,madera,arena,3D y mas.. Pide tus hormigas gratis con tu pedido, somos expertos en hormigueros antifugas.","publisher":{"@id":"https:\/\/antderground.com\/ca\/#\/schema\/person\/0e322c505e84fe72c65e2f6d08f96b81"},"alternateName":"Antderground","potentialAction":[{"@type":"SearchAction","target":{"@type":"EntryPoint","urlTemplate":"https:\/\/antderground.com\/ca\/?s={search_term_string}"},"query-input":{"@type":"PropertyValueSpecification","valueRequired":true,"valueName":"search_term_string"}}],"inLanguage":"ca"},{"@type":["Person","Organization"],"@id":"https:\/\/antderground.com\/ca\/#\/schema\/person\/0e322c505e84fe72c65e2f6d08f96b81","name":"Eric de Antderground","image":{"@type":"ImageObject","inLanguage":"ca","@id":"https:\/\/secure.gravatar.com\/avatar\/c49a1b9f79216d1498cb73c1e85cd47f4465dda35f2a94c03790d491bd4423c3?s=96&d=mm&r=g","url":"https:\/\/secure.gravatar.com\/avatar\/c49a1b9f79216d1498cb73c1e85cd47f4465dda35f2a94c03790d491bd4423c3?s=96&d=mm&r=g","contentUrl":"https:\/\/secure.gravatar.com\/avatar\/c49a1b9f79216d1498cb73c1e85cd47f4465dda35f2a94c03790d491bd4423c3?s=96&d=mm&r=g","caption":"Eric de Antderground"},"logo":{"@id":"https:\/\/secure.gravatar.com\/avatar\/c49a1b9f79216d1498cb73c1e85cd47f4465dda35f2a94c03790d491bd4423c3?s=96&d=mm&r=g"},"description":"Eric es el especialista y fundador de Antderground, con una amplia trayectoria en artr\u00f3podos y enfocado en la mirmecolog\u00eda y el dise\u00f1o de hormigueros artificiales. Su enfoque combina la innovaci\u00f3n t\u00e9cnica con el respeto por la biolog\u00eda de las hormigas, is\u00f3podos y otros, desarrollando sistemas de nidos modulares 3D y acr\u00edlicos que son referentes para aficionados y profesionales en toda Europa. Su objetivo es facilitar la cr\u00eda de hormigas y otros artr\u00f3podos mediante soluciones seguras y divulgaci\u00f3n de calidad.","sameAs":["https:\/\/antderground.com\/","https:\/\/www.youtube.com\/channel\/UCio72z7TlbufkAthAJIJfPw"]}]}},"_links":{"self":[{"href":"https:\/\/antderground.com\/ca\/wp-json\/wp\/v2\/product\/46940","targetHints":{"allow":["GET"]}}],"collection":[{"href":"https:\/\/antderground.com\/ca\/wp-json\/wp\/v2\/product"}],"about":[{"href":"https:\/\/antderground.com\/ca\/wp-json\/wp\/v2\/types\/product"}],"version-history":[{"count":0,"href":"https:\/\/antderground.com\/ca\/wp-json\/wp\/v2\/product\/46940\/revisions"}],"wp:featuredmedia":[{"embeddable":true,"href":"https:\/\/antderground.com\/ca\/wp-json\/wp\/v2\/media\/46874"}],"wp:attachment":[{"href":"https:\/\/antderground.com\/ca\/wp-json\/wp\/v2\/media?parent=46940"}],"wp:term":[{"taxonomy":"product_brand","embeddable":true,"href":"https:\/\/antderground.com\/ca\/wp-json\/wp\/v2\/product_brand?post=46940"},{"taxonomy":"product_cat","embeddable":true,"href":"https:\/\/antderground.com\/ca\/wp-json\/wp\/v2\/product_cat?post=46940"},{"taxonomy":"product_tag","embeddable":true,"href":"https:\/\/antderground.com\/ca\/wp-json\/wp\/v2\/product_tag?post=46940"}],"curies":[{"name":"wp","href":"https:\/\/api.w.org\/{rel}","templated":true}]}}