{"id":8162,"date":"2020-04-14T22:56:45","date_gmt":"2020-04-14T20:56:45","guid":{"rendered":"https:\/\/www.antderground.com\/producto\/formiguer-anti-fuites-bolet\/"},"modified":"2021-11-18T22:19:10","modified_gmt":"2021-11-18T21:19:10","slug":"formiguer-anti-fuites-bolet","status":"publish","type":"product","link":"https:\/\/antderground.com\/ca\/producte\/formiguer-anti-fuites-bolet\/","title":{"rendered":"Formiguer anti-fuites bolet"},"content":{"rendered":"<p>El hormiguero anti-fuites bolet consta d&#8217;unes galeries disponibles a 6 mm d&#8217;al\u00e7ada i un sistema d&#8217;humitat bolet amb dip\u00f2sit integrat.<\/p>\n<p>La mida del formiguer \u00e9s de 12 x 12 cm.<\/p>\n<p>Fet per esp\u00e8cies micro i mini que requereixin un alt nivell d&#8217;humitat.<\/p>\n<p>T\u00e9 doble vora per aconseguir una opacitat de el 100% per esp\u00e8cies extremadament fotosensibles, amb tapa vermella de metacrilat.<\/p>\n<p>Porta una caixa de farratge integrada, amb una al\u00e7ada de 3,5 cm, per a poder netejar i\/o alimentar les formigues reduint el risc de fuga i\/o usar-la amb oli mineral anti fuites.<\/p>\n<p>Un formiguer anti-fuites dissenyat per a les formigues i els clients m\u00e9s exigents i fabricat amb els millors materials.<\/p>\n<p>Un formiguer que no pot faltar a la teva col\u00b7lecci\u00f3 si ets amant de les esp\u00e8cies de formiga mes petites.<\/p>\n<p>Com sempre amb la garantia de qualitat de Antderground<\/p>\n<p>La teva botiga de formiguers.<\/p>\n","protected":false},"excerpt":{"rendered":"<p>El hormiguero anti-fuites bolet consta d&#8217;unes galeries disponibles a 6 mm d&#8217;al\u00e7ada i un sistema d&#8217;humitat bolet amb dip\u00f2sit integrat.<\/p>\n","protected":false},"featured_media":14546,"template":"","meta":[],"product_brand":[],"product_cat":[165,166],"product_tag":[],"class_list":{"0":"post-8162","1":"product","2":"type-product","3":"status-publish","4":"has-post-thumbnail","6":"product_cat-formiguers","7":"product_cat-formiguers-anti-fuites","9":"first","10":"instock","11":"shipping-taxable","12":"purchasable","13":"product-type-simple"},"yoast_head":"<!-- This site is optimized with the Yoast SEO plugin v27.3 - https:\/\/yoast.com\/product\/yoast-seo-wordpress\/ -->\n<title>Formiguer anti-fuites bolet - ANTDERGROUND<\/title>\n<meta name=\"description\" content=\"Formiguer anti-fuites bolet. Comprar formiguer bolet antifuites. Botiga de formiguers antifuites. Formiguers barats amb bolet. 100% antifuites\" \/>\n<meta name=\"robots\" content=\"index, follow, max-snippet:-1, max-image-preview:large, max-video-preview:-1\" \/>\n<link rel=\"canonical\" href=\"https:\/\/antderground.com\/ca\/producte\/formiguer-anti-fuites-bolet\/\" \/>\n<meta property=\"og:locale\" content=\"ca_ES\" \/>\n<meta property=\"og:type\" content=\"article\" \/>\n<meta property=\"og:title\" content=\"Formiguer anti-fuites bolet - ANTDERGROUND\" \/>\n<meta property=\"og:description\" content=\"Formiguer anti-fuites bolet. Comprar formiguer bolet antifuites. Botiga de formiguers antifuites. Formiguers barats amb bolet. 100% antifuites\" \/>\n<meta property=\"og:url\" content=\"https:\/\/antderground.com\/ca\/producte\/formiguer-anti-fuites-bolet\/\" \/>\n<meta property=\"og:site_name\" content=\"ANTDERGROUND\" \/>\n<meta property=\"article:modified_time\" content=\"2021-11-18T21:19:10+00:00\" \/>\n<meta property=\"og:image\" content=\"https:\/\/antderground.com\/wp-content\/uploads\/2020\/04\/hormiguero-antifugas-seta-.jpg\" \/>\n\t<meta property=\"og:image:width\" content=\"591\" \/>\n\t<meta property=\"og:image:height\" content=\"601\" \/>\n\t<meta property=\"og:image:type\" content=\"image\/jpeg\" \/>\n<meta name=\"twitter:card\" content=\"summary_large_image\" \/>\n<meta name=\"twitter:label1\" content=\"Temps estimat de lectura\" \/>\n\t<meta name=\"twitter:data1\" content=\"1 minut\" \/>\n<script type=\"application\/ld+json\" class=\"yoast-schema-graph\">{\"@context\":\"https:\\\/\\\/schema.org\",\"@graph\":[{\"@type\":\"WebPage\",\"@id\":\"https:\\\/\\\/antderground.com\\\/ca\\\/producte\\\/formiguer-anti-fuites-bolet\\\/\",\"url\":\"https:\\\/\\\/antderground.com\\\/ca\\\/producte\\\/formiguer-anti-fuites-bolet\\\/\",\"name\":\"Formiguer anti-fuites bolet - ANTDERGROUND\",\"isPartOf\":{\"@id\":\"https:\\\/\\\/antderground.com\\\/ca\\\/#website\"},\"primaryImageOfPage\":{\"@id\":\"https:\\\/\\\/antderground.com\\\/ca\\\/producte\\\/formiguer-anti-fuites-bolet\\\/#primaryimage\"},\"image\":{\"@id\":\"https:\\\/\\\/antderground.com\\\/ca\\\/producte\\\/formiguer-anti-fuites-bolet\\\/#primaryimage\"},\"thumbnailUrl\":\"https:\\\/\\\/antderground.com\\\/wp-content\\\/uploads\\\/2020\\\/04\\\/hormiguero-antifugas-seta-.jpg\",\"datePublished\":\"2020-04-14T20:56:45+00:00\",\"dateModified\":\"2021-11-18T21:19:10+00:00\",\"description\":\"Formiguer anti-fuites bolet. Comprar formiguer bolet antifuites. Botiga de formiguers antifuites. Formiguers barats amb bolet. 100% antifuites\",\"breadcrumb\":{\"@id\":\"https:\\\/\\\/antderground.com\\\/ca\\\/producte\\\/formiguer-anti-fuites-bolet\\\/#breadcrumb\"},\"inLanguage\":\"ca\",\"potentialAction\":[{\"@type\":\"ReadAction\",\"target\":[\"https:\\\/\\\/antderground.com\\\/ca\\\/producte\\\/formiguer-anti-fuites-bolet\\\/\"]}]},{\"@type\":\"ImageObject\",\"inLanguage\":\"ca\",\"@id\":\"https:\\\/\\\/antderground.com\\\/ca\\\/producte\\\/formiguer-anti-fuites-bolet\\\/#primaryimage\",\"url\":\"https:\\\/\\\/antderground.com\\\/wp-content\\\/uploads\\\/2020\\\/04\\\/hormiguero-antifugas-seta-.jpg\",\"contentUrl\":\"https:\\\/\\\/antderground.com\\\/wp-content\\\/uploads\\\/2020\\\/04\\\/hormiguero-antifugas-seta-.jpg\",\"width\":591,\"height\":601},{\"@type\":\"BreadcrumbList\",\"@id\":\"https:\\\/\\\/antderground.com\\\/ca\\\/producte\\\/formiguer-anti-fuites-bolet\\\/#breadcrumb\",\"itemListElement\":[{\"@type\":\"ListItem\",\"position\":1,\"name\":\"Portada\",\"item\":\"https:\\\/\\\/antderground.com\\\/ca\\\/\"},{\"@type\":\"ListItem\",\"position\":2,\"name\":\"Productes\",\"item\":\"https:\\\/\\\/antderground.com\\\/ca\\\/productes\\\/\"},{\"@type\":\"ListItem\",\"position\":3,\"name\":\"Formiguer anti-fuites bolet\"}]},{\"@type\":\"WebSite\",\"@id\":\"https:\\\/\\\/antderground.com\\\/ca\\\/#website\",\"url\":\"https:\\\/\\\/antderground.com\\\/ca\\\/\",\"name\":\"ANTDERGROUND\",\"description\":\"Tu tienda de hormigas, gran variedad de hormigueros acr\u00edlicos,madera,arena,3D y mas.. Pide tus hormigas gratis con tu pedido, somos expertos en hormigueros antifugas.\",\"publisher\":{\"@id\":\"https:\\\/\\\/antderground.com\\\/ca\\\/#\\\/schema\\\/person\\\/0e322c505e84fe72c65e2f6d08f96b81\"},\"alternateName\":\"Antderground\",\"potentialAction\":[{\"@type\":\"SearchAction\",\"target\":{\"@type\":\"EntryPoint\",\"urlTemplate\":\"https:\\\/\\\/antderground.com\\\/ca\\\/?s={search_term_string}\"},\"query-input\":{\"@type\":\"PropertyValueSpecification\",\"valueRequired\":true,\"valueName\":\"search_term_string\"}}],\"inLanguage\":\"ca\"},{\"@type\":[\"Person\",\"Organization\"],\"@id\":\"https:\\\/\\\/antderground.com\\\/ca\\\/#\\\/schema\\\/person\\\/0e322c505e84fe72c65e2f6d08f96b81\",\"name\":\"Eric de Antderground\",\"image\":{\"@type\":\"ImageObject\",\"inLanguage\":\"ca\",\"@id\":\"https:\\\/\\\/secure.gravatar.com\\\/avatar\\\/c49a1b9f79216d1498cb73c1e85cd47f4465dda35f2a94c03790d491bd4423c3?s=96&d=mm&r=g\",\"url\":\"https:\\\/\\\/secure.gravatar.com\\\/avatar\\\/c49a1b9f79216d1498cb73c1e85cd47f4465dda35f2a94c03790d491bd4423c3?s=96&d=mm&r=g\",\"contentUrl\":\"https:\\\/\\\/secure.gravatar.com\\\/avatar\\\/c49a1b9f79216d1498cb73c1e85cd47f4465dda35f2a94c03790d491bd4423c3?s=96&d=mm&r=g\",\"caption\":\"Eric de Antderground\"},\"logo\":{\"@id\":\"https:\\\/\\\/secure.gravatar.com\\\/avatar\\\/c49a1b9f79216d1498cb73c1e85cd47f4465dda35f2a94c03790d491bd4423c3?s=96&d=mm&r=g\"},\"description\":\"Eric es el especialista y fundador de Antderground, con una amplia trayectoria en artr\u00f3podos y enfocado en la mirmecolog\u00eda y el dise\u00f1o de hormigueros artificiales. Su enfoque combina la innovaci\u00f3n t\u00e9cnica con el respeto por la biolog\u00eda de las hormigas, is\u00f3podos y otros, desarrollando sistemas de nidos modulares 3D y acr\u00edlicos que son referentes para aficionados y profesionales en toda Europa. Su objetivo es facilitar la cr\u00eda de hormigas y otros artr\u00f3podos mediante soluciones seguras y divulgaci\u00f3n de calidad.\",\"sameAs\":[\"https:\\\/\\\/antderground.com\\\/\",\"https:\\\/\\\/www.youtube.com\\\/channel\\\/UCio72z7TlbufkAthAJIJfPw\"]}]}<\/script>\n<!-- \/ Yoast SEO plugin. -->","yoast_head_json":{"title":"Formiguer anti-fuites bolet - ANTDERGROUND","description":"Formiguer anti-fuites bolet. Comprar formiguer bolet antifuites. Botiga de formiguers antifuites. Formiguers barats amb bolet. 100% antifuites","robots":{"index":"index","follow":"follow","max-snippet":"max-snippet:-1","max-image-preview":"max-image-preview:large","max-video-preview":"max-video-preview:-1"},"canonical":"https:\/\/antderground.com\/ca\/producte\/formiguer-anti-fuites-bolet\/","og_locale":"ca_ES","og_type":"article","og_title":"Formiguer anti-fuites bolet - ANTDERGROUND","og_description":"Formiguer anti-fuites bolet. Comprar formiguer bolet antifuites. Botiga de formiguers antifuites. Formiguers barats amb bolet. 100% antifuites","og_url":"https:\/\/antderground.com\/ca\/producte\/formiguer-anti-fuites-bolet\/","og_site_name":"ANTDERGROUND","article_modified_time":"2021-11-18T21:19:10+00:00","og_image":[{"width":591,"height":601,"url":"https:\/\/antderground.com\/wp-content\/uploads\/2020\/04\/hormiguero-antifugas-seta-.jpg","type":"image\/jpeg"}],"twitter_card":"summary_large_image","twitter_misc":{"Temps estimat de lectura":"1 minut"},"schema":{"@context":"https:\/\/schema.org","@graph":[{"@type":"WebPage","@id":"https:\/\/antderground.com\/ca\/producte\/formiguer-anti-fuites-bolet\/","url":"https:\/\/antderground.com\/ca\/producte\/formiguer-anti-fuites-bolet\/","name":"Formiguer anti-fuites bolet - ANTDERGROUND","isPartOf":{"@id":"https:\/\/antderground.com\/ca\/#website"},"primaryImageOfPage":{"@id":"https:\/\/antderground.com\/ca\/producte\/formiguer-anti-fuites-bolet\/#primaryimage"},"image":{"@id":"https:\/\/antderground.com\/ca\/producte\/formiguer-anti-fuites-bolet\/#primaryimage"},"thumbnailUrl":"https:\/\/antderground.com\/wp-content\/uploads\/2020\/04\/hormiguero-antifugas-seta-.jpg","datePublished":"2020-04-14T20:56:45+00:00","dateModified":"2021-11-18T21:19:10+00:00","description":"Formiguer anti-fuites bolet. Comprar formiguer bolet antifuites. Botiga de formiguers antifuites. Formiguers barats amb bolet. 100% antifuites","breadcrumb":{"@id":"https:\/\/antderground.com\/ca\/producte\/formiguer-anti-fuites-bolet\/#breadcrumb"},"inLanguage":"ca","potentialAction":[{"@type":"ReadAction","target":["https:\/\/antderground.com\/ca\/producte\/formiguer-anti-fuites-bolet\/"]}]},{"@type":"ImageObject","inLanguage":"ca","@id":"https:\/\/antderground.com\/ca\/producte\/formiguer-anti-fuites-bolet\/#primaryimage","url":"https:\/\/antderground.com\/wp-content\/uploads\/2020\/04\/hormiguero-antifugas-seta-.jpg","contentUrl":"https:\/\/antderground.com\/wp-content\/uploads\/2020\/04\/hormiguero-antifugas-seta-.jpg","width":591,"height":601},{"@type":"BreadcrumbList","@id":"https:\/\/antderground.com\/ca\/producte\/formiguer-anti-fuites-bolet\/#breadcrumb","itemListElement":[{"@type":"ListItem","position":1,"name":"Portada","item":"https:\/\/antderground.com\/ca\/"},{"@type":"ListItem","position":2,"name":"Productes","item":"https:\/\/antderground.com\/ca\/productes\/"},{"@type":"ListItem","position":3,"name":"Formiguer anti-fuites bolet"}]},{"@type":"WebSite","@id":"https:\/\/antderground.com\/ca\/#website","url":"https:\/\/antderground.com\/ca\/","name":"ANTDERGROUND","description":"Tu tienda de hormigas, gran variedad de hormigueros acr\u00edlicos,madera,arena,3D y mas.. Pide tus hormigas gratis con tu pedido, somos expertos en hormigueros antifugas.","publisher":{"@id":"https:\/\/antderground.com\/ca\/#\/schema\/person\/0e322c505e84fe72c65e2f6d08f96b81"},"alternateName":"Antderground","potentialAction":[{"@type":"SearchAction","target":{"@type":"EntryPoint","urlTemplate":"https:\/\/antderground.com\/ca\/?s={search_term_string}"},"query-input":{"@type":"PropertyValueSpecification","valueRequired":true,"valueName":"search_term_string"}}],"inLanguage":"ca"},{"@type":["Person","Organization"],"@id":"https:\/\/antderground.com\/ca\/#\/schema\/person\/0e322c505e84fe72c65e2f6d08f96b81","name":"Eric de Antderground","image":{"@type":"ImageObject","inLanguage":"ca","@id":"https:\/\/secure.gravatar.com\/avatar\/c49a1b9f79216d1498cb73c1e85cd47f4465dda35f2a94c03790d491bd4423c3?s=96&d=mm&r=g","url":"https:\/\/secure.gravatar.com\/avatar\/c49a1b9f79216d1498cb73c1e85cd47f4465dda35f2a94c03790d491bd4423c3?s=96&d=mm&r=g","contentUrl":"https:\/\/secure.gravatar.com\/avatar\/c49a1b9f79216d1498cb73c1e85cd47f4465dda35f2a94c03790d491bd4423c3?s=96&d=mm&r=g","caption":"Eric de Antderground"},"logo":{"@id":"https:\/\/secure.gravatar.com\/avatar\/c49a1b9f79216d1498cb73c1e85cd47f4465dda35f2a94c03790d491bd4423c3?s=96&d=mm&r=g"},"description":"Eric es el especialista y fundador de Antderground, con una amplia trayectoria en artr\u00f3podos y enfocado en la mirmecolog\u00eda y el dise\u00f1o de hormigueros artificiales. Su enfoque combina la innovaci\u00f3n t\u00e9cnica con el respeto por la biolog\u00eda de las hormigas, is\u00f3podos y otros, desarrollando sistemas de nidos modulares 3D y acr\u00edlicos que son referentes para aficionados y profesionales en toda Europa. Su objetivo es facilitar la cr\u00eda de hormigas y otros artr\u00f3podos mediante soluciones seguras y divulgaci\u00f3n de calidad.","sameAs":["https:\/\/antderground.com\/","https:\/\/www.youtube.com\/channel\/UCio72z7TlbufkAthAJIJfPw"]}]}},"_links":{"self":[{"href":"https:\/\/antderground.com\/ca\/wp-json\/wp\/v2\/product\/8162","targetHints":{"allow":["GET"]}}],"collection":[{"href":"https:\/\/antderground.com\/ca\/wp-json\/wp\/v2\/product"}],"about":[{"href":"https:\/\/antderground.com\/ca\/wp-json\/wp\/v2\/types\/product"}],"version-history":[{"count":0,"href":"https:\/\/antderground.com\/ca\/wp-json\/wp\/v2\/product\/8162\/revisions"}],"wp:featuredmedia":[{"embeddable":true,"href":"https:\/\/antderground.com\/ca\/wp-json\/wp\/v2\/media\/14546"}],"wp:attachment":[{"href":"https:\/\/antderground.com\/ca\/wp-json\/wp\/v2\/media?parent=8162"}],"wp:term":[{"taxonomy":"product_brand","embeddable":true,"href":"https:\/\/antderground.com\/ca\/wp-json\/wp\/v2\/product_brand?post=8162"},{"taxonomy":"product_cat","embeddable":true,"href":"https:\/\/antderground.com\/ca\/wp-json\/wp\/v2\/product_cat?post=8162"},{"taxonomy":"product_tag","embeddable":true,"href":"https:\/\/antderground.com\/ca\/wp-json\/wp\/v2\/product_tag?post=8162"}],"curies":[{"name":"wp","href":"https:\/\/api.w.org\/{rel}","templated":true}]}}