{"id":8170,"date":"2020-04-13T18:19:46","date_gmt":"2020-04-13T16:19:46","guid":{"rendered":"https:\/\/www.antderground.com\/producto\/formiguer-anti-fuites-sorra\/"},"modified":"2021-11-18T22:19:50","modified_gmt":"2021-11-18T21:19:50","slug":"formiguer-anti-fuites-sorra","status":"publish","type":"product","link":"https:\/\/antderground.com\/ca\/producte\/formiguer-anti-fuites-sorra\/","title":{"rendered":"Formiguer anti-fuites sorra"},"content":{"rendered":"<p>El formiguer anti-fuites sorra consta d&#8217;una sola cambra amb sorra i un sistema d&#8217;humitat amb esponges situades a banda i banda del formiguer.<\/p>\n<p>Pensat per utilitzar-se amb sorra de s\u00edlice 100%, barreja de sorra amb argila (80\/20%) o qualsevol altre substrat compatible:<\/p>\n<p>Esp\u00e8cies micro i mini que requereixen substrat i un alt nivell d&#8217;humitat com per exemple les formigues Solenopsis fugax, Lasius Flavus, entre altres &#8230;<\/p>\n<p>T\u00e9 doble Vora per evitar qualsevol pont de llum i aconseguir una opacitat de el 100% per esp\u00e8cies extremadament fotosensibles.<\/p>\n<p>Porta una caixa de farratge integrada, amb una al\u00e7ada de 3 cm, per poder alimentar les formigues reduint el risc de fuga i\/o usar-la amb oli mineral anti fuites.<\/p>\n<p>Amb caixa de farratge opcional en acr\u00edlic vermell per minimitzar l&#8217;exposici\u00f3 a la llum, en el moment de l&#8217;alimentaci\u00f3, d&#8217;esp\u00e8cies que en la naturalesa s&#8217;alimenten en condicions de llum baixes o nul\u00b7les.<\/p>\n<p>Un formiguer amb el qual podr\u00e0s gaudir el m\u00e0xim de les teves formigues m\u00e9s petites veient com excaven les seves galeries a mesura que la col\u00f2nia creix i necessita m\u00e9s espai.<\/p>\n<p>Un formiguer anti-fuites de sorra, dissenyat pensant com formigues per a les formigues.<\/p>\n<p>Com sempre amb la garantia de qualitat de Antderground<br \/>\nLa teva botiga de formiguers.<\/p>\n","protected":false},"excerpt":{"rendered":"<p>El formiguer anti-fuites sorra consta d&#8217;una sola cambra amb sorra i un sistema d&#8217;humitat amb esponges situades a banda i<\/p>\n","protected":false},"featured_media":14525,"template":"","meta":[],"product_brand":[],"product_cat":[165,166],"product_tag":[],"class_list":{"0":"post-8170","1":"product","2":"type-product","3":"status-publish","4":"has-post-thumbnail","6":"product_cat-formiguers","7":"product_cat-formiguers-anti-fuites","9":"first","10":"instock","11":"shipping-taxable","12":"purchasable","13":"product-type-variable"},"yoast_head":"<!-- This site is optimized with the Yoast SEO plugin v27.4 - https:\/\/yoast.com\/product\/yoast-seo-wordpress\/ -->\n<title>Formiguer anti-fuites sorra - ANTDERGROUND<\/title>\n<meta name=\"description\" content=\"Formiguer antifuites sorra. Formiguer per esp\u00e8cies petites de formigues. Formigues escapistes. Formiguer de sorra. botiga de formiguers antifuites\" \/>\n<meta name=\"robots\" content=\"index, follow, max-snippet:-1, max-image-preview:large, max-video-preview:-1\" \/>\n<link rel=\"canonical\" href=\"https:\/\/antderground.com\/ca\/producte\/formiguer-anti-fuites-sorra\/\" \/>\n<meta property=\"og:locale\" content=\"ca_ES\" \/>\n<meta property=\"og:type\" content=\"article\" \/>\n<meta property=\"og:title\" content=\"Formiguer anti-fuites sorra - ANTDERGROUND\" \/>\n<meta property=\"og:description\" content=\"Formiguer antifuites sorra. Formiguer per esp\u00e8cies petites de formigues. Formigues escapistes. Formiguer de sorra. botiga de formiguers antifuites\" \/>\n<meta property=\"og:url\" content=\"https:\/\/antderground.com\/ca\/producte\/formiguer-anti-fuites-sorra\/\" \/>\n<meta property=\"og:site_name\" content=\"ANTDERGROUND\" \/>\n<meta property=\"article:modified_time\" content=\"2021-11-18T21:19:50+00:00\" \/>\n<meta property=\"og:image\" content=\"https:\/\/antderground.com\/wp-content\/uploads\/2020\/04\/antifugas-arena-1.jpg\" \/>\n\t<meta property=\"og:image:width\" content=\"591\" \/>\n\t<meta property=\"og:image:height\" content=\"601\" \/>\n\t<meta property=\"og:image:type\" content=\"image\/jpeg\" \/>\n<meta name=\"twitter:card\" content=\"summary_large_image\" \/>\n<meta name=\"twitter:label1\" content=\"Temps estimat de lectura\" \/>\n\t<meta name=\"twitter:data1\" content=\"1 minut\" \/>\n<script type=\"application\/ld+json\" class=\"yoast-schema-graph\">{\"@context\":\"https:\\\/\\\/schema.org\",\"@graph\":[{\"@type\":\"WebPage\",\"@id\":\"https:\\\/\\\/antderground.com\\\/ca\\\/producte\\\/formiguer-anti-fuites-sorra\\\/\",\"url\":\"https:\\\/\\\/antderground.com\\\/ca\\\/producte\\\/formiguer-anti-fuites-sorra\\\/\",\"name\":\"Formiguer anti-fuites sorra - ANTDERGROUND\",\"isPartOf\":{\"@id\":\"https:\\\/\\\/antderground.com\\\/ca\\\/#website\"},\"primaryImageOfPage\":{\"@id\":\"https:\\\/\\\/antderground.com\\\/ca\\\/producte\\\/formiguer-anti-fuites-sorra\\\/#primaryimage\"},\"image\":{\"@id\":\"https:\\\/\\\/antderground.com\\\/ca\\\/producte\\\/formiguer-anti-fuites-sorra\\\/#primaryimage\"},\"thumbnailUrl\":\"https:\\\/\\\/antderground.com\\\/wp-content\\\/uploads\\\/2020\\\/04\\\/antifugas-arena-1.jpg\",\"datePublished\":\"2020-04-13T16:19:46+00:00\",\"dateModified\":\"2021-11-18T21:19:50+00:00\",\"description\":\"Formiguer antifuites sorra. Formiguer per esp\u00e8cies petites de formigues. Formigues escapistes. Formiguer de sorra. botiga de formiguers antifuites\",\"breadcrumb\":{\"@id\":\"https:\\\/\\\/antderground.com\\\/ca\\\/producte\\\/formiguer-anti-fuites-sorra\\\/#breadcrumb\"},\"inLanguage\":\"ca\",\"potentialAction\":[{\"@type\":\"ReadAction\",\"target\":[\"https:\\\/\\\/antderground.com\\\/ca\\\/producte\\\/formiguer-anti-fuites-sorra\\\/\"]}]},{\"@type\":\"ImageObject\",\"inLanguage\":\"ca\",\"@id\":\"https:\\\/\\\/antderground.com\\\/ca\\\/producte\\\/formiguer-anti-fuites-sorra\\\/#primaryimage\",\"url\":\"https:\\\/\\\/antderground.com\\\/wp-content\\\/uploads\\\/2020\\\/04\\\/antifugas-arena-1.jpg\",\"contentUrl\":\"https:\\\/\\\/antderground.com\\\/wp-content\\\/uploads\\\/2020\\\/04\\\/antifugas-arena-1.jpg\",\"width\":591,\"height\":601},{\"@type\":\"BreadcrumbList\",\"@id\":\"https:\\\/\\\/antderground.com\\\/ca\\\/producte\\\/formiguer-anti-fuites-sorra\\\/#breadcrumb\",\"itemListElement\":[{\"@type\":\"ListItem\",\"position\":1,\"name\":\"Portada\",\"item\":\"https:\\\/\\\/antderground.com\\\/ca\\\/\"},{\"@type\":\"ListItem\",\"position\":2,\"name\":\"Productes\",\"item\":\"https:\\\/\\\/antderground.com\\\/ca\\\/productes\\\/\"},{\"@type\":\"ListItem\",\"position\":3,\"name\":\"Formiguer anti-fuites sorra\"}]},{\"@type\":\"WebSite\",\"@id\":\"https:\\\/\\\/antderground.com\\\/ca\\\/#website\",\"url\":\"https:\\\/\\\/antderground.com\\\/ca\\\/\",\"name\":\"ANTDERGROUND\",\"description\":\"Tu tienda de hormigas, gran variedad de hormigueros acr\u00edlicos,madera,arena,3D y mas.. Pide tus hormigas gratis con tu pedido, somos expertos en hormigueros antifugas.\",\"publisher\":{\"@id\":\"https:\\\/\\\/antderground.com\\\/ca\\\/#\\\/schema\\\/person\\\/0e322c505e84fe72c65e2f6d08f96b81\"},\"alternateName\":\"Antderground\",\"potentialAction\":[{\"@type\":\"SearchAction\",\"target\":{\"@type\":\"EntryPoint\",\"urlTemplate\":\"https:\\\/\\\/antderground.com\\\/ca\\\/?s={search_term_string}\"},\"query-input\":{\"@type\":\"PropertyValueSpecification\",\"valueRequired\":true,\"valueName\":\"search_term_string\"}}],\"inLanguage\":\"ca\"},{\"@type\":[\"Person\",\"Organization\"],\"@id\":\"https:\\\/\\\/antderground.com\\\/ca\\\/#\\\/schema\\\/person\\\/0e322c505e84fe72c65e2f6d08f96b81\",\"name\":\"Eric de Antderground\",\"image\":{\"@type\":\"ImageObject\",\"inLanguage\":\"ca\",\"@id\":\"https:\\\/\\\/secure.gravatar.com\\\/avatar\\\/c49a1b9f79216d1498cb73c1e85cd47f4465dda35f2a94c03790d491bd4423c3?s=96&d=mm&r=g\",\"url\":\"https:\\\/\\\/secure.gravatar.com\\\/avatar\\\/c49a1b9f79216d1498cb73c1e85cd47f4465dda35f2a94c03790d491bd4423c3?s=96&d=mm&r=g\",\"contentUrl\":\"https:\\\/\\\/secure.gravatar.com\\\/avatar\\\/c49a1b9f79216d1498cb73c1e85cd47f4465dda35f2a94c03790d491bd4423c3?s=96&d=mm&r=g\",\"caption\":\"Eric de Antderground\"},\"logo\":{\"@id\":\"https:\\\/\\\/secure.gravatar.com\\\/avatar\\\/c49a1b9f79216d1498cb73c1e85cd47f4465dda35f2a94c03790d491bd4423c3?s=96&d=mm&r=g\"},\"description\":\"Eric es el especialista y fundador de Antderground, con una amplia trayectoria en artr\u00f3podos y enfocado en la mirmecolog\u00eda y el dise\u00f1o de hormigueros artificiales. Su enfoque combina la innovaci\u00f3n t\u00e9cnica con el respeto por la biolog\u00eda de las hormigas, is\u00f3podos y otros, desarrollando sistemas de nidos modulares 3D y acr\u00edlicos que son referentes para aficionados y profesionales en toda Europa. Su objetivo es facilitar la cr\u00eda de hormigas y otros artr\u00f3podos mediante soluciones seguras y divulgaci\u00f3n de calidad.\",\"sameAs\":[\"https:\\\/\\\/antderground.com\\\/\",\"https:\\\/\\\/www.youtube.com\\\/channel\\\/UCio72z7TlbufkAthAJIJfPw\"]}]}<\/script>\n<!-- \/ Yoast SEO plugin. -->","yoast_head_json":{"title":"Formiguer anti-fuites sorra - ANTDERGROUND","description":"Formiguer antifuites sorra. Formiguer per esp\u00e8cies petites de formigues. Formigues escapistes. Formiguer de sorra. botiga de formiguers antifuites","robots":{"index":"index","follow":"follow","max-snippet":"max-snippet:-1","max-image-preview":"max-image-preview:large","max-video-preview":"max-video-preview:-1"},"canonical":"https:\/\/antderground.com\/ca\/producte\/formiguer-anti-fuites-sorra\/","og_locale":"ca_ES","og_type":"article","og_title":"Formiguer anti-fuites sorra - ANTDERGROUND","og_description":"Formiguer antifuites sorra. Formiguer per esp\u00e8cies petites de formigues. Formigues escapistes. Formiguer de sorra. botiga de formiguers antifuites","og_url":"https:\/\/antderground.com\/ca\/producte\/formiguer-anti-fuites-sorra\/","og_site_name":"ANTDERGROUND","article_modified_time":"2021-11-18T21:19:50+00:00","og_image":[{"width":591,"height":601,"url":"https:\/\/antderground.com\/wp-content\/uploads\/2020\/04\/antifugas-arena-1.jpg","type":"image\/jpeg"}],"twitter_card":"summary_large_image","twitter_misc":{"Temps estimat de lectura":"1 minut"},"schema":{"@context":"https:\/\/schema.org","@graph":[{"@type":"WebPage","@id":"https:\/\/antderground.com\/ca\/producte\/formiguer-anti-fuites-sorra\/","url":"https:\/\/antderground.com\/ca\/producte\/formiguer-anti-fuites-sorra\/","name":"Formiguer anti-fuites sorra - ANTDERGROUND","isPartOf":{"@id":"https:\/\/antderground.com\/ca\/#website"},"primaryImageOfPage":{"@id":"https:\/\/antderground.com\/ca\/producte\/formiguer-anti-fuites-sorra\/#primaryimage"},"image":{"@id":"https:\/\/antderground.com\/ca\/producte\/formiguer-anti-fuites-sorra\/#primaryimage"},"thumbnailUrl":"https:\/\/antderground.com\/wp-content\/uploads\/2020\/04\/antifugas-arena-1.jpg","datePublished":"2020-04-13T16:19:46+00:00","dateModified":"2021-11-18T21:19:50+00:00","description":"Formiguer antifuites sorra. Formiguer per esp\u00e8cies petites de formigues. Formigues escapistes. Formiguer de sorra. botiga de formiguers antifuites","breadcrumb":{"@id":"https:\/\/antderground.com\/ca\/producte\/formiguer-anti-fuites-sorra\/#breadcrumb"},"inLanguage":"ca","potentialAction":[{"@type":"ReadAction","target":["https:\/\/antderground.com\/ca\/producte\/formiguer-anti-fuites-sorra\/"]}]},{"@type":"ImageObject","inLanguage":"ca","@id":"https:\/\/antderground.com\/ca\/producte\/formiguer-anti-fuites-sorra\/#primaryimage","url":"https:\/\/antderground.com\/wp-content\/uploads\/2020\/04\/antifugas-arena-1.jpg","contentUrl":"https:\/\/antderground.com\/wp-content\/uploads\/2020\/04\/antifugas-arena-1.jpg","width":591,"height":601},{"@type":"BreadcrumbList","@id":"https:\/\/antderground.com\/ca\/producte\/formiguer-anti-fuites-sorra\/#breadcrumb","itemListElement":[{"@type":"ListItem","position":1,"name":"Portada","item":"https:\/\/antderground.com\/ca\/"},{"@type":"ListItem","position":2,"name":"Productes","item":"https:\/\/antderground.com\/ca\/productes\/"},{"@type":"ListItem","position":3,"name":"Formiguer anti-fuites sorra"}]},{"@type":"WebSite","@id":"https:\/\/antderground.com\/ca\/#website","url":"https:\/\/antderground.com\/ca\/","name":"ANTDERGROUND","description":"Tu tienda de hormigas, gran variedad de hormigueros acr\u00edlicos,madera,arena,3D y mas.. Pide tus hormigas gratis con tu pedido, somos expertos en hormigueros antifugas.","publisher":{"@id":"https:\/\/antderground.com\/ca\/#\/schema\/person\/0e322c505e84fe72c65e2f6d08f96b81"},"alternateName":"Antderground","potentialAction":[{"@type":"SearchAction","target":{"@type":"EntryPoint","urlTemplate":"https:\/\/antderground.com\/ca\/?s={search_term_string}"},"query-input":{"@type":"PropertyValueSpecification","valueRequired":true,"valueName":"search_term_string"}}],"inLanguage":"ca"},{"@type":["Person","Organization"],"@id":"https:\/\/antderground.com\/ca\/#\/schema\/person\/0e322c505e84fe72c65e2f6d08f96b81","name":"Eric de Antderground","image":{"@type":"ImageObject","inLanguage":"ca","@id":"https:\/\/secure.gravatar.com\/avatar\/c49a1b9f79216d1498cb73c1e85cd47f4465dda35f2a94c03790d491bd4423c3?s=96&d=mm&r=g","url":"https:\/\/secure.gravatar.com\/avatar\/c49a1b9f79216d1498cb73c1e85cd47f4465dda35f2a94c03790d491bd4423c3?s=96&d=mm&r=g","contentUrl":"https:\/\/secure.gravatar.com\/avatar\/c49a1b9f79216d1498cb73c1e85cd47f4465dda35f2a94c03790d491bd4423c3?s=96&d=mm&r=g","caption":"Eric de Antderground"},"logo":{"@id":"https:\/\/secure.gravatar.com\/avatar\/c49a1b9f79216d1498cb73c1e85cd47f4465dda35f2a94c03790d491bd4423c3?s=96&d=mm&r=g"},"description":"Eric es el especialista y fundador de Antderground, con una amplia trayectoria en artr\u00f3podos y enfocado en la mirmecolog\u00eda y el dise\u00f1o de hormigueros artificiales. Su enfoque combina la innovaci\u00f3n t\u00e9cnica con el respeto por la biolog\u00eda de las hormigas, is\u00f3podos y otros, desarrollando sistemas de nidos modulares 3D y acr\u00edlicos que son referentes para aficionados y profesionales en toda Europa. Su objetivo es facilitar la cr\u00eda de hormigas y otros artr\u00f3podos mediante soluciones seguras y divulgaci\u00f3n de calidad.","sameAs":["https:\/\/antderground.com\/","https:\/\/www.youtube.com\/channel\/UCio72z7TlbufkAthAJIJfPw"]}]}},"_links":{"self":[{"href":"https:\/\/antderground.com\/ca\/wp-json\/wp\/v2\/product\/8170","targetHints":{"allow":["GET"]}}],"collection":[{"href":"https:\/\/antderground.com\/ca\/wp-json\/wp\/v2\/product"}],"about":[{"href":"https:\/\/antderground.com\/ca\/wp-json\/wp\/v2\/types\/product"}],"version-history":[{"count":0,"href":"https:\/\/antderground.com\/ca\/wp-json\/wp\/v2\/product\/8170\/revisions"}],"wp:featuredmedia":[{"embeddable":true,"href":"https:\/\/antderground.com\/ca\/wp-json\/wp\/v2\/media\/14525"}],"wp:attachment":[{"href":"https:\/\/antderground.com\/ca\/wp-json\/wp\/v2\/media?parent=8170"}],"wp:term":[{"taxonomy":"product_brand","embeddable":true,"href":"https:\/\/antderground.com\/ca\/wp-json\/wp\/v2\/product_brand?post=8170"},{"taxonomy":"product_cat","embeddable":true,"href":"https:\/\/antderground.com\/ca\/wp-json\/wp\/v2\/product_cat?post=8170"},{"taxonomy":"product_tag","embeddable":true,"href":"https:\/\/antderground.com\/ca\/wp-json\/wp\/v2\/product_tag?post=8170"}],"curies":[{"name":"wp","href":"https:\/\/api.w.org\/{rel}","templated":true}]}}