{"id":8185,"date":"2020-04-09T22:29:16","date_gmt":"2020-04-09T20:29:16","guid":{"rendered":"https:\/\/www.antderground.com\/producto\/formiguer-vertical-bolet\/"},"modified":"2021-11-18T22:20:47","modified_gmt":"2021-11-18T21:20:47","slug":"formiguer-vertical-bolet","status":"publish","type":"product","link":"https:\/\/antderground.com\/ca\/producte\/formiguer-vertical-bolet\/","title":{"rendered":"Formiguer vertical bolet"},"content":{"rendered":"<p>FORMIGUER VERTICAL BOLET I HUMITAT PER EVAPORACI\u00d3<\/p>\n<p>Un formiguer nou, ja que \u00e9s el primer model vertical d&#8217;alta humitat del mercat.<\/p>\n<p>El formiguer vertical bolet, com el seu nom indica, t\u00e9 un bolet ubicada a la primera galeria del formiguer perqu\u00e8 les formigues puguin beure.<\/p>\n<p>Com sempre el bolet pot canviar-se sense necessitat d&#8217;obrir el formiguer.<\/p>\n<p>A la segona galeria, t\u00e9 una entrada d&#8217;humitat per evaporaci\u00f3 que puja del dip\u00f2sit fins a dalt per un canal interior.<\/p>\n<p>Les galeries estan dividides per una comporta corredissa per poder ampliar o reduir l&#8217;espai de el niu.<\/p>\n<p>\u00bfT\u00c9 VENTILACI\u00d3?<\/p>\n<p>Si, a la zona de farratge t\u00e9 ventilaci\u00f3 lateral i superior.<\/p>\n<p>Tamb\u00e9 t\u00e9 ventilaci\u00f3 en el niu, a la part superior, la qual es pot obrir o tancar segons la necessitat de cada moment<\/p>\n<p>VOLS UTILITZAR NOM\u00c9S EL SISTEMA D&#8217;EVAPORACI\u00d3?<\/p>\n<p>Si prefereixes fer-lo servir aix\u00ed, nom\u00e9s cal canviar una pe\u00e7a, que ve inclosa en el formiguer, que substitueix el bolet per una reixa.<\/p>\n<p>El dip\u00f2sit de l&#8217;aigua que alimenta el canal i el bolet, aquesta incl\u00f2s en el formiguer, i es pot omplir des de dalt, evitant molestar les formigues.<\/p>\n<p>Un formiguer vertical, imprescindible per a les esp\u00e8cies que necessiten bastant humitat, i amb un disseny modern i decoratiu.<\/p>\n","protected":false},"excerpt":{"rendered":"<p>FORMIGUER VERTICAL BOLET I HUMITAT PER EVAPORACI\u00d3 Un formiguer nou, ja que \u00e9s el primer model vertical d&#8217;alta humitat del<\/p>\n","protected":false},"featured_media":15153,"template":"","meta":[],"product_brand":[],"product_cat":[165,168],"product_tag":[182,188,178,179,181],"class_list":{"0":"post-8185","1":"product","2":"type-product","3":"status-publish","4":"has-post-thumbnail","6":"product_cat-formiguers","7":"product_cat-formiguers-verticals","8":"product_tag-bolet","9":"product_tag-formiguer-vertical","10":"product_tag-formiguer-vertical-bolet","11":"product_tag-formiguers-de-qualitat","12":"product_tag-messor-barbarus-ca","14":"first","15":"outofstock","16":"shipping-taxable","17":"purchasable","18":"product-type-simple"},"yoast_head":"<!-- This site is optimized with the Yoast SEO plugin v27.5 - https:\/\/yoast.com\/product\/yoast-seo-wordpress\/ -->\n<title>Formiguer vertical bolet - ANTDERGROUND<\/title>\n<meta name=\"description\" content=\"Hormiguero vertical bolet i evaporacion. \u00danic formiguer vertical bolet del mercat. Comprar formiguer. La teva botiga de formiguers barats i de qualitat.\" \/>\n<meta name=\"robots\" content=\"index, follow, max-snippet:-1, max-image-preview:large, max-video-preview:-1\" \/>\n<link rel=\"canonical\" href=\"https:\/\/antderground.com\/ca\/producte\/formiguer-vertical-bolet\/\" \/>\n<meta property=\"og:locale\" content=\"ca_ES\" \/>\n<meta property=\"og:type\" content=\"article\" \/>\n<meta property=\"og:title\" content=\"Formiguer vertical bolet - ANTDERGROUND\" \/>\n<meta property=\"og:description\" content=\"Hormiguero vertical bolet i evaporacion. \u00danic formiguer vertical bolet del mercat. Comprar formiguer. La teva botiga de formiguers barats i de qualitat.\" \/>\n<meta property=\"og:url\" content=\"https:\/\/antderground.com\/ca\/producte\/formiguer-vertical-bolet\/\" \/>\n<meta property=\"og:site_name\" content=\"ANTDERGROUND\" \/>\n<meta property=\"article:modified_time\" content=\"2021-11-18T21:20:47+00:00\" \/>\n<meta property=\"og:image\" content=\"https:\/\/antderground.com\/wp-content\/uploads\/2020\/04\/vertical-seta-1.jpg\" \/>\n\t<meta property=\"og:image:width\" content=\"591\" \/>\n\t<meta property=\"og:image:height\" content=\"601\" \/>\n\t<meta property=\"og:image:type\" content=\"image\/jpeg\" \/>\n<meta name=\"twitter:card\" content=\"summary_large_image\" \/>\n<meta name=\"twitter:label1\" content=\"Temps estimat de lectura\" \/>\n\t<meta name=\"twitter:data1\" content=\"1 minut\" \/>\n<script type=\"application\/ld+json\" class=\"yoast-schema-graph\">{\"@context\":\"https:\\\/\\\/schema.org\",\"@graph\":[{\"@type\":\"WebPage\",\"@id\":\"https:\\\/\\\/antderground.com\\\/ca\\\/producte\\\/formiguer-vertical-bolet\\\/\",\"url\":\"https:\\\/\\\/antderground.com\\\/ca\\\/producte\\\/formiguer-vertical-bolet\\\/\",\"name\":\"Formiguer vertical bolet - ANTDERGROUND\",\"isPartOf\":{\"@id\":\"https:\\\/\\\/antderground.com\\\/ca\\\/#website\"},\"primaryImageOfPage\":{\"@id\":\"https:\\\/\\\/antderground.com\\\/ca\\\/producte\\\/formiguer-vertical-bolet\\\/#primaryimage\"},\"image\":{\"@id\":\"https:\\\/\\\/antderground.com\\\/ca\\\/producte\\\/formiguer-vertical-bolet\\\/#primaryimage\"},\"thumbnailUrl\":\"https:\\\/\\\/antderground.com\\\/wp-content\\\/uploads\\\/2020\\\/04\\\/vertical-seta-1.jpg\",\"datePublished\":\"2020-04-09T20:29:16+00:00\",\"dateModified\":\"2021-11-18T21:20:47+00:00\",\"description\":\"Hormiguero vertical bolet i evaporacion. \u00danic formiguer vertical bolet del mercat. Comprar formiguer. La teva botiga de formiguers barats i de qualitat.\",\"breadcrumb\":{\"@id\":\"https:\\\/\\\/antderground.com\\\/ca\\\/producte\\\/formiguer-vertical-bolet\\\/#breadcrumb\"},\"inLanguage\":\"ca\",\"potentialAction\":[{\"@type\":\"ReadAction\",\"target\":[\"https:\\\/\\\/antderground.com\\\/ca\\\/producte\\\/formiguer-vertical-bolet\\\/\"]}]},{\"@type\":\"ImageObject\",\"inLanguage\":\"ca\",\"@id\":\"https:\\\/\\\/antderground.com\\\/ca\\\/producte\\\/formiguer-vertical-bolet\\\/#primaryimage\",\"url\":\"https:\\\/\\\/antderground.com\\\/wp-content\\\/uploads\\\/2020\\\/04\\\/vertical-seta-1.jpg\",\"contentUrl\":\"https:\\\/\\\/antderground.com\\\/wp-content\\\/uploads\\\/2020\\\/04\\\/vertical-seta-1.jpg\",\"width\":591,\"height\":601},{\"@type\":\"BreadcrumbList\",\"@id\":\"https:\\\/\\\/antderground.com\\\/ca\\\/producte\\\/formiguer-vertical-bolet\\\/#breadcrumb\",\"itemListElement\":[{\"@type\":\"ListItem\",\"position\":1,\"name\":\"Portada\",\"item\":\"https:\\\/\\\/antderground.com\\\/ca\\\/\"},{\"@type\":\"ListItem\",\"position\":2,\"name\":\"Productes\",\"item\":\"https:\\\/\\\/antderground.com\\\/ca\\\/productes\\\/\"},{\"@type\":\"ListItem\",\"position\":3,\"name\":\"Formiguer vertical bolet\"}]},{\"@type\":\"WebSite\",\"@id\":\"https:\\\/\\\/antderground.com\\\/ca\\\/#website\",\"url\":\"https:\\\/\\\/antderground.com\\\/ca\\\/\",\"name\":\"ANTDERGROUND\",\"description\":\"Tu tienda de hormigas, gran variedad de hormigueros acr\u00edlicos,madera,arena,3D y mas.. Pide tus hormigas gratis con tu pedido, somos expertos en hormigueros antifugas.\",\"publisher\":{\"@id\":\"https:\\\/\\\/antderground.com\\\/ca\\\/#\\\/schema\\\/person\\\/0e322c505e84fe72c65e2f6d08f96b81\"},\"alternateName\":\"Antderground\",\"potentialAction\":[{\"@type\":\"SearchAction\",\"target\":{\"@type\":\"EntryPoint\",\"urlTemplate\":\"https:\\\/\\\/antderground.com\\\/ca\\\/?s={search_term_string}\"},\"query-input\":{\"@type\":\"PropertyValueSpecification\",\"valueRequired\":true,\"valueName\":\"search_term_string\"}}],\"inLanguage\":\"ca\"},{\"@type\":[\"Person\",\"Organization\"],\"@id\":\"https:\\\/\\\/antderground.com\\\/ca\\\/#\\\/schema\\\/person\\\/0e322c505e84fe72c65e2f6d08f96b81\",\"name\":\"Eric de Antderground\",\"image\":{\"@type\":\"ImageObject\",\"inLanguage\":\"ca\",\"@id\":\"https:\\\/\\\/secure.gravatar.com\\\/avatar\\\/c49a1b9f79216d1498cb73c1e85cd47f4465dda35f2a94c03790d491bd4423c3?s=96&d=mm&r=g\",\"url\":\"https:\\\/\\\/secure.gravatar.com\\\/avatar\\\/c49a1b9f79216d1498cb73c1e85cd47f4465dda35f2a94c03790d491bd4423c3?s=96&d=mm&r=g\",\"contentUrl\":\"https:\\\/\\\/secure.gravatar.com\\\/avatar\\\/c49a1b9f79216d1498cb73c1e85cd47f4465dda35f2a94c03790d491bd4423c3?s=96&d=mm&r=g\",\"caption\":\"Eric de Antderground\"},\"logo\":{\"@id\":\"https:\\\/\\\/secure.gravatar.com\\\/avatar\\\/c49a1b9f79216d1498cb73c1e85cd47f4465dda35f2a94c03790d491bd4423c3?s=96&d=mm&r=g\"},\"description\":\"Eric es el especialista y fundador de Antderground, con una amplia trayectoria en artr\u00f3podos y enfocado en la mirmecolog\u00eda y el dise\u00f1o de hormigueros artificiales. Su enfoque combina la innovaci\u00f3n t\u00e9cnica con el respeto por la biolog\u00eda de las hormigas, is\u00f3podos y otros, desarrollando sistemas de nidos modulares 3D y acr\u00edlicos que son referentes para aficionados y profesionales en toda Europa. Su objetivo es facilitar la cr\u00eda de hormigas y otros artr\u00f3podos mediante soluciones seguras y divulgaci\u00f3n de calidad.\",\"sameAs\":[\"https:\\\/\\\/antderground.com\\\/\",\"https:\\\/\\\/www.youtube.com\\\/channel\\\/UCio72z7TlbufkAthAJIJfPw\"]}]}<\/script>\n<!-- \/ Yoast SEO plugin. -->","yoast_head_json":{"title":"Formiguer vertical bolet - ANTDERGROUND","description":"Hormiguero vertical bolet i evaporacion. \u00danic formiguer vertical bolet del mercat. Comprar formiguer. La teva botiga de formiguers barats i de qualitat.","robots":{"index":"index","follow":"follow","max-snippet":"max-snippet:-1","max-image-preview":"max-image-preview:large","max-video-preview":"max-video-preview:-1"},"canonical":"https:\/\/antderground.com\/ca\/producte\/formiguer-vertical-bolet\/","og_locale":"ca_ES","og_type":"article","og_title":"Formiguer vertical bolet - ANTDERGROUND","og_description":"Hormiguero vertical bolet i evaporacion. \u00danic formiguer vertical bolet del mercat. Comprar formiguer. La teva botiga de formiguers barats i de qualitat.","og_url":"https:\/\/antderground.com\/ca\/producte\/formiguer-vertical-bolet\/","og_site_name":"ANTDERGROUND","article_modified_time":"2021-11-18T21:20:47+00:00","og_image":[{"width":591,"height":601,"url":"https:\/\/antderground.com\/wp-content\/uploads\/2020\/04\/vertical-seta-1.jpg","type":"image\/jpeg"}],"twitter_card":"summary_large_image","twitter_misc":{"Temps estimat de lectura":"1 minut"},"schema":{"@context":"https:\/\/schema.org","@graph":[{"@type":"WebPage","@id":"https:\/\/antderground.com\/ca\/producte\/formiguer-vertical-bolet\/","url":"https:\/\/antderground.com\/ca\/producte\/formiguer-vertical-bolet\/","name":"Formiguer vertical bolet - ANTDERGROUND","isPartOf":{"@id":"https:\/\/antderground.com\/ca\/#website"},"primaryImageOfPage":{"@id":"https:\/\/antderground.com\/ca\/producte\/formiguer-vertical-bolet\/#primaryimage"},"image":{"@id":"https:\/\/antderground.com\/ca\/producte\/formiguer-vertical-bolet\/#primaryimage"},"thumbnailUrl":"https:\/\/antderground.com\/wp-content\/uploads\/2020\/04\/vertical-seta-1.jpg","datePublished":"2020-04-09T20:29:16+00:00","dateModified":"2021-11-18T21:20:47+00:00","description":"Hormiguero vertical bolet i evaporacion. \u00danic formiguer vertical bolet del mercat. Comprar formiguer. La teva botiga de formiguers barats i de qualitat.","breadcrumb":{"@id":"https:\/\/antderground.com\/ca\/producte\/formiguer-vertical-bolet\/#breadcrumb"},"inLanguage":"ca","potentialAction":[{"@type":"ReadAction","target":["https:\/\/antderground.com\/ca\/producte\/formiguer-vertical-bolet\/"]}]},{"@type":"ImageObject","inLanguage":"ca","@id":"https:\/\/antderground.com\/ca\/producte\/formiguer-vertical-bolet\/#primaryimage","url":"https:\/\/antderground.com\/wp-content\/uploads\/2020\/04\/vertical-seta-1.jpg","contentUrl":"https:\/\/antderground.com\/wp-content\/uploads\/2020\/04\/vertical-seta-1.jpg","width":591,"height":601},{"@type":"BreadcrumbList","@id":"https:\/\/antderground.com\/ca\/producte\/formiguer-vertical-bolet\/#breadcrumb","itemListElement":[{"@type":"ListItem","position":1,"name":"Portada","item":"https:\/\/antderground.com\/ca\/"},{"@type":"ListItem","position":2,"name":"Productes","item":"https:\/\/antderground.com\/ca\/productes\/"},{"@type":"ListItem","position":3,"name":"Formiguer vertical bolet"}]},{"@type":"WebSite","@id":"https:\/\/antderground.com\/ca\/#website","url":"https:\/\/antderground.com\/ca\/","name":"ANTDERGROUND","description":"Tu tienda de hormigas, gran variedad de hormigueros acr\u00edlicos,madera,arena,3D y mas.. Pide tus hormigas gratis con tu pedido, somos expertos en hormigueros antifugas.","publisher":{"@id":"https:\/\/antderground.com\/ca\/#\/schema\/person\/0e322c505e84fe72c65e2f6d08f96b81"},"alternateName":"Antderground","potentialAction":[{"@type":"SearchAction","target":{"@type":"EntryPoint","urlTemplate":"https:\/\/antderground.com\/ca\/?s={search_term_string}"},"query-input":{"@type":"PropertyValueSpecification","valueRequired":true,"valueName":"search_term_string"}}],"inLanguage":"ca"},{"@type":["Person","Organization"],"@id":"https:\/\/antderground.com\/ca\/#\/schema\/person\/0e322c505e84fe72c65e2f6d08f96b81","name":"Eric de Antderground","image":{"@type":"ImageObject","inLanguage":"ca","@id":"https:\/\/secure.gravatar.com\/avatar\/c49a1b9f79216d1498cb73c1e85cd47f4465dda35f2a94c03790d491bd4423c3?s=96&d=mm&r=g","url":"https:\/\/secure.gravatar.com\/avatar\/c49a1b9f79216d1498cb73c1e85cd47f4465dda35f2a94c03790d491bd4423c3?s=96&d=mm&r=g","contentUrl":"https:\/\/secure.gravatar.com\/avatar\/c49a1b9f79216d1498cb73c1e85cd47f4465dda35f2a94c03790d491bd4423c3?s=96&d=mm&r=g","caption":"Eric de Antderground"},"logo":{"@id":"https:\/\/secure.gravatar.com\/avatar\/c49a1b9f79216d1498cb73c1e85cd47f4465dda35f2a94c03790d491bd4423c3?s=96&d=mm&r=g"},"description":"Eric es el especialista y fundador de Antderground, con una amplia trayectoria en artr\u00f3podos y enfocado en la mirmecolog\u00eda y el dise\u00f1o de hormigueros artificiales. Su enfoque combina la innovaci\u00f3n t\u00e9cnica con el respeto por la biolog\u00eda de las hormigas, is\u00f3podos y otros, desarrollando sistemas de nidos modulares 3D y acr\u00edlicos que son referentes para aficionados y profesionales en toda Europa. Su objetivo es facilitar la cr\u00eda de hormigas y otros artr\u00f3podos mediante soluciones seguras y divulgaci\u00f3n de calidad.","sameAs":["https:\/\/antderground.com\/","https:\/\/www.youtube.com\/channel\/UCio72z7TlbufkAthAJIJfPw"]}]}},"_links":{"self":[{"href":"https:\/\/antderground.com\/ca\/wp-json\/wp\/v2\/product\/8185","targetHints":{"allow":["GET"]}}],"collection":[{"href":"https:\/\/antderground.com\/ca\/wp-json\/wp\/v2\/product"}],"about":[{"href":"https:\/\/antderground.com\/ca\/wp-json\/wp\/v2\/types\/product"}],"version-history":[{"count":0,"href":"https:\/\/antderground.com\/ca\/wp-json\/wp\/v2\/product\/8185\/revisions"}],"wp:featuredmedia":[{"embeddable":true,"href":"https:\/\/antderground.com\/ca\/wp-json\/wp\/v2\/media\/15153"}],"wp:attachment":[{"href":"https:\/\/antderground.com\/ca\/wp-json\/wp\/v2\/media?parent=8185"}],"wp:term":[{"taxonomy":"product_brand","embeddable":true,"href":"https:\/\/antderground.com\/ca\/wp-json\/wp\/v2\/product_brand?post=8185"},{"taxonomy":"product_cat","embeddable":true,"href":"https:\/\/antderground.com\/ca\/wp-json\/wp\/v2\/product_cat?post=8185"},{"taxonomy":"product_tag","embeddable":true,"href":"https:\/\/antderground.com\/ca\/wp-json\/wp\/v2\/product_tag?post=8185"}],"curies":[{"name":"wp","href":"https:\/\/api.w.org\/{rel}","templated":true}]}}