{"id":8207,"date":"2020-01-11T14:25:29","date_gmt":"2020-01-11T13:25:29","guid":{"rendered":"https:\/\/www.antderground.com\/producto\/formiguer-vertical-de-fusta\/"},"modified":"2022-12-06T19:31:28","modified_gmt":"2022-12-06T18:31:28","slug":"formiguer-vertical-de-fusta","status":"publish","type":"product","link":"https:\/\/antderground.com\/ca\/producte\/formiguer-vertical-de-fusta\/","title":{"rendered":"Formiguer vertical de fusta amb zona de farratge integrada"},"content":{"rendered":"<p>Formiguer vertical de fusta.<br \/>\n(Tapa vermella inclosa)<br \/>\nUn formiguer de antderground ideal per a esp\u00e8cies de formigues arbor\u00edcoles com per exemple:<br \/>\n(Crematogaster Scutellaris, Camponotus Barbaricus, Camponotus Herculeanus) etc&#8230;<\/p>\n<p>GALERIES EN FUSTA<\/p>\n<p>Les seves galeries estan dissenyades perqu\u00e8 tinguin espai suficient per a qualsevol tipus de formiga que vulguem tenir.<br \/>\nLes galeries de fusta estan integrades dins d&#8217;una &#8220;c\u00e0psula&#8221; de metacrilat per evitar fuites i poder oferir ventilaci\u00f3 per a les esp\u00e8cies que ho requereixin.<\/p>\n<p>el metacrilat que forma la c\u00e0psula de fusta \u00e9s de color blanc opac perqu\u00e8 no entri la llum a el niu.<\/p>\n<p>ABEURADOR<\/p>\n<p>L&#8217;abeurador consta d&#8217;un conector amb un tub apartat de la zona d&#8217;el niu ja que les esp\u00e8cies de formiga arboricola no necessiten molta humitat, i evitant que la fusta pateixi danys causats per l&#8217;aigua.<\/p>\n<p>El formiguer compta amb una \u00e0mplia zona de farratge perqu\u00e8 les formigues puguin menjar amb tranquil\u00b7litat i pugui ser decorada a gust de consumidor.<\/p>\n<p>T\u00e9 tamb\u00e9 ventilaci\u00f3 lateral i en la tapa de la zona de farratge, i una porta que fa d&#8217;entrada i sortida a l&#8217;formiguer per a possibles mudances o connexions a altres formiguers.<\/p>\n<p>En resum: el formiguer vertical de fusta per esp\u00e8cies arbor\u00edcoles, \u00e9s un formiguer funcional, de qualitat, i a un preu immillorable.<\/p>\n","protected":false},"excerpt":{"rendered":"<p>Formiguer vertical de fusta.<br \/>\n\u00c0mplia zona de farratge.<br \/>\nSistema d&#8217;abeurador per tub.<br \/>\nVentilaci\u00f3 tant en niu com a farratge.<\/p>\n","protected":false},"featured_media":27486,"template":"","meta":[],"product_brand":[],"product_cat":[165,168,450],"product_tag":[184,188,189],"class_list":{"0":"post-8207","1":"product","2":"type-product","3":"status-publish","4":"has-post-thumbnail","6":"product_cat-formiguers","7":"product_cat-formiguers-verticals","8":"product_cat-nadal","9":"product_tag-formiguer-de-fusta","10":"product_tag-formiguer-vertical","11":"product_tag-formiguer-vertical-de-fusta","13":"first","14":"instock","15":"shipping-taxable","16":"purchasable","17":"product-type-simple"},"yoast_head":"<!-- This site is optimized with the Yoast SEO plugin v27.3 - https:\/\/yoast.com\/product\/yoast-seo-wordpress\/ -->\n<title>Formiguer vertical de fusta - Antderground formiguers<\/title>\n<meta name=\"description\" content=\"Formiguer vertical de fusta. Formiguer de fusta amb disseny \u00fanic. Compra el formiguer vertical per formigues de poca humitat.\" \/>\n<meta name=\"robots\" content=\"index, follow, max-snippet:-1, max-image-preview:large, max-video-preview:-1\" \/>\n<link rel=\"canonical\" href=\"https:\/\/antderground.com\/ca\/producte\/formiguer-vertical-de-fusta\/\" \/>\n<meta property=\"og:locale\" content=\"ca_ES\" \/>\n<meta property=\"og:type\" content=\"article\" \/>\n<meta property=\"og:title\" content=\"Formiguer vertical de fusta - Antderground formiguers\" \/>\n<meta property=\"og:description\" content=\"Formiguer vertical de fusta. Formiguer de fusta amb disseny \u00fanic. Compra el formiguer vertical per formigues de poca humitat.\" \/>\n<meta property=\"og:url\" content=\"https:\/\/antderground.com\/ca\/producte\/formiguer-vertical-de-fusta\/\" \/>\n<meta property=\"og:site_name\" content=\"ANTDERGROUND\" \/>\n<meta property=\"article:modified_time\" content=\"2022-12-06T18:31:28+00:00\" \/>\n<meta property=\"og:image\" content=\"https:\/\/antderground.com\/wp-content\/uploads\/2020\/01\/oferta-bona-base.jpg\" \/>\n\t<meta property=\"og:image:width\" content=\"850\" \/>\n\t<meta property=\"og:image:height\" content=\"850\" \/>\n\t<meta property=\"og:image:type\" content=\"image\/jpeg\" \/>\n<meta name=\"twitter:card\" content=\"summary_large_image\" \/>\n<meta name=\"twitter:label1\" content=\"Temps estimat de lectura\" \/>\n\t<meta name=\"twitter:data1\" content=\"1 minut\" \/>\n<script type=\"application\/ld+json\" class=\"yoast-schema-graph\">{\"@context\":\"https:\\\/\\\/schema.org\",\"@graph\":[{\"@type\":\"WebPage\",\"@id\":\"https:\\\/\\\/antderground.com\\\/ca\\\/producte\\\/formiguer-vertical-de-fusta\\\/\",\"url\":\"https:\\\/\\\/antderground.com\\\/ca\\\/producte\\\/formiguer-vertical-de-fusta\\\/\",\"name\":\"Formiguer vertical de fusta - Antderground formiguers\",\"isPartOf\":{\"@id\":\"https:\\\/\\\/antderground.com\\\/ca\\\/#website\"},\"primaryImageOfPage\":{\"@id\":\"https:\\\/\\\/antderground.com\\\/ca\\\/producte\\\/formiguer-vertical-de-fusta\\\/#primaryimage\"},\"image\":{\"@id\":\"https:\\\/\\\/antderground.com\\\/ca\\\/producte\\\/formiguer-vertical-de-fusta\\\/#primaryimage\"},\"thumbnailUrl\":\"https:\\\/\\\/antderground.com\\\/wp-content\\\/uploads\\\/2020\\\/01\\\/formiguer-de-fusta-1-1.jpg\",\"datePublished\":\"2020-01-11T13:25:29+00:00\",\"dateModified\":\"2022-12-06T18:31:28+00:00\",\"description\":\"Formiguer vertical de fusta. Formiguer de fusta amb disseny \u00fanic. Compra el formiguer vertical per formigues de poca humitat.\",\"breadcrumb\":{\"@id\":\"https:\\\/\\\/antderground.com\\\/ca\\\/producte\\\/formiguer-vertical-de-fusta\\\/#breadcrumb\"},\"inLanguage\":\"ca\",\"potentialAction\":[{\"@type\":\"ReadAction\",\"target\":[\"https:\\\/\\\/antderground.com\\\/ca\\\/producte\\\/formiguer-vertical-de-fusta\\\/\"]}]},{\"@type\":\"ImageObject\",\"inLanguage\":\"ca\",\"@id\":\"https:\\\/\\\/antderground.com\\\/ca\\\/producte\\\/formiguer-vertical-de-fusta\\\/#primaryimage\",\"url\":\"https:\\\/\\\/antderground.com\\\/wp-content\\\/uploads\\\/2020\\\/01\\\/formiguer-de-fusta-1-1.jpg\",\"contentUrl\":\"https:\\\/\\\/antderground.com\\\/wp-content\\\/uploads\\\/2020\\\/01\\\/formiguer-de-fusta-1-1.jpg\",\"width\":591,\"height\":601},{\"@type\":\"BreadcrumbList\",\"@id\":\"https:\\\/\\\/antderground.com\\\/ca\\\/producte\\\/formiguer-vertical-de-fusta\\\/#breadcrumb\",\"itemListElement\":[{\"@type\":\"ListItem\",\"position\":1,\"name\":\"Portada\",\"item\":\"https:\\\/\\\/antderground.com\\\/ca\\\/\"},{\"@type\":\"ListItem\",\"position\":2,\"name\":\"Productes\",\"item\":\"https:\\\/\\\/antderground.com\\\/ca\\\/productes\\\/\"},{\"@type\":\"ListItem\",\"position\":3,\"name\":\"Formiguer vertical de fusta amb zona de farratge integrada\"}]},{\"@type\":\"WebSite\",\"@id\":\"https:\\\/\\\/antderground.com\\\/ca\\\/#website\",\"url\":\"https:\\\/\\\/antderground.com\\\/ca\\\/\",\"name\":\"ANTDERGROUND\",\"description\":\"Tu tienda de hormigas, gran variedad de hormigueros acr\u00edlicos,madera,arena,3D y mas.. Pide tus hormigas gratis con tu pedido, somos expertos en hormigueros antifugas.\",\"publisher\":{\"@id\":\"https:\\\/\\\/antderground.com\\\/ca\\\/#\\\/schema\\\/person\\\/0e322c505e84fe72c65e2f6d08f96b81\"},\"alternateName\":\"Antderground\",\"potentialAction\":[{\"@type\":\"SearchAction\",\"target\":{\"@type\":\"EntryPoint\",\"urlTemplate\":\"https:\\\/\\\/antderground.com\\\/ca\\\/?s={search_term_string}\"},\"query-input\":{\"@type\":\"PropertyValueSpecification\",\"valueRequired\":true,\"valueName\":\"search_term_string\"}}],\"inLanguage\":\"ca\"},{\"@type\":[\"Person\",\"Organization\"],\"@id\":\"https:\\\/\\\/antderground.com\\\/ca\\\/#\\\/schema\\\/person\\\/0e322c505e84fe72c65e2f6d08f96b81\",\"name\":\"Eric de Antderground\",\"image\":{\"@type\":\"ImageObject\",\"inLanguage\":\"ca\",\"@id\":\"https:\\\/\\\/secure.gravatar.com\\\/avatar\\\/c49a1b9f79216d1498cb73c1e85cd47f4465dda35f2a94c03790d491bd4423c3?s=96&d=mm&r=g\",\"url\":\"https:\\\/\\\/secure.gravatar.com\\\/avatar\\\/c49a1b9f79216d1498cb73c1e85cd47f4465dda35f2a94c03790d491bd4423c3?s=96&d=mm&r=g\",\"contentUrl\":\"https:\\\/\\\/secure.gravatar.com\\\/avatar\\\/c49a1b9f79216d1498cb73c1e85cd47f4465dda35f2a94c03790d491bd4423c3?s=96&d=mm&r=g\",\"caption\":\"Eric de Antderground\"},\"logo\":{\"@id\":\"https:\\\/\\\/secure.gravatar.com\\\/avatar\\\/c49a1b9f79216d1498cb73c1e85cd47f4465dda35f2a94c03790d491bd4423c3?s=96&d=mm&r=g\"},\"description\":\"Eric es el especialista y fundador de Antderground, con una amplia trayectoria en artr\u00f3podos y enfocado en la mirmecolog\u00eda y el dise\u00f1o de hormigueros artificiales. Su enfoque combina la innovaci\u00f3n t\u00e9cnica con el respeto por la biolog\u00eda de las hormigas, is\u00f3podos y otros, desarrollando sistemas de nidos modulares 3D y acr\u00edlicos que son referentes para aficionados y profesionales en toda Europa. Su objetivo es facilitar la cr\u00eda de hormigas y otros artr\u00f3podos mediante soluciones seguras y divulgaci\u00f3n de calidad.\",\"sameAs\":[\"https:\\\/\\\/antderground.com\\\/\",\"https:\\\/\\\/www.youtube.com\\\/channel\\\/UCio72z7TlbufkAthAJIJfPw\"]}]}<\/script>\n<!-- \/ Yoast SEO plugin. -->","yoast_head_json":{"title":"Formiguer vertical de fusta - Antderground formiguers","description":"Formiguer vertical de fusta. Formiguer de fusta amb disseny \u00fanic. Compra el formiguer vertical per formigues de poca humitat.","robots":{"index":"index","follow":"follow","max-snippet":"max-snippet:-1","max-image-preview":"max-image-preview:large","max-video-preview":"max-video-preview:-1"},"canonical":"https:\/\/antderground.com\/ca\/producte\/formiguer-vertical-de-fusta\/","og_locale":"ca_ES","og_type":"article","og_title":"Formiguer vertical de fusta - Antderground formiguers","og_description":"Formiguer vertical de fusta. Formiguer de fusta amb disseny \u00fanic. Compra el formiguer vertical per formigues de poca humitat.","og_url":"https:\/\/antderground.com\/ca\/producte\/formiguer-vertical-de-fusta\/","og_site_name":"ANTDERGROUND","article_modified_time":"2022-12-06T18:31:28+00:00","og_image":[{"width":850,"height":850,"url":"https:\/\/antderground.com\/wp-content\/uploads\/2020\/01\/oferta-bona-base.jpg","type":"image\/jpeg"}],"twitter_card":"summary_large_image","twitter_misc":{"Temps estimat de lectura":"1 minut"},"schema":{"@context":"https:\/\/schema.org","@graph":[{"@type":"WebPage","@id":"https:\/\/antderground.com\/ca\/producte\/formiguer-vertical-de-fusta\/","url":"https:\/\/antderground.com\/ca\/producte\/formiguer-vertical-de-fusta\/","name":"Formiguer vertical de fusta - Antderground formiguers","isPartOf":{"@id":"https:\/\/antderground.com\/ca\/#website"},"primaryImageOfPage":{"@id":"https:\/\/antderground.com\/ca\/producte\/formiguer-vertical-de-fusta\/#primaryimage"},"image":{"@id":"https:\/\/antderground.com\/ca\/producte\/formiguer-vertical-de-fusta\/#primaryimage"},"thumbnailUrl":"https:\/\/antderground.com\/wp-content\/uploads\/2020\/01\/formiguer-de-fusta-1-1.jpg","datePublished":"2020-01-11T13:25:29+00:00","dateModified":"2022-12-06T18:31:28+00:00","description":"Formiguer vertical de fusta. Formiguer de fusta amb disseny \u00fanic. Compra el formiguer vertical per formigues de poca humitat.","breadcrumb":{"@id":"https:\/\/antderground.com\/ca\/producte\/formiguer-vertical-de-fusta\/#breadcrumb"},"inLanguage":"ca","potentialAction":[{"@type":"ReadAction","target":["https:\/\/antderground.com\/ca\/producte\/formiguer-vertical-de-fusta\/"]}]},{"@type":"ImageObject","inLanguage":"ca","@id":"https:\/\/antderground.com\/ca\/producte\/formiguer-vertical-de-fusta\/#primaryimage","url":"https:\/\/antderground.com\/wp-content\/uploads\/2020\/01\/formiguer-de-fusta-1-1.jpg","contentUrl":"https:\/\/antderground.com\/wp-content\/uploads\/2020\/01\/formiguer-de-fusta-1-1.jpg","width":591,"height":601},{"@type":"BreadcrumbList","@id":"https:\/\/antderground.com\/ca\/producte\/formiguer-vertical-de-fusta\/#breadcrumb","itemListElement":[{"@type":"ListItem","position":1,"name":"Portada","item":"https:\/\/antderground.com\/ca\/"},{"@type":"ListItem","position":2,"name":"Productes","item":"https:\/\/antderground.com\/ca\/productes\/"},{"@type":"ListItem","position":3,"name":"Formiguer vertical de fusta amb zona de farratge integrada"}]},{"@type":"WebSite","@id":"https:\/\/antderground.com\/ca\/#website","url":"https:\/\/antderground.com\/ca\/","name":"ANTDERGROUND","description":"Tu tienda de hormigas, gran variedad de hormigueros acr\u00edlicos,madera,arena,3D y mas.. Pide tus hormigas gratis con tu pedido, somos expertos en hormigueros antifugas.","publisher":{"@id":"https:\/\/antderground.com\/ca\/#\/schema\/person\/0e322c505e84fe72c65e2f6d08f96b81"},"alternateName":"Antderground","potentialAction":[{"@type":"SearchAction","target":{"@type":"EntryPoint","urlTemplate":"https:\/\/antderground.com\/ca\/?s={search_term_string}"},"query-input":{"@type":"PropertyValueSpecification","valueRequired":true,"valueName":"search_term_string"}}],"inLanguage":"ca"},{"@type":["Person","Organization"],"@id":"https:\/\/antderground.com\/ca\/#\/schema\/person\/0e322c505e84fe72c65e2f6d08f96b81","name":"Eric de Antderground","image":{"@type":"ImageObject","inLanguage":"ca","@id":"https:\/\/secure.gravatar.com\/avatar\/c49a1b9f79216d1498cb73c1e85cd47f4465dda35f2a94c03790d491bd4423c3?s=96&d=mm&r=g","url":"https:\/\/secure.gravatar.com\/avatar\/c49a1b9f79216d1498cb73c1e85cd47f4465dda35f2a94c03790d491bd4423c3?s=96&d=mm&r=g","contentUrl":"https:\/\/secure.gravatar.com\/avatar\/c49a1b9f79216d1498cb73c1e85cd47f4465dda35f2a94c03790d491bd4423c3?s=96&d=mm&r=g","caption":"Eric de Antderground"},"logo":{"@id":"https:\/\/secure.gravatar.com\/avatar\/c49a1b9f79216d1498cb73c1e85cd47f4465dda35f2a94c03790d491bd4423c3?s=96&d=mm&r=g"},"description":"Eric es el especialista y fundador de Antderground, con una amplia trayectoria en artr\u00f3podos y enfocado en la mirmecolog\u00eda y el dise\u00f1o de hormigueros artificiales. Su enfoque combina la innovaci\u00f3n t\u00e9cnica con el respeto por la biolog\u00eda de las hormigas, is\u00f3podos y otros, desarrollando sistemas de nidos modulares 3D y acr\u00edlicos que son referentes para aficionados y profesionales en toda Europa. Su objetivo es facilitar la cr\u00eda de hormigas y otros artr\u00f3podos mediante soluciones seguras y divulgaci\u00f3n de calidad.","sameAs":["https:\/\/antderground.com\/","https:\/\/www.youtube.com\/channel\/UCio72z7TlbufkAthAJIJfPw"]}]}},"_links":{"self":[{"href":"https:\/\/antderground.com\/ca\/wp-json\/wp\/v2\/product\/8207","targetHints":{"allow":["GET"]}}],"collection":[{"href":"https:\/\/antderground.com\/ca\/wp-json\/wp\/v2\/product"}],"about":[{"href":"https:\/\/antderground.com\/ca\/wp-json\/wp\/v2\/types\/product"}],"version-history":[{"count":0,"href":"https:\/\/antderground.com\/ca\/wp-json\/wp\/v2\/product\/8207\/revisions"}],"wp:featuredmedia":[{"embeddable":true,"href":"https:\/\/antderground.com\/ca\/wp-json\/wp\/v2\/media\/27486"}],"wp:attachment":[{"href":"https:\/\/antderground.com\/ca\/wp-json\/wp\/v2\/media?parent=8207"}],"wp:term":[{"taxonomy":"product_brand","embeddable":true,"href":"https:\/\/antderground.com\/ca\/wp-json\/wp\/v2\/product_brand?post=8207"},{"taxonomy":"product_cat","embeddable":true,"href":"https:\/\/antderground.com\/ca\/wp-json\/wp\/v2\/product_cat?post=8207"},{"taxonomy":"product_tag","embeddable":true,"href":"https:\/\/antderground.com\/ca\/wp-json\/wp\/v2\/product_tag?post=8207"}],"curies":[{"name":"wp","href":"https:\/\/api.w.org\/{rel}","templated":true}]}}