{"id":8227,"date":"2019-12-05T20:34:13","date_gmt":"2019-12-05T19:34:13","guid":{"rendered":"https:\/\/www.antderground.com\/producto\/rack-per-tubs-dassaig\/"},"modified":"2021-11-18T22:35:25","modified_gmt":"2021-11-18T21:35:25","slug":"rack-per-tubs-dassaig","status":"publish","type":"product","link":"https:\/\/antderground.com\/ca\/producte\/rack-per-tubs-dassaig\/","title":{"rendered":"Rack per tubs d&#8217;assaig"},"content":{"rendered":"<p>LA MILLOR MANERA DE TENIR LES FORMIGUES REINA<\/p>\n<p>Quantes vegades has guardat el tub amb la teva formiga reina en un calaix? i totes les vegades que has guardat 10 tubs amb formigues reina en un calaix?<\/p>\n<p>S&#8217;ha acabat de donar voltes innecess\u00e0ries a les formigues reina per tenir-les en un calaix o damunt d&#8217;una lleixa.<\/p>\n<p>Amb el rack per a tubs d&#8217;assaig de antderground, pots mantenir 10 tubs en perfecta estabilitat per a la seva cura.<\/p>\n<p>Aix\u00f2 fa que el rack sigui la millor forma de tenir les formigues reina, ja que a m\u00e9s, es poden controlar sense necessitat de treure el tub a l&#8217;\u00e9sser fabricat en material transparent.<\/p>\n<p>La millor manera de tenir formigues sense que els molesti la llum<br \/>\nA l&#8217;estar fabricat en metacrilat vermell, igual que les tapes dels formiguers, els protegeix de la llum perqu\u00e8 puguin estar el m\u00e9s relaxades possible.<\/p>\n<p>INNOVACI\u00d3 PER ALS AMANTS DEL M\u00d3N DE LES FORMIGUES<\/p>\n<p>En Antderground ens agrada innovar per poder millorar tant a nivell de hobby com a nivell professional, la cura i gaudi de les nostres formigues.<\/p>\n<p>\u00c9s per aix\u00f2 que la majoria dels nostres productes s\u00f3n pioners en el mercat, sempre testats i adaptats als consells dels nostres clients i experts.<\/p>\n","protected":false},"excerpt":{"rendered":"<p>LA MILLOR MANERA DE TENIR LES FORMIGUES REINA Quantes vegades has guardat el tub amb la teva formiga reina en<\/p>\n","protected":false},"featured_media":14205,"template":"","meta":[],"product_brand":[],"product_cat":[157,171],"product_tag":[],"class_list":{"0":"post-8227","1":"product","2":"type-product","3":"status-publish","4":"has-post-thumbnail","6":"product_cat-accessoris","7":"product_cat-rack-per-a-tubs-dassaig","9":"first","10":"instock","11":"shipping-taxable","12":"purchasable","13":"product-type-simple"},"yoast_head":"<!-- This site is optimized with the Yoast SEO plugin v27.4 - https:\/\/yoast.com\/product\/yoast-seo-wordpress\/ -->\n<title>Rack per tubs d&#039;assaig - Antderground Formiguers<\/title>\n<meta name=\"description\" content=\"La millor forma de tenir les teves formigues reina abans de passar a l&#039;formiguer. Rack per tubs d&#039;assaig ideal per les formigues.\" \/>\n<meta name=\"robots\" content=\"index, follow, max-snippet:-1, max-image-preview:large, max-video-preview:-1\" \/>\n<link rel=\"canonical\" href=\"https:\/\/antderground.com\/ca\/producte\/rack-per-tubs-dassaig\/\" \/>\n<meta property=\"og:locale\" content=\"ca_ES\" \/>\n<meta property=\"og:type\" content=\"article\" \/>\n<meta property=\"og:title\" content=\"Rack per tubs d&#039;assaig - Antderground Formiguers\" \/>\n<meta property=\"og:description\" content=\"La millor forma de tenir les teves formigues reina abans de passar a l&#039;formiguer. Rack per tubs d&#039;assaig ideal per les formigues.\" \/>\n<meta property=\"og:url\" content=\"https:\/\/antderground.com\/ca\/producte\/rack-per-tubs-dassaig\/\" \/>\n<meta property=\"og:site_name\" content=\"ANTDERGROUND\" \/>\n<meta property=\"article:modified_time\" content=\"2021-11-18T21:35:25+00:00\" \/>\n<meta property=\"og:image\" content=\"https:\/\/antderground.com\/wp-content\/uploads\/2019\/12\/rack-para-tubos-hormigas.jpg\" \/>\n\t<meta property=\"og:image:width\" content=\"591\" \/>\n\t<meta property=\"og:image:height\" content=\"601\" \/>\n\t<meta property=\"og:image:type\" content=\"image\/jpeg\" \/>\n<meta name=\"twitter:card\" content=\"summary_large_image\" \/>\n<meta name=\"twitter:label1\" content=\"Temps estimat de lectura\" \/>\n\t<meta name=\"twitter:data1\" content=\"1 minut\" \/>\n<script type=\"application\/ld+json\" class=\"yoast-schema-graph\">{\"@context\":\"https:\\\/\\\/schema.org\",\"@graph\":[{\"@type\":\"WebPage\",\"@id\":\"https:\\\/\\\/antderground.com\\\/ca\\\/producte\\\/rack-per-tubs-dassaig\\\/\",\"url\":\"https:\\\/\\\/antderground.com\\\/ca\\\/producte\\\/rack-per-tubs-dassaig\\\/\",\"name\":\"Rack per tubs d'assaig - Antderground Formiguers\",\"isPartOf\":{\"@id\":\"https:\\\/\\\/antderground.com\\\/ca\\\/#website\"},\"primaryImageOfPage\":{\"@id\":\"https:\\\/\\\/antderground.com\\\/ca\\\/producte\\\/rack-per-tubs-dassaig\\\/#primaryimage\"},\"image\":{\"@id\":\"https:\\\/\\\/antderground.com\\\/ca\\\/producte\\\/rack-per-tubs-dassaig\\\/#primaryimage\"},\"thumbnailUrl\":\"https:\\\/\\\/antderground.com\\\/wp-content\\\/uploads\\\/2019\\\/12\\\/rack-para-tubos-hormigas.jpg\",\"datePublished\":\"2019-12-05T19:34:13+00:00\",\"dateModified\":\"2021-11-18T21:35:25+00:00\",\"description\":\"La millor forma de tenir les teves formigues reina abans de passar a l'formiguer. Rack per tubs d'assaig ideal per les formigues.\",\"breadcrumb\":{\"@id\":\"https:\\\/\\\/antderground.com\\\/ca\\\/producte\\\/rack-per-tubs-dassaig\\\/#breadcrumb\"},\"inLanguage\":\"ca\",\"potentialAction\":[{\"@type\":\"ReadAction\",\"target\":[\"https:\\\/\\\/antderground.com\\\/ca\\\/producte\\\/rack-per-tubs-dassaig\\\/\"]}]},{\"@type\":\"ImageObject\",\"inLanguage\":\"ca\",\"@id\":\"https:\\\/\\\/antderground.com\\\/ca\\\/producte\\\/rack-per-tubs-dassaig\\\/#primaryimage\",\"url\":\"https:\\\/\\\/antderground.com\\\/wp-content\\\/uploads\\\/2019\\\/12\\\/rack-para-tubos-hormigas.jpg\",\"contentUrl\":\"https:\\\/\\\/antderground.com\\\/wp-content\\\/uploads\\\/2019\\\/12\\\/rack-para-tubos-hormigas.jpg\",\"width\":591,\"height\":601,\"caption\":\"formigues reines segures\"},{\"@type\":\"BreadcrumbList\",\"@id\":\"https:\\\/\\\/antderground.com\\\/ca\\\/producte\\\/rack-per-tubs-dassaig\\\/#breadcrumb\",\"itemListElement\":[{\"@type\":\"ListItem\",\"position\":1,\"name\":\"Portada\",\"item\":\"https:\\\/\\\/antderground.com\\\/ca\\\/\"},{\"@type\":\"ListItem\",\"position\":2,\"name\":\"Productes\",\"item\":\"https:\\\/\\\/antderground.com\\\/ca\\\/productes\\\/\"},{\"@type\":\"ListItem\",\"position\":3,\"name\":\"Rack per tubs d&#8217;assaig\"}]},{\"@type\":\"WebSite\",\"@id\":\"https:\\\/\\\/antderground.com\\\/ca\\\/#website\",\"url\":\"https:\\\/\\\/antderground.com\\\/ca\\\/\",\"name\":\"ANTDERGROUND\",\"description\":\"Tu tienda de hormigas, gran variedad de hormigueros acr\u00edlicos,madera,arena,3D y mas.. Pide tus hormigas gratis con tu pedido, somos expertos en hormigueros antifugas.\",\"publisher\":{\"@id\":\"https:\\\/\\\/antderground.com\\\/ca\\\/#\\\/schema\\\/person\\\/0e322c505e84fe72c65e2f6d08f96b81\"},\"alternateName\":\"Antderground\",\"potentialAction\":[{\"@type\":\"SearchAction\",\"target\":{\"@type\":\"EntryPoint\",\"urlTemplate\":\"https:\\\/\\\/antderground.com\\\/ca\\\/?s={search_term_string}\"},\"query-input\":{\"@type\":\"PropertyValueSpecification\",\"valueRequired\":true,\"valueName\":\"search_term_string\"}}],\"inLanguage\":\"ca\"},{\"@type\":[\"Person\",\"Organization\"],\"@id\":\"https:\\\/\\\/antderground.com\\\/ca\\\/#\\\/schema\\\/person\\\/0e322c505e84fe72c65e2f6d08f96b81\",\"name\":\"Eric de Antderground\",\"image\":{\"@type\":\"ImageObject\",\"inLanguage\":\"ca\",\"@id\":\"https:\\\/\\\/secure.gravatar.com\\\/avatar\\\/c49a1b9f79216d1498cb73c1e85cd47f4465dda35f2a94c03790d491bd4423c3?s=96&d=mm&r=g\",\"url\":\"https:\\\/\\\/secure.gravatar.com\\\/avatar\\\/c49a1b9f79216d1498cb73c1e85cd47f4465dda35f2a94c03790d491bd4423c3?s=96&d=mm&r=g\",\"contentUrl\":\"https:\\\/\\\/secure.gravatar.com\\\/avatar\\\/c49a1b9f79216d1498cb73c1e85cd47f4465dda35f2a94c03790d491bd4423c3?s=96&d=mm&r=g\",\"caption\":\"Eric de Antderground\"},\"logo\":{\"@id\":\"https:\\\/\\\/secure.gravatar.com\\\/avatar\\\/c49a1b9f79216d1498cb73c1e85cd47f4465dda35f2a94c03790d491bd4423c3?s=96&d=mm&r=g\"},\"description\":\"Eric es el especialista y fundador de Antderground, con una amplia trayectoria en artr\u00f3podos y enfocado en la mirmecolog\u00eda y el dise\u00f1o de hormigueros artificiales. Su enfoque combina la innovaci\u00f3n t\u00e9cnica con el respeto por la biolog\u00eda de las hormigas, is\u00f3podos y otros, desarrollando sistemas de nidos modulares 3D y acr\u00edlicos que son referentes para aficionados y profesionales en toda Europa. Su objetivo es facilitar la cr\u00eda de hormigas y otros artr\u00f3podos mediante soluciones seguras y divulgaci\u00f3n de calidad.\",\"sameAs\":[\"https:\\\/\\\/antderground.com\\\/\",\"https:\\\/\\\/www.youtube.com\\\/channel\\\/UCio72z7TlbufkAthAJIJfPw\"]}]}<\/script>\n<!-- \/ Yoast SEO plugin. -->","yoast_head_json":{"title":"Rack per tubs d'assaig - Antderground Formiguers","description":"La millor forma de tenir les teves formigues reina abans de passar a l'formiguer. Rack per tubs d'assaig ideal per les formigues.","robots":{"index":"index","follow":"follow","max-snippet":"max-snippet:-1","max-image-preview":"max-image-preview:large","max-video-preview":"max-video-preview:-1"},"canonical":"https:\/\/antderground.com\/ca\/producte\/rack-per-tubs-dassaig\/","og_locale":"ca_ES","og_type":"article","og_title":"Rack per tubs d'assaig - Antderground Formiguers","og_description":"La millor forma de tenir les teves formigues reina abans de passar a l'formiguer. Rack per tubs d'assaig ideal per les formigues.","og_url":"https:\/\/antderground.com\/ca\/producte\/rack-per-tubs-dassaig\/","og_site_name":"ANTDERGROUND","article_modified_time":"2021-11-18T21:35:25+00:00","og_image":[{"width":591,"height":601,"url":"https:\/\/antderground.com\/wp-content\/uploads\/2019\/12\/rack-para-tubos-hormigas.jpg","type":"image\/jpeg"}],"twitter_card":"summary_large_image","twitter_misc":{"Temps estimat de lectura":"1 minut"},"schema":{"@context":"https:\/\/schema.org","@graph":[{"@type":"WebPage","@id":"https:\/\/antderground.com\/ca\/producte\/rack-per-tubs-dassaig\/","url":"https:\/\/antderground.com\/ca\/producte\/rack-per-tubs-dassaig\/","name":"Rack per tubs d'assaig - Antderground Formiguers","isPartOf":{"@id":"https:\/\/antderground.com\/ca\/#website"},"primaryImageOfPage":{"@id":"https:\/\/antderground.com\/ca\/producte\/rack-per-tubs-dassaig\/#primaryimage"},"image":{"@id":"https:\/\/antderground.com\/ca\/producte\/rack-per-tubs-dassaig\/#primaryimage"},"thumbnailUrl":"https:\/\/antderground.com\/wp-content\/uploads\/2019\/12\/rack-para-tubos-hormigas.jpg","datePublished":"2019-12-05T19:34:13+00:00","dateModified":"2021-11-18T21:35:25+00:00","description":"La millor forma de tenir les teves formigues reina abans de passar a l'formiguer. Rack per tubs d'assaig ideal per les formigues.","breadcrumb":{"@id":"https:\/\/antderground.com\/ca\/producte\/rack-per-tubs-dassaig\/#breadcrumb"},"inLanguage":"ca","potentialAction":[{"@type":"ReadAction","target":["https:\/\/antderground.com\/ca\/producte\/rack-per-tubs-dassaig\/"]}]},{"@type":"ImageObject","inLanguage":"ca","@id":"https:\/\/antderground.com\/ca\/producte\/rack-per-tubs-dassaig\/#primaryimage","url":"https:\/\/antderground.com\/wp-content\/uploads\/2019\/12\/rack-para-tubos-hormigas.jpg","contentUrl":"https:\/\/antderground.com\/wp-content\/uploads\/2019\/12\/rack-para-tubos-hormigas.jpg","width":591,"height":601,"caption":"formigues reines segures"},{"@type":"BreadcrumbList","@id":"https:\/\/antderground.com\/ca\/producte\/rack-per-tubs-dassaig\/#breadcrumb","itemListElement":[{"@type":"ListItem","position":1,"name":"Portada","item":"https:\/\/antderground.com\/ca\/"},{"@type":"ListItem","position":2,"name":"Productes","item":"https:\/\/antderground.com\/ca\/productes\/"},{"@type":"ListItem","position":3,"name":"Rack per tubs d&#8217;assaig"}]},{"@type":"WebSite","@id":"https:\/\/antderground.com\/ca\/#website","url":"https:\/\/antderground.com\/ca\/","name":"ANTDERGROUND","description":"Tu tienda de hormigas, gran variedad de hormigueros acr\u00edlicos,madera,arena,3D y mas.. Pide tus hormigas gratis con tu pedido, somos expertos en hormigueros antifugas.","publisher":{"@id":"https:\/\/antderground.com\/ca\/#\/schema\/person\/0e322c505e84fe72c65e2f6d08f96b81"},"alternateName":"Antderground","potentialAction":[{"@type":"SearchAction","target":{"@type":"EntryPoint","urlTemplate":"https:\/\/antderground.com\/ca\/?s={search_term_string}"},"query-input":{"@type":"PropertyValueSpecification","valueRequired":true,"valueName":"search_term_string"}}],"inLanguage":"ca"},{"@type":["Person","Organization"],"@id":"https:\/\/antderground.com\/ca\/#\/schema\/person\/0e322c505e84fe72c65e2f6d08f96b81","name":"Eric de Antderground","image":{"@type":"ImageObject","inLanguage":"ca","@id":"https:\/\/secure.gravatar.com\/avatar\/c49a1b9f79216d1498cb73c1e85cd47f4465dda35f2a94c03790d491bd4423c3?s=96&d=mm&r=g","url":"https:\/\/secure.gravatar.com\/avatar\/c49a1b9f79216d1498cb73c1e85cd47f4465dda35f2a94c03790d491bd4423c3?s=96&d=mm&r=g","contentUrl":"https:\/\/secure.gravatar.com\/avatar\/c49a1b9f79216d1498cb73c1e85cd47f4465dda35f2a94c03790d491bd4423c3?s=96&d=mm&r=g","caption":"Eric de Antderground"},"logo":{"@id":"https:\/\/secure.gravatar.com\/avatar\/c49a1b9f79216d1498cb73c1e85cd47f4465dda35f2a94c03790d491bd4423c3?s=96&d=mm&r=g"},"description":"Eric es el especialista y fundador de Antderground, con una amplia trayectoria en artr\u00f3podos y enfocado en la mirmecolog\u00eda y el dise\u00f1o de hormigueros artificiales. Su enfoque combina la innovaci\u00f3n t\u00e9cnica con el respeto por la biolog\u00eda de las hormigas, is\u00f3podos y otros, desarrollando sistemas de nidos modulares 3D y acr\u00edlicos que son referentes para aficionados y profesionales en toda Europa. Su objetivo es facilitar la cr\u00eda de hormigas y otros artr\u00f3podos mediante soluciones seguras y divulgaci\u00f3n de calidad.","sameAs":["https:\/\/antderground.com\/","https:\/\/www.youtube.com\/channel\/UCio72z7TlbufkAthAJIJfPw"]}]}},"_links":{"self":[{"href":"https:\/\/antderground.com\/ca\/wp-json\/wp\/v2\/product\/8227","targetHints":{"allow":["GET"]}}],"collection":[{"href":"https:\/\/antderground.com\/ca\/wp-json\/wp\/v2\/product"}],"about":[{"href":"https:\/\/antderground.com\/ca\/wp-json\/wp\/v2\/types\/product"}],"version-history":[{"count":0,"href":"https:\/\/antderground.com\/ca\/wp-json\/wp\/v2\/product\/8227\/revisions"}],"wp:featuredmedia":[{"embeddable":true,"href":"https:\/\/antderground.com\/ca\/wp-json\/wp\/v2\/media\/14205"}],"wp:attachment":[{"href":"https:\/\/antderground.com\/ca\/wp-json\/wp\/v2\/media?parent=8227"}],"wp:term":[{"taxonomy":"product_brand","embeddable":true,"href":"https:\/\/antderground.com\/ca\/wp-json\/wp\/v2\/product_brand?post=8227"},{"taxonomy":"product_cat","embeddable":true,"href":"https:\/\/antderground.com\/ca\/wp-json\/wp\/v2\/product_cat?post=8227"},{"taxonomy":"product_tag","embeddable":true,"href":"https:\/\/antderground.com\/ca\/wp-json\/wp\/v2\/product_tag?post=8227"}],"curies":[{"name":"wp","href":"https:\/\/api.w.org\/{rel}","templated":true}]}}